{"id":2799,"date":"2023-12-06T11:42:04","date_gmt":"2023-12-06T04:42:04","guid":{"rendered":"https:\/\/amafurni.123websitedev.com\/san-pham\/ghe-van-phong-chan-xoay-ama-control-t-02\/"},"modified":"2025-11-12T14:10:43","modified_gmt":"2025-11-12T07:10:43","slug":"ghe-van-phong-chan-xoay-ama-control-t-02","status":"publish","type":"product","link":"https:\/\/amafurni.vn\/en\/product\/ghe-van-phong-chan-xoay-ama-control-t-02\/","title":{"rendered":"Gh\u1ebf V\u0103n Ph\u00f2ng Ch\u00e2n Xoay AMA-CONTROL-T 02"},"content":{"rendered":"<table border=\"1\" height=\"213\">\n<tbody><\/tbody>\n<tbody>\n<tr>\n<td><span><strong>Material<\/strong><\/span><\/td>\n<td><\/td>\n<td><span><strong>T\u00ednh N\u0103ng<\/strong><\/span><\/td>\n<td><span><strong>M\u00e0u S\u1eafc<\/strong><\/span><\/td>\n<td><span><strong>Xu\u1ea5t X\u1ee9<\/strong><\/span><\/td>\n<td><span><strong>B\u1ea3o h\u00e0nh<\/strong><\/span><\/td>\n<\/tr>\n<tr>\n<td>\n<p>-T\u1ef1a \u0110\u1ea7u : C\u1ed1 \u0111\u1ecbnh b\u1ecdc v\u1ea3i\/vynil<br \/>&#8211; T\u1ef1a l\u01b0ng gh\u1ebf : T\u1ef1a l\u01b0ng gh\u1ebf khung b\u1eb1ng nh\u1ef1a, b\u1ecdc v\u1ea3i\/vynil<\/p>\n<p><span>-N\u1ec7m : D\u00e0y 60mm \u0111\u1ed9 \u0111\u00e0n h\u1ed3i cao, b\u1ecdc v\u1ea3i\/vynil<\/span><\/p>\n<\/td>\n<td><\/td>\n<td>\n<p>T\u0103ng gi\u1ea3m chi\u1ec1u cao<\/p>\n<p><span>\u00a0xoay 360 \u0111\u1ed9<\/span><\/p>\n<\/td>\n<td>NH\u01af H\u00ccNH,\u00a0<\/td>\n<td>Nh\u1eadp Ngo\u1ea1i<\/td>\n<td>\n<p>. 12 th\u00e1ng k\u1ef9 thu\u1eadt<\/p>\n<\/td>\n<\/tr>\n<\/tbody>\n<\/table>","protected":false},"excerpt":{"rendered":"<p>Ch\u1ea5t Li\u1ec7u T\u00ednh N\u0103ng M\u00e0u S\u1eafc Xu\u1ea5t X\u1ee9 B\u1ea3o h\u00e0nh -T\u1ef1a \u0110\u1ea7u : C\u1ed1 \u0111\u1ecbnh b\u1ecdc v\u1ea3i\/vynil&#8211; T\u1ef1a l\u01b0ng gh\u1ebf : T\u1ef1a l\u01b0ng gh\u1ebf khung b\u1eb1ng nh\u1ef1a, b\u1ecdc v\u1ea3i\/vynil -N\u1ec7m : D\u00e0y 60mm \u0111\u1ed9 \u0111\u00e0n h\u1ed3i cao, b\u1ecdc v\u1ea3i\/vynil T\u0103ng gi\u1ea3m chi\u1ec1u cao \u00a0xoay 360 \u0111\u1ed9 NH\u01af H\u00ccNH,\u00a0 Nh\u1eadp Ngo\u1ea1i . 12 th\u00e1ng k\u1ef9 thu\u1eadt<\/p>","protected":false},"featured_media":2800,"comment_status":"open","ping_status":"closed","template":"","meta":[],"product_cat":[59,70],"product_tag":[],"yoast_head":"<!-- This site is optimized with the Yoast SEO Premium plugin v21.7 (Yoast SEO v21.7) - https:\/\/yoast.com\/wordpress\/plugins\/seo\/ -->\n<title>Gh\u1ebf V\u0103n Ph\u00f2ng Ch\u00e2n Xoay AMA-CONTROL-T 02 - AMAFURNI<\/title>\n<meta name=\"robots\" content=\"index, follow, max-snippet:-1, max-image-preview:large, max-video-preview:-1\" \/>\n<link rel=\"canonical\" href=\"https:\/\/amafurni.vn\/en\/product\/ghe-van-phong-chan-xoay-ama-control-t-02\/\" \/>\n<meta property=\"og:locale\" content=\"en_US\" \/>\n<meta property=\"og:type\" content=\"article\" \/>\n<meta property=\"og:title\" content=\"Gh\u1ebf V\u0103n Ph\u00f2ng Ch\u00e2n Xoay AMA-CONTROL-T 02\" \/>\n<meta property=\"og:description\" content=\"Ch\u1ea5t Li\u1ec7u T\u00ednh N\u0103ng M\u00e0u S\u1eafc Xu\u1ea5t X\u1ee9 B\u1ea3o h\u00e0nh -T\u1ef1a \u0110\u1ea7u : C\u1ed1 \u0111\u1ecbnh b\u1ecdc v\u1ea3i\/vynil&#8211; T\u1ef1a l\u01b0ng gh\u1ebf : T\u1ef1a l\u01b0ng gh\u1ebf khung b\u1eb1ng nh\u1ef1a, b\u1ecdc v\u1ea3i\/vynil -N\u1ec7m : D\u00e0y 60mm \u0111\u1ed9 \u0111\u00e0n h\u1ed3i cao, b\u1ecdc v\u1ea3i\/vynil T\u0103ng gi\u1ea3m chi\u1ec1u cao \u00a0xoay 360 \u0111\u1ed9 NH\u01af H\u00ccNH,\u00a0 Nh\u1eadp Ngo\u1ea1i . 12 th\u00e1ng k\u1ef9 thu\u1eadt\" \/>\n<meta property=\"og:url\" content=\"https:\/\/amafurni.vn\/en\/product\/ghe-van-phong-chan-xoay-ama-control-t-02\/\" \/>\n<meta property=\"og:site_name\" content=\"AMAFURNI\" \/>\n<meta property=\"article:modified_time\" content=\"2025-11-12T07:10:43+00:00\" \/>\n<meta property=\"og:image\" content=\"https:\/\/amafurni.vn\/wp-content\/uploads\/2023\/12\/ghe-van-phong-chan-xoay-ama-control-t-02_656ffb9c4aeb8.jpeg\" \/>\n\t<meta property=\"og:image:width\" content=\"800\" \/>\n\t<meta property=\"og:image:height\" content=\"800\" \/>\n\t<meta property=\"og:image:type\" content=\"image\/jpeg\" \/>\n<meta name=\"twitter:card\" content=\"summary_large_image\" \/>\n<script type=\"application\/ld+json\" class=\"yoast-schema-graph\">{\"@context\":\"https:\/\/schema.org\",\"@graph\":[{\"@type\":\"WebPage\",\"@id\":\"https:\/\/amafurni.vn\/san-pham\/ghe-van-phong-chan-xoay-ama-control-t-02\/\",\"url\":\"https:\/\/amafurni.vn\/san-pham\/ghe-van-phong-chan-xoay-ama-control-t-02\/\",\"name\":\"Gh\u1ebf V\u0103n Ph\u00f2ng Ch\u00e2n Xoay AMA-CONTROL-T 02 - AMAFURNI\",\"isPartOf\":{\"@id\":\"https:\/\/amafurni.vn\/#website\"},\"datePublished\":\"2023-12-06T04:42:04+00:00\",\"dateModified\":\"2025-11-12T07:10:43+00:00\",\"breadcrumb\":{\"@id\":\"https:\/\/amafurni.vn\/san-pham\/ghe-van-phong-chan-xoay-ama-control-t-02\/#breadcrumb\"},\"inLanguage\":\"en-US\",\"potentialAction\":[{\"@type\":\"ReadAction\",\"target\":[\"https:\/\/amafurni.vn\/san-pham\/ghe-van-phong-chan-xoay-ama-control-t-02\/\"]}]},{\"@type\":\"BreadcrumbList\",\"@id\":\"https:\/\/amafurni.vn\/san-pham\/ghe-van-phong-chan-xoay-ama-control-t-02\/#breadcrumb\",\"itemListElement\":[{\"@type\":\"ListItem\",\"position\":1,\"name\":\"Trang ch\u1ee7\",\"item\":\"https:\/\/amafurni.vn\/\"},{\"@type\":\"ListItem\",\"position\":2,\"name\":\"S\u1ea3n ph\u1ea9m\",\"item\":\"https:\/\/amafurni.vn\/san-pham\/\"},{\"@type\":\"ListItem\",\"position\":3,\"name\":\"Gh\u1ebf V\u0103n Ph\u00f2ng Ch\u00e2n Xoay AMA-CONTROL-T 02\"}]},{\"@type\":\"WebSite\",\"@id\":\"https:\/\/amafurni.vn\/#website\",\"url\":\"https:\/\/amafurni.vn\/\",\"name\":\"AMAFURNI\",\"description\":\"\",\"potentialAction\":[{\"@type\":\"SearchAction\",\"target\":{\"@type\":\"EntryPoint\",\"urlTemplate\":\"https:\/\/amafurni.vn\/?s={search_term_string}\"},\"query-input\":\"required name=search_term_string\"}],\"inLanguage\":\"en-US\"}]}<\/script>\n<!-- \/ Yoast SEO Premium plugin. -->","yoast_head_json":{"title":"Gh\u1ebf V\u0103n Ph\u00f2ng Ch\u00e2n Xoay AMA-CONTROL-T 02 - AMAFURNI","robots":{"index":"index","follow":"follow","max-snippet":"max-snippet:-1","max-image-preview":"max-image-preview:large","max-video-preview":"max-video-preview:-1"},"canonical":"https:\/\/amafurni.vn\/en\/product\/ghe-van-phong-chan-xoay-ama-control-t-02\/","og_locale":"en_US","og_type":"article","og_title":"Gh\u1ebf V\u0103n Ph\u00f2ng Ch\u00e2n Xoay AMA-CONTROL-T 02","og_description":"Ch\u1ea5t Li\u1ec7u T\u00ednh N\u0103ng M\u00e0u S\u1eafc Xu\u1ea5t X\u1ee9 B\u1ea3o h\u00e0nh -T\u1ef1a \u0110\u1ea7u : C\u1ed1 \u0111\u1ecbnh b\u1ecdc v\u1ea3i\/vynil&#8211; T\u1ef1a l\u01b0ng gh\u1ebf : T\u1ef1a l\u01b0ng gh\u1ebf khung b\u1eb1ng nh\u1ef1a, b\u1ecdc v\u1ea3i\/vynil -N\u1ec7m : D\u00e0y 60mm \u0111\u1ed9 \u0111\u00e0n h\u1ed3i cao, b\u1ecdc v\u1ea3i\/vynil T\u0103ng gi\u1ea3m chi\u1ec1u cao \u00a0xoay 360 \u0111\u1ed9 NH\u01af H\u00ccNH,\u00a0 Nh\u1eadp Ngo\u1ea1i . 12 th\u00e1ng k\u1ef9 thu\u1eadt","og_url":"https:\/\/amafurni.vn\/en\/product\/ghe-van-phong-chan-xoay-ama-control-t-02\/","og_site_name":"AMAFURNI","article_modified_time":"2025-11-12T07:10:43+00:00","og_image":[{"width":800,"height":800,"url":"https:\/\/amafurni.vn\/wp-content\/uploads\/2023\/12\/ghe-van-phong-chan-xoay-ama-control-t-02_656ffb9c4aeb8.jpeg","type":"image\/jpeg"}],"twitter_card":"summary_large_image","schema":{"@context":"https:\/\/schema.org","@graph":[{"@type":"WebPage","@id":"https:\/\/amafurni.vn\/san-pham\/ghe-van-phong-chan-xoay-ama-control-t-02\/","url":"https:\/\/amafurni.vn\/san-pham\/ghe-van-phong-chan-xoay-ama-control-t-02\/","name":"Gh\u1ebf V\u0103n Ph\u00f2ng Ch\u00e2n Xoay AMA-CONTROL-T 02 - AMAFURNI","isPartOf":{"@id":"https:\/\/amafurni.vn\/#website"},"datePublished":"2023-12-06T04:42:04+00:00","dateModified":"2025-11-12T07:10:43+00:00","breadcrumb":{"@id":"https:\/\/amafurni.vn\/san-pham\/ghe-van-phong-chan-xoay-ama-control-t-02\/#breadcrumb"},"inLanguage":"en-US","potentialAction":[{"@type":"ReadAction","target":["https:\/\/amafurni.vn\/san-pham\/ghe-van-phong-chan-xoay-ama-control-t-02\/"]}]},{"@type":"BreadcrumbList","@id":"https:\/\/amafurni.vn\/san-pham\/ghe-van-phong-chan-xoay-ama-control-t-02\/#breadcrumb","itemListElement":[{"@type":"ListItem","position":1,"name":"Trang ch\u1ee7","item":"https:\/\/amafurni.vn\/"},{"@type":"ListItem","position":2,"name":"S\u1ea3n ph\u1ea9m","item":"https:\/\/amafurni.vn\/san-pham\/"},{"@type":"ListItem","position":3,"name":"Gh\u1ebf V\u0103n Ph\u00f2ng Ch\u00e2n Xoay AMA-CONTROL-T 02"}]},{"@type":"WebSite","@id":"https:\/\/amafurni.vn\/#website","url":"https:\/\/amafurni.vn\/","name":"AMAFURNI","description":"","potentialAction":[{"@type":"SearchAction","target":{"@type":"EntryPoint","urlTemplate":"https:\/\/amafurni.vn\/?s={search_term_string}"},"query-input":"required name=search_term_string"}],"inLanguage":"en-US"}]}},"_links":{"self":[{"href":"https:\/\/amafurni.vn\/en\/wp-json\/wp\/v2\/product\/2799"}],"collection":[{"href":"https:\/\/amafurni.vn\/en\/wp-json\/wp\/v2\/product"}],"about":[{"href":"https:\/\/amafurni.vn\/en\/wp-json\/wp\/v2\/types\/product"}],"replies":[{"embeddable":true,"href":"https:\/\/amafurni.vn\/en\/wp-json\/wp\/v2\/comments?post=2799"}],"wp:featuredmedia":[{"embeddable":true,"href":"https:\/\/amafurni.vn\/en\/wp-json\/wp\/v2\/media\/2800"}],"wp:attachment":[{"href":"https:\/\/amafurni.vn\/en\/wp-json\/wp\/v2\/media?parent=2799"}],"wp:term":[{"taxonomy":"product_cat","embeddable":true,"href":"https:\/\/amafurni.vn\/en\/wp-json\/wp\/v2\/product_cat?post=2799"},{"taxonomy":"product_tag","embeddable":true,"href":"https:\/\/amafurni.vn\/en\/wp-json\/wp\/v2\/product_tag?post=2799"}],"curies":[{"name":"wp","href":"https:\/\/api.w.org\/{rel}","templated":true}]}}