{"id":2885,"date":"2023-12-06T11:47:18","date_gmt":"2023-12-06T04:47:18","guid":{"rendered":"https:\/\/amafurni.123websitedev.com\/san-pham\/ghe-van-phong-chan-xoay-cao-cap-ama-raina-mesh\/"},"modified":"2025-11-12T14:10:47","modified_gmt":"2025-11-12T07:10:47","slug":"ghe-van-phong-chan-xoay-cao-cap-ama-raina-mesh","status":"publish","type":"product","link":"https:\/\/amafurni.vn\/en\/product\/ghe-van-phong-chan-xoay-cao-cap-ama-raina-mesh\/","title":{"rendered":"Gh\u1ebf AMA-RAINA MESH"},"content":{"rendered":"<table class=\"woocommerce-product-attributes shop_attributes\" style=\"width: 98.4637%;height: 244px\" width=\"929\">\n<tbody>\n<tr class=\"woocommerce-product-attributes-item woocommerce-product-attributes-item--attribute_season\" style=\"height: 48px\">\n<th class=\"woocommerce-product-attributes-item__label\" style=\"width: 8.3871%;height: 48px\">Material<\/th>\n<td class=\"woocommerce-product-attributes-item__value\" style=\"width: 86.1869%;height: 48px\">T\u1ef1a l\u01b0ng gh\u1ebf b\u1ecdc l\u01b0\u1edbi m\u1ec1m. L\u00e0m b\u1eb1ng nh\u1ef1a \u0111\u00e0n h\u1ed3i d\u1ebbo h\u1ed7 tr\u1ee3 s\u1ed1ng l\u01b0ng. N\u1ec7m: B\u1ecdc v\u1ea3i l\u01b0\u1edbi, c\u00f3 l\u1edbp l\u00f2 xo h\u00ecnh xo\u1eafn \u1ed1c b\u00ean d\u01b0\u1edbi. Phu\u1ed9c: M\u00e0u \u0111en. Ch\u00e2n gh\u1ebf b\u1eb1ng nh\u00f4m s\u01a1n t\u0129nh \u0111i\u1ec7n<\/td>\n<\/tr>\n<tr class=\"woocommerce-product-attributes-item woocommerce-product-attributes-item--attribute_pa_color\" style=\"height: 46px\">\n<th class=\"woocommerce-product-attributes-item__label\" style=\"width: 8.3871%;height: 46px\">M\u00e0u S\u1eafc<\/th>\n<td class=\"woocommerce-product-attributes-item__value\" style=\"width: 86.1869%;height: 46px\">Tu\u1ef3 ch\u1ecdn theo y\u00eau c\u1ea7u.<\/td>\n<\/tr>\n<tr class=\"woocommerce-product-attributes-item woocommerce-product-attributes-item--attribute_style\" style=\"height: 48px\">\n<th class=\"woocommerce-product-attributes-item__label\" style=\"width: 8.3871%;height: 48px\">Size<\/th>\n<td class=\"woocommerce-product-attributes-item__value\" style=\"width: 86.1869%;height: 48px\"><\/td>\n<\/tr>\n<tr class=\"woocommerce-product-attributes-item woocommerce-product-attributes-item--attribute_pa_material\" style=\"height: 58px\">\n<th class=\"woocommerce-product-attributes-item__label\" style=\"width: 8.3871%;height: 58px\">T\u00ednh N\u0103ng<\/th>\n<td class=\"woocommerce-product-attributes-item__value\" style=\"width: 86.1869%;height: 58px\">Xoay 360 \u0111\u1ed9. T\u0103ng gi\u1ea3m chi\u1ec1u cao<\/td>\n<\/tr>\n<tr class=\"woocommerce-product-attributes-item woocommerce-product-attributes-item--attribute_item-code\" style=\"height: 44px\">\n<th class=\"woocommerce-product-attributes-item__label\" style=\"width: 8.3871%;height: 44px\">B\u1ea3o H\u00e0nh<\/th>\n<td class=\"woocommerce-product-attributes-item__value\" style=\"width: 86.1869%;height: 44px\">3 n\u0103m<\/td>\n<\/tr>\n<\/tbody>\n<\/table>","protected":false},"excerpt":{"rendered":"<div class=\"linedetail\">1. T\u1ef1a \u0110\u1ea7u: Kh\u00f4ng c\u00f3 t\u1ef1a \u0111\u1ea7u<br \/>\n2. T\u1ef1a L\u01b0ng Gh\u1ebf: T\u1ef1a l\u01b0ng gh\u1ebf b\u1ecdc l\u01b0\u1edbi m\u1ec1m<br \/>\n3. H\u1ed7 Tr\u1ee3 C\u1ed9t S\u1ed1ng: L\u00e0m b\u1eb1ng nh\u1ef1a \u0111\u00e0n h\u1ed3i d\u1ebbo h\u1ed7 tr\u1ee3 s\u1ed1ng l\u01b0ng<br \/>\n4. N\u1ec7m: B\u1ecdc v\u1ea3i l\u01b0\u1edbi, c\u00f3 l\u1edbp l\u00f2 xo h\u00ecnh xo\u1eafn \u1ed1c b\u00ean d\u01b0\u1edbi<br \/>\n5. Tay Gh\u1ebf: Tay gh\u1ebf \u0111i\u1ec1u ch\u1ec9nh 2 chi\u1ec1u<br \/>\n6. B\u1ed9 \u0110i\u1ec1u Khi\u1ec3n: B\u1ed9 \u0111i\u1ec1u khi\u1ec3n c\u00f3 c\u00e1c t\u00ednh n\u0103ng: n\u00e2ng h\u1ea1 chi\u1ec1u cao, ch\u1ed1t ng\u1ea3 l\u01b0ng \u0111a \u0111i\u1ec3m, \u0111i\u1ec1u ch\u1ec9nh tr\u1ecdng l\u01b0\u1ee3ng theo ng\u01b0\u1eddi s\u1eed d\u1ee5ng, ch\u1ed1t kh\u00f3a an to\u00e0n, \u0111i\u1ec1u ch\u1ec9nh tr\u01b0\u1ee3t n\u1ec7m theo chi\u1ec1u cao ng\u01b0\u1eddi s\u1eed d\u1ee5ng<br \/>\n7. Phu\u1ed9c: M\u00e0u \u0111en, ti\u00eau chu\u1ea9n BIFMA D100 ch\u1ecbu t\u1ea3i tr\u1ecdng \u0111\u1ebfn 100kg<br \/>\n8. Ch\u00e2n Gh\u1ebf: Ch\u00e2n gh\u1ebf b\u1eb1ng nh\u00f4m s\u01a1n t\u0129nh \u0111i\u1ec7n x\u00e1m ho\u1eb7c \u0111en, ch\u1ecbu l\u1ef1c cao v\u1edbi \u0111\u01b0\u1eddng k\u00ednh v\u00f2ng ch\u00e2n 700mm r\u1ea5t v\u1eefng ch\u1eafc khi ng\u1ea3 l\u01b0ng<br \/>\n9. B\u00e1nh Xe: B\u00e1nh xe s\u1eed d\u1ee5ng b\u1ec1 m\u1eb7t s\u00e0n c\u1ee9ng phi 65mm<br \/>\n10. M\u00e0u L\u01b0ng:<br \/>\n11. M\u00e0u N\u1ec7m:<br \/>\n12. Xu\u1ea5t X\u1ee9: Malaysia<\/div>\n<div class=\"linedetail\"><\/div>","protected":false},"featured_media":2886,"comment_status":"open","ping_status":"closed","template":"","meta":[],"product_cat":[59,70],"product_tag":[124,125],"yoast_head":"<!-- This site is optimized with the Yoast SEO Premium plugin v21.7 (Yoast SEO v21.7) - https:\/\/yoast.com\/wordpress\/plugins\/seo\/ -->\n<title>Gh\u1ebf AMA-RAINA MESH - AMAFURNI<\/title>\n<meta name=\"description\" content=\"Hotline : 0969919449 - 0906963408 .AMA Furniture \u0111ang l\u00e0 Nh\u00e0 Ph\u00e2n Ph\u1ed1i c\u00e1c s\u1ea3n ph\u1ea9m : - N\u1ed9i Th\u1ea5t nh\u1eadp kh\u1ea9u : b\u00e0n gh\u1ebf v\u0103n ph\u00f2ng, n\u1ed9i th\u1ea5t gia \u0111\u00ecnh, S\u1ea3n xu\u1ea5t thi c\u00f4ng n\u1ed9i th\u1ea5t theo y\u00eau c\u1ea7u.- M\u00e1y l\u1ecdc n\u01b0\u1edbc Unilever PUREIT- \u0110\u1ed3 \u0111i\u1ec7n gia d\u1ee5ng TEFAL, PHILIPS\" \/>\n<meta name=\"robots\" content=\"index, follow, max-snippet:-1, max-image-preview:large, max-video-preview:-1\" \/>\n<link rel=\"canonical\" href=\"https:\/\/amafurni.vn\/en\/product\/ghe-van-phong-chan-xoay-cao-cap-ama-raina-mesh\/\" \/>\n<meta property=\"og:locale\" content=\"en_US\" \/>\n<meta property=\"og:type\" content=\"article\" \/>\n<meta property=\"og:title\" content=\"Gh\u1ebf AMA-RAINA MESH\" \/>\n<meta property=\"og:description\" content=\"Hotline : 0969919449 - 0906963408 .AMA Furniture \u0111ang l\u00e0 Nh\u00e0 Ph\u00e2n Ph\u1ed1i c\u00e1c s\u1ea3n ph\u1ea9m : - N\u1ed9i Th\u1ea5t nh\u1eadp kh\u1ea9u : b\u00e0n gh\u1ebf v\u0103n ph\u00f2ng, n\u1ed9i th\u1ea5t gia \u0111\u00ecnh, S\u1ea3n xu\u1ea5t thi c\u00f4ng n\u1ed9i th\u1ea5t theo y\u00eau c\u1ea7u.- M\u00e1y l\u1ecdc n\u01b0\u1edbc Unilever PUREIT- \u0110\u1ed3 \u0111i\u1ec7n gia d\u1ee5ng TEFAL, PHILIPS\" \/>\n<meta property=\"og:url\" content=\"https:\/\/amafurni.vn\/en\/product\/ghe-van-phong-chan-xoay-cao-cap-ama-raina-mesh\/\" \/>\n<meta property=\"og:site_name\" content=\"AMAFURNI\" \/>\n<meta property=\"article:modified_time\" content=\"2025-11-12T07:10:47+00:00\" \/>\n<meta property=\"og:image\" content=\"https:\/\/amafurni.vn\/wp-content\/uploads\/2023\/12\/ghe-van-phong-chan-xoay-cao-cap-ama-raina-mesh_656ffcd63c782.png\" \/>\n\t<meta property=\"og:image:width\" content=\"800\" \/>\n\t<meta property=\"og:image:height\" content=\"800\" \/>\n\t<meta property=\"og:image:type\" content=\"image\/png\" \/>\n<meta name=\"twitter:card\" content=\"summary_large_image\" \/>\n<meta name=\"twitter:label1\" content=\"Est. reading time\" \/>\n\t<meta name=\"twitter:data1\" content=\"1 minute\" \/>\n<script type=\"application\/ld+json\" class=\"yoast-schema-graph\">{\"@context\":\"https:\/\/schema.org\",\"@graph\":[{\"@type\":\"WebPage\",\"@id\":\"https:\/\/amafurni.vn\/san-pham\/ghe-van-phong-chan-xoay-cao-cap-ama-raina-mesh\/\",\"url\":\"https:\/\/amafurni.vn\/san-pham\/ghe-van-phong-chan-xoay-cao-cap-ama-raina-mesh\/\",\"name\":\"Gh\u1ebf AMA-RAINA MESH - AMAFURNI\",\"isPartOf\":{\"@id\":\"https:\/\/amafurni.vn\/#website\"},\"datePublished\":\"2023-12-06T04:47:18+00:00\",\"dateModified\":\"2025-11-12T07:10:47+00:00\",\"description\":\"Hotline : 0969919449 - 0906963408 .AMA Furniture \u0111ang l\u00e0 Nh\u00e0 Ph\u00e2n Ph\u1ed1i c\u00e1c s\u1ea3n ph\u1ea9m : - N\u1ed9i Th\u1ea5t nh\u1eadp kh\u1ea9u : b\u00e0n gh\u1ebf v\u0103n ph\u00f2ng, n\u1ed9i th\u1ea5t gia \u0111\u00ecnh, S\u1ea3n xu\u1ea5t thi c\u00f4ng n\u1ed9i th\u1ea5t theo y\u00eau c\u1ea7u.- M\u00e1y l\u1ecdc n\u01b0\u1edbc Unilever PUREIT- \u0110\u1ed3 \u0111i\u1ec7n gia d\u1ee5ng TEFAL, PHILIPS\",\"breadcrumb\":{\"@id\":\"https:\/\/amafurni.vn\/san-pham\/ghe-van-phong-chan-xoay-cao-cap-ama-raina-mesh\/#breadcrumb\"},\"inLanguage\":\"en-US\",\"potentialAction\":[{\"@type\":\"ReadAction\",\"target\":[\"https:\/\/amafurni.vn\/san-pham\/ghe-van-phong-chan-xoay-cao-cap-ama-raina-mesh\/\"]}]},{\"@type\":\"BreadcrumbList\",\"@id\":\"https:\/\/amafurni.vn\/san-pham\/ghe-van-phong-chan-xoay-cao-cap-ama-raina-mesh\/#breadcrumb\",\"itemListElement\":[{\"@type\":\"ListItem\",\"position\":1,\"name\":\"Trang ch\u1ee7\",\"item\":\"https:\/\/amafurni.vn\/\"},{\"@type\":\"ListItem\",\"position\":2,\"name\":\"S\u1ea3n ph\u1ea9m\",\"item\":\"https:\/\/amafurni.vn\/san-pham\/\"},{\"@type\":\"ListItem\",\"position\":3,\"name\":\"Gh\u1ebf AMA-RAINA MESH\"}]},{\"@type\":\"WebSite\",\"@id\":\"https:\/\/amafurni.vn\/#website\",\"url\":\"https:\/\/amafurni.vn\/\",\"name\":\"AMAFURNI\",\"description\":\"\",\"potentialAction\":[{\"@type\":\"SearchAction\",\"target\":{\"@type\":\"EntryPoint\",\"urlTemplate\":\"https:\/\/amafurni.vn\/?s={search_term_string}\"},\"query-input\":\"required name=search_term_string\"}],\"inLanguage\":\"en-US\"}]}<\/script>\n<!-- \/ Yoast SEO Premium plugin. -->","yoast_head_json":{"title":"Gh\u1ebf AMA-RAINA MESH - AMAFURNI","description":"Hotline : 0969919449 - 0906963408 .AMA Furniture \u0111ang l\u00e0 Nh\u00e0 Ph\u00e2n Ph\u1ed1i c\u00e1c s\u1ea3n ph\u1ea9m : - N\u1ed9i Th\u1ea5t nh\u1eadp kh\u1ea9u : b\u00e0n gh\u1ebf v\u0103n ph\u00f2ng, n\u1ed9i th\u1ea5t gia \u0111\u00ecnh, S\u1ea3n xu\u1ea5t thi c\u00f4ng n\u1ed9i th\u1ea5t theo y\u00eau c\u1ea7u.- M\u00e1y l\u1ecdc n\u01b0\u1edbc Unilever PUREIT- \u0110\u1ed3 \u0111i\u1ec7n gia d\u1ee5ng TEFAL, PHILIPS","robots":{"index":"index","follow":"follow","max-snippet":"max-snippet:-1","max-image-preview":"max-image-preview:large","max-video-preview":"max-video-preview:-1"},"canonical":"https:\/\/amafurni.vn\/en\/product\/ghe-van-phong-chan-xoay-cao-cap-ama-raina-mesh\/","og_locale":"en_US","og_type":"article","og_title":"Gh\u1ebf AMA-RAINA MESH","og_description":"Hotline : 0969919449 - 0906963408 .AMA Furniture \u0111ang l\u00e0 Nh\u00e0 Ph\u00e2n Ph\u1ed1i c\u00e1c s\u1ea3n ph\u1ea9m : - N\u1ed9i Th\u1ea5t nh\u1eadp kh\u1ea9u : b\u00e0n gh\u1ebf v\u0103n ph\u00f2ng, n\u1ed9i th\u1ea5t gia \u0111\u00ecnh, S\u1ea3n xu\u1ea5t thi c\u00f4ng n\u1ed9i th\u1ea5t theo y\u00eau c\u1ea7u.- M\u00e1y l\u1ecdc n\u01b0\u1edbc Unilever PUREIT- \u0110\u1ed3 \u0111i\u1ec7n gia d\u1ee5ng TEFAL, PHILIPS","og_url":"https:\/\/amafurni.vn\/en\/product\/ghe-van-phong-chan-xoay-cao-cap-ama-raina-mesh\/","og_site_name":"AMAFURNI","article_modified_time":"2025-11-12T07:10:47+00:00","og_image":[{"width":800,"height":800,"url":"https:\/\/amafurni.vn\/wp-content\/uploads\/2023\/12\/ghe-van-phong-chan-xoay-cao-cap-ama-raina-mesh_656ffcd63c782.png","type":"image\/png"}],"twitter_card":"summary_large_image","twitter_misc":{"Est. reading time":"1 minute"},"schema":{"@context":"https:\/\/schema.org","@graph":[{"@type":"WebPage","@id":"https:\/\/amafurni.vn\/san-pham\/ghe-van-phong-chan-xoay-cao-cap-ama-raina-mesh\/","url":"https:\/\/amafurni.vn\/san-pham\/ghe-van-phong-chan-xoay-cao-cap-ama-raina-mesh\/","name":"Gh\u1ebf AMA-RAINA MESH - AMAFURNI","isPartOf":{"@id":"https:\/\/amafurni.vn\/#website"},"datePublished":"2023-12-06T04:47:18+00:00","dateModified":"2025-11-12T07:10:47+00:00","description":"Hotline : 0969919449 - 0906963408 .AMA Furniture \u0111ang l\u00e0 Nh\u00e0 Ph\u00e2n Ph\u1ed1i c\u00e1c s\u1ea3n ph\u1ea9m : - N\u1ed9i Th\u1ea5t nh\u1eadp kh\u1ea9u : b\u00e0n gh\u1ebf v\u0103n ph\u00f2ng, n\u1ed9i th\u1ea5t gia \u0111\u00ecnh, S\u1ea3n xu\u1ea5t thi c\u00f4ng n\u1ed9i th\u1ea5t theo y\u00eau c\u1ea7u.- M\u00e1y l\u1ecdc n\u01b0\u1edbc Unilever PUREIT- \u0110\u1ed3 \u0111i\u1ec7n gia d\u1ee5ng TEFAL, PHILIPS","breadcrumb":{"@id":"https:\/\/amafurni.vn\/san-pham\/ghe-van-phong-chan-xoay-cao-cap-ama-raina-mesh\/#breadcrumb"},"inLanguage":"en-US","potentialAction":[{"@type":"ReadAction","target":["https:\/\/amafurni.vn\/san-pham\/ghe-van-phong-chan-xoay-cao-cap-ama-raina-mesh\/"]}]},{"@type":"BreadcrumbList","@id":"https:\/\/amafurni.vn\/san-pham\/ghe-van-phong-chan-xoay-cao-cap-ama-raina-mesh\/#breadcrumb","itemListElement":[{"@type":"ListItem","position":1,"name":"Trang ch\u1ee7","item":"https:\/\/amafurni.vn\/"},{"@type":"ListItem","position":2,"name":"S\u1ea3n ph\u1ea9m","item":"https:\/\/amafurni.vn\/san-pham\/"},{"@type":"ListItem","position":3,"name":"Gh\u1ebf AMA-RAINA MESH"}]},{"@type":"WebSite","@id":"https:\/\/amafurni.vn\/#website","url":"https:\/\/amafurni.vn\/","name":"AMAFURNI","description":"","potentialAction":[{"@type":"SearchAction","target":{"@type":"EntryPoint","urlTemplate":"https:\/\/amafurni.vn\/?s={search_term_string}"},"query-input":"required name=search_term_string"}],"inLanguage":"en-US"}]}},"_links":{"self":[{"href":"https:\/\/amafurni.vn\/en\/wp-json\/wp\/v2\/product\/2885"}],"collection":[{"href":"https:\/\/amafurni.vn\/en\/wp-json\/wp\/v2\/product"}],"about":[{"href":"https:\/\/amafurni.vn\/en\/wp-json\/wp\/v2\/types\/product"}],"replies":[{"embeddable":true,"href":"https:\/\/amafurni.vn\/en\/wp-json\/wp\/v2\/comments?post=2885"}],"wp:featuredmedia":[{"embeddable":true,"href":"https:\/\/amafurni.vn\/en\/wp-json\/wp\/v2\/media\/2886"}],"wp:attachment":[{"href":"https:\/\/amafurni.vn\/en\/wp-json\/wp\/v2\/media?parent=2885"}],"wp:term":[{"taxonomy":"product_cat","embeddable":true,"href":"https:\/\/amafurni.vn\/en\/wp-json\/wp\/v2\/product_cat?post=2885"},{"taxonomy":"product_tag","embeddable":true,"href":"https:\/\/amafurni.vn\/en\/wp-json\/wp\/v2\/product_tag?post=2885"}],"curies":[{"name":"wp","href":"https:\/\/api.w.org\/{rel}","templated":true}]}}