{"id":2920,"date":"2023-12-06T15:38:01","date_gmt":"2023-12-06T08:38:01","guid":{"rendered":"https:\/\/amafurni.123websitedev.com\/san-pham\/ghe-lam-viec-thu-gian-massage-02-diem-ama-hh001-u1-black\/"},"modified":"2026-03-14T16:50:23","modified_gmt":"2026-03-14T09:50:23","slug":"ghe-ama-hh001-u1","status":"publish","type":"product","link":"https:\/\/amafurni.vn\/en\/product\/ghe-ama-hh001-u1\/","title":{"rendered":"Gh\u1ebf l\u00e0m vi\u1ec7c AMA-HH001-U1"},"content":{"rendered":"<div id=\"tab-description\" class=\"tab-pane active bottom20\">\n<div id=\"tab-description\" class=\"tab-pane active bottom20\">\n<table class=\"woocommerce-product-attributes shop_attributes\" style=\"width: 94.0156%; height: 272px;\" width=\"929\">\n<tbody>\n<tr class=\"woocommerce-product-attributes-item woocommerce-product-attributes-item--attribute_season\" style=\"height: 24px;\">\n<th class=\"woocommerce-product-attributes-item__label\" style=\"height: 24px; width: 11.0158%;\"><span style=\"font-family: arial, helvetica, sans-serif;\">Material<\/span><\/th>\n<td class=\"woocommerce-product-attributes-item__value\" style=\"height: 24px; width: 82.19%;\"><span style=\"font-family: arial, helvetica, sans-serif;\">Da PVC, Tay nh\u1ef1a \u0111\u00fac \u1ed1p PVC, Ch\u00e2n nh\u1ef1a \u0111\u00fac, N\u1ec7m mousse D40<\/span><\/td>\n<\/tr>\n<tr class=\"woocommerce-product-attributes-item woocommerce-product-attributes-item--attribute_pa_color\" style=\"height: 24px;\">\n<th class=\"woocommerce-product-attributes-item__label\" style=\"height: 24px; width: 11.0158%;\"><span style=\"font-family: arial, helvetica, sans-serif;\">M\u00e0u S\u1eafc<\/span><\/th>\n<td class=\"woocommerce-product-attributes-item__value\" style=\"height: 24px; width: 82.19%;\"><span style=\"font-family: arial, helvetica, sans-serif;\">\u00a0\u0110en, N\u00e2u, Kem, H\u1ed3ng, Tr\u1eafng<\/span><\/td>\n<\/tr>\n<tr class=\"woocommerce-product-attributes-item woocommerce-product-attributes-item--attribute_style\" style=\"height: 24px;\">\n<th class=\"woocommerce-product-attributes-item__label\" style=\"height: 24px; width: 11.0158%;\"><span style=\"font-family: arial, helvetica, sans-serif;\">Size<\/span><\/th>\n<td class=\"woocommerce-product-attributes-item__value\" style=\"height: 24px; width: 82.19%;\"><span style=\"font-family: arial, helvetica, sans-serif;\">\u00a0550*580*(1100-1200)<\/span><\/td>\n<\/tr>\n<tr class=\"woocommerce-product-attributes-item woocommerce-product-attributes-item--attribute_pa_material\" style=\"height: 31px;\">\n<th class=\"woocommerce-product-attributes-item__label\" style=\"height: 31px; width: 11.0158%;\"><span style=\"font-family: arial, helvetica, sans-serif;\">T\u00ednh N\u0103ng<\/span><\/th>\n<td class=\"woocommerce-product-attributes-item__value\" style=\"height: 31px; width: 82.19%;\"><span style=\"font-family: arial, helvetica, sans-serif;\">\u00a0Ng\u1ea3 l\u01b0ng th\u01b0 gi\u00e3n 160 \u0111\u1ed9, C\u00f3 ch\u00e2n g\u00e1c n\u1eb1m, Rung massage 02 \u0111i\u1ec3m, Xoay 360 \u0111\u1ed9, T\u0103ng\/gi\u1ea3m chi\u1ec1u cao<\/span><\/td>\n<\/tr>\n<tr class=\"woocommerce-product-attributes-item woocommerce-product-attributes-item--attribute_item-code\" style=\"height: 24px;\">\n<th class=\"woocommerce-product-attributes-item__label\" style=\"height: 24px; width: 11.0158%;\"><span style=\"font-family: arial, helvetica, sans-serif;\">B\u1ea3o H\u00e0nh<\/span><\/th>\n<td class=\"woocommerce-product-attributes-item__value\" style=\"height: 24px; width: 82.19%;\"><span style=\"font-family: arial, helvetica, sans-serif;\">\u00a012 th\u00e1ng<\/span><\/td>\n<\/tr>\n<\/tbody>\n<\/table>\n<p><span style=\"color: #ff0000;\"><strong>XEM TH\u00caM CLIP TH\u1ef0C T\u1ebe:<\/strong><\/span><\/p>\n<p><iframe title=\"S\u1ef1 tr\u1edf l\u1ea1i ho\u00e0n h\u1ea3o , Gh\u1ebf gaming c\u00f3 MASSA | amafurni.vn #youtubeshorts\" width=\"422\" height=\"750\" src=\"https:\/\/www.youtube.com\/embed\/oKCLpsf9zgs?feature=oembed\" frameborder=\"0\" allow=\"accelerometer; autoplay; clipboard-write; encrypted-media; gyroscope; picture-in-picture; web-share\" referrerpolicy=\"strict-origin-when-cross-origin\" allowfullscreen><\/iframe><\/p>\n<\/div>\n<\/div>","protected":false},"excerpt":{"rendered":"<p>Gh\u1ebf l\u00e0m vi\u1ec7c AMA-HH001-U4 l\u00e0 d\u00f2ng s\u1ea3n ph\u1ea9m Gh\u1ebf Gaming, Gh\u1ebf l\u00e0m vi\u1ec7c hi\u1ec7n \u0111\u1ea1i v\u1edbi nhi\u1ec1u m\u00e0u s\u1eafc v\u00e0 t\u00ednh n\u0103ng \u0111\u1eb7c bi\u1ec7t gi\u00fap kho\u1ea3ng th\u1eddi gian ng\u1ed3i l\u00e0m vi\u1ec7c c\u1ee7a b\u1ea1n tr\u1edf n\u00ean th\u00fa v\u1ecb v\u00e0 tho\u1ea3i m\u00e1i.<\/p>\n<ul>\n<li>T\u00ednh n\u0103ng :\n<ul>\n<li>Ng\u1ea3 l\u01b0ng th\u01b0 gi\u00e3n 160 \u0111\u1ed9<\/li>\n<li>C\u00f3 ch\u00e2n g\u00e1c n\u1eb1m, K\u00e9o x\u1ebfp g\u1ecdn g\u00e0ng l\u00fac ng\u1ed3i s\u1eed d\u1ee5ng<\/li>\n<li>C\u00f3 c\u1ee5c rung massage \u00eam \u00e1i ph\u1ea7n d\u1ef1a l\u01b0ng<\/li>\n<li>T\u0103ng\/Gi\u1ea3m chi\u1ec1u cao gh\u1ebf linh ho\u1ea1t<\/li>\n<li>B\u00e1nh xe di chuy\u1ec3n d\u1ec5 d\u00e0ng<\/li>\n<li>Nhi\u1ec1u m\u00e0u s\u1eafc, ph\u00f9 h\u1ee3p nhi\u1ec1u kh\u00f4ng gian<\/li>\n<\/ul>\n<\/li>\n<li>B\u1ea3o h\u00e0nh : 12 th\u00e1ng t\u1ea5t c\u1ea3 l\u1ed7i k\u1ef9 thu\u1eadt<\/li>\n<li>B\u1ea3o tr\u00ec tr\u1ecdn \u0111\u1eddi v\u1edbi \u0111\u1ea7y \u0111\u1ee7 c\u00e1c ph\u1ee5 ki\u1ec7n thay th\u1ebf khi x\u1ea3y ra t\u00ecnh tr\u1ea1ng h\u1ecfng h\u00f3c.<\/li>\n<\/ul>","protected":false},"featured_media":5901,"comment_status":"open","ping_status":"closed","template":"","meta":[],"product_cat":[80,59,70,72,71,106,184,109],"product_tag":[152],"yoast_head":"<!-- This site is optimized with the Yoast SEO Premium plugin v21.7 (Yoast SEO v21.7) - https:\/\/yoast.com\/wordpress\/plugins\/seo\/ -->\n<title>Gh\u1ebf l\u00e0m vi\u1ec7c AMA-HH001-U1 - AMAFURNI<\/title>\n<meta name=\"robots\" content=\"index, follow, max-snippet:-1, max-image-preview:large, max-video-preview:-1\" \/>\n<link rel=\"canonical\" href=\"https:\/\/amafurni.vn\/en\/product\/ghe-ama-hh001-u1\/\" \/>\n<meta property=\"og:locale\" content=\"en_US\" \/>\n<meta property=\"og:type\" content=\"article\" \/>\n<meta property=\"og:title\" content=\"Gh\u1ebf l\u00e0m vi\u1ec7c AMA-HH001-U1\" \/>\n<meta property=\"og:description\" content=\"Gh\u1ebf l\u00e0m vi\u1ec7c AMA-HH001-U4 l\u00e0 d\u00f2ng s\u1ea3n ph\u1ea9m Gh\u1ebf Gaming, Gh\u1ebf l\u00e0m vi\u1ec7c hi\u1ec7n \u0111\u1ea1i v\u1edbi nhi\u1ec1u m\u00e0u s\u1eafc v\u00e0 t\u00ednh n\u0103ng \u0111\u1eb7c bi\u1ec7t gi\u00fap kho\u1ea3ng th\u1eddi gian ng\u1ed3i l\u00e0m vi\u1ec7c c\u1ee7a b\u1ea1n tr\u1edf n\u00ean th\u00fa v\u1ecb v\u00e0 tho\u1ea3i m\u00e1i.   T\u00ednh n\u0103ng :   Ng\u1ea3 l\u01b0ng th\u01b0 gi\u00e3n 160 \u0111\u1ed9  C\u00f3 ch\u00e2n g\u00e1c n\u1eb1m, K\u00e9o x\u1ebfp g\u1ecdn g\u00e0ng l\u00fac ng\u1ed3i s\u1eed d\u1ee5ng  C\u00f3 c\u1ee5c rung massage \u00eam \u00e1i ph\u1ea7n d\u1ef1a l\u01b0ng  T\u0103ng\/Gi\u1ea3m chi\u1ec1u cao gh\u1ebf linh ho\u1ea1t  B\u00e1nh xe di chuy\u1ec3n d\u1ec5 d\u00e0ng  Nhi\u1ec1u m\u00e0u s\u1eafc, ph\u00f9 h\u1ee3p nhi\u1ec1u kh\u00f4ng gian    B\u1ea3o h\u00e0nh : 12 th\u00e1ng t\u1ea5t c\u1ea3 l\u1ed7i k\u1ef9 thu\u1eadt  B\u1ea3o tr\u00ec tr\u1ecdn \u0111\u1eddi v\u1edbi \u0111\u1ea7y \u0111\u1ee7 c\u00e1c ph\u1ee5 ki\u1ec7n thay th\u1ebf khi x\u1ea3y ra t\u00ecnh tr\u1ea1ng h\u1ecfng h\u00f3c.\" \/>\n<meta property=\"og:url\" content=\"https:\/\/amafurni.vn\/en\/product\/ghe-ama-hh001-u1\/\" \/>\n<meta property=\"og:site_name\" content=\"AMAFURNI\" \/>\n<meta property=\"article:modified_time\" content=\"2026-03-14T09:50:23+00:00\" \/>\n<meta property=\"og:image\" content=\"https:\/\/amafurni.vn\/wp-content\/uploads\/2023\/12\/z4999008379035_48425ec68c176085c5aa492cd1b288d0.jpg\" \/>\n\t<meta property=\"og:image:width\" content=\"800\" \/>\n\t<meta property=\"og:image:height\" content=\"800\" \/>\n\t<meta property=\"og:image:type\" content=\"image\/jpeg\" \/>\n<meta name=\"twitter:card\" content=\"summary_large_image\" \/>\n<meta name=\"twitter:label1\" content=\"Est. reading time\" \/>\n\t<meta name=\"twitter:data1\" content=\"1 minute\" \/>\n<script type=\"application\/ld+json\" class=\"yoast-schema-graph\">{\"@context\":\"https:\/\/schema.org\",\"@graph\":[{\"@type\":\"WebPage\",\"@id\":\"https:\/\/amafurni.vn\/san-pham\/ghe-ama-hh001-u1\/\",\"url\":\"https:\/\/amafurni.vn\/san-pham\/ghe-ama-hh001-u1\/\",\"name\":\"Gh\u1ebf l\u00e0m vi\u1ec7c AMA-HH001-U1 - AMAFURNI\",\"isPartOf\":{\"@id\":\"https:\/\/amafurni.vn\/#website\"},\"datePublished\":\"2023-12-06T08:38:01+00:00\",\"dateModified\":\"2026-03-14T09:50:23+00:00\",\"breadcrumb\":{\"@id\":\"https:\/\/amafurni.vn\/san-pham\/ghe-ama-hh001-u1\/#breadcrumb\"},\"inLanguage\":\"en-US\",\"potentialAction\":[{\"@type\":\"ReadAction\",\"target\":[\"https:\/\/amafurni.vn\/san-pham\/ghe-ama-hh001-u1\/\"]}]},{\"@type\":\"BreadcrumbList\",\"@id\":\"https:\/\/amafurni.vn\/san-pham\/ghe-ama-hh001-u1\/#breadcrumb\",\"itemListElement\":[{\"@type\":\"ListItem\",\"position\":1,\"name\":\"Trang ch\u1ee7\",\"item\":\"https:\/\/amafurni.vn\/\"},{\"@type\":\"ListItem\",\"position\":2,\"name\":\"S\u1ea3n ph\u1ea9m\",\"item\":\"https:\/\/amafurni.vn\/san-pham\/\"},{\"@type\":\"ListItem\",\"position\":3,\"name\":\"Gh\u1ebf l\u00e0m vi\u1ec7c AMA-HH001-U1\"}]},{\"@type\":\"WebSite\",\"@id\":\"https:\/\/amafurni.vn\/#website\",\"url\":\"https:\/\/amafurni.vn\/\",\"name\":\"AMAFURNI\",\"description\":\"\",\"potentialAction\":[{\"@type\":\"SearchAction\",\"target\":{\"@type\":\"EntryPoint\",\"urlTemplate\":\"https:\/\/amafurni.vn\/?s={search_term_string}\"},\"query-input\":\"required name=search_term_string\"}],\"inLanguage\":\"en-US\"}]}<\/script>\n<!-- \/ Yoast SEO Premium plugin. -->","yoast_head_json":{"title":"Gh\u1ebf l\u00e0m vi\u1ec7c AMA-HH001-U1 - AMAFURNI","robots":{"index":"index","follow":"follow","max-snippet":"max-snippet:-1","max-image-preview":"max-image-preview:large","max-video-preview":"max-video-preview:-1"},"canonical":"https:\/\/amafurni.vn\/en\/product\/ghe-ama-hh001-u1\/","og_locale":"en_US","og_type":"article","og_title":"Gh\u1ebf l\u00e0m vi\u1ec7c AMA-HH001-U1","og_description":"Gh\u1ebf l\u00e0m vi\u1ec7c AMA-HH001-U4 l\u00e0 d\u00f2ng s\u1ea3n ph\u1ea9m Gh\u1ebf Gaming, Gh\u1ebf l\u00e0m vi\u1ec7c hi\u1ec7n \u0111\u1ea1i v\u1edbi nhi\u1ec1u m\u00e0u s\u1eafc v\u00e0 t\u00ednh n\u0103ng \u0111\u1eb7c bi\u1ec7t gi\u00fap kho\u1ea3ng th\u1eddi gian ng\u1ed3i l\u00e0m vi\u1ec7c c\u1ee7a b\u1ea1n tr\u1edf n\u00ean th\u00fa v\u1ecb v\u00e0 tho\u1ea3i m\u00e1i.   T\u00ednh n\u0103ng :   Ng\u1ea3 l\u01b0ng th\u01b0 gi\u00e3n 160 \u0111\u1ed9  C\u00f3 ch\u00e2n g\u00e1c n\u1eb1m, K\u00e9o x\u1ebfp g\u1ecdn g\u00e0ng l\u00fac ng\u1ed3i s\u1eed d\u1ee5ng  C\u00f3 c\u1ee5c rung massage \u00eam \u00e1i ph\u1ea7n d\u1ef1a l\u01b0ng  T\u0103ng\/Gi\u1ea3m chi\u1ec1u cao gh\u1ebf linh ho\u1ea1t  B\u00e1nh xe di chuy\u1ec3n d\u1ec5 d\u00e0ng  Nhi\u1ec1u m\u00e0u s\u1eafc, ph\u00f9 h\u1ee3p nhi\u1ec1u kh\u00f4ng gian    B\u1ea3o h\u00e0nh : 12 th\u00e1ng t\u1ea5t c\u1ea3 l\u1ed7i k\u1ef9 thu\u1eadt  B\u1ea3o tr\u00ec tr\u1ecdn \u0111\u1eddi v\u1edbi \u0111\u1ea7y \u0111\u1ee7 c\u00e1c ph\u1ee5 ki\u1ec7n thay th\u1ebf khi x\u1ea3y ra t\u00ecnh tr\u1ea1ng h\u1ecfng h\u00f3c.","og_url":"https:\/\/amafurni.vn\/en\/product\/ghe-ama-hh001-u1\/","og_site_name":"AMAFURNI","article_modified_time":"2026-03-14T09:50:23+00:00","og_image":[{"width":800,"height":800,"url":"https:\/\/amafurni.vn\/wp-content\/uploads\/2023\/12\/z4999008379035_48425ec68c176085c5aa492cd1b288d0.jpg","type":"image\/jpeg"}],"twitter_card":"summary_large_image","twitter_misc":{"Est. reading time":"1 minute"},"schema":{"@context":"https:\/\/schema.org","@graph":[{"@type":"WebPage","@id":"https:\/\/amafurni.vn\/san-pham\/ghe-ama-hh001-u1\/","url":"https:\/\/amafurni.vn\/san-pham\/ghe-ama-hh001-u1\/","name":"Gh\u1ebf l\u00e0m vi\u1ec7c AMA-HH001-U1 - AMAFURNI","isPartOf":{"@id":"https:\/\/amafurni.vn\/#website"},"datePublished":"2023-12-06T08:38:01+00:00","dateModified":"2026-03-14T09:50:23+00:00","breadcrumb":{"@id":"https:\/\/amafurni.vn\/san-pham\/ghe-ama-hh001-u1\/#breadcrumb"},"inLanguage":"en-US","potentialAction":[{"@type":"ReadAction","target":["https:\/\/amafurni.vn\/san-pham\/ghe-ama-hh001-u1\/"]}]},{"@type":"BreadcrumbList","@id":"https:\/\/amafurni.vn\/san-pham\/ghe-ama-hh001-u1\/#breadcrumb","itemListElement":[{"@type":"ListItem","position":1,"name":"Trang ch\u1ee7","item":"https:\/\/amafurni.vn\/"},{"@type":"ListItem","position":2,"name":"S\u1ea3n ph\u1ea9m","item":"https:\/\/amafurni.vn\/san-pham\/"},{"@type":"ListItem","position":3,"name":"Gh\u1ebf l\u00e0m vi\u1ec7c AMA-HH001-U1"}]},{"@type":"WebSite","@id":"https:\/\/amafurni.vn\/#website","url":"https:\/\/amafurni.vn\/","name":"AMAFURNI","description":"","potentialAction":[{"@type":"SearchAction","target":{"@type":"EntryPoint","urlTemplate":"https:\/\/amafurni.vn\/?s={search_term_string}"},"query-input":"required name=search_term_string"}],"inLanguage":"en-US"}]}},"_links":{"self":[{"href":"https:\/\/amafurni.vn\/en\/wp-json\/wp\/v2\/product\/2920"}],"collection":[{"href":"https:\/\/amafurni.vn\/en\/wp-json\/wp\/v2\/product"}],"about":[{"href":"https:\/\/amafurni.vn\/en\/wp-json\/wp\/v2\/types\/product"}],"replies":[{"embeddable":true,"href":"https:\/\/amafurni.vn\/en\/wp-json\/wp\/v2\/comments?post=2920"}],"wp:featuredmedia":[{"embeddable":true,"href":"https:\/\/amafurni.vn\/en\/wp-json\/wp\/v2\/media\/5901"}],"wp:attachment":[{"href":"https:\/\/amafurni.vn\/en\/wp-json\/wp\/v2\/media?parent=2920"}],"wp:term":[{"taxonomy":"product_cat","embeddable":true,"href":"https:\/\/amafurni.vn\/en\/wp-json\/wp\/v2\/product_cat?post=2920"},{"taxonomy":"product_tag","embeddable":true,"href":"https:\/\/amafurni.vn\/en\/wp-json\/wp\/v2\/product_tag?post=2920"}],"curies":[{"name":"wp","href":"https:\/\/api.w.org\/{rel}","templated":true}]}}