{"id":2956,"date":"2023-12-06T13:48:27","date_gmt":"2023-12-06T06:48:27","guid":{"rendered":"https:\/\/amafurni.123websitedev.com\/san-pham\/ghe-lam-viec-nga-lung-thu-gian-ama-g508\/"},"modified":"2025-11-12T14:10:51","modified_gmt":"2025-11-12T07:10:51","slug":"ghe-lam-viec-nga-lung-thu-gian-ama-g508","status":"publish","type":"product","link":"https:\/\/amafurni.vn\/en\/product\/ghe-lam-viec-nga-lung-thu-gian-ama-g508\/","title":{"rendered":"Gh\u1ebf l\u00e0m vi\u1ec7c ng\u00e3 l\u01b0ng th\u01b0 gi\u00e3n AMA-G508"},"content":{"rendered":"<table border=\"1\" height=\"297\" width=\"1059\">\n<tbody><\/tbody>\n<tbody>\n<tr>\n<td style=\"text-align: center; width: 120.035px;\"><span style=\"color: #ff0000;\"><strong>Material<\/strong><\/span><\/td>\n<td style=\"text-align: center; width: 128.345px;\">\n<p><span style=\"color: #ff0000;\"><strong><\/strong><\/span><\/p>\n<p><span style=\"color: #ff0000;\"><strong>Size<\/strong><\/span><\/p>\n<p><span style=\"color: #ff0000;\"><strong>(D\u00e0i*R\u1ed9ng*cao)<\/strong><\/span><\/p>\n<\/td>\n<td style=\"text-align: center; width: 413.241px;\"><span style=\"color: #ff0000;\"><strong>T\u00ednh N\u0103ng<\/strong><\/span><\/td>\n<td style=\"text-align: center; width: 50.1042px;\"><span style=\"color: #ff0000;\"><strong>M\u00e0u S\u1eafc<\/strong><\/span><\/td>\n<td style=\"text-align: center; width: 62.3611px;\"><span style=\"color: #ff0000;\"><strong>Xu\u1ea5t X\u1ee9<\/strong><\/span><\/td>\n<td style=\"text-align: center; width: 248.657px;\"><span style=\"color: #ff0000;\"><strong>B\u1ea3o h\u00e0nh<\/strong><\/span><\/td>\n<\/tr>\n<tr>\n<td style=\"width: 120.035px;\">\n<p><span>&#8211; Da C\u00f4ng Nghi\u1ec7p<\/span><\/p>\n<p><span>&#8211; N\u1ec7m mousse<\/span><\/p>\n<p><span>&#8211; Ch\u00e2n nh\u00f4m \u0111\u00fac, tay da<\/span><\/p>\n<\/td>\n<td style=\"width: 128.345px;\">\n<p><span>60*50*<\/span><span>(110-120)<\/span><\/p>\n<\/td>\n<td style=\"width: 413.241px;\">\n<ul>\n<li><span>Th\u01b0 gi\u00e3n ng\u1ea3 l\u01b0ng tho\u1ea3i m\u00e1i : g\u00f3c ng\u1ea3 165 \u0111\u1ed9. C\u1ea7n g\u1ea1t ch\u1ed1t gi\u1eef \u0111\u01b0\u1ee3c g\u00f3c nghi\u00eang c\u1ed1 \u0111\u1ecbnh.<\/span><\/li>\n<li><span>T\u0103ng gi\u1ea3m chi\u1ec1u cao<\/span><\/li>\n<li><span>G\u1eadt g\u00f9 b\u1eadp b\u00eanh.<\/span><\/li>\n<li><span>Xoay t\u1ea1i ch\u1ed7 360 \u0111\u1ed9.<\/span><\/li>\n<\/ul>\n<\/td>\n<td style=\"width: 50.1042px;\">\n<p>BE<\/p>\n<p>\u0110EN<\/p>\n<\/td>\n<td style=\"width: 62.3611px;\">Nh\u1eadp Ngo\u1ea1i<\/td>\n<td style=\"width: 248.657px;\">\n<p><span>12 th\u00e1ng k\u1ef9 thu\u1eadt<\/span><\/p>\n<ul>\n<li><span>L\u1ed7i k\u1ef9 thu\u1eadt<\/span><\/li>\n<li><span>Ben h\u01a1i b\u1ecb h\u1ecfng : 1 \u0111\u1ed5i 1<\/span><\/li>\n<li><span>Kh\u00f4ng b\u1ea3o h\u00e0nh ch\u1ea5t li\u1ec7u Da, Pu, Simili, Nh\u1ef1a &#8230;<\/span><\/li>\n<\/ul>\n<\/td>\n<\/tr>\n<\/tbody>\n<\/table>","protected":false},"excerpt":{"rendered":"<p>M\u1eb7t gh\u1ebf m\u1ec1m m\u1ea1i, \u00eam \u00e1i v\u00e0 tho\u1ea3i m\u00e1i<br \/>\n&#8211; L\u01b0ng gh\u1ebf c\u00f3 thi\u1ebft k\u1ebf r\u1ed9ng r\u00e3i v\u1edbi \u0111\u1ed9 cong v\u1eeba ph\u1ea3i<br \/>\n&#8211; B\u1ea1n c\u0169ng c\u00f3 th\u1ec3 \u0111i\u1ec1u ch\u1ec9nh \u0111\u1ed9 cao c\u1ee7a gh\u1ebf t\u00f9y thu\u1ed9c v\u00e0o tr\u1ecdng l\u01b0\u1ee3ng c\u01a1 th\u1ec3, b\u1eb1ng c\u00e1ch n\u00e2ng c\u1ea7n h\u01a1i \u0111\u01b0\u1ee3c t\u00edch h\u1ee3p ph\u00eda d\u01b0\u1edbi. \u0110\u01b0\u1ee3c thi\u1ebft k\u1ebf v\u1edbi m\u00e2m 2 c\u1ea7n ng\u1ea3 l\u01b0ng ti\u1ec7n d\u1ee5ng, gi\u00fap ng\u01b0\u1eddi ng\u1ed3i c\u00f3 th\u1ec3 ng\u1ea3 l\u01b0ng gh\u1ebf ra sau m\u1ed9t c\u00e1ch thu\u1eadn ti\u1ec7n.<\/p>","protected":false},"featured_media":2957,"comment_status":"open","ping_status":"closed","template":"","meta":[],"product_cat":[59,71],"product_tag":[],"yoast_head":"<!-- This site is optimized with the Yoast SEO Premium plugin v21.7 (Yoast SEO v21.7) - https:\/\/yoast.com\/wordpress\/plugins\/seo\/ -->\n<title>Gh\u1ebf l\u00e0m vi\u1ec7c ng\u00e3 l\u01b0ng th\u01b0 gi\u00e3n AMA-G508 - AMAFURNI<\/title>\n<meta name=\"robots\" content=\"index, follow, max-snippet:-1, max-image-preview:large, max-video-preview:-1\" \/>\n<link rel=\"canonical\" href=\"https:\/\/amafurni.vn\/en\/product\/ghe-lam-viec-nga-lung-thu-gian-ama-g508\/\" \/>\n<meta property=\"og:locale\" content=\"en_US\" \/>\n<meta property=\"og:type\" content=\"article\" \/>\n<meta property=\"og:title\" content=\"Gh\u1ebf l\u00e0m vi\u1ec7c ng\u00e3 l\u01b0ng th\u01b0 gi\u00e3n AMA-G508\" \/>\n<meta property=\"og:description\" content=\"M\u1eb7t gh\u1ebf m\u1ec1m m\u1ea1i, \u00eam \u00e1i v\u00e0 tho\u1ea3i m\u00e1i - L\u01b0ng gh\u1ebf c\u00f3 thi\u1ebft k\u1ebf r\u1ed9ng r\u00e3i v\u1edbi \u0111\u1ed9 cong v\u1eeba ph\u1ea3i - B\u1ea1n c\u0169ng c\u00f3 th\u1ec3 \u0111i\u1ec1u ch\u1ec9nh \u0111\u1ed9 cao c\u1ee7a gh\u1ebf t\u00f9y thu\u1ed9c v\u00e0o tr\u1ecdng l\u01b0\u1ee3ng c\u01a1 th\u1ec3, b\u1eb1ng c\u00e1ch n\u00e2ng c\u1ea7n h\u01a1i \u0111\u01b0\u1ee3c t\u00edch h\u1ee3p ph\u00eda d\u01b0\u1edbi. \u0110\u01b0\u1ee3c thi\u1ebft k\u1ebf v\u1edbi m\u00e2m 2 c\u1ea7n ng\u1ea3 l\u01b0ng ti\u1ec7n d\u1ee5ng, gi\u00fap ng\u01b0\u1eddi ng\u1ed3i c\u00f3 th\u1ec3 ng\u1ea3 l\u01b0ng gh\u1ebf ra sau m\u1ed9t c\u00e1ch thu\u1eadn ti\u1ec7n.\" \/>\n<meta property=\"og:url\" content=\"https:\/\/amafurni.vn\/en\/product\/ghe-lam-viec-nga-lung-thu-gian-ama-g508\/\" \/>\n<meta property=\"og:site_name\" content=\"AMAFURNI\" \/>\n<meta property=\"article:modified_time\" content=\"2025-11-12T07:10:51+00:00\" \/>\n<meta property=\"og:image\" content=\"https:\/\/amafurni.vn\/wp-content\/uploads\/2023\/12\/ghe-lam-viec-nga-lung-thu-gian-ama-g508_6570193b4bb48.png\" \/>\n\t<meta property=\"og:image:width\" content=\"800\" \/>\n\t<meta property=\"og:image:height\" content=\"800\" \/>\n\t<meta property=\"og:image:type\" content=\"image\/png\" \/>\n<meta name=\"twitter:card\" content=\"summary_large_image\" \/>\n<meta name=\"twitter:label1\" content=\"Est. reading time\" \/>\n\t<meta name=\"twitter:data1\" content=\"1 minute\" \/>\n<script type=\"application\/ld+json\" class=\"yoast-schema-graph\">{\"@context\":\"https:\/\/schema.org\",\"@graph\":[{\"@type\":\"WebPage\",\"@id\":\"https:\/\/amafurni.vn\/san-pham\/ghe-lam-viec-nga-lung-thu-gian-ama-g508\/\",\"url\":\"https:\/\/amafurni.vn\/san-pham\/ghe-lam-viec-nga-lung-thu-gian-ama-g508\/\",\"name\":\"Gh\u1ebf l\u00e0m vi\u1ec7c ng\u00e3 l\u01b0ng th\u01b0 gi\u00e3n AMA-G508 - AMAFURNI\",\"isPartOf\":{\"@id\":\"https:\/\/amafurni.vn\/#website\"},\"datePublished\":\"2023-12-06T06:48:27+00:00\",\"dateModified\":\"2025-11-12T07:10:51+00:00\",\"breadcrumb\":{\"@id\":\"https:\/\/amafurni.vn\/san-pham\/ghe-lam-viec-nga-lung-thu-gian-ama-g508\/#breadcrumb\"},\"inLanguage\":\"en-US\",\"potentialAction\":[{\"@type\":\"ReadAction\",\"target\":[\"https:\/\/amafurni.vn\/san-pham\/ghe-lam-viec-nga-lung-thu-gian-ama-g508\/\"]}]},{\"@type\":\"BreadcrumbList\",\"@id\":\"https:\/\/amafurni.vn\/san-pham\/ghe-lam-viec-nga-lung-thu-gian-ama-g508\/#breadcrumb\",\"itemListElement\":[{\"@type\":\"ListItem\",\"position\":1,\"name\":\"Trang ch\u1ee7\",\"item\":\"https:\/\/amafurni.vn\/\"},{\"@type\":\"ListItem\",\"position\":2,\"name\":\"S\u1ea3n ph\u1ea9m\",\"item\":\"https:\/\/amafurni.vn\/san-pham\/\"},{\"@type\":\"ListItem\",\"position\":3,\"name\":\"Gh\u1ebf l\u00e0m vi\u1ec7c ng\u00e3 l\u01b0ng th\u01b0 gi\u00e3n AMA-G508\"}]},{\"@type\":\"WebSite\",\"@id\":\"https:\/\/amafurni.vn\/#website\",\"url\":\"https:\/\/amafurni.vn\/\",\"name\":\"AMAFURNI\",\"description\":\"\",\"potentialAction\":[{\"@type\":\"SearchAction\",\"target\":{\"@type\":\"EntryPoint\",\"urlTemplate\":\"https:\/\/amafurni.vn\/?s={search_term_string}\"},\"query-input\":\"required name=search_term_string\"}],\"inLanguage\":\"en-US\"}]}<\/script>\n<!-- \/ Yoast SEO Premium plugin. -->","yoast_head_json":{"title":"Gh\u1ebf l\u00e0m vi\u1ec7c ng\u00e3 l\u01b0ng th\u01b0 gi\u00e3n AMA-G508 - AMAFURNI","robots":{"index":"index","follow":"follow","max-snippet":"max-snippet:-1","max-image-preview":"max-image-preview:large","max-video-preview":"max-video-preview:-1"},"canonical":"https:\/\/amafurni.vn\/en\/product\/ghe-lam-viec-nga-lung-thu-gian-ama-g508\/","og_locale":"en_US","og_type":"article","og_title":"Gh\u1ebf l\u00e0m vi\u1ec7c ng\u00e3 l\u01b0ng th\u01b0 gi\u00e3n AMA-G508","og_description":"M\u1eb7t gh\u1ebf m\u1ec1m m\u1ea1i, \u00eam \u00e1i v\u00e0 tho\u1ea3i m\u00e1i - L\u01b0ng gh\u1ebf c\u00f3 thi\u1ebft k\u1ebf r\u1ed9ng r\u00e3i v\u1edbi \u0111\u1ed9 cong v\u1eeba ph\u1ea3i - B\u1ea1n c\u0169ng c\u00f3 th\u1ec3 \u0111i\u1ec1u ch\u1ec9nh \u0111\u1ed9 cao c\u1ee7a gh\u1ebf t\u00f9y thu\u1ed9c v\u00e0o tr\u1ecdng l\u01b0\u1ee3ng c\u01a1 th\u1ec3, b\u1eb1ng c\u00e1ch n\u00e2ng c\u1ea7n h\u01a1i \u0111\u01b0\u1ee3c t\u00edch h\u1ee3p ph\u00eda d\u01b0\u1edbi. \u0110\u01b0\u1ee3c thi\u1ebft k\u1ebf v\u1edbi m\u00e2m 2 c\u1ea7n ng\u1ea3 l\u01b0ng ti\u1ec7n d\u1ee5ng, gi\u00fap ng\u01b0\u1eddi ng\u1ed3i c\u00f3 th\u1ec3 ng\u1ea3 l\u01b0ng gh\u1ebf ra sau m\u1ed9t c\u00e1ch thu\u1eadn ti\u1ec7n.","og_url":"https:\/\/amafurni.vn\/en\/product\/ghe-lam-viec-nga-lung-thu-gian-ama-g508\/","og_site_name":"AMAFURNI","article_modified_time":"2025-11-12T07:10:51+00:00","og_image":[{"width":800,"height":800,"url":"https:\/\/amafurni.vn\/wp-content\/uploads\/2023\/12\/ghe-lam-viec-nga-lung-thu-gian-ama-g508_6570193b4bb48.png","type":"image\/png"}],"twitter_card":"summary_large_image","twitter_misc":{"Est. reading time":"1 minute"},"schema":{"@context":"https:\/\/schema.org","@graph":[{"@type":"WebPage","@id":"https:\/\/amafurni.vn\/san-pham\/ghe-lam-viec-nga-lung-thu-gian-ama-g508\/","url":"https:\/\/amafurni.vn\/san-pham\/ghe-lam-viec-nga-lung-thu-gian-ama-g508\/","name":"Gh\u1ebf l\u00e0m vi\u1ec7c ng\u00e3 l\u01b0ng th\u01b0 gi\u00e3n AMA-G508 - AMAFURNI","isPartOf":{"@id":"https:\/\/amafurni.vn\/#website"},"datePublished":"2023-12-06T06:48:27+00:00","dateModified":"2025-11-12T07:10:51+00:00","breadcrumb":{"@id":"https:\/\/amafurni.vn\/san-pham\/ghe-lam-viec-nga-lung-thu-gian-ama-g508\/#breadcrumb"},"inLanguage":"en-US","potentialAction":[{"@type":"ReadAction","target":["https:\/\/amafurni.vn\/san-pham\/ghe-lam-viec-nga-lung-thu-gian-ama-g508\/"]}]},{"@type":"BreadcrumbList","@id":"https:\/\/amafurni.vn\/san-pham\/ghe-lam-viec-nga-lung-thu-gian-ama-g508\/#breadcrumb","itemListElement":[{"@type":"ListItem","position":1,"name":"Trang ch\u1ee7","item":"https:\/\/amafurni.vn\/"},{"@type":"ListItem","position":2,"name":"S\u1ea3n ph\u1ea9m","item":"https:\/\/amafurni.vn\/san-pham\/"},{"@type":"ListItem","position":3,"name":"Gh\u1ebf l\u00e0m vi\u1ec7c ng\u00e3 l\u01b0ng th\u01b0 gi\u00e3n AMA-G508"}]},{"@type":"WebSite","@id":"https:\/\/amafurni.vn\/#website","url":"https:\/\/amafurni.vn\/","name":"AMAFURNI","description":"","potentialAction":[{"@type":"SearchAction","target":{"@type":"EntryPoint","urlTemplate":"https:\/\/amafurni.vn\/?s={search_term_string}"},"query-input":"required name=search_term_string"}],"inLanguage":"en-US"}]}},"_links":{"self":[{"href":"https:\/\/amafurni.vn\/en\/wp-json\/wp\/v2\/product\/2956"}],"collection":[{"href":"https:\/\/amafurni.vn\/en\/wp-json\/wp\/v2\/product"}],"about":[{"href":"https:\/\/amafurni.vn\/en\/wp-json\/wp\/v2\/types\/product"}],"replies":[{"embeddable":true,"href":"https:\/\/amafurni.vn\/en\/wp-json\/wp\/v2\/comments?post=2956"}],"wp:featuredmedia":[{"embeddable":true,"href":"https:\/\/amafurni.vn\/en\/wp-json\/wp\/v2\/media\/2957"}],"wp:attachment":[{"href":"https:\/\/amafurni.vn\/en\/wp-json\/wp\/v2\/media?parent=2956"}],"wp:term":[{"taxonomy":"product_cat","embeddable":true,"href":"https:\/\/amafurni.vn\/en\/wp-json\/wp\/v2\/product_cat?post=2956"},{"taxonomy":"product_tag","embeddable":true,"href":"https:\/\/amafurni.vn\/en\/wp-json\/wp\/v2\/product_tag?post=2956"}],"curies":[{"name":"wp","href":"https:\/\/api.w.org\/{rel}","templated":true}]}}