{"id":2978,"date":"2023-12-06T13:52:12","date_gmt":"2023-12-06T06:52:12","guid":{"rendered":"https:\/\/amafurni.123websitedev.com\/san-pham\/ghe-lam-viec-thu-gian-nga-lung-nhap-khau-ama-hc20303-m2\/"},"modified":"2026-03-14T17:00:38","modified_gmt":"2026-03-14T10:00:38","slug":"ghe-lam-viec-thu-gian-nga-lung-nhap-khau-ama-hc20303-m2","status":"publish","type":"product","link":"https:\/\/amafurni.vn\/en\/product\/ghe-lam-viec-thu-gian-nga-lung-nhap-khau-ama-hc20303-m2\/","title":{"rendered":"Gh\u1ebf l\u00e0m vi\u1ec7c AMA-HC20303"},"content":{"rendered":"<table class=\"woocommerce-product-attributes shop_attributes\" style=\"width: 99.655828%; height: 276px;\" width=\"929\">\n<tbody>\n<tr class=\"woocommerce-product-attributes-item woocommerce-product-attributes-item--attribute_season\" style=\"height: 24px;\">\n<th class=\"woocommerce-product-attributes-item__label\" style=\"width: 18.2309%; height: 24px;\">Material<\/th>\n<td class=\"woocommerce-product-attributes-item__value\" style=\"width: 79.8236%; height: 24px;\">Khung kim lo\u1ea1i ch\u1eafc ch\u1eafn, T\u1ef1a l\u01b0ng b\u1ecdc V\u1ea3i, N\u1ec7m ng\u1ed3i g\u1ed7 b\u1ecdc M\u00fat v\u00e0 V\u1ea3i, Tay gh\u1ebf Nh\u1ef1a \u1ed1p Da \u00eam \u00e1i, Ch\u00e2n gh\u1ebf h\u1ee3p kim Nh\u00f4m, B\u00e1nh xe Nh\u1ef1a, T\u1ef1a \u0111\u1ea7u b\u1ecdc Da<\/td>\n<\/tr>\n<tr class=\"woocommerce-product-attributes-item woocommerce-product-attributes-item--attribute_pa_color\" style=\"height: 24px;\">\n<th class=\"woocommerce-product-attributes-item__label\" style=\"width: 18.2309%; height: 24px;\">M\u00e0u S\u1eafc<\/th>\n<td class=\"woocommerce-product-attributes-item__value\" style=\"width: 79.8236%; height: 24px;\">\u0110en, N\u00e2u (Theo b\u1ea3ng m\u00e0u s\u1ea3n xu\u1ea5t)<\/td>\n<\/tr>\n<tr class=\"woocommerce-product-attributes-item woocommerce-product-attributes-item--attribute_style\" style=\"height: 24px;\">\n<th class=\"woocommerce-product-attributes-item__label\" style=\"width: 18.2309%; height: 24px;\">Size<\/th>\n<td class=\"woocommerce-product-attributes-item__value\" style=\"width: 79.8236%; height: 24px;\">600*600*(1150-1250)mm<\/td>\n<\/tr>\n<tr class=\"woocommerce-product-attributes-item woocommerce-product-attributes-item--attribute_pa_material\" style=\"height: 24px;\">\n<th class=\"woocommerce-product-attributes-item__label\" style=\"width: 18.2309%; height: 24px;\">T\u00ednh N\u0103ng<\/th>\n<td class=\"woocommerce-product-attributes-item__value\" style=\"width: 79.8236%; height: 24px;\">T\u0103ng gi\u1ea3m chi\u1ec1u cao, Ng\u1ea3 l\u01b0ng th\u01b0 gi\u00e3n 160 \u0111\u1ed9, C\u00f3 t\u1ef1a \u0111\u1ea7u, B\u00e1nh xe di chuy\u1ec3n<\/td>\n<\/tr>\n<tr class=\"woocommerce-product-attributes-item woocommerce-product-attributes-item--attribute_item-code\" style=\"height: 10px;\">\n<th class=\"woocommerce-product-attributes-item__label\" style=\"width: 18.2309%; height: 10px;\">B\u1ea3o H\u00e0nh<\/th>\n<td class=\"woocommerce-product-attributes-item__value\" style=\"width: 79.8236%; height: 10px;\">12 th\u00e1ng<\/td>\n<\/tr>\n<\/tbody>\n<\/table>","protected":false},"excerpt":{"rendered":"<p>Gh\u1ebf l\u00e0m vi\u1ec7c AMA-HC20303 l\u00e0 d\u00f2ng s\u1ea3n ph\u1ea9m Gh\u1ebf Gaming, Gh\u1ebf l\u00e0m vi\u1ec7c hi\u1ec7n \u0111\u1ea1i v\u1edbi nhi\u1ec1u m\u00e0u s\u1eafc v\u00e0 t\u00ednh n\u0103ng \u0111\u1eb7c bi\u1ec7t gi\u00fap kho\u1ea3ng th\u1eddi gian ng\u1ed3i l\u00e0m vi\u1ec7c c\u1ee7a b\u1ea1n tr\u1edf n\u00ean th\u00fa v\u1ecb v\u00e0 tho\u1ea3i m\u00e1i.<\/p>\n<ul>\n<li>T\u00ednh n\u0103ng :\n<ul>\n<li>Ng\u1ea3 l\u01b0ng th\u01b0 gi\u00e3n 160 \u0111\u1ed9<\/li>\n<li>T\u0103ng\/Gi\u1ea3m chi\u1ec1u cao gh\u1ebf linh ho\u1ea1t<\/li>\n<li>C\u00f3 t\u1ef1a \u0111\u1ee1 \u0111\u1ea7u<\/li>\n<li>B\u00e1nh xe di chuy\u1ec3n d\u1ec5 d\u00e0ng<\/li>\n<li>Nhi\u1ec1u m\u00e0u s\u1eafc, ph\u00f9 h\u1ee3p nhi\u1ec1u kh\u00f4ng gian<\/li>\n<\/ul>\n<\/li>\n<li>B\u1ea3o h\u00e0nh : 12 th\u00e1ng t\u1ea5t c\u1ea3 l\u1ed7i k\u1ef9 thu\u1eadt<\/li>\n<li>B\u1ea3o tr\u00ec tr\u1ecdn \u0111\u1eddi v\u1edbi \u0111\u1ea7y \u0111\u1ee7 c\u00e1c ph\u1ee5 ki\u1ec7n thay th\u1ebf khi x\u1ea3y ra t\u00ecnh tr\u1ea1ng h\u1ecfng h\u00f3c.<\/li>\n<\/ul>","protected":false},"featured_media":2979,"comment_status":"open","ping_status":"closed","template":"","meta":[],"product_cat":[59,70,71],"product_tag":[124],"yoast_head":"<!-- This site is optimized with the Yoast SEO Premium plugin v21.7 (Yoast SEO v21.7) - https:\/\/yoast.com\/wordpress\/plugins\/seo\/ -->\n<title>Gh\u1ebf l\u00e0m vi\u1ec7c AMA-HC20303 - AMAFURNI<\/title>\n<meta name=\"robots\" content=\"index, follow, max-snippet:-1, max-image-preview:large, max-video-preview:-1\" \/>\n<link rel=\"canonical\" href=\"https:\/\/amafurni.vn\/en\/product\/ghe-lam-viec-thu-gian-nga-lung-nhap-khau-ama-hc20303-m2\/\" \/>\n<meta property=\"og:locale\" content=\"en_US\" \/>\n<meta property=\"og:type\" content=\"article\" \/>\n<meta property=\"og:title\" content=\"Gh\u1ebf l\u00e0m vi\u1ec7c AMA-HC20303\" \/>\n<meta property=\"og:description\" content=\"Gh\u1ebf l\u00e0m vi\u1ec7c AMA-HC20303 l\u00e0 d\u00f2ng s\u1ea3n ph\u1ea9m Gh\u1ebf Gaming, Gh\u1ebf l\u00e0m vi\u1ec7c hi\u1ec7n \u0111\u1ea1i v\u1edbi nhi\u1ec1u m\u00e0u s\u1eafc v\u00e0 t\u00ednh n\u0103ng \u0111\u1eb7c bi\u1ec7t gi\u00fap kho\u1ea3ng th\u1eddi gian ng\u1ed3i l\u00e0m vi\u1ec7c c\u1ee7a b\u1ea1n tr\u1edf n\u00ean th\u00fa v\u1ecb v\u00e0 tho\u1ea3i m\u00e1i.   T\u00ednh n\u0103ng :   Ng\u1ea3 l\u01b0ng th\u01b0 gi\u00e3n 160 \u0111\u1ed9  T\u0103ng\/Gi\u1ea3m chi\u1ec1u cao gh\u1ebf linh ho\u1ea1t  C\u00f3 t\u1ef1a \u0111\u1ee1 \u0111\u1ea7u  B\u00e1nh xe di chuy\u1ec3n d\u1ec5 d\u00e0ng  Nhi\u1ec1u m\u00e0u s\u1eafc, ph\u00f9 h\u1ee3p nhi\u1ec1u kh\u00f4ng gian    B\u1ea3o h\u00e0nh : 12 th\u00e1ng t\u1ea5t c\u1ea3 l\u1ed7i k\u1ef9 thu\u1eadt  B\u1ea3o tr\u00ec tr\u1ecdn \u0111\u1eddi v\u1edbi \u0111\u1ea7y \u0111\u1ee7 c\u00e1c ph\u1ee5 ki\u1ec7n thay th\u1ebf khi x\u1ea3y ra t\u00ecnh tr\u1ea1ng h\u1ecfng h\u00f3c.\" \/>\n<meta property=\"og:url\" content=\"https:\/\/amafurni.vn\/en\/product\/ghe-lam-viec-thu-gian-nga-lung-nhap-khau-ama-hc20303-m2\/\" \/>\n<meta property=\"og:site_name\" content=\"AMAFURNI\" \/>\n<meta property=\"article:modified_time\" content=\"2026-03-14T10:00:38+00:00\" \/>\n<meta property=\"og:image\" content=\"https:\/\/amafurni.vn\/wp-content\/uploads\/2023\/12\/ghe-lam-viec-thu-gian-nga-lung-nhap-khau-ama-hc20303-m2_65701a1c95719.jpeg\" \/>\n\t<meta property=\"og:image:width\" content=\"800\" \/>\n\t<meta property=\"og:image:height\" content=\"800\" \/>\n\t<meta property=\"og:image:type\" content=\"image\/jpeg\" \/>\n<meta name=\"twitter:card\" content=\"summary_large_image\" \/>\n<meta name=\"twitter:label1\" content=\"Est. reading time\" \/>\n\t<meta name=\"twitter:data1\" content=\"1 minute\" \/>\n<script type=\"application\/ld+json\" class=\"yoast-schema-graph\">{\"@context\":\"https:\/\/schema.org\",\"@graph\":[{\"@type\":\"WebPage\",\"@id\":\"https:\/\/amafurni.vn\/san-pham\/ghe-lam-viec-thu-gian-nga-lung-nhap-khau-ama-hc20303-m2\/\",\"url\":\"https:\/\/amafurni.vn\/san-pham\/ghe-lam-viec-thu-gian-nga-lung-nhap-khau-ama-hc20303-m2\/\",\"name\":\"Gh\u1ebf l\u00e0m vi\u1ec7c AMA-HC20303 - AMAFURNI\",\"isPartOf\":{\"@id\":\"https:\/\/amafurni.vn\/#website\"},\"datePublished\":\"2023-12-06T06:52:12+00:00\",\"dateModified\":\"2026-03-14T10:00:38+00:00\",\"breadcrumb\":{\"@id\":\"https:\/\/amafurni.vn\/san-pham\/ghe-lam-viec-thu-gian-nga-lung-nhap-khau-ama-hc20303-m2\/#breadcrumb\"},\"inLanguage\":\"en-US\",\"potentialAction\":[{\"@type\":\"ReadAction\",\"target\":[\"https:\/\/amafurni.vn\/san-pham\/ghe-lam-viec-thu-gian-nga-lung-nhap-khau-ama-hc20303-m2\/\"]}]},{\"@type\":\"BreadcrumbList\",\"@id\":\"https:\/\/amafurni.vn\/san-pham\/ghe-lam-viec-thu-gian-nga-lung-nhap-khau-ama-hc20303-m2\/#breadcrumb\",\"itemListElement\":[{\"@type\":\"ListItem\",\"position\":1,\"name\":\"Trang ch\u1ee7\",\"item\":\"https:\/\/amafurni.vn\/\"},{\"@type\":\"ListItem\",\"position\":2,\"name\":\"S\u1ea3n ph\u1ea9m\",\"item\":\"https:\/\/amafurni.vn\/san-pham\/\"},{\"@type\":\"ListItem\",\"position\":3,\"name\":\"Gh\u1ebf l\u00e0m vi\u1ec7c AMA-HC20303\"}]},{\"@type\":\"WebSite\",\"@id\":\"https:\/\/amafurni.vn\/#website\",\"url\":\"https:\/\/amafurni.vn\/\",\"name\":\"AMAFURNI\",\"description\":\"\",\"potentialAction\":[{\"@type\":\"SearchAction\",\"target\":{\"@type\":\"EntryPoint\",\"urlTemplate\":\"https:\/\/amafurni.vn\/?s={search_term_string}\"},\"query-input\":\"required name=search_term_string\"}],\"inLanguage\":\"en-US\"}]}<\/script>\n<!-- \/ Yoast SEO Premium plugin. -->","yoast_head_json":{"title":"Gh\u1ebf l\u00e0m vi\u1ec7c AMA-HC20303 - AMAFURNI","robots":{"index":"index","follow":"follow","max-snippet":"max-snippet:-1","max-image-preview":"max-image-preview:large","max-video-preview":"max-video-preview:-1"},"canonical":"https:\/\/amafurni.vn\/en\/product\/ghe-lam-viec-thu-gian-nga-lung-nhap-khau-ama-hc20303-m2\/","og_locale":"en_US","og_type":"article","og_title":"Gh\u1ebf l\u00e0m vi\u1ec7c AMA-HC20303","og_description":"Gh\u1ebf l\u00e0m vi\u1ec7c AMA-HC20303 l\u00e0 d\u00f2ng s\u1ea3n ph\u1ea9m Gh\u1ebf Gaming, Gh\u1ebf l\u00e0m vi\u1ec7c hi\u1ec7n \u0111\u1ea1i v\u1edbi nhi\u1ec1u m\u00e0u s\u1eafc v\u00e0 t\u00ednh n\u0103ng \u0111\u1eb7c bi\u1ec7t gi\u00fap kho\u1ea3ng th\u1eddi gian ng\u1ed3i l\u00e0m vi\u1ec7c c\u1ee7a b\u1ea1n tr\u1edf n\u00ean th\u00fa v\u1ecb v\u00e0 tho\u1ea3i m\u00e1i.   T\u00ednh n\u0103ng :   Ng\u1ea3 l\u01b0ng th\u01b0 gi\u00e3n 160 \u0111\u1ed9  T\u0103ng\/Gi\u1ea3m chi\u1ec1u cao gh\u1ebf linh ho\u1ea1t  C\u00f3 t\u1ef1a \u0111\u1ee1 \u0111\u1ea7u  B\u00e1nh xe di chuy\u1ec3n d\u1ec5 d\u00e0ng  Nhi\u1ec1u m\u00e0u s\u1eafc, ph\u00f9 h\u1ee3p nhi\u1ec1u kh\u00f4ng gian    B\u1ea3o h\u00e0nh : 12 th\u00e1ng t\u1ea5t c\u1ea3 l\u1ed7i k\u1ef9 thu\u1eadt  B\u1ea3o tr\u00ec tr\u1ecdn \u0111\u1eddi v\u1edbi \u0111\u1ea7y \u0111\u1ee7 c\u00e1c ph\u1ee5 ki\u1ec7n thay th\u1ebf khi x\u1ea3y ra t\u00ecnh tr\u1ea1ng h\u1ecfng h\u00f3c.","og_url":"https:\/\/amafurni.vn\/en\/product\/ghe-lam-viec-thu-gian-nga-lung-nhap-khau-ama-hc20303-m2\/","og_site_name":"AMAFURNI","article_modified_time":"2026-03-14T10:00:38+00:00","og_image":[{"width":800,"height":800,"url":"https:\/\/amafurni.vn\/wp-content\/uploads\/2023\/12\/ghe-lam-viec-thu-gian-nga-lung-nhap-khau-ama-hc20303-m2_65701a1c95719.jpeg","type":"image\/jpeg"}],"twitter_card":"summary_large_image","twitter_misc":{"Est. reading time":"1 minute"},"schema":{"@context":"https:\/\/schema.org","@graph":[{"@type":"WebPage","@id":"https:\/\/amafurni.vn\/san-pham\/ghe-lam-viec-thu-gian-nga-lung-nhap-khau-ama-hc20303-m2\/","url":"https:\/\/amafurni.vn\/san-pham\/ghe-lam-viec-thu-gian-nga-lung-nhap-khau-ama-hc20303-m2\/","name":"Gh\u1ebf l\u00e0m vi\u1ec7c AMA-HC20303 - AMAFURNI","isPartOf":{"@id":"https:\/\/amafurni.vn\/#website"},"datePublished":"2023-12-06T06:52:12+00:00","dateModified":"2026-03-14T10:00:38+00:00","breadcrumb":{"@id":"https:\/\/amafurni.vn\/san-pham\/ghe-lam-viec-thu-gian-nga-lung-nhap-khau-ama-hc20303-m2\/#breadcrumb"},"inLanguage":"en-US","potentialAction":[{"@type":"ReadAction","target":["https:\/\/amafurni.vn\/san-pham\/ghe-lam-viec-thu-gian-nga-lung-nhap-khau-ama-hc20303-m2\/"]}]},{"@type":"BreadcrumbList","@id":"https:\/\/amafurni.vn\/san-pham\/ghe-lam-viec-thu-gian-nga-lung-nhap-khau-ama-hc20303-m2\/#breadcrumb","itemListElement":[{"@type":"ListItem","position":1,"name":"Trang ch\u1ee7","item":"https:\/\/amafurni.vn\/"},{"@type":"ListItem","position":2,"name":"S\u1ea3n ph\u1ea9m","item":"https:\/\/amafurni.vn\/san-pham\/"},{"@type":"ListItem","position":3,"name":"Gh\u1ebf l\u00e0m vi\u1ec7c AMA-HC20303"}]},{"@type":"WebSite","@id":"https:\/\/amafurni.vn\/#website","url":"https:\/\/amafurni.vn\/","name":"AMAFURNI","description":"","potentialAction":[{"@type":"SearchAction","target":{"@type":"EntryPoint","urlTemplate":"https:\/\/amafurni.vn\/?s={search_term_string}"},"query-input":"required name=search_term_string"}],"inLanguage":"en-US"}]}},"_links":{"self":[{"href":"https:\/\/amafurni.vn\/en\/wp-json\/wp\/v2\/product\/2978"}],"collection":[{"href":"https:\/\/amafurni.vn\/en\/wp-json\/wp\/v2\/product"}],"about":[{"href":"https:\/\/amafurni.vn\/en\/wp-json\/wp\/v2\/types\/product"}],"replies":[{"embeddable":true,"href":"https:\/\/amafurni.vn\/en\/wp-json\/wp\/v2\/comments?post=2978"}],"wp:featuredmedia":[{"embeddable":true,"href":"https:\/\/amafurni.vn\/en\/wp-json\/wp\/v2\/media\/2979"}],"wp:attachment":[{"href":"https:\/\/amafurni.vn\/en\/wp-json\/wp\/v2\/media?parent=2978"}],"wp:term":[{"taxonomy":"product_cat","embeddable":true,"href":"https:\/\/amafurni.vn\/en\/wp-json\/wp\/v2\/product_cat?post=2978"},{"taxonomy":"product_tag","embeddable":true,"href":"https:\/\/amafurni.vn\/en\/wp-json\/wp\/v2\/product_tag?post=2978"}],"curies":[{"name":"wp","href":"https:\/\/api.w.org\/{rel}","templated":true}]}}