{"id":3058,"date":"2023-12-06T16:44:03","date_gmt":"2023-12-06T09:44:03","guid":{"rendered":"https:\/\/amafurni.123websitedev.com\/san-pham\/ghe-chan-quy-ama-note-t-03\/"},"modified":"2025-11-12T14:10:52","modified_gmt":"2025-11-12T07:10:52","slug":"ghe-chan-quy-ama-note-t-03","status":"publish","type":"product","link":"https:\/\/amafurni.vn\/en\/product\/ghe-chan-quy-ama-note-t-03\/","title":{"rendered":"Gh\u1ebf AMA-NOTE T-03"},"content":{"rendered":"<table class=\"woocommerce-product-attributes shop_attributes\" style=\"width: 98.5744%\" width=\"929\">\n<tbody>\n<tr class=\"woocommerce-product-attributes-item woocommerce-product-attributes-item--attribute_season\">\n<th class=\"woocommerce-product-attributes-item__label\" style=\"width: 12.4731%\">Material<\/th>\n<td class=\"woocommerce-product-attributes-item__value\" style=\"width: 82.2108%\">Khung l\u01b0ng gh\u1ebf b\u1eb1ng nh\u1ef1a, t\u1ef1a l\u01b0ng b\u1ecdc l\u01b0\u1edbi. N\u1ec7m b\u1ecdc v\u1ea3i\/vynil. Ch\u00e2n qu\u1ef3 s\u1eaft m\u1ea1 chrome.<\/td>\n<\/tr>\n<tr class=\"woocommerce-product-attributes-item woocommerce-product-attributes-item--attribute_pa_color\">\n<th class=\"woocommerce-product-attributes-item__label\" style=\"width: 12.4731%\">M\u00e0u S\u1eafc<\/th>\n<td class=\"woocommerce-product-attributes-item__value\" style=\"width: 82.2108%\">Theo b\u1ea3ng m\u00e0u.<\/td>\n<\/tr>\n<tr class=\"woocommerce-product-attributes-item woocommerce-product-attributes-item--attribute_style\">\n<th class=\"woocommerce-product-attributes-item__label\" style=\"width: 12.4731%\">Size<\/th>\n<td class=\"woocommerce-product-attributes-item__value\" style=\"width: 82.2108%\"><\/td>\n<\/tr>\n<tr class=\"woocommerce-product-attributes-item woocommerce-product-attributes-item--attribute_pa_material\">\n<th class=\"woocommerce-product-attributes-item__label\" style=\"width: 12.4731%\">T\u00ednh N\u0103ng<\/th>\n<td class=\"woocommerce-product-attributes-item__value\" style=\"width: 82.2108%\">Ng\u1ed3i c\u1ed1 \u0111\u1ecbnh<\/td>\n<\/tr>\n<tr class=\"woocommerce-product-attributes-item woocommerce-product-attributes-item--attribute_item-code\">\n<th class=\"woocommerce-product-attributes-item__label\" style=\"width: 12.4731%\">B\u1ea3o H\u00e0nh<\/th>\n<td class=\"woocommerce-product-attributes-item__value\" style=\"width: 82.2108%\">3 n\u0103m<\/td>\n<\/tr>\n<\/tbody>\n<\/table>","protected":false},"excerpt":{"rendered":"<p>1. T\u1ef1a \u0110\u1ea7u : Gh\u1ebf kh\u00f4ng t\u1ef1a \u0111\u1ea7u<br \/>\n2. T\u1ef1a l\u01b0ng gh\u1ebf : T\u1ef1a l\u01b0ng gh\u1ebf khung b\u1eb1ng nh\u1ef1a, b\u1ecdc l\u01b0\u1edbi, l\u01b0ng gh\u1ebf c\u1ed1 \u0111\u1ecbnh<br \/>\n3. H\u1ed7 tr\u1ee3 c\u1ed9t s\u1ed1ng : H\u1ed7 tr\u1ee3 c\u1ed9t s\u1ed1ng c\u00f3 th\u1ec3 \u0111i\u1ec1u ch\u1ec9nh<br \/>\n4. N\u1ec7m : D\u00e0y 60mm \u0111\u1ed9 \u0111\u00e0n h\u1ed3i cao, b\u1ecdc v\u1ea3i\/vynil<br \/>\n5. Tay gh\u1ebf : Tay gh\u1ebf c\u1ed1 \u0111\u1ecbnh<br \/>\n6. B\u1ed9 \u0111i\u1ec1u khi\u1ec3n : Kh\u00f4ng c\u00f3 b\u1ed9 \u0111i\u1ec1u khi\u1ec3n<br \/>\n7. Phu\u1ed9c : Kh\u00f4ng c\u00f3 phu\u1ed9c h\u01a1i<br \/>\n8. Ch\u00e2n gh\u1ebf : Ch\u00e2n qu\u1ef3 s\u1eaft m\u1ea1 crome<br \/>\n9. B\u00e1nh xe: Kh\u00f4ng c\u00f3 b\u00e1nh xe<\/p>","protected":false},"featured_media":3059,"comment_status":"open","ping_status":"closed","template":"","meta":[],"product_cat":[59,73,70],"product_tag":[280,124,129],"yoast_head":"<!-- This site is optimized with the Yoast SEO Premium plugin v21.7 (Yoast SEO v21.7) - https:\/\/yoast.com\/wordpress\/plugins\/seo\/ -->\n<title>Gh\u1ebf AMA-NOTE T-03 - AMAFURNI<\/title>\n<meta name=\"robots\" content=\"index, follow, max-snippet:-1, max-image-preview:large, max-video-preview:-1\" \/>\n<link rel=\"canonical\" href=\"https:\/\/amafurni.vn\/en\/product\/ghe-chan-quy-ama-note-t-03\/\" \/>\n<meta property=\"og:locale\" content=\"en_US\" \/>\n<meta property=\"og:type\" content=\"article\" \/>\n<meta property=\"og:title\" content=\"Gh\u1ebf AMA-NOTE T-03\" \/>\n<meta property=\"og:description\" content=\"1. T\u1ef1a \u0110\u1ea7u : Gh\u1ebf kh\u00f4ng t\u1ef1a \u0111\u1ea7u 2. T\u1ef1a l\u01b0ng gh\u1ebf : T\u1ef1a l\u01b0ng gh\u1ebf khung b\u1eb1ng nh\u1ef1a, b\u1ecdc l\u01b0\u1edbi, l\u01b0ng gh\u1ebf c\u1ed1 \u0111\u1ecbnh 3. H\u1ed7 tr\u1ee3 c\u1ed9t s\u1ed1ng : H\u1ed7 tr\u1ee3 c\u1ed9t s\u1ed1ng c\u00f3 th\u1ec3 \u0111i\u1ec1u ch\u1ec9nh 4. N\u1ec7m : D\u00e0y 60mm \u0111\u1ed9 \u0111\u00e0n h\u1ed3i cao, b\u1ecdc v\u1ea3i\/vynil 5. Tay gh\u1ebf : Tay gh\u1ebf c\u1ed1 \u0111\u1ecbnh 6. B\u1ed9 \u0111i\u1ec1u khi\u1ec3n : Kh\u00f4ng c\u00f3 b\u1ed9 \u0111i\u1ec1u khi\u1ec3n 7. Phu\u1ed9c : Kh\u00f4ng c\u00f3 phu\u1ed9c h\u01a1i 8. Ch\u00e2n gh\u1ebf : Ch\u00e2n qu\u1ef3 s\u1eaft m\u1ea1 crome 9. B\u00e1nh xe: Kh\u00f4ng c\u00f3 b\u00e1nh xe\" \/>\n<meta property=\"og:url\" content=\"https:\/\/amafurni.vn\/en\/product\/ghe-chan-quy-ama-note-t-03\/\" \/>\n<meta property=\"og:site_name\" content=\"AMAFURNI\" \/>\n<meta property=\"article:modified_time\" content=\"2025-11-12T07:10:52+00:00\" \/>\n<meta property=\"og:image\" content=\"https:\/\/amafurni.vn\/wp-content\/uploads\/2023\/12\/ghe-chan-quy-ama-note-t-03_657042640b1d8.png\" \/>\n\t<meta property=\"og:image:width\" content=\"800\" \/>\n\t<meta property=\"og:image:height\" content=\"800\" \/>\n\t<meta property=\"og:image:type\" content=\"image\/png\" \/>\n<meta name=\"twitter:card\" content=\"summary_large_image\" \/>\n<meta name=\"twitter:label1\" content=\"Est. reading time\" \/>\n\t<meta name=\"twitter:data1\" content=\"1 minute\" \/>\n<script type=\"application\/ld+json\" class=\"yoast-schema-graph\">{\"@context\":\"https:\/\/schema.org\",\"@graph\":[{\"@type\":\"WebPage\",\"@id\":\"https:\/\/amafurni.vn\/san-pham\/ghe-chan-quy-ama-note-t-03\/\",\"url\":\"https:\/\/amafurni.vn\/san-pham\/ghe-chan-quy-ama-note-t-03\/\",\"name\":\"Gh\u1ebf AMA-NOTE T-03 - AMAFURNI\",\"isPartOf\":{\"@id\":\"https:\/\/amafurni.vn\/#website\"},\"datePublished\":\"2023-12-06T09:44:03+00:00\",\"dateModified\":\"2025-11-12T07:10:52+00:00\",\"breadcrumb\":{\"@id\":\"https:\/\/amafurni.vn\/san-pham\/ghe-chan-quy-ama-note-t-03\/#breadcrumb\"},\"inLanguage\":\"en-US\",\"potentialAction\":[{\"@type\":\"ReadAction\",\"target\":[\"https:\/\/amafurni.vn\/san-pham\/ghe-chan-quy-ama-note-t-03\/\"]}]},{\"@type\":\"BreadcrumbList\",\"@id\":\"https:\/\/amafurni.vn\/san-pham\/ghe-chan-quy-ama-note-t-03\/#breadcrumb\",\"itemListElement\":[{\"@type\":\"ListItem\",\"position\":1,\"name\":\"Trang ch\u1ee7\",\"item\":\"https:\/\/amafurni.vn\/\"},{\"@type\":\"ListItem\",\"position\":2,\"name\":\"S\u1ea3n ph\u1ea9m\",\"item\":\"https:\/\/amafurni.vn\/san-pham\/\"},{\"@type\":\"ListItem\",\"position\":3,\"name\":\"Gh\u1ebf AMA-NOTE T-03\"}]},{\"@type\":\"WebSite\",\"@id\":\"https:\/\/amafurni.vn\/#website\",\"url\":\"https:\/\/amafurni.vn\/\",\"name\":\"AMAFURNI\",\"description\":\"\",\"potentialAction\":[{\"@type\":\"SearchAction\",\"target\":{\"@type\":\"EntryPoint\",\"urlTemplate\":\"https:\/\/amafurni.vn\/?s={search_term_string}\"},\"query-input\":\"required name=search_term_string\"}],\"inLanguage\":\"en-US\"}]}<\/script>\n<!-- \/ Yoast SEO Premium plugin. -->","yoast_head_json":{"title":"Gh\u1ebf AMA-NOTE T-03 - AMAFURNI","robots":{"index":"index","follow":"follow","max-snippet":"max-snippet:-1","max-image-preview":"max-image-preview:large","max-video-preview":"max-video-preview:-1"},"canonical":"https:\/\/amafurni.vn\/en\/product\/ghe-chan-quy-ama-note-t-03\/","og_locale":"en_US","og_type":"article","og_title":"Gh\u1ebf AMA-NOTE T-03","og_description":"1. T\u1ef1a \u0110\u1ea7u : Gh\u1ebf kh\u00f4ng t\u1ef1a \u0111\u1ea7u 2. T\u1ef1a l\u01b0ng gh\u1ebf : T\u1ef1a l\u01b0ng gh\u1ebf khung b\u1eb1ng nh\u1ef1a, b\u1ecdc l\u01b0\u1edbi, l\u01b0ng gh\u1ebf c\u1ed1 \u0111\u1ecbnh 3. H\u1ed7 tr\u1ee3 c\u1ed9t s\u1ed1ng : H\u1ed7 tr\u1ee3 c\u1ed9t s\u1ed1ng c\u00f3 th\u1ec3 \u0111i\u1ec1u ch\u1ec9nh 4. N\u1ec7m : D\u00e0y 60mm \u0111\u1ed9 \u0111\u00e0n h\u1ed3i cao, b\u1ecdc v\u1ea3i\/vynil 5. Tay gh\u1ebf : Tay gh\u1ebf c\u1ed1 \u0111\u1ecbnh 6. B\u1ed9 \u0111i\u1ec1u khi\u1ec3n : Kh\u00f4ng c\u00f3 b\u1ed9 \u0111i\u1ec1u khi\u1ec3n 7. Phu\u1ed9c : Kh\u00f4ng c\u00f3 phu\u1ed9c h\u01a1i 8. Ch\u00e2n gh\u1ebf : Ch\u00e2n qu\u1ef3 s\u1eaft m\u1ea1 crome 9. B\u00e1nh xe: Kh\u00f4ng c\u00f3 b\u00e1nh xe","og_url":"https:\/\/amafurni.vn\/en\/product\/ghe-chan-quy-ama-note-t-03\/","og_site_name":"AMAFURNI","article_modified_time":"2025-11-12T07:10:52+00:00","og_image":[{"width":800,"height":800,"url":"https:\/\/amafurni.vn\/wp-content\/uploads\/2023\/12\/ghe-chan-quy-ama-note-t-03_657042640b1d8.png","type":"image\/png"}],"twitter_card":"summary_large_image","twitter_misc":{"Est. reading time":"1 minute"},"schema":{"@context":"https:\/\/schema.org","@graph":[{"@type":"WebPage","@id":"https:\/\/amafurni.vn\/san-pham\/ghe-chan-quy-ama-note-t-03\/","url":"https:\/\/amafurni.vn\/san-pham\/ghe-chan-quy-ama-note-t-03\/","name":"Gh\u1ebf AMA-NOTE T-03 - AMAFURNI","isPartOf":{"@id":"https:\/\/amafurni.vn\/#website"},"datePublished":"2023-12-06T09:44:03+00:00","dateModified":"2025-11-12T07:10:52+00:00","breadcrumb":{"@id":"https:\/\/amafurni.vn\/san-pham\/ghe-chan-quy-ama-note-t-03\/#breadcrumb"},"inLanguage":"en-US","potentialAction":[{"@type":"ReadAction","target":["https:\/\/amafurni.vn\/san-pham\/ghe-chan-quy-ama-note-t-03\/"]}]},{"@type":"BreadcrumbList","@id":"https:\/\/amafurni.vn\/san-pham\/ghe-chan-quy-ama-note-t-03\/#breadcrumb","itemListElement":[{"@type":"ListItem","position":1,"name":"Trang ch\u1ee7","item":"https:\/\/amafurni.vn\/"},{"@type":"ListItem","position":2,"name":"S\u1ea3n ph\u1ea9m","item":"https:\/\/amafurni.vn\/san-pham\/"},{"@type":"ListItem","position":3,"name":"Gh\u1ebf AMA-NOTE T-03"}]},{"@type":"WebSite","@id":"https:\/\/amafurni.vn\/#website","url":"https:\/\/amafurni.vn\/","name":"AMAFURNI","description":"","potentialAction":[{"@type":"SearchAction","target":{"@type":"EntryPoint","urlTemplate":"https:\/\/amafurni.vn\/?s={search_term_string}"},"query-input":"required name=search_term_string"}],"inLanguage":"en-US"}]}},"_links":{"self":[{"href":"https:\/\/amafurni.vn\/en\/wp-json\/wp\/v2\/product\/3058"}],"collection":[{"href":"https:\/\/amafurni.vn\/en\/wp-json\/wp\/v2\/product"}],"about":[{"href":"https:\/\/amafurni.vn\/en\/wp-json\/wp\/v2\/types\/product"}],"replies":[{"embeddable":true,"href":"https:\/\/amafurni.vn\/en\/wp-json\/wp\/v2\/comments?post=3058"}],"wp:featuredmedia":[{"embeddable":true,"href":"https:\/\/amafurni.vn\/en\/wp-json\/wp\/v2\/media\/3059"}],"wp:attachment":[{"href":"https:\/\/amafurni.vn\/en\/wp-json\/wp\/v2\/media?parent=3058"}],"wp:term":[{"taxonomy":"product_cat","embeddable":true,"href":"https:\/\/amafurni.vn\/en\/wp-json\/wp\/v2\/product_cat?post=3058"},{"taxonomy":"product_tag","embeddable":true,"href":"https:\/\/amafurni.vn\/en\/wp-json\/wp\/v2\/product_tag?post=3058"}],"curies":[{"name":"wp","href":"https:\/\/api.w.org\/{rel}","templated":true}]}}