{"id":3062,"date":"2023-12-06T16:44:18","date_gmt":"2023-12-06T09:44:18","guid":{"rendered":"https:\/\/amafurni.123websitedev.com\/san-pham\/ghe-chan-quy-boc-da-pu-hang-nhap-khau-ama-g711b\/"},"modified":"2025-11-21T13:01:00","modified_gmt":"2025-11-21T06:01:00","slug":"ghe-chan-quy-boc-da-pu-hang-nhap-khau-ama-g711b","status":"publish","type":"product","link":"https:\/\/amafurni.vn\/en\/product\/ghe-chan-quy-boc-da-pu-hang-nhap-khau-ama-g711b\/","title":{"rendered":"Gh\u1ebf ch\u00e2n qu\u1ef3 AMA-G711B"},"content":{"rendered":"<div id=\"tab-description\" class=\"tab-pane active bottom20\">\n<table style=\"width: 954px;\" border=\"1\">\n<tbody>\n<tr>\n<td style=\"text-align: center; width: 165.344px;\"><span style=\"color: #ff0000; font-family: verdana, geneva, sans-serif;\"><strong>Material<\/strong><\/span><\/td>\n<td style=\"text-align: center; width: 124.781px;\"><span style=\"color: #ff0000; font-family: verdana, geneva, sans-serif;\"><b> M\u00f4 T\u1ea3<\/b><\/span><\/td>\n<td style=\"text-align: center; width: 105.516px;\"><span style=\"color: #ff0000; font-family: verdana, geneva, sans-serif;\"><strong>M\u00e0u S\u1eafc<\/strong><\/span><\/td>\n<td style=\"text-align: center; width: 121.562px;\"><span style=\"color: #ff0000; font-family: verdana, geneva, sans-serif;\"><strong>Xu\u1ea5t X\u1ee9<\/strong><\/span><\/td>\n<td style=\"text-align: center; width: 293.281px;\"><span style=\"color: #ff0000; font-family: verdana, geneva, sans-serif;\"><b>B\u1ea3o Qu\u1ea3n<\/b><\/span><\/td>\n<td style=\"text-align: center; width: 103.516px;\"><span style=\"color: #ff0000; font-family: verdana, geneva, sans-serif;\"><strong>B\u1ea3o h\u00e0nh<\/strong><\/span><\/td>\n<\/tr>\n<tr>\n<td style=\"width: 165.344px;\"><span style=\"font-family: verdana, geneva, sans-serif;\">Da PU<\/span><br \/>\n<span style=\"font-family: verdana, geneva, sans-serif;\">N\u1ec7m mousse<\/span><br \/>\n<span style=\"font-family: verdana, geneva, sans-serif;\">Ch\u00e2n v\u00e0 tay S\u1eaft m\u1ea1 crome<\/span><br \/>\n<span style=\"font-family: verdana, geneva, sans-serif;\">Tay \u1ed1p g\u1ed7<\/span><\/td>\n<td style=\"width: 124.781px;\"><span style=\"font-family: verdana, geneva, sans-serif;\">Gh\u1ebf ng\u1ed3i c\u1ed1 \u0111\u1ecbnh<\/span><\/td>\n<td style=\"width: 105.516px;\"><span style=\"font-family: verdana, geneva, sans-serif;\">S\u1ea2N XU\u1ea4T THEO B\u1ea2NG M\u00c0U<\/span><\/td>\n<td style=\"width: 121.562px;\"><span style=\"font-family: verdana, geneva, sans-serif;\">H\u00e0ng nh\u1eadp ngo\u1ea1i<\/span><\/td>\n<td style=\"width: 293.281px;\"><span style=\"font-family: verdana, geneva, sans-serif;\">D\u00f9ng dung d\u1ecbch v\u1ec7 sinh chuy\u00ean d\u1ee5ng lau sofa, da gh\u1ebf \u00f4 t\u00f4 , gh\u1ebf da<\/span><\/p>\n<p><span style=\"font-family: verdana, geneva, sans-serif;\">Tr\u00e1nh ti\u1ebfp x\u00fac c\u00e1c v\u1eadt c\u00f3 b\u1ec1 m\u1eb7t s\u1eaft nh\u1ecdn<\/span><\/p>\n<p><span style=\"font-family: verdana, geneva, sans-serif;\">Tr\u00e1nh ti\u1ebfp x\u00fac ngu\u1ed3n nhi\u1ec7t \u0111\u1ed9 qu\u00e1 cao<\/span><\/p>\n<p><span style=\"font-family: verdana, geneva, sans-serif;\">Kh\u00f4ng \u0111\u1ee9ng l\u00ean tr\u00ean gh\u1ebf<\/span><\/p>\n<p><span style=\"font-family: verdana, geneva, sans-serif;\">Kh\u00f4ng g\u00e1c c\u1ea3 2 ch\u00e2n l\u00ean m\u00f4ng gh\u1ebf<\/span><\/td>\n<td style=\"width: 103.516px;\"><span style=\"font-family: verdana, geneva, sans-serif;\">12 Th\u00e1ng<\/span><\/td>\n<\/tr>\n<\/tbody>\n<\/table>\n<\/div>","protected":false},"excerpt":{"rendered":"<p>Da PU<br \/>\nN\u1ec7m mousse<br \/>\nCh\u00e2n v\u00e0 tay S\u1eaft m\u1ea1 crome<br \/>\nTay \u1ed1p g\u1ed7<\/p>","protected":false},"featured_media":3063,"comment_status":"open","ping_status":"closed","template":"","meta":[],"product_cat":[59,73],"product_tag":[],"yoast_head":"<!-- This site is optimized with the Yoast SEO Premium plugin v21.7 (Yoast SEO v21.7) - https:\/\/yoast.com\/wordpress\/plugins\/seo\/ -->\n<title>Gh\u1ebf ch\u00e2n qu\u1ef3 AMA-G711B - AMAFURNI<\/title>\n<meta name=\"robots\" content=\"index, follow, max-snippet:-1, max-image-preview:large, max-video-preview:-1\" \/>\n<link rel=\"canonical\" href=\"https:\/\/amafurni.vn\/en\/product\/ghe-chan-quy-boc-da-pu-hang-nhap-khau-ama-g711b\/\" \/>\n<meta property=\"og:locale\" content=\"en_US\" \/>\n<meta property=\"og:type\" content=\"article\" \/>\n<meta property=\"og:title\" content=\"Gh\u1ebf ch\u00e2n qu\u1ef3 AMA-G711B\" \/>\n<meta property=\"og:description\" content=\"Da PU N\u1ec7m mousse Ch\u00e2n v\u00e0 tay S\u1eaft m\u1ea1 crome Tay \u1ed1p g\u1ed7\" \/>\n<meta property=\"og:url\" content=\"https:\/\/amafurni.vn\/en\/product\/ghe-chan-quy-boc-da-pu-hang-nhap-khau-ama-g711b\/\" \/>\n<meta property=\"og:site_name\" content=\"AMAFURNI\" \/>\n<meta property=\"article:modified_time\" content=\"2025-11-21T06:01:00+00:00\" \/>\n<meta property=\"og:image\" content=\"https:\/\/amafurni.vn\/wp-content\/uploads\/2023\/12\/ghe-chan-quy-boc-da-pu-hang-nhap-khau-ama-g711b_65704272b1c20.jpeg\" \/>\n\t<meta property=\"og:image:width\" content=\"800\" \/>\n\t<meta property=\"og:image:height\" content=\"800\" \/>\n\t<meta property=\"og:image:type\" content=\"image\/jpeg\" \/>\n<meta name=\"twitter:card\" content=\"summary_large_image\" \/>\n<meta name=\"twitter:label1\" content=\"Est. reading time\" \/>\n\t<meta name=\"twitter:data1\" content=\"1 minute\" \/>\n<script type=\"application\/ld+json\" class=\"yoast-schema-graph\">{\"@context\":\"https:\/\/schema.org\",\"@graph\":[{\"@type\":\"WebPage\",\"@id\":\"https:\/\/amafurni.vn\/san-pham\/ghe-chan-quy-boc-da-pu-hang-nhap-khau-ama-g711b\/\",\"url\":\"https:\/\/amafurni.vn\/san-pham\/ghe-chan-quy-boc-da-pu-hang-nhap-khau-ama-g711b\/\",\"name\":\"Gh\u1ebf ch\u00e2n qu\u1ef3 AMA-G711B - AMAFURNI\",\"isPartOf\":{\"@id\":\"https:\/\/amafurni.vn\/#website\"},\"datePublished\":\"2023-12-06T09:44:18+00:00\",\"dateModified\":\"2025-11-21T06:01:00+00:00\",\"breadcrumb\":{\"@id\":\"https:\/\/amafurni.vn\/san-pham\/ghe-chan-quy-boc-da-pu-hang-nhap-khau-ama-g711b\/#breadcrumb\"},\"inLanguage\":\"en-US\",\"potentialAction\":[{\"@type\":\"ReadAction\",\"target\":[\"https:\/\/amafurni.vn\/san-pham\/ghe-chan-quy-boc-da-pu-hang-nhap-khau-ama-g711b\/\"]}]},{\"@type\":\"BreadcrumbList\",\"@id\":\"https:\/\/amafurni.vn\/san-pham\/ghe-chan-quy-boc-da-pu-hang-nhap-khau-ama-g711b\/#breadcrumb\",\"itemListElement\":[{\"@type\":\"ListItem\",\"position\":1,\"name\":\"Trang ch\u1ee7\",\"item\":\"https:\/\/amafurni.vn\/\"},{\"@type\":\"ListItem\",\"position\":2,\"name\":\"S\u1ea3n ph\u1ea9m\",\"item\":\"https:\/\/amafurni.vn\/san-pham\/\"},{\"@type\":\"ListItem\",\"position\":3,\"name\":\"Gh\u1ebf ch\u00e2n qu\u1ef3 AMA-G711B\"}]},{\"@type\":\"WebSite\",\"@id\":\"https:\/\/amafurni.vn\/#website\",\"url\":\"https:\/\/amafurni.vn\/\",\"name\":\"AMAFURNI\",\"description\":\"\",\"potentialAction\":[{\"@type\":\"SearchAction\",\"target\":{\"@type\":\"EntryPoint\",\"urlTemplate\":\"https:\/\/amafurni.vn\/?s={search_term_string}\"},\"query-input\":\"required name=search_term_string\"}],\"inLanguage\":\"en-US\"}]}<\/script>\n<!-- \/ Yoast SEO Premium plugin. -->","yoast_head_json":{"title":"Gh\u1ebf ch\u00e2n qu\u1ef3 AMA-G711B - AMAFURNI","robots":{"index":"index","follow":"follow","max-snippet":"max-snippet:-1","max-image-preview":"max-image-preview:large","max-video-preview":"max-video-preview:-1"},"canonical":"https:\/\/amafurni.vn\/en\/product\/ghe-chan-quy-boc-da-pu-hang-nhap-khau-ama-g711b\/","og_locale":"en_US","og_type":"article","og_title":"Gh\u1ebf ch\u00e2n qu\u1ef3 AMA-G711B","og_description":"Da PU N\u1ec7m mousse Ch\u00e2n v\u00e0 tay S\u1eaft m\u1ea1 crome Tay \u1ed1p g\u1ed7","og_url":"https:\/\/amafurni.vn\/en\/product\/ghe-chan-quy-boc-da-pu-hang-nhap-khau-ama-g711b\/","og_site_name":"AMAFURNI","article_modified_time":"2025-11-21T06:01:00+00:00","og_image":[{"width":800,"height":800,"url":"https:\/\/amafurni.vn\/wp-content\/uploads\/2023\/12\/ghe-chan-quy-boc-da-pu-hang-nhap-khau-ama-g711b_65704272b1c20.jpeg","type":"image\/jpeg"}],"twitter_card":"summary_large_image","twitter_misc":{"Est. reading time":"1 minute"},"schema":{"@context":"https:\/\/schema.org","@graph":[{"@type":"WebPage","@id":"https:\/\/amafurni.vn\/san-pham\/ghe-chan-quy-boc-da-pu-hang-nhap-khau-ama-g711b\/","url":"https:\/\/amafurni.vn\/san-pham\/ghe-chan-quy-boc-da-pu-hang-nhap-khau-ama-g711b\/","name":"Gh\u1ebf ch\u00e2n qu\u1ef3 AMA-G711B - AMAFURNI","isPartOf":{"@id":"https:\/\/amafurni.vn\/#website"},"datePublished":"2023-12-06T09:44:18+00:00","dateModified":"2025-11-21T06:01:00+00:00","breadcrumb":{"@id":"https:\/\/amafurni.vn\/san-pham\/ghe-chan-quy-boc-da-pu-hang-nhap-khau-ama-g711b\/#breadcrumb"},"inLanguage":"en-US","potentialAction":[{"@type":"ReadAction","target":["https:\/\/amafurni.vn\/san-pham\/ghe-chan-quy-boc-da-pu-hang-nhap-khau-ama-g711b\/"]}]},{"@type":"BreadcrumbList","@id":"https:\/\/amafurni.vn\/san-pham\/ghe-chan-quy-boc-da-pu-hang-nhap-khau-ama-g711b\/#breadcrumb","itemListElement":[{"@type":"ListItem","position":1,"name":"Trang ch\u1ee7","item":"https:\/\/amafurni.vn\/"},{"@type":"ListItem","position":2,"name":"S\u1ea3n ph\u1ea9m","item":"https:\/\/amafurni.vn\/san-pham\/"},{"@type":"ListItem","position":3,"name":"Gh\u1ebf ch\u00e2n qu\u1ef3 AMA-G711B"}]},{"@type":"WebSite","@id":"https:\/\/amafurni.vn\/#website","url":"https:\/\/amafurni.vn\/","name":"AMAFURNI","description":"","potentialAction":[{"@type":"SearchAction","target":{"@type":"EntryPoint","urlTemplate":"https:\/\/amafurni.vn\/?s={search_term_string}"},"query-input":"required name=search_term_string"}],"inLanguage":"en-US"}]}},"_links":{"self":[{"href":"https:\/\/amafurni.vn\/en\/wp-json\/wp\/v2\/product\/3062"}],"collection":[{"href":"https:\/\/amafurni.vn\/en\/wp-json\/wp\/v2\/product"}],"about":[{"href":"https:\/\/amafurni.vn\/en\/wp-json\/wp\/v2\/types\/product"}],"replies":[{"embeddable":true,"href":"https:\/\/amafurni.vn\/en\/wp-json\/wp\/v2\/comments?post=3062"}],"wp:featuredmedia":[{"embeddable":true,"href":"https:\/\/amafurni.vn\/en\/wp-json\/wp\/v2\/media\/3063"}],"wp:attachment":[{"href":"https:\/\/amafurni.vn\/en\/wp-json\/wp\/v2\/media?parent=3062"}],"wp:term":[{"taxonomy":"product_cat","embeddable":true,"href":"https:\/\/amafurni.vn\/en\/wp-json\/wp\/v2\/product_cat?post=3062"},{"taxonomy":"product_tag","embeddable":true,"href":"https:\/\/amafurni.vn\/en\/wp-json\/wp\/v2\/product_tag?post=3062"}],"curies":[{"name":"wp","href":"https:\/\/api.w.org\/{rel}","templated":true}]}}