{"id":3074,"date":"2023-12-06T16:47:29","date_gmt":"2023-12-06T09:47:29","guid":{"rendered":"https:\/\/amafurni.123websitedev.com\/san-pham\/ghe-hoi-nghi-chan-quy-boc-da-ama-201c-u\/"},"modified":"2025-11-12T14:10:52","modified_gmt":"2025-11-12T07:10:52","slug":"ghe-hoi-nghi-chan-quy-boc-da-ama-201c-u","status":"publish","type":"product","link":"https:\/\/amafurni.vn\/en\/product\/ghe-hoi-nghi-chan-quy-boc-da-ama-201c-u\/","title":{"rendered":"Gh\u1ebf H\u1ed9i Ngh\u1ecb Ch\u00e2n Qu\u1ef3 AMA-201C"},"content":{"rendered":"<div id=\"tab-description\" class=\"tab-pane active bottom20\">\n<table border=\"1\" width=\"949\">\n<tbody>\n<tr>\n<td><span style=\"color: #ff0000;\"><strong>Material<\/strong><\/span><\/td>\n<td><span style=\"color: #ff0000;\"><strong>T\u00ednh N\u0103ng<\/strong><\/span><\/td>\n<td><span style=\"color: #ff0000;\"><strong>M\u00e0u S\u1eafc<\/strong><\/span><\/td>\n<td><span style=\"color: #ff0000;\"><strong>Xu\u1ea5t X\u1ee9<\/strong><\/span><\/td>\n<td><span style=\"color: #ff0000;\"><strong>B\u1ea3o h\u00e0nh<\/strong><\/span><\/td>\n<td><span style=\"color: #ff0000;\"><strong>B\u1ea3o h\u00e0nh<\/strong><\/span><\/td>\n<\/tr>\n<tr>\n<td>\n<div class=\"n851cfcs\">\n<div class=\"aahdfvyu\">\n<div class=\"dati1w0a qt6c0cv9 hv4rvrfc pybr56ya\">\n<div class=\"kvgmc6g5 cxmmr5t8 oygrvhab hcukyx3x c1et5uql\">Da c\u00f4ng nghi\u1ec7p<\/div>\n<div class=\"kvgmc6g5 cxmmr5t8 oygrvhab hcukyx3x c1et5uql\">N\u1ec7m mousse D40<\/div>\n<div class=\"kvgmc6g5 cxmmr5t8 oygrvhab hcukyx3x c1et5uql\"><\/div>\n<\/div>\n<\/div>\n<\/div>\n<div class=\"n851cfcs\">\n<div class=\"rq0escxv l9j0dhe7 du4w35lb j83agx80 cbu4d94t pfnyh3mw\">\n<div class=\"rq0escxv l9j0dhe7 du4w35lb j83agx80 cbu4d94t buofh1pr tgvbjcpo\">\n<div class=\"rq0escxv l9j0dhe7 du4w35lb j83agx80 cbu4d94t pfnyh3mw d2edcug0 hv4rvrfc dati1w0a\">Ch\u00e2n gh\u1ebf th\u00e9p m\u1ea1 crome<\/div>\n<\/div>\n<\/div>\n<\/div>\n<\/td>\n<td>Ng\u1ed3i c\u1ed1 \u0111\u1ecbnh<\/p>\n<p>Ch\u00e2n c\u00f3 n\u00fat nh\u1ef1a ch\u1ed1ng tr\u1ea7y<\/p>\n<p>&nbsp;<\/td>\n<td>\u0110EN<\/p>\n<p>(Theo b\u1ea3ng m\u00e0u)<\/td>\n<td>Nh\u1eadp Ngo\u1ea1i<\/td>\n<td>D\u00f9ng dung d\u1ecbch v\u1ec7 sinh chuy\u00ean d\u1ee5ng lau sofa, da gh\u1ebf \u00f4 t\u00f4 , gh\u1ebf da<\/p>\n<p>Tr\u00e1nh ti\u1ebfp x\u00fac c\u00e1c v\u1eadt c\u00f3 b\u1ec1 m\u1eb7t s\u1eaft nh\u1ecdn<\/p>\n<p>Tr\u00e1nh ti\u1ebfp x\u00fac ngu\u1ed3n nhi\u1ec7t \u0111\u1ed9 qu\u00e1 cao<\/p>\n<p>Kh\u00f4ng \u0111\u1ee9ng l\u00ean tr\u00ean gh\u1ebf<\/p>\n<p>Kh\u00f4ng g\u00e1c c\u1ea3 2 ch\u00e2n l\u00ean m\u00f4ng gh\u1ebf<\/p>\n<p>&nbsp;<\/td>\n<td>12 th\u00e1ng k\u1ef9 thu\u1eadt<\/p>\n<ul>\n<li>L\u1ed7i k\u1ef9 thu\u1eadt<\/li>\n<li>Ben h\u01a1i b\u1ecb h\u1ecfng : 1 \u0111\u1ed5i 1<\/li>\n<li>Kh\u00f4ng b\u1ea3o h\u00e0nh ch\u1ea5t li\u1ec7u Da, Pu, Simili, Nh\u1ef1a &#8230;<\/li>\n<\/ul>\n<\/td>\n<\/tr>\n<\/tbody>\n<\/table>\n<\/div>","protected":false},"excerpt":{"rendered":"<p>Da c\u00f4ng nghi\u1ec7p<br \/>\nCh\u00e2n th\u00e9p m\u1ea1 crome<br \/>\nTay th\u00e9p m\u1ea1 crome \u1ed1p NH\u1ef0A<\/p>","protected":false},"featured_media":22706,"comment_status":"open","ping_status":"closed","template":"","meta":[],"product_cat":[73],"product_tag":[],"yoast_head":"<!-- This site is optimized with the Yoast SEO Premium plugin v21.7 (Yoast SEO v21.7) - https:\/\/yoast.com\/wordpress\/plugins\/seo\/ -->\n<title>Gh\u1ebf H\u1ed9i Ngh\u1ecb Ch\u00e2n Qu\u1ef3 AMA-201C - AMAFURNI<\/title>\n<meta name=\"robots\" content=\"index, follow, max-snippet:-1, max-image-preview:large, max-video-preview:-1\" \/>\n<link rel=\"canonical\" href=\"https:\/\/amafurni.vn\/en\/product\/ghe-hoi-nghi-chan-quy-boc-da-ama-201c-u\/\" \/>\n<meta property=\"og:locale\" content=\"en_US\" \/>\n<meta property=\"og:type\" content=\"article\" \/>\n<meta property=\"og:title\" content=\"Gh\u1ebf H\u1ed9i Ngh\u1ecb Ch\u00e2n Qu\u1ef3 AMA-201C\" \/>\n<meta property=\"og:description\" content=\"Da c\u00f4ng nghi\u1ec7p Ch\u00e2n th\u00e9p m\u1ea1 crome Tay th\u00e9p m\u1ea1 crome \u1ed1p NH\u1ef0A\" \/>\n<meta property=\"og:url\" content=\"https:\/\/amafurni.vn\/en\/product\/ghe-hoi-nghi-chan-quy-boc-da-ama-201c-u\/\" \/>\n<meta property=\"og:site_name\" content=\"AMAFURNI\" \/>\n<meta property=\"article:modified_time\" content=\"2025-11-12T07:10:52+00:00\" \/>\n<meta property=\"og:image\" content=\"https:\/\/amafurni.vn\/wp-content\/uploads\/2023\/12\/z4524218534575_9dc84b821037d5ef0a94b362805930a7.jpg\" \/>\n\t<meta property=\"og:image:width\" content=\"1920\" \/>\n\t<meta property=\"og:image:height\" content=\"1920\" \/>\n\t<meta property=\"og:image:type\" content=\"image\/jpeg\" \/>\n<meta name=\"twitter:card\" content=\"summary_large_image\" \/>\n<meta name=\"twitter:label1\" content=\"Est. reading time\" \/>\n\t<meta name=\"twitter:data1\" content=\"1 minute\" \/>\n<script type=\"application\/ld+json\" class=\"yoast-schema-graph\">{\"@context\":\"https:\/\/schema.org\",\"@graph\":[{\"@type\":\"WebPage\",\"@id\":\"https:\/\/amafurni.vn\/san-pham\/ghe-hoi-nghi-chan-quy-boc-da-ama-201c-u\/\",\"url\":\"https:\/\/amafurni.vn\/san-pham\/ghe-hoi-nghi-chan-quy-boc-da-ama-201c-u\/\",\"name\":\"Gh\u1ebf H\u1ed9i Ngh\u1ecb Ch\u00e2n Qu\u1ef3 AMA-201C - AMAFURNI\",\"isPartOf\":{\"@id\":\"https:\/\/amafurni.vn\/#website\"},\"datePublished\":\"2023-12-06T09:47:29+00:00\",\"dateModified\":\"2025-11-12T07:10:52+00:00\",\"breadcrumb\":{\"@id\":\"https:\/\/amafurni.vn\/san-pham\/ghe-hoi-nghi-chan-quy-boc-da-ama-201c-u\/#breadcrumb\"},\"inLanguage\":\"en-US\",\"potentialAction\":[{\"@type\":\"ReadAction\",\"target\":[\"https:\/\/amafurni.vn\/san-pham\/ghe-hoi-nghi-chan-quy-boc-da-ama-201c-u\/\"]}]},{\"@type\":\"BreadcrumbList\",\"@id\":\"https:\/\/amafurni.vn\/san-pham\/ghe-hoi-nghi-chan-quy-boc-da-ama-201c-u\/#breadcrumb\",\"itemListElement\":[{\"@type\":\"ListItem\",\"position\":1,\"name\":\"Trang ch\u1ee7\",\"item\":\"https:\/\/amafurni.vn\/\"},{\"@type\":\"ListItem\",\"position\":2,\"name\":\"S\u1ea3n ph\u1ea9m\",\"item\":\"https:\/\/amafurni.vn\/san-pham\/\"},{\"@type\":\"ListItem\",\"position\":3,\"name\":\"Gh\u1ebf H\u1ed9i Ngh\u1ecb Ch\u00e2n Qu\u1ef3 AMA-201C\"}]},{\"@type\":\"WebSite\",\"@id\":\"https:\/\/amafurni.vn\/#website\",\"url\":\"https:\/\/amafurni.vn\/\",\"name\":\"AMAFURNI\",\"description\":\"\",\"potentialAction\":[{\"@type\":\"SearchAction\",\"target\":{\"@type\":\"EntryPoint\",\"urlTemplate\":\"https:\/\/amafurni.vn\/?s={search_term_string}\"},\"query-input\":\"required name=search_term_string\"}],\"inLanguage\":\"en-US\"}]}<\/script>\n<!-- \/ Yoast SEO Premium plugin. -->","yoast_head_json":{"title":"Gh\u1ebf H\u1ed9i Ngh\u1ecb Ch\u00e2n Qu\u1ef3 AMA-201C - AMAFURNI","robots":{"index":"index","follow":"follow","max-snippet":"max-snippet:-1","max-image-preview":"max-image-preview:large","max-video-preview":"max-video-preview:-1"},"canonical":"https:\/\/amafurni.vn\/en\/product\/ghe-hoi-nghi-chan-quy-boc-da-ama-201c-u\/","og_locale":"en_US","og_type":"article","og_title":"Gh\u1ebf H\u1ed9i Ngh\u1ecb Ch\u00e2n Qu\u1ef3 AMA-201C","og_description":"Da c\u00f4ng nghi\u1ec7p Ch\u00e2n th\u00e9p m\u1ea1 crome Tay th\u00e9p m\u1ea1 crome \u1ed1p NH\u1ef0A","og_url":"https:\/\/amafurni.vn\/en\/product\/ghe-hoi-nghi-chan-quy-boc-da-ama-201c-u\/","og_site_name":"AMAFURNI","article_modified_time":"2025-11-12T07:10:52+00:00","og_image":[{"width":1920,"height":1920,"url":"https:\/\/amafurni.vn\/wp-content\/uploads\/2023\/12\/z4524218534575_9dc84b821037d5ef0a94b362805930a7.jpg","type":"image\/jpeg"}],"twitter_card":"summary_large_image","twitter_misc":{"Est. reading time":"1 minute"},"schema":{"@context":"https:\/\/schema.org","@graph":[{"@type":"WebPage","@id":"https:\/\/amafurni.vn\/san-pham\/ghe-hoi-nghi-chan-quy-boc-da-ama-201c-u\/","url":"https:\/\/amafurni.vn\/san-pham\/ghe-hoi-nghi-chan-quy-boc-da-ama-201c-u\/","name":"Gh\u1ebf H\u1ed9i Ngh\u1ecb Ch\u00e2n Qu\u1ef3 AMA-201C - AMAFURNI","isPartOf":{"@id":"https:\/\/amafurni.vn\/#website"},"datePublished":"2023-12-06T09:47:29+00:00","dateModified":"2025-11-12T07:10:52+00:00","breadcrumb":{"@id":"https:\/\/amafurni.vn\/san-pham\/ghe-hoi-nghi-chan-quy-boc-da-ama-201c-u\/#breadcrumb"},"inLanguage":"en-US","potentialAction":[{"@type":"ReadAction","target":["https:\/\/amafurni.vn\/san-pham\/ghe-hoi-nghi-chan-quy-boc-da-ama-201c-u\/"]}]},{"@type":"BreadcrumbList","@id":"https:\/\/amafurni.vn\/san-pham\/ghe-hoi-nghi-chan-quy-boc-da-ama-201c-u\/#breadcrumb","itemListElement":[{"@type":"ListItem","position":1,"name":"Trang ch\u1ee7","item":"https:\/\/amafurni.vn\/"},{"@type":"ListItem","position":2,"name":"S\u1ea3n ph\u1ea9m","item":"https:\/\/amafurni.vn\/san-pham\/"},{"@type":"ListItem","position":3,"name":"Gh\u1ebf H\u1ed9i Ngh\u1ecb Ch\u00e2n Qu\u1ef3 AMA-201C"}]},{"@type":"WebSite","@id":"https:\/\/amafurni.vn\/#website","url":"https:\/\/amafurni.vn\/","name":"AMAFURNI","description":"","potentialAction":[{"@type":"SearchAction","target":{"@type":"EntryPoint","urlTemplate":"https:\/\/amafurni.vn\/?s={search_term_string}"},"query-input":"required name=search_term_string"}],"inLanguage":"en-US"}]}},"_links":{"self":[{"href":"https:\/\/amafurni.vn\/en\/wp-json\/wp\/v2\/product\/3074"}],"collection":[{"href":"https:\/\/amafurni.vn\/en\/wp-json\/wp\/v2\/product"}],"about":[{"href":"https:\/\/amafurni.vn\/en\/wp-json\/wp\/v2\/types\/product"}],"replies":[{"embeddable":true,"href":"https:\/\/amafurni.vn\/en\/wp-json\/wp\/v2\/comments?post=3074"}],"wp:featuredmedia":[{"embeddable":true,"href":"https:\/\/amafurni.vn\/en\/wp-json\/wp\/v2\/media\/22706"}],"wp:attachment":[{"href":"https:\/\/amafurni.vn\/en\/wp-json\/wp\/v2\/media?parent=3074"}],"wp:term":[{"taxonomy":"product_cat","embeddable":true,"href":"https:\/\/amafurni.vn\/en\/wp-json\/wp\/v2\/product_cat?post=3074"},{"taxonomy":"product_tag","embeddable":true,"href":"https:\/\/amafurni.vn\/en\/wp-json\/wp\/v2\/product_tag?post=3074"}],"curies":[{"name":"wp","href":"https:\/\/api.w.org\/{rel}","templated":true}]}}