{"id":3187,"date":"2023-12-06T16:55:16","date_gmt":"2023-12-06T09:55:16","guid":{"rendered":"https:\/\/amafurni.123websitedev.com\/san-pham\/ghe-lam-viec-chan-quy-ama-st123c\/"},"modified":"2026-03-13T21:53:42","modified_gmt":"2026-03-13T14:53:42","slug":"ghe-lam-viec-chan-quy-ama-st123c","status":"publish","type":"product","link":"https:\/\/amafurni.vn\/en\/product\/ghe-lam-viec-chan-quy-ama-st123c\/","title":{"rendered":"Gh\u1ebf ch\u00e2n qu\u1ef3 AMA-ST123C"},"content":{"rendered":"<div class=\"tab-pane active bottom20\" id=\"tab-description\">\n<table border=\"1\" height=\"213\">\n<tbody><\/tbody>\n<tbody>\n<tr>\n<td><span><strong>Material<\/strong><\/span><\/td>\n<td><\/td>\n<td><span><strong>T\u00ednh N\u0103ng<\/strong><\/span><\/td>\n<td><span><strong>M\u00e0u S\u1eafc<\/strong><\/span><\/td>\n<td><span><strong>Xu\u1ea5t X\u1ee9<\/strong><\/span><\/td>\n<td><span><strong>B\u1ea3o h\u00e0nh<\/strong><\/span><\/td>\n<\/tr>\n<tr>\n<td>\n<p>Gh\u1ebf nh\u00e2n vi\u00ean, t\u1ef1a nh\u1ef1a b\u1ecdc l\u01b0\u1edbi, \u0111\u1ec7m v\u1ea3i l\u01b0\u1edbi x\u1ed1p, ch\u00e2n qu\u1ef3 m\u1ea1 chrome<\/p>\n<\/td>\n<td><\/td>\n<td>\n<p>tho\u1ea3i m\u00e1i<\/p>\n<\/td>\n<td>nh\u01b0 h\u00ecnh,\u00a0<\/td>\n<td>Nh\u1eadp Ngo\u1ea1i<\/td>\n<td>\n<p>. 12 th\u00e1ng k\u1ef9 thu\u1eadt<\/p>\n<h2>\n<\/h2>\n<\/td>\n<\/tr>\n<\/tbody>\n<\/table>\n<\/div>","protected":false},"excerpt":{"rendered":"<p>Ch\u1ea5t Li\u1ec7u T\u00ednh N\u0103ng M\u00e0u S\u1eafc Xu\u1ea5t X\u1ee9 B\u1ea3o h\u00e0nh Gh\u1ebf nh\u00e2n vi\u00ean, t\u1ef1a nh\u1ef1a b\u1ecdc l\u01b0\u1edbi, \u0111\u1ec7m v\u1ea3i l\u01b0\u1edbi x\u1ed1p, ch\u00e2n qu\u1ef3 m\u1ea1 chrome tho\u1ea3i m\u00e1i nh\u01b0 h\u00ecnh,\u00a0 Nh\u1eadp Ngo\u1ea1i . 12 th\u00e1ng k\u1ef9 thu\u1eadt<\/p>","protected":false},"featured_media":3188,"comment_status":"open","ping_status":"closed","template":"","meta":[],"product_cat":[59,73],"product_tag":[],"yoast_head":"<!-- This site is optimized with the Yoast SEO Premium plugin v21.7 (Yoast SEO v21.7) - https:\/\/yoast.com\/wordpress\/plugins\/seo\/ -->\n<title>Gh\u1ebf ch\u00e2n qu\u1ef3 AMA-ST123C - AMAFURNI<\/title>\n<meta name=\"robots\" content=\"index, follow, max-snippet:-1, max-image-preview:large, max-video-preview:-1\" \/>\n<link rel=\"canonical\" href=\"https:\/\/amafurni.vn\/en\/product\/ghe-lam-viec-chan-quy-ama-st123c\/\" \/>\n<meta property=\"og:locale\" content=\"en_US\" \/>\n<meta property=\"og:type\" content=\"article\" \/>\n<meta property=\"og:title\" content=\"Gh\u1ebf ch\u00e2n qu\u1ef3 AMA-ST123C\" \/>\n<meta property=\"og:description\" content=\"Ch\u1ea5t Li\u1ec7u T\u00ednh N\u0103ng M\u00e0u S\u1eafc Xu\u1ea5t X\u1ee9 B\u1ea3o h\u00e0nh Gh\u1ebf nh\u00e2n vi\u00ean, t\u1ef1a nh\u1ef1a b\u1ecdc l\u01b0\u1edbi, \u0111\u1ec7m v\u1ea3i l\u01b0\u1edbi x\u1ed1p, ch\u00e2n qu\u1ef3 m\u1ea1 chrome tho\u1ea3i m\u00e1i nh\u01b0 h\u00ecnh,\u00a0 Nh\u1eadp Ngo\u1ea1i . 12 th\u00e1ng k\u1ef9 thu\u1eadt\" \/>\n<meta property=\"og:url\" content=\"https:\/\/amafurni.vn\/en\/product\/ghe-lam-viec-chan-quy-ama-st123c\/\" \/>\n<meta property=\"og:site_name\" content=\"AMAFURNI\" \/>\n<meta property=\"article:modified_time\" content=\"2026-03-13T14:53:42+00:00\" \/>\n<meta property=\"og:image\" content=\"https:\/\/amafurni.vn\/wp-content\/uploads\/2023\/12\/ghe-lam-viec-chan-quy-ama-st123c_65704504e01cc.jpeg\" \/>\n\t<meta property=\"og:image:width\" content=\"800\" \/>\n\t<meta property=\"og:image:height\" content=\"800\" \/>\n\t<meta property=\"og:image:type\" content=\"image\/jpeg\" \/>\n<meta name=\"twitter:card\" content=\"summary_large_image\" \/>\n<script type=\"application\/ld+json\" class=\"yoast-schema-graph\">{\"@context\":\"https:\/\/schema.org\",\"@graph\":[{\"@type\":\"WebPage\",\"@id\":\"https:\/\/amafurni.vn\/san-pham\/ghe-lam-viec-chan-quy-ama-st123c\/\",\"url\":\"https:\/\/amafurni.vn\/san-pham\/ghe-lam-viec-chan-quy-ama-st123c\/\",\"name\":\"Gh\u1ebf ch\u00e2n qu\u1ef3 AMA-ST123C - AMAFURNI\",\"isPartOf\":{\"@id\":\"https:\/\/amafurni.vn\/#website\"},\"datePublished\":\"2023-12-06T09:55:16+00:00\",\"dateModified\":\"2026-03-13T14:53:42+00:00\",\"breadcrumb\":{\"@id\":\"https:\/\/amafurni.vn\/san-pham\/ghe-lam-viec-chan-quy-ama-st123c\/#breadcrumb\"},\"inLanguage\":\"en-US\",\"potentialAction\":[{\"@type\":\"ReadAction\",\"target\":[\"https:\/\/amafurni.vn\/san-pham\/ghe-lam-viec-chan-quy-ama-st123c\/\"]}]},{\"@type\":\"BreadcrumbList\",\"@id\":\"https:\/\/amafurni.vn\/san-pham\/ghe-lam-viec-chan-quy-ama-st123c\/#breadcrumb\",\"itemListElement\":[{\"@type\":\"ListItem\",\"position\":1,\"name\":\"Trang ch\u1ee7\",\"item\":\"https:\/\/amafurni.vn\/\"},{\"@type\":\"ListItem\",\"position\":2,\"name\":\"S\u1ea3n ph\u1ea9m\",\"item\":\"https:\/\/amafurni.vn\/san-pham\/\"},{\"@type\":\"ListItem\",\"position\":3,\"name\":\"Gh\u1ebf ch\u00e2n qu\u1ef3 AMA-ST123C\"}]},{\"@type\":\"WebSite\",\"@id\":\"https:\/\/amafurni.vn\/#website\",\"url\":\"https:\/\/amafurni.vn\/\",\"name\":\"AMAFURNI\",\"description\":\"\",\"potentialAction\":[{\"@type\":\"SearchAction\",\"target\":{\"@type\":\"EntryPoint\",\"urlTemplate\":\"https:\/\/amafurni.vn\/?s={search_term_string}\"},\"query-input\":\"required name=search_term_string\"}],\"inLanguage\":\"en-US\"}]}<\/script>\n<!-- \/ Yoast SEO Premium plugin. -->","yoast_head_json":{"title":"Gh\u1ebf ch\u00e2n qu\u1ef3 AMA-ST123C - AMAFURNI","robots":{"index":"index","follow":"follow","max-snippet":"max-snippet:-1","max-image-preview":"max-image-preview:large","max-video-preview":"max-video-preview:-1"},"canonical":"https:\/\/amafurni.vn\/en\/product\/ghe-lam-viec-chan-quy-ama-st123c\/","og_locale":"en_US","og_type":"article","og_title":"Gh\u1ebf ch\u00e2n qu\u1ef3 AMA-ST123C","og_description":"Ch\u1ea5t Li\u1ec7u T\u00ednh N\u0103ng M\u00e0u S\u1eafc Xu\u1ea5t X\u1ee9 B\u1ea3o h\u00e0nh Gh\u1ebf nh\u00e2n vi\u00ean, t\u1ef1a nh\u1ef1a b\u1ecdc l\u01b0\u1edbi, \u0111\u1ec7m v\u1ea3i l\u01b0\u1edbi x\u1ed1p, ch\u00e2n qu\u1ef3 m\u1ea1 chrome tho\u1ea3i m\u00e1i nh\u01b0 h\u00ecnh,\u00a0 Nh\u1eadp Ngo\u1ea1i . 12 th\u00e1ng k\u1ef9 thu\u1eadt","og_url":"https:\/\/amafurni.vn\/en\/product\/ghe-lam-viec-chan-quy-ama-st123c\/","og_site_name":"AMAFURNI","article_modified_time":"2026-03-13T14:53:42+00:00","og_image":[{"width":800,"height":800,"url":"https:\/\/amafurni.vn\/wp-content\/uploads\/2023\/12\/ghe-lam-viec-chan-quy-ama-st123c_65704504e01cc.jpeg","type":"image\/jpeg"}],"twitter_card":"summary_large_image","schema":{"@context":"https:\/\/schema.org","@graph":[{"@type":"WebPage","@id":"https:\/\/amafurni.vn\/san-pham\/ghe-lam-viec-chan-quy-ama-st123c\/","url":"https:\/\/amafurni.vn\/san-pham\/ghe-lam-viec-chan-quy-ama-st123c\/","name":"Gh\u1ebf ch\u00e2n qu\u1ef3 AMA-ST123C - AMAFURNI","isPartOf":{"@id":"https:\/\/amafurni.vn\/#website"},"datePublished":"2023-12-06T09:55:16+00:00","dateModified":"2026-03-13T14:53:42+00:00","breadcrumb":{"@id":"https:\/\/amafurni.vn\/san-pham\/ghe-lam-viec-chan-quy-ama-st123c\/#breadcrumb"},"inLanguage":"en-US","potentialAction":[{"@type":"ReadAction","target":["https:\/\/amafurni.vn\/san-pham\/ghe-lam-viec-chan-quy-ama-st123c\/"]}]},{"@type":"BreadcrumbList","@id":"https:\/\/amafurni.vn\/san-pham\/ghe-lam-viec-chan-quy-ama-st123c\/#breadcrumb","itemListElement":[{"@type":"ListItem","position":1,"name":"Trang ch\u1ee7","item":"https:\/\/amafurni.vn\/"},{"@type":"ListItem","position":2,"name":"S\u1ea3n ph\u1ea9m","item":"https:\/\/amafurni.vn\/san-pham\/"},{"@type":"ListItem","position":3,"name":"Gh\u1ebf ch\u00e2n qu\u1ef3 AMA-ST123C"}]},{"@type":"WebSite","@id":"https:\/\/amafurni.vn\/#website","url":"https:\/\/amafurni.vn\/","name":"AMAFURNI","description":"","potentialAction":[{"@type":"SearchAction","target":{"@type":"EntryPoint","urlTemplate":"https:\/\/amafurni.vn\/?s={search_term_string}"},"query-input":"required name=search_term_string"}],"inLanguage":"en-US"}]}},"_links":{"self":[{"href":"https:\/\/amafurni.vn\/en\/wp-json\/wp\/v2\/product\/3187"}],"collection":[{"href":"https:\/\/amafurni.vn\/en\/wp-json\/wp\/v2\/product"}],"about":[{"href":"https:\/\/amafurni.vn\/en\/wp-json\/wp\/v2\/types\/product"}],"replies":[{"embeddable":true,"href":"https:\/\/amafurni.vn\/en\/wp-json\/wp\/v2\/comments?post=3187"}],"wp:featuredmedia":[{"embeddable":true,"href":"https:\/\/amafurni.vn\/en\/wp-json\/wp\/v2\/media\/3188"}],"wp:attachment":[{"href":"https:\/\/amafurni.vn\/en\/wp-json\/wp\/v2\/media?parent=3187"}],"wp:term":[{"taxonomy":"product_cat","embeddable":true,"href":"https:\/\/amafurni.vn\/en\/wp-json\/wp\/v2\/product_cat?post=3187"},{"taxonomy":"product_tag","embeddable":true,"href":"https:\/\/amafurni.vn\/en\/wp-json\/wp\/v2\/product_tag?post=3187"}],"curies":[{"name":"wp","href":"https:\/\/api.w.org\/{rel}","templated":true}]}}