{"id":3191,"date":"2023-12-06T16:55:30","date_gmt":"2023-12-06T09:55:30","guid":{"rendered":"https:\/\/amafurni.123websitedev.com\/san-pham\/ghe-lam-viec-chan-quy-ama-st203c\/"},"modified":"2026-03-14T19:58:42","modified_gmt":"2026-03-14T12:58:42","slug":"ghe-lam-viec-chan-quy-ama-st203c","status":"publish","type":"product","link":"https:\/\/amafurni.vn\/en\/product\/ghe-lam-viec-chan-quy-ama-st203c\/","title":{"rendered":"Gh\u1ebf ch\u00e2n qu\u1ef3 AMA-ST203C"},"content":{"rendered":"<table class=\"woocommerce-product-attributes shop_attributes\" style=\"width: 101.586652%; height: 282px;\" width=\"929\">\n<tbody>\n<tr class=\"woocommerce-product-attributes-item woocommerce-product-attributes-item--attribute_season\">\n<th class=\"woocommerce-product-attributes-item__label\" style=\"width: 13.122172%;\">Material<\/th>\n<td class=\"woocommerce-product-attributes-item__value\" style=\"width: 85.859729%;\">Khung s\u01b0\u1eddn G\u1ed7 &amp; S\u1eaft, N\u1ec7m m\u00fat, B\u1ecdc DA C\u00d4NG NGHI\u1ec6P, Ch\u00e2n gh\u1ebf th\u00e9p m\u1ea1 Crome.<\/td>\n<\/tr>\n<tr class=\"woocommerce-product-attributes-item woocommerce-product-attributes-item--attribute_pa_color\">\n<th class=\"woocommerce-product-attributes-item__label\" style=\"width: 13.122172%;\">M\u00e0u S\u1eafc<\/th>\n<td class=\"woocommerce-product-attributes-item__value\" style=\"width: 85.859729%;\">\u0110en (S\u1ea3n xu\u1ea5t theo b\u1ea3ng m\u00e0u \u0111a d\u1ea1ng)<\/td>\n<\/tr>\n<tr class=\"woocommerce-product-attributes-item woocommerce-product-attributes-item--attribute_style\">\n<th class=\"woocommerce-product-attributes-item__label\" style=\"width: 13.122172%;\">Size<\/th>\n<td class=\"woocommerce-product-attributes-item__value\" style=\"width: 85.859729%;\">\u00a0550*580*890mm<\/td>\n<\/tr>\n<tr class=\"woocommerce-product-attributes-item woocommerce-product-attributes-item--attribute_pa_material\">\n<th class=\"woocommerce-product-attributes-item__label\" style=\"width: 13.122172%;\">T\u00ednh N\u0103ng<\/th>\n<td class=\"woocommerce-product-attributes-item__value\" style=\"width: 85.859729%;\">\u00a0Ng\u1ed3i c\u1ed1 \u0111\u1ecbnh, C\u00f3 \u1ed1p tay b\u1ecdc Da, C\u00f3 n\u00fat ch\u00e2n ch\u1ed1ng tr\u1ea7y x\u01b0\u1edbc<\/td>\n<\/tr>\n<tr class=\"woocommerce-product-attributes-item woocommerce-product-attributes-item--attribute_item-code\">\n<th class=\"woocommerce-product-attributes-item__label\" style=\"width: 13.122172%;\">B\u1ea3o H\u00e0nh<\/th>\n<td class=\"woocommerce-product-attributes-item__value\" style=\"width: 85.859729%;\">\u00a012 th\u00e1ng<\/td>\n<\/tr>\n<\/tbody>\n<\/table>","protected":false},"excerpt":{"rendered":"<p>Gh\u1ebf ch\u00e2n qu\u1ef3 AMA-ST203C l\u00e0 d\u00f2ng s\u1ea3n ph\u1ea9m Gh\u1ebf l\u00e0m vi\u1ec7c hi\u1ec7n \u0111\u1ea1i v\u1edbi nhi\u1ec1u m\u00e0u s\u1eafc v\u00e0 t\u00ednh n\u0103ng \u0111\u1eb7c bi\u1ec7t gi\u00fap kho\u1ea3ng th\u1eddi gian ng\u1ed3i l\u00e0m vi\u1ec7c c\u1ee7a b\u1ea1n tr\u1edf n\u00ean th\u00fa v\u1ecb v\u00e0 tho\u1ea3i m\u00e1i.<\/p>\n<ul>\n<li>T\u00ednh n\u0103ng :\n<ul>\n<li>Ng\u1ed3i c\u1ed1 \u0111\u1ecbnh<\/li>\n<li>Ph\u00f9 h\u1ee3p v\u1edbi c\u00e1c kh\u00f4ng gian Ph\u00f2ng h\u1ecdp, Ph\u00f2ng h\u1ed9i ngh\u1ecb, Gh\u1ebf ti\u1ebfp kh\u00e1ch<\/li>\n<\/ul>\n<\/li>\n<li>B\u1ea3o h\u00e0nh : 12 th\u00e1ng t\u1ea5t c\u1ea3 l\u1ed7i k\u1ef9 thu\u1eadt<\/li>\n<li>B\u1ea3o tr\u00ec tr\u1ecdn \u0111\u1eddi v\u1edbi \u0111\u1ea7y \u0111\u1ee7 c\u00e1c ph\u1ee5 ki\u1ec7n thay th\u1ebf khi x\u1ea3y ra t\u00ecnh tr\u1ea1ng h\u1ecfng h\u00f3c.<\/li>\n<\/ul>","protected":false},"featured_media":24837,"comment_status":"open","ping_status":"closed","template":"","meta":[],"product_cat":[59,73],"product_tag":[280],"yoast_head":"<!-- This site is optimized with the Yoast SEO Premium plugin v21.7 (Yoast SEO v21.7) - https:\/\/yoast.com\/wordpress\/plugins\/seo\/ -->\n<title>Gh\u1ebf ch\u00e2n qu\u1ef3 AMA-ST203C - AMAFURNI<\/title>\n<meta name=\"robots\" content=\"index, follow, max-snippet:-1, max-image-preview:large, max-video-preview:-1\" \/>\n<link rel=\"canonical\" href=\"https:\/\/amafurni.vn\/en\/product\/ghe-lam-viec-chan-quy-ama-st203c\/\" \/>\n<meta property=\"og:locale\" content=\"en_US\" \/>\n<meta property=\"og:type\" content=\"article\" \/>\n<meta property=\"og:title\" content=\"Gh\u1ebf ch\u00e2n qu\u1ef3 AMA-ST203C\" \/>\n<meta property=\"og:description\" content=\"Gh\u1ebf ch\u00e2n qu\u1ef3 AMA-ST203C l\u00e0 d\u00f2ng s\u1ea3n ph\u1ea9m Gh\u1ebf l\u00e0m vi\u1ec7c hi\u1ec7n \u0111\u1ea1i v\u1edbi nhi\u1ec1u m\u00e0u s\u1eafc v\u00e0 t\u00ednh n\u0103ng \u0111\u1eb7c bi\u1ec7t gi\u00fap kho\u1ea3ng th\u1eddi gian ng\u1ed3i l\u00e0m vi\u1ec7c c\u1ee7a b\u1ea1n tr\u1edf n\u00ean th\u00fa v\u1ecb v\u00e0 tho\u1ea3i m\u00e1i.   T\u00ednh n\u0103ng :   Ng\u1ed3i c\u1ed1 \u0111\u1ecbnh  Ph\u00f9 h\u1ee3p v\u1edbi c\u00e1c kh\u00f4ng gian Ph\u00f2ng h\u1ecdp, Ph\u00f2ng h\u1ed9i ngh\u1ecb, Gh\u1ebf ti\u1ebfp kh\u00e1ch    B\u1ea3o h\u00e0nh : 12 th\u00e1ng t\u1ea5t c\u1ea3 l\u1ed7i k\u1ef9 thu\u1eadt  B\u1ea3o tr\u00ec tr\u1ecdn \u0111\u1eddi v\u1edbi \u0111\u1ea7y \u0111\u1ee7 c\u00e1c ph\u1ee5 ki\u1ec7n thay th\u1ebf khi x\u1ea3y ra t\u00ecnh tr\u1ea1ng h\u1ecfng h\u00f3c.\" \/>\n<meta property=\"og:url\" content=\"https:\/\/amafurni.vn\/en\/product\/ghe-lam-viec-chan-quy-ama-st203c\/\" \/>\n<meta property=\"og:site_name\" content=\"AMAFURNI\" \/>\n<meta property=\"article:modified_time\" content=\"2026-03-14T12:58:42+00:00\" \/>\n<meta property=\"og:image\" content=\"https:\/\/amafurni.vn\/wp-content\/uploads\/2023\/12\/ST-203C.2.jpeg\" \/>\n\t<meta property=\"og:image:width\" content=\"1272\" \/>\n\t<meta property=\"og:image:height\" content=\"1272\" \/>\n\t<meta property=\"og:image:type\" content=\"image\/jpeg\" \/>\n<meta name=\"twitter:card\" content=\"summary_large_image\" \/>\n<meta name=\"twitter:label1\" content=\"Est. reading time\" \/>\n\t<meta name=\"twitter:data1\" content=\"1 minute\" \/>\n<script type=\"application\/ld+json\" class=\"yoast-schema-graph\">{\"@context\":\"https:\/\/schema.org\",\"@graph\":[{\"@type\":\"WebPage\",\"@id\":\"https:\/\/amafurni.vn\/san-pham\/ghe-lam-viec-chan-quy-ama-st203c\/\",\"url\":\"https:\/\/amafurni.vn\/san-pham\/ghe-lam-viec-chan-quy-ama-st203c\/\",\"name\":\"Gh\u1ebf ch\u00e2n qu\u1ef3 AMA-ST203C - AMAFURNI\",\"isPartOf\":{\"@id\":\"https:\/\/amafurni.vn\/#website\"},\"datePublished\":\"2023-12-06T09:55:30+00:00\",\"dateModified\":\"2026-03-14T12:58:42+00:00\",\"breadcrumb\":{\"@id\":\"https:\/\/amafurni.vn\/san-pham\/ghe-lam-viec-chan-quy-ama-st203c\/#breadcrumb\"},\"inLanguage\":\"en-US\",\"potentialAction\":[{\"@type\":\"ReadAction\",\"target\":[\"https:\/\/amafurni.vn\/san-pham\/ghe-lam-viec-chan-quy-ama-st203c\/\"]}]},{\"@type\":\"BreadcrumbList\",\"@id\":\"https:\/\/amafurni.vn\/san-pham\/ghe-lam-viec-chan-quy-ama-st203c\/#breadcrumb\",\"itemListElement\":[{\"@type\":\"ListItem\",\"position\":1,\"name\":\"Trang ch\u1ee7\",\"item\":\"https:\/\/amafurni.vn\/\"},{\"@type\":\"ListItem\",\"position\":2,\"name\":\"S\u1ea3n ph\u1ea9m\",\"item\":\"https:\/\/amafurni.vn\/san-pham\/\"},{\"@type\":\"ListItem\",\"position\":3,\"name\":\"Gh\u1ebf ch\u00e2n qu\u1ef3 AMA-ST203C\"}]},{\"@type\":\"WebSite\",\"@id\":\"https:\/\/amafurni.vn\/#website\",\"url\":\"https:\/\/amafurni.vn\/\",\"name\":\"AMAFURNI\",\"description\":\"\",\"potentialAction\":[{\"@type\":\"SearchAction\",\"target\":{\"@type\":\"EntryPoint\",\"urlTemplate\":\"https:\/\/amafurni.vn\/?s={search_term_string}\"},\"query-input\":\"required name=search_term_string\"}],\"inLanguage\":\"en-US\"}]}<\/script>\n<!-- \/ Yoast SEO Premium plugin. -->","yoast_head_json":{"title":"Gh\u1ebf ch\u00e2n qu\u1ef3 AMA-ST203C - AMAFURNI","robots":{"index":"index","follow":"follow","max-snippet":"max-snippet:-1","max-image-preview":"max-image-preview:large","max-video-preview":"max-video-preview:-1"},"canonical":"https:\/\/amafurni.vn\/en\/product\/ghe-lam-viec-chan-quy-ama-st203c\/","og_locale":"en_US","og_type":"article","og_title":"Gh\u1ebf ch\u00e2n qu\u1ef3 AMA-ST203C","og_description":"Gh\u1ebf ch\u00e2n qu\u1ef3 AMA-ST203C l\u00e0 d\u00f2ng s\u1ea3n ph\u1ea9m Gh\u1ebf l\u00e0m vi\u1ec7c hi\u1ec7n \u0111\u1ea1i v\u1edbi nhi\u1ec1u m\u00e0u s\u1eafc v\u00e0 t\u00ednh n\u0103ng \u0111\u1eb7c bi\u1ec7t gi\u00fap kho\u1ea3ng th\u1eddi gian ng\u1ed3i l\u00e0m vi\u1ec7c c\u1ee7a b\u1ea1n tr\u1edf n\u00ean th\u00fa v\u1ecb v\u00e0 tho\u1ea3i m\u00e1i.   T\u00ednh n\u0103ng :   Ng\u1ed3i c\u1ed1 \u0111\u1ecbnh  Ph\u00f9 h\u1ee3p v\u1edbi c\u00e1c kh\u00f4ng gian Ph\u00f2ng h\u1ecdp, Ph\u00f2ng h\u1ed9i ngh\u1ecb, Gh\u1ebf ti\u1ebfp kh\u00e1ch    B\u1ea3o h\u00e0nh : 12 th\u00e1ng t\u1ea5t c\u1ea3 l\u1ed7i k\u1ef9 thu\u1eadt  B\u1ea3o tr\u00ec tr\u1ecdn \u0111\u1eddi v\u1edbi \u0111\u1ea7y \u0111\u1ee7 c\u00e1c ph\u1ee5 ki\u1ec7n thay th\u1ebf khi x\u1ea3y ra t\u00ecnh tr\u1ea1ng h\u1ecfng h\u00f3c.","og_url":"https:\/\/amafurni.vn\/en\/product\/ghe-lam-viec-chan-quy-ama-st203c\/","og_site_name":"AMAFURNI","article_modified_time":"2026-03-14T12:58:42+00:00","og_image":[{"width":1272,"height":1272,"url":"https:\/\/amafurni.vn\/wp-content\/uploads\/2023\/12\/ST-203C.2.jpeg","type":"image\/jpeg"}],"twitter_card":"summary_large_image","twitter_misc":{"Est. reading time":"1 minute"},"schema":{"@context":"https:\/\/schema.org","@graph":[{"@type":"WebPage","@id":"https:\/\/amafurni.vn\/san-pham\/ghe-lam-viec-chan-quy-ama-st203c\/","url":"https:\/\/amafurni.vn\/san-pham\/ghe-lam-viec-chan-quy-ama-st203c\/","name":"Gh\u1ebf ch\u00e2n qu\u1ef3 AMA-ST203C - AMAFURNI","isPartOf":{"@id":"https:\/\/amafurni.vn\/#website"},"datePublished":"2023-12-06T09:55:30+00:00","dateModified":"2026-03-14T12:58:42+00:00","breadcrumb":{"@id":"https:\/\/amafurni.vn\/san-pham\/ghe-lam-viec-chan-quy-ama-st203c\/#breadcrumb"},"inLanguage":"en-US","potentialAction":[{"@type":"ReadAction","target":["https:\/\/amafurni.vn\/san-pham\/ghe-lam-viec-chan-quy-ama-st203c\/"]}]},{"@type":"BreadcrumbList","@id":"https:\/\/amafurni.vn\/san-pham\/ghe-lam-viec-chan-quy-ama-st203c\/#breadcrumb","itemListElement":[{"@type":"ListItem","position":1,"name":"Trang ch\u1ee7","item":"https:\/\/amafurni.vn\/"},{"@type":"ListItem","position":2,"name":"S\u1ea3n ph\u1ea9m","item":"https:\/\/amafurni.vn\/san-pham\/"},{"@type":"ListItem","position":3,"name":"Gh\u1ebf ch\u00e2n qu\u1ef3 AMA-ST203C"}]},{"@type":"WebSite","@id":"https:\/\/amafurni.vn\/#website","url":"https:\/\/amafurni.vn\/","name":"AMAFURNI","description":"","potentialAction":[{"@type":"SearchAction","target":{"@type":"EntryPoint","urlTemplate":"https:\/\/amafurni.vn\/?s={search_term_string}"},"query-input":"required name=search_term_string"}],"inLanguage":"en-US"}]}},"_links":{"self":[{"href":"https:\/\/amafurni.vn\/en\/wp-json\/wp\/v2\/product\/3191"}],"collection":[{"href":"https:\/\/amafurni.vn\/en\/wp-json\/wp\/v2\/product"}],"about":[{"href":"https:\/\/amafurni.vn\/en\/wp-json\/wp\/v2\/types\/product"}],"replies":[{"embeddable":true,"href":"https:\/\/amafurni.vn\/en\/wp-json\/wp\/v2\/comments?post=3191"}],"wp:featuredmedia":[{"embeddable":true,"href":"https:\/\/amafurni.vn\/en\/wp-json\/wp\/v2\/media\/24837"}],"wp:attachment":[{"href":"https:\/\/amafurni.vn\/en\/wp-json\/wp\/v2\/media?parent=3191"}],"wp:term":[{"taxonomy":"product_cat","embeddable":true,"href":"https:\/\/amafurni.vn\/en\/wp-json\/wp\/v2\/product_cat?post=3191"},{"taxonomy":"product_tag","embeddable":true,"href":"https:\/\/amafurni.vn\/en\/wp-json\/wp\/v2\/product_tag?post=3191"}],"curies":[{"name":"wp","href":"https:\/\/api.w.org\/{rel}","templated":true}]}}