{"id":3233,"date":"2023-12-06T16:58:08","date_gmt":"2023-12-06T09:58:08","guid":{"rendered":"https:\/\/amafurni.123websitedev.com\/san-pham\/ghe-phong-hop-chan-quy-ghe-hoi-nghi-ama-vc20103-u1\/"},"modified":"2025-12-20T15:58:47","modified_gmt":"2025-12-20T08:58:47","slug":"ghe-phong-hop-chan-quy-ghe-hoi-nghi-ama-vc20103-u1","status":"publish","type":"product","link":"https:\/\/amafurni.vn\/en\/product\/ghe-phong-hop-chan-quy-ghe-hoi-nghi-ama-vc20103-u1\/","title":{"rendered":"Gh\u1ebf ch\u00e2n qu\u1ef3 AMA-VC20103-U1"},"content":{"rendered":"<div id=\"tab-description\" class=\"tab-pane active bottom20\">\n<table border=\"1\">\n<tbody>\n<tr>\n<td style=\"text-align: center;\"><span style=\"color: #ff0000; font-family: 'times new roman', times, serif;\"><strong>Material<\/strong><\/span><\/td>\n<td style=\"text-align: center;\"><span style=\"color: #ff0000; font-family: 'times new roman', times, serif;\"><strong>Size<\/strong><\/span><\/p>\n<p><span style=\"color: #ff0000; font-family: 'times new roman', times, serif;\"><strong>(D\u00e0i*R\u1ed9ng*cao)<\/strong><\/span><\/td>\n<td style=\"text-align: center;\"><span style=\"color: #ff0000; font-family: 'times new roman', times, serif;\"><strong>\u0110\u1eb7c \u0110i\u1ec3m<\/strong><\/span><\/td>\n<td style=\"text-align: center;\"><span style=\"color: #ff0000; font-family: 'times new roman', times, serif;\"><strong>M\u00e0u S\u1eafc<\/strong><\/span><\/td>\n<td style=\"text-align: center;\"><span style=\"color: #ff0000; font-family: 'times new roman', times, serif;\"><strong>Xu\u1ea5t X\u1ee9<\/strong><\/span><\/td>\n<td style=\"text-align: center;\"><span style=\"color: #ff0000; font-family: 'times new roman', times, serif;\"><strong>B\u1ea3o h\u00e0nh<\/strong><\/span><\/td>\n<td style=\"text-align: center;\"><\/td>\n<\/tr>\n<tr>\n<td><span style=\"font-family: times new roman, times, serif;\">B\u1ecdc Da C\u00f4ng Nghi\u1ec7p<\/span><\/p>\n<p>Tay gh\u1ebf \u1ed1p G\u1ed7<\/p>\n<p>Ch\u00e2n gh\u1ebf H\u1ee3p kim Nh\u00f4m<\/td>\n<td>600*590*980mm<\/td>\n<td><span style=\"font-family: 'times new roman', times, serif;\">&#8211; H\u1ed7 tr\u1ee3 c\u1ed9t s\u1ed1ng \u1edf c\u1ed5.<\/span><br \/>\n<span style=\"font-family: 'times new roman', times, serif;\">&#8211; H\u1ed7 tr\u1ee3 c\u1ed9t s\u1ed1ng \u1edf Ng\u1ef1c<\/span><br \/>\n<span style=\"font-family: 'times new roman', times, serif;\">&#8211; H\u1ed7 tr\u1ee3 c\u1ed9t s\u1ed1ng \u1edf v\u00f9ng th\u1eafc l\u01b0ng.<\/span><br \/>\n<span style=\"font-family: 'times new roman', times, serif;\">&#8211; Ph\u1ea7n gh\u1ebf ng\u1ed3i gi\u00fap ng\u01b0\u1eddi s\u1eed d\u1ee5ng gi\u1eef \u0111\u01b0\u1ee3c v\u1ecb tr\u00ed tho\u1ea3i m\u00e1i v\u00e0 th\u1eb3ng vai\u00a0<\/span><br \/>\n<span style=\"font-family: 'times new roman', times, serif;\">&#8211; C\u00e1i g\u00e1c tay ph\u1eb3ng h\u1ed7 tr\u1ee3 c\u00e1nh tay &amp; kh\u1ee7y tay \u0111\u1eb7c bi\u1ec7t \u1edf nh\u1eefng n\u01a1i kh\u00f4ng c\u00f3 b\u00e0n.<\/span><\/td>\n<td><span style=\"font-family: 'times new roman', times, serif;\"><span style=\"font-family: 'times new roman', times, serif;\">\u0110EN<\/span><\/span><\/td>\n<td><span style=\"font-family: 'times new roman', times, serif;\">H\u00e0ng nh\u1eadp ngo\u1ea1i<\/span><\/td>\n<td><span style=\"font-family: 'times new roman', times, serif;\">12 Th\u00e1ng<\/span><\/td>\n<td><\/td>\n<\/tr>\n<\/tbody>\n<\/table>\n<\/div>","protected":false},"excerpt":{"rendered":"<p>Ch\u1ea5t Li\u1ec7u K\u00edch Th\u01b0\u1edbc (D\u00e0i*R\u1ed9ng*cao) \u0110\u1eb7c \u0110i\u1ec3m M\u00e0u S\u1eafc Xu\u1ea5t X\u1ee9 B\u1ea3o h\u00e0nh B\u1ecdc Da C\u00f4ng Nghi\u1ec7p Tay gh\u1ebf \u1ed1p G\u1ed7 Ch\u00e2n gh\u1ebf H\u1ee3p kim Nh\u00f4m 600*590*980mm &#8211; H\u1ed7 tr\u1ee3 c\u1ed9t s\u1ed1ng \u1edf c\u1ed5. &#8211; H\u1ed7 tr\u1ee3 c\u1ed9t s\u1ed1ng \u1edf Ng\u1ef1c &#8211; H\u1ed7 tr\u1ee3 c\u1ed9t s\u1ed1ng \u1edf v\u00f9ng th\u1eafc l\u01b0ng. &#8211; Ph\u1ea7n gh\u1ebf ng\u1ed3i gi\u00fap [&hellip;]<\/p>","protected":false},"featured_media":3234,"comment_status":"open","ping_status":"closed","template":"","meta":[],"product_cat":[59,73],"product_tag":[280],"yoast_head":"<!-- This site is optimized with the Yoast SEO Premium plugin v21.7 (Yoast SEO v21.7) - https:\/\/yoast.com\/wordpress\/plugins\/seo\/ -->\n<title>Gh\u1ebf ch\u00e2n qu\u1ef3 AMA-VC20103-U1 - AMAFURNI<\/title>\n<meta name=\"robots\" content=\"index, follow, max-snippet:-1, max-image-preview:large, max-video-preview:-1\" \/>\n<link rel=\"canonical\" href=\"https:\/\/amafurni.vn\/en\/product\/ghe-phong-hop-chan-quy-ghe-hoi-nghi-ama-vc20103-u1\/\" \/>\n<meta property=\"og:locale\" content=\"en_US\" \/>\n<meta property=\"og:type\" content=\"article\" \/>\n<meta property=\"og:title\" content=\"Gh\u1ebf ch\u00e2n qu\u1ef3 AMA-VC20103-U1\" \/>\n<meta property=\"og:description\" content=\"Ch\u1ea5t Li\u1ec7u K\u00edch Th\u01b0\u1edbc (D\u00e0i*R\u1ed9ng*cao) \u0110\u1eb7c \u0110i\u1ec3m M\u00e0u S\u1eafc Xu\u1ea5t X\u1ee9 B\u1ea3o h\u00e0nh B\u1ecdc Da C\u00f4ng Nghi\u1ec7p Tay gh\u1ebf \u1ed1p G\u1ed7 Ch\u00e2n gh\u1ebf H\u1ee3p kim Nh\u00f4m 600*590*980mm &#8211; H\u1ed7 tr\u1ee3 c\u1ed9t s\u1ed1ng \u1edf c\u1ed5. &#8211; H\u1ed7 tr\u1ee3 c\u1ed9t s\u1ed1ng \u1edf Ng\u1ef1c &#8211; H\u1ed7 tr\u1ee3 c\u1ed9t s\u1ed1ng \u1edf v\u00f9ng th\u1eafc l\u01b0ng. &#8211; Ph\u1ea7n gh\u1ebf ng\u1ed3i gi\u00fap [&hellip;]\" \/>\n<meta property=\"og:url\" content=\"https:\/\/amafurni.vn\/en\/product\/ghe-phong-hop-chan-quy-ghe-hoi-nghi-ama-vc20103-u1\/\" \/>\n<meta property=\"og:site_name\" content=\"AMAFURNI\" \/>\n<meta property=\"article:modified_time\" content=\"2025-12-20T08:58:47+00:00\" \/>\n<meta property=\"og:image\" content=\"https:\/\/amafurni.vn\/wp-content\/uploads\/2023\/12\/ghe-phong-hop-chan-quy-ghe-hoi-nghi-ama-vc20103-u1_657045b04fa10.jpeg\" \/>\n\t<meta property=\"og:image:width\" content=\"800\" \/>\n\t<meta property=\"og:image:height\" content=\"800\" \/>\n\t<meta property=\"og:image:type\" content=\"image\/jpeg\" \/>\n<meta name=\"twitter:card\" content=\"summary_large_image\" \/>\n<meta name=\"twitter:label1\" content=\"Est. reading time\" \/>\n\t<meta name=\"twitter:data1\" content=\"1 minute\" \/>\n<script type=\"application\/ld+json\" class=\"yoast-schema-graph\">{\"@context\":\"https:\/\/schema.org\",\"@graph\":[{\"@type\":\"WebPage\",\"@id\":\"https:\/\/amafurni.vn\/san-pham\/ghe-phong-hop-chan-quy-ghe-hoi-nghi-ama-vc20103-u1\/\",\"url\":\"https:\/\/amafurni.vn\/san-pham\/ghe-phong-hop-chan-quy-ghe-hoi-nghi-ama-vc20103-u1\/\",\"name\":\"Gh\u1ebf ch\u00e2n qu\u1ef3 AMA-VC20103-U1 - AMAFURNI\",\"isPartOf\":{\"@id\":\"https:\/\/amafurni.vn\/#website\"},\"datePublished\":\"2023-12-06T09:58:08+00:00\",\"dateModified\":\"2025-12-20T08:58:47+00:00\",\"breadcrumb\":{\"@id\":\"https:\/\/amafurni.vn\/san-pham\/ghe-phong-hop-chan-quy-ghe-hoi-nghi-ama-vc20103-u1\/#breadcrumb\"},\"inLanguage\":\"en-US\",\"potentialAction\":[{\"@type\":\"ReadAction\",\"target\":[\"https:\/\/amafurni.vn\/san-pham\/ghe-phong-hop-chan-quy-ghe-hoi-nghi-ama-vc20103-u1\/\"]}]},{\"@type\":\"BreadcrumbList\",\"@id\":\"https:\/\/amafurni.vn\/san-pham\/ghe-phong-hop-chan-quy-ghe-hoi-nghi-ama-vc20103-u1\/#breadcrumb\",\"itemListElement\":[{\"@type\":\"ListItem\",\"position\":1,\"name\":\"Trang ch\u1ee7\",\"item\":\"https:\/\/amafurni.vn\/\"},{\"@type\":\"ListItem\",\"position\":2,\"name\":\"S\u1ea3n ph\u1ea9m\",\"item\":\"https:\/\/amafurni.vn\/san-pham\/\"},{\"@type\":\"ListItem\",\"position\":3,\"name\":\"Gh\u1ebf ch\u00e2n qu\u1ef3 AMA-VC20103-U1\"}]},{\"@type\":\"WebSite\",\"@id\":\"https:\/\/amafurni.vn\/#website\",\"url\":\"https:\/\/amafurni.vn\/\",\"name\":\"AMAFURNI\",\"description\":\"\",\"potentialAction\":[{\"@type\":\"SearchAction\",\"target\":{\"@type\":\"EntryPoint\",\"urlTemplate\":\"https:\/\/amafurni.vn\/?s={search_term_string}\"},\"query-input\":\"required name=search_term_string\"}],\"inLanguage\":\"en-US\"}]}<\/script>\n<!-- \/ Yoast SEO Premium plugin. -->","yoast_head_json":{"title":"Gh\u1ebf ch\u00e2n qu\u1ef3 AMA-VC20103-U1 - AMAFURNI","robots":{"index":"index","follow":"follow","max-snippet":"max-snippet:-1","max-image-preview":"max-image-preview:large","max-video-preview":"max-video-preview:-1"},"canonical":"https:\/\/amafurni.vn\/en\/product\/ghe-phong-hop-chan-quy-ghe-hoi-nghi-ama-vc20103-u1\/","og_locale":"en_US","og_type":"article","og_title":"Gh\u1ebf ch\u00e2n qu\u1ef3 AMA-VC20103-U1","og_description":"Ch\u1ea5t Li\u1ec7u K\u00edch Th\u01b0\u1edbc (D\u00e0i*R\u1ed9ng*cao) \u0110\u1eb7c \u0110i\u1ec3m M\u00e0u S\u1eafc Xu\u1ea5t X\u1ee9 B\u1ea3o h\u00e0nh B\u1ecdc Da C\u00f4ng Nghi\u1ec7p Tay gh\u1ebf \u1ed1p G\u1ed7 Ch\u00e2n gh\u1ebf H\u1ee3p kim Nh\u00f4m 600*590*980mm &#8211; H\u1ed7 tr\u1ee3 c\u1ed9t s\u1ed1ng \u1edf c\u1ed5. &#8211; H\u1ed7 tr\u1ee3 c\u1ed9t s\u1ed1ng \u1edf Ng\u1ef1c &#8211; H\u1ed7 tr\u1ee3 c\u1ed9t s\u1ed1ng \u1edf v\u00f9ng th\u1eafc l\u01b0ng. &#8211; Ph\u1ea7n gh\u1ebf ng\u1ed3i gi\u00fap [&hellip;]","og_url":"https:\/\/amafurni.vn\/en\/product\/ghe-phong-hop-chan-quy-ghe-hoi-nghi-ama-vc20103-u1\/","og_site_name":"AMAFURNI","article_modified_time":"2025-12-20T08:58:47+00:00","og_image":[{"width":800,"height":800,"url":"https:\/\/amafurni.vn\/wp-content\/uploads\/2023\/12\/ghe-phong-hop-chan-quy-ghe-hoi-nghi-ama-vc20103-u1_657045b04fa10.jpeg","type":"image\/jpeg"}],"twitter_card":"summary_large_image","twitter_misc":{"Est. reading time":"1 minute"},"schema":{"@context":"https:\/\/schema.org","@graph":[{"@type":"WebPage","@id":"https:\/\/amafurni.vn\/san-pham\/ghe-phong-hop-chan-quy-ghe-hoi-nghi-ama-vc20103-u1\/","url":"https:\/\/amafurni.vn\/san-pham\/ghe-phong-hop-chan-quy-ghe-hoi-nghi-ama-vc20103-u1\/","name":"Gh\u1ebf ch\u00e2n qu\u1ef3 AMA-VC20103-U1 - AMAFURNI","isPartOf":{"@id":"https:\/\/amafurni.vn\/#website"},"datePublished":"2023-12-06T09:58:08+00:00","dateModified":"2025-12-20T08:58:47+00:00","breadcrumb":{"@id":"https:\/\/amafurni.vn\/san-pham\/ghe-phong-hop-chan-quy-ghe-hoi-nghi-ama-vc20103-u1\/#breadcrumb"},"inLanguage":"en-US","potentialAction":[{"@type":"ReadAction","target":["https:\/\/amafurni.vn\/san-pham\/ghe-phong-hop-chan-quy-ghe-hoi-nghi-ama-vc20103-u1\/"]}]},{"@type":"BreadcrumbList","@id":"https:\/\/amafurni.vn\/san-pham\/ghe-phong-hop-chan-quy-ghe-hoi-nghi-ama-vc20103-u1\/#breadcrumb","itemListElement":[{"@type":"ListItem","position":1,"name":"Trang ch\u1ee7","item":"https:\/\/amafurni.vn\/"},{"@type":"ListItem","position":2,"name":"S\u1ea3n ph\u1ea9m","item":"https:\/\/amafurni.vn\/san-pham\/"},{"@type":"ListItem","position":3,"name":"Gh\u1ebf ch\u00e2n qu\u1ef3 AMA-VC20103-U1"}]},{"@type":"WebSite","@id":"https:\/\/amafurni.vn\/#website","url":"https:\/\/amafurni.vn\/","name":"AMAFURNI","description":"","potentialAction":[{"@type":"SearchAction","target":{"@type":"EntryPoint","urlTemplate":"https:\/\/amafurni.vn\/?s={search_term_string}"},"query-input":"required name=search_term_string"}],"inLanguage":"en-US"}]}},"_links":{"self":[{"href":"https:\/\/amafurni.vn\/en\/wp-json\/wp\/v2\/product\/3233"}],"collection":[{"href":"https:\/\/amafurni.vn\/en\/wp-json\/wp\/v2\/product"}],"about":[{"href":"https:\/\/amafurni.vn\/en\/wp-json\/wp\/v2\/types\/product"}],"replies":[{"embeddable":true,"href":"https:\/\/amafurni.vn\/en\/wp-json\/wp\/v2\/comments?post=3233"}],"wp:featuredmedia":[{"embeddable":true,"href":"https:\/\/amafurni.vn\/en\/wp-json\/wp\/v2\/media\/3234"}],"wp:attachment":[{"href":"https:\/\/amafurni.vn\/en\/wp-json\/wp\/v2\/media?parent=3233"}],"wp:term":[{"taxonomy":"product_cat","embeddable":true,"href":"https:\/\/amafurni.vn\/en\/wp-json\/wp\/v2\/product_cat?post=3233"},{"taxonomy":"product_tag","embeddable":true,"href":"https:\/\/amafurni.vn\/en\/wp-json\/wp\/v2\/product_tag?post=3233"}],"curies":[{"name":"wp","href":"https:\/\/api.w.org\/{rel}","templated":true}]}}