{"id":3307,"date":"2023-12-06T17:26:29","date_gmt":"2023-12-06T10:26:29","guid":{"rendered":"https:\/\/amafurni.123websitedev.com\/san-pham\/ban-lam-viec-nhap-khau-chan-sat-co-hoc-tu-ama-mc14-20\/"},"modified":"2026-03-13T23:09:05","modified_gmt":"2026-03-13T16:09:05","slug":"ban-lam-viec-nhap-khau-chan-sat-co-hoc-tu-ama-mc14-20","status":"publish","type":"product","link":"https:\/\/amafurni.vn\/en\/product\/ban-lam-viec-nhap-khau-chan-sat-co-hoc-tu-ama-mc14-20\/","title":{"rendered":"B\u00e0n l\u00e0m vi\u1ec7c AMA-MC20"},"content":{"rendered":"<div id=\"tab-description\" class=\"tab-pane active bottom20\">\n<table class=\"woocommerce-product-attributes shop_attributes\" style=\"width: 101.217438%; height: 281px;\" width=\"929\">\n<tbody>\n<tr class=\"woocommerce-product-attributes-item woocommerce-product-attributes-item--attribute_season\">\n<th class=\"woocommerce-product-attributes-item__label\">Material<\/th>\n<td class=\"woocommerce-product-attributes-item__value\">MDF ch\u1ed1ng \u1ea9m \u00a0&#8211; Ph\u1ee7 l\u1edbp Melamine ch\u1ed1ng tr\u1ea7y x\u01b0\u1edbc, Ch\u00e2n th\u00e9p s\u01a1n t\u0129nh \u0111i\u1ec7n ch\u1ed1ng tr\u1ea7y<\/td>\n<\/tr>\n<tr class=\"woocommerce-product-attributes-item woocommerce-product-attributes-item--attribute_pa_color\">\n<th class=\"woocommerce-product-attributes-item__label\">M\u00e0u S\u1eafc<\/th>\n<td class=\"woocommerce-product-attributes-item__value\">\u00a0V\u00e0ng s\u1ed3i \/ Tr\u1eafng kem<\/td>\n<\/tr>\n<tr class=\"woocommerce-product-attributes-item woocommerce-product-attributes-item--attribute_style\">\n<th class=\"woocommerce-product-attributes-item__label\">Size<\/th>\n<td class=\"woocommerce-product-attributes-item__value\">1200*600*760mm , 1400*600*760mm<\/td>\n<\/tr>\n<tr class=\"woocommerce-product-attributes-item woocommerce-product-attributes-item--attribute_pa_material\">\n<th class=\"woocommerce-product-attributes-item__label\">T\u00ednh N\u0103ng<\/th>\n<td class=\"woocommerce-product-attributes-item__value\">\u00a0\u0110\u1ed5i g\u00f3c \u0111\u01b0\u1ee3c, C\u00f3 h\u1ed9c k\u00e9o , T\u1ee7 \u0111\u1ef1ng h\u1ed3 s\u01a1<\/td>\n<\/tr>\n<tr class=\"woocommerce-product-attributes-item woocommerce-product-attributes-item--attribute_item-code\">\n<th class=\"woocommerce-product-attributes-item__label\">B\u1ea3o H\u00e0nh<\/th>\n<td class=\"woocommerce-product-attributes-item__value\">01 n\u0103m<\/td>\n<\/tr>\n<\/tbody>\n<\/table>\n<\/div>","protected":false},"excerpt":{"rendered":"<p><strong>B\u00e0n l\u00e0m vi\u1ec7c AMA-MC20 <\/strong>l\u00e0 m\u1eabu b\u00e0n nh\u1eadp kh\u1ea9u tr\u1ef1c ti\u1ebfp c\u1ee7a <strong>AMA FURNITURE<\/strong>\u00a0, v\u1edbi thi\u1ebft k\u1ebf tinh t\u1ebf, t\u1ed1i gian t\u1ea1o n\u00ean v\u1ebb \u0111\u1eb9p sang tr\u1ecdng cho kh\u00f4ng gian V\u0103n ph\u00f2ng.<\/p>\n<ul>\n<li>M\u00e3 SP : AMA-MC20<\/li>\n<li>Ch\u1ea5t li\u1ec7u : MDF &#8211; Melamine<\/li>\n<li>M\u00e0u s\u1eafc : Tr\u1eafng Kem<\/li>\n<li>T\u00ednh n\u0103ng :\n<ul>\n<li>Ch\u1ea5t l\u01b0\u1ee3ng b\u1ec1n ch\u1eafc, s\u1eed d\u1ee5ng l\u00e2u d\u00e0i<\/li>\n<li>D\u1ec5 d\u00e0ng lau ch\u00f9i, v\u1ec7 sinh<\/li>\n<li>Ch\u1ed1ng va \u0111\u1eadp t\u1ed1t<\/li>\n<\/ul>\n<ul>\n<li>M\u1eb7t b\u00e0n thi\u1ebft k\u1ebf tinh t\u1ebf, sang tr\u1ecdng<\/li>\n<\/ul>\n<\/li>\n<\/ul>","protected":false},"featured_media":15567,"comment_status":"open","ping_status":"closed","template":"","meta":[],"product_cat":[59,76],"product_tag":[159],"yoast_head":"<!-- This site is optimized with the Yoast SEO Premium plugin v21.7 (Yoast SEO v21.7) - https:\/\/yoast.com\/wordpress\/plugins\/seo\/ -->\n<title>B\u00e0n l\u00e0m vi\u1ec7c AMA-MC20 - AMAFURNI<\/title>\n<meta name=\"robots\" content=\"index, follow, max-snippet:-1, max-image-preview:large, max-video-preview:-1\" \/>\n<link rel=\"canonical\" href=\"https:\/\/amafurni.vn\/en\/product\/ban-lam-viec-nhap-khau-chan-sat-co-hoc-tu-ama-mc14-20\/\" \/>\n<meta property=\"og:locale\" content=\"en_US\" \/>\n<meta property=\"og:type\" content=\"article\" \/>\n<meta property=\"og:title\" content=\"B\u00e0n l\u00e0m vi\u1ec7c AMA-MC20\" \/>\n<meta property=\"og:description\" content=\"B\u00e0n l\u00e0m vi\u1ec7c AMA-MC20 l\u00e0 m\u1eabu b\u00e0n nh\u1eadp kh\u1ea9u tr\u1ef1c ti\u1ebfp c\u1ee7a AMA FURNITURE\u00a0, v\u1edbi thi\u1ebft k\u1ebf tinh t\u1ebf, t\u1ed1i gian t\u1ea1o n\u00ean v\u1ebb \u0111\u1eb9p sang tr\u1ecdng cho kh\u00f4ng gian V\u0103n ph\u00f2ng.   M\u00e3 SP : AMA-MC20  Ch\u1ea5t li\u1ec7u : MDF - Melamine  M\u00e0u s\u1eafc : Tr\u1eafng Kem  T\u00ednh n\u0103ng :   Ch\u1ea5t l\u01b0\u1ee3ng b\u1ec1n ch\u1eafc, s\u1eed d\u1ee5ng l\u00e2u d\u00e0i  D\u1ec5 d\u00e0ng lau ch\u00f9i, v\u1ec7 sinh  Ch\u1ed1ng va \u0111\u1eadp t\u1ed1t    M\u1eb7t b\u00e0n thi\u1ebft k\u1ebf tinh t\u1ebf, sang tr\u1ecdng\" \/>\n<meta property=\"og:url\" content=\"https:\/\/amafurni.vn\/en\/product\/ban-lam-viec-nhap-khau-chan-sat-co-hoc-tu-ama-mc14-20\/\" \/>\n<meta property=\"og:site_name\" content=\"AMAFURNI\" \/>\n<meta property=\"article:modified_time\" content=\"2026-03-13T16:09:05+00:00\" \/>\n<meta property=\"og:image\" content=\"https:\/\/amafurni.vn\/wp-content\/uploads\/2024\/06\/MC20-12.jpeg\" \/>\n\t<meta property=\"og:image:width\" content=\"1881\" \/>\n\t<meta property=\"og:image:height\" content=\"1881\" \/>\n\t<meta property=\"og:image:type\" content=\"image\/jpeg\" \/>\n<meta name=\"twitter:card\" content=\"summary_large_image\" \/>\n<meta name=\"twitter:label1\" content=\"Est. reading time\" \/>\n\t<meta name=\"twitter:data1\" content=\"1 minute\" \/>\n<script type=\"application\/ld+json\" class=\"yoast-schema-graph\">{\"@context\":\"https:\/\/schema.org\",\"@graph\":[{\"@type\":\"WebPage\",\"@id\":\"https:\/\/amafurni.vn\/san-pham\/ban-lam-viec-nhap-khau-chan-sat-co-hoc-tu-ama-mc14-20\/\",\"url\":\"https:\/\/amafurni.vn\/san-pham\/ban-lam-viec-nhap-khau-chan-sat-co-hoc-tu-ama-mc14-20\/\",\"name\":\"B\u00e0n l\u00e0m vi\u1ec7c AMA-MC20 - AMAFURNI\",\"isPartOf\":{\"@id\":\"https:\/\/amafurni.vn\/#website\"},\"datePublished\":\"2023-12-06T10:26:29+00:00\",\"dateModified\":\"2026-03-13T16:09:05+00:00\",\"breadcrumb\":{\"@id\":\"https:\/\/amafurni.vn\/san-pham\/ban-lam-viec-nhap-khau-chan-sat-co-hoc-tu-ama-mc14-20\/#breadcrumb\"},\"inLanguage\":\"en-US\",\"potentialAction\":[{\"@type\":\"ReadAction\",\"target\":[\"https:\/\/amafurni.vn\/san-pham\/ban-lam-viec-nhap-khau-chan-sat-co-hoc-tu-ama-mc14-20\/\"]}]},{\"@type\":\"BreadcrumbList\",\"@id\":\"https:\/\/amafurni.vn\/san-pham\/ban-lam-viec-nhap-khau-chan-sat-co-hoc-tu-ama-mc14-20\/#breadcrumb\",\"itemListElement\":[{\"@type\":\"ListItem\",\"position\":1,\"name\":\"Trang ch\u1ee7\",\"item\":\"https:\/\/amafurni.vn\/\"},{\"@type\":\"ListItem\",\"position\":2,\"name\":\"S\u1ea3n ph\u1ea9m\",\"item\":\"https:\/\/amafurni.vn\/san-pham\/\"},{\"@type\":\"ListItem\",\"position\":3,\"name\":\"B\u00e0n l\u00e0m vi\u1ec7c AMA-MC20\"}]},{\"@type\":\"WebSite\",\"@id\":\"https:\/\/amafurni.vn\/#website\",\"url\":\"https:\/\/amafurni.vn\/\",\"name\":\"AMAFURNI\",\"description\":\"\",\"potentialAction\":[{\"@type\":\"SearchAction\",\"target\":{\"@type\":\"EntryPoint\",\"urlTemplate\":\"https:\/\/amafurni.vn\/?s={search_term_string}\"},\"query-input\":\"required name=search_term_string\"}],\"inLanguage\":\"en-US\"}]}<\/script>\n<!-- \/ Yoast SEO Premium plugin. -->","yoast_head_json":{"title":"B\u00e0n l\u00e0m vi\u1ec7c AMA-MC20 - AMAFURNI","robots":{"index":"index","follow":"follow","max-snippet":"max-snippet:-1","max-image-preview":"max-image-preview:large","max-video-preview":"max-video-preview:-1"},"canonical":"https:\/\/amafurni.vn\/en\/product\/ban-lam-viec-nhap-khau-chan-sat-co-hoc-tu-ama-mc14-20\/","og_locale":"en_US","og_type":"article","og_title":"B\u00e0n l\u00e0m vi\u1ec7c AMA-MC20","og_description":"B\u00e0n l\u00e0m vi\u1ec7c AMA-MC20 l\u00e0 m\u1eabu b\u00e0n nh\u1eadp kh\u1ea9u tr\u1ef1c ti\u1ebfp c\u1ee7a AMA FURNITURE\u00a0, v\u1edbi thi\u1ebft k\u1ebf tinh t\u1ebf, t\u1ed1i gian t\u1ea1o n\u00ean v\u1ebb \u0111\u1eb9p sang tr\u1ecdng cho kh\u00f4ng gian V\u0103n ph\u00f2ng.   M\u00e3 SP : AMA-MC20  Ch\u1ea5t li\u1ec7u : MDF - Melamine  M\u00e0u s\u1eafc : Tr\u1eafng Kem  T\u00ednh n\u0103ng :   Ch\u1ea5t l\u01b0\u1ee3ng b\u1ec1n ch\u1eafc, s\u1eed d\u1ee5ng l\u00e2u d\u00e0i  D\u1ec5 d\u00e0ng lau ch\u00f9i, v\u1ec7 sinh  Ch\u1ed1ng va \u0111\u1eadp t\u1ed1t    M\u1eb7t b\u00e0n thi\u1ebft k\u1ebf tinh t\u1ebf, sang tr\u1ecdng","og_url":"https:\/\/amafurni.vn\/en\/product\/ban-lam-viec-nhap-khau-chan-sat-co-hoc-tu-ama-mc14-20\/","og_site_name":"AMAFURNI","article_modified_time":"2026-03-13T16:09:05+00:00","og_image":[{"width":1881,"height":1881,"url":"https:\/\/amafurni.vn\/wp-content\/uploads\/2024\/06\/MC20-12.jpeg","type":"image\/jpeg"}],"twitter_card":"summary_large_image","twitter_misc":{"Est. reading time":"1 minute"},"schema":{"@context":"https:\/\/schema.org","@graph":[{"@type":"WebPage","@id":"https:\/\/amafurni.vn\/san-pham\/ban-lam-viec-nhap-khau-chan-sat-co-hoc-tu-ama-mc14-20\/","url":"https:\/\/amafurni.vn\/san-pham\/ban-lam-viec-nhap-khau-chan-sat-co-hoc-tu-ama-mc14-20\/","name":"B\u00e0n l\u00e0m vi\u1ec7c AMA-MC20 - AMAFURNI","isPartOf":{"@id":"https:\/\/amafurni.vn\/#website"},"datePublished":"2023-12-06T10:26:29+00:00","dateModified":"2026-03-13T16:09:05+00:00","breadcrumb":{"@id":"https:\/\/amafurni.vn\/san-pham\/ban-lam-viec-nhap-khau-chan-sat-co-hoc-tu-ama-mc14-20\/#breadcrumb"},"inLanguage":"en-US","potentialAction":[{"@type":"ReadAction","target":["https:\/\/amafurni.vn\/san-pham\/ban-lam-viec-nhap-khau-chan-sat-co-hoc-tu-ama-mc14-20\/"]}]},{"@type":"BreadcrumbList","@id":"https:\/\/amafurni.vn\/san-pham\/ban-lam-viec-nhap-khau-chan-sat-co-hoc-tu-ama-mc14-20\/#breadcrumb","itemListElement":[{"@type":"ListItem","position":1,"name":"Trang ch\u1ee7","item":"https:\/\/amafurni.vn\/"},{"@type":"ListItem","position":2,"name":"S\u1ea3n ph\u1ea9m","item":"https:\/\/amafurni.vn\/san-pham\/"},{"@type":"ListItem","position":3,"name":"B\u00e0n l\u00e0m vi\u1ec7c AMA-MC20"}]},{"@type":"WebSite","@id":"https:\/\/amafurni.vn\/#website","url":"https:\/\/amafurni.vn\/","name":"AMAFURNI","description":"","potentialAction":[{"@type":"SearchAction","target":{"@type":"EntryPoint","urlTemplate":"https:\/\/amafurni.vn\/?s={search_term_string}"},"query-input":"required name=search_term_string"}],"inLanguage":"en-US"}]}},"_links":{"self":[{"href":"https:\/\/amafurni.vn\/en\/wp-json\/wp\/v2\/product\/3307"}],"collection":[{"href":"https:\/\/amafurni.vn\/en\/wp-json\/wp\/v2\/product"}],"about":[{"href":"https:\/\/amafurni.vn\/en\/wp-json\/wp\/v2\/types\/product"}],"replies":[{"embeddable":true,"href":"https:\/\/amafurni.vn\/en\/wp-json\/wp\/v2\/comments?post=3307"}],"wp:featuredmedia":[{"embeddable":true,"href":"https:\/\/amafurni.vn\/en\/wp-json\/wp\/v2\/media\/15567"}],"wp:attachment":[{"href":"https:\/\/amafurni.vn\/en\/wp-json\/wp\/v2\/media?parent=3307"}],"wp:term":[{"taxonomy":"product_cat","embeddable":true,"href":"https:\/\/amafurni.vn\/en\/wp-json\/wp\/v2\/product_cat?post=3307"},{"taxonomy":"product_tag","embeddable":true,"href":"https:\/\/amafurni.vn\/en\/wp-json\/wp\/v2\/product_tag?post=3307"}],"curies":[{"name":"wp","href":"https:\/\/api.w.org\/{rel}","templated":true}]}}