{"id":3313,"date":"2023-12-06T17:26:57","date_gmt":"2023-12-06T10:26:57","guid":{"rendered":"https:\/\/amafurni.123websitedev.com\/san-pham\/bo-ban-giam-doc-nhap-khau-cao-cap-ama-mb2101-24\/"},"modified":"2026-01-22T23:14:24","modified_gmt":"2026-01-22T16:14:24","slug":"bo-ban-giam-doc-nhap-khau-cao-cap-ama-mb2101-24","status":"publish","type":"product","link":"https:\/\/amafurni.vn\/en\/product\/bo-ban-giam-doc-nhap-khau-cao-cap-ama-mb2101-24\/","title":{"rendered":"B\u00e0n gi\u00e1m \u0111\u1ed1c AMA-2101"},"content":{"rendered":"<table class=\"woocommerce-product-attributes shop_attributes\" style=\"width: 100.57746%; height: 287px;\" width=\"929\">\n<tbody>\n<tr class=\"woocommerce-product-attributes-item woocommerce-product-attributes-item--attribute_season\" style=\"height: 24px;\">\n<th class=\"woocommerce-product-attributes-item__label\" style=\"height: 45px; width: 13.8532%;\">Material<\/th>\n<td class=\"woocommerce-product-attributes-item__value\" style=\"height: 45px; width: 85.2089%;\">MDF &#8211; PAPER<\/td>\n<\/tr>\n<tr class=\"woocommerce-product-attributes-item woocommerce-product-attributes-item--attribute_pa_color\" style=\"height: 24px;\">\n<th class=\"woocommerce-product-attributes-item__label\" style=\"height: 41px; width: 13.8532%;\">M\u00e0u S\u1eafc<\/th>\n<td class=\"woocommerce-product-attributes-item__value\" style=\"height: 41px; width: 85.2089%;\">H\u1ea0T D\u1eba S\u1ed2I<\/td>\n<\/tr>\n<tr class=\"woocommerce-product-attributes-item woocommerce-product-attributes-item--attribute_style\" style=\"height: 24px;\">\n<th class=\"woocommerce-product-attributes-item__label\" style=\"height: 33px; width: 13.8532%;\">Size<\/th>\n<td class=\"woocommerce-product-attributes-item__value\" style=\"height: 33px; width: 85.2089%;\">2400*1100*760mm<\/td>\n<\/tr>\n<tr class=\"woocommerce-product-attributes-item woocommerce-product-attributes-item--attribute_pa_material\" style=\"height: 24px;\">\n<th class=\"woocommerce-product-attributes-item__label\" style=\"height: 44px; width: 13.8532%;\">T\u00ednh N\u0103ng<\/th>\n<td class=\"woocommerce-product-attributes-item__value\" style=\"height: 44px; width: 85.2089%;\">B\u1ed8 G\u1ed2M 03 M\u00d3N : 01 b\u00e0n ch\u00ednh, 01 T\u1ee7 ph\u1ee5 (1400*450*670) , 01 Th\u00f9ng di \u0111\u1ed9ng 3 ng\u0103n (450*450*670)<\/td>\n<\/tr>\n<tr class=\"woocommerce-product-attributes-item woocommerce-product-attributes-item--attribute_item-code\" style=\"height: 24px;\">\n<th class=\"woocommerce-product-attributes-item__label\" style=\"height: 56px; width: 13.8532%;\">B\u1ea3o H\u00e0nh<\/th>\n<td class=\"woocommerce-product-attributes-item__value\" style=\"height: 56px; width: 85.2089%;\">1 n\u0103m<\/td>\n<\/tr>\n<\/tbody>\n<\/table>","protected":false},"excerpt":{"rendered":"<p><strong>Director&#039;s desk\u00a0<\/strong>l\u00e0 1 m\u1eabu b\u00e0n nh\u1eadp kh\u1ea9u tr\u1ef1c ti\u1ebfp c\u1ee7a\u00a0<strong>N\u1ed8I TH\u1ea4T AMA FURNITURE<\/strong>\u00a0, v\u1edbi thi\u1ebft k\u1ebf tinh t\u1ebf, t\u1ed1i gian t\u1ea1o n\u00ean v\u1ebb \u0111\u1eb9p sang tr\u1ecdng cho kh\u00f4ng gian V\u0103n ph\u00f2ng.<\/p>\n<ul>\n<li>M\u00e3 SP : AMA-2101<\/li>\n<li>Ch\u1ea5t li\u1ec7u : MDF Melamin<\/li>\n<li>T\u00ednh n\u0103ng :\n<ul>\n<li>Ch\u1ea5t l\u01b0\u1ee3ng b\u1ec1n ch\u1eafc, s\u1eed d\u1ee5ng l\u00e2u d\u00e0i<\/li>\n<li>D\u1ec5 d\u00e0ng lau ch\u00f9i, v\u1ec7 sinh<\/li>\n<li>Ch\u1ed1ng va \u0111\u1eadp t\u1ed1t<\/li>\n<\/ul>\n<ul>\n<li>M\u1eb7t b\u00e0n thi\u1ebft k\u1ebf tinh t\u1ebf, sang tr\u1ecdng<\/li>\n<\/ul>\n<\/li>\n<\/ul>","protected":false},"featured_media":24555,"comment_status":"open","ping_status":"closed","template":"","meta":[],"product_cat":[59,75],"product_tag":[233],"yoast_head":"<!-- This site is optimized with the Yoast SEO Premium plugin v21.7 (Yoast SEO v21.7) - https:\/\/yoast.com\/wordpress\/plugins\/seo\/ -->\n<title>B\u00e0n gi\u00e1m \u0111\u1ed1c AMA-2101 - AMAFURNI<\/title>\n<meta name=\"description\" content=\"B\u00e0n gi\u00e1m \u0111\u1ed1c b\u00e0n l\u00e0m vi\u1ec7c cao c\u1ea5p h\u00e0ng nh\u1eadp kh\u1ea9u v\u1edbi m\u00e0u s\u1eafc \u0111a d\u1ea1ng v\u00e0 ki\u1ec3u d\u00e1ng sang tr\u1ecdng \u0111\u01b0\u1ee3c AMA Furniture ph\u00e2n ph\u1ed1i\" \/>\n<meta name=\"robots\" content=\"index, follow, max-snippet:-1, max-image-preview:large, max-video-preview:-1\" \/>\n<link rel=\"canonical\" href=\"https:\/\/amafurni.vn\/en\/product\/bo-ban-giam-doc-nhap-khau-cao-cap-ama-mb2101-24\/\" \/>\n<meta property=\"og:locale\" content=\"en_US\" \/>\n<meta property=\"og:type\" content=\"article\" \/>\n<meta property=\"og:title\" content=\"B\u00e0n gi\u00e1m \u0111\u1ed1c AMA-2101\" \/>\n<meta property=\"og:description\" content=\"B\u00e0n gi\u00e1m \u0111\u1ed1c b\u00e0n l\u00e0m vi\u1ec7c cao c\u1ea5p h\u00e0ng nh\u1eadp kh\u1ea9u v\u1edbi m\u00e0u s\u1eafc \u0111a d\u1ea1ng v\u00e0 ki\u1ec3u d\u00e1ng sang tr\u1ecdng \u0111\u01b0\u1ee3c AMA Furniture ph\u00e2n ph\u1ed1i\" \/>\n<meta property=\"og:url\" content=\"https:\/\/amafurni.vn\/en\/product\/bo-ban-giam-doc-nhap-khau-cao-cap-ama-mb2101-24\/\" \/>\n<meta property=\"og:site_name\" content=\"AMAFURNI\" \/>\n<meta property=\"article:modified_time\" content=\"2026-01-22T16:14:24+00:00\" \/>\n<meta property=\"og:image\" content=\"https:\/\/amafurni.vn\/wp-content\/uploads\/2023\/12\/2101.png\" \/>\n\t<meta property=\"og:image:width\" content=\"1215\" \/>\n\t<meta property=\"og:image:height\" content=\"830\" \/>\n\t<meta property=\"og:image:type\" content=\"image\/png\" \/>\n<meta name=\"twitter:card\" content=\"summary_large_image\" \/>\n<meta name=\"twitter:label1\" content=\"Est. reading time\" \/>\n\t<meta name=\"twitter:data1\" content=\"1 minute\" \/>\n<script type=\"application\/ld+json\" class=\"yoast-schema-graph\">{\"@context\":\"https:\/\/schema.org\",\"@graph\":[{\"@type\":\"WebPage\",\"@id\":\"https:\/\/amafurni.vn\/san-pham\/bo-ban-giam-doc-nhap-khau-cao-cap-ama-mb2101-24\/\",\"url\":\"https:\/\/amafurni.vn\/san-pham\/bo-ban-giam-doc-nhap-khau-cao-cap-ama-mb2101-24\/\",\"name\":\"B\u00e0n gi\u00e1m \u0111\u1ed1c AMA-2101 - AMAFURNI\",\"isPartOf\":{\"@id\":\"https:\/\/amafurni.vn\/#website\"},\"datePublished\":\"2023-12-06T10:26:57+00:00\",\"dateModified\":\"2026-01-22T16:14:24+00:00\",\"description\":\"B\u00e0n gi\u00e1m \u0111\u1ed1c b\u00e0n l\u00e0m vi\u1ec7c cao c\u1ea5p h\u00e0ng nh\u1eadp kh\u1ea9u v\u1edbi m\u00e0u s\u1eafc \u0111a d\u1ea1ng v\u00e0 ki\u1ec3u d\u00e1ng sang tr\u1ecdng \u0111\u01b0\u1ee3c AMA Furniture ph\u00e2n ph\u1ed1i\",\"breadcrumb\":{\"@id\":\"https:\/\/amafurni.vn\/san-pham\/bo-ban-giam-doc-nhap-khau-cao-cap-ama-mb2101-24\/#breadcrumb\"},\"inLanguage\":\"en-US\",\"potentialAction\":[{\"@type\":\"ReadAction\",\"target\":[\"https:\/\/amafurni.vn\/san-pham\/bo-ban-giam-doc-nhap-khau-cao-cap-ama-mb2101-24\/\"]}]},{\"@type\":\"BreadcrumbList\",\"@id\":\"https:\/\/amafurni.vn\/san-pham\/bo-ban-giam-doc-nhap-khau-cao-cap-ama-mb2101-24\/#breadcrumb\",\"itemListElement\":[{\"@type\":\"ListItem\",\"position\":1,\"name\":\"Trang ch\u1ee7\",\"item\":\"https:\/\/amafurni.vn\/\"},{\"@type\":\"ListItem\",\"position\":2,\"name\":\"S\u1ea3n ph\u1ea9m\",\"item\":\"https:\/\/amafurni.vn\/san-pham\/\"},{\"@type\":\"ListItem\",\"position\":3,\"name\":\"B\u00e0n gi\u00e1m \u0111\u1ed1c AMA-2101\"}]},{\"@type\":\"WebSite\",\"@id\":\"https:\/\/amafurni.vn\/#website\",\"url\":\"https:\/\/amafurni.vn\/\",\"name\":\"AMAFURNI\",\"description\":\"\",\"potentialAction\":[{\"@type\":\"SearchAction\",\"target\":{\"@type\":\"EntryPoint\",\"urlTemplate\":\"https:\/\/amafurni.vn\/?s={search_term_string}\"},\"query-input\":\"required name=search_term_string\"}],\"inLanguage\":\"en-US\"}]}<\/script>\n<!-- \/ Yoast SEO Premium plugin. -->","yoast_head_json":{"title":"B\u00e0n gi\u00e1m \u0111\u1ed1c AMA-2101 - AMAFURNI","description":"B\u00e0n gi\u00e1m \u0111\u1ed1c b\u00e0n l\u00e0m vi\u1ec7c cao c\u1ea5p h\u00e0ng nh\u1eadp kh\u1ea9u v\u1edbi m\u00e0u s\u1eafc \u0111a d\u1ea1ng v\u00e0 ki\u1ec3u d\u00e1ng sang tr\u1ecdng \u0111\u01b0\u1ee3c AMA Furniture ph\u00e2n ph\u1ed1i","robots":{"index":"index","follow":"follow","max-snippet":"max-snippet:-1","max-image-preview":"max-image-preview:large","max-video-preview":"max-video-preview:-1"},"canonical":"https:\/\/amafurni.vn\/en\/product\/bo-ban-giam-doc-nhap-khau-cao-cap-ama-mb2101-24\/","og_locale":"en_US","og_type":"article","og_title":"B\u00e0n gi\u00e1m \u0111\u1ed1c AMA-2101","og_description":"B\u00e0n gi\u00e1m \u0111\u1ed1c b\u00e0n l\u00e0m vi\u1ec7c cao c\u1ea5p h\u00e0ng nh\u1eadp kh\u1ea9u v\u1edbi m\u00e0u s\u1eafc \u0111a d\u1ea1ng v\u00e0 ki\u1ec3u d\u00e1ng sang tr\u1ecdng \u0111\u01b0\u1ee3c AMA Furniture ph\u00e2n ph\u1ed1i","og_url":"https:\/\/amafurni.vn\/en\/product\/bo-ban-giam-doc-nhap-khau-cao-cap-ama-mb2101-24\/","og_site_name":"AMAFURNI","article_modified_time":"2026-01-22T16:14:24+00:00","og_image":[{"width":1215,"height":830,"url":"https:\/\/amafurni.vn\/wp-content\/uploads\/2023\/12\/2101.png","type":"image\/png"}],"twitter_card":"summary_large_image","twitter_misc":{"Est. reading time":"1 minute"},"schema":{"@context":"https:\/\/schema.org","@graph":[{"@type":"WebPage","@id":"https:\/\/amafurni.vn\/san-pham\/bo-ban-giam-doc-nhap-khau-cao-cap-ama-mb2101-24\/","url":"https:\/\/amafurni.vn\/san-pham\/bo-ban-giam-doc-nhap-khau-cao-cap-ama-mb2101-24\/","name":"B\u00e0n gi\u00e1m \u0111\u1ed1c AMA-2101 - AMAFURNI","isPartOf":{"@id":"https:\/\/amafurni.vn\/#website"},"datePublished":"2023-12-06T10:26:57+00:00","dateModified":"2026-01-22T16:14:24+00:00","description":"B\u00e0n gi\u00e1m \u0111\u1ed1c b\u00e0n l\u00e0m vi\u1ec7c cao c\u1ea5p h\u00e0ng nh\u1eadp kh\u1ea9u v\u1edbi m\u00e0u s\u1eafc \u0111a d\u1ea1ng v\u00e0 ki\u1ec3u d\u00e1ng sang tr\u1ecdng \u0111\u01b0\u1ee3c AMA Furniture ph\u00e2n ph\u1ed1i","breadcrumb":{"@id":"https:\/\/amafurni.vn\/san-pham\/bo-ban-giam-doc-nhap-khau-cao-cap-ama-mb2101-24\/#breadcrumb"},"inLanguage":"en-US","potentialAction":[{"@type":"ReadAction","target":["https:\/\/amafurni.vn\/san-pham\/bo-ban-giam-doc-nhap-khau-cao-cap-ama-mb2101-24\/"]}]},{"@type":"BreadcrumbList","@id":"https:\/\/amafurni.vn\/san-pham\/bo-ban-giam-doc-nhap-khau-cao-cap-ama-mb2101-24\/#breadcrumb","itemListElement":[{"@type":"ListItem","position":1,"name":"Trang ch\u1ee7","item":"https:\/\/amafurni.vn\/"},{"@type":"ListItem","position":2,"name":"S\u1ea3n ph\u1ea9m","item":"https:\/\/amafurni.vn\/san-pham\/"},{"@type":"ListItem","position":3,"name":"B\u00e0n gi\u00e1m \u0111\u1ed1c AMA-2101"}]},{"@type":"WebSite","@id":"https:\/\/amafurni.vn\/#website","url":"https:\/\/amafurni.vn\/","name":"AMAFURNI","description":"","potentialAction":[{"@type":"SearchAction","target":{"@type":"EntryPoint","urlTemplate":"https:\/\/amafurni.vn\/?s={search_term_string}"},"query-input":"required name=search_term_string"}],"inLanguage":"en-US"}]}},"_links":{"self":[{"href":"https:\/\/amafurni.vn\/en\/wp-json\/wp\/v2\/product\/3313"}],"collection":[{"href":"https:\/\/amafurni.vn\/en\/wp-json\/wp\/v2\/product"}],"about":[{"href":"https:\/\/amafurni.vn\/en\/wp-json\/wp\/v2\/types\/product"}],"replies":[{"embeddable":true,"href":"https:\/\/amafurni.vn\/en\/wp-json\/wp\/v2\/comments?post=3313"}],"wp:featuredmedia":[{"embeddable":true,"href":"https:\/\/amafurni.vn\/en\/wp-json\/wp\/v2\/media\/24555"}],"wp:attachment":[{"href":"https:\/\/amafurni.vn\/en\/wp-json\/wp\/v2\/media?parent=3313"}],"wp:term":[{"taxonomy":"product_cat","embeddable":true,"href":"https:\/\/amafurni.vn\/en\/wp-json\/wp\/v2\/product_cat?post=3313"},{"taxonomy":"product_tag","embeddable":true,"href":"https:\/\/amafurni.vn\/en\/wp-json\/wp\/v2\/product_tag?post=3313"}],"curies":[{"name":"wp","href":"https:\/\/api.w.org\/{rel}","templated":true}]}}