{"id":3359,"date":"2023-12-07T09:46:15","date_gmt":"2023-12-07T02:46:15","guid":{"rendered":"https:\/\/amafurni.123websitedev.com\/san-pham\/ghe-thu-gian-nhap-khau-ama-ciel\/"},"modified":"2025-11-12T14:11:03","modified_gmt":"2025-11-12T07:11:03","slug":"ghe-thu-gian-nhap-khau-ama-ciel","status":"publish","type":"product","link":"https:\/\/amafurni.vn\/en\/product\/ghe-thu-gian-nhap-khau-ama-ciel\/","title":{"rendered":"Gh\u1ebf th\u01b0 gi\u00e3n nh\u1eadp kh\u1ea9u AMA-CIEL"},"content":{"rendered":"<table border=\"1\" height=\"213\">\n<tbody><\/tbody>\n<tbody>\n<tr>\n<td><span><strong>Material<\/strong><\/span><\/td>\n<td><\/td>\n<td><span><strong>T\u00ednh N\u0103ng<\/strong><\/span><\/td>\n<td><span><strong>M\u00e0u S\u1eafc<\/strong><\/span><\/td>\n<td><span><strong>Xu\u1ea5t X\u1ee9<\/strong><\/span><\/td>\n<td><span><strong>B\u1ea3o h\u00e0nh<\/strong><\/span><\/td>\n<\/tr>\n<tr>\n<td>\n<p>&#8211; L\u01b0ng: g\u1ed7 b\u1ecdc simili<br \/>&#8211; N\u1ec7m ng\u1ed3i g\u1ed7 b\u1ecdc simili<br \/>&#8211; Ch\u00e2n gh\u1ebf : g\u1ed7<\/p>\n<\/td>\n<td><\/td>\n<td>\n<p>TH\u01af GI\u00c3N<\/p>\n<\/td>\n<td>NH\u01af H\u00ccNH,\u00a0<\/td>\n<td>Nh\u1eadp Ngo\u1ea1i<\/td>\n<td>\n<p>. 12 th\u00e1ng k\u1ef9 thu\u1eadt<\/p>\n<\/td>\n<\/tr>\n<\/tbody>\n<\/table>","protected":false},"excerpt":{"rendered":"<p>Ch\u1ea5t Li\u1ec7u T\u00ednh N\u0103ng M\u00e0u S\u1eafc Xu\u1ea5t X\u1ee9 B\u1ea3o h\u00e0nh &#8211; L\u01b0ng: g\u1ed7 b\u1ecdc simili&#8211; N\u1ec7m ng\u1ed3i g\u1ed7 b\u1ecdc simili&#8211; Ch\u00e2n gh\u1ebf : g\u1ed7 TH\u01af GI\u00c3N NH\u01af H\u00ccNH,\u00a0 Nh\u1eadp Ngo\u1ea1i . 12 th\u00e1ng k\u1ef9 thu\u1eadt<\/p>","protected":false},"featured_media":3360,"comment_status":"open","ping_status":"closed","template":"","meta":[],"product_cat":[61,83],"product_tag":[],"yoast_head":"<!-- This site is optimized with the Yoast SEO Premium plugin v21.7 (Yoast SEO v21.7) - https:\/\/yoast.com\/wordpress\/plugins\/seo\/ -->\n<title>Gh\u1ebf th\u01b0 gi\u00e3n nh\u1eadp kh\u1ea9u AMA-CIEL - AMAFURNI<\/title>\n<meta name=\"robots\" content=\"index, follow, max-snippet:-1, max-image-preview:large, max-video-preview:-1\" \/>\n<link rel=\"canonical\" href=\"https:\/\/amafurni.vn\/en\/product\/ghe-thu-gian-nhap-khau-ama-ciel\/\" \/>\n<meta property=\"og:locale\" content=\"en_US\" \/>\n<meta property=\"og:type\" content=\"article\" \/>\n<meta property=\"og:title\" content=\"Gh\u1ebf th\u01b0 gi\u00e3n nh\u1eadp kh\u1ea9u AMA-CIEL\" \/>\n<meta property=\"og:description\" content=\"Ch\u1ea5t Li\u1ec7u T\u00ednh N\u0103ng M\u00e0u S\u1eafc Xu\u1ea5t X\u1ee9 B\u1ea3o h\u00e0nh &#8211; L\u01b0ng: g\u1ed7 b\u1ecdc simili&#8211; N\u1ec7m ng\u1ed3i g\u1ed7 b\u1ecdc simili&#8211; Ch\u00e2n gh\u1ebf : g\u1ed7 TH\u01af GI\u00c3N NH\u01af H\u00ccNH,\u00a0 Nh\u1eadp Ngo\u1ea1i . 12 th\u00e1ng k\u1ef9 thu\u1eadt\" \/>\n<meta property=\"og:url\" content=\"https:\/\/amafurni.vn\/en\/product\/ghe-thu-gian-nhap-khau-ama-ciel\/\" \/>\n<meta property=\"og:site_name\" content=\"AMAFURNI\" \/>\n<meta property=\"article:modified_time\" content=\"2025-11-12T07:11:03+00:00\" \/>\n<meta property=\"og:image\" content=\"https:\/\/amafurni.vn\/wp-content\/uploads\/2023\/12\/ghe-thu-gian-nhap-khau-ama-ciel_657131f74ffc2.png\" \/>\n\t<meta property=\"og:image:width\" content=\"800\" \/>\n\t<meta property=\"og:image:height\" content=\"800\" \/>\n\t<meta property=\"og:image:type\" content=\"image\/png\" \/>\n<meta name=\"twitter:card\" content=\"summary_large_image\" \/>\n<script type=\"application\/ld+json\" class=\"yoast-schema-graph\">{\"@context\":\"https:\/\/schema.org\",\"@graph\":[{\"@type\":\"WebPage\",\"@id\":\"https:\/\/amafurni.vn\/san-pham\/ghe-thu-gian-nhap-khau-ama-ciel\/\",\"url\":\"https:\/\/amafurni.vn\/san-pham\/ghe-thu-gian-nhap-khau-ama-ciel\/\",\"name\":\"Gh\u1ebf th\u01b0 gi\u00e3n nh\u1eadp kh\u1ea9u AMA-CIEL - AMAFURNI\",\"isPartOf\":{\"@id\":\"https:\/\/amafurni.vn\/#website\"},\"datePublished\":\"2023-12-07T02:46:15+00:00\",\"dateModified\":\"2025-11-12T07:11:03+00:00\",\"breadcrumb\":{\"@id\":\"https:\/\/amafurni.vn\/san-pham\/ghe-thu-gian-nhap-khau-ama-ciel\/#breadcrumb\"},\"inLanguage\":\"en-US\",\"potentialAction\":[{\"@type\":\"ReadAction\",\"target\":[\"https:\/\/amafurni.vn\/san-pham\/ghe-thu-gian-nhap-khau-ama-ciel\/\"]}]},{\"@type\":\"BreadcrumbList\",\"@id\":\"https:\/\/amafurni.vn\/san-pham\/ghe-thu-gian-nhap-khau-ama-ciel\/#breadcrumb\",\"itemListElement\":[{\"@type\":\"ListItem\",\"position\":1,\"name\":\"Trang ch\u1ee7\",\"item\":\"https:\/\/amafurni.vn\/\"},{\"@type\":\"ListItem\",\"position\":2,\"name\":\"S\u1ea3n ph\u1ea9m\",\"item\":\"https:\/\/amafurni.vn\/san-pham\/\"},{\"@type\":\"ListItem\",\"position\":3,\"name\":\"Gh\u1ebf th\u01b0 gi\u00e3n nh\u1eadp kh\u1ea9u AMA-CIEL\"}]},{\"@type\":\"WebSite\",\"@id\":\"https:\/\/amafurni.vn\/#website\",\"url\":\"https:\/\/amafurni.vn\/\",\"name\":\"AMAFURNI\",\"description\":\"\",\"potentialAction\":[{\"@type\":\"SearchAction\",\"target\":{\"@type\":\"EntryPoint\",\"urlTemplate\":\"https:\/\/amafurni.vn\/?s={search_term_string}\"},\"query-input\":\"required name=search_term_string\"}],\"inLanguage\":\"en-US\"}]}<\/script>\n<!-- \/ Yoast SEO Premium plugin. -->","yoast_head_json":{"title":"Gh\u1ebf th\u01b0 gi\u00e3n nh\u1eadp kh\u1ea9u AMA-CIEL - AMAFURNI","robots":{"index":"index","follow":"follow","max-snippet":"max-snippet:-1","max-image-preview":"max-image-preview:large","max-video-preview":"max-video-preview:-1"},"canonical":"https:\/\/amafurni.vn\/en\/product\/ghe-thu-gian-nhap-khau-ama-ciel\/","og_locale":"en_US","og_type":"article","og_title":"Gh\u1ebf th\u01b0 gi\u00e3n nh\u1eadp kh\u1ea9u AMA-CIEL","og_description":"Ch\u1ea5t Li\u1ec7u T\u00ednh N\u0103ng M\u00e0u S\u1eafc Xu\u1ea5t X\u1ee9 B\u1ea3o h\u00e0nh &#8211; L\u01b0ng: g\u1ed7 b\u1ecdc simili&#8211; N\u1ec7m ng\u1ed3i g\u1ed7 b\u1ecdc simili&#8211; Ch\u00e2n gh\u1ebf : g\u1ed7 TH\u01af GI\u00c3N NH\u01af H\u00ccNH,\u00a0 Nh\u1eadp Ngo\u1ea1i . 12 th\u00e1ng k\u1ef9 thu\u1eadt","og_url":"https:\/\/amafurni.vn\/en\/product\/ghe-thu-gian-nhap-khau-ama-ciel\/","og_site_name":"AMAFURNI","article_modified_time":"2025-11-12T07:11:03+00:00","og_image":[{"width":800,"height":800,"url":"https:\/\/amafurni.vn\/wp-content\/uploads\/2023\/12\/ghe-thu-gian-nhap-khau-ama-ciel_657131f74ffc2.png","type":"image\/png"}],"twitter_card":"summary_large_image","schema":{"@context":"https:\/\/schema.org","@graph":[{"@type":"WebPage","@id":"https:\/\/amafurni.vn\/san-pham\/ghe-thu-gian-nhap-khau-ama-ciel\/","url":"https:\/\/amafurni.vn\/san-pham\/ghe-thu-gian-nhap-khau-ama-ciel\/","name":"Gh\u1ebf th\u01b0 gi\u00e3n nh\u1eadp kh\u1ea9u AMA-CIEL - AMAFURNI","isPartOf":{"@id":"https:\/\/amafurni.vn\/#website"},"datePublished":"2023-12-07T02:46:15+00:00","dateModified":"2025-11-12T07:11:03+00:00","breadcrumb":{"@id":"https:\/\/amafurni.vn\/san-pham\/ghe-thu-gian-nhap-khau-ama-ciel\/#breadcrumb"},"inLanguage":"en-US","potentialAction":[{"@type":"ReadAction","target":["https:\/\/amafurni.vn\/san-pham\/ghe-thu-gian-nhap-khau-ama-ciel\/"]}]},{"@type":"BreadcrumbList","@id":"https:\/\/amafurni.vn\/san-pham\/ghe-thu-gian-nhap-khau-ama-ciel\/#breadcrumb","itemListElement":[{"@type":"ListItem","position":1,"name":"Trang ch\u1ee7","item":"https:\/\/amafurni.vn\/"},{"@type":"ListItem","position":2,"name":"S\u1ea3n ph\u1ea9m","item":"https:\/\/amafurni.vn\/san-pham\/"},{"@type":"ListItem","position":3,"name":"Gh\u1ebf th\u01b0 gi\u00e3n nh\u1eadp kh\u1ea9u AMA-CIEL"}]},{"@type":"WebSite","@id":"https:\/\/amafurni.vn\/#website","url":"https:\/\/amafurni.vn\/","name":"AMAFURNI","description":"","potentialAction":[{"@type":"SearchAction","target":{"@type":"EntryPoint","urlTemplate":"https:\/\/amafurni.vn\/?s={search_term_string}"},"query-input":"required name=search_term_string"}],"inLanguage":"en-US"}]}},"_links":{"self":[{"href":"https:\/\/amafurni.vn\/en\/wp-json\/wp\/v2\/product\/3359"}],"collection":[{"href":"https:\/\/amafurni.vn\/en\/wp-json\/wp\/v2\/product"}],"about":[{"href":"https:\/\/amafurni.vn\/en\/wp-json\/wp\/v2\/types\/product"}],"replies":[{"embeddable":true,"href":"https:\/\/amafurni.vn\/en\/wp-json\/wp\/v2\/comments?post=3359"}],"wp:featuredmedia":[{"embeddable":true,"href":"https:\/\/amafurni.vn\/en\/wp-json\/wp\/v2\/media\/3360"}],"wp:attachment":[{"href":"https:\/\/amafurni.vn\/en\/wp-json\/wp\/v2\/media?parent=3359"}],"wp:term":[{"taxonomy":"product_cat","embeddable":true,"href":"https:\/\/amafurni.vn\/en\/wp-json\/wp\/v2\/product_cat?post=3359"},{"taxonomy":"product_tag","embeddable":true,"href":"https:\/\/amafurni.vn\/en\/wp-json\/wp\/v2\/product_tag?post=3359"}],"curies":[{"name":"wp","href":"https:\/\/api.w.org\/{rel}","templated":true}]}}