{"id":3365,"date":"2023-12-07T09:46:36","date_gmt":"2023-12-07T02:46:36","guid":{"rendered":"https:\/\/amafurni.123websitedev.com\/san-pham\/ghe-thu-gian-relax-bap-benh-co-don-gac-chan-ama-tg004\/"},"modified":"2025-11-12T14:11:03","modified_gmt":"2025-11-12T07:11:03","slug":"ghe-thu-gian-relax-bap-benh-co-don-gac-chan-ama-tg004","status":"publish","type":"product","link":"https:\/\/amafurni.vn\/en\/product\/ghe-thu-gian-relax-bap-benh-co-don-gac-chan-ama-tg004\/","title":{"rendered":"Gh\u1ebf Th\u01b0 Gi\u00e3n Relax B\u1eadp B\u00eanh C\u00f3 \u0110\u00f4n G\u00e1c Ch\u00e2n AMA-TG004"},"content":{"rendered":"<table border=\"1\" height=\"438\">\n<tbody><\/tbody>\n<tbody>\n<tr>\n<td><span><strong>Material<\/strong><\/span><\/td>\n<td>\n<p><span><strong>Size<\/strong><\/span><\/p>\n<p><span><strong>(D\u00e0i*R\u1ed9ng*cao)<\/strong><\/span><\/p>\n<\/td>\n<td><span><strong><span color=\"#ff0000\" face=\"times new roman, times, serif\">\u0110\u1eb7c \u0110i\u1ec3m<\/span><\/strong><\/span><\/td>\n<td><span><strong>M\u00e0u S\u1eafc<\/strong><\/span><\/td>\n<td><span><strong>Xu\u1ea5t X\u1ee9<\/strong><\/span><\/td>\n<td><span><strong>B\u1ea3o h\u00e0nh<\/strong><\/span><\/td>\n<td><span><strong>B\u1ed9 s\u1ea3n ph\u1ea9m g\u1ed3m<\/strong><\/span><\/td>\n<\/tr>\n<tr>\n<td>\n<p><span>B\u1ecdc v\u1ea3i,<\/span><\/p>\n<p><span>N\u1ec7m mousse D40 S\u01b0\u1eddn g\u1ed7 &#038; Kim lo\u1ea1i.<\/span><\/p>\n<p>C\u00d3 KHO\u00c1 D\u00c2Y K\u00c9O<\/p>\n<\/td>\n<td>\n<p><span>\u00a0600*500*850<\/span><\/p>\n<\/p>\n<\/td>\n<td><\/p>\n<div><span>&#8211; N\u1eb1m ngh\u1ec9 ng\u1ea3 l\u01b0ng th\u01b0 gi\u00e3n tho\u1ea3i m\u00e1i<\/span><\/div>\n<div><span><\/span><\/div>\n<div><span>&#8211; Xoay 360 \u0111\u1ed9 t\u1ea1i ch\u1ed7 v\u1edbi ch\u00e2n gh\u1ebf gi\u1eef c\u1ed1 \u0111\u1ecbnh<\/span><\/div>\n<div><span>&#8211; D\u1ec5 d\u00e0ng di chuy\u1ec3n \u0111\u1ebfn kh\u1eafp n\u01a1i : gh\u1ebf ch\u1ec9 n\u1eb7ng 10-20kg<\/span><\/div>\n<div><span>&#8211; D\u1ec5 d\u00e0ng v\u1ec7 sinh th\u00e1o gi\u1eb7t : kho\u00e1 d\u00e2y k\u00e9o ti\u1ec7n l\u1ee3i.<\/span><\/div>\n<div><span>&#8211; \u0110a d\u1ea1ng m\u00e0u s\u1eafc :V\u00c0NG , XANH\u00a0<\/span><\/div>\n<\/td>\n<td>\n<p>V\u00c0NG , XANH , X\u00c1M , H\u1ed2NG.<\/p>\n<\/td>\n<td><span>H\u00e0ng nh\u1eadp ngo\u1ea1i<\/span><\/td>\n<td>\n<p><span>12 th\u00e1ng k\u1ef9 thu\u1eadt<\/span><\/p>\n<\/td>\n<td>\n<\/td>\n<\/tr>\n<\/tbody>\n<\/table>","protected":false},"excerpt":{"rendered":"<p>&#8211; N\u1eb1m ngh\u1ec9 ng\u1ea3 l\u01b0ng th\u01b0 gi\u00e3n tho\u1ea3i m\u00e1i<br \/>\n&#8211; Xoay 360 \u0111\u1ed9 t\u1ea1i ch\u1ed7 v\u1edbi ch\u00e2n gh\u1ebf gi\u1eef c\u1ed1 \u0111\u1ecbnh<br \/>\n&#8211; D\u1ec5 d\u00e0ng di chuy\u1ec3n \u0111\u1ebfn kh\u1eafp n\u01a1i : gh\u1ebf ch\u1ec9 n\u1eb7ng 10-20kg<br \/>\n&#8211; D\u1ec5 d\u00e0ng v\u1ec7 sinh th\u00e1o gi\u1eb7t : kho\u00e1 d\u00e2y k\u00e9o ti\u1ec7n l\u1ee3i.<br \/>\n&#8211; \u0110a d\u1ea1ng m\u00e0u s\u1eafc :V\u00c0NG , XANH\u00a0<\/p>","protected":false},"featured_media":3366,"comment_status":"open","ping_status":"closed","template":"","meta":[],"product_cat":[61,83],"product_tag":[],"yoast_head":"<!-- This site is optimized with the Yoast SEO Premium plugin v21.7 (Yoast SEO v21.7) - https:\/\/yoast.com\/wordpress\/plugins\/seo\/ -->\n<title>Gh\u1ebf Th\u01b0 Gi\u00e3n Relax B\u1eadp B\u00eanh C\u00f3 \u0110\u00f4n G\u00e1c Ch\u00e2n AMA-TG004 - AMAFURNI<\/title>\n<meta name=\"robots\" content=\"index, follow, max-snippet:-1, max-image-preview:large, max-video-preview:-1\" \/>\n<link rel=\"canonical\" href=\"https:\/\/amafurni.vn\/en\/product\/ghe-thu-gian-relax-bap-benh-co-don-gac-chan-ama-tg004\/\" \/>\n<meta property=\"og:locale\" content=\"en_US\" \/>\n<meta property=\"og:type\" content=\"article\" \/>\n<meta property=\"og:title\" content=\"Gh\u1ebf Th\u01b0 Gi\u00e3n Relax B\u1eadp B\u00eanh C\u00f3 \u0110\u00f4n G\u00e1c Ch\u00e2n AMA-TG004\" \/>\n<meta property=\"og:description\" content=\"- N\u1eb1m ngh\u1ec9 ng\u1ea3 l\u01b0ng th\u01b0 gi\u00e3n tho\u1ea3i m\u00e1i - Xoay 360 \u0111\u1ed9 t\u1ea1i ch\u1ed7 v\u1edbi ch\u00e2n gh\u1ebf gi\u1eef c\u1ed1 \u0111\u1ecbnh - D\u1ec5 d\u00e0ng di chuy\u1ec3n \u0111\u1ebfn kh\u1eafp n\u01a1i : gh\u1ebf ch\u1ec9 n\u1eb7ng 10-20kg - D\u1ec5 d\u00e0ng v\u1ec7 sinh th\u00e1o gi\u1eb7t : kho\u00e1 d\u00e2y k\u00e9o ti\u1ec7n l\u1ee3i. - \u0110a d\u1ea1ng m\u00e0u s\u1eafc :V\u00c0NG , XANH\u00a0\" \/>\n<meta property=\"og:url\" content=\"https:\/\/amafurni.vn\/en\/product\/ghe-thu-gian-relax-bap-benh-co-don-gac-chan-ama-tg004\/\" \/>\n<meta property=\"og:site_name\" content=\"AMAFURNI\" \/>\n<meta property=\"article:modified_time\" content=\"2025-11-12T07:11:03+00:00\" \/>\n<meta property=\"og:image\" content=\"https:\/\/amafurni.vn\/wp-content\/uploads\/2023\/12\/ghe-thu-gian-relax-bap-benh-co-don-gac-chan-ama-tg004_6571320c6910a.jpeg\" \/>\n\t<meta property=\"og:image:width\" content=\"800\" \/>\n\t<meta property=\"og:image:height\" content=\"800\" \/>\n\t<meta property=\"og:image:type\" content=\"image\/jpeg\" \/>\n<meta name=\"twitter:card\" content=\"summary_large_image\" \/>\n<meta name=\"twitter:label1\" content=\"Est. reading time\" \/>\n\t<meta name=\"twitter:data1\" content=\"1 minute\" \/>\n<script type=\"application\/ld+json\" class=\"yoast-schema-graph\">{\"@context\":\"https:\/\/schema.org\",\"@graph\":[{\"@type\":\"WebPage\",\"@id\":\"https:\/\/amafurni.vn\/san-pham\/ghe-thu-gian-relax-bap-benh-co-don-gac-chan-ama-tg004\/\",\"url\":\"https:\/\/amafurni.vn\/san-pham\/ghe-thu-gian-relax-bap-benh-co-don-gac-chan-ama-tg004\/\",\"name\":\"Gh\u1ebf Th\u01b0 Gi\u00e3n Relax B\u1eadp B\u00eanh C\u00f3 \u0110\u00f4n G\u00e1c Ch\u00e2n AMA-TG004 - AMAFURNI\",\"isPartOf\":{\"@id\":\"https:\/\/amafurni.vn\/#website\"},\"datePublished\":\"2023-12-07T02:46:36+00:00\",\"dateModified\":\"2025-11-12T07:11:03+00:00\",\"breadcrumb\":{\"@id\":\"https:\/\/amafurni.vn\/san-pham\/ghe-thu-gian-relax-bap-benh-co-don-gac-chan-ama-tg004\/#breadcrumb\"},\"inLanguage\":\"en-US\",\"potentialAction\":[{\"@type\":\"ReadAction\",\"target\":[\"https:\/\/amafurni.vn\/san-pham\/ghe-thu-gian-relax-bap-benh-co-don-gac-chan-ama-tg004\/\"]}]},{\"@type\":\"BreadcrumbList\",\"@id\":\"https:\/\/amafurni.vn\/san-pham\/ghe-thu-gian-relax-bap-benh-co-don-gac-chan-ama-tg004\/#breadcrumb\",\"itemListElement\":[{\"@type\":\"ListItem\",\"position\":1,\"name\":\"Trang ch\u1ee7\",\"item\":\"https:\/\/amafurni.vn\/\"},{\"@type\":\"ListItem\",\"position\":2,\"name\":\"S\u1ea3n ph\u1ea9m\",\"item\":\"https:\/\/amafurni.vn\/san-pham\/\"},{\"@type\":\"ListItem\",\"position\":3,\"name\":\"Gh\u1ebf Th\u01b0 Gi\u00e3n Relax B\u1eadp B\u00eanh C\u00f3 \u0110\u00f4n G\u00e1c Ch\u00e2n AMA-TG004\"}]},{\"@type\":\"WebSite\",\"@id\":\"https:\/\/amafurni.vn\/#website\",\"url\":\"https:\/\/amafurni.vn\/\",\"name\":\"AMAFURNI\",\"description\":\"\",\"potentialAction\":[{\"@type\":\"SearchAction\",\"target\":{\"@type\":\"EntryPoint\",\"urlTemplate\":\"https:\/\/amafurni.vn\/?s={search_term_string}\"},\"query-input\":\"required name=search_term_string\"}],\"inLanguage\":\"en-US\"}]}<\/script>\n<!-- \/ Yoast SEO Premium plugin. -->","yoast_head_json":{"title":"Gh\u1ebf Th\u01b0 Gi\u00e3n Relax B\u1eadp B\u00eanh C\u00f3 \u0110\u00f4n G\u00e1c Ch\u00e2n AMA-TG004 - AMAFURNI","robots":{"index":"index","follow":"follow","max-snippet":"max-snippet:-1","max-image-preview":"max-image-preview:large","max-video-preview":"max-video-preview:-1"},"canonical":"https:\/\/amafurni.vn\/en\/product\/ghe-thu-gian-relax-bap-benh-co-don-gac-chan-ama-tg004\/","og_locale":"en_US","og_type":"article","og_title":"Gh\u1ebf Th\u01b0 Gi\u00e3n Relax B\u1eadp B\u00eanh C\u00f3 \u0110\u00f4n G\u00e1c Ch\u00e2n AMA-TG004","og_description":"- N\u1eb1m ngh\u1ec9 ng\u1ea3 l\u01b0ng th\u01b0 gi\u00e3n tho\u1ea3i m\u00e1i - Xoay 360 \u0111\u1ed9 t\u1ea1i ch\u1ed7 v\u1edbi ch\u00e2n gh\u1ebf gi\u1eef c\u1ed1 \u0111\u1ecbnh - D\u1ec5 d\u00e0ng di chuy\u1ec3n \u0111\u1ebfn kh\u1eafp n\u01a1i : gh\u1ebf ch\u1ec9 n\u1eb7ng 10-20kg - D\u1ec5 d\u00e0ng v\u1ec7 sinh th\u00e1o gi\u1eb7t : kho\u00e1 d\u00e2y k\u00e9o ti\u1ec7n l\u1ee3i. - \u0110a d\u1ea1ng m\u00e0u s\u1eafc :V\u00c0NG , XANH\u00a0","og_url":"https:\/\/amafurni.vn\/en\/product\/ghe-thu-gian-relax-bap-benh-co-don-gac-chan-ama-tg004\/","og_site_name":"AMAFURNI","article_modified_time":"2025-11-12T07:11:03+00:00","og_image":[{"width":800,"height":800,"url":"https:\/\/amafurni.vn\/wp-content\/uploads\/2023\/12\/ghe-thu-gian-relax-bap-benh-co-don-gac-chan-ama-tg004_6571320c6910a.jpeg","type":"image\/jpeg"}],"twitter_card":"summary_large_image","twitter_misc":{"Est. reading time":"1 minute"},"schema":{"@context":"https:\/\/schema.org","@graph":[{"@type":"WebPage","@id":"https:\/\/amafurni.vn\/san-pham\/ghe-thu-gian-relax-bap-benh-co-don-gac-chan-ama-tg004\/","url":"https:\/\/amafurni.vn\/san-pham\/ghe-thu-gian-relax-bap-benh-co-don-gac-chan-ama-tg004\/","name":"Gh\u1ebf Th\u01b0 Gi\u00e3n Relax B\u1eadp B\u00eanh C\u00f3 \u0110\u00f4n G\u00e1c Ch\u00e2n AMA-TG004 - AMAFURNI","isPartOf":{"@id":"https:\/\/amafurni.vn\/#website"},"datePublished":"2023-12-07T02:46:36+00:00","dateModified":"2025-11-12T07:11:03+00:00","breadcrumb":{"@id":"https:\/\/amafurni.vn\/san-pham\/ghe-thu-gian-relax-bap-benh-co-don-gac-chan-ama-tg004\/#breadcrumb"},"inLanguage":"en-US","potentialAction":[{"@type":"ReadAction","target":["https:\/\/amafurni.vn\/san-pham\/ghe-thu-gian-relax-bap-benh-co-don-gac-chan-ama-tg004\/"]}]},{"@type":"BreadcrumbList","@id":"https:\/\/amafurni.vn\/san-pham\/ghe-thu-gian-relax-bap-benh-co-don-gac-chan-ama-tg004\/#breadcrumb","itemListElement":[{"@type":"ListItem","position":1,"name":"Trang ch\u1ee7","item":"https:\/\/amafurni.vn\/"},{"@type":"ListItem","position":2,"name":"S\u1ea3n ph\u1ea9m","item":"https:\/\/amafurni.vn\/san-pham\/"},{"@type":"ListItem","position":3,"name":"Gh\u1ebf Th\u01b0 Gi\u00e3n Relax B\u1eadp B\u00eanh C\u00f3 \u0110\u00f4n G\u00e1c Ch\u00e2n AMA-TG004"}]},{"@type":"WebSite","@id":"https:\/\/amafurni.vn\/#website","url":"https:\/\/amafurni.vn\/","name":"AMAFURNI","description":"","potentialAction":[{"@type":"SearchAction","target":{"@type":"EntryPoint","urlTemplate":"https:\/\/amafurni.vn\/?s={search_term_string}"},"query-input":"required name=search_term_string"}],"inLanguage":"en-US"}]}},"_links":{"self":[{"href":"https:\/\/amafurni.vn\/en\/wp-json\/wp\/v2\/product\/3365"}],"collection":[{"href":"https:\/\/amafurni.vn\/en\/wp-json\/wp\/v2\/product"}],"about":[{"href":"https:\/\/amafurni.vn\/en\/wp-json\/wp\/v2\/types\/product"}],"replies":[{"embeddable":true,"href":"https:\/\/amafurni.vn\/en\/wp-json\/wp\/v2\/comments?post=3365"}],"wp:featuredmedia":[{"embeddable":true,"href":"https:\/\/amafurni.vn\/en\/wp-json\/wp\/v2\/media\/3366"}],"wp:attachment":[{"href":"https:\/\/amafurni.vn\/en\/wp-json\/wp\/v2\/media?parent=3365"}],"wp:term":[{"taxonomy":"product_cat","embeddable":true,"href":"https:\/\/amafurni.vn\/en\/wp-json\/wp\/v2\/product_cat?post=3365"},{"taxonomy":"product_tag","embeddable":true,"href":"https:\/\/amafurni.vn\/en\/wp-json\/wp\/v2\/product_tag?post=3365"}],"curies":[{"name":"wp","href":"https:\/\/api.w.org\/{rel}","templated":true}]}}