{"id":3373,"date":"2023-12-07T09:47:02","date_gmt":"2023-12-07T02:47:02","guid":{"rendered":"https:\/\/amafurni.123websitedev.com\/san-pham\/ghe-thu-gian-soi-may-dan-co-nem-lot-sieu-em-ama-papasan-nhieu-mau-01\/"},"modified":"2026-03-14T22:53:39","modified_gmt":"2026-03-14T15:53:39","slug":"ghe-thu-gian-soi-may-dan-co-nem-lot-sieu-em-ama-papasan-nhieu-mau-01","status":"publish","type":"product","link":"https:\/\/amafurni.vn\/en\/product\/ghe-thu-gian-soi-may-dan-co-nem-lot-sieu-em-ama-papasan-nhieu-mau-01\/","title":{"rendered":"Gh\u1ebf th\u01b0 gi\u00e3n AMA-PAPASAN"},"content":{"rendered":"<table class=\"woocommerce-product-attributes shop_attributes\" style=\"width: 103.429494%; height: 278px;\" width=\"929\">\n<tbody>\n<tr class=\"woocommerce-product-attributes-item woocommerce-product-attributes-item--attribute_season\">\n<th class=\"woocommerce-product-attributes-item__label\" style=\"width: 12.777778%;\">Material<\/th>\n<td class=\"woocommerce-product-attributes-item__value\" style=\"width: 86.333333%;\">Khung s\u01b0\u1eddn l\u00e0m t\u1eeb s\u1ee3i M\u00e2y &amp; Nh\u1ef1a, N\u1ec7m ng\u1ed3i B\u00f4ng g\u00f2n b\u1ecdc V\u1ea3i<\/td>\n<\/tr>\n<tr class=\"woocommerce-product-attributes-item woocommerce-product-attributes-item--attribute_pa_color\">\n<th class=\"woocommerce-product-attributes-item__label\" style=\"width: 12.777778%;\">M\u00e0u S\u1eafc<\/th>\n<td class=\"woocommerce-product-attributes-item__value\" style=\"width: 86.333333%;\">Nhi\u1ec1u m\u00e0u s\u1eafc (S\u1ea3n xu\u1ea5t theo b\u1ea3ng m\u00e0u \u0111a d\u1ea1ng)<\/td>\n<\/tr>\n<tr class=\"woocommerce-product-attributes-item woocommerce-product-attributes-item--attribute_style\">\n<th class=\"woocommerce-product-attributes-item__label\" style=\"width: 12.777778%;\">Size<\/th>\n<td class=\"woocommerce-product-attributes-item__value\" style=\"width: 86.333333%;\">\u00a0850*900*1020mm<\/td>\n<\/tr>\n<tr class=\"woocommerce-product-attributes-item woocommerce-product-attributes-item--attribute_pa_material\">\n<th class=\"woocommerce-product-attributes-item__label\" style=\"width: 12.777778%;\">T\u00ednh N\u0103ng<\/th>\n<td class=\"woocommerce-product-attributes-item__value\" style=\"width: 86.333333%;\">\u00a0Ng\u1ed3i th\u01b0 gi\u00e3n, Ph\u1ea7n ch\u00e2n v\u00e0 Th\u00e2n ng\u1ed3i r\u1eddi nhau<\/td>\n<\/tr>\n<tr class=\"woocommerce-product-attributes-item woocommerce-product-attributes-item--attribute_item-code\">\n<th class=\"woocommerce-product-attributes-item__label\" style=\"width: 12.777778%;\">B\u1ea3o H\u00e0nh<\/th>\n<td class=\"woocommerce-product-attributes-item__value\" style=\"width: 86.333333%;\">\u00a012 th\u00e1ng<\/td>\n<\/tr>\n<\/tbody>\n<\/table>","protected":false},"excerpt":{"rendered":"<p>Ch\u1ea5t Li\u1ec7u Khung s\u01b0\u1eddn l\u00e0m t\u1eeb s\u1ee3i M\u00e2y &amp; Nh\u1ef1a, N\u1ec7m ng\u1ed3i B\u00f4ng g\u00f2n b\u1ecdc V\u1ea3i M\u00e0u S\u1eafc Nhi\u1ec1u m\u00e0u s\u1eafc (S\u1ea3n xu\u1ea5t theo b\u1ea3ng m\u00e0u \u0111a d\u1ea1ng) K\u00edch Th\u01b0\u1edbc \u00a0850*900*1020mm T\u00ednh N\u0103ng \u00a0Ng\u1ed3i th\u01b0 gi\u00e3n, Ph\u1ea7n ch\u00e2n v\u00e0 Th\u00e2n ng\u1ed3i r\u1eddi nhau B\u1ea3o H\u00e0nh \u00a012 th\u00e1ng<\/p>","protected":false},"featured_media":3374,"comment_status":"open","ping_status":"closed","template":"","meta":[],"product_cat":[61,83],"product_tag":[188],"yoast_head":"<!-- This site is optimized with the Yoast SEO Premium plugin v21.7 (Yoast SEO v21.7) - https:\/\/yoast.com\/wordpress\/plugins\/seo\/ -->\n<title>Gh\u1ebf th\u01b0 gi\u00e3n AMA-PAPASAN - AMAFURNI<\/title>\n<meta name=\"robots\" content=\"index, follow, max-snippet:-1, max-image-preview:large, max-video-preview:-1\" \/>\n<link rel=\"canonical\" href=\"https:\/\/amafurni.vn\/en\/product\/ghe-thu-gian-soi-may-dan-co-nem-lot-sieu-em-ama-papasan-nhieu-mau-01\/\" \/>\n<meta property=\"og:locale\" content=\"en_US\" \/>\n<meta property=\"og:type\" content=\"article\" \/>\n<meta property=\"og:title\" content=\"Gh\u1ebf th\u01b0 gi\u00e3n AMA-PAPASAN\" \/>\n<meta property=\"og:description\" content=\"Ch\u1ea5t Li\u1ec7u Khung s\u01b0\u1eddn l\u00e0m t\u1eeb s\u1ee3i M\u00e2y &amp; Nh\u1ef1a, N\u1ec7m ng\u1ed3i B\u00f4ng g\u00f2n b\u1ecdc V\u1ea3i M\u00e0u S\u1eafc Nhi\u1ec1u m\u00e0u s\u1eafc (S\u1ea3n xu\u1ea5t theo b\u1ea3ng m\u00e0u \u0111a d\u1ea1ng) K\u00edch Th\u01b0\u1edbc \u00a0850*900*1020mm T\u00ednh N\u0103ng \u00a0Ng\u1ed3i th\u01b0 gi\u00e3n, Ph\u1ea7n ch\u00e2n v\u00e0 Th\u00e2n ng\u1ed3i r\u1eddi nhau B\u1ea3o H\u00e0nh \u00a012 th\u00e1ng\" \/>\n<meta property=\"og:url\" content=\"https:\/\/amafurni.vn\/en\/product\/ghe-thu-gian-soi-may-dan-co-nem-lot-sieu-em-ama-papasan-nhieu-mau-01\/\" \/>\n<meta property=\"og:site_name\" content=\"AMAFURNI\" \/>\n<meta property=\"article:modified_time\" content=\"2026-03-14T15:53:39+00:00\" \/>\n<meta property=\"og:image\" content=\"https:\/\/amafurni.vn\/wp-content\/uploads\/2023\/12\/ghe-thu-gian-soi-may-dan-co-nem-lot-sieu-em-ama-papasan-nhieu-mau-01_65713226b4a10.jpeg\" \/>\n\t<meta property=\"og:image:width\" content=\"800\" \/>\n\t<meta property=\"og:image:height\" content=\"800\" \/>\n\t<meta property=\"og:image:type\" content=\"image\/jpeg\" \/>\n<meta name=\"twitter:card\" content=\"summary_large_image\" \/>\n<meta name=\"twitter:label1\" content=\"Est. reading time\" \/>\n\t<meta name=\"twitter:data1\" content=\"1 minute\" \/>\n<script type=\"application\/ld+json\" class=\"yoast-schema-graph\">{\"@context\":\"https:\/\/schema.org\",\"@graph\":[{\"@type\":\"WebPage\",\"@id\":\"https:\/\/amafurni.vn\/san-pham\/ghe-thu-gian-soi-may-dan-co-nem-lot-sieu-em-ama-papasan-nhieu-mau-01\/\",\"url\":\"https:\/\/amafurni.vn\/san-pham\/ghe-thu-gian-soi-may-dan-co-nem-lot-sieu-em-ama-papasan-nhieu-mau-01\/\",\"name\":\"Gh\u1ebf th\u01b0 gi\u00e3n AMA-PAPASAN - AMAFURNI\",\"isPartOf\":{\"@id\":\"https:\/\/amafurni.vn\/#website\"},\"datePublished\":\"2023-12-07T02:47:02+00:00\",\"dateModified\":\"2026-03-14T15:53:39+00:00\",\"breadcrumb\":{\"@id\":\"https:\/\/amafurni.vn\/san-pham\/ghe-thu-gian-soi-may-dan-co-nem-lot-sieu-em-ama-papasan-nhieu-mau-01\/#breadcrumb\"},\"inLanguage\":\"en-US\",\"potentialAction\":[{\"@type\":\"ReadAction\",\"target\":[\"https:\/\/amafurni.vn\/san-pham\/ghe-thu-gian-soi-may-dan-co-nem-lot-sieu-em-ama-papasan-nhieu-mau-01\/\"]}]},{\"@type\":\"BreadcrumbList\",\"@id\":\"https:\/\/amafurni.vn\/san-pham\/ghe-thu-gian-soi-may-dan-co-nem-lot-sieu-em-ama-papasan-nhieu-mau-01\/#breadcrumb\",\"itemListElement\":[{\"@type\":\"ListItem\",\"position\":1,\"name\":\"Trang ch\u1ee7\",\"item\":\"https:\/\/amafurni.vn\/\"},{\"@type\":\"ListItem\",\"position\":2,\"name\":\"S\u1ea3n ph\u1ea9m\",\"item\":\"https:\/\/amafurni.vn\/san-pham\/\"},{\"@type\":\"ListItem\",\"position\":3,\"name\":\"Gh\u1ebf th\u01b0 gi\u00e3n AMA-PAPASAN\"}]},{\"@type\":\"WebSite\",\"@id\":\"https:\/\/amafurni.vn\/#website\",\"url\":\"https:\/\/amafurni.vn\/\",\"name\":\"AMAFURNI\",\"description\":\"\",\"potentialAction\":[{\"@type\":\"SearchAction\",\"target\":{\"@type\":\"EntryPoint\",\"urlTemplate\":\"https:\/\/amafurni.vn\/?s={search_term_string}\"},\"query-input\":\"required name=search_term_string\"}],\"inLanguage\":\"en-US\"}]}<\/script>\n<!-- \/ Yoast SEO Premium plugin. -->","yoast_head_json":{"title":"Gh\u1ebf th\u01b0 gi\u00e3n AMA-PAPASAN - AMAFURNI","robots":{"index":"index","follow":"follow","max-snippet":"max-snippet:-1","max-image-preview":"max-image-preview:large","max-video-preview":"max-video-preview:-1"},"canonical":"https:\/\/amafurni.vn\/en\/product\/ghe-thu-gian-soi-may-dan-co-nem-lot-sieu-em-ama-papasan-nhieu-mau-01\/","og_locale":"en_US","og_type":"article","og_title":"Gh\u1ebf th\u01b0 gi\u00e3n AMA-PAPASAN","og_description":"Ch\u1ea5t Li\u1ec7u Khung s\u01b0\u1eddn l\u00e0m t\u1eeb s\u1ee3i M\u00e2y &amp; Nh\u1ef1a, N\u1ec7m ng\u1ed3i B\u00f4ng g\u00f2n b\u1ecdc V\u1ea3i M\u00e0u S\u1eafc Nhi\u1ec1u m\u00e0u s\u1eafc (S\u1ea3n xu\u1ea5t theo b\u1ea3ng m\u00e0u \u0111a d\u1ea1ng) K\u00edch Th\u01b0\u1edbc \u00a0850*900*1020mm T\u00ednh N\u0103ng \u00a0Ng\u1ed3i th\u01b0 gi\u00e3n, Ph\u1ea7n ch\u00e2n v\u00e0 Th\u00e2n ng\u1ed3i r\u1eddi nhau B\u1ea3o H\u00e0nh \u00a012 th\u00e1ng","og_url":"https:\/\/amafurni.vn\/en\/product\/ghe-thu-gian-soi-may-dan-co-nem-lot-sieu-em-ama-papasan-nhieu-mau-01\/","og_site_name":"AMAFURNI","article_modified_time":"2026-03-14T15:53:39+00:00","og_image":[{"width":800,"height":800,"url":"https:\/\/amafurni.vn\/wp-content\/uploads\/2023\/12\/ghe-thu-gian-soi-may-dan-co-nem-lot-sieu-em-ama-papasan-nhieu-mau-01_65713226b4a10.jpeg","type":"image\/jpeg"}],"twitter_card":"summary_large_image","twitter_misc":{"Est. reading time":"1 minute"},"schema":{"@context":"https:\/\/schema.org","@graph":[{"@type":"WebPage","@id":"https:\/\/amafurni.vn\/san-pham\/ghe-thu-gian-soi-may-dan-co-nem-lot-sieu-em-ama-papasan-nhieu-mau-01\/","url":"https:\/\/amafurni.vn\/san-pham\/ghe-thu-gian-soi-may-dan-co-nem-lot-sieu-em-ama-papasan-nhieu-mau-01\/","name":"Gh\u1ebf th\u01b0 gi\u00e3n AMA-PAPASAN - AMAFURNI","isPartOf":{"@id":"https:\/\/amafurni.vn\/#website"},"datePublished":"2023-12-07T02:47:02+00:00","dateModified":"2026-03-14T15:53:39+00:00","breadcrumb":{"@id":"https:\/\/amafurni.vn\/san-pham\/ghe-thu-gian-soi-may-dan-co-nem-lot-sieu-em-ama-papasan-nhieu-mau-01\/#breadcrumb"},"inLanguage":"en-US","potentialAction":[{"@type":"ReadAction","target":["https:\/\/amafurni.vn\/san-pham\/ghe-thu-gian-soi-may-dan-co-nem-lot-sieu-em-ama-papasan-nhieu-mau-01\/"]}]},{"@type":"BreadcrumbList","@id":"https:\/\/amafurni.vn\/san-pham\/ghe-thu-gian-soi-may-dan-co-nem-lot-sieu-em-ama-papasan-nhieu-mau-01\/#breadcrumb","itemListElement":[{"@type":"ListItem","position":1,"name":"Trang ch\u1ee7","item":"https:\/\/amafurni.vn\/"},{"@type":"ListItem","position":2,"name":"S\u1ea3n ph\u1ea9m","item":"https:\/\/amafurni.vn\/san-pham\/"},{"@type":"ListItem","position":3,"name":"Gh\u1ebf th\u01b0 gi\u00e3n AMA-PAPASAN"}]},{"@type":"WebSite","@id":"https:\/\/amafurni.vn\/#website","url":"https:\/\/amafurni.vn\/","name":"AMAFURNI","description":"","potentialAction":[{"@type":"SearchAction","target":{"@type":"EntryPoint","urlTemplate":"https:\/\/amafurni.vn\/?s={search_term_string}"},"query-input":"required name=search_term_string"}],"inLanguage":"en-US"}]}},"_links":{"self":[{"href":"https:\/\/amafurni.vn\/en\/wp-json\/wp\/v2\/product\/3373"}],"collection":[{"href":"https:\/\/amafurni.vn\/en\/wp-json\/wp\/v2\/product"}],"about":[{"href":"https:\/\/amafurni.vn\/en\/wp-json\/wp\/v2\/types\/product"}],"replies":[{"embeddable":true,"href":"https:\/\/amafurni.vn\/en\/wp-json\/wp\/v2\/comments?post=3373"}],"wp:featuredmedia":[{"embeddable":true,"href":"https:\/\/amafurni.vn\/en\/wp-json\/wp\/v2\/media\/3374"}],"wp:attachment":[{"href":"https:\/\/amafurni.vn\/en\/wp-json\/wp\/v2\/media?parent=3373"}],"wp:term":[{"taxonomy":"product_cat","embeddable":true,"href":"https:\/\/amafurni.vn\/en\/wp-json\/wp\/v2\/product_cat?post=3373"},{"taxonomy":"product_tag","embeddable":true,"href":"https:\/\/amafurni.vn\/en\/wp-json\/wp\/v2\/product_tag?post=3373"}],"curies":[{"name":"wp","href":"https:\/\/api.w.org\/{rel}","templated":true}]}}