{"id":3607,"date":"2023-12-07T10:18:46","date_gmt":"2023-12-07T03:18:46","guid":{"rendered":"https:\/\/amafurni.123websitedev.com\/san-pham\/bo-sofa-co-dien-cho-spa-biet-thu-villa-ama-furniture-ama-ms906\/"},"modified":"2025-11-12T14:11:04","modified_gmt":"2025-11-12T07:11:04","slug":"bo-sofa-co-dien-cao-cap-ama-ms906","status":"publish","type":"product","link":"https:\/\/amafurni.vn\/en\/product\/bo-sofa-co-dien-cao-cap-ama-ms906\/","title":{"rendered":"B\u1ed9 Sofa C\u1ed5 \u0110i\u1ec3n Cao C\u1ea5p AMA-MS906"},"content":{"rendered":"<table class=\"woocommerce-product-attributes shop_attributes\" style=\"width: 100.872%; height: 283px;\" width=\"929\">\n<tbody>\n<tr class=\"woocommerce-product-attributes-item woocommerce-product-attributes-item--attribute_season\" style=\"height: 48px;\">\n<th class=\"woocommerce-product-attributes-item__label\" style=\"height: 48px;\">Material<\/th>\n<td style=\"height: 48px;\">G\u1ed7 b\u1ea1ch d\u01b0\u01a1ng (Nh\u1eadp Nga),<span class=\"fontstyle0\">Khung X\u01b0\u01a1ng trong : G\u1ed7 D\u1ea7u, G\u1ed7 Th\u00f4ng (Vi\u1ec7t nam), N\u1ec7m mousse D40 L\u00f2 Xo X\u00e2y T\u00fai, B\u1ecdc : Da PVC \/ V\u1ea3i \/ Da Th\u1eadt.<br \/>\n<\/span><\/td>\n<\/tr>\n<tr class=\"woocommerce-product-attributes-item woocommerce-product-attributes-item--attribute_pa_color\" style=\"height: 24px;\">\n<th class=\"woocommerce-product-attributes-item__label\" style=\"height: 24px;\">M\u00e0u S\u1eafc<\/th>\n<td class=\"woocommerce-product-attributes-item__value\" style=\"height: 24px;\">Nh\u01b0 h\u00ecnh \/ S\u1ea3n xu\u1ea5t m\u00e0u s\u1eafc theo y\u00eau c\u1ea7u c\u1ee7a kh\u00e1ch h\u00e0ng.<\/td>\n<\/tr>\n<tr class=\"woocommerce-product-attributes-item woocommerce-product-attributes-item--attribute_style\" style=\"height: 33px;\">\n<th class=\"woocommerce-product-attributes-item__label\" style=\"height: 33px;\">K\u00edch th\u01b0\u1edbc<\/th>\n<td class=\"woocommerce-product-attributes-item__value\" style=\"height: 33px;\">\n<ul>\n<li>3500*900*1200,\u00a01200*500*450<\/li>\n<\/ul>\n<\/td>\n<\/tr>\n<tr class=\"woocommerce-product-attributes-item woocommerce-product-attributes-item--attribute_pa_material\" style=\"height: 48px;\">\n<th class=\"woocommerce-product-attributes-item__label\" style=\"height: 48px;\">B\u1ed9 s\u1ea3n ph\u1ea9m g\u1ed3m<\/th>\n<td class=\"woocommerce-product-attributes-item__value\" style=\"height: 48px;\"><span class=\"fontstyle0\">01 Sofa, 01 b\u00e0n ch\u1eef nh\u1eadt, 01 b\u1ed9 g\u1ed1i<\/span><\/td>\n<\/tr>\n<tr class=\"woocommerce-product-attributes-item woocommerce-product-attributes-item--attribute_item-code\" style=\"height: 24px;\">\n<th class=\"woocommerce-product-attributes-item__label\" style=\"height: 24px;\">B\u1ea3o H\u00e0nh<\/th>\n<td class=\"woocommerce-product-attributes-item__value\" style=\"height: 24px;\">*Khung S\u01b0\u1eddn 05 n\u0103m. *V\u1ea3i\/Da 01 n\u0103m.<\/td>\n<\/tr>\n<\/tbody>\n<\/table>","protected":false},"excerpt":{"rendered":"<p><strong>B\u1ed9 Sofa C\u1ed5 \u0110i\u1ec3n Cao C\u1ea5p AMA-MS9006\u00a0 <\/strong>l\u00e0 1 m\u1eabu gh\u1ebf nh\u1eadp kh\u1ea9u tr\u1ef1c ti\u1ebfp c\u1ee7a\u00a0<strong>N\u1ed8I TH\u1ea4T AMA FURNITURE<\/strong> , v\u1edbi thi\u1ebft k\u1ebf tinh t\u1ebf , t\u1ed1i gian t\u1ea1o n\u00ean v\u1ebb \u0111\u1eb9p sang tr\u1ecdng cho kh\u00f4ng gian Nh\u00e0 \u1edf, th\u1ea9m m\u1ef9 vi\u1ec7n, Bi\u1ec7t th\u1ef1 , V\u0103n ph\u00f2ng v.v.<\/p>\n<ul>\n<li><strong>M\u00e3 SP :<\/strong> <strong>AMA-MS9006<\/strong><\/li>\n<li><strong>Ch\u1ea5t li\u1ec7u :<\/strong> <strong>G\u1ed7 b\u1ea1ch d\u01b0\u01a1ng (Nh\u1eadp Nga),<span class=\"fontstyle0\">Khung X\u01b0\u01a1ng trong : G\u1ed7 D\u1ea7u, G\u1ed7 Th\u00f4ng (Vi\u1ec7t nam), N\u1ec7m mousse D40 L\u00f2 Xo X\u00e2y T\u00fai, B\u1ecdc : Da PVC \/ V\u1ea3i \/ Da Th\u1eadt.<\/span><\/strong><\/li>\n<li><strong>M\u00e0u s\u1eafc :<\/strong> <strong>Nh\u01b0 h\u00ecnh \/ S\u1ea3n xu\u1ea5t m\u00e0u s\u1eafc theo y\u00eau c\u1ea7u c\u1ee7a kh\u00e1ch h\u00e0ng<\/strong>.<\/li>\n<li><strong>K\u00edch th\u01b0\u1edbc :\u00a03500*900*1200,\u00a01200*500*450<\/strong><\/li>\n<li><strong>B\u1ed9 s\u1ea3n ph\u1ea9m g\u1ed3m : <span class=\"fontstyle0\">01 Sofa, 01 b\u00e0n ch\u1eef nh\u1eadt, 01 b\u1ed9 g\u1ed1i<\/span><\/strong><\/li>\n<\/ul>","protected":false},"featured_media":16171,"comment_status":"open","ping_status":"closed","template":"","meta":[],"product_cat":[61,84,59,111],"product_tag":[594,596],"yoast_head":"<!-- This site is optimized with the Yoast SEO Premium plugin v21.7 (Yoast SEO v21.7) - https:\/\/yoast.com\/wordpress\/plugins\/seo\/ -->\n<title>B\u1ed9 Sofa C\u1ed5 \u0110i\u1ec3n Cao C\u1ea5p AMA-MS906 - AMAFURNI<\/title>\n<meta name=\"robots\" content=\"index, follow, max-snippet:-1, max-image-preview:large, max-video-preview:-1\" \/>\n<link rel=\"canonical\" href=\"https:\/\/amafurni.vn\/en\/product\/bo-sofa-co-dien-cao-cap-ama-ms906\/\" \/>\n<meta property=\"og:locale\" content=\"en_US\" \/>\n<meta property=\"og:type\" content=\"article\" \/>\n<meta property=\"og:title\" content=\"B\u1ed9 Sofa C\u1ed5 \u0110i\u1ec3n Cao C\u1ea5p AMA-MS906\" \/>\n<meta property=\"og:description\" content=\"B\u1ed9 Sofa C\u1ed5 \u0110i\u1ec3n Cao C\u1ea5p AMA-MS9006\u00a0 l\u00e0 1 m\u1eabu gh\u1ebf nh\u1eadp kh\u1ea9u tr\u1ef1c ti\u1ebfp c\u1ee7a\u00a0N\u1ed8I TH\u1ea4T AMA FURNITURE , v\u1edbi thi\u1ebft k\u1ebf tinh t\u1ebf , t\u1ed1i gian t\u1ea1o n\u00ean v\u1ebb \u0111\u1eb9p sang tr\u1ecdng cho kh\u00f4ng gian Nh\u00e0 \u1edf, th\u1ea9m m\u1ef9 vi\u1ec7n, Bi\u1ec7t th\u1ef1 , V\u0103n ph\u00f2ng v.v.   M\u00e3 SP : AMA-MS9006  Ch\u1ea5t li\u1ec7u : G\u1ed7 b\u1ea1ch d\u01b0\u01a1ng (Nh\u1eadp Nga),Khung X\u01b0\u01a1ng trong : G\u1ed7 D\u1ea7u, G\u1ed7 Th\u00f4ng (Vi\u1ec7t nam), N\u1ec7m mousse D40 L\u00f2 Xo X\u00e2y T\u00fai, B\u1ecdc : Da PVC \/ V\u1ea3i \/ Da Th\u1eadt.  M\u00e0u s\u1eafc : Nh\u01b0 h\u00ecnh \/ S\u1ea3n xu\u1ea5t m\u00e0u s\u1eafc theo y\u00eau c\u1ea7u c\u1ee7a kh\u00e1ch h\u00e0ng.  K\u00edch th\u01b0\u1edbc :\u00a03500*900*1200,\u00a01200*500*450  B\u1ed9 s\u1ea3n ph\u1ea9m g\u1ed3m : 01 Sofa, 01 b\u00e0n ch\u1eef nh\u1eadt, 01 b\u1ed9 g\u1ed1i\" \/>\n<meta property=\"og:url\" content=\"https:\/\/amafurni.vn\/en\/product\/bo-sofa-co-dien-cao-cap-ama-ms906\/\" \/>\n<meta property=\"og:site_name\" content=\"AMAFURNI\" \/>\n<meta property=\"article:modified_time\" content=\"2025-11-12T07:11:04+00:00\" \/>\n<meta property=\"og:image\" content=\"https:\/\/amafurni.vn\/wp-content\/uploads\/2023\/12\/z5641533603162_cb45ea2f4b19134a672a5fa5d6f0af99.jpg\" \/>\n\t<meta property=\"og:image:width\" content=\"800\" \/>\n\t<meta property=\"og:image:height\" content=\"800\" \/>\n\t<meta property=\"og:image:type\" content=\"image\/jpeg\" \/>\n<meta name=\"twitter:card\" content=\"summary_large_image\" \/>\n<meta name=\"twitter:label1\" content=\"Est. reading time\" \/>\n\t<meta name=\"twitter:data1\" content=\"1 minute\" \/>\n<script type=\"application\/ld+json\" class=\"yoast-schema-graph\">{\"@context\":\"https:\/\/schema.org\",\"@graph\":[{\"@type\":\"WebPage\",\"@id\":\"https:\/\/amafurni.vn\/san-pham\/bo-sofa-co-dien-cao-cap-ama-ms906\/\",\"url\":\"https:\/\/amafurni.vn\/san-pham\/bo-sofa-co-dien-cao-cap-ama-ms906\/\",\"name\":\"B\u1ed9 Sofa C\u1ed5 \u0110i\u1ec3n Cao C\u1ea5p AMA-MS906 - AMAFURNI\",\"isPartOf\":{\"@id\":\"https:\/\/amafurni.vn\/#website\"},\"datePublished\":\"2023-12-07T03:18:46+00:00\",\"dateModified\":\"2025-11-12T07:11:04+00:00\",\"breadcrumb\":{\"@id\":\"https:\/\/amafurni.vn\/san-pham\/bo-sofa-co-dien-cao-cap-ama-ms906\/#breadcrumb\"},\"inLanguage\":\"en-US\",\"potentialAction\":[{\"@type\":\"ReadAction\",\"target\":[\"https:\/\/amafurni.vn\/san-pham\/bo-sofa-co-dien-cao-cap-ama-ms906\/\"]}]},{\"@type\":\"BreadcrumbList\",\"@id\":\"https:\/\/amafurni.vn\/san-pham\/bo-sofa-co-dien-cao-cap-ama-ms906\/#breadcrumb\",\"itemListElement\":[{\"@type\":\"ListItem\",\"position\":1,\"name\":\"Trang ch\u1ee7\",\"item\":\"https:\/\/amafurni.vn\/\"},{\"@type\":\"ListItem\",\"position\":2,\"name\":\"S\u1ea3n ph\u1ea9m\",\"item\":\"https:\/\/amafurni.vn\/san-pham\/\"},{\"@type\":\"ListItem\",\"position\":3,\"name\":\"B\u1ed9 Sofa C\u1ed5 \u0110i\u1ec3n Cao C\u1ea5p AMA-MS906\"}]},{\"@type\":\"WebSite\",\"@id\":\"https:\/\/amafurni.vn\/#website\",\"url\":\"https:\/\/amafurni.vn\/\",\"name\":\"AMAFURNI\",\"description\":\"\",\"potentialAction\":[{\"@type\":\"SearchAction\",\"target\":{\"@type\":\"EntryPoint\",\"urlTemplate\":\"https:\/\/amafurni.vn\/?s={search_term_string}\"},\"query-input\":\"required name=search_term_string\"}],\"inLanguage\":\"en-US\"}]}<\/script>\n<!-- \/ Yoast SEO Premium plugin. -->","yoast_head_json":{"title":"B\u1ed9 Sofa C\u1ed5 \u0110i\u1ec3n Cao C\u1ea5p AMA-MS906 - AMAFURNI","robots":{"index":"index","follow":"follow","max-snippet":"max-snippet:-1","max-image-preview":"max-image-preview:large","max-video-preview":"max-video-preview:-1"},"canonical":"https:\/\/amafurni.vn\/en\/product\/bo-sofa-co-dien-cao-cap-ama-ms906\/","og_locale":"en_US","og_type":"article","og_title":"B\u1ed9 Sofa C\u1ed5 \u0110i\u1ec3n Cao C\u1ea5p AMA-MS906","og_description":"B\u1ed9 Sofa C\u1ed5 \u0110i\u1ec3n Cao C\u1ea5p AMA-MS9006\u00a0 l\u00e0 1 m\u1eabu gh\u1ebf nh\u1eadp kh\u1ea9u tr\u1ef1c ti\u1ebfp c\u1ee7a\u00a0N\u1ed8I TH\u1ea4T AMA FURNITURE , v\u1edbi thi\u1ebft k\u1ebf tinh t\u1ebf , t\u1ed1i gian t\u1ea1o n\u00ean v\u1ebb \u0111\u1eb9p sang tr\u1ecdng cho kh\u00f4ng gian Nh\u00e0 \u1edf, th\u1ea9m m\u1ef9 vi\u1ec7n, Bi\u1ec7t th\u1ef1 , V\u0103n ph\u00f2ng v.v.   M\u00e3 SP : AMA-MS9006  Ch\u1ea5t li\u1ec7u : G\u1ed7 b\u1ea1ch d\u01b0\u01a1ng (Nh\u1eadp Nga),Khung X\u01b0\u01a1ng trong : G\u1ed7 D\u1ea7u, G\u1ed7 Th\u00f4ng (Vi\u1ec7t nam), N\u1ec7m mousse D40 L\u00f2 Xo X\u00e2y T\u00fai, B\u1ecdc : Da PVC \/ V\u1ea3i \/ Da Th\u1eadt.  M\u00e0u s\u1eafc : Nh\u01b0 h\u00ecnh \/ S\u1ea3n xu\u1ea5t m\u00e0u s\u1eafc theo y\u00eau c\u1ea7u c\u1ee7a kh\u00e1ch h\u00e0ng.  K\u00edch th\u01b0\u1edbc :\u00a03500*900*1200,\u00a01200*500*450  B\u1ed9 s\u1ea3n ph\u1ea9m g\u1ed3m : 01 Sofa, 01 b\u00e0n ch\u1eef nh\u1eadt, 01 b\u1ed9 g\u1ed1i","og_url":"https:\/\/amafurni.vn\/en\/product\/bo-sofa-co-dien-cao-cap-ama-ms906\/","og_site_name":"AMAFURNI","article_modified_time":"2025-11-12T07:11:04+00:00","og_image":[{"width":800,"height":800,"url":"https:\/\/amafurni.vn\/wp-content\/uploads\/2023\/12\/z5641533603162_cb45ea2f4b19134a672a5fa5d6f0af99.jpg","type":"image\/jpeg"}],"twitter_card":"summary_large_image","twitter_misc":{"Est. reading time":"1 minute"},"schema":{"@context":"https:\/\/schema.org","@graph":[{"@type":"WebPage","@id":"https:\/\/amafurni.vn\/san-pham\/bo-sofa-co-dien-cao-cap-ama-ms906\/","url":"https:\/\/amafurni.vn\/san-pham\/bo-sofa-co-dien-cao-cap-ama-ms906\/","name":"B\u1ed9 Sofa C\u1ed5 \u0110i\u1ec3n Cao C\u1ea5p AMA-MS906 - AMAFURNI","isPartOf":{"@id":"https:\/\/amafurni.vn\/#website"},"datePublished":"2023-12-07T03:18:46+00:00","dateModified":"2025-11-12T07:11:04+00:00","breadcrumb":{"@id":"https:\/\/amafurni.vn\/san-pham\/bo-sofa-co-dien-cao-cap-ama-ms906\/#breadcrumb"},"inLanguage":"en-US","potentialAction":[{"@type":"ReadAction","target":["https:\/\/amafurni.vn\/san-pham\/bo-sofa-co-dien-cao-cap-ama-ms906\/"]}]},{"@type":"BreadcrumbList","@id":"https:\/\/amafurni.vn\/san-pham\/bo-sofa-co-dien-cao-cap-ama-ms906\/#breadcrumb","itemListElement":[{"@type":"ListItem","position":1,"name":"Trang ch\u1ee7","item":"https:\/\/amafurni.vn\/"},{"@type":"ListItem","position":2,"name":"S\u1ea3n ph\u1ea9m","item":"https:\/\/amafurni.vn\/san-pham\/"},{"@type":"ListItem","position":3,"name":"B\u1ed9 Sofa C\u1ed5 \u0110i\u1ec3n Cao C\u1ea5p AMA-MS906"}]},{"@type":"WebSite","@id":"https:\/\/amafurni.vn\/#website","url":"https:\/\/amafurni.vn\/","name":"AMAFURNI","description":"","potentialAction":[{"@type":"SearchAction","target":{"@type":"EntryPoint","urlTemplate":"https:\/\/amafurni.vn\/?s={search_term_string}"},"query-input":"required name=search_term_string"}],"inLanguage":"en-US"}]}},"_links":{"self":[{"href":"https:\/\/amafurni.vn\/en\/wp-json\/wp\/v2\/product\/3607"}],"collection":[{"href":"https:\/\/amafurni.vn\/en\/wp-json\/wp\/v2\/product"}],"about":[{"href":"https:\/\/amafurni.vn\/en\/wp-json\/wp\/v2\/types\/product"}],"replies":[{"embeddable":true,"href":"https:\/\/amafurni.vn\/en\/wp-json\/wp\/v2\/comments?post=3607"}],"wp:featuredmedia":[{"embeddable":true,"href":"https:\/\/amafurni.vn\/en\/wp-json\/wp\/v2\/media\/16171"}],"wp:attachment":[{"href":"https:\/\/amafurni.vn\/en\/wp-json\/wp\/v2\/media?parent=3607"}],"wp:term":[{"taxonomy":"product_cat","embeddable":true,"href":"https:\/\/amafurni.vn\/en\/wp-json\/wp\/v2\/product_cat?post=3607"},{"taxonomy":"product_tag","embeddable":true,"href":"https:\/\/amafurni.vn\/en\/wp-json\/wp\/v2\/product_tag?post=3607"}],"curies":[{"name":"wp","href":"https:\/\/api.w.org\/{rel}","templated":true}]}}