{"id":3611,"date":"2023-12-07T10:18:53","date_gmt":"2023-12-07T03:18:53","guid":{"rendered":"https:\/\/amafurni.123websitedev.com\/san-pham\/bo-sofa-co-dien-go-tu-nhien-sofa-tan-co-dien-sofa-khach-san-spa-ms-ama1002-v8\/"},"modified":"2025-11-12T14:11:04","modified_gmt":"2025-11-12T07:11:04","slug":"bo-sofa-co-dien-cao-cap-ama-ms9002","status":"publish","type":"product","link":"https:\/\/amafurni.vn\/en\/product\/bo-sofa-co-dien-cao-cap-ama-ms9002\/","title":{"rendered":"B\u1ed9 Sofa C\u1ed5 \u0110i\u1ec3n Cao C\u1ea5p AMA-MS9002"},"content":{"rendered":"<table class=\"woocommerce-product-attributes shop_attributes\" style=\"width: 100.708%; height: 302px;\" width=\"929\">\n<tbody>\n<tr class=\"woocommerce-product-attributes-item woocommerce-product-attributes-item--attribute_season\">\n<th class=\"woocommerce-product-attributes-item__label\">Material<\/th>\n<td>G\u1ed7 ch\u00e0m b\u00f4ng v\u00e0ng, <span class=\"fontstyle0\">Khung X\u01b0\u01a1ng trong : G\u1ed7 D\u1ea7u, G\u1ed7 Th\u00f4ng (Vi\u1ec7t nam), N\u1ec7m mousse D40 L\u00f2 Xo X\u00e2y T\u00fai, B\u1ecdc : Da PVC \/ V\u1ea3i \/ Da Th\u1eadt.<br \/>\n<\/span><\/td>\n<\/tr>\n<tr class=\"woocommerce-product-attributes-item woocommerce-product-attributes-item--attribute_pa_color\">\n<th class=\"woocommerce-product-attributes-item__label\">M\u00e0u S\u1eafc<\/th>\n<td class=\"woocommerce-product-attributes-item__value\">Nh\u01b0 h\u00ecnh \/ S\u1ea3n xu\u1ea5t m\u00e0u s\u1eafc theo y\u00eau c\u1ea7u c\u1ee7a kh\u00e1ch h\u00e0ng.<\/td>\n<\/tr>\n<tr class=\"woocommerce-product-attributes-item woocommerce-product-attributes-item--attribute_style\">\n<th class=\"woocommerce-product-attributes-item__label\">K\u00edch th\u01b0\u1edbc<\/th>\n<td class=\"woocommerce-product-attributes-item__value\"><span style=\"font-family: 'times new roman', times, serif;\">B\u0103ng d\u00e0i : 2200*900*1100, <\/span><span style=\"font-family: 'times new roman', times, serif;\">Gh\u1ebf \u0111\u01a1n : 1100*900*1100, <\/span><span style=\"font-family: 'times new roman', times, serif;\">B\u00e0n : 1200*500*560.<\/span><\/td>\n<\/tr>\n<tr class=\"woocommerce-product-attributes-item woocommerce-product-attributes-item--attribute_pa_material\">\n<th class=\"woocommerce-product-attributes-item__label\">B\u1ed9 s\u1ea3n ph\u1ea9m g\u1ed3m<\/th>\n<td class=\"woocommerce-product-attributes-item__value\"><span style=\"font-family: 'times new roman', times, serif;\">01 b\u0103ng d\u00e0i, 02 gh\u1ebf (ho\u1eb7c \u0111\u00f4n kh\u00f4ng l\u01b0ng), 01 b\u00e0n m\u1eb7t k\u00ednh (ho\u1eb7c g\u1ed7), 01 b\u1ed9 g\u1ed1i.<\/span><\/td>\n<\/tr>\n<tr class=\"woocommerce-product-attributes-item woocommerce-product-attributes-item--attribute_item-code\">\n<th class=\"woocommerce-product-attributes-item__label\">B\u1ea3o H\u00e0nh<\/th>\n<td class=\"woocommerce-product-attributes-item__value\">*Khung S\u01b0\u1eddn 05 n\u0103m. *V\u1ea3i\/Da 01 n\u0103m.<\/td>\n<\/tr>\n<\/tbody>\n<\/table>","protected":false},"excerpt":{"rendered":"<p><strong>B\u1ed9 Sofa C\u1ed5 \u0110i\u1ec3n Cao C\u1ea5p AMA-MS9002\u00a0 <\/strong>l\u00e0 1 m\u1eabu gh\u1ebf nh\u1eadp kh\u1ea9u tr\u1ef1c ti\u1ebfp c\u1ee7a\u00a0<strong>N\u1ed8I TH\u1ea4T AMA FURNITURE<\/strong> , v\u1edbi thi\u1ebft k\u1ebf tinh t\u1ebf , t\u1ed1i gian t\u1ea1o n\u00ean v\u1ebb \u0111\u1eb9p sang tr\u1ecdng cho kh\u00f4ng gian Nh\u00e0 \u1edf, th\u1ea9m m\u1ef9 vi\u1ec7n, Bi\u1ec7t th\u1ef1 , V\u0103n ph\u00f2ng v.v.<\/p>\n<ul>\n<li><strong>M\u00e3 SP :<\/strong> <strong>AMA-MS9002<\/strong><\/li>\n<li><strong>Ch\u1ea5t li\u1ec7u :<\/strong> <strong>G\u1ed7 b\u1ea1ch d\u01b0\u01a1ng (Nh\u1eadp Nga),<span class=\"fontstyle0\">Khung X\u01b0\u01a1ng trong : G\u1ed7 D\u1ea7u, G\u1ed7 Th\u00f4ng (Vi\u1ec7t nam), N\u1ec7m mousse D40 L\u00f2 Xo X\u00e2y T\u00fai, B\u1ecdc : Da PVC \/ V\u1ea3i \/ Da Th\u1eadt.<\/span><\/strong><\/li>\n<li><strong>M\u00e0u s\u1eafc :<\/strong> <strong>Nh\u01b0 h\u00ecnh \/ S\u1ea3n xu\u1ea5t m\u00e0u s\u1eafc theo y\u00eau c\u1ea7u c\u1ee7a kh\u00e1ch h\u00e0ng<\/strong>.<\/li>\n<li><strong>K\u00edch th\u01b0\u1edbc : <span style=\"font-family: 'times new roman', times, serif;\">B\u0103ng d\u00e0i : 2200*900*1100, <\/span><span style=\"font-family: 'times new roman', times, serif;\">Gh\u1ebf \u0111\u01a1n : 1100*900*1100, <\/span><span style=\"font-family: 'times new roman', times, serif;\">B\u00e0n : 1200*500*560.<\/span><\/strong><\/li>\n<li><strong>B\u1ed9 s\u1ea3n ph\u1ea9m g\u1ed3m : <span style=\"font-family: 'times new roman', times, serif;\">01 b\u0103ng d\u00e0i, 02 gh\u1ebf (ho\u1eb7c \u0111\u00f4n kh\u00f4ng l\u01b0ng), 01 b\u00e0n m\u1eb7t k\u00ednh (ho\u1eb7c g\u1ed7), 01 b\u1ed9 g\u1ed1i.<\/span><\/strong><\/li>\n<\/ul>","protected":false},"featured_media":16166,"comment_status":"open","ping_status":"closed","template":"","meta":[],"product_cat":[61,84],"product_tag":[594,596],"yoast_head":"<!-- This site is optimized with the Yoast SEO Premium plugin v21.7 (Yoast SEO v21.7) - https:\/\/yoast.com\/wordpress\/plugins\/seo\/ -->\n<title>B\u1ed9 Sofa C\u1ed5 \u0110i\u1ec3n Cao C\u1ea5p AMA-MS9002 - AMAFURNI<\/title>\n<meta name=\"description\" content=\"AMA t\u1ef1 h\u00e0o \u0111ang l\u00e0 Nh\u00e0 Ph\u00e2n Ph\u1ed1i c\u00e1c s\u1ea3n ph\u1ea9m : - N\u1ed9i Th\u1ea5t nh\u1eadp kh\u1ea9u : v\u0103n ph\u00f2ng, gia \u0111\u00ecnh, s\u1ea3n xu\u1ea5t thi c\u00f4ng n\u1ed9i th\u1ea5t theo y\u00eau c\u1ea7u.- M\u00e1y l\u1ecdc n\u01b0\u1edbc Unilever PUREIT- \u0110\u1ed3 \u0111i\u1ec7n gia d\u1ee5ng TEFAL, PHILIPSWeb : amafurni.vn \/ dienmayama.com.vnHotline : 0969919449 - 0906963408 - 0936680717\" \/>\n<meta name=\"robots\" content=\"index, follow, max-snippet:-1, max-image-preview:large, max-video-preview:-1\" \/>\n<link rel=\"canonical\" href=\"https:\/\/amafurni.vn\/en\/product\/bo-sofa-co-dien-cao-cap-ama-ms9002\/\" \/>\n<meta property=\"og:locale\" content=\"en_US\" \/>\n<meta property=\"og:type\" content=\"article\" \/>\n<meta property=\"og:title\" content=\"B\u1ed9 Sofa C\u1ed5 \u0110i\u1ec3n Cao C\u1ea5p AMA-MS9002\" \/>\n<meta property=\"og:description\" content=\"AMA t\u1ef1 h\u00e0o \u0111ang l\u00e0 Nh\u00e0 Ph\u00e2n Ph\u1ed1i c\u00e1c s\u1ea3n ph\u1ea9m : - N\u1ed9i Th\u1ea5t nh\u1eadp kh\u1ea9u : v\u0103n ph\u00f2ng, gia \u0111\u00ecnh, s\u1ea3n xu\u1ea5t thi c\u00f4ng n\u1ed9i th\u1ea5t theo y\u00eau c\u1ea7u.- M\u00e1y l\u1ecdc n\u01b0\u1edbc Unilever PUREIT- \u0110\u1ed3 \u0111i\u1ec7n gia d\u1ee5ng TEFAL, PHILIPSWeb : amafurni.vn \/ dienmayama.com.vnHotline : 0969919449 - 0906963408 - 0936680717\" \/>\n<meta property=\"og:url\" content=\"https:\/\/amafurni.vn\/en\/product\/bo-sofa-co-dien-cao-cap-ama-ms9002\/\" \/>\n<meta property=\"og:site_name\" content=\"AMAFURNI\" \/>\n<meta property=\"article:modified_time\" content=\"2025-11-12T07:11:04+00:00\" \/>\n<meta property=\"og:image\" content=\"https:\/\/amafurni.vn\/wp-content\/uploads\/2023\/12\/z5641533644363_0232c102c3c58e1467a5273d6e6972ef.jpg\" \/>\n\t<meta property=\"og:image:width\" content=\"800\" \/>\n\t<meta property=\"og:image:height\" content=\"800\" \/>\n\t<meta property=\"og:image:type\" content=\"image\/jpeg\" \/>\n<meta name=\"twitter:card\" content=\"summary_large_image\" \/>\n<meta name=\"twitter:label1\" content=\"Est. reading time\" \/>\n\t<meta name=\"twitter:data1\" content=\"1 minute\" \/>\n<script type=\"application\/ld+json\" class=\"yoast-schema-graph\">{\"@context\":\"https:\/\/schema.org\",\"@graph\":[{\"@type\":\"WebPage\",\"@id\":\"https:\/\/amafurni.vn\/san-pham\/bo-sofa-co-dien-cao-cap-ama-ms9002\/\",\"url\":\"https:\/\/amafurni.vn\/san-pham\/bo-sofa-co-dien-cao-cap-ama-ms9002\/\",\"name\":\"B\u1ed9 Sofa C\u1ed5 \u0110i\u1ec3n Cao C\u1ea5p AMA-MS9002 - AMAFURNI\",\"isPartOf\":{\"@id\":\"https:\/\/amafurni.vn\/#website\"},\"datePublished\":\"2023-12-07T03:18:53+00:00\",\"dateModified\":\"2025-11-12T07:11:04+00:00\",\"description\":\"AMA t\u1ef1 h\u00e0o \u0111ang l\u00e0 Nh\u00e0 Ph\u00e2n Ph\u1ed1i c\u00e1c s\u1ea3n ph\u1ea9m : - N\u1ed9i Th\u1ea5t nh\u1eadp kh\u1ea9u : v\u0103n ph\u00f2ng, gia \u0111\u00ecnh, s\u1ea3n xu\u1ea5t thi c\u00f4ng n\u1ed9i th\u1ea5t theo y\u00eau c\u1ea7u.- M\u00e1y l\u1ecdc n\u01b0\u1edbc Unilever PUREIT- \u0110\u1ed3 \u0111i\u1ec7n gia d\u1ee5ng TEFAL, PHILIPSWeb : amafurni.vn \/ dienmayama.com.vnHotline : 0969919449 - 0906963408 - 0936680717\",\"breadcrumb\":{\"@id\":\"https:\/\/amafurni.vn\/san-pham\/bo-sofa-co-dien-cao-cap-ama-ms9002\/#breadcrumb\"},\"inLanguage\":\"en-US\",\"potentialAction\":[{\"@type\":\"ReadAction\",\"target\":[\"https:\/\/amafurni.vn\/san-pham\/bo-sofa-co-dien-cao-cap-ama-ms9002\/\"]}]},{\"@type\":\"BreadcrumbList\",\"@id\":\"https:\/\/amafurni.vn\/san-pham\/bo-sofa-co-dien-cao-cap-ama-ms9002\/#breadcrumb\",\"itemListElement\":[{\"@type\":\"ListItem\",\"position\":1,\"name\":\"Trang ch\u1ee7\",\"item\":\"https:\/\/amafurni.vn\/\"},{\"@type\":\"ListItem\",\"position\":2,\"name\":\"S\u1ea3n ph\u1ea9m\",\"item\":\"https:\/\/amafurni.vn\/san-pham\/\"},{\"@type\":\"ListItem\",\"position\":3,\"name\":\"B\u1ed9 Sofa C\u1ed5 \u0110i\u1ec3n Cao C\u1ea5p AMA-MS9002\"}]},{\"@type\":\"WebSite\",\"@id\":\"https:\/\/amafurni.vn\/#website\",\"url\":\"https:\/\/amafurni.vn\/\",\"name\":\"AMAFURNI\",\"description\":\"\",\"potentialAction\":[{\"@type\":\"SearchAction\",\"target\":{\"@type\":\"EntryPoint\",\"urlTemplate\":\"https:\/\/amafurni.vn\/?s={search_term_string}\"},\"query-input\":\"required name=search_term_string\"}],\"inLanguage\":\"en-US\"}]}<\/script>\n<!-- \/ Yoast SEO Premium plugin. -->","yoast_head_json":{"title":"B\u1ed9 Sofa C\u1ed5 \u0110i\u1ec3n Cao C\u1ea5p AMA-MS9002 - AMAFURNI","description":"AMA t\u1ef1 h\u00e0o \u0111ang l\u00e0 Nh\u00e0 Ph\u00e2n Ph\u1ed1i c\u00e1c s\u1ea3n ph\u1ea9m : - N\u1ed9i Th\u1ea5t nh\u1eadp kh\u1ea9u : v\u0103n ph\u00f2ng, gia \u0111\u00ecnh, s\u1ea3n xu\u1ea5t thi c\u00f4ng n\u1ed9i th\u1ea5t theo y\u00eau c\u1ea7u.- M\u00e1y l\u1ecdc n\u01b0\u1edbc Unilever PUREIT- \u0110\u1ed3 \u0111i\u1ec7n gia d\u1ee5ng TEFAL, PHILIPSWeb : amafurni.vn \/ dienmayama.com.vnHotline : 0969919449 - 0906963408 - 0936680717","robots":{"index":"index","follow":"follow","max-snippet":"max-snippet:-1","max-image-preview":"max-image-preview:large","max-video-preview":"max-video-preview:-1"},"canonical":"https:\/\/amafurni.vn\/en\/product\/bo-sofa-co-dien-cao-cap-ama-ms9002\/","og_locale":"en_US","og_type":"article","og_title":"B\u1ed9 Sofa C\u1ed5 \u0110i\u1ec3n Cao C\u1ea5p AMA-MS9002","og_description":"AMA t\u1ef1 h\u00e0o \u0111ang l\u00e0 Nh\u00e0 Ph\u00e2n Ph\u1ed1i c\u00e1c s\u1ea3n ph\u1ea9m : - N\u1ed9i Th\u1ea5t nh\u1eadp kh\u1ea9u : v\u0103n ph\u00f2ng, gia \u0111\u00ecnh, s\u1ea3n xu\u1ea5t thi c\u00f4ng n\u1ed9i th\u1ea5t theo y\u00eau c\u1ea7u.- M\u00e1y l\u1ecdc n\u01b0\u1edbc Unilever PUREIT- \u0110\u1ed3 \u0111i\u1ec7n gia d\u1ee5ng TEFAL, PHILIPSWeb : amafurni.vn \/ dienmayama.com.vnHotline : 0969919449 - 0906963408 - 0936680717","og_url":"https:\/\/amafurni.vn\/en\/product\/bo-sofa-co-dien-cao-cap-ama-ms9002\/","og_site_name":"AMAFURNI","article_modified_time":"2025-11-12T07:11:04+00:00","og_image":[{"width":800,"height":800,"url":"https:\/\/amafurni.vn\/wp-content\/uploads\/2023\/12\/z5641533644363_0232c102c3c58e1467a5273d6e6972ef.jpg","type":"image\/jpeg"}],"twitter_card":"summary_large_image","twitter_misc":{"Est. reading time":"1 minute"},"schema":{"@context":"https:\/\/schema.org","@graph":[{"@type":"WebPage","@id":"https:\/\/amafurni.vn\/san-pham\/bo-sofa-co-dien-cao-cap-ama-ms9002\/","url":"https:\/\/amafurni.vn\/san-pham\/bo-sofa-co-dien-cao-cap-ama-ms9002\/","name":"B\u1ed9 Sofa C\u1ed5 \u0110i\u1ec3n Cao C\u1ea5p AMA-MS9002 - AMAFURNI","isPartOf":{"@id":"https:\/\/amafurni.vn\/#website"},"datePublished":"2023-12-07T03:18:53+00:00","dateModified":"2025-11-12T07:11:04+00:00","description":"AMA t\u1ef1 h\u00e0o \u0111ang l\u00e0 Nh\u00e0 Ph\u00e2n Ph\u1ed1i c\u00e1c s\u1ea3n ph\u1ea9m : - N\u1ed9i Th\u1ea5t nh\u1eadp kh\u1ea9u : v\u0103n ph\u00f2ng, gia \u0111\u00ecnh, s\u1ea3n xu\u1ea5t thi c\u00f4ng n\u1ed9i th\u1ea5t theo y\u00eau c\u1ea7u.- M\u00e1y l\u1ecdc n\u01b0\u1edbc Unilever PUREIT- \u0110\u1ed3 \u0111i\u1ec7n gia d\u1ee5ng TEFAL, PHILIPSWeb : amafurni.vn \/ dienmayama.com.vnHotline : 0969919449 - 0906963408 - 0936680717","breadcrumb":{"@id":"https:\/\/amafurni.vn\/san-pham\/bo-sofa-co-dien-cao-cap-ama-ms9002\/#breadcrumb"},"inLanguage":"en-US","potentialAction":[{"@type":"ReadAction","target":["https:\/\/amafurni.vn\/san-pham\/bo-sofa-co-dien-cao-cap-ama-ms9002\/"]}]},{"@type":"BreadcrumbList","@id":"https:\/\/amafurni.vn\/san-pham\/bo-sofa-co-dien-cao-cap-ama-ms9002\/#breadcrumb","itemListElement":[{"@type":"ListItem","position":1,"name":"Trang ch\u1ee7","item":"https:\/\/amafurni.vn\/"},{"@type":"ListItem","position":2,"name":"S\u1ea3n ph\u1ea9m","item":"https:\/\/amafurni.vn\/san-pham\/"},{"@type":"ListItem","position":3,"name":"B\u1ed9 Sofa C\u1ed5 \u0110i\u1ec3n Cao C\u1ea5p AMA-MS9002"}]},{"@type":"WebSite","@id":"https:\/\/amafurni.vn\/#website","url":"https:\/\/amafurni.vn\/","name":"AMAFURNI","description":"","potentialAction":[{"@type":"SearchAction","target":{"@type":"EntryPoint","urlTemplate":"https:\/\/amafurni.vn\/?s={search_term_string}"},"query-input":"required name=search_term_string"}],"inLanguage":"en-US"}]}},"_links":{"self":[{"href":"https:\/\/amafurni.vn\/en\/wp-json\/wp\/v2\/product\/3611"}],"collection":[{"href":"https:\/\/amafurni.vn\/en\/wp-json\/wp\/v2\/product"}],"about":[{"href":"https:\/\/amafurni.vn\/en\/wp-json\/wp\/v2\/types\/product"}],"replies":[{"embeddable":true,"href":"https:\/\/amafurni.vn\/en\/wp-json\/wp\/v2\/comments?post=3611"}],"wp:featuredmedia":[{"embeddable":true,"href":"https:\/\/amafurni.vn\/en\/wp-json\/wp\/v2\/media\/16166"}],"wp:attachment":[{"href":"https:\/\/amafurni.vn\/en\/wp-json\/wp\/v2\/media?parent=3611"}],"wp:term":[{"taxonomy":"product_cat","embeddable":true,"href":"https:\/\/amafurni.vn\/en\/wp-json\/wp\/v2\/product_cat?post=3611"},{"taxonomy":"product_tag","embeddable":true,"href":"https:\/\/amafurni.vn\/en\/wp-json\/wp\/v2\/product_tag?post=3611"}],"curies":[{"name":"wp","href":"https:\/\/api.w.org\/{rel}","templated":true}]}}