{"id":3679,"date":"2023-12-07T10:29:10","date_gmt":"2023-12-07T03:29:10","guid":{"rendered":"https:\/\/amafurni.123websitedev.com\/san-pham\/sofa-don-nhap-khau-ama-bardi-01\/"},"modified":"2025-11-12T14:11:07","modified_gmt":"2025-11-12T07:11:07","slug":"sofa-don-nhap-khau-ama-bardi-01","status":"publish","type":"product","link":"https:\/\/amafurni.vn\/en\/product\/sofa-don-nhap-khau-ama-bardi-01\/","title":{"rendered":"SOFA AMA-BARDI 01"},"content":{"rendered":"<table class=\"woocommerce-product-attributes shop_attributes\" style=\"width: 99.6053%\" width=\"929\">\n<tbody>\n<tr class=\"woocommerce-product-attributes-item woocommerce-product-attributes-item--attribute_season\">\n<th class=\"woocommerce-product-attributes-item__label\" style=\"width: 18.6624%\">Material<\/th>\n<td class=\"woocommerce-product-attributes-item__value\" style=\"width: 79.288%\">T\u1ef1a l\u01b0ng, n\u1ec7m : b\u1ecdc da c\u00f4ng nghi\u1ec7p. Ch\u00e2n gh\u1ebf b\u1eb1ng g\u1ed7.<\/td>\n<\/tr>\n<tr class=\"woocommerce-product-attributes-item woocommerce-product-attributes-item--attribute_pa_color\">\n<th class=\"woocommerce-product-attributes-item__label\" style=\"width: 18.6624%\">M\u00e0u S\u1eafc<\/th>\n<td class=\"woocommerce-product-attributes-item__value\" style=\"width: 79.288%\">Theo b\u1ea3ng m\u00e0u<\/td>\n<\/tr>\n<tr class=\"woocommerce-product-attributes-item woocommerce-product-attributes-item--attribute_style\">\n<th class=\"woocommerce-product-attributes-item__label\" style=\"width: 18.6624%\">Size<\/th>\n<td class=\"woocommerce-product-attributes-item__value\" style=\"width: 79.288%\">D730 x R690 x C900<\/td>\n<\/tr>\n<tr class=\"woocommerce-product-attributes-item woocommerce-product-attributes-item--attribute_pa_material\">\n<th class=\"woocommerce-product-attributes-item__label\" style=\"width: 18.6624%\">T\u00ednh N\u0103ng<\/th>\n<td class=\"woocommerce-product-attributes-item__value\" style=\"width: 79.288%\">Ng\u1ed3i c\u1ed1 \u0111\u1ecbnh.<\/td>\n<\/tr>\n<tr class=\"woocommerce-product-attributes-item woocommerce-product-attributes-item--attribute_item-code\">\n<th class=\"woocommerce-product-attributes-item__label\" style=\"width: 18.6624%\">B\u1ea3o H\u00e0nh<\/th>\n<td class=\"woocommerce-product-attributes-item__value\" style=\"width: 79.288%\">3 n\u0103m<\/td>\n<\/tr>\n<\/tbody>\n<\/table>","protected":false},"excerpt":{"rendered":"<div class=\"linedetail\">\n<p>1. T\u1ef1a l\u01b0ng , n\u1ec7m : b\u1ecdc da c\u00f4ng nghi\u1ec7p<br \/>\n2. Ch\u00e2n gh\u1ebf : Ch\u00e2n gh\u1ebf b\u1eb1ng g\u1ed7<br \/>\n3. M\u00e0u :<br \/>\n4.K\u00edch th\u01b0\u1edbc :D730 x R690 x C900<br \/>\n5. Xu\u1ea5t x\u1ee9: Vi\u1ec7t Nam<br \/>\n6. B\u1ea3o H\u00e0nh: 2 n\u0103m<br \/>\n7. \u0110\u1eb7t h\u00e0ng:<\/p>\n<\/div>\n<div class=\"linedetail\"><\/div>","protected":false},"featured_media":3680,"comment_status":"open","ping_status":"closed","template":"","meta":[],"product_cat":[94,196,61,85,111],"product_tag":[391,390,392,394],"yoast_head":"<!-- This site is optimized with the Yoast SEO Premium plugin v21.7 (Yoast SEO v21.7) - https:\/\/yoast.com\/wordpress\/plugins\/seo\/ -->\n<title>SOFA AMA-BARDI 01 - AMAFURNI<\/title>\n<meta name=\"robots\" content=\"index, follow, max-snippet:-1, max-image-preview:large, max-video-preview:-1\" \/>\n<link rel=\"canonical\" href=\"https:\/\/amafurni.vn\/en\/product\/sofa-don-nhap-khau-ama-bardi-01\/\" \/>\n<meta property=\"og:locale\" content=\"en_US\" \/>\n<meta property=\"og:type\" content=\"article\" \/>\n<meta property=\"og:title\" content=\"SOFA AMA-BARDI 01\" \/>\n<meta property=\"og:description\" content=\"1. T\u1ef1a l\u01b0ng , n\u1ec7m : b\u1ecdc da c\u00f4ng nghi\u1ec7p 2. Ch\u00e2n gh\u1ebf : Ch\u00e2n gh\u1ebf b\u1eb1ng g\u1ed7 3. M\u00e0u : 4.K\u00edch th\u01b0\u1edbc :D730 x R690 x C900 5. Xu\u1ea5t x\u1ee9: Vi\u1ec7t Nam 6. B\u1ea3o H\u00e0nh: 2 n\u0103m 7. \u0110\u1eb7t h\u00e0ng:\" \/>\n<meta property=\"og:url\" content=\"https:\/\/amafurni.vn\/en\/product\/sofa-don-nhap-khau-ama-bardi-01\/\" \/>\n<meta property=\"og:site_name\" content=\"AMAFURNI\" \/>\n<meta property=\"article:modified_time\" content=\"2025-11-12T07:11:07+00:00\" \/>\n<meta property=\"og:image\" content=\"https:\/\/amafurni.vn\/wp-content\/uploads\/2023\/12\/sofa-don-nhap-khau-ama-bardi-01_65713a16f0726.jpeg\" \/>\n\t<meta property=\"og:image:width\" content=\"800\" \/>\n\t<meta property=\"og:image:height\" content=\"800\" \/>\n\t<meta property=\"og:image:type\" content=\"image\/jpeg\" \/>\n<meta name=\"twitter:card\" content=\"summary_large_image\" \/>\n<meta name=\"twitter:label1\" content=\"Est. reading time\" \/>\n\t<meta name=\"twitter:data1\" content=\"1 minute\" \/>\n<script type=\"application\/ld+json\" class=\"yoast-schema-graph\">{\"@context\":\"https:\/\/schema.org\",\"@graph\":[{\"@type\":\"WebPage\",\"@id\":\"https:\/\/amafurni.vn\/san-pham\/sofa-don-nhap-khau-ama-bardi-01\/\",\"url\":\"https:\/\/amafurni.vn\/san-pham\/sofa-don-nhap-khau-ama-bardi-01\/\",\"name\":\"SOFA AMA-BARDI 01 - AMAFURNI\",\"isPartOf\":{\"@id\":\"https:\/\/amafurni.vn\/#website\"},\"datePublished\":\"2023-12-07T03:29:10+00:00\",\"dateModified\":\"2025-11-12T07:11:07+00:00\",\"breadcrumb\":{\"@id\":\"https:\/\/amafurni.vn\/san-pham\/sofa-don-nhap-khau-ama-bardi-01\/#breadcrumb\"},\"inLanguage\":\"en-US\",\"potentialAction\":[{\"@type\":\"ReadAction\",\"target\":[\"https:\/\/amafurni.vn\/san-pham\/sofa-don-nhap-khau-ama-bardi-01\/\"]}]},{\"@type\":\"BreadcrumbList\",\"@id\":\"https:\/\/amafurni.vn\/san-pham\/sofa-don-nhap-khau-ama-bardi-01\/#breadcrumb\",\"itemListElement\":[{\"@type\":\"ListItem\",\"position\":1,\"name\":\"Trang ch\u1ee7\",\"item\":\"https:\/\/amafurni.vn\/\"},{\"@type\":\"ListItem\",\"position\":2,\"name\":\"S\u1ea3n ph\u1ea9m\",\"item\":\"https:\/\/amafurni.vn\/san-pham\/\"},{\"@type\":\"ListItem\",\"position\":3,\"name\":\"SOFA AMA-BARDI 01\"}]},{\"@type\":\"WebSite\",\"@id\":\"https:\/\/amafurni.vn\/#website\",\"url\":\"https:\/\/amafurni.vn\/\",\"name\":\"AMAFURNI\",\"description\":\"\",\"potentialAction\":[{\"@type\":\"SearchAction\",\"target\":{\"@type\":\"EntryPoint\",\"urlTemplate\":\"https:\/\/amafurni.vn\/?s={search_term_string}\"},\"query-input\":\"required name=search_term_string\"}],\"inLanguage\":\"en-US\"}]}<\/script>\n<!-- \/ Yoast SEO Premium plugin. -->","yoast_head_json":{"title":"SOFA AMA-BARDI 01 - AMAFURNI","robots":{"index":"index","follow":"follow","max-snippet":"max-snippet:-1","max-image-preview":"max-image-preview:large","max-video-preview":"max-video-preview:-1"},"canonical":"https:\/\/amafurni.vn\/en\/product\/sofa-don-nhap-khau-ama-bardi-01\/","og_locale":"en_US","og_type":"article","og_title":"SOFA AMA-BARDI 01","og_description":"1. T\u1ef1a l\u01b0ng , n\u1ec7m : b\u1ecdc da c\u00f4ng nghi\u1ec7p 2. Ch\u00e2n gh\u1ebf : Ch\u00e2n gh\u1ebf b\u1eb1ng g\u1ed7 3. M\u00e0u : 4.K\u00edch th\u01b0\u1edbc :D730 x R690 x C900 5. Xu\u1ea5t x\u1ee9: Vi\u1ec7t Nam 6. B\u1ea3o H\u00e0nh: 2 n\u0103m 7. \u0110\u1eb7t h\u00e0ng:","og_url":"https:\/\/amafurni.vn\/en\/product\/sofa-don-nhap-khau-ama-bardi-01\/","og_site_name":"AMAFURNI","article_modified_time":"2025-11-12T07:11:07+00:00","og_image":[{"width":800,"height":800,"url":"https:\/\/amafurni.vn\/wp-content\/uploads\/2023\/12\/sofa-don-nhap-khau-ama-bardi-01_65713a16f0726.jpeg","type":"image\/jpeg"}],"twitter_card":"summary_large_image","twitter_misc":{"Est. reading time":"1 minute"},"schema":{"@context":"https:\/\/schema.org","@graph":[{"@type":"WebPage","@id":"https:\/\/amafurni.vn\/san-pham\/sofa-don-nhap-khau-ama-bardi-01\/","url":"https:\/\/amafurni.vn\/san-pham\/sofa-don-nhap-khau-ama-bardi-01\/","name":"SOFA AMA-BARDI 01 - AMAFURNI","isPartOf":{"@id":"https:\/\/amafurni.vn\/#website"},"datePublished":"2023-12-07T03:29:10+00:00","dateModified":"2025-11-12T07:11:07+00:00","breadcrumb":{"@id":"https:\/\/amafurni.vn\/san-pham\/sofa-don-nhap-khau-ama-bardi-01\/#breadcrumb"},"inLanguage":"en-US","potentialAction":[{"@type":"ReadAction","target":["https:\/\/amafurni.vn\/san-pham\/sofa-don-nhap-khau-ama-bardi-01\/"]}]},{"@type":"BreadcrumbList","@id":"https:\/\/amafurni.vn\/san-pham\/sofa-don-nhap-khau-ama-bardi-01\/#breadcrumb","itemListElement":[{"@type":"ListItem","position":1,"name":"Trang ch\u1ee7","item":"https:\/\/amafurni.vn\/"},{"@type":"ListItem","position":2,"name":"S\u1ea3n ph\u1ea9m","item":"https:\/\/amafurni.vn\/san-pham\/"},{"@type":"ListItem","position":3,"name":"SOFA AMA-BARDI 01"}]},{"@type":"WebSite","@id":"https:\/\/amafurni.vn\/#website","url":"https:\/\/amafurni.vn\/","name":"AMAFURNI","description":"","potentialAction":[{"@type":"SearchAction","target":{"@type":"EntryPoint","urlTemplate":"https:\/\/amafurni.vn\/?s={search_term_string}"},"query-input":"required name=search_term_string"}],"inLanguage":"en-US"}]}},"_links":{"self":[{"href":"https:\/\/amafurni.vn\/en\/wp-json\/wp\/v2\/product\/3679"}],"collection":[{"href":"https:\/\/amafurni.vn\/en\/wp-json\/wp\/v2\/product"}],"about":[{"href":"https:\/\/amafurni.vn\/en\/wp-json\/wp\/v2\/types\/product"}],"replies":[{"embeddable":true,"href":"https:\/\/amafurni.vn\/en\/wp-json\/wp\/v2\/comments?post=3679"}],"wp:featuredmedia":[{"embeddable":true,"href":"https:\/\/amafurni.vn\/en\/wp-json\/wp\/v2\/media\/3680"}],"wp:attachment":[{"href":"https:\/\/amafurni.vn\/en\/wp-json\/wp\/v2\/media?parent=3679"}],"wp:term":[{"taxonomy":"product_cat","embeddable":true,"href":"https:\/\/amafurni.vn\/en\/wp-json\/wp\/v2\/product_cat?post=3679"},{"taxonomy":"product_tag","embeddable":true,"href":"https:\/\/amafurni.vn\/en\/wp-json\/wp\/v2\/product_tag?post=3679"}],"curies":[{"name":"wp","href":"https:\/\/api.w.org\/{rel}","templated":true}]}}