{"id":3773,"date":"2023-12-07T10:26:16","date_gmt":"2023-12-07T03:26:16","guid":{"rendered":"https:\/\/amafurni.123websitedev.com\/san-pham\/sofa-giuong-ama-caroli\/"},"modified":"2025-11-12T14:11:08","modified_gmt":"2025-11-12T07:11:08","slug":"sofa-giuong-ama-caroli","status":"publish","type":"product","link":"https:\/\/amafurni.vn\/en\/product\/sofa-giuong-ama-caroli\/","title":{"rendered":"SOFA GI\u01af\u1edcNG AMA-CAROLI"},"content":{"rendered":"<table border=\"1\" height=\"324\">\n<tbody><\/tbody>\n<tbody>\n<tr>\n<td><span><strong>Material<\/strong><\/span><\/td>\n<td>\n<p><span><strong>Size<\/strong><\/span><\/p>\n<p><span><strong>(D\u00e0i*R\u1ed9ng*cao)<\/strong><\/span><\/p>\n<\/td>\n<td><span><strong><span color=\"#ff0000\" face=\"times new roman, times, serif\">\u0110\u1eb7c \u0110i\u1ec3m<\/span><\/strong><\/span><\/td>\n<td><span><strong>M\u00e0u S\u1eafc<\/strong><\/span><\/td>\n<td><span><strong>Xu\u1ea5t X\u1ee9<\/strong><\/span><\/td>\n<td><span><strong>B\u1ea3o h\u00e0nh<\/strong><\/span><\/td>\n<td><span><strong>B\u1ed9 s\u1ea3n ph\u1ea9m g\u1ed3m<\/strong><\/span><\/td>\n<\/tr>\n<tr>\n<td>\n<p>&#8211; &#8211; Gh\u1ebf b\u1ecdc Simili ho\u1eb7c V\u1ea3i<br \/>&#8211; Ch\u00e2n gh\u1ebf b\u1eb1ng s\u1eaft s\u01a1n t\u0129nh \u0111i\u1ec7n<\/p>\n<\/td>\n<td>\n<p>\u00a0W1750 x D1000 x H800 (mm)<\/p>\n<\/td>\n<td>\n<p><span><strong><\/strong>Sofa g\u01b0\u1eddng c\u0169ng \u0111\u01b0\u1ee3c g\u1ecdi l\u00e0 \u201cSofa\u00a0Bed\u201d, \u0111\u00e2y l\u00e0 d\u00f2ng s\u1ea3n ph\u1ea9m \u0111a n\u0103ng gi\u00fap ti\u1ebft ki\u1ec7m kh\u00f4ng gian \u0111\u01b0\u1ee3c thi\u1ebft k\u1ebf l\u1ea1 m\u1eaft v\u00e0 nhi\u1ec1u ki\u1ec3u d\u00e1ng th\u00edch h\u1ee3p cho c\u00e1c ng\u00f4i nh\u00e0 v\u1edbi di\u1ec7n t\u00edch t\u1eeb nh\u1ecf \u0111\u1ebfn r\u1ed9ng r\u00e3i. M\u1ed9t chi\u1ebfc gh\u1ebf sofa<strong>\u00a0bed\u00a0<\/strong>khi c\u1ea7n c\u00f3 th\u1ec3 b\u1eadt \/ k\u00e9o \/ s\u1eafp x\u1ebfp l\u1ea1i th\u00e0nh 1 gi\u01b0\u1eddng \u0111\u00f4i ti\u1ec7n d\u1ee5ng.<\/span><br \/><span><strong>Sofa bed\u00a0<\/strong>k\u1ebft h\u1ee3p hai ch\u1ee9c n\u0103ng tr\u00ean c\u00f9ng m\u1ed9t s\u1ea3n ph\u1ea9m: v\u1eeba l\u00e0 Sofa ph\u00f2ng kh\u00e1ch, sofa ph\u00f2ng \u0111\u1ecdc s\u00e1ch, v\u1eeba l\u00e0 g\u01b0\u1eddng ng\u1ee7\u00a0ti\u1ec7n nghi. S\u1ea3n ph\u1ea9m c\u00f3 nhi\u1ec1u m\u00e0u s\u1eafc, k\u00edch th\u01b0\u1edbc v\u00e0 ch\u1ea5t li\u1ec7u \u0111\u1ec3 l\u1ef1a ch\u1ecdn theo y\u00eau c\u1ea7u.<\/span><br \/><span>.<\/span><\/p>\n<\/td>\n<td>\n<p><span>NHI\u1ec0U M\u00c0U\u00a0<\/span><\/p>\n<\/td>\n<td><span>H\u00e0ng nh\u1eadp ngo\u1ea1i<\/span><\/td>\n<td>\n<p><span>12 th\u00e1ng k\u1ef9 thu\u1eadt<\/span><\/p>\n<\/td>\n<td>\n<p><span>01 sofa gi\u01b0\u1eddng\u00a0<\/span><\/p>\n<\/td>\n<\/tr>\n<\/tbody>\n<\/table>","protected":false},"excerpt":{"rendered":"<p>Ch\u1ea5t Li\u1ec7u K\u00edch Th\u01b0\u1edbc (D\u00e0i*R\u1ed9ng*cao) \u0110\u1eb7c \u0110i\u1ec3m M\u00e0u S\u1eafc Xu\u1ea5t X\u1ee9 B\u1ea3o h\u00e0nh B\u1ed9 s\u1ea3n ph\u1ea9m g\u1ed3m &#8211; &#8211; Gh\u1ebf b\u1ecdc Simili ho\u1eb7c V\u1ea3i&#8211; Ch\u00e2n gh\u1ebf b\u1eb1ng s\u1eaft s\u01a1n t\u0129nh \u0111i\u1ec7n \u00a0W1750 x D1000 x H800 (mm) Sofa g\u01b0\u1eddng c\u0169ng \u0111\u01b0\u1ee3c g\u1ecdi l\u00e0 \u201cSofa\u00a0Bed\u201d, \u0111\u00e2y l\u00e0 d\u00f2ng s\u1ea3n ph\u1ea9m \u0111a n\u0103ng gi\u00fap ti\u1ebft ki\u1ec7m kh\u00f4ng [&hellip;]<\/p>","protected":false},"featured_media":3774,"comment_status":"open","ping_status":"closed","template":"","meta":[],"product_cat":[61,86],"product_tag":[],"yoast_head":"<!-- This site is optimized with the Yoast SEO Premium plugin v21.7 (Yoast SEO v21.7) - https:\/\/yoast.com\/wordpress\/plugins\/seo\/ -->\n<title>SOFA GI\u01af\u1edcNG AMA-CAROLI - AMAFURNI<\/title>\n<meta name=\"robots\" content=\"index, follow, max-snippet:-1, max-image-preview:large, max-video-preview:-1\" \/>\n<link rel=\"canonical\" href=\"https:\/\/amafurni.vn\/en\/product\/sofa-giuong-ama-caroli\/\" \/>\n<meta property=\"og:locale\" content=\"en_US\" \/>\n<meta property=\"og:type\" content=\"article\" \/>\n<meta property=\"og:title\" content=\"SOFA GI\u01af\u1edcNG AMA-CAROLI\" \/>\n<meta property=\"og:description\" content=\"Ch\u1ea5t Li\u1ec7u K\u00edch Th\u01b0\u1edbc (D\u00e0i*R\u1ed9ng*cao) \u0110\u1eb7c \u0110i\u1ec3m M\u00e0u S\u1eafc Xu\u1ea5t X\u1ee9 B\u1ea3o h\u00e0nh B\u1ed9 s\u1ea3n ph\u1ea9m g\u1ed3m &#8211; &#8211; Gh\u1ebf b\u1ecdc Simili ho\u1eb7c V\u1ea3i&#8211; Ch\u00e2n gh\u1ebf b\u1eb1ng s\u1eaft s\u01a1n t\u0129nh \u0111i\u1ec7n \u00a0W1750 x D1000 x H800 (mm) Sofa g\u01b0\u1eddng c\u0169ng \u0111\u01b0\u1ee3c g\u1ecdi l\u00e0 \u201cSofa\u00a0Bed\u201d, \u0111\u00e2y l\u00e0 d\u00f2ng s\u1ea3n ph\u1ea9m \u0111a n\u0103ng gi\u00fap ti\u1ebft ki\u1ec7m kh\u00f4ng [&hellip;]\" \/>\n<meta property=\"og:url\" content=\"https:\/\/amafurni.vn\/en\/product\/sofa-giuong-ama-caroli\/\" \/>\n<meta property=\"og:site_name\" content=\"AMAFURNI\" \/>\n<meta property=\"article:modified_time\" content=\"2025-11-12T07:11:08+00:00\" \/>\n<meta property=\"og:image\" content=\"https:\/\/amafurni.vn\/wp-content\/uploads\/2023\/12\/sofa-giuong-ama-caroli_65713b588b0f8.png\" \/>\n\t<meta property=\"og:image:width\" content=\"800\" \/>\n\t<meta property=\"og:image:height\" content=\"800\" \/>\n\t<meta property=\"og:image:type\" content=\"image\/png\" \/>\n<meta name=\"twitter:card\" content=\"summary_large_image\" \/>\n<meta name=\"twitter:label1\" content=\"Est. reading time\" \/>\n\t<meta name=\"twitter:data1\" content=\"1 minute\" \/>\n<script type=\"application\/ld+json\" class=\"yoast-schema-graph\">{\"@context\":\"https:\/\/schema.org\",\"@graph\":[{\"@type\":\"WebPage\",\"@id\":\"https:\/\/amafurni.vn\/san-pham\/sofa-giuong-ama-caroli\/\",\"url\":\"https:\/\/amafurni.vn\/san-pham\/sofa-giuong-ama-caroli\/\",\"name\":\"SOFA GI\u01af\u1edcNG AMA-CAROLI - AMAFURNI\",\"isPartOf\":{\"@id\":\"https:\/\/amafurni.vn\/#website\"},\"datePublished\":\"2023-12-07T03:26:16+00:00\",\"dateModified\":\"2025-11-12T07:11:08+00:00\",\"breadcrumb\":{\"@id\":\"https:\/\/amafurni.vn\/san-pham\/sofa-giuong-ama-caroli\/#breadcrumb\"},\"inLanguage\":\"en-US\",\"potentialAction\":[{\"@type\":\"ReadAction\",\"target\":[\"https:\/\/amafurni.vn\/san-pham\/sofa-giuong-ama-caroli\/\"]}]},{\"@type\":\"BreadcrumbList\",\"@id\":\"https:\/\/amafurni.vn\/san-pham\/sofa-giuong-ama-caroli\/#breadcrumb\",\"itemListElement\":[{\"@type\":\"ListItem\",\"position\":1,\"name\":\"Trang ch\u1ee7\",\"item\":\"https:\/\/amafurni.vn\/\"},{\"@type\":\"ListItem\",\"position\":2,\"name\":\"S\u1ea3n ph\u1ea9m\",\"item\":\"https:\/\/amafurni.vn\/san-pham\/\"},{\"@type\":\"ListItem\",\"position\":3,\"name\":\"SOFA GI\u01af\u1edcNG AMA-CAROLI\"}]},{\"@type\":\"WebSite\",\"@id\":\"https:\/\/amafurni.vn\/#website\",\"url\":\"https:\/\/amafurni.vn\/\",\"name\":\"AMAFURNI\",\"description\":\"\",\"potentialAction\":[{\"@type\":\"SearchAction\",\"target\":{\"@type\":\"EntryPoint\",\"urlTemplate\":\"https:\/\/amafurni.vn\/?s={search_term_string}\"},\"query-input\":\"required name=search_term_string\"}],\"inLanguage\":\"en-US\"}]}<\/script>\n<!-- \/ Yoast SEO Premium plugin. -->","yoast_head_json":{"title":"SOFA GI\u01af\u1edcNG AMA-CAROLI - AMAFURNI","robots":{"index":"index","follow":"follow","max-snippet":"max-snippet:-1","max-image-preview":"max-image-preview:large","max-video-preview":"max-video-preview:-1"},"canonical":"https:\/\/amafurni.vn\/en\/product\/sofa-giuong-ama-caroli\/","og_locale":"en_US","og_type":"article","og_title":"SOFA GI\u01af\u1edcNG AMA-CAROLI","og_description":"Ch\u1ea5t Li\u1ec7u K\u00edch Th\u01b0\u1edbc (D\u00e0i*R\u1ed9ng*cao) \u0110\u1eb7c \u0110i\u1ec3m M\u00e0u S\u1eafc Xu\u1ea5t X\u1ee9 B\u1ea3o h\u00e0nh B\u1ed9 s\u1ea3n ph\u1ea9m g\u1ed3m &#8211; &#8211; Gh\u1ebf b\u1ecdc Simili ho\u1eb7c V\u1ea3i&#8211; Ch\u00e2n gh\u1ebf b\u1eb1ng s\u1eaft s\u01a1n t\u0129nh \u0111i\u1ec7n \u00a0W1750 x D1000 x H800 (mm) Sofa g\u01b0\u1eddng c\u0169ng \u0111\u01b0\u1ee3c g\u1ecdi l\u00e0 \u201cSofa\u00a0Bed\u201d, \u0111\u00e2y l\u00e0 d\u00f2ng s\u1ea3n ph\u1ea9m \u0111a n\u0103ng gi\u00fap ti\u1ebft ki\u1ec7m kh\u00f4ng [&hellip;]","og_url":"https:\/\/amafurni.vn\/en\/product\/sofa-giuong-ama-caroli\/","og_site_name":"AMAFURNI","article_modified_time":"2025-11-12T07:11:08+00:00","og_image":[{"width":800,"height":800,"url":"https:\/\/amafurni.vn\/wp-content\/uploads\/2023\/12\/sofa-giuong-ama-caroli_65713b588b0f8.png","type":"image\/png"}],"twitter_card":"summary_large_image","twitter_misc":{"Est. reading time":"1 minute"},"schema":{"@context":"https:\/\/schema.org","@graph":[{"@type":"WebPage","@id":"https:\/\/amafurni.vn\/san-pham\/sofa-giuong-ama-caroli\/","url":"https:\/\/amafurni.vn\/san-pham\/sofa-giuong-ama-caroli\/","name":"SOFA GI\u01af\u1edcNG AMA-CAROLI - AMAFURNI","isPartOf":{"@id":"https:\/\/amafurni.vn\/#website"},"datePublished":"2023-12-07T03:26:16+00:00","dateModified":"2025-11-12T07:11:08+00:00","breadcrumb":{"@id":"https:\/\/amafurni.vn\/san-pham\/sofa-giuong-ama-caroli\/#breadcrumb"},"inLanguage":"en-US","potentialAction":[{"@type":"ReadAction","target":["https:\/\/amafurni.vn\/san-pham\/sofa-giuong-ama-caroli\/"]}]},{"@type":"BreadcrumbList","@id":"https:\/\/amafurni.vn\/san-pham\/sofa-giuong-ama-caroli\/#breadcrumb","itemListElement":[{"@type":"ListItem","position":1,"name":"Trang ch\u1ee7","item":"https:\/\/amafurni.vn\/"},{"@type":"ListItem","position":2,"name":"S\u1ea3n ph\u1ea9m","item":"https:\/\/amafurni.vn\/san-pham\/"},{"@type":"ListItem","position":3,"name":"SOFA GI\u01af\u1edcNG AMA-CAROLI"}]},{"@type":"WebSite","@id":"https:\/\/amafurni.vn\/#website","url":"https:\/\/amafurni.vn\/","name":"AMAFURNI","description":"","potentialAction":[{"@type":"SearchAction","target":{"@type":"EntryPoint","urlTemplate":"https:\/\/amafurni.vn\/?s={search_term_string}"},"query-input":"required name=search_term_string"}],"inLanguage":"en-US"}]}},"_links":{"self":[{"href":"https:\/\/amafurni.vn\/en\/wp-json\/wp\/v2\/product\/3773"}],"collection":[{"href":"https:\/\/amafurni.vn\/en\/wp-json\/wp\/v2\/product"}],"about":[{"href":"https:\/\/amafurni.vn\/en\/wp-json\/wp\/v2\/types\/product"}],"replies":[{"embeddable":true,"href":"https:\/\/amafurni.vn\/en\/wp-json\/wp\/v2\/comments?post=3773"}],"wp:featuredmedia":[{"embeddable":true,"href":"https:\/\/amafurni.vn\/en\/wp-json\/wp\/v2\/media\/3774"}],"wp:attachment":[{"href":"https:\/\/amafurni.vn\/en\/wp-json\/wp\/v2\/media?parent=3773"}],"wp:term":[{"taxonomy":"product_cat","embeddable":true,"href":"https:\/\/amafurni.vn\/en\/wp-json\/wp\/v2\/product_cat?post=3773"},{"taxonomy":"product_tag","embeddable":true,"href":"https:\/\/amafurni.vn\/en\/wp-json\/wp\/v2\/product_tag?post=3773"}],"curies":[{"name":"wp","href":"https:\/\/api.w.org\/{rel}","templated":true}]}}