{"id":4306,"date":"2023-12-07T11:38:08","date_gmt":"2023-12-07T04:38:08","guid":{"rendered":"https:\/\/amafurni.123websitedev.com\/san-pham\/ban-an-mat-da-hien-dai-ama-ba25\/"},"modified":"2026-03-20T22:47:35","modified_gmt":"2026-03-20T15:47:35","slug":"ban-an-mat-da-hien-dai-ama-ba25","status":"publish","type":"product","link":"https:\/\/amafurni.vn\/en\/product\/ban-an-mat-da-hien-dai-ama-ba25\/","title":{"rendered":"B\u00e0n \u0103n m\u1eb7t \u0111\u00e1 AMA-BA25"},"content":{"rendered":"<table border=\"1\">\n<tbody>\n<tr>\n<td><strong>Material<\/strong><\/td>\n<td><strong>Size<\/strong><\/p>\n<p><strong>(D\u00e0i*R\u1ed9ng*cao)<\/strong><\/td>\n<td><strong>\u0110\u1eb7c \u0110i\u1ec3m<\/strong><\/td>\n<td><strong>M\u00e0u S\u1eafc<\/strong><\/td>\n<td><strong>Xu\u1ea5t X\u1ee9<\/strong><\/td>\n<td><strong>B\u1ea3o h\u00e0nh<\/strong><\/td>\n<td><strong>B\u1ed9 s\u1ea3n ph\u1ea9m g\u1ed3m<\/strong><\/td>\n<\/tr>\n<tr>\n<td>\n<ul>\n<li>M\u1eb7t \u0111\u00e1 cao c\u1ea5p Ceramic, ch\u00e2n s\u1eaft s\u01a1n t\u0129nh \u0111i\u1ec7n<\/li>\n<\/ul>\n<\/td>\n<td>\n<table class=\"NormalTable\" style=\"width: 100%; height: 24px;\">\n<tbody>\n<tr style=\"height: 24px;\">\n<td style=\"width: 106.453125px; height: 24px;\"><\/td>\n<\/tr>\n<\/tbody>\n<\/table>\n<p>1.4m *80* H75<br \/>\n1.6m * 80 * 75H<br \/>\n1.8m*90*H75<\/td>\n<td><strong>B\u00e0n \u0102n M\u1eb7t \u0110\u00e1 Nh\u1eadp Kh\u1ea9u\u00a0\u00a0<\/strong>l\u00e0 m\u1ed9t s\u1ea3n ph\u1ea9m \u0111\u1ed9c \u0111\u00e1o , tinh t\u1ebf \u0111\u01b0\u1ee3c nh\u1eadp kh\u1ea9u tr\u1ef1c ti\u1ebfp c\u1ee7a\u00a0<strong>N\u1ed9i Th\u1ea5t AMA.<\/strong><\/p>\n<p><strong>V\u1edbi thi\u1ebft k\u1ebf ch\u00e2n s\u1eaft s\u01a1n t\u0129nh \u0111i\u1ec7n t\u1ed5ng th\u1ec3 gi\u1eef cho ch\u00e2n b\u00e0n lu\u00f4n ki\u00ean c\u1ed1 .M\u1eb7t b\u00e0n \u0111\u01b0\u1ee3c s\u1eed d\u1ee5ng ch\u1ea5t li\u1ec7u \u0111\u00e1 Ceramic thi\u1ec7n v\u1edbi m\u00f4i tr\u01b0\u1eddng ,\u00a0 t\u1ea1o l\u00ean v\u1ebb \u0111\u1eb9p sang tr\u1ecdng qu\u00fd ph\u00e1i cho\u00a0kh\u00f4ng gian n\u1ed9i th\u1ea5t .<\/strong><\/td>\n<td>\u00a0NH\u01af H\u00ccNH<\/td>\n<td>H\u00e0ng nh\u1eadp ngo\u1ea1i<\/p>\n<p>Xu\u1ea5t x\u1ee9: H\u00e0ng nh\u1eadp kh\u1ea9u 100%<\/td>\n<td>12 th\u00e1ng k\u1ef9 thu\u1eadt<\/td>\n<td>01 b\u00e0n<\/td>\n<\/tr>\n<\/tbody>\n<\/table>","protected":false},"excerpt":{"rendered":"<p>B\u00e0n \u0102n M\u1eb7t \u0110\u00e1 Nh\u1eadp Kh\u1ea9u\u00a0\u00a0l\u00e0 m\u1ed9t s\u1ea3n ph\u1ea9m \u0111\u1ed9c \u0111\u00e1o , tinh t\u1ebf \u0111\u01b0\u1ee3c nh\u1eadp kh\u1ea9u tr\u1ef1c ti\u1ebfp c\u1ee7a\u00a0N\u1ed9i Th\u1ea5t AMA.<br \/>\nV\u1edbi thi\u1ebft k\u1ebf ch\u00e2n s\u1eaft s\u01a1n t\u0129nh \u0111i\u1ec7n t\u1ed5ng th\u1ec3 gi\u1eef cho ch\u00e2n b\u00e0n lu\u00f4n ki\u00ean c\u1ed1 .M\u1eb7t b\u00e0n \u0111\u01b0\u1ee3c s\u1eed d\u1ee5ng ch\u1ea5t li\u1ec7u \u0111\u00e1 Ceramic thi\u1ec7n v\u1edbi m\u00f4i tr\u01b0\u1eddng ,\u00a0 t\u1ea1o l\u00ean v\u1ebb \u0111\u1eb9p sang tr\u1ecdng qu\u00fd ph\u00e1i cho\u00a0kh\u00f4ng gian n\u1ed9i th\u1ea5t .<\/p>","protected":false},"featured_media":4307,"comment_status":"open","ping_status":"closed","template":"","meta":[],"product_cat":[62,89],"product_tag":[747],"yoast_head":"<!-- This site is optimized with the Yoast SEO Premium plugin v21.7 (Yoast SEO v21.7) - https:\/\/yoast.com\/wordpress\/plugins\/seo\/ -->\n<title>B\u00e0n \u0103n m\u1eb7t \u0111\u00e1 AMA-BA25 - AMAFURNI<\/title>\n<meta name=\"description\" content=\"B\u00e0n \u0103n m\u1eb7t \u0111\u00e1 cao c\u1ea5p th\u00f4ng minh \u0111\u1ebfn t\u1eeb AMA Furniture \u0111\u01b0\u1ee3c ph\u00e2n ph\u1ed1i ch\u00ednh h\u00e3ng to\u00e0n qu\u1ed1c.Hotline : 0969919449 - 0936680717 - 0906963408\" \/>\n<meta name=\"robots\" content=\"index, follow, max-snippet:-1, max-image-preview:large, max-video-preview:-1\" \/>\n<link rel=\"canonical\" href=\"https:\/\/amafurni.vn\/en\/product\/ban-an-mat-da-hien-dai-ama-ba25\/\" \/>\n<meta property=\"og:locale\" content=\"en_US\" \/>\n<meta property=\"og:type\" content=\"article\" \/>\n<meta property=\"og:title\" content=\"B\u00e0n \u0103n m\u1eb7t \u0111\u00e1 AMA-BA25\" \/>\n<meta property=\"og:description\" content=\"B\u00e0n \u0103n m\u1eb7t \u0111\u00e1 cao c\u1ea5p th\u00f4ng minh \u0111\u1ebfn t\u1eeb AMA Furniture \u0111\u01b0\u1ee3c ph\u00e2n ph\u1ed1i ch\u00ednh h\u00e3ng to\u00e0n qu\u1ed1c.Hotline : 0969919449 - 0936680717 - 0906963408\" \/>\n<meta property=\"og:url\" content=\"https:\/\/amafurni.vn\/en\/product\/ban-an-mat-da-hien-dai-ama-ba25\/\" \/>\n<meta property=\"og:site_name\" content=\"AMAFURNI\" \/>\n<meta property=\"article:modified_time\" content=\"2026-03-20T15:47:35+00:00\" \/>\n<meta property=\"og:image\" content=\"https:\/\/amafurni.vn\/wp-content\/uploads\/2023\/12\/ban-an-mat-da-hien-dai-ama-ba25_65714642108a4.jpeg\" \/>\n\t<meta property=\"og:image:width\" content=\"800\" \/>\n\t<meta property=\"og:image:height\" content=\"800\" \/>\n\t<meta property=\"og:image:type\" content=\"image\/jpeg\" \/>\n<meta name=\"twitter:card\" content=\"summary_large_image\" \/>\n<meta name=\"twitter:label1\" content=\"Est. reading time\" \/>\n\t<meta name=\"twitter:data1\" content=\"1 minute\" \/>\n<script type=\"application\/ld+json\" class=\"yoast-schema-graph\">{\"@context\":\"https:\/\/schema.org\",\"@graph\":[{\"@type\":\"WebPage\",\"@id\":\"https:\/\/amafurni.vn\/san-pham\/ban-an-mat-da-hien-dai-ama-ba25\/\",\"url\":\"https:\/\/amafurni.vn\/san-pham\/ban-an-mat-da-hien-dai-ama-ba25\/\",\"name\":\"B\u00e0n \u0103n m\u1eb7t \u0111\u00e1 AMA-BA25 - AMAFURNI\",\"isPartOf\":{\"@id\":\"https:\/\/amafurni.vn\/#website\"},\"datePublished\":\"2023-12-07T04:38:08+00:00\",\"dateModified\":\"2026-03-20T15:47:35+00:00\",\"description\":\"B\u00e0n \u0103n m\u1eb7t \u0111\u00e1 cao c\u1ea5p th\u00f4ng minh \u0111\u1ebfn t\u1eeb AMA Furniture \u0111\u01b0\u1ee3c ph\u00e2n ph\u1ed1i ch\u00ednh h\u00e3ng to\u00e0n qu\u1ed1c.Hotline : 0969919449 - 0936680717 - 0906963408\",\"breadcrumb\":{\"@id\":\"https:\/\/amafurni.vn\/san-pham\/ban-an-mat-da-hien-dai-ama-ba25\/#breadcrumb\"},\"inLanguage\":\"en-US\",\"potentialAction\":[{\"@type\":\"ReadAction\",\"target\":[\"https:\/\/amafurni.vn\/san-pham\/ban-an-mat-da-hien-dai-ama-ba25\/\"]}]},{\"@type\":\"BreadcrumbList\",\"@id\":\"https:\/\/amafurni.vn\/san-pham\/ban-an-mat-da-hien-dai-ama-ba25\/#breadcrumb\",\"itemListElement\":[{\"@type\":\"ListItem\",\"position\":1,\"name\":\"Trang ch\u1ee7\",\"item\":\"https:\/\/amafurni.vn\/\"},{\"@type\":\"ListItem\",\"position\":2,\"name\":\"S\u1ea3n ph\u1ea9m\",\"item\":\"https:\/\/amafurni.vn\/san-pham\/\"},{\"@type\":\"ListItem\",\"position\":3,\"name\":\"B\u00e0n \u0103n m\u1eb7t \u0111\u00e1 AMA-BA25\"}]},{\"@type\":\"WebSite\",\"@id\":\"https:\/\/amafurni.vn\/#website\",\"url\":\"https:\/\/amafurni.vn\/\",\"name\":\"AMAFURNI\",\"description\":\"\",\"potentialAction\":[{\"@type\":\"SearchAction\",\"target\":{\"@type\":\"EntryPoint\",\"urlTemplate\":\"https:\/\/amafurni.vn\/?s={search_term_string}\"},\"query-input\":\"required name=search_term_string\"}],\"inLanguage\":\"en-US\"}]}<\/script>\n<!-- \/ Yoast SEO Premium plugin. -->","yoast_head_json":{"title":"B\u00e0n \u0103n m\u1eb7t \u0111\u00e1 AMA-BA25 - AMAFURNI","description":"B\u00e0n \u0103n m\u1eb7t \u0111\u00e1 cao c\u1ea5p th\u00f4ng minh \u0111\u1ebfn t\u1eeb AMA Furniture \u0111\u01b0\u1ee3c ph\u00e2n ph\u1ed1i ch\u00ednh h\u00e3ng to\u00e0n qu\u1ed1c.Hotline : 0969919449 - 0936680717 - 0906963408","robots":{"index":"index","follow":"follow","max-snippet":"max-snippet:-1","max-image-preview":"max-image-preview:large","max-video-preview":"max-video-preview:-1"},"canonical":"https:\/\/amafurni.vn\/en\/product\/ban-an-mat-da-hien-dai-ama-ba25\/","og_locale":"en_US","og_type":"article","og_title":"B\u00e0n \u0103n m\u1eb7t \u0111\u00e1 AMA-BA25","og_description":"B\u00e0n \u0103n m\u1eb7t \u0111\u00e1 cao c\u1ea5p th\u00f4ng minh \u0111\u1ebfn t\u1eeb AMA Furniture \u0111\u01b0\u1ee3c ph\u00e2n ph\u1ed1i ch\u00ednh h\u00e3ng to\u00e0n qu\u1ed1c.Hotline : 0969919449 - 0936680717 - 0906963408","og_url":"https:\/\/amafurni.vn\/en\/product\/ban-an-mat-da-hien-dai-ama-ba25\/","og_site_name":"AMAFURNI","article_modified_time":"2026-03-20T15:47:35+00:00","og_image":[{"width":800,"height":800,"url":"https:\/\/amafurni.vn\/wp-content\/uploads\/2023\/12\/ban-an-mat-da-hien-dai-ama-ba25_65714642108a4.jpeg","type":"image\/jpeg"}],"twitter_card":"summary_large_image","twitter_misc":{"Est. reading time":"1 minute"},"schema":{"@context":"https:\/\/schema.org","@graph":[{"@type":"WebPage","@id":"https:\/\/amafurni.vn\/san-pham\/ban-an-mat-da-hien-dai-ama-ba25\/","url":"https:\/\/amafurni.vn\/san-pham\/ban-an-mat-da-hien-dai-ama-ba25\/","name":"B\u00e0n \u0103n m\u1eb7t \u0111\u00e1 AMA-BA25 - AMAFURNI","isPartOf":{"@id":"https:\/\/amafurni.vn\/#website"},"datePublished":"2023-12-07T04:38:08+00:00","dateModified":"2026-03-20T15:47:35+00:00","description":"B\u00e0n \u0103n m\u1eb7t \u0111\u00e1 cao c\u1ea5p th\u00f4ng minh \u0111\u1ebfn t\u1eeb AMA Furniture \u0111\u01b0\u1ee3c ph\u00e2n ph\u1ed1i ch\u00ednh h\u00e3ng to\u00e0n qu\u1ed1c.Hotline : 0969919449 - 0936680717 - 0906963408","breadcrumb":{"@id":"https:\/\/amafurni.vn\/san-pham\/ban-an-mat-da-hien-dai-ama-ba25\/#breadcrumb"},"inLanguage":"en-US","potentialAction":[{"@type":"ReadAction","target":["https:\/\/amafurni.vn\/san-pham\/ban-an-mat-da-hien-dai-ama-ba25\/"]}]},{"@type":"BreadcrumbList","@id":"https:\/\/amafurni.vn\/san-pham\/ban-an-mat-da-hien-dai-ama-ba25\/#breadcrumb","itemListElement":[{"@type":"ListItem","position":1,"name":"Trang ch\u1ee7","item":"https:\/\/amafurni.vn\/"},{"@type":"ListItem","position":2,"name":"S\u1ea3n ph\u1ea9m","item":"https:\/\/amafurni.vn\/san-pham\/"},{"@type":"ListItem","position":3,"name":"B\u00e0n \u0103n m\u1eb7t \u0111\u00e1 AMA-BA25"}]},{"@type":"WebSite","@id":"https:\/\/amafurni.vn\/#website","url":"https:\/\/amafurni.vn\/","name":"AMAFURNI","description":"","potentialAction":[{"@type":"SearchAction","target":{"@type":"EntryPoint","urlTemplate":"https:\/\/amafurni.vn\/?s={search_term_string}"},"query-input":"required name=search_term_string"}],"inLanguage":"en-US"}]}},"_links":{"self":[{"href":"https:\/\/amafurni.vn\/en\/wp-json\/wp\/v2\/product\/4306"}],"collection":[{"href":"https:\/\/amafurni.vn\/en\/wp-json\/wp\/v2\/product"}],"about":[{"href":"https:\/\/amafurni.vn\/en\/wp-json\/wp\/v2\/types\/product"}],"replies":[{"embeddable":true,"href":"https:\/\/amafurni.vn\/en\/wp-json\/wp\/v2\/comments?post=4306"}],"wp:featuredmedia":[{"embeddable":true,"href":"https:\/\/amafurni.vn\/en\/wp-json\/wp\/v2\/media\/4307"}],"wp:attachment":[{"href":"https:\/\/amafurni.vn\/en\/wp-json\/wp\/v2\/media?parent=4306"}],"wp:term":[{"taxonomy":"product_cat","embeddable":true,"href":"https:\/\/amafurni.vn\/en\/wp-json\/wp\/v2\/product_cat?post=4306"},{"taxonomy":"product_tag","embeddable":true,"href":"https:\/\/amafurni.vn\/en\/wp-json\/wp\/v2\/product_tag?post=4306"}],"curies":[{"name":"wp","href":"https:\/\/api.w.org\/{rel}","templated":true}]}}