{"id":4314,"date":"2023-12-07T11:38:31","date_gmt":"2023-12-07T04:38:31","guid":{"rendered":"https:\/\/amafurni.123websitedev.com\/san-pham\/ban-an-mat-da-thieu-ket-chan-sat-ama-olwen-207\/"},"modified":"2026-03-20T22:29:54","modified_gmt":"2026-03-20T15:29:54","slug":"ban-an-mat-da-thieu-ket-chan-sat-ama-olwen-207","status":"publish","type":"product","link":"https:\/\/amafurni.vn\/en\/product\/ban-an-mat-da-thieu-ket-chan-sat-ama-olwen-207\/","title":{"rendered":"B\u00e0n \u0103n m\u1eb7t \u0111\u00e1 AMA-OLWEN 207"},"content":{"rendered":"<table border=\"1\" height=\"324\">\n<tbody><\/tbody>\n<tbody>\n<tr>\n<td><span><strong>Material<\/strong><\/span><\/td>\n<td>\n<p><span><strong>Size<\/strong><\/span><\/p>\n<p><span><strong>(D\u00e0i*R\u1ed9ng*cao)<\/strong><\/span><\/p>\n<\/td>\n<td><span><strong><span color=\"#ff0000\" face=\"times new roman, times, serif\">\u0110\u1eb7c \u0110i\u1ec3m<\/span><\/strong><\/span><\/td>\n<td><span><strong>M\u00e0u S\u1eafc<\/strong><\/span><\/td>\n<td><span><strong>Xu\u1ea5t X\u1ee9<\/strong><\/span><\/td>\n<td><span><strong>B\u1ea3o h\u00e0nh<\/strong><\/span><\/td>\n<td><span><strong>B\u1ed9 s\u1ea3n ph\u1ea9m g\u1ed3m<\/strong><\/span><\/td>\n<\/tr>\n<tr>\n<td>\n<p><span>Ch\u00e2n S\u1eaft S\u01a1n T\u0129nh \u0110i\u1ec7n , m\u1eb7t \u0110\u00e1 Thi\u00eau K\u1ebft<\/span><\/p>\n<\/td>\n<td>\n<p><span>\u00a080 x 140 x 75<\/span><\/p>\n<\/td>\n<td>\n<p><strong>B\u00e0n \u0102n Olwen 207 M\u1eb7t \u0110\u00e1 Thi\u00eau K\u1ebft 80\u00d7140<\/strong>\u00a0l\u00e0 m\u1ed9t s\u1ea3n ph\u1ea9m \u0111\u1ed9c \u0111\u00e1o , tinh t\u1ebf \u0111\u01b0\u1ee3c nh\u1eadp kh\u1ea9u tr\u1ef1c ti\u1ebfp l\u00e0 m\u1ed9t trong nh\u1eefng m\u1eabu b\u00e0n \u0103n b\u00e1n nh\u1ea5t trong<span>\u00a0<\/span>,\u00a0 V\u1edbi thi\u1ebft k\u1ebf ch\u00e2n s\u1eaft s\u01a1n t\u0129nh \u0111i\u1ec7n t\u1ed5ng th\u1ec3 gi\u1eef cho ch\u00e2n b\u00e0n lu\u00f4n ki\u00ean c\u1ed1 .M\u1eb7t b\u00e0n \u0111\u01b0\u1ee3c s\u1eed d\u1ee5ng ch\u1ea5t li\u1ec7u \u0111\u00e1 Thi\u00eau K\u1ebft th\u00e2n thi\u1ec7n v\u1edbi m\u00f4i tr\u01b0\u1eddng ,\u00a0 t\u1ea1o l\u00ean v\u1ebb \u0111\u1eb9p sang tr\u1ecdng qu\u00fd ph\u00e1i cho<span>\u00a0<\/span><strong>kh\u00f4ng gian n\u1ed9i th\u1ea5t .<\/strong><\/p>\n<p><strong><span>V\u1edbi thi\u1ebft k\u1ebf ch\u00e2n s\u1eaft s\u01a1n t\u0129nh \u0111i\u1ec7n t\u1ed5ng th\u1ec3 gi\u1eef cho ch\u00e2n b\u00e0n lu\u00f4n ki\u00ean c\u1ed1 .M\u1eb7t b\u00e0n \u0111\u01b0\u1ee3c s\u1eed d\u1ee5ng ch\u1ea5t li\u1ec7u \u0111\u00e1 C\u1ea9m th\u1ea1ch th\u00e2n thi\u1ec7n v\u1edbi m\u00f4i tr\u01b0\u1eddng ,\u00a0 t\u1ea1o l\u00ean v\u1ebb \u0111\u1eb9p sang tr\u1ecdng qu\u00fd ph\u00e1i cho\u00a0<\/span>kh\u00f4ng gian n\u1ed9i th\u1ea5t .<\/strong><\/p>\n<\/td>\n<td>\n<p><span>\u00a0M\u1eb7t \u0111\u00e1 Pietra Grey , Lawren King , Lawren White , Snow White<\/span><\/p>\n<\/td>\n<td><span>H\u00e0ng nh\u1eadp ngo\u1ea1i<\/span><\/td>\n<td>\n<p><span>12 th\u00e1ng k\u1ef9 thu\u1eadt<\/span><\/p>\n<\/td>\n<td>\n<p><span>01 b\u00e0n\u00a0\u00a0<\/span><\/p>\n<\/td>\n<\/tr>\n<\/tbody>\n<\/table>","protected":false},"excerpt":{"rendered":"<p>B\u00e0n \u0102n Olwen 207 M\u1eb7t \u0110\u00e1 Thi\u00eau K\u1ebft 80\u00d7140\u00a0l\u00e0 m\u1ed9t s\u1ea3n ph\u1ea9m \u0111\u1ed9c \u0111\u00e1o , tinh t\u1ebf \u0111\u01b0\u1ee3c nh\u1eadp kh\u1ea9u tr\u1ef1c ti\u1ebfp l\u00e0 m\u1ed9t trong nh\u1eefng m\u1eabu b\u00e0n \u0103n b\u00e1n nh\u1ea5t trong\u00a0,\u00a0 V\u1edbi thi\u1ebft k\u1ebf ch\u00e2n s\u1eaft s\u01a1n t\u0129nh \u0111i\u1ec7n t\u1ed5ng th\u1ec3 gi\u1eef cho ch\u00e2n b\u00e0n lu\u00f4n ki\u00ean c\u1ed1 .M\u1eb7t b\u00e0n \u0111\u01b0\u1ee3c s\u1eed d\u1ee5ng ch\u1ea5t li\u1ec7u \u0111\u00e1 Thi\u00eau K\u1ebft th\u00e2n thi\u1ec7n v\u1edbi m\u00f4i tr\u01b0\u1eddng ,\u00a0 t\u1ea1o l\u00ean v\u1ebb \u0111\u1eb9p sang tr\u1ecdng qu\u00fd ph\u00e1i cho\u00a0kh\u00f4ng gian n\u1ed9i th\u1ea5t .<br \/>\nV\u1edbi thi\u1ebft k\u1ebf ch\u00e2n s\u1eaft s\u01a1n t\u0129nh \u0111i\u1ec7n t\u1ed5ng th\u1ec3 gi\u1eef cho ch\u00e2n b\u00e0n lu\u00f4n ki\u00ean c\u1ed1 .M\u1eb7t b\u00e0n \u0111\u01b0\u1ee3c s\u1eed d\u1ee5ng ch\u1ea5t li\u1ec7u \u0111\u00e1 C\u1ea9m th\u1ea1ch th\u00e2n thi\u1ec7n v\u1edbi m\u00f4i tr\u01b0\u1eddng ,\u00a0 t\u1ea1o l\u00ean v\u1ebb \u0111\u1eb9p sang tr\u1ecdng qu\u00fd ph\u00e1i cho\u00a0kh\u00f4ng gian n\u1ed9i th\u1ea5t .<\/p>","protected":false},"featured_media":4315,"comment_status":"open","ping_status":"closed","template":"","meta":[],"product_cat":[62,89],"product_tag":[747],"yoast_head":"<!-- This site is optimized with the Yoast SEO Premium plugin v21.7 (Yoast SEO v21.7) - https:\/\/yoast.com\/wordpress\/plugins\/seo\/ -->\n<title>B\u00e0n \u0103n m\u1eb7t \u0111\u00e1 AMA-OLWEN 207 - AMAFURNI<\/title>\n<meta name=\"robots\" content=\"index, follow, max-snippet:-1, max-image-preview:large, max-video-preview:-1\" \/>\n<link rel=\"canonical\" href=\"https:\/\/amafurni.vn\/en\/product\/ban-an-mat-da-thieu-ket-chan-sat-ama-olwen-207\/\" \/>\n<meta property=\"og:locale\" content=\"en_US\" \/>\n<meta property=\"og:type\" content=\"article\" \/>\n<meta property=\"og:title\" content=\"B\u00e0n \u0103n m\u1eb7t \u0111\u00e1 AMA-OLWEN 207\" \/>\n<meta property=\"og:description\" content=\"B\u00e0n \u0102n Olwen 207 M\u1eb7t \u0110\u00e1 Thi\u00eau K\u1ebft 80\u00d7140\u00a0l\u00e0 m\u1ed9t s\u1ea3n ph\u1ea9m \u0111\u1ed9c \u0111\u00e1o , tinh t\u1ebf \u0111\u01b0\u1ee3c nh\u1eadp kh\u1ea9u tr\u1ef1c ti\u1ebfp l\u00e0 m\u1ed9t trong nh\u1eefng m\u1eabu b\u00e0n \u0103n b\u00e1n nh\u1ea5t trong\u00a0,\u00a0 V\u1edbi thi\u1ebft k\u1ebf ch\u00e2n s\u1eaft s\u01a1n t\u0129nh \u0111i\u1ec7n t\u1ed5ng th\u1ec3 gi\u1eef cho ch\u00e2n b\u00e0n lu\u00f4n ki\u00ean c\u1ed1 .M\u1eb7t b\u00e0n \u0111\u01b0\u1ee3c s\u1eed d\u1ee5ng ch\u1ea5t li\u1ec7u \u0111\u00e1 Thi\u00eau K\u1ebft th\u00e2n thi\u1ec7n v\u1edbi m\u00f4i tr\u01b0\u1eddng ,\u00a0 t\u1ea1o l\u00ean v\u1ebb \u0111\u1eb9p sang tr\u1ecdng qu\u00fd ph\u00e1i cho\u00a0kh\u00f4ng gian n\u1ed9i th\u1ea5t . V\u1edbi thi\u1ebft k\u1ebf ch\u00e2n s\u1eaft s\u01a1n t\u0129nh \u0111i\u1ec7n t\u1ed5ng th\u1ec3 gi\u1eef cho ch\u00e2n b\u00e0n lu\u00f4n ki\u00ean c\u1ed1 .M\u1eb7t b\u00e0n \u0111\u01b0\u1ee3c s\u1eed d\u1ee5ng ch\u1ea5t li\u1ec7u \u0111\u00e1 C\u1ea9m th\u1ea1ch th\u00e2n thi\u1ec7n v\u1edbi m\u00f4i tr\u01b0\u1eddng ,\u00a0 t\u1ea1o l\u00ean v\u1ebb \u0111\u1eb9p sang tr\u1ecdng qu\u00fd ph\u00e1i cho\u00a0kh\u00f4ng gian n\u1ed9i th\u1ea5t .\" \/>\n<meta property=\"og:url\" content=\"https:\/\/amafurni.vn\/en\/product\/ban-an-mat-da-thieu-ket-chan-sat-ama-olwen-207\/\" \/>\n<meta property=\"og:site_name\" content=\"AMAFURNI\" \/>\n<meta property=\"article:modified_time\" content=\"2026-03-20T15:29:54+00:00\" \/>\n<meta property=\"og:image\" content=\"https:\/\/amafurni.vn\/wp-content\/uploads\/2023\/12\/ban-an-mat-da-thieu-ket-chan-sat-ama-olwen-207_6571465c45563.jpeg\" \/>\n\t<meta property=\"og:image:width\" content=\"800\" \/>\n\t<meta property=\"og:image:height\" content=\"800\" \/>\n\t<meta property=\"og:image:type\" content=\"image\/jpeg\" \/>\n<meta name=\"twitter:card\" content=\"summary_large_image\" \/>\n<meta name=\"twitter:label1\" content=\"Est. reading time\" \/>\n\t<meta name=\"twitter:data1\" content=\"1 minute\" \/>\n<script type=\"application\/ld+json\" class=\"yoast-schema-graph\">{\"@context\":\"https:\/\/schema.org\",\"@graph\":[{\"@type\":\"WebPage\",\"@id\":\"https:\/\/amafurni.vn\/san-pham\/ban-an-mat-da-thieu-ket-chan-sat-ama-olwen-207\/\",\"url\":\"https:\/\/amafurni.vn\/san-pham\/ban-an-mat-da-thieu-ket-chan-sat-ama-olwen-207\/\",\"name\":\"B\u00e0n \u0103n m\u1eb7t \u0111\u00e1 AMA-OLWEN 207 - AMAFURNI\",\"isPartOf\":{\"@id\":\"https:\/\/amafurni.vn\/#website\"},\"datePublished\":\"2023-12-07T04:38:31+00:00\",\"dateModified\":\"2026-03-20T15:29:54+00:00\",\"breadcrumb\":{\"@id\":\"https:\/\/amafurni.vn\/san-pham\/ban-an-mat-da-thieu-ket-chan-sat-ama-olwen-207\/#breadcrumb\"},\"inLanguage\":\"en-US\",\"potentialAction\":[{\"@type\":\"ReadAction\",\"target\":[\"https:\/\/amafurni.vn\/san-pham\/ban-an-mat-da-thieu-ket-chan-sat-ama-olwen-207\/\"]}]},{\"@type\":\"BreadcrumbList\",\"@id\":\"https:\/\/amafurni.vn\/san-pham\/ban-an-mat-da-thieu-ket-chan-sat-ama-olwen-207\/#breadcrumb\",\"itemListElement\":[{\"@type\":\"ListItem\",\"position\":1,\"name\":\"Trang ch\u1ee7\",\"item\":\"https:\/\/amafurni.vn\/\"},{\"@type\":\"ListItem\",\"position\":2,\"name\":\"S\u1ea3n ph\u1ea9m\",\"item\":\"https:\/\/amafurni.vn\/san-pham\/\"},{\"@type\":\"ListItem\",\"position\":3,\"name\":\"B\u00e0n \u0103n m\u1eb7t \u0111\u00e1 AMA-OLWEN 207\"}]},{\"@type\":\"WebSite\",\"@id\":\"https:\/\/amafurni.vn\/#website\",\"url\":\"https:\/\/amafurni.vn\/\",\"name\":\"AMAFURNI\",\"description\":\"\",\"potentialAction\":[{\"@type\":\"SearchAction\",\"target\":{\"@type\":\"EntryPoint\",\"urlTemplate\":\"https:\/\/amafurni.vn\/?s={search_term_string}\"},\"query-input\":\"required name=search_term_string\"}],\"inLanguage\":\"en-US\"}]}<\/script>\n<!-- \/ Yoast SEO Premium plugin. -->","yoast_head_json":{"title":"B\u00e0n \u0103n m\u1eb7t \u0111\u00e1 AMA-OLWEN 207 - AMAFURNI","robots":{"index":"index","follow":"follow","max-snippet":"max-snippet:-1","max-image-preview":"max-image-preview:large","max-video-preview":"max-video-preview:-1"},"canonical":"https:\/\/amafurni.vn\/en\/product\/ban-an-mat-da-thieu-ket-chan-sat-ama-olwen-207\/","og_locale":"en_US","og_type":"article","og_title":"B\u00e0n \u0103n m\u1eb7t \u0111\u00e1 AMA-OLWEN 207","og_description":"B\u00e0n \u0102n Olwen 207 M\u1eb7t \u0110\u00e1 Thi\u00eau K\u1ebft 80\u00d7140\u00a0l\u00e0 m\u1ed9t s\u1ea3n ph\u1ea9m \u0111\u1ed9c \u0111\u00e1o , tinh t\u1ebf \u0111\u01b0\u1ee3c nh\u1eadp kh\u1ea9u tr\u1ef1c ti\u1ebfp l\u00e0 m\u1ed9t trong nh\u1eefng m\u1eabu b\u00e0n \u0103n b\u00e1n nh\u1ea5t trong\u00a0,\u00a0 V\u1edbi thi\u1ebft k\u1ebf ch\u00e2n s\u1eaft s\u01a1n t\u0129nh \u0111i\u1ec7n t\u1ed5ng th\u1ec3 gi\u1eef cho ch\u00e2n b\u00e0n lu\u00f4n ki\u00ean c\u1ed1 .M\u1eb7t b\u00e0n \u0111\u01b0\u1ee3c s\u1eed d\u1ee5ng ch\u1ea5t li\u1ec7u \u0111\u00e1 Thi\u00eau K\u1ebft th\u00e2n thi\u1ec7n v\u1edbi m\u00f4i tr\u01b0\u1eddng ,\u00a0 t\u1ea1o l\u00ean v\u1ebb \u0111\u1eb9p sang tr\u1ecdng qu\u00fd ph\u00e1i cho\u00a0kh\u00f4ng gian n\u1ed9i th\u1ea5t . V\u1edbi thi\u1ebft k\u1ebf ch\u00e2n s\u1eaft s\u01a1n t\u0129nh \u0111i\u1ec7n t\u1ed5ng th\u1ec3 gi\u1eef cho ch\u00e2n b\u00e0n lu\u00f4n ki\u00ean c\u1ed1 .M\u1eb7t b\u00e0n \u0111\u01b0\u1ee3c s\u1eed d\u1ee5ng ch\u1ea5t li\u1ec7u \u0111\u00e1 C\u1ea9m th\u1ea1ch th\u00e2n thi\u1ec7n v\u1edbi m\u00f4i tr\u01b0\u1eddng ,\u00a0 t\u1ea1o l\u00ean v\u1ebb \u0111\u1eb9p sang tr\u1ecdng qu\u00fd ph\u00e1i cho\u00a0kh\u00f4ng gian n\u1ed9i th\u1ea5t .","og_url":"https:\/\/amafurni.vn\/en\/product\/ban-an-mat-da-thieu-ket-chan-sat-ama-olwen-207\/","og_site_name":"AMAFURNI","article_modified_time":"2026-03-20T15:29:54+00:00","og_image":[{"width":800,"height":800,"url":"https:\/\/amafurni.vn\/wp-content\/uploads\/2023\/12\/ban-an-mat-da-thieu-ket-chan-sat-ama-olwen-207_6571465c45563.jpeg","type":"image\/jpeg"}],"twitter_card":"summary_large_image","twitter_misc":{"Est. reading time":"1 minute"},"schema":{"@context":"https:\/\/schema.org","@graph":[{"@type":"WebPage","@id":"https:\/\/amafurni.vn\/san-pham\/ban-an-mat-da-thieu-ket-chan-sat-ama-olwen-207\/","url":"https:\/\/amafurni.vn\/san-pham\/ban-an-mat-da-thieu-ket-chan-sat-ama-olwen-207\/","name":"B\u00e0n \u0103n m\u1eb7t \u0111\u00e1 AMA-OLWEN 207 - AMAFURNI","isPartOf":{"@id":"https:\/\/amafurni.vn\/#website"},"datePublished":"2023-12-07T04:38:31+00:00","dateModified":"2026-03-20T15:29:54+00:00","breadcrumb":{"@id":"https:\/\/amafurni.vn\/san-pham\/ban-an-mat-da-thieu-ket-chan-sat-ama-olwen-207\/#breadcrumb"},"inLanguage":"en-US","potentialAction":[{"@type":"ReadAction","target":["https:\/\/amafurni.vn\/san-pham\/ban-an-mat-da-thieu-ket-chan-sat-ama-olwen-207\/"]}]},{"@type":"BreadcrumbList","@id":"https:\/\/amafurni.vn\/san-pham\/ban-an-mat-da-thieu-ket-chan-sat-ama-olwen-207\/#breadcrumb","itemListElement":[{"@type":"ListItem","position":1,"name":"Trang ch\u1ee7","item":"https:\/\/amafurni.vn\/"},{"@type":"ListItem","position":2,"name":"S\u1ea3n ph\u1ea9m","item":"https:\/\/amafurni.vn\/san-pham\/"},{"@type":"ListItem","position":3,"name":"B\u00e0n \u0103n m\u1eb7t \u0111\u00e1 AMA-OLWEN 207"}]},{"@type":"WebSite","@id":"https:\/\/amafurni.vn\/#website","url":"https:\/\/amafurni.vn\/","name":"AMAFURNI","description":"","potentialAction":[{"@type":"SearchAction","target":{"@type":"EntryPoint","urlTemplate":"https:\/\/amafurni.vn\/?s={search_term_string}"},"query-input":"required name=search_term_string"}],"inLanguage":"en-US"}]}},"_links":{"self":[{"href":"https:\/\/amafurni.vn\/en\/wp-json\/wp\/v2\/product\/4314"}],"collection":[{"href":"https:\/\/amafurni.vn\/en\/wp-json\/wp\/v2\/product"}],"about":[{"href":"https:\/\/amafurni.vn\/en\/wp-json\/wp\/v2\/types\/product"}],"replies":[{"embeddable":true,"href":"https:\/\/amafurni.vn\/en\/wp-json\/wp\/v2\/comments?post=4314"}],"wp:featuredmedia":[{"embeddable":true,"href":"https:\/\/amafurni.vn\/en\/wp-json\/wp\/v2\/media\/4315"}],"wp:attachment":[{"href":"https:\/\/amafurni.vn\/en\/wp-json\/wp\/v2\/media?parent=4314"}],"wp:term":[{"taxonomy":"product_cat","embeddable":true,"href":"https:\/\/amafurni.vn\/en\/wp-json\/wp\/v2\/product_cat?post=4314"},{"taxonomy":"product_tag","embeddable":true,"href":"https:\/\/amafurni.vn\/en\/wp-json\/wp\/v2\/product_tag?post=4314"}],"curies":[{"name":"wp","href":"https:\/\/api.w.org\/{rel}","templated":true}]}}