{"id":4320,"date":"2023-12-07T11:38:53","date_gmt":"2023-12-07T04:38:53","guid":{"rendered":"https:\/\/amafurni.123websitedev.com\/san-pham\/ban-an-mat-da-thieu-ket-chan-sat-ama-td60025-16\/"},"modified":"2026-03-20T22:28:59","modified_gmt":"2026-03-20T15:28:59","slug":"ban-an-mat-da-thieu-ket-chan-sat-ama-td60025-16","status":"publish","type":"product","link":"https:\/\/amafurni.vn\/en\/product\/ban-an-mat-da-thieu-ket-chan-sat-ama-td60025-16\/","title":{"rendered":"B\u00e0n \u0103n m\u1eb7t \u0111\u00e1 AMA-TD60025-16"},"content":{"rendered":"<table class=\"woocommerce-product-attributes shop_attributes\" style=\"width: 98.4094%\" width=\"929\">\n<tbody>\n<tr class=\"woocommerce-product-attributes-item woocommerce-product-attributes-item--attribute_season\">\n<th class=\"woocommerce-product-attributes-item__label\" style=\"width: 30.6365%\">Material<\/th>\n<td class=\"woocommerce-product-attributes-item__value\" style=\"width: 66.1273%\">Ceramic 12mm M\u1eb7t \u0111\u00e1 tr\u1eafng.<\/td>\n<\/tr>\n<tr class=\"woocommerce-product-attributes-item woocommerce-product-attributes-item--attribute_pa_color\">\n<th class=\"woocommerce-product-attributes-item__label\" style=\"width: 30.6365%\">M\u00e0u S\u1eafc<\/th>\n<td class=\"woocommerce-product-attributes-item__value\" style=\"width: 66.1273%\">Tr\u1eafng<\/td>\n<\/tr>\n<tr class=\"woocommerce-product-attributes-item woocommerce-product-attributes-item--attribute_style\">\n<th class=\"woocommerce-product-attributes-item__label\" style=\"width: 30.6365%\">Size<\/th>\n<td class=\"woocommerce-product-attributes-item__value\" style=\"width: 66.1273%\">1600*900*760<\/td>\n<\/tr>\n<tr class=\"woocommerce-product-attributes-item woocommerce-product-attributes-item--attribute_pa_material\">\n<th class=\"woocommerce-product-attributes-item__label\" style=\"width: 30.6365%\">T\u00ednh N\u0103ng<\/th>\n<td class=\"woocommerce-product-attributes-item__value\" style=\"width: 66.1273%\">Ng\u1ed3i c\u1ed1 \u0111\u1ecbnh<\/td>\n<\/tr>\n<tr class=\"woocommerce-product-attributes-item woocommerce-product-attributes-item--attribute_item-code\">\n<th class=\"woocommerce-product-attributes-item__label\" style=\"width: 30.6365%\">B\u1ea3o H\u00e0nh<\/th>\n<td class=\"woocommerce-product-attributes-item__value\" style=\"width: 66.1273%\">1 n\u0103m<\/td>\n<\/tr>\n<\/tbody>\n<\/table>","protected":false},"excerpt":{"rendered":"<p><strong>B\u00e0n \u0102n M\u1eb7t \u0110\u00e1 C\u1ea9m Th\u1ea1ch<\/strong>\u00a0l\u00e0 m\u1ed9t s\u1ea3n ph\u1ea9m \u0111\u1ed9c \u0111\u00e1o , tinh t\u1ebf \u0111\u01b0\u1ee3c nh\u1eadp kh\u1ea9u tr\u1ef1c ti\u1ebfp c\u1ee7a\u00a0<strong>N\u1ed9i Th\u1ea5t AMA.<\/strong><br \/>\nV\u1edbi thi\u1ebft k\u1ebf ch\u00e2n s\u1eaft s\u01a1n t\u0129nh \u0111i\u1ec7n t\u1ed5ng th\u1ec3 gi\u1eef cho ch\u00e2n b\u00e0n lu\u00f4n ki\u00ean c\u1ed1 .M\u1eb7t b\u00e0n \u0111\u01b0\u1ee3c s\u1eed d\u1ee5ng ch\u1ea5t li\u1ec7u \u0111\u00e1 C\u1ea9m th\u1ea1ch th\u00e2n thi\u1ec7n v\u1edbi m\u00f4i tr\u01b0\u1eddng ,\u00a0 t\u1ea1o l\u00ean v\u1ebb \u0111\u1eb9p sang tr\u1ecdng qu\u00fd ph\u00e1i cho\u00a0kh\u00f4ng gian n\u1ed9i th\u1ea5t .<\/p>","protected":false},"featured_media":4406,"comment_status":"open","ping_status":"closed","template":"","meta":[],"product_cat":[62,89],"product_tag":[491,478],"yoast_head":"<!-- This site is optimized with the Yoast SEO Premium plugin v21.7 (Yoast SEO v21.7) - https:\/\/yoast.com\/wordpress\/plugins\/seo\/ -->\n<title>B\u00e0n \u0103n m\u1eb7t \u0111\u00e1 AMA-TD60025-16 - AMAFURNI<\/title>\n<meta name=\"robots\" content=\"index, follow, max-snippet:-1, max-image-preview:large, max-video-preview:-1\" \/>\n<link rel=\"canonical\" href=\"https:\/\/amafurni.vn\/en\/product\/ban-an-mat-da-thieu-ket-chan-sat-ama-td60025-16\/\" \/>\n<meta property=\"og:locale\" content=\"en_US\" \/>\n<meta property=\"og:type\" content=\"article\" \/>\n<meta property=\"og:title\" content=\"B\u00e0n \u0103n m\u1eb7t \u0111\u00e1 AMA-TD60025-16\" \/>\n<meta property=\"og:description\" content=\"B\u00e0n \u0102n M\u1eb7t \u0110\u00e1 C\u1ea9m Th\u1ea1ch\u00a0l\u00e0 m\u1ed9t s\u1ea3n ph\u1ea9m \u0111\u1ed9c \u0111\u00e1o , tinh t\u1ebf \u0111\u01b0\u1ee3c nh\u1eadp kh\u1ea9u tr\u1ef1c ti\u1ebfp c\u1ee7a\u00a0N\u1ed9i Th\u1ea5t AMA. V\u1edbi thi\u1ebft k\u1ebf ch\u00e2n s\u1eaft s\u01a1n t\u0129nh \u0111i\u1ec7n t\u1ed5ng th\u1ec3 gi\u1eef cho ch\u00e2n b\u00e0n lu\u00f4n ki\u00ean c\u1ed1 .M\u1eb7t b\u00e0n \u0111\u01b0\u1ee3c s\u1eed d\u1ee5ng ch\u1ea5t li\u1ec7u \u0111\u00e1 C\u1ea9m th\u1ea1ch th\u00e2n thi\u1ec7n v\u1edbi m\u00f4i tr\u01b0\u1eddng ,\u00a0 t\u1ea1o l\u00ean v\u1ebb \u0111\u1eb9p sang tr\u1ecdng qu\u00fd ph\u00e1i cho\u00a0kh\u00f4ng gian n\u1ed9i th\u1ea5t .\" \/>\n<meta property=\"og:url\" content=\"https:\/\/amafurni.vn\/en\/product\/ban-an-mat-da-thieu-ket-chan-sat-ama-td60025-16\/\" \/>\n<meta property=\"og:site_name\" content=\"AMAFURNI\" \/>\n<meta property=\"article:modified_time\" content=\"2026-03-20T15:28:59+00:00\" \/>\n<meta property=\"og:image\" content=\"https:\/\/amafurni.vn\/wp-content\/uploads\/2023\/12\/ban-an-mat-da-thieu-ket-chan-sat-ama-td60025-16_65714c5d3ce96.jpeg\" \/>\n\t<meta property=\"og:image:width\" content=\"800\" \/>\n\t<meta property=\"og:image:height\" content=\"800\" \/>\n\t<meta property=\"og:image:type\" content=\"image\/jpeg\" \/>\n<meta name=\"twitter:card\" content=\"summary_large_image\" \/>\n<meta name=\"twitter:label1\" content=\"Est. reading time\" \/>\n\t<meta name=\"twitter:data1\" content=\"1 minute\" \/>\n<script type=\"application\/ld+json\" class=\"yoast-schema-graph\">{\"@context\":\"https:\/\/schema.org\",\"@graph\":[{\"@type\":\"WebPage\",\"@id\":\"https:\/\/amafurni.vn\/san-pham\/ban-an-mat-da-thieu-ket-chan-sat-ama-td60025-16\/\",\"url\":\"https:\/\/amafurni.vn\/san-pham\/ban-an-mat-da-thieu-ket-chan-sat-ama-td60025-16\/\",\"name\":\"B\u00e0n \u0103n m\u1eb7t \u0111\u00e1 AMA-TD60025-16 - AMAFURNI\",\"isPartOf\":{\"@id\":\"https:\/\/amafurni.vn\/#website\"},\"datePublished\":\"2023-12-07T04:38:53+00:00\",\"dateModified\":\"2026-03-20T15:28:59+00:00\",\"breadcrumb\":{\"@id\":\"https:\/\/amafurni.vn\/san-pham\/ban-an-mat-da-thieu-ket-chan-sat-ama-td60025-16\/#breadcrumb\"},\"inLanguage\":\"en-US\",\"potentialAction\":[{\"@type\":\"ReadAction\",\"target\":[\"https:\/\/amafurni.vn\/san-pham\/ban-an-mat-da-thieu-ket-chan-sat-ama-td60025-16\/\"]}]},{\"@type\":\"BreadcrumbList\",\"@id\":\"https:\/\/amafurni.vn\/san-pham\/ban-an-mat-da-thieu-ket-chan-sat-ama-td60025-16\/#breadcrumb\",\"itemListElement\":[{\"@type\":\"ListItem\",\"position\":1,\"name\":\"Trang ch\u1ee7\",\"item\":\"https:\/\/amafurni.vn\/\"},{\"@type\":\"ListItem\",\"position\":2,\"name\":\"S\u1ea3n ph\u1ea9m\",\"item\":\"https:\/\/amafurni.vn\/san-pham\/\"},{\"@type\":\"ListItem\",\"position\":3,\"name\":\"B\u00e0n \u0103n m\u1eb7t \u0111\u00e1 AMA-TD60025-16\"}]},{\"@type\":\"WebSite\",\"@id\":\"https:\/\/amafurni.vn\/#website\",\"url\":\"https:\/\/amafurni.vn\/\",\"name\":\"AMAFURNI\",\"description\":\"\",\"potentialAction\":[{\"@type\":\"SearchAction\",\"target\":{\"@type\":\"EntryPoint\",\"urlTemplate\":\"https:\/\/amafurni.vn\/?s={search_term_string}\"},\"query-input\":\"required name=search_term_string\"}],\"inLanguage\":\"en-US\"}]}<\/script>\n<!-- \/ Yoast SEO Premium plugin. -->","yoast_head_json":{"title":"B\u00e0n \u0103n m\u1eb7t \u0111\u00e1 AMA-TD60025-16 - AMAFURNI","robots":{"index":"index","follow":"follow","max-snippet":"max-snippet:-1","max-image-preview":"max-image-preview:large","max-video-preview":"max-video-preview:-1"},"canonical":"https:\/\/amafurni.vn\/en\/product\/ban-an-mat-da-thieu-ket-chan-sat-ama-td60025-16\/","og_locale":"en_US","og_type":"article","og_title":"B\u00e0n \u0103n m\u1eb7t \u0111\u00e1 AMA-TD60025-16","og_description":"B\u00e0n \u0102n M\u1eb7t \u0110\u00e1 C\u1ea9m Th\u1ea1ch\u00a0l\u00e0 m\u1ed9t s\u1ea3n ph\u1ea9m \u0111\u1ed9c \u0111\u00e1o , tinh t\u1ebf \u0111\u01b0\u1ee3c nh\u1eadp kh\u1ea9u tr\u1ef1c ti\u1ebfp c\u1ee7a\u00a0N\u1ed9i Th\u1ea5t AMA. V\u1edbi thi\u1ebft k\u1ebf ch\u00e2n s\u1eaft s\u01a1n t\u0129nh \u0111i\u1ec7n t\u1ed5ng th\u1ec3 gi\u1eef cho ch\u00e2n b\u00e0n lu\u00f4n ki\u00ean c\u1ed1 .M\u1eb7t b\u00e0n \u0111\u01b0\u1ee3c s\u1eed d\u1ee5ng ch\u1ea5t li\u1ec7u \u0111\u00e1 C\u1ea9m th\u1ea1ch th\u00e2n thi\u1ec7n v\u1edbi m\u00f4i tr\u01b0\u1eddng ,\u00a0 t\u1ea1o l\u00ean v\u1ebb \u0111\u1eb9p sang tr\u1ecdng qu\u00fd ph\u00e1i cho\u00a0kh\u00f4ng gian n\u1ed9i th\u1ea5t .","og_url":"https:\/\/amafurni.vn\/en\/product\/ban-an-mat-da-thieu-ket-chan-sat-ama-td60025-16\/","og_site_name":"AMAFURNI","article_modified_time":"2026-03-20T15:28:59+00:00","og_image":[{"width":800,"height":800,"url":"https:\/\/amafurni.vn\/wp-content\/uploads\/2023\/12\/ban-an-mat-da-thieu-ket-chan-sat-ama-td60025-16_65714c5d3ce96.jpeg","type":"image\/jpeg"}],"twitter_card":"summary_large_image","twitter_misc":{"Est. reading time":"1 minute"},"schema":{"@context":"https:\/\/schema.org","@graph":[{"@type":"WebPage","@id":"https:\/\/amafurni.vn\/san-pham\/ban-an-mat-da-thieu-ket-chan-sat-ama-td60025-16\/","url":"https:\/\/amafurni.vn\/san-pham\/ban-an-mat-da-thieu-ket-chan-sat-ama-td60025-16\/","name":"B\u00e0n \u0103n m\u1eb7t \u0111\u00e1 AMA-TD60025-16 - AMAFURNI","isPartOf":{"@id":"https:\/\/amafurni.vn\/#website"},"datePublished":"2023-12-07T04:38:53+00:00","dateModified":"2026-03-20T15:28:59+00:00","breadcrumb":{"@id":"https:\/\/amafurni.vn\/san-pham\/ban-an-mat-da-thieu-ket-chan-sat-ama-td60025-16\/#breadcrumb"},"inLanguage":"en-US","potentialAction":[{"@type":"ReadAction","target":["https:\/\/amafurni.vn\/san-pham\/ban-an-mat-da-thieu-ket-chan-sat-ama-td60025-16\/"]}]},{"@type":"BreadcrumbList","@id":"https:\/\/amafurni.vn\/san-pham\/ban-an-mat-da-thieu-ket-chan-sat-ama-td60025-16\/#breadcrumb","itemListElement":[{"@type":"ListItem","position":1,"name":"Trang ch\u1ee7","item":"https:\/\/amafurni.vn\/"},{"@type":"ListItem","position":2,"name":"S\u1ea3n ph\u1ea9m","item":"https:\/\/amafurni.vn\/san-pham\/"},{"@type":"ListItem","position":3,"name":"B\u00e0n \u0103n m\u1eb7t \u0111\u00e1 AMA-TD60025-16"}]},{"@type":"WebSite","@id":"https:\/\/amafurni.vn\/#website","url":"https:\/\/amafurni.vn\/","name":"AMAFURNI","description":"","potentialAction":[{"@type":"SearchAction","target":{"@type":"EntryPoint","urlTemplate":"https:\/\/amafurni.vn\/?s={search_term_string}"},"query-input":"required name=search_term_string"}],"inLanguage":"en-US"}]}},"_links":{"self":[{"href":"https:\/\/amafurni.vn\/en\/wp-json\/wp\/v2\/product\/4320"}],"collection":[{"href":"https:\/\/amafurni.vn\/en\/wp-json\/wp\/v2\/product"}],"about":[{"href":"https:\/\/amafurni.vn\/en\/wp-json\/wp\/v2\/types\/product"}],"replies":[{"embeddable":true,"href":"https:\/\/amafurni.vn\/en\/wp-json\/wp\/v2\/comments?post=4320"}],"wp:featuredmedia":[{"embeddable":true,"href":"https:\/\/amafurni.vn\/en\/wp-json\/wp\/v2\/media\/4406"}],"wp:attachment":[{"href":"https:\/\/amafurni.vn\/en\/wp-json\/wp\/v2\/media?parent=4320"}],"wp:term":[{"taxonomy":"product_cat","embeddable":true,"href":"https:\/\/amafurni.vn\/en\/wp-json\/wp\/v2\/product_cat?post=4320"},{"taxonomy":"product_tag","embeddable":true,"href":"https:\/\/amafurni.vn\/en\/wp-json\/wp\/v2\/product_tag?post=4320"}],"curies":[{"name":"wp","href":"https:\/\/api.w.org\/{rel}","templated":true}]}}