{"id":4347,"date":"2023-12-07T11:40:18","date_gmt":"2023-12-07T04:40:18","guid":{"rendered":"https:\/\/amafurni.123websitedev.com\/san-pham\/ban-an-nhua-trong-suot-arylic-thoi-trang-ama-016\/"},"modified":"2026-03-20T22:25:25","modified_gmt":"2026-03-20T15:25:25","slug":"ban-an-nhua-trong-suot-arylic-thoi-trang-ama-016","status":"publish","type":"product","link":"https:\/\/amafurni.vn\/en\/product\/ban-an-nhua-trong-suot-arylic-thoi-trang-ama-016\/","title":{"rendered":"B\u00e0n \u0103n Arylic AMA-016"},"content":{"rendered":"<table border=\"1\">\n<tbody><\/tbody>\n<tbody>\n<tr>\n<td><span><strong>Material<\/strong><\/span><\/td>\n<td><span><strong>T\u00ednh N\u0103ng<\/strong><\/span><\/td>\n<td><span><strong>M\u00e0u S\u1eafc<\/strong><\/span><\/td>\n<td><span><strong>Xu\u1ea5t X\u1ee9<\/strong><\/span><\/td>\n<td><span><strong>B\u1ea3o h\u00e0nh<\/strong><\/span><\/td>\n<\/tr>\n<tr>\n<td>\n<p>\u00a0<\/p>\n<ul>\n<li>Ch\u00e2n ACRYLIC, M\u1eb7t b\u00e0n MDK s\u01a1n 2K, 25MM<\/li>\n<\/ul>\n<p><span>\u00a0 \u00a0 \u00a0 \u00a040x140x75cm<\/span><\/p>\n<\/td>\n<td>\n<div type=\"\" id=\"277f5_5rada\" name=\"5rada\"><span>B\u00e0n l\u00e0m vi\u1ec7c 016 l\u00e0 s\u1ef1 k\u1ebft h\u1ee3p ho\u00e0n h\u1ea3o gi\u1eefa ch\u1ea5t l\u01b0\u1ee3ng, thi\u1ebft k\u1ebf \u0111\u1eb9p m\u1eaft, v\u00e0 t\u00ednh ti\u1ec7n \u00edch. N\u1ebfu b\u1ea1n \u0111ang t\u00ecm ki\u1ebfm m\u1ed9t s\u1ea3n ph\u1ea9m ch\u1ea5t l\u01b0\u1ee3ng \u0111\u1ec3 n\u00e2ng c\u1ea5p kh\u00f4ng gian l\u00e0m vi\u1ec7c c\u1ee7a m\u00ecnh, s\u1ea3n ph\u1ea9m n\u00e0y x\u1ee9ng \u0111\u00e1ng l\u00e0 m\u1ed9t l\u1ef1a ch\u1ecdn h\u00e0ng \u0111\u1ea7u.<\/span><\/div>\n<div type=\"\" name=\"5rada\"><span><\/span><\/div>\n<div type=\"\" name=\"5rada\"><span>Ch\u00e2n b\u00e0n b\u1eb1ng ch\u1ea5t li\u1ec7u acrylic trong su\u1ed1t t\u1ea1o c\u1ea3m gi\u00e1c nh\u01b0 b\u00e0n \u0111ang \u201ctr\u00f4i\u201d gi\u1eefa kh\u00f4ng gian. \u0110\u00e2y l\u00e0 m\u1ed9t \u0111i\u1ec3m nh\u1ea5n thi\u1ebft k\u1ebf \u0111\u1ed9c \u0111\u00e1o, \u0111\u1ed3ng th\u1eddi t\u1ea1o s\u1ef1 nh\u1eb9 nh\u00e0ng v\u00e0 tho\u1ea3i m\u00e1i khi l\u00e0m vi\u1ec7c. Ch\u1ea5t li\u1ec7u acrylic c\u0169ng r\u1ea5t b\u1ec1n gi\u00fap b\u00e0n lu\u00f4n gi\u1eef \u0111\u01b0\u1ee3c v\u1ebb \u0111\u1eb9p ban \u0111\u1ea7u.<\/span><\/div>\n<div type=\"\" name=\"5rada\"><\/div>\n<div type=\"\" name=\"5rada\"><\/div>\n<\/td>\n<td>\n<p>NHI\u1ec0U M\u00c0U<\/p>\n<p>M\u00e0u s\u1eafc :\u00a0\u00a0<span>\u00a0Tr\u1eafng trong.<\/span><\/p>\n<\/td>\n<td>Nh\u1eadp Ngo\u1ea1i<\/td>\n<td>\n<p>. 12 th\u00e1ng k\u1ef9 thu\u1eadt<\/p>\n<\/p>\n<\/td>\n<\/tr>\n<\/tbody>\n<\/table>","protected":false},"excerpt":{"rendered":"<p>B\u00e0n l\u00e0m vi\u1ec7c 016 l\u00e0 s\u1ef1 k\u1ebft h\u1ee3p ho\u00e0n h\u1ea3o gi\u1eefa ch\u1ea5t l\u01b0\u1ee3ng, thi\u1ebft k\u1ebf \u0111\u1eb9p m\u1eaft, v\u00e0 t\u00ednh ti\u1ec7n \u00edch. N\u1ebfu b\u1ea1n \u0111ang t\u00ecm ki\u1ebfm m\u1ed9t s\u1ea3n ph\u1ea9m ch\u1ea5t l\u01b0\u1ee3ng \u0111\u1ec3 n\u00e2ng c\u1ea5p kh\u00f4ng gian l\u00e0m vi\u1ec7c c\u1ee7a m\u00ecnh, s\u1ea3n ph\u1ea9m n\u00e0y x\u1ee9ng \u0111\u00e1ng l\u00e0 m\u1ed9t l\u1ef1a ch\u1ecdn h\u00e0ng \u0111\u1ea7u.<br \/>\nCh\u00e2n b\u00e0n b\u1eb1ng ch\u1ea5t li\u1ec7u acrylic trong su\u1ed1t t\u1ea1o c\u1ea3m gi\u00e1c nh\u01b0 b\u00e0n \u0111ang \u201ctr\u00f4i\u201d gi\u1eefa kh\u00f4ng gian. \u0110\u00e2y l\u00e0 m\u1ed9t \u0111i\u1ec3m nh\u1ea5n thi\u1ebft k\u1ebf \u0111\u1ed9c \u0111\u00e1o, \u0111\u1ed3ng th\u1eddi t\u1ea1o s\u1ef1 nh\u1eb9 nh\u00e0ng v\u00e0 tho\u1ea3i m\u00e1i khi l\u00e0m vi\u1ec7c. Ch\u1ea5t li\u1ec7u acrylic c\u0169ng r\u1ea5t b\u1ec1n gi\u00fap b\u00e0n lu\u00f4n gi\u1eef \u0111\u01b0\u1ee3c v\u1ebb \u0111\u1eb9p ban \u0111\u1ea7u.<\/p>","protected":false},"featured_media":4348,"comment_status":"open","ping_status":"closed","template":"","meta":[],"product_cat":[62,89],"product_tag":[],"yoast_head":"<!-- This site is optimized with the Yoast SEO Premium plugin v21.7 (Yoast SEO v21.7) - https:\/\/yoast.com\/wordpress\/plugins\/seo\/ -->\n<title>B\u00e0n \u0103n Arylic AMA-016 - AMAFURNI<\/title>\n<meta name=\"robots\" content=\"index, follow, max-snippet:-1, max-image-preview:large, max-video-preview:-1\" \/>\n<link rel=\"canonical\" href=\"https:\/\/amafurni.vn\/en\/product\/ban-an-nhua-trong-suot-arylic-thoi-trang-ama-016\/\" \/>\n<meta property=\"og:locale\" content=\"en_US\" \/>\n<meta property=\"og:type\" content=\"article\" \/>\n<meta property=\"og:title\" content=\"B\u00e0n \u0103n Arylic AMA-016\" \/>\n<meta property=\"og:description\" content=\"B\u00e0n l\u00e0m vi\u1ec7c 016 l\u00e0 s\u1ef1 k\u1ebft h\u1ee3p ho\u00e0n h\u1ea3o gi\u1eefa ch\u1ea5t l\u01b0\u1ee3ng, thi\u1ebft k\u1ebf \u0111\u1eb9p m\u1eaft, v\u00e0 t\u00ednh ti\u1ec7n \u00edch. N\u1ebfu b\u1ea1n \u0111ang t\u00ecm ki\u1ebfm m\u1ed9t s\u1ea3n ph\u1ea9m ch\u1ea5t l\u01b0\u1ee3ng \u0111\u1ec3 n\u00e2ng c\u1ea5p kh\u00f4ng gian l\u00e0m vi\u1ec7c c\u1ee7a m\u00ecnh, s\u1ea3n ph\u1ea9m n\u00e0y x\u1ee9ng \u0111\u00e1ng l\u00e0 m\u1ed9t l\u1ef1a ch\u1ecdn h\u00e0ng \u0111\u1ea7u. Ch\u00e2n b\u00e0n b\u1eb1ng ch\u1ea5t li\u1ec7u acrylic trong su\u1ed1t t\u1ea1o c\u1ea3m gi\u00e1c nh\u01b0 b\u00e0n \u0111ang \u201ctr\u00f4i\u201d gi\u1eefa kh\u00f4ng gian. \u0110\u00e2y l\u00e0 m\u1ed9t \u0111i\u1ec3m nh\u1ea5n thi\u1ebft k\u1ebf \u0111\u1ed9c \u0111\u00e1o, \u0111\u1ed3ng th\u1eddi t\u1ea1o s\u1ef1 nh\u1eb9 nh\u00e0ng v\u00e0 tho\u1ea3i m\u00e1i khi l\u00e0m vi\u1ec7c. Ch\u1ea5t li\u1ec7u acrylic c\u0169ng r\u1ea5t b\u1ec1n gi\u00fap b\u00e0n lu\u00f4n gi\u1eef \u0111\u01b0\u1ee3c v\u1ebb \u0111\u1eb9p ban \u0111\u1ea7u.\" \/>\n<meta property=\"og:url\" content=\"https:\/\/amafurni.vn\/en\/product\/ban-an-nhua-trong-suot-arylic-thoi-trang-ama-016\/\" \/>\n<meta property=\"og:site_name\" content=\"AMAFURNI\" \/>\n<meta property=\"article:modified_time\" content=\"2026-03-20T15:25:25+00:00\" \/>\n<meta property=\"og:image\" content=\"https:\/\/amafurni.vn\/wp-content\/uploads\/2023\/12\/ban-an-nhua-trong-suot-arylic-thoi-trang-ama-016_657146f0ecbc5.jpeg\" \/>\n\t<meta property=\"og:image:width\" content=\"800\" \/>\n\t<meta property=\"og:image:height\" content=\"800\" \/>\n\t<meta property=\"og:image:type\" content=\"image\/jpeg\" \/>\n<meta name=\"twitter:card\" content=\"summary_large_image\" \/>\n<meta name=\"twitter:label1\" content=\"Est. reading time\" \/>\n\t<meta name=\"twitter:data1\" content=\"1 minute\" \/>\n<script type=\"application\/ld+json\" class=\"yoast-schema-graph\">{\"@context\":\"https:\/\/schema.org\",\"@graph\":[{\"@type\":\"WebPage\",\"@id\":\"https:\/\/amafurni.vn\/san-pham\/ban-an-nhua-trong-suot-arylic-thoi-trang-ama-016\/\",\"url\":\"https:\/\/amafurni.vn\/san-pham\/ban-an-nhua-trong-suot-arylic-thoi-trang-ama-016\/\",\"name\":\"B\u00e0n \u0103n Arylic AMA-016 - AMAFURNI\",\"isPartOf\":{\"@id\":\"https:\/\/amafurni.vn\/#website\"},\"datePublished\":\"2023-12-07T04:40:18+00:00\",\"dateModified\":\"2026-03-20T15:25:25+00:00\",\"breadcrumb\":{\"@id\":\"https:\/\/amafurni.vn\/san-pham\/ban-an-nhua-trong-suot-arylic-thoi-trang-ama-016\/#breadcrumb\"},\"inLanguage\":\"en-US\",\"potentialAction\":[{\"@type\":\"ReadAction\",\"target\":[\"https:\/\/amafurni.vn\/san-pham\/ban-an-nhua-trong-suot-arylic-thoi-trang-ama-016\/\"]}]},{\"@type\":\"BreadcrumbList\",\"@id\":\"https:\/\/amafurni.vn\/san-pham\/ban-an-nhua-trong-suot-arylic-thoi-trang-ama-016\/#breadcrumb\",\"itemListElement\":[{\"@type\":\"ListItem\",\"position\":1,\"name\":\"Trang ch\u1ee7\",\"item\":\"https:\/\/amafurni.vn\/\"},{\"@type\":\"ListItem\",\"position\":2,\"name\":\"S\u1ea3n ph\u1ea9m\",\"item\":\"https:\/\/amafurni.vn\/san-pham\/\"},{\"@type\":\"ListItem\",\"position\":3,\"name\":\"B\u00e0n \u0103n Arylic AMA-016\"}]},{\"@type\":\"WebSite\",\"@id\":\"https:\/\/amafurni.vn\/#website\",\"url\":\"https:\/\/amafurni.vn\/\",\"name\":\"AMAFURNI\",\"description\":\"\",\"potentialAction\":[{\"@type\":\"SearchAction\",\"target\":{\"@type\":\"EntryPoint\",\"urlTemplate\":\"https:\/\/amafurni.vn\/?s={search_term_string}\"},\"query-input\":\"required name=search_term_string\"}],\"inLanguage\":\"en-US\"}]}<\/script>\n<!-- \/ Yoast SEO Premium plugin. -->","yoast_head_json":{"title":"B\u00e0n \u0103n Arylic AMA-016 - AMAFURNI","robots":{"index":"index","follow":"follow","max-snippet":"max-snippet:-1","max-image-preview":"max-image-preview:large","max-video-preview":"max-video-preview:-1"},"canonical":"https:\/\/amafurni.vn\/en\/product\/ban-an-nhua-trong-suot-arylic-thoi-trang-ama-016\/","og_locale":"en_US","og_type":"article","og_title":"B\u00e0n \u0103n Arylic AMA-016","og_description":"B\u00e0n l\u00e0m vi\u1ec7c 016 l\u00e0 s\u1ef1 k\u1ebft h\u1ee3p ho\u00e0n h\u1ea3o gi\u1eefa ch\u1ea5t l\u01b0\u1ee3ng, thi\u1ebft k\u1ebf \u0111\u1eb9p m\u1eaft, v\u00e0 t\u00ednh ti\u1ec7n \u00edch. N\u1ebfu b\u1ea1n \u0111ang t\u00ecm ki\u1ebfm m\u1ed9t s\u1ea3n ph\u1ea9m ch\u1ea5t l\u01b0\u1ee3ng \u0111\u1ec3 n\u00e2ng c\u1ea5p kh\u00f4ng gian l\u00e0m vi\u1ec7c c\u1ee7a m\u00ecnh, s\u1ea3n ph\u1ea9m n\u00e0y x\u1ee9ng \u0111\u00e1ng l\u00e0 m\u1ed9t l\u1ef1a ch\u1ecdn h\u00e0ng \u0111\u1ea7u. Ch\u00e2n b\u00e0n b\u1eb1ng ch\u1ea5t li\u1ec7u acrylic trong su\u1ed1t t\u1ea1o c\u1ea3m gi\u00e1c nh\u01b0 b\u00e0n \u0111ang \u201ctr\u00f4i\u201d gi\u1eefa kh\u00f4ng gian. \u0110\u00e2y l\u00e0 m\u1ed9t \u0111i\u1ec3m nh\u1ea5n thi\u1ebft k\u1ebf \u0111\u1ed9c \u0111\u00e1o, \u0111\u1ed3ng th\u1eddi t\u1ea1o s\u1ef1 nh\u1eb9 nh\u00e0ng v\u00e0 tho\u1ea3i m\u00e1i khi l\u00e0m vi\u1ec7c. Ch\u1ea5t li\u1ec7u acrylic c\u0169ng r\u1ea5t b\u1ec1n gi\u00fap b\u00e0n lu\u00f4n gi\u1eef \u0111\u01b0\u1ee3c v\u1ebb \u0111\u1eb9p ban \u0111\u1ea7u.","og_url":"https:\/\/amafurni.vn\/en\/product\/ban-an-nhua-trong-suot-arylic-thoi-trang-ama-016\/","og_site_name":"AMAFURNI","article_modified_time":"2026-03-20T15:25:25+00:00","og_image":[{"width":800,"height":800,"url":"https:\/\/amafurni.vn\/wp-content\/uploads\/2023\/12\/ban-an-nhua-trong-suot-arylic-thoi-trang-ama-016_657146f0ecbc5.jpeg","type":"image\/jpeg"}],"twitter_card":"summary_large_image","twitter_misc":{"Est. reading time":"1 minute"},"schema":{"@context":"https:\/\/schema.org","@graph":[{"@type":"WebPage","@id":"https:\/\/amafurni.vn\/san-pham\/ban-an-nhua-trong-suot-arylic-thoi-trang-ama-016\/","url":"https:\/\/amafurni.vn\/san-pham\/ban-an-nhua-trong-suot-arylic-thoi-trang-ama-016\/","name":"B\u00e0n \u0103n Arylic AMA-016 - AMAFURNI","isPartOf":{"@id":"https:\/\/amafurni.vn\/#website"},"datePublished":"2023-12-07T04:40:18+00:00","dateModified":"2026-03-20T15:25:25+00:00","breadcrumb":{"@id":"https:\/\/amafurni.vn\/san-pham\/ban-an-nhua-trong-suot-arylic-thoi-trang-ama-016\/#breadcrumb"},"inLanguage":"en-US","potentialAction":[{"@type":"ReadAction","target":["https:\/\/amafurni.vn\/san-pham\/ban-an-nhua-trong-suot-arylic-thoi-trang-ama-016\/"]}]},{"@type":"BreadcrumbList","@id":"https:\/\/amafurni.vn\/san-pham\/ban-an-nhua-trong-suot-arylic-thoi-trang-ama-016\/#breadcrumb","itemListElement":[{"@type":"ListItem","position":1,"name":"Trang ch\u1ee7","item":"https:\/\/amafurni.vn\/"},{"@type":"ListItem","position":2,"name":"S\u1ea3n ph\u1ea9m","item":"https:\/\/amafurni.vn\/san-pham\/"},{"@type":"ListItem","position":3,"name":"B\u00e0n \u0103n Arylic AMA-016"}]},{"@type":"WebSite","@id":"https:\/\/amafurni.vn\/#website","url":"https:\/\/amafurni.vn\/","name":"AMAFURNI","description":"","potentialAction":[{"@type":"SearchAction","target":{"@type":"EntryPoint","urlTemplate":"https:\/\/amafurni.vn\/?s={search_term_string}"},"query-input":"required name=search_term_string"}],"inLanguage":"en-US"}]}},"_links":{"self":[{"href":"https:\/\/amafurni.vn\/en\/wp-json\/wp\/v2\/product\/4347"}],"collection":[{"href":"https:\/\/amafurni.vn\/en\/wp-json\/wp\/v2\/product"}],"about":[{"href":"https:\/\/amafurni.vn\/en\/wp-json\/wp\/v2\/types\/product"}],"replies":[{"embeddable":true,"href":"https:\/\/amafurni.vn\/en\/wp-json\/wp\/v2\/comments?post=4347"}],"wp:featuredmedia":[{"embeddable":true,"href":"https:\/\/amafurni.vn\/en\/wp-json\/wp\/v2\/media\/4348"}],"wp:attachment":[{"href":"https:\/\/amafurni.vn\/en\/wp-json\/wp\/v2\/media?parent=4347"}],"wp:term":[{"taxonomy":"product_cat","embeddable":true,"href":"https:\/\/amafurni.vn\/en\/wp-json\/wp\/v2\/product_cat?post=4347"},{"taxonomy":"product_tag","embeddable":true,"href":"https:\/\/amafurni.vn\/en\/wp-json\/wp\/v2\/product_tag?post=4347"}],"curies":[{"name":"wp","href":"https:\/\/api.w.org\/{rel}","templated":true}]}}