{"id":4361,"date":"2023-12-07T11:41:02","date_gmt":"2023-12-07T04:41:02","guid":{"rendered":"https:\/\/amafurni.123websitedev.com\/san-pham\/ban-an-victor-ama-victor\/"},"modified":"2026-03-20T22:23:16","modified_gmt":"2026-03-20T15:23:16","slug":"ban-an-victor-ama-victor","status":"publish","type":"product","link":"https:\/\/amafurni.vn\/en\/product\/ban-an-victor-ama-victor\/","title":{"rendered":"B\u00e0n \u0102n m\u1eb7t k\u00ednh AMA-Victor"},"content":{"rendered":"<table border=\"1\" height=\"324\">\n<tbody><\/tbody>\n<tbody>\n<tr>\n<td><span><strong>Material<\/strong><\/span><\/td>\n<td>\n<p><span><strong>Size<\/strong><\/span><\/p>\n<p><span><strong>(D\u00e0i*R\u1ed9ng*cao)<\/strong><\/span><\/p>\n<\/td>\n<td><span><strong><span color=\"#ff0000\" face=\"times new roman, times, serif\">\u0110\u1eb7c \u0110i\u1ec3m<\/span><\/strong><\/span><\/td>\n<td><span><strong>M\u00e0u S\u1eafc<\/strong><\/span><\/td>\n<td><span><strong>Xu\u1ea5t X\u1ee9<\/strong><\/span><\/td>\n<td><span><strong>B\u1ea3o h\u00e0nh<\/strong><\/span><\/td>\n<td><span><strong>B\u1ed9 s\u1ea3n ph\u1ea9m g\u1ed3m<\/strong><\/span><\/td>\n<\/tr>\n<tr>\n<td>\n<p><span>\u00a0M\u1eb7t K\u00ednh C\u01b0\u1eddng L\u1ef1c , Ch\u00e2n Inox M\u1ea1 V\u00e0ng<\/span><\/p>\n<\/td>\n<td>\n<p><span>\u00a080 x 140 x 75<\/span><\/p>\n<\/td>\n<td>\n<p><strong>B\u00e0n \u0102n M\u1eb6T K\u00cdNH C\u01af\u1edcNG L\u1ef0C<span>\u00a0<\/span><\/strong><span>l\u00e0 m\u1ed9t s\u1ea3n ph\u1ea9m \u0111\u1ed9c \u0111\u00e1o , tinh t\u1ebf \u0111\u01b0\u1ee3c nh\u1eadp kh\u1ea9u tr\u1ef1c ti\u1ebfp c\u1ee7a\u00a0<\/span><strong>N\u1ed9i Th\u1ea5t AMA.<\/strong><\/p>\n<p><strong><span>V\u1edbi thi\u1ebft k\u1ebf ch\u00e2n s\u1eaft s\u01a1n t\u0129nh \u0111i\u1ec7n t\u1ed5ng th\u1ec3 gi\u1eef cho ch\u00e2n b\u00e0n lu\u00f4n ki\u00ean c\u1ed1 .M\u1eb7t b\u00e0n \u0111\u01b0\u1ee3c s\u1eed d\u1ee5ng ch\u1ea5t li\u1ec7u \u0111\u00e1 C\u1ea9m th\u1ea1ch th\u00e2n thi\u1ec7n v\u1edbi m\u00f4i tr\u01b0\u1eddng ,\u00a0 t\u1ea1o l\u00ean v\u1ebb \u0111\u1eb9p sang tr\u1ecdng qu\u00fd ph\u00e1i cho\u00a0<\/span>kh\u00f4ng gian n\u1ed9i th\u1ea5t .<\/strong><\/p>\n<\/td>\n<td>\n<p><span>\u00a0Tr\u1eafng<\/span><\/p>\n<\/td>\n<td><span>H\u00e0ng nh\u1eadp ngo\u1ea1i<\/span><\/td>\n<td>\n<p><span>12 th\u00e1ng k\u1ef9 thu\u1eadt<\/span><\/p>\n<\/td>\n<td>\n<p><span>01 b\u00e0n\u00a0\u00a0<\/span><\/p>\n<\/td>\n<\/tr>\n<\/tbody>\n<\/table>","protected":false},"excerpt":{"rendered":"<p>Ch\u1ea5t Li\u1ec7u K\u00edch Th\u01b0\u1edbc (D\u00e0i*R\u1ed9ng*cao) \u0110\u1eb7c \u0110i\u1ec3m M\u00e0u S\u1eafc Xu\u1ea5t X\u1ee9 B\u1ea3o h\u00e0nh B\u1ed9 s\u1ea3n ph\u1ea9m g\u1ed3m \u00a0M\u1eb7t K\u00ednh C\u01b0\u1eddng L\u1ef1c , Ch\u00e2n Inox M\u1ea1 V\u00e0ng \u00a080 x 140 x 75 B\u00e0n \u0102n M\u1eb6T K\u00cdNH C\u01af\u1edcNG L\u1ef0C\u00a0l\u00e0 m\u1ed9t s\u1ea3n ph\u1ea9m \u0111\u1ed9c \u0111\u00e1o , tinh t\u1ebf \u0111\u01b0\u1ee3c nh\u1eadp kh\u1ea9u tr\u1ef1c ti\u1ebfp c\u1ee7a\u00a0N\u1ed9i Th\u1ea5t AMA. V\u1edbi thi\u1ebft [&hellip;]<\/p>","protected":false},"featured_media":4362,"comment_status":"open","ping_status":"closed","template":"","meta":[],"product_cat":[62,89],"product_tag":[],"yoast_head":"<!-- This site is optimized with the Yoast SEO Premium plugin v21.7 (Yoast SEO v21.7) - https:\/\/yoast.com\/wordpress\/plugins\/seo\/ -->\n<title>B\u00e0n \u0102n m\u1eb7t k\u00ednh AMA-Victor - AMAFURNI<\/title>\n<meta name=\"robots\" content=\"index, follow, max-snippet:-1, max-image-preview:large, max-video-preview:-1\" \/>\n<link rel=\"canonical\" href=\"https:\/\/amafurni.vn\/en\/product\/ban-an-victor-ama-victor\/\" \/>\n<meta property=\"og:locale\" content=\"en_US\" \/>\n<meta property=\"og:type\" content=\"article\" \/>\n<meta property=\"og:title\" content=\"B\u00e0n \u0102n m\u1eb7t k\u00ednh AMA-Victor\" \/>\n<meta property=\"og:description\" content=\"Ch\u1ea5t Li\u1ec7u K\u00edch Th\u01b0\u1edbc (D\u00e0i*R\u1ed9ng*cao) \u0110\u1eb7c \u0110i\u1ec3m M\u00e0u S\u1eafc Xu\u1ea5t X\u1ee9 B\u1ea3o h\u00e0nh B\u1ed9 s\u1ea3n ph\u1ea9m g\u1ed3m \u00a0M\u1eb7t K\u00ednh C\u01b0\u1eddng L\u1ef1c , Ch\u00e2n Inox M\u1ea1 V\u00e0ng \u00a080 x 140 x 75 B\u00e0n \u0102n M\u1eb6T K\u00cdNH C\u01af\u1edcNG L\u1ef0C\u00a0l\u00e0 m\u1ed9t s\u1ea3n ph\u1ea9m \u0111\u1ed9c \u0111\u00e1o , tinh t\u1ebf \u0111\u01b0\u1ee3c nh\u1eadp kh\u1ea9u tr\u1ef1c ti\u1ebfp c\u1ee7a\u00a0N\u1ed9i Th\u1ea5t AMA. V\u1edbi thi\u1ebft [&hellip;]\" \/>\n<meta property=\"og:url\" content=\"https:\/\/amafurni.vn\/en\/product\/ban-an-victor-ama-victor\/\" \/>\n<meta property=\"og:site_name\" content=\"AMAFURNI\" \/>\n<meta property=\"article:modified_time\" content=\"2026-03-20T15:23:16+00:00\" \/>\n<meta property=\"og:image\" content=\"https:\/\/amafurni.vn\/wp-content\/uploads\/2023\/12\/ban-an-victor-ama-victor_6571472229eaa.jpeg\" \/>\n\t<meta property=\"og:image:width\" content=\"800\" \/>\n\t<meta property=\"og:image:height\" content=\"800\" \/>\n\t<meta property=\"og:image:type\" content=\"image\/jpeg\" \/>\n<meta name=\"twitter:card\" content=\"summary_large_image\" \/>\n<meta name=\"twitter:label1\" content=\"Est. reading time\" \/>\n\t<meta name=\"twitter:data1\" content=\"1 minute\" \/>\n<script type=\"application\/ld+json\" class=\"yoast-schema-graph\">{\"@context\":\"https:\/\/schema.org\",\"@graph\":[{\"@type\":\"WebPage\",\"@id\":\"https:\/\/amafurni.vn\/san-pham\/ban-an-victor-ama-victor\/\",\"url\":\"https:\/\/amafurni.vn\/san-pham\/ban-an-victor-ama-victor\/\",\"name\":\"B\u00e0n \u0102n m\u1eb7t k\u00ednh AMA-Victor - AMAFURNI\",\"isPartOf\":{\"@id\":\"https:\/\/amafurni.vn\/#website\"},\"datePublished\":\"2023-12-07T04:41:02+00:00\",\"dateModified\":\"2026-03-20T15:23:16+00:00\",\"breadcrumb\":{\"@id\":\"https:\/\/amafurni.vn\/san-pham\/ban-an-victor-ama-victor\/#breadcrumb\"},\"inLanguage\":\"en-US\",\"potentialAction\":[{\"@type\":\"ReadAction\",\"target\":[\"https:\/\/amafurni.vn\/san-pham\/ban-an-victor-ama-victor\/\"]}]},{\"@type\":\"BreadcrumbList\",\"@id\":\"https:\/\/amafurni.vn\/san-pham\/ban-an-victor-ama-victor\/#breadcrumb\",\"itemListElement\":[{\"@type\":\"ListItem\",\"position\":1,\"name\":\"Trang ch\u1ee7\",\"item\":\"https:\/\/amafurni.vn\/\"},{\"@type\":\"ListItem\",\"position\":2,\"name\":\"S\u1ea3n ph\u1ea9m\",\"item\":\"https:\/\/amafurni.vn\/san-pham\/\"},{\"@type\":\"ListItem\",\"position\":3,\"name\":\"B\u00e0n \u0102n m\u1eb7t k\u00ednh AMA-Victor\"}]},{\"@type\":\"WebSite\",\"@id\":\"https:\/\/amafurni.vn\/#website\",\"url\":\"https:\/\/amafurni.vn\/\",\"name\":\"AMAFURNI\",\"description\":\"\",\"potentialAction\":[{\"@type\":\"SearchAction\",\"target\":{\"@type\":\"EntryPoint\",\"urlTemplate\":\"https:\/\/amafurni.vn\/?s={search_term_string}\"},\"query-input\":\"required name=search_term_string\"}],\"inLanguage\":\"en-US\"}]}<\/script>\n<!-- \/ Yoast SEO Premium plugin. -->","yoast_head_json":{"title":"B\u00e0n \u0102n m\u1eb7t k\u00ednh AMA-Victor - AMAFURNI","robots":{"index":"index","follow":"follow","max-snippet":"max-snippet:-1","max-image-preview":"max-image-preview:large","max-video-preview":"max-video-preview:-1"},"canonical":"https:\/\/amafurni.vn\/en\/product\/ban-an-victor-ama-victor\/","og_locale":"en_US","og_type":"article","og_title":"B\u00e0n \u0102n m\u1eb7t k\u00ednh AMA-Victor","og_description":"Ch\u1ea5t Li\u1ec7u K\u00edch Th\u01b0\u1edbc (D\u00e0i*R\u1ed9ng*cao) \u0110\u1eb7c \u0110i\u1ec3m M\u00e0u S\u1eafc Xu\u1ea5t X\u1ee9 B\u1ea3o h\u00e0nh B\u1ed9 s\u1ea3n ph\u1ea9m g\u1ed3m \u00a0M\u1eb7t K\u00ednh C\u01b0\u1eddng L\u1ef1c , Ch\u00e2n Inox M\u1ea1 V\u00e0ng \u00a080 x 140 x 75 B\u00e0n \u0102n M\u1eb6T K\u00cdNH C\u01af\u1edcNG L\u1ef0C\u00a0l\u00e0 m\u1ed9t s\u1ea3n ph\u1ea9m \u0111\u1ed9c \u0111\u00e1o , tinh t\u1ebf \u0111\u01b0\u1ee3c nh\u1eadp kh\u1ea9u tr\u1ef1c ti\u1ebfp c\u1ee7a\u00a0N\u1ed9i Th\u1ea5t AMA. V\u1edbi thi\u1ebft [&hellip;]","og_url":"https:\/\/amafurni.vn\/en\/product\/ban-an-victor-ama-victor\/","og_site_name":"AMAFURNI","article_modified_time":"2026-03-20T15:23:16+00:00","og_image":[{"width":800,"height":800,"url":"https:\/\/amafurni.vn\/wp-content\/uploads\/2023\/12\/ban-an-victor-ama-victor_6571472229eaa.jpeg","type":"image\/jpeg"}],"twitter_card":"summary_large_image","twitter_misc":{"Est. reading time":"1 minute"},"schema":{"@context":"https:\/\/schema.org","@graph":[{"@type":"WebPage","@id":"https:\/\/amafurni.vn\/san-pham\/ban-an-victor-ama-victor\/","url":"https:\/\/amafurni.vn\/san-pham\/ban-an-victor-ama-victor\/","name":"B\u00e0n \u0102n m\u1eb7t k\u00ednh AMA-Victor - AMAFURNI","isPartOf":{"@id":"https:\/\/amafurni.vn\/#website"},"datePublished":"2023-12-07T04:41:02+00:00","dateModified":"2026-03-20T15:23:16+00:00","breadcrumb":{"@id":"https:\/\/amafurni.vn\/san-pham\/ban-an-victor-ama-victor\/#breadcrumb"},"inLanguage":"en-US","potentialAction":[{"@type":"ReadAction","target":["https:\/\/amafurni.vn\/san-pham\/ban-an-victor-ama-victor\/"]}]},{"@type":"BreadcrumbList","@id":"https:\/\/amafurni.vn\/san-pham\/ban-an-victor-ama-victor\/#breadcrumb","itemListElement":[{"@type":"ListItem","position":1,"name":"Trang ch\u1ee7","item":"https:\/\/amafurni.vn\/"},{"@type":"ListItem","position":2,"name":"S\u1ea3n ph\u1ea9m","item":"https:\/\/amafurni.vn\/san-pham\/"},{"@type":"ListItem","position":3,"name":"B\u00e0n \u0102n m\u1eb7t k\u00ednh AMA-Victor"}]},{"@type":"WebSite","@id":"https:\/\/amafurni.vn\/#website","url":"https:\/\/amafurni.vn\/","name":"AMAFURNI","description":"","potentialAction":[{"@type":"SearchAction","target":{"@type":"EntryPoint","urlTemplate":"https:\/\/amafurni.vn\/?s={search_term_string}"},"query-input":"required name=search_term_string"}],"inLanguage":"en-US"}]}},"_links":{"self":[{"href":"https:\/\/amafurni.vn\/en\/wp-json\/wp\/v2\/product\/4361"}],"collection":[{"href":"https:\/\/amafurni.vn\/en\/wp-json\/wp\/v2\/product"}],"about":[{"href":"https:\/\/amafurni.vn\/en\/wp-json\/wp\/v2\/types\/product"}],"replies":[{"embeddable":true,"href":"https:\/\/amafurni.vn\/en\/wp-json\/wp\/v2\/comments?post=4361"}],"wp:featuredmedia":[{"embeddable":true,"href":"https:\/\/amafurni.vn\/en\/wp-json\/wp\/v2\/media\/4362"}],"wp:attachment":[{"href":"https:\/\/amafurni.vn\/en\/wp-json\/wp\/v2\/media?parent=4361"}],"wp:term":[{"taxonomy":"product_cat","embeddable":true,"href":"https:\/\/amafurni.vn\/en\/wp-json\/wp\/v2\/product_cat?post=4361"},{"taxonomy":"product_tag","embeddable":true,"href":"https:\/\/amafurni.vn\/en\/wp-json\/wp\/v2\/product_tag?post=4361"}],"curies":[{"name":"wp","href":"https:\/\/api.w.org\/{rel}","templated":true}]}}