{"id":4505,"date":"2023-12-07T13:37:23","date_gmt":"2023-12-07T06:37:23","guid":{"rendered":"https:\/\/amafurni.123websitedev.com\/san-pham\/ghe-ban-an-ama-626\/"},"modified":"2023-12-07T13:37:23","modified_gmt":"2023-12-07T06:37:23","slug":"ghe-ban-an-ama-626","status":"publish","type":"product","link":"https:\/\/amafurni.vn\/en\/product\/ghe-ban-an-ama-626\/","title":{"rendered":"Gh\u1ebf b\u00e0n \u0103n AMA-626"},"content":{"rendered":"<table border=\"1\">\n<tbody><\/tbody>\n<tbody>\n<tr>\n<td><strong>Material<\/strong><\/td>\n<td><strong>Size<\/strong><\/td>\n<td><strong>T\u00ednh N\u0103ng<\/strong><\/td>\n<td><strong>M\u00e0u S\u1eafc<\/strong><\/td>\n<td><strong>Xu\u1ea5t X\u1ee9<\/strong><\/td>\n<td><strong>B\u1ea3o h\u00e0nh<\/strong><\/td>\n<\/tr>\n<tr>\n<td>\n<p><span>Ch\u00e2n s\u1eaft s\u01a1n t\u0129nh \u0111i\u1ec7n, L\u01b0ng b\u1ecdc Da, n\u1ec7m b\u1ecdc v\u1ea3i.<\/span><\/p>\n<\/p>\n<\/td>\n<td>\n<p>&#8211;<span>\u0110ang c\u1eadp nh\u1eadt<\/span><\/p>\n<\/td>\n<td>\n<ul>\n<li>\n<p data-spm-anchor-id=\"a2o4n.pdp_revamp.product_detail.i1.771c741b5cq6bH\"><span>&#8211; Gh\u1ebf ng\u1ed3i \u0111i\u1ec3m d\u1ef1a t\u1ea1o c\u1ea3m gi\u00e1c tho\u1ea3i m\u00e1i<\/span><\/p>\n<p><span>&#8211; C\u00f3 th\u1ec3 k\u1ebft h\u1ee3p v\u1edbi c\u00e1c m\u1eabu b\u00e0n \u0103n hay b\u00e0n coffee \u0111\u1ec3 t\u1ea1o kh\u00f4ng gian sang tr\u1ecdng v\u00e0 h\u00e0i h\u00f2a<\/span><\/p>\n<p><span>&#8211; V\u1edbi thi\u1ebft k\u1ebf tr\u1ebb trung, hi\u1ec7n \u0111\u1ea1i, \u0111\u1ed9c \u0111\u00e1o l\u00e0 1 s\u1ef1 l\u1ef1a ch\u1ecdn ho\u00e0n h\u1ea3o cho ng\u01b0\u1eddi ti\u00eau d\u00f9ng.<\/span><\/p>\n<\/li>\n<\/ul>\n<\/td>\n<td>\n<p>\u00a0 NHI\u1ec0U M\u00c0U.\u00a0<\/p>\n<\/td>\n<td>Nh\u1eadp Ngo\u1ea1i<\/td>\n<td>\n<p>06 th\u00e1ng k\u1ef9 thu\u1eadt<\/p>\n<ul>\n<li>L\u1ed7i k\u1ef9 thu\u1eadt<\/li>\n<li>Kh\u00f4ng b\u1ea3o h\u00e0nh ch\u1ea5t li\u1ec7u Da, Pu, Simili, Nh\u1ef1a &#8230;<\/li>\n<\/ul>\n<\/td>\n<\/tr>\n<\/tbody>\n<\/table>","protected":false},"excerpt":{"rendered":"<p>&#8211; Gh\u1ebf ng\u1ed3i \u0111i\u1ec3m d\u1ef1a t\u1ea1o c\u1ea3m gi\u00e1c tho\u1ea3i m\u00e1i<br \/>\n&#8211; C\u00f3 th\u1ec3 k\u1ebft h\u1ee3p v\u1edbi c\u00e1c m\u1eabu b\u00e0n \u0103n hay b\u00e0n coffee \u0111\u1ec3 t\u1ea1o kh\u00f4ng gian sang tr\u1ecdng v\u00e0 h\u00e0i h\u00f2a<br \/>\n&#8211; V\u1edbi thi\u1ebft k\u1ebf tr\u1ebb trung, hi\u1ec7n \u0111\u1ea1i, \u0111\u1ed9c \u0111\u00e1o l\u00e0 1 s\u1ef1 l\u1ef1a ch\u1ecdn ho\u00e0n h\u1ea3o cho ng\u01b0\u1eddi ti\u00eau d\u00f9ng.<\/p>","protected":false},"featured_media":4506,"comment_status":"open","ping_status":"closed","template":"","meta":[],"product_cat":[62,98],"product_tag":[],"yoast_head":"<!-- This site is optimized with the Yoast SEO Premium plugin v21.7 (Yoast SEO v21.7) - https:\/\/yoast.com\/wordpress\/plugins\/seo\/ -->\n<title>Gh\u1ebf b\u00e0n \u0103n AMA-626 - AMAFURNI<\/title>\n<meta name=\"robots\" content=\"index, follow, max-snippet:-1, max-image-preview:large, max-video-preview:-1\" \/>\n<link rel=\"canonical\" href=\"https:\/\/amafurni.vn\/en\/product\/ghe-ban-an-ama-626\/\" \/>\n<meta property=\"og:locale\" content=\"en_US\" \/>\n<meta property=\"og:type\" content=\"article\" \/>\n<meta property=\"og:title\" content=\"Gh\u1ebf b\u00e0n \u0103n AMA-626\" \/>\n<meta property=\"og:description\" content=\"- Gh\u1ebf ng\u1ed3i \u0111i\u1ec3m d\u1ef1a t\u1ea1o c\u1ea3m gi\u00e1c tho\u1ea3i m\u00e1i - C\u00f3 th\u1ec3 k\u1ebft h\u1ee3p v\u1edbi c\u00e1c m\u1eabu b\u00e0n \u0103n hay b\u00e0n coffee \u0111\u1ec3 t\u1ea1o kh\u00f4ng gian sang tr\u1ecdng v\u00e0 h\u00e0i h\u00f2a - V\u1edbi thi\u1ebft k\u1ebf tr\u1ebb trung, hi\u1ec7n \u0111\u1ea1i, \u0111\u1ed9c \u0111\u00e1o l\u00e0 1 s\u1ef1 l\u1ef1a ch\u1ecdn ho\u00e0n h\u1ea3o cho ng\u01b0\u1eddi ti\u00eau d\u00f9ng.\" \/>\n<meta property=\"og:url\" content=\"https:\/\/amafurni.vn\/en\/product\/ghe-ban-an-ama-626\/\" \/>\n<meta property=\"og:site_name\" content=\"AMAFURNI\" \/>\n<meta property=\"og:image\" content=\"https:\/\/amafurni.vn\/wp-content\/uploads\/2023\/12\/ghe-ban-an-ama-626_65716823a9da1.jpeg\" \/>\n\t<meta property=\"og:image:width\" content=\"800\" \/>\n\t<meta property=\"og:image:height\" content=\"800\" \/>\n\t<meta property=\"og:image:type\" content=\"image\/jpeg\" \/>\n<meta name=\"twitter:card\" content=\"summary_large_image\" \/>\n<meta name=\"twitter:label1\" content=\"Est. reading time\" \/>\n\t<meta name=\"twitter:data1\" content=\"1 minute\" \/>\n<script type=\"application\/ld+json\" class=\"yoast-schema-graph\">{\"@context\":\"https:\/\/schema.org\",\"@graph\":[{\"@type\":\"WebPage\",\"@id\":\"https:\/\/amafurni.vn\/san-pham\/ghe-ban-an-ama-626\/\",\"url\":\"https:\/\/amafurni.vn\/san-pham\/ghe-ban-an-ama-626\/\",\"name\":\"Gh\u1ebf b\u00e0n \u0103n AMA-626 - AMAFURNI\",\"isPartOf\":{\"@id\":\"https:\/\/amafurni.vn\/#website\"},\"datePublished\":\"2023-12-07T06:37:23+00:00\",\"dateModified\":\"2023-12-07T06:37:23+00:00\",\"breadcrumb\":{\"@id\":\"https:\/\/amafurni.vn\/san-pham\/ghe-ban-an-ama-626\/#breadcrumb\"},\"inLanguage\":\"en-US\",\"potentialAction\":[{\"@type\":\"ReadAction\",\"target\":[\"https:\/\/amafurni.vn\/san-pham\/ghe-ban-an-ama-626\/\"]}]},{\"@type\":\"BreadcrumbList\",\"@id\":\"https:\/\/amafurni.vn\/san-pham\/ghe-ban-an-ama-626\/#breadcrumb\",\"itemListElement\":[{\"@type\":\"ListItem\",\"position\":1,\"name\":\"Trang ch\u1ee7\",\"item\":\"https:\/\/amafurni.vn\/\"},{\"@type\":\"ListItem\",\"position\":2,\"name\":\"S\u1ea3n ph\u1ea9m\",\"item\":\"https:\/\/amafurni.vn\/san-pham\/\"},{\"@type\":\"ListItem\",\"position\":3,\"name\":\"Gh\u1ebf b\u00e0n \u0103n AMA-626\"}]},{\"@type\":\"WebSite\",\"@id\":\"https:\/\/amafurni.vn\/#website\",\"url\":\"https:\/\/amafurni.vn\/\",\"name\":\"AMAFURNI\",\"description\":\"\",\"potentialAction\":[{\"@type\":\"SearchAction\",\"target\":{\"@type\":\"EntryPoint\",\"urlTemplate\":\"https:\/\/amafurni.vn\/?s={search_term_string}\"},\"query-input\":\"required name=search_term_string\"}],\"inLanguage\":\"en-US\"}]}<\/script>\n<!-- \/ Yoast SEO Premium plugin. -->","yoast_head_json":{"title":"Gh\u1ebf b\u00e0n \u0103n AMA-626 - AMAFURNI","robots":{"index":"index","follow":"follow","max-snippet":"max-snippet:-1","max-image-preview":"max-image-preview:large","max-video-preview":"max-video-preview:-1"},"canonical":"https:\/\/amafurni.vn\/en\/product\/ghe-ban-an-ama-626\/","og_locale":"en_US","og_type":"article","og_title":"Gh\u1ebf b\u00e0n \u0103n AMA-626","og_description":"- Gh\u1ebf ng\u1ed3i \u0111i\u1ec3m d\u1ef1a t\u1ea1o c\u1ea3m gi\u00e1c tho\u1ea3i m\u00e1i - C\u00f3 th\u1ec3 k\u1ebft h\u1ee3p v\u1edbi c\u00e1c m\u1eabu b\u00e0n \u0103n hay b\u00e0n coffee \u0111\u1ec3 t\u1ea1o kh\u00f4ng gian sang tr\u1ecdng v\u00e0 h\u00e0i h\u00f2a - V\u1edbi thi\u1ebft k\u1ebf tr\u1ebb trung, hi\u1ec7n \u0111\u1ea1i, \u0111\u1ed9c \u0111\u00e1o l\u00e0 1 s\u1ef1 l\u1ef1a ch\u1ecdn ho\u00e0n h\u1ea3o cho ng\u01b0\u1eddi ti\u00eau d\u00f9ng.","og_url":"https:\/\/amafurni.vn\/en\/product\/ghe-ban-an-ama-626\/","og_site_name":"AMAFURNI","og_image":[{"width":800,"height":800,"url":"https:\/\/amafurni.vn\/wp-content\/uploads\/2023\/12\/ghe-ban-an-ama-626_65716823a9da1.jpeg","type":"image\/jpeg"}],"twitter_card":"summary_large_image","twitter_misc":{"Est. reading time":"1 minute"},"schema":{"@context":"https:\/\/schema.org","@graph":[{"@type":"WebPage","@id":"https:\/\/amafurni.vn\/san-pham\/ghe-ban-an-ama-626\/","url":"https:\/\/amafurni.vn\/san-pham\/ghe-ban-an-ama-626\/","name":"Gh\u1ebf b\u00e0n \u0103n AMA-626 - AMAFURNI","isPartOf":{"@id":"https:\/\/amafurni.vn\/#website"},"datePublished":"2023-12-07T06:37:23+00:00","dateModified":"2023-12-07T06:37:23+00:00","breadcrumb":{"@id":"https:\/\/amafurni.vn\/san-pham\/ghe-ban-an-ama-626\/#breadcrumb"},"inLanguage":"en-US","potentialAction":[{"@type":"ReadAction","target":["https:\/\/amafurni.vn\/san-pham\/ghe-ban-an-ama-626\/"]}]},{"@type":"BreadcrumbList","@id":"https:\/\/amafurni.vn\/san-pham\/ghe-ban-an-ama-626\/#breadcrumb","itemListElement":[{"@type":"ListItem","position":1,"name":"Trang ch\u1ee7","item":"https:\/\/amafurni.vn\/"},{"@type":"ListItem","position":2,"name":"S\u1ea3n ph\u1ea9m","item":"https:\/\/amafurni.vn\/san-pham\/"},{"@type":"ListItem","position":3,"name":"Gh\u1ebf b\u00e0n \u0103n AMA-626"}]},{"@type":"WebSite","@id":"https:\/\/amafurni.vn\/#website","url":"https:\/\/amafurni.vn\/","name":"AMAFURNI","description":"","potentialAction":[{"@type":"SearchAction","target":{"@type":"EntryPoint","urlTemplate":"https:\/\/amafurni.vn\/?s={search_term_string}"},"query-input":"required name=search_term_string"}],"inLanguage":"en-US"}]}},"_links":{"self":[{"href":"https:\/\/amafurni.vn\/en\/wp-json\/wp\/v2\/product\/4505"}],"collection":[{"href":"https:\/\/amafurni.vn\/en\/wp-json\/wp\/v2\/product"}],"about":[{"href":"https:\/\/amafurni.vn\/en\/wp-json\/wp\/v2\/types\/product"}],"replies":[{"embeddable":true,"href":"https:\/\/amafurni.vn\/en\/wp-json\/wp\/v2\/comments?post=4505"}],"wp:featuredmedia":[{"embeddable":true,"href":"https:\/\/amafurni.vn\/en\/wp-json\/wp\/v2\/media\/4506"}],"wp:attachment":[{"href":"https:\/\/amafurni.vn\/en\/wp-json\/wp\/v2\/media?parent=4505"}],"wp:term":[{"taxonomy":"product_cat","embeddable":true,"href":"https:\/\/amafurni.vn\/en\/wp-json\/wp\/v2\/product_cat?post=4505"},{"taxonomy":"product_tag","embeddable":true,"href":"https:\/\/amafurni.vn\/en\/wp-json\/wp\/v2\/product_tag?post=4505"}],"curies":[{"name":"wp","href":"https:\/\/api.w.org\/{rel}","templated":true}]}}