{"id":4605,"date":"2023-12-07T13:43:50","date_gmt":"2023-12-07T06:43:50","guid":{"rendered":"https:\/\/amafurni.123websitedev.com\/san-pham\/ghe-ban-an-nordic-chan-num-dong-ama-ga014\/"},"modified":"2025-11-12T14:11:29","modified_gmt":"2025-11-12T07:11:29","slug":"ghe-ban-an-nordic-chan-num-dong-ama-ga014","status":"publish","type":"product","link":"https:\/\/amafurni.vn\/en\/product\/ghe-ban-an-nordic-chan-num-dong-ama-ga014\/","title":{"rendered":"Gh\u1ebf B\u00e0n \u0102n AMA-GA014"},"content":{"rendered":"<p>&nbsp;<\/p>\n<p>&nbsp;<\/p>\n<table class=\"woocommerce-product-attributes shop_attributes\" style=\"width: 100.406%;\" width=\"929\">\n<tbody>\n<tr class=\"woocommerce-product-attributes-item woocommerce-product-attributes-item--attribute_season\">\n<th class=\"woocommerce-product-attributes-item__label\" style=\"width: 17.3118%;\">Ch\u1ea5t li\u1ec7u<\/th>\n<td class=\"woocommerce-product-attributes-item__value\" style=\"width: 112.151%;\">M\u1eb7t n\u1ec7m b\u1ecdc da, Ch\u00e2n s\u1eaft s\u01a1n t\u0129nh \u0111i\u1ec7n b\u1ecdc n\u00fam \u0111\u1ed3ng.<\/td>\n<\/tr>\n<tr class=\"woocommerce-product-attributes-item woocommerce-product-attributes-item--attribute_pa_color\">\n<th class=\"woocommerce-product-attributes-item__label\" style=\"width: 17.3118%;\">Color<\/th>\n<td class=\"woocommerce-product-attributes-item__value\" style=\"width: 112.151%;\">Nhi\u1ec1u m\u00e0u<\/td>\n<\/tr>\n<tr class=\"woocommerce-product-attributes-item woocommerce-product-attributes-item--attribute_style\">\n<th class=\"woocommerce-product-attributes-item__label\" style=\"width: 17.3118%;\">K\u00edch th\u01b0\u1edbc<\/th>\n<td class=\"woocommerce-product-attributes-item__value\" style=\"width: 112.151%;\">\u0110ang c\u1eadp nh\u1eadt<\/td>\n<\/tr>\n<tr class=\"woocommerce-product-attributes-item woocommerce-product-attributes-item--attribute_pa_material\">\n<th class=\"woocommerce-product-attributes-item__label\" style=\"width: 17.3118%;\">T\u00ednh n\u0103ng<\/th>\n<td class=\"woocommerce-product-attributes-item__value\" style=\"width: 112.151%;\">Ng\u1ed3i c\u1ed1 \u0111\u1ecbnh<\/td>\n<\/tr>\n<tr class=\"woocommerce-product-attributes-item woocommerce-product-attributes-item--attribute_item-code\">\n<th class=\"woocommerce-product-attributes-item__label\" style=\"width: 17.3118%;\">B\u1ea3o h\u00e0nh<\/th>\n<td class=\"woocommerce-product-attributes-item__value\" style=\"width: 112.151%;\">\u00a006 th\u00e1ng<\/td>\n<\/tr>\n<\/tbody>\n<\/table>\n<p>&nbsp;<\/p>","protected":false},"excerpt":{"rendered":"<ul>\n<li data-spm-anchor-id=\"a2o4n.pdp_revamp.product_detail.i1.32df54ba4cOhaP\">Gh\u1ebf NORDIC ch\u00e2n n\u00fam \u0111\u1ed3ng v\u1edbi thi\u1ebft k\u1ebf thanh t\u00fa, hi\u1ec7n \u0111\u1ea1i th\u00edch h\u1ee3p s\u1eed d\u1ee5ng cho ph\u00f2ng \u0103n gia \u0111\u00ecnh, ph\u00f2ng kh\u00e1ch, b\u00e0n gh\u1ebf kh\u00e1ch s\u1ea1n&#8230; t\u00f4n t\u1ea1o kh\u00f4ng gian s\u1ed1ng \u0111\u1eb3ng c\u1ea5p, sang tr\u1ecdng.<\/li>\n<\/ul>\n<ul>\n<li>Phong c\u00e1ch gh\u1ebf hi\u1ec7n \u0111\u1ea1i ph\u00f9 h\u1ee3p v\u1edbi m\u1ecdi kh\u00f4ng gian.<\/li>\n<li>Gh\u1ebf \u0103n b\u1ecdc da cao c\u1ea5p \u1edf b\u1ec1 m\u1eb7t ti\u1ebfp x\u00fac<\/li>\n<li>Phong c\u00e1ch gh\u1ebf hi\u1ec7n \u0111\u1ea1i ph\u00f9 h\u1ee3p v\u1edbi m\u1ecdi kh\u00f4ng gian.<\/li>\n<li data-spm-anchor-id=\"a2o4n.pdp_revamp.product_detail.i2.32df54ba4cOhaP\">Ch\u00e2n gh\u1ebf thi\u1ebft k\u1ebf 4 s\u01a1n t\u0129nh \u0111i\u1ec7n \u0111en nh\u00e1m b\u1ecdc n\u00fam \u0111\u1ed3ng th\u1eddi trang d\u1ea1ng \u1ed1ng tr\u00f2n cao c\u1ea5p v\u1edbi \u0111\u1ed9 b\u1ec1n b\u1ec9 cao, b\u00e1m s\u00e0n t\u1ed1t kh\u00f4ng g\u00e2y tr\u01a1n tr\u01b0\u1ee3t v\u00e0 tr\u1ea7y x\u01b0\u1edbc xu\u1ed1ng n\u1ec1n nh\u00e0.<\/li>\n<\/ul>","protected":false},"featured_media":7410,"comment_status":"open","ping_status":"closed","template":"","meta":[],"product_cat":[62,98],"product_tag":[166],"yoast_head":"<!-- This site is optimized with the Yoast SEO Premium plugin v21.7 (Yoast SEO v21.7) - https:\/\/yoast.com\/wordpress\/plugins\/seo\/ -->\n<title>Gh\u1ebf B\u00e0n \u0102n AMA-GA014 - AMAFURNI<\/title>\n<meta name=\"robots\" content=\"index, follow, max-snippet:-1, max-image-preview:large, max-video-preview:-1\" \/>\n<link rel=\"canonical\" href=\"https:\/\/amafurni.vn\/en\/product\/ghe-ban-an-nordic-chan-num-dong-ama-ga014\/\" \/>\n<meta property=\"og:locale\" content=\"en_US\" \/>\n<meta property=\"og:type\" content=\"article\" \/>\n<meta property=\"og:title\" content=\"Gh\u1ebf B\u00e0n \u0102n AMA-GA014\" \/>\n<meta property=\"og:description\" content=\"Gh\u1ebf NORDIC ch\u00e2n n\u00fam \u0111\u1ed3ng v\u1edbi thi\u1ebft k\u1ebf thanh t\u00fa, hi\u1ec7n \u0111\u1ea1i th\u00edch h\u1ee3p s\u1eed d\u1ee5ng cho ph\u00f2ng \u0103n gia \u0111\u00ecnh, ph\u00f2ng kh\u00e1ch, b\u00e0n gh\u1ebf kh\u00e1ch s\u1ea1n... t\u00f4n t\u1ea1o kh\u00f4ng gian s\u1ed1ng \u0111\u1eb3ng c\u1ea5p, sang tr\u1ecdng.    Phong c\u00e1ch gh\u1ebf hi\u1ec7n \u0111\u1ea1i ph\u00f9 h\u1ee3p v\u1edbi m\u1ecdi kh\u00f4ng gian.  Gh\u1ebf \u0103n b\u1ecdc da cao c\u1ea5p \u1edf b\u1ec1 m\u1eb7t ti\u1ebfp x\u00fac  Phong c\u00e1ch gh\u1ebf hi\u1ec7n \u0111\u1ea1i ph\u00f9 h\u1ee3p v\u1edbi m\u1ecdi kh\u00f4ng gian.  Ch\u00e2n gh\u1ebf thi\u1ebft k\u1ebf 4 s\u01a1n t\u0129nh \u0111i\u1ec7n \u0111en nh\u00e1m b\u1ecdc n\u00fam \u0111\u1ed3ng th\u1eddi trang d\u1ea1ng \u1ed1ng tr\u00f2n cao c\u1ea5p v\u1edbi \u0111\u1ed9 b\u1ec1n b\u1ec9 cao, b\u00e1m s\u00e0n t\u1ed1t kh\u00f4ng g\u00e2y tr\u01a1n tr\u01b0\u1ee3t v\u00e0 tr\u1ea7y x\u01b0\u1edbc xu\u1ed1ng n\u1ec1n nh\u00e0.\" \/>\n<meta property=\"og:url\" content=\"https:\/\/amafurni.vn\/en\/product\/ghe-ban-an-nordic-chan-num-dong-ama-ga014\/\" \/>\n<meta property=\"og:site_name\" content=\"AMAFURNI\" \/>\n<meta property=\"article:modified_time\" content=\"2025-11-12T07:11:29+00:00\" \/>\n<meta property=\"og:image\" content=\"https:\/\/amafurni.vn\/wp-content\/uploads\/2023\/12\/z5018270560249_5209594ef691b95484bdd95aa6dbf469.jpg\" \/>\n\t<meta property=\"og:image:width\" content=\"800\" \/>\n\t<meta property=\"og:image:height\" content=\"800\" \/>\n\t<meta property=\"og:image:type\" content=\"image\/jpeg\" \/>\n<meta name=\"twitter:card\" content=\"summary_large_image\" \/>\n<meta name=\"twitter:label1\" content=\"Est. reading time\" \/>\n\t<meta name=\"twitter:data1\" content=\"1 minute\" \/>\n<script type=\"application\/ld+json\" class=\"yoast-schema-graph\">{\"@context\":\"https:\/\/schema.org\",\"@graph\":[{\"@type\":\"WebPage\",\"@id\":\"https:\/\/amafurni.vn\/san-pham\/ghe-ban-an-nordic-chan-num-dong-ama-ga014\/\",\"url\":\"https:\/\/amafurni.vn\/san-pham\/ghe-ban-an-nordic-chan-num-dong-ama-ga014\/\",\"name\":\"Gh\u1ebf B\u00e0n \u0102n AMA-GA014 - AMAFURNI\",\"isPartOf\":{\"@id\":\"https:\/\/amafurni.vn\/#website\"},\"datePublished\":\"2023-12-07T06:43:50+00:00\",\"dateModified\":\"2025-11-12T07:11:29+00:00\",\"breadcrumb\":{\"@id\":\"https:\/\/amafurni.vn\/san-pham\/ghe-ban-an-nordic-chan-num-dong-ama-ga014\/#breadcrumb\"},\"inLanguage\":\"en-US\",\"potentialAction\":[{\"@type\":\"ReadAction\",\"target\":[\"https:\/\/amafurni.vn\/san-pham\/ghe-ban-an-nordic-chan-num-dong-ama-ga014\/\"]}]},{\"@type\":\"BreadcrumbList\",\"@id\":\"https:\/\/amafurni.vn\/san-pham\/ghe-ban-an-nordic-chan-num-dong-ama-ga014\/#breadcrumb\",\"itemListElement\":[{\"@type\":\"ListItem\",\"position\":1,\"name\":\"Trang ch\u1ee7\",\"item\":\"https:\/\/amafurni.vn\/\"},{\"@type\":\"ListItem\",\"position\":2,\"name\":\"S\u1ea3n ph\u1ea9m\",\"item\":\"https:\/\/amafurni.vn\/san-pham\/\"},{\"@type\":\"ListItem\",\"position\":3,\"name\":\"Gh\u1ebf B\u00e0n \u0102n AMA-GA014\"}]},{\"@type\":\"WebSite\",\"@id\":\"https:\/\/amafurni.vn\/#website\",\"url\":\"https:\/\/amafurni.vn\/\",\"name\":\"AMAFURNI\",\"description\":\"\",\"potentialAction\":[{\"@type\":\"SearchAction\",\"target\":{\"@type\":\"EntryPoint\",\"urlTemplate\":\"https:\/\/amafurni.vn\/?s={search_term_string}\"},\"query-input\":\"required name=search_term_string\"}],\"inLanguage\":\"en-US\"}]}<\/script>\n<!-- \/ Yoast SEO Premium plugin. -->","yoast_head_json":{"title":"Gh\u1ebf B\u00e0n \u0102n AMA-GA014 - AMAFURNI","robots":{"index":"index","follow":"follow","max-snippet":"max-snippet:-1","max-image-preview":"max-image-preview:large","max-video-preview":"max-video-preview:-1"},"canonical":"https:\/\/amafurni.vn\/en\/product\/ghe-ban-an-nordic-chan-num-dong-ama-ga014\/","og_locale":"en_US","og_type":"article","og_title":"Gh\u1ebf B\u00e0n \u0102n AMA-GA014","og_description":"Gh\u1ebf NORDIC ch\u00e2n n\u00fam \u0111\u1ed3ng v\u1edbi thi\u1ebft k\u1ebf thanh t\u00fa, hi\u1ec7n \u0111\u1ea1i th\u00edch h\u1ee3p s\u1eed d\u1ee5ng cho ph\u00f2ng \u0103n gia \u0111\u00ecnh, ph\u00f2ng kh\u00e1ch, b\u00e0n gh\u1ebf kh\u00e1ch s\u1ea1n... t\u00f4n t\u1ea1o kh\u00f4ng gian s\u1ed1ng \u0111\u1eb3ng c\u1ea5p, sang tr\u1ecdng.    Phong c\u00e1ch gh\u1ebf hi\u1ec7n \u0111\u1ea1i ph\u00f9 h\u1ee3p v\u1edbi m\u1ecdi kh\u00f4ng gian.  Gh\u1ebf \u0103n b\u1ecdc da cao c\u1ea5p \u1edf b\u1ec1 m\u1eb7t ti\u1ebfp x\u00fac  Phong c\u00e1ch gh\u1ebf hi\u1ec7n \u0111\u1ea1i ph\u00f9 h\u1ee3p v\u1edbi m\u1ecdi kh\u00f4ng gian.  Ch\u00e2n gh\u1ebf thi\u1ebft k\u1ebf 4 s\u01a1n t\u0129nh \u0111i\u1ec7n \u0111en nh\u00e1m b\u1ecdc n\u00fam \u0111\u1ed3ng th\u1eddi trang d\u1ea1ng \u1ed1ng tr\u00f2n cao c\u1ea5p v\u1edbi \u0111\u1ed9 b\u1ec1n b\u1ec9 cao, b\u00e1m s\u00e0n t\u1ed1t kh\u00f4ng g\u00e2y tr\u01a1n tr\u01b0\u1ee3t v\u00e0 tr\u1ea7y x\u01b0\u1edbc xu\u1ed1ng n\u1ec1n nh\u00e0.","og_url":"https:\/\/amafurni.vn\/en\/product\/ghe-ban-an-nordic-chan-num-dong-ama-ga014\/","og_site_name":"AMAFURNI","article_modified_time":"2025-11-12T07:11:29+00:00","og_image":[{"width":800,"height":800,"url":"https:\/\/amafurni.vn\/wp-content\/uploads\/2023\/12\/z5018270560249_5209594ef691b95484bdd95aa6dbf469.jpg","type":"image\/jpeg"}],"twitter_card":"summary_large_image","twitter_misc":{"Est. reading time":"1 minute"},"schema":{"@context":"https:\/\/schema.org","@graph":[{"@type":"WebPage","@id":"https:\/\/amafurni.vn\/san-pham\/ghe-ban-an-nordic-chan-num-dong-ama-ga014\/","url":"https:\/\/amafurni.vn\/san-pham\/ghe-ban-an-nordic-chan-num-dong-ama-ga014\/","name":"Gh\u1ebf B\u00e0n \u0102n AMA-GA014 - AMAFURNI","isPartOf":{"@id":"https:\/\/amafurni.vn\/#website"},"datePublished":"2023-12-07T06:43:50+00:00","dateModified":"2025-11-12T07:11:29+00:00","breadcrumb":{"@id":"https:\/\/amafurni.vn\/san-pham\/ghe-ban-an-nordic-chan-num-dong-ama-ga014\/#breadcrumb"},"inLanguage":"en-US","potentialAction":[{"@type":"ReadAction","target":["https:\/\/amafurni.vn\/san-pham\/ghe-ban-an-nordic-chan-num-dong-ama-ga014\/"]}]},{"@type":"BreadcrumbList","@id":"https:\/\/amafurni.vn\/san-pham\/ghe-ban-an-nordic-chan-num-dong-ama-ga014\/#breadcrumb","itemListElement":[{"@type":"ListItem","position":1,"name":"Trang ch\u1ee7","item":"https:\/\/amafurni.vn\/"},{"@type":"ListItem","position":2,"name":"S\u1ea3n ph\u1ea9m","item":"https:\/\/amafurni.vn\/san-pham\/"},{"@type":"ListItem","position":3,"name":"Gh\u1ebf B\u00e0n \u0102n AMA-GA014"}]},{"@type":"WebSite","@id":"https:\/\/amafurni.vn\/#website","url":"https:\/\/amafurni.vn\/","name":"AMAFURNI","description":"","potentialAction":[{"@type":"SearchAction","target":{"@type":"EntryPoint","urlTemplate":"https:\/\/amafurni.vn\/?s={search_term_string}"},"query-input":"required name=search_term_string"}],"inLanguage":"en-US"}]}},"_links":{"self":[{"href":"https:\/\/amafurni.vn\/en\/wp-json\/wp\/v2\/product\/4605"}],"collection":[{"href":"https:\/\/amafurni.vn\/en\/wp-json\/wp\/v2\/product"}],"about":[{"href":"https:\/\/amafurni.vn\/en\/wp-json\/wp\/v2\/types\/product"}],"replies":[{"embeddable":true,"href":"https:\/\/amafurni.vn\/en\/wp-json\/wp\/v2\/comments?post=4605"}],"wp:featuredmedia":[{"embeddable":true,"href":"https:\/\/amafurni.vn\/en\/wp-json\/wp\/v2\/media\/7410"}],"wp:attachment":[{"href":"https:\/\/amafurni.vn\/en\/wp-json\/wp\/v2\/media?parent=4605"}],"wp:term":[{"taxonomy":"product_cat","embeddable":true,"href":"https:\/\/amafurni.vn\/en\/wp-json\/wp\/v2\/product_cat?post=4605"},{"taxonomy":"product_tag","embeddable":true,"href":"https:\/\/amafurni.vn\/en\/wp-json\/wp\/v2\/product_tag?post=4605"}],"curies":[{"name":"wp","href":"https:\/\/api.w.org\/{rel}","templated":true}]}}