{"id":4619,"date":"2023-12-07T13:44:48","date_gmt":"2023-12-07T06:44:48","guid":{"rendered":"https:\/\/amafurni.123websitedev.com\/san-pham\/ghe-ban-an-phong-cach-hien-dai-ama-627\/"},"modified":"2025-11-12T14:11:30","modified_gmt":"2025-11-12T07:11:30","slug":"ghe-ban-an-phong-cach-hien-dai-ama-627","status":"publish","type":"product","link":"https:\/\/amafurni.vn\/en\/product\/ghe-ban-an-phong-cach-hien-dai-ama-627\/","title":{"rendered":"Gh\u1ebf B\u00e0n \u0102n phong c\u00e1ch hi\u1ec7n \u0111\u1ea1i AMA-627"},"content":{"rendered":"<table border=\"1\" height=\"249\">\n<tbody><\/tbody>\n<tbody>\n<tr>\n<td><span><strong>Material<\/strong><\/span><\/td>\n<td>\n<p><span><strong>Size<\/strong><\/span><\/p>\n<p><span><strong>(D\u00e0i*R\u1ed9ng*cao)<\/strong><\/span><\/p>\n<\/td>\n<td><span><strong><span color=\"#ff0000\" face=\"times new roman, times, serif\">\u0110\u1eb7c \u0110i\u1ec3m<\/span><\/strong><\/span><\/td>\n<td><span><strong>M\u00e0u S\u1eafc<\/strong><\/span><\/td>\n<td><span><strong>Xu\u1ea5t X\u1ee9<\/strong><\/span><\/td>\n<td><span><strong>B\u1ea3o h\u00e0nh<\/strong><\/span><\/td>\n<\/tr>\n<tr>\n<td>\n<p>B\u1ecdc v\u1ea3i cao c\u1ea5p<\/p>\n<p>Ch\u00e2n Th\u00e9p S\u01a1n T\u0129nh \u0110i\u1ec7n\u00a0\u00a0<\/p>\n<\/td>\n<td>\n<p><span>49*58*89<\/span><\/p>\n<\/td>\n<td>\n<p><span>Gh\u1ebf c\u00f3 l\u01b0ng t\u1ef1a, \u0111\u1ec7m ng\u1ed3i b\u1ecdc\u00a0B\u1ecdc v\u1ea3i cao c\u1ea5p v\u00e0 ch\u00e2n th\u00e9p s\u01a1n t\u0129nh \u0111i\u1ec7n v\u1edbi k\u1ebft c\u1ea5u v\u1eefng ch\u1eafc.\u00a0<\/span><br \/><span>Gh\u1ebf \u0111\u01b0\u1ee3c thi\u1ebft k\u1ebf v\u1edbi d\u00e1ng v\u1ebb thanh l\u1ecbch hi\u1ec7n \u0111\u1ea1i v\u00e0 tinh t\u1ebf. Gh\u1ebf c\u00f3 \u0111\u1ed9 b\u1ec1n cao, s\u1eed d\u1ee5ng l\u00e2u d\u00e0i, c\u00f3 t\u00ednh th\u1ea9m m\u1ef9, t\u1ea1o s\u1ef1 tho\u1ea3i m\u00e1i.\u00a0Ma\u0300u s\u0103\u0301c gh\u1ebf trang nha\u0303, ba\u0323n co\u0301 th\u00ea\u0309 d\u00ea\u0303 da\u0300ng k\u00ea\u0301t h\u01a1\u0323p v\u01a1\u0301i ca\u0301c v\u00e2\u0323t du\u0323ng trang tri\u0301 n\u00f4\u0323i th\u00e2\u0301t kha\u0301c, gi\u00fap cho kh\u00f4ng gian pho\u0300ng b\u1ebfp cu\u0309a gia \u0111i\u0300nh th\u00eam ph\u1ea7n sang tr\u1ecdng.<\/span><\/p>\n<\/p>\n<\/td>\n<td>N\u00c2U, X\u00c1M, KEM<\/td>\n<td><span>H\u00e0ng nh\u1eadp ngo\u1ea1i<\/span><\/td>\n<td>\n<p><span>12 Th\u00e1ng<\/span><\/p>\n<\/td>\n<\/tr>\n<\/tbody>\n<\/table>","protected":false},"excerpt":{"rendered":"<p>Ch\u1ea5t Li\u1ec7u K\u00edch Th\u01b0\u1edbc (D\u00e0i*R\u1ed9ng*cao) \u0110\u1eb7c \u0110i\u1ec3m M\u00e0u S\u1eafc Xu\u1ea5t X\u1ee9 B\u1ea3o h\u00e0nh B\u1ecdc v\u1ea3i cao c\u1ea5p Ch\u00e2n Th\u00e9p S\u01a1n T\u0129nh \u0110i\u1ec7n\u00a0\u00a0 49*58*89 Gh\u1ebf c\u00f3 l\u01b0ng t\u1ef1a, \u0111\u1ec7m ng\u1ed3i b\u1ecdc\u00a0B\u1ecdc v\u1ea3i cao c\u1ea5p v\u00e0 ch\u00e2n th\u00e9p s\u01a1n t\u0129nh \u0111i\u1ec7n v\u1edbi k\u1ebft c\u1ea5u v\u1eefng ch\u1eafc.\u00a0Gh\u1ebf \u0111\u01b0\u1ee3c thi\u1ebft k\u1ebf v\u1edbi d\u00e1ng v\u1ebb thanh l\u1ecbch hi\u1ec7n \u0111\u1ea1i v\u00e0 [&hellip;]<\/p>","protected":false},"featured_media":4620,"comment_status":"open","ping_status":"closed","template":"","meta":[],"product_cat":[62,98],"product_tag":[],"yoast_head":"<!-- This site is optimized with the Yoast SEO Premium plugin v21.7 (Yoast SEO v21.7) - https:\/\/yoast.com\/wordpress\/plugins\/seo\/ -->\n<title>Gh\u1ebf B\u00e0n \u0102n phong c\u00e1ch hi\u1ec7n \u0111\u1ea1i AMA-627 - AMAFURNI<\/title>\n<meta name=\"robots\" content=\"index, follow, max-snippet:-1, max-image-preview:large, max-video-preview:-1\" \/>\n<link rel=\"canonical\" href=\"https:\/\/amafurni.vn\/en\/product\/ghe-ban-an-phong-cach-hien-dai-ama-627\/\" \/>\n<meta property=\"og:locale\" content=\"en_US\" \/>\n<meta property=\"og:type\" content=\"article\" \/>\n<meta property=\"og:title\" content=\"Gh\u1ebf B\u00e0n \u0102n phong c\u00e1ch hi\u1ec7n \u0111\u1ea1i AMA-627\" \/>\n<meta property=\"og:description\" content=\"Ch\u1ea5t Li\u1ec7u K\u00edch Th\u01b0\u1edbc (D\u00e0i*R\u1ed9ng*cao) \u0110\u1eb7c \u0110i\u1ec3m M\u00e0u S\u1eafc Xu\u1ea5t X\u1ee9 B\u1ea3o h\u00e0nh B\u1ecdc v\u1ea3i cao c\u1ea5p Ch\u00e2n Th\u00e9p S\u01a1n T\u0129nh \u0110i\u1ec7n\u00a0\u00a0 49*58*89 Gh\u1ebf c\u00f3 l\u01b0ng t\u1ef1a, \u0111\u1ec7m ng\u1ed3i b\u1ecdc\u00a0B\u1ecdc v\u1ea3i cao c\u1ea5p v\u00e0 ch\u00e2n th\u00e9p s\u01a1n t\u0129nh \u0111i\u1ec7n v\u1edbi k\u1ebft c\u1ea5u v\u1eefng ch\u1eafc.\u00a0Gh\u1ebf \u0111\u01b0\u1ee3c thi\u1ebft k\u1ebf v\u1edbi d\u00e1ng v\u1ebb thanh l\u1ecbch hi\u1ec7n \u0111\u1ea1i v\u00e0 [&hellip;]\" \/>\n<meta property=\"og:url\" content=\"https:\/\/amafurni.vn\/en\/product\/ghe-ban-an-phong-cach-hien-dai-ama-627\/\" \/>\n<meta property=\"og:site_name\" content=\"AMAFURNI\" \/>\n<meta property=\"article:modified_time\" content=\"2025-11-12T07:11:30+00:00\" \/>\n<meta property=\"og:image\" content=\"https:\/\/amafurni.vn\/wp-content\/uploads\/2023\/12\/ghe-ban-an-phong-cach-hien-dai-ama-627_657169e07b0b1.jpeg\" \/>\n\t<meta property=\"og:image:width\" content=\"800\" \/>\n\t<meta property=\"og:image:height\" content=\"800\" \/>\n\t<meta property=\"og:image:type\" content=\"image\/jpeg\" \/>\n<meta name=\"twitter:card\" content=\"summary_large_image\" \/>\n<meta name=\"twitter:label1\" content=\"Est. reading time\" \/>\n\t<meta name=\"twitter:data1\" content=\"1 minute\" \/>\n<script type=\"application\/ld+json\" class=\"yoast-schema-graph\">{\"@context\":\"https:\/\/schema.org\",\"@graph\":[{\"@type\":\"WebPage\",\"@id\":\"https:\/\/amafurni.vn\/san-pham\/ghe-ban-an-phong-cach-hien-dai-ama-627\/\",\"url\":\"https:\/\/amafurni.vn\/san-pham\/ghe-ban-an-phong-cach-hien-dai-ama-627\/\",\"name\":\"Gh\u1ebf B\u00e0n \u0102n phong c\u00e1ch hi\u1ec7n \u0111\u1ea1i AMA-627 - AMAFURNI\",\"isPartOf\":{\"@id\":\"https:\/\/amafurni.vn\/#website\"},\"datePublished\":\"2023-12-07T06:44:48+00:00\",\"dateModified\":\"2025-11-12T07:11:30+00:00\",\"breadcrumb\":{\"@id\":\"https:\/\/amafurni.vn\/san-pham\/ghe-ban-an-phong-cach-hien-dai-ama-627\/#breadcrumb\"},\"inLanguage\":\"en-US\",\"potentialAction\":[{\"@type\":\"ReadAction\",\"target\":[\"https:\/\/amafurni.vn\/san-pham\/ghe-ban-an-phong-cach-hien-dai-ama-627\/\"]}]},{\"@type\":\"BreadcrumbList\",\"@id\":\"https:\/\/amafurni.vn\/san-pham\/ghe-ban-an-phong-cach-hien-dai-ama-627\/#breadcrumb\",\"itemListElement\":[{\"@type\":\"ListItem\",\"position\":1,\"name\":\"Trang ch\u1ee7\",\"item\":\"https:\/\/amafurni.vn\/\"},{\"@type\":\"ListItem\",\"position\":2,\"name\":\"S\u1ea3n ph\u1ea9m\",\"item\":\"https:\/\/amafurni.vn\/san-pham\/\"},{\"@type\":\"ListItem\",\"position\":3,\"name\":\"Gh\u1ebf B\u00e0n \u0102n phong c\u00e1ch hi\u1ec7n \u0111\u1ea1i AMA-627\"}]},{\"@type\":\"WebSite\",\"@id\":\"https:\/\/amafurni.vn\/#website\",\"url\":\"https:\/\/amafurni.vn\/\",\"name\":\"AMAFURNI\",\"description\":\"\",\"potentialAction\":[{\"@type\":\"SearchAction\",\"target\":{\"@type\":\"EntryPoint\",\"urlTemplate\":\"https:\/\/amafurni.vn\/?s={search_term_string}\"},\"query-input\":\"required name=search_term_string\"}],\"inLanguage\":\"en-US\"}]}<\/script>\n<!-- \/ Yoast SEO Premium plugin. -->","yoast_head_json":{"title":"Gh\u1ebf B\u00e0n \u0102n phong c\u00e1ch hi\u1ec7n \u0111\u1ea1i AMA-627 - AMAFURNI","robots":{"index":"index","follow":"follow","max-snippet":"max-snippet:-1","max-image-preview":"max-image-preview:large","max-video-preview":"max-video-preview:-1"},"canonical":"https:\/\/amafurni.vn\/en\/product\/ghe-ban-an-phong-cach-hien-dai-ama-627\/","og_locale":"en_US","og_type":"article","og_title":"Gh\u1ebf B\u00e0n \u0102n phong c\u00e1ch hi\u1ec7n \u0111\u1ea1i AMA-627","og_description":"Ch\u1ea5t Li\u1ec7u K\u00edch Th\u01b0\u1edbc (D\u00e0i*R\u1ed9ng*cao) \u0110\u1eb7c \u0110i\u1ec3m M\u00e0u S\u1eafc Xu\u1ea5t X\u1ee9 B\u1ea3o h\u00e0nh B\u1ecdc v\u1ea3i cao c\u1ea5p Ch\u00e2n Th\u00e9p S\u01a1n T\u0129nh \u0110i\u1ec7n\u00a0\u00a0 49*58*89 Gh\u1ebf c\u00f3 l\u01b0ng t\u1ef1a, \u0111\u1ec7m ng\u1ed3i b\u1ecdc\u00a0B\u1ecdc v\u1ea3i cao c\u1ea5p v\u00e0 ch\u00e2n th\u00e9p s\u01a1n t\u0129nh \u0111i\u1ec7n v\u1edbi k\u1ebft c\u1ea5u v\u1eefng ch\u1eafc.\u00a0Gh\u1ebf \u0111\u01b0\u1ee3c thi\u1ebft k\u1ebf v\u1edbi d\u00e1ng v\u1ebb thanh l\u1ecbch hi\u1ec7n \u0111\u1ea1i v\u00e0 [&hellip;]","og_url":"https:\/\/amafurni.vn\/en\/product\/ghe-ban-an-phong-cach-hien-dai-ama-627\/","og_site_name":"AMAFURNI","article_modified_time":"2025-11-12T07:11:30+00:00","og_image":[{"width":800,"height":800,"url":"https:\/\/amafurni.vn\/wp-content\/uploads\/2023\/12\/ghe-ban-an-phong-cach-hien-dai-ama-627_657169e07b0b1.jpeg","type":"image\/jpeg"}],"twitter_card":"summary_large_image","twitter_misc":{"Est. reading time":"1 minute"},"schema":{"@context":"https:\/\/schema.org","@graph":[{"@type":"WebPage","@id":"https:\/\/amafurni.vn\/san-pham\/ghe-ban-an-phong-cach-hien-dai-ama-627\/","url":"https:\/\/amafurni.vn\/san-pham\/ghe-ban-an-phong-cach-hien-dai-ama-627\/","name":"Gh\u1ebf B\u00e0n \u0102n phong c\u00e1ch hi\u1ec7n \u0111\u1ea1i AMA-627 - AMAFURNI","isPartOf":{"@id":"https:\/\/amafurni.vn\/#website"},"datePublished":"2023-12-07T06:44:48+00:00","dateModified":"2025-11-12T07:11:30+00:00","breadcrumb":{"@id":"https:\/\/amafurni.vn\/san-pham\/ghe-ban-an-phong-cach-hien-dai-ama-627\/#breadcrumb"},"inLanguage":"en-US","potentialAction":[{"@type":"ReadAction","target":["https:\/\/amafurni.vn\/san-pham\/ghe-ban-an-phong-cach-hien-dai-ama-627\/"]}]},{"@type":"BreadcrumbList","@id":"https:\/\/amafurni.vn\/san-pham\/ghe-ban-an-phong-cach-hien-dai-ama-627\/#breadcrumb","itemListElement":[{"@type":"ListItem","position":1,"name":"Trang ch\u1ee7","item":"https:\/\/amafurni.vn\/"},{"@type":"ListItem","position":2,"name":"S\u1ea3n ph\u1ea9m","item":"https:\/\/amafurni.vn\/san-pham\/"},{"@type":"ListItem","position":3,"name":"Gh\u1ebf B\u00e0n \u0102n phong c\u00e1ch hi\u1ec7n \u0111\u1ea1i AMA-627"}]},{"@type":"WebSite","@id":"https:\/\/amafurni.vn\/#website","url":"https:\/\/amafurni.vn\/","name":"AMAFURNI","description":"","potentialAction":[{"@type":"SearchAction","target":{"@type":"EntryPoint","urlTemplate":"https:\/\/amafurni.vn\/?s={search_term_string}"},"query-input":"required name=search_term_string"}],"inLanguage":"en-US"}]}},"_links":{"self":[{"href":"https:\/\/amafurni.vn\/en\/wp-json\/wp\/v2\/product\/4619"}],"collection":[{"href":"https:\/\/amafurni.vn\/en\/wp-json\/wp\/v2\/product"}],"about":[{"href":"https:\/\/amafurni.vn\/en\/wp-json\/wp\/v2\/types\/product"}],"replies":[{"embeddable":true,"href":"https:\/\/amafurni.vn\/en\/wp-json\/wp\/v2\/comments?post=4619"}],"wp:featuredmedia":[{"embeddable":true,"href":"https:\/\/amafurni.vn\/en\/wp-json\/wp\/v2\/media\/4620"}],"wp:attachment":[{"href":"https:\/\/amafurni.vn\/en\/wp-json\/wp\/v2\/media?parent=4619"}],"wp:term":[{"taxonomy":"product_cat","embeddable":true,"href":"https:\/\/amafurni.vn\/en\/wp-json\/wp\/v2\/product_cat?post=4619"},{"taxonomy":"product_tag","embeddable":true,"href":"https:\/\/amafurni.vn\/en\/wp-json\/wp\/v2\/product_tag?post=4619"}],"curies":[{"name":"wp","href":"https:\/\/api.w.org\/{rel}","templated":true}]}}