{"id":4770,"date":"2023-12-07T14:24:22","date_gmt":"2023-12-07T07:24:22","guid":{"rendered":"https:\/\/amafurni.123websitedev.com\/san-pham\/ghe-tinh-nhan-sofa-tinh-nhan-ama-trentra-chair\/"},"modified":"2025-11-12T14:11:36","modified_gmt":"2025-11-12T07:11:36","slug":"ghe-tinh-nhan-sofa-tinh-nhan-ama-trentra-chair","status":"publish","type":"product","link":"https:\/\/amafurni.vn\/en\/product\/ghe-tinh-nhan-sofa-tinh-nhan-ama-trentra-chair\/","title":{"rendered":"AMA Trentra Chair love sofa"},"content":{"rendered":"<table border=\"1\" style=\"width: 1196px;\">\n<tbody><\/tbody>\n<tbody>\n<tr style=\"height: 39.6406px;\">\n<td style=\"text-align: center; width: 91px; height: 39.6406px;\"><span style=\"color: #ff0000; font-family: verdana, geneva, sans-serif;\"><strong>Material<\/strong><\/span><\/td>\n<td style=\"text-align: center; width: 114px; height: 39.6406px;\">\n<p><span style=\"color: #ff0000; font-family: verdana, geneva, sans-serif;\"><strong>Size<\/strong><\/span><\/p>\n<p><span style=\"color: #ff0000; font-family: verdana, geneva, sans-serif;\"><strong>(D\u00e0i*R\u1ed9ng*cao)<\/strong><\/span><\/p>\n<\/td>\n<td style=\"text-align: center; width: 651px; height: 39.6406px;\"><span style=\"color: #ff0000; font-family: verdana, geneva, sans-serif;\"><strong><span color=\"#ff0000\" face=\"times new roman, times, serif\">\u0110\u1eb7c \u0110i\u1ec3m<\/span><\/strong><\/span><\/td>\n<td style=\"text-align: center; width: 92.3281px; height: 39.6406px;\"><span style=\"color: #ff0000; font-family: verdana, geneva, sans-serif;\"><strong>M\u00e0u S\u1eafc<\/strong><\/span><\/td>\n<td style=\"text-align: center; width: 80.6719px; height: 39.6406px;\"><span style=\"color: #ff0000; font-family: verdana, geneva, sans-serif;\"><strong>Xu\u1ea5t X\u1ee9<\/strong><\/span><\/td>\n<td style=\"text-align: center; width: 55px; height: 39.6406px;\"><span style=\"color: #ff0000; font-family: verdana, geneva, sans-serif;\"><strong>B\u1ea3o h\u00e0nh<\/strong><\/span><\/td>\n<td style=\"text-align: center; width: 61px; height: 39.6406px;\"><span style=\"color: #ff0000; font-family: verdana, geneva, sans-serif;\"><strong>B\u1ed9 s\u1ea3n ph\u1ea9m g\u1ed3m<\/strong><\/span><\/td>\n<\/tr>\n<tr style=\"height: 397px;\">\n<td style=\"width: 91px; height: 397px;\">\n<p><span style=\"font-family: verdana, geneva, sans-serif;\">G\u1ed7 t\u1ef1 nhi\u00ean, PVC \/ V\u1ea2I<\/span><\/p>\n<\/td>\n<td style=\"width: 114px; height: 397px;\">\n<p><span style=\"font-family: verdana, geneva, sans-serif;\">1850*500*700<\/span><\/p>\n<\/td>\n<td style=\"width: 651px; height: 397px;\">\n<p><span style=\"font-family: verdana, geneva, sans-serif;\">Trong cu\u1ed9c s\u1ed1ng hi\u1ec7n \u0111\u1ea1i, T\u00ecnh d\u1ee5c l\u00e0 m\u1ed9t ch\u1ee7 \u0111\u1ec1 kh\u00f4ng c\u00f2n xa l\u1ea1 v\u00e0 \u0111\u01b0\u1ee3c nh\u00ecn nh\u1eadn kh\u00f4ng c\u00f2n kh\u1eafc khe nh\u01b0 tr\u01b0\u1edbc, nh\u1ea5t l\u00e0 \u1edf v\u0103n ho\u00e1 \u00c1 Ch\u00e2u n\u00f3i chung, Vi\u1ec7t Nam n\u00f3i ri\u00eang.<\/span><br \/><span style=\"font-family: verdana, geneva, sans-serif;\">Ai trong ch\u00fang ta c\u0169ng \u0111\u00e3 \u0111\u01b0\u1ee3c nghe, \u0111\u01b0\u1ee3c \u0111\u1ecdc r\u1ea5t nhi\u1ec1u c\u00e1c th\u00f4ng tin h\u1eefu \u00edch nh\u1eb1m mang l\u1ea1i ch\u1ea5t l\u01b0\u1ee3ng &#8221; cu\u1ed9c y\u00eau&#8221; \u1edf m\u1ee9c cao nh\u1ea5t.C\u00f2n ch\u00fang t\u00f4i s\u1ebd mang \u0111\u1ebfn cho c\u00e1c b\u1ea1n m\u1ed9t s\u1ea3n ph\u1ea9m n\u1ed9i th\u1ea5t,\u00a0\u00a0 m\u1ed9t &#8220;c\u00f4ng c\u1ee5 h\u1ed7 tr\u1ee3 t\u01b0 th\u1ebf &#8221; l\u1ea1, \u0111\u1ed9c \u0111\u00e1o \u0111\u01b0\u1ee3c du nh\u1eadp t\u1eeb ngo\u1ea1i qu\u1ed1c.<\/span><\/p>\n<p><span style=\"font-family: verdana, geneva, sans-serif;\">N\u1ebfu nh\u01b0 PVC mang l\u1ea1i m\u00e0u s\u1eafc d\u1ec5 ch\u1ecbu, \u0111\u1eb7c bi\u1ec7t d\u1ec5 d\u00e0ng v\u1ec7 sinh th\u00ec V\u1ea3i mang \u0111\u1ebfn x\u00fac gi\u00e1c s\u1ef1 tho\u1ea3i m\u00e1i v\u00e0 \u00eam \u00e1i.<br \/>Gh\u1ebf t\u00ecnh nh\u00e2n h\u1ed7 tr\u1ee3 tr\u00ean 24 t\u01b0 th\u1ebf ph\u00f2ng the, mang \u0111\u1ebfn cho b\u1ea1n s\u1ef1 ch\u1ecdn l\u1ef1a phong ph\u00fa.<br \/>N\u1ebfu nh\u01b0 tr\u01b0\u1edbc kia, t\u00ecnh d\u1ee5c l\u00e0 ch\u1ee7 \u0111\u1ec1 k\u00edn \u0111\u00e1o,\u00edt \u0111\u01b0\u1ee3c b\u00e0n lu\u1eadn v\u00e0 chia s\u1ebb, d\u1eabn \u0111\u1ebfn s\u1ef1 h\u1ea1n ch\u1ebf v\u1ec1 ki\u1ebfn th\u1ee9c, kinh nghi\u1ec7m, khi\u1ebfn b\u1ea1n bo\u0103n kho\u0103n v\u00e0 tr\u0103n tr\u1edf v\u00ec ch\u01b0a l\u00e0m \u0111\u1ed1i ph\u01b0\u01a1ng h\u00e0i l\u00f2ng hay tho\u1ea3 m\u00e3n nhu c\u1ea7u sinh l\u00fd thi\u1ebft y\u1ebfu.Th\u00ec ng\u00e0y nay, ngo\u00e0i vi\u1ec7c chia s\u1ebb v\u1edbi b\u1ea1n th\u00e2n, ng\u01b0\u1eddi tin t\u01b0\u1edfng tuy\u1ec7t \u0111\u1ed1i, c\u00e1c \u0111\u1ed3ng nghi\u1ec7p \u1edf c\u00f4ng s\u1edf c\u0169ng tho\u1ea3i m\u00e1i trong vi\u1ec7c chia s\u1ebb kinh nghi\u1ec7m v\u1edbi nhau.<br \/>Nh\u1eefng n\u01a1i quen thu\u1ed9c, nh\u1eefng \u0111\u1ed9ng t\u00e1c l\u1eb7p l\u1ea1i l\u00e2u d\u1ea7n s\u1ebd khi\u1ebfn b\u1ea1n c\u1ea3m th\u1ea5y nh\u00e0m ch\u00e1n.<br \/>B\u1ea1n mu\u1ed1n t\u00ecm ki\u1ebfm s\u1ef1 m\u1edbi m\u1ebb, m\u1ed9t v\u1eadt d\u1ee5ng h\u1ed7 tr\u1ee3 \u0111\u1ed9c \u0111\u00e1o, mang l\u1ea1i s\u1ef1 th\u00fa v\u1ecb cho \u0111\u1ed1i t\u00e1c ?<br \/>B\u1ea1n mu\u1ed1n \u0111\u1ea1t c\u1ef1c kho\u00e1i v\u00e0 \u0111\u1ec9nh \u0111i\u1ec3m c\u1ee7a s\u1ef1 sung s\u01b0\u1edbng ?<br \/>B\u1ea1n mu\u1ed1n th\u1ef1c h\u00e0nh nh\u1eefng t\u01b0 th\u1ebf kh\u00f3, m\u1edbi l\u1ea1 ?<br \/>GH\u1ebe T\u00ccNH NH\u00c2N SITME TRENTRA 01 s\u1ebd gi\u00fap b\u1ea1n gi\u1ea3i \u0111\u00e1p t\u1ea5t c\u1ea3 c\u00e1c c\u00e2u h\u1ecfi n\u00eau tr\u00ean.<br \/>GH\u1ebe T\u00ccNH NH\u00c2N SITME TRENTRA 01 \u0111\u1eb7c bi\u1ec7t th\u00edch h\u1ee3p v\u1edbi kh\u00f4ng gian\u00a0<strong>kh\u00e1ch s\u1ea1n,<\/strong>\u00a0nh\u00e0 ngh\u1ec9.<\/span><\/p>\n<\/td>\n<td style=\"width: 92.3281px; height: 397px;\">\n<p><span style=\"font-family: verdana, geneva, sans-serif;\">Nhi\u1ec1u m\u00e0u\/\u0111\u1eb7t theo y\u00eau c\u1ea7u<\/span><\/p>\n<\/td>\n<td style=\"width: 80.6719px; height: 397px;\"><span style=\"font-family: verdana, geneva, sans-serif;\">Vietnam<\/span><\/td>\n<td style=\"width: 55px; height: 397px;\">\n<p><span style=\"font-family: verdana, geneva, sans-serif;\">12 th\u00e1ng k\u1ef9 thu\u1eadt<\/span><\/p>\n<\/td>\n<td style=\"width: 61px; height: 397px;\">\n<p><span style=\"font-family: verdana, geneva, sans-serif;\">01 gh\u1ebf<\/span><\/p>\n<\/td>\n<\/tr>\n<\/tbody>\n<\/table>","protected":false},"excerpt":{"rendered":"<p>G\u1ed7 t\u1ef1 nhi\u00ean<br \/>\nPVC \/ V\u1ea2I<br \/>\nN\u1ec7m mousse D40<\/p>","protected":false},"featured_media":4771,"comment_status":"open","ping_status":"closed","template":"","meta":[],"product_cat":[63,92],"product_tag":[],"yoast_head":"<!-- This site is optimized with the Yoast SEO Premium plugin v21.7 (Yoast SEO v21.7) - https:\/\/yoast.com\/wordpress\/plugins\/seo\/ -->\n<title>Gh\u1ebf t\u00ecnh nh\u00e2n sofa t\u00ecnh nh\u00e2n AMA Trentra Chair - AMAFURNI<\/title>\n<meta name=\"robots\" content=\"index, follow, max-snippet:-1, max-image-preview:large, max-video-preview:-1\" \/>\n<link rel=\"canonical\" href=\"https:\/\/amafurni.vn\/en\/product\/ghe-tinh-nhan-sofa-tinh-nhan-ama-trentra-chair\/\" \/>\n<meta property=\"og:locale\" content=\"en_US\" \/>\n<meta property=\"og:type\" content=\"article\" \/>\n<meta property=\"og:title\" content=\"Gh\u1ebf t\u00ecnh nh\u00e2n sofa t\u00ecnh nh\u00e2n AMA Trentra Chair\" \/>\n<meta property=\"og:description\" content=\"G\u1ed7 t\u1ef1 nhi\u00ean PVC \/ V\u1ea2I N\u1ec7m mousse D40\" \/>\n<meta property=\"og:url\" content=\"https:\/\/amafurni.vn\/en\/product\/ghe-tinh-nhan-sofa-tinh-nhan-ama-trentra-chair\/\" \/>\n<meta property=\"og:site_name\" content=\"AMAFURNI\" \/>\n<meta property=\"article:modified_time\" content=\"2025-11-12T07:11:36+00:00\" \/>\n<meta property=\"og:image\" content=\"https:\/\/amafurni.vn\/wp-content\/uploads\/2023\/12\/ghe-tinh-nhan-sofa-tinh-nhan-ama-trentra-chair_6571732696b5b.jpeg\" \/>\n\t<meta property=\"og:image:width\" content=\"800\" \/>\n\t<meta property=\"og:image:height\" content=\"800\" \/>\n\t<meta property=\"og:image:type\" content=\"image\/jpeg\" \/>\n<meta name=\"twitter:card\" content=\"summary_large_image\" \/>\n<meta name=\"twitter:label1\" content=\"Est. reading time\" \/>\n\t<meta name=\"twitter:data1\" content=\"3 minutes\" \/>\n<script type=\"application\/ld+json\" class=\"yoast-schema-graph\">{\"@context\":\"https:\/\/schema.org\",\"@graph\":[{\"@type\":\"WebPage\",\"@id\":\"https:\/\/amafurni.vn\/san-pham\/ghe-tinh-nhan-sofa-tinh-nhan-ama-trentra-chair\/\",\"url\":\"https:\/\/amafurni.vn\/san-pham\/ghe-tinh-nhan-sofa-tinh-nhan-ama-trentra-chair\/\",\"name\":\"Gh\u1ebf t\u00ecnh nh\u00e2n sofa t\u00ecnh nh\u00e2n AMA Trentra Chair - AMAFURNI\",\"isPartOf\":{\"@id\":\"https:\/\/amafurni.vn\/#website\"},\"datePublished\":\"2023-12-07T07:24:22+00:00\",\"dateModified\":\"2025-11-12T07:11:36+00:00\",\"breadcrumb\":{\"@id\":\"https:\/\/amafurni.vn\/san-pham\/ghe-tinh-nhan-sofa-tinh-nhan-ama-trentra-chair\/#breadcrumb\"},\"inLanguage\":\"en-US\",\"potentialAction\":[{\"@type\":\"ReadAction\",\"target\":[\"https:\/\/amafurni.vn\/san-pham\/ghe-tinh-nhan-sofa-tinh-nhan-ama-trentra-chair\/\"]}]},{\"@type\":\"BreadcrumbList\",\"@id\":\"https:\/\/amafurni.vn\/san-pham\/ghe-tinh-nhan-sofa-tinh-nhan-ama-trentra-chair\/#breadcrumb\",\"itemListElement\":[{\"@type\":\"ListItem\",\"position\":1,\"name\":\"Trang ch\u1ee7\",\"item\":\"https:\/\/amafurni.vn\/\"},{\"@type\":\"ListItem\",\"position\":2,\"name\":\"S\u1ea3n ph\u1ea9m\",\"item\":\"https:\/\/amafurni.vn\/san-pham\/\"},{\"@type\":\"ListItem\",\"position\":3,\"name\":\"Gh\u1ebf t\u00ecnh nh\u00e2n sofa t\u00ecnh nh\u00e2n AMA Trentra Chair\"}]},{\"@type\":\"WebSite\",\"@id\":\"https:\/\/amafurni.vn\/#website\",\"url\":\"https:\/\/amafurni.vn\/\",\"name\":\"AMAFURNI\",\"description\":\"\",\"potentialAction\":[{\"@type\":\"SearchAction\",\"target\":{\"@type\":\"EntryPoint\",\"urlTemplate\":\"https:\/\/amafurni.vn\/?s={search_term_string}\"},\"query-input\":\"required name=search_term_string\"}],\"inLanguage\":\"en-US\"}]}<\/script>\n<!-- \/ Yoast SEO Premium plugin. -->","yoast_head_json":{"title":"Gh\u1ebf t\u00ecnh nh\u00e2n sofa t\u00ecnh nh\u00e2n AMA Trentra Chair - AMAFURNI","robots":{"index":"index","follow":"follow","max-snippet":"max-snippet:-1","max-image-preview":"max-image-preview:large","max-video-preview":"max-video-preview:-1"},"canonical":"https:\/\/amafurni.vn\/en\/product\/ghe-tinh-nhan-sofa-tinh-nhan-ama-trentra-chair\/","og_locale":"en_US","og_type":"article","og_title":"Gh\u1ebf t\u00ecnh nh\u00e2n sofa t\u00ecnh nh\u00e2n AMA Trentra Chair","og_description":"G\u1ed7 t\u1ef1 nhi\u00ean PVC \/ V\u1ea2I N\u1ec7m mousse D40","og_url":"https:\/\/amafurni.vn\/en\/product\/ghe-tinh-nhan-sofa-tinh-nhan-ama-trentra-chair\/","og_site_name":"AMAFURNI","article_modified_time":"2025-11-12T07:11:36+00:00","og_image":[{"width":800,"height":800,"url":"https:\/\/amafurni.vn\/wp-content\/uploads\/2023\/12\/ghe-tinh-nhan-sofa-tinh-nhan-ama-trentra-chair_6571732696b5b.jpeg","type":"image\/jpeg"}],"twitter_card":"summary_large_image","twitter_misc":{"Est. reading time":"3 minutes"},"schema":{"@context":"https:\/\/schema.org","@graph":[{"@type":"WebPage","@id":"https:\/\/amafurni.vn\/san-pham\/ghe-tinh-nhan-sofa-tinh-nhan-ama-trentra-chair\/","url":"https:\/\/amafurni.vn\/san-pham\/ghe-tinh-nhan-sofa-tinh-nhan-ama-trentra-chair\/","name":"Gh\u1ebf t\u00ecnh nh\u00e2n sofa t\u00ecnh nh\u00e2n AMA Trentra Chair - AMAFURNI","isPartOf":{"@id":"https:\/\/amafurni.vn\/#website"},"datePublished":"2023-12-07T07:24:22+00:00","dateModified":"2025-11-12T07:11:36+00:00","breadcrumb":{"@id":"https:\/\/amafurni.vn\/san-pham\/ghe-tinh-nhan-sofa-tinh-nhan-ama-trentra-chair\/#breadcrumb"},"inLanguage":"en-US","potentialAction":[{"@type":"ReadAction","target":["https:\/\/amafurni.vn\/san-pham\/ghe-tinh-nhan-sofa-tinh-nhan-ama-trentra-chair\/"]}]},{"@type":"BreadcrumbList","@id":"https:\/\/amafurni.vn\/san-pham\/ghe-tinh-nhan-sofa-tinh-nhan-ama-trentra-chair\/#breadcrumb","itemListElement":[{"@type":"ListItem","position":1,"name":"Trang ch\u1ee7","item":"https:\/\/amafurni.vn\/"},{"@type":"ListItem","position":2,"name":"S\u1ea3n ph\u1ea9m","item":"https:\/\/amafurni.vn\/san-pham\/"},{"@type":"ListItem","position":3,"name":"Gh\u1ebf t\u00ecnh nh\u00e2n sofa t\u00ecnh nh\u00e2n AMA Trentra Chair"}]},{"@type":"WebSite","@id":"https:\/\/amafurni.vn\/#website","url":"https:\/\/amafurni.vn\/","name":"AMAFURNI","description":"","potentialAction":[{"@type":"SearchAction","target":{"@type":"EntryPoint","urlTemplate":"https:\/\/amafurni.vn\/?s={search_term_string}"},"query-input":"required name=search_term_string"}],"inLanguage":"en-US"}]}},"_links":{"self":[{"href":"https:\/\/amafurni.vn\/en\/wp-json\/wp\/v2\/product\/4770"}],"collection":[{"href":"https:\/\/amafurni.vn\/en\/wp-json\/wp\/v2\/product"}],"about":[{"href":"https:\/\/amafurni.vn\/en\/wp-json\/wp\/v2\/types\/product"}],"replies":[{"embeddable":true,"href":"https:\/\/amafurni.vn\/en\/wp-json\/wp\/v2\/comments?post=4770"}],"wp:featuredmedia":[{"embeddable":true,"href":"https:\/\/amafurni.vn\/en\/wp-json\/wp\/v2\/media\/4771"}],"wp:attachment":[{"href":"https:\/\/amafurni.vn\/en\/wp-json\/wp\/v2\/media?parent=4770"}],"wp:term":[{"taxonomy":"product_cat","embeddable":true,"href":"https:\/\/amafurni.vn\/en\/wp-json\/wp\/v2\/product_cat?post=4770"},{"taxonomy":"product_tag","embeddable":true,"href":"https:\/\/amafurni.vn\/en\/wp-json\/wp\/v2\/product_tag?post=4770"}],"curies":[{"name":"wp","href":"https:\/\/api.w.org\/{rel}","templated":true}]}}