{"id":4774,"date":"2023-12-07T15:03:21","date_gmt":"2023-12-07T08:03:21","guid":{"rendered":"https:\/\/amafurni.123websitedev.com\/san-pham\/ghe-cafe-nhua-chan-sat-nhieu-mau-ama-cf21\/"},"modified":"2025-11-12T14:11:36","modified_gmt":"2025-11-12T07:11:36","slug":"ghe-cafe-nhua-chan-sat-nhieu-mau-ama-cf21","status":"publish","type":"product","link":"https:\/\/amafurni.vn\/en\/product\/ghe-cafe-nhua-chan-sat-nhieu-mau-ama-cf21\/","title":{"rendered":"Gh\u1ebf Cafe Nh\u1ef1a Ch\u00e2n S\u1eaft Nhi\u1ec1u M\u00e0u AMA-CF21"},"content":{"rendered":"<table border=\"1\" height=\"321\">\n<tbody><\/tbody>\n<tbody>\n<tr>\n<td><span><strong>Material<\/strong><\/span><\/td>\n<td><span><strong>T\u00ednh N\u0103ng<\/strong><\/span><\/td>\n<td><span><strong>M\u00e0u S\u1eafc<\/strong><\/span><\/td>\n<td><span><strong>Xu\u1ea5t X\u1ee9<\/strong><\/span><\/td>\n<td><span><strong>B\u1ea3o h\u00e0nh<\/strong><\/span><\/td>\n<\/tr>\n<tr>\n<td>\n<p><strong>T\u00ean s\u1ea3n ph\u1ea9m:<\/strong>\u00a0Gh\u1ebf Cafe Nh\u1ef1a Ch\u00e2n G\u1ed7 Nhi\u1ec1u M\u00e0u<\/p>\n<p><strong>K\u00edch th\u01b0\u1edbc:<span>\u00a0<\/span><\/strong>45*53*81cm<\/p>\n<p><strong>M\u00e0u s\u1eafc: NH\u1ec0U M\u00c0U\u00a0<\/strong><\/p>\n<p><strong>Ch\u1ea5t li\u1ec7u:<\/strong>\u00a0N<span>h\u1ef1a \u0111\u00fac PP nguy\u00ean kh\u1ed1i, ch\u00e2n s\u1eaft s\u01a1n t\u0129nh \u0111i\u1ec7n\/inox<\/span><\/p>\n<p><strong>Xu\u1ea5t x\u1ee9:\u00a0<\/strong>H\u00e0ng nh\u1eadp kh\u1ea9u 100%<\/p>\n<\/td>\n<td>\n<p>&#8211;\u00a0<span>Gh\u1ebf cafe\u00a0 Kh\u00f4ng tay, ph\u00f9 h\u1ee3p cho kh\u00f4ng gian ph\u00f2ng b\u1ebfp, nh\u00e0 h\u00e0ng, qu\u00e1n cafe ho\u1eb7c khu v\u1ef1c ti\u1ebfp kh\u00e1ch \u1edf c\u00e1c v\u0103n ph\u00f2ng c\u00f4ng.<\/span><\/p>\n<ul>\n<li>Ki\u1ec3u d\u00e1ng ch\u00e2n x\u00f2e, \u0111\u01b0\u1ee3c gia c\u00f4ng ch\u1eafc ch\u1eafn, c\u1ea9n th\u1eadn. \u0110i\u1ec3m nh\u1ea5n l\u00e0 nh\u1eefng h\u00e0ng n\u00fat r\u1ea5t ki\u1ec3u c\u00e1ch.<\/li>\n<li>D\u1ec5 d\u00e0ng ph\u1ed1i h\u1ee3p v\u00e0 b\u00e0i tr\u00ed v\u1edbi c\u00e1c s\u1ea3n ph\u1ea9m n\u1ed9i th\u1ea5t kh\u00e1c.<\/li>\n<li>Kh\u1ed1i l\u01b0\u1ee3ng nh\u1eb9 v\u00e0 ki\u1ec3u d\u00e1ng thon g\u1ecdn, d\u1ec5 d\u00e0ng di chuy\u1ec3n m\u1ecdi n\u01a1i.<\/li>\n<li>M\u00e0u s\u1eafc \u0111a d\u1ea1ng cho kh\u00e1ch h\u00e0ng l\u1ef1a ch\u1ecdn.<\/li>\n<\/ul>\n<\/td>\n<td>\u00a0NHI\u1ec0U M\u00c0U<\/td>\n<td>Nh\u1eadp Ngo\u1ea1i<\/td>\n<td>12 Th\u00e1ng t\u1ea5t c\u1ea3 l\u1ed7i k\u0129 thu\u1eadt.<\/td>\n<\/tr>\n<\/tbody>\n<\/table>","protected":false},"excerpt":{"rendered":"<p>&#8211;\u00a0Gh\u1ebf cafe\u00a0 Kh\u00f4ng tay, ph\u00f9 h\u1ee3p cho kh\u00f4ng gian ph\u00f2ng b\u1ebfp, nh\u00e0 h\u00e0ng, qu\u00e1n cafe ho\u1eb7c khu v\u1ef1c ti\u1ebfp kh\u00e1ch \u1edf c\u00e1c v\u0103n ph\u00f2ng c\u00f4ng.<br \/>\nKi\u1ec3u d\u00e1ng ch\u00e2n x\u00f2e, \u0111\u01b0\u1ee3c gia c\u00f4ng ch\u1eafc ch\u1eafn, c\u1ea9n th\u1eadn. \u0110i\u1ec3m nh\u1ea5n l\u00e0 nh\u1eefng h\u00e0ng n\u00fat r\u1ea5t ki\u1ec3u c\u00e1ch.<br \/>\nD\u1ec5 d\u00e0ng ph\u1ed1i h\u1ee3p v\u00e0 b\u00e0i tr\u00ed v\u1edbi c\u00e1c s\u1ea3n ph\u1ea9m n\u1ed9i th\u1ea5t kh\u00e1c.<br \/>\nKh\u1ed1i l\u01b0\u1ee3ng nh\u1eb9 v\u00e0 ki\u1ec3u d\u00e1ng thon g\u1ecdn, d\u1ec5 d\u00e0ng di chuy\u1ec3n m\u1ecdi n\u01a1i.<br \/>\nM\u00e0u s\u1eafc \u0111a d\u1ea1ng cho kh\u00e1ch h\u00e0ng l\u1ef1a ch\u1ecdn.<\/p>","protected":false},"featured_media":4775,"comment_status":"open","ping_status":"closed","template":"","meta":[],"product_cat":[100,103],"product_tag":[],"yoast_head":"<!-- This site is optimized with the Yoast SEO Premium plugin v21.7 (Yoast SEO v21.7) - https:\/\/yoast.com\/wordpress\/plugins\/seo\/ -->\n<title>Gh\u1ebf Cafe Nh\u1ef1a Ch\u00e2n S\u1eaft Nhi\u1ec1u M\u00e0u AMA-CF21 - AMAFURNI<\/title>\n<meta name=\"robots\" content=\"index, follow, max-snippet:-1, max-image-preview:large, max-video-preview:-1\" \/>\n<link rel=\"canonical\" href=\"https:\/\/amafurni.vn\/en\/product\/ghe-cafe-nhua-chan-sat-nhieu-mau-ama-cf21\/\" \/>\n<meta property=\"og:locale\" content=\"en_US\" \/>\n<meta property=\"og:type\" content=\"article\" \/>\n<meta property=\"og:title\" content=\"Gh\u1ebf Cafe Nh\u1ef1a Ch\u00e2n S\u1eaft Nhi\u1ec1u M\u00e0u AMA-CF21\" \/>\n<meta property=\"og:description\" content=\"-\u00a0Gh\u1ebf cafe\u00a0 Kh\u00f4ng tay, ph\u00f9 h\u1ee3p cho kh\u00f4ng gian ph\u00f2ng b\u1ebfp, nh\u00e0 h\u00e0ng, qu\u00e1n cafe ho\u1eb7c khu v\u1ef1c ti\u1ebfp kh\u00e1ch \u1edf c\u00e1c v\u0103n ph\u00f2ng c\u00f4ng. Ki\u1ec3u d\u00e1ng ch\u00e2n x\u00f2e, \u0111\u01b0\u1ee3c gia c\u00f4ng ch\u1eafc ch\u1eafn, c\u1ea9n th\u1eadn. \u0110i\u1ec3m nh\u1ea5n l\u00e0 nh\u1eefng h\u00e0ng n\u00fat r\u1ea5t ki\u1ec3u c\u00e1ch. D\u1ec5 d\u00e0ng ph\u1ed1i h\u1ee3p v\u00e0 b\u00e0i tr\u00ed v\u1edbi c\u00e1c s\u1ea3n ph\u1ea9m n\u1ed9i th\u1ea5t kh\u00e1c. Kh\u1ed1i l\u01b0\u1ee3ng nh\u1eb9 v\u00e0 ki\u1ec3u d\u00e1ng thon g\u1ecdn, d\u1ec5 d\u00e0ng di chuy\u1ec3n m\u1ecdi n\u01a1i. M\u00e0u s\u1eafc \u0111a d\u1ea1ng cho kh\u00e1ch h\u00e0ng l\u1ef1a ch\u1ecdn.\" \/>\n<meta property=\"og:url\" content=\"https:\/\/amafurni.vn\/en\/product\/ghe-cafe-nhua-chan-sat-nhieu-mau-ama-cf21\/\" \/>\n<meta property=\"og:site_name\" content=\"AMAFURNI\" \/>\n<meta property=\"article:modified_time\" content=\"2025-11-12T07:11:36+00:00\" \/>\n<meta property=\"og:image\" content=\"https:\/\/amafurni.vn\/wp-content\/uploads\/2023\/12\/ghe-cafe-nhua-chan-sat-nhieu-mau-ama-cf21_657174f9a7060.jpeg\" \/>\n\t<meta property=\"og:image:width\" content=\"800\" \/>\n\t<meta property=\"og:image:height\" content=\"800\" \/>\n\t<meta property=\"og:image:type\" content=\"image\/jpeg\" \/>\n<meta name=\"twitter:card\" content=\"summary_large_image\" \/>\n<meta name=\"twitter:label1\" content=\"Est. reading time\" \/>\n\t<meta name=\"twitter:data1\" content=\"1 minute\" \/>\n<script type=\"application\/ld+json\" class=\"yoast-schema-graph\">{\"@context\":\"https:\/\/schema.org\",\"@graph\":[{\"@type\":\"WebPage\",\"@id\":\"https:\/\/amafurni.vn\/san-pham\/ghe-cafe-nhua-chan-sat-nhieu-mau-ama-cf21\/\",\"url\":\"https:\/\/amafurni.vn\/san-pham\/ghe-cafe-nhua-chan-sat-nhieu-mau-ama-cf21\/\",\"name\":\"Gh\u1ebf Cafe Nh\u1ef1a Ch\u00e2n S\u1eaft Nhi\u1ec1u M\u00e0u AMA-CF21 - AMAFURNI\",\"isPartOf\":{\"@id\":\"https:\/\/amafurni.vn\/#website\"},\"datePublished\":\"2023-12-07T08:03:21+00:00\",\"dateModified\":\"2025-11-12T07:11:36+00:00\",\"breadcrumb\":{\"@id\":\"https:\/\/amafurni.vn\/san-pham\/ghe-cafe-nhua-chan-sat-nhieu-mau-ama-cf21\/#breadcrumb\"},\"inLanguage\":\"en-US\",\"potentialAction\":[{\"@type\":\"ReadAction\",\"target\":[\"https:\/\/amafurni.vn\/san-pham\/ghe-cafe-nhua-chan-sat-nhieu-mau-ama-cf21\/\"]}]},{\"@type\":\"BreadcrumbList\",\"@id\":\"https:\/\/amafurni.vn\/san-pham\/ghe-cafe-nhua-chan-sat-nhieu-mau-ama-cf21\/#breadcrumb\",\"itemListElement\":[{\"@type\":\"ListItem\",\"position\":1,\"name\":\"Trang ch\u1ee7\",\"item\":\"https:\/\/amafurni.vn\/\"},{\"@type\":\"ListItem\",\"position\":2,\"name\":\"S\u1ea3n ph\u1ea9m\",\"item\":\"https:\/\/amafurni.vn\/san-pham\/\"},{\"@type\":\"ListItem\",\"position\":3,\"name\":\"Gh\u1ebf Cafe Nh\u1ef1a Ch\u00e2n S\u1eaft Nhi\u1ec1u M\u00e0u AMA-CF21\"}]},{\"@type\":\"WebSite\",\"@id\":\"https:\/\/amafurni.vn\/#website\",\"url\":\"https:\/\/amafurni.vn\/\",\"name\":\"AMAFURNI\",\"description\":\"\",\"potentialAction\":[{\"@type\":\"SearchAction\",\"target\":{\"@type\":\"EntryPoint\",\"urlTemplate\":\"https:\/\/amafurni.vn\/?s={search_term_string}\"},\"query-input\":\"required name=search_term_string\"}],\"inLanguage\":\"en-US\"}]}<\/script>\n<!-- \/ Yoast SEO Premium plugin. -->","yoast_head_json":{"title":"Gh\u1ebf Cafe Nh\u1ef1a Ch\u00e2n S\u1eaft Nhi\u1ec1u M\u00e0u AMA-CF21 - AMAFURNI","robots":{"index":"index","follow":"follow","max-snippet":"max-snippet:-1","max-image-preview":"max-image-preview:large","max-video-preview":"max-video-preview:-1"},"canonical":"https:\/\/amafurni.vn\/en\/product\/ghe-cafe-nhua-chan-sat-nhieu-mau-ama-cf21\/","og_locale":"en_US","og_type":"article","og_title":"Gh\u1ebf Cafe Nh\u1ef1a Ch\u00e2n S\u1eaft Nhi\u1ec1u M\u00e0u AMA-CF21","og_description":"-\u00a0Gh\u1ebf cafe\u00a0 Kh\u00f4ng tay, ph\u00f9 h\u1ee3p cho kh\u00f4ng gian ph\u00f2ng b\u1ebfp, nh\u00e0 h\u00e0ng, qu\u00e1n cafe ho\u1eb7c khu v\u1ef1c ti\u1ebfp kh\u00e1ch \u1edf c\u00e1c v\u0103n ph\u00f2ng c\u00f4ng. Ki\u1ec3u d\u00e1ng ch\u00e2n x\u00f2e, \u0111\u01b0\u1ee3c gia c\u00f4ng ch\u1eafc ch\u1eafn, c\u1ea9n th\u1eadn. \u0110i\u1ec3m nh\u1ea5n l\u00e0 nh\u1eefng h\u00e0ng n\u00fat r\u1ea5t ki\u1ec3u c\u00e1ch. D\u1ec5 d\u00e0ng ph\u1ed1i h\u1ee3p v\u00e0 b\u00e0i tr\u00ed v\u1edbi c\u00e1c s\u1ea3n ph\u1ea9m n\u1ed9i th\u1ea5t kh\u00e1c. Kh\u1ed1i l\u01b0\u1ee3ng nh\u1eb9 v\u00e0 ki\u1ec3u d\u00e1ng thon g\u1ecdn, d\u1ec5 d\u00e0ng di chuy\u1ec3n m\u1ecdi n\u01a1i. M\u00e0u s\u1eafc \u0111a d\u1ea1ng cho kh\u00e1ch h\u00e0ng l\u1ef1a ch\u1ecdn.","og_url":"https:\/\/amafurni.vn\/en\/product\/ghe-cafe-nhua-chan-sat-nhieu-mau-ama-cf21\/","og_site_name":"AMAFURNI","article_modified_time":"2025-11-12T07:11:36+00:00","og_image":[{"width":800,"height":800,"url":"https:\/\/amafurni.vn\/wp-content\/uploads\/2023\/12\/ghe-cafe-nhua-chan-sat-nhieu-mau-ama-cf21_657174f9a7060.jpeg","type":"image\/jpeg"}],"twitter_card":"summary_large_image","twitter_misc":{"Est. reading time":"1 minute"},"schema":{"@context":"https:\/\/schema.org","@graph":[{"@type":"WebPage","@id":"https:\/\/amafurni.vn\/san-pham\/ghe-cafe-nhua-chan-sat-nhieu-mau-ama-cf21\/","url":"https:\/\/amafurni.vn\/san-pham\/ghe-cafe-nhua-chan-sat-nhieu-mau-ama-cf21\/","name":"Gh\u1ebf Cafe Nh\u1ef1a Ch\u00e2n S\u1eaft Nhi\u1ec1u M\u00e0u AMA-CF21 - AMAFURNI","isPartOf":{"@id":"https:\/\/amafurni.vn\/#website"},"datePublished":"2023-12-07T08:03:21+00:00","dateModified":"2025-11-12T07:11:36+00:00","breadcrumb":{"@id":"https:\/\/amafurni.vn\/san-pham\/ghe-cafe-nhua-chan-sat-nhieu-mau-ama-cf21\/#breadcrumb"},"inLanguage":"en-US","potentialAction":[{"@type":"ReadAction","target":["https:\/\/amafurni.vn\/san-pham\/ghe-cafe-nhua-chan-sat-nhieu-mau-ama-cf21\/"]}]},{"@type":"BreadcrumbList","@id":"https:\/\/amafurni.vn\/san-pham\/ghe-cafe-nhua-chan-sat-nhieu-mau-ama-cf21\/#breadcrumb","itemListElement":[{"@type":"ListItem","position":1,"name":"Trang ch\u1ee7","item":"https:\/\/amafurni.vn\/"},{"@type":"ListItem","position":2,"name":"S\u1ea3n ph\u1ea9m","item":"https:\/\/amafurni.vn\/san-pham\/"},{"@type":"ListItem","position":3,"name":"Gh\u1ebf Cafe Nh\u1ef1a Ch\u00e2n S\u1eaft Nhi\u1ec1u M\u00e0u AMA-CF21"}]},{"@type":"WebSite","@id":"https:\/\/amafurni.vn\/#website","url":"https:\/\/amafurni.vn\/","name":"AMAFURNI","description":"","potentialAction":[{"@type":"SearchAction","target":{"@type":"EntryPoint","urlTemplate":"https:\/\/amafurni.vn\/?s={search_term_string}"},"query-input":"required name=search_term_string"}],"inLanguage":"en-US"}]}},"_links":{"self":[{"href":"https:\/\/amafurni.vn\/en\/wp-json\/wp\/v2\/product\/4774"}],"collection":[{"href":"https:\/\/amafurni.vn\/en\/wp-json\/wp\/v2\/product"}],"about":[{"href":"https:\/\/amafurni.vn\/en\/wp-json\/wp\/v2\/types\/product"}],"replies":[{"embeddable":true,"href":"https:\/\/amafurni.vn\/en\/wp-json\/wp\/v2\/comments?post=4774"}],"wp:featuredmedia":[{"embeddable":true,"href":"https:\/\/amafurni.vn\/en\/wp-json\/wp\/v2\/media\/4775"}],"wp:attachment":[{"href":"https:\/\/amafurni.vn\/en\/wp-json\/wp\/v2\/media?parent=4774"}],"wp:term":[{"taxonomy":"product_cat","embeddable":true,"href":"https:\/\/amafurni.vn\/en\/wp-json\/wp\/v2\/product_cat?post=4774"},{"taxonomy":"product_tag","embeddable":true,"href":"https:\/\/amafurni.vn\/en\/wp-json\/wp\/v2\/product_tag?post=4774"}],"curies":[{"name":"wp","href":"https:\/\/api.w.org\/{rel}","templated":true}]}}