{"id":4778,"date":"2023-12-07T14:32:28","date_gmt":"2023-12-07T07:32:28","guid":{"rendered":"https:\/\/amafurni.123websitedev.com\/san-pham\/ghe-lam-viec-thoi-trang-da-cuc-nhap-khau-ama-bar001d\/"},"modified":"2025-11-12T14:11:36","modified_gmt":"2025-11-12T07:11:36","slug":"ghe-lam-viec-thoi-trang-da-cuc-nhap-khau-ama-bar001d","status":"publish","type":"product","link":"https:\/\/amafurni.vn\/en\/product\/ghe-lam-viec-thoi-trang-da-cuc-nhap-khau-ama-bar001d\/","title":{"rendered":"Gh\u1ebf L\u00e0m vi\u1ec7c th\u1eddi trang Da C\u00fac Nh\u1eadp Kh\u1ea9u AMA-BAR001D"},"content":{"rendered":"<table border=\"1\" height=\"321\">\n<tbody><\/tbody>\n<tbody>\n<tr>\n<td><span><strong>Material<\/strong><\/span><\/td>\n<td><span><strong>T\u00ednh N\u0103ng<\/strong><\/span><\/td>\n<td><span><strong>M\u00e0u S\u1eafc<\/strong><\/span><\/td>\n<td><span><strong>Xu\u1ea5t X\u1ee9<\/strong><\/span><\/td>\n<td><span><strong>B\u1ea3o h\u00e0nh<\/strong><\/span><\/td>\n<\/tr>\n<tr>\n<td>\n<ul>\n<li>\u0110\u1ec7m t\u1ef1a khung nh\u1ef1a c\u00f3 m\u1ed9t l\u1edbp \u0111\u1ec7m PVC.<\/li>\n<\/ul>\n<ul>\n<li>Gh\u1ebf s\u1eed d\u1ee5ng Piston h\u01a1i \u0111i\u1ec1u ch\u1ec9nh \u0111\u1ed9 cao<\/li>\n<\/ul>\n<ul>\n<li>khung th\u00e9p m\u1ea1, ch\u00e2n \u0111\u1ebf th\u00e9p d\u1eadp m\u1ea1 Cr-Ni<\/li>\n<\/ul>\n<\/td>\n<td>\n<p>Xoay 360 \u0111\u1ed9<\/p>\n<ul>\n<li>T\u0103ng gi\u1ea3m chi\u1ec1u cao d\u1ec5 d\u00e0ng<\/li>\n<\/ul>\n<ul>\n<li>\u1ee8ng d\u1ee5ng s\u1eed d\u1ee5ng trong c\u00e1c qu\u00e1n bar, nh\u00e0 h\u00e0ng, qu\u1ea7y l\u1ec5 t\u00e2n\u2026<\/li>\n<li>Gh\u1ebf c\u00f3 ch\u1ed7 \u0111\u1ec3 ch\u00e2n h\u00ecnh oval<\/li>\n<\/ul>\n<\/td>\n<td>NHI\u1ec0U M\u00c0U\u00a0<\/td>\n<td>Nh\u1eadp Ngo\u1ea1i<\/td>\n<td>12 Th\u00e1ng t\u1ea5t c\u1ea3 l\u1ed7i k\u0129 thu\u1eadt .<\/td>\n<\/tr>\n<\/tbody>\n<\/table>","protected":false},"excerpt":{"rendered":"<p>\u0110\u1ec7m t\u1ef1a khung nh\u1ef1a c\u00f3 m\u1ed9t l\u1edbp \u0111\u1ec7m PVC.<br \/>\nGh\u1ebf s\u1eed d\u1ee5ng Piston h\u01a1i \u0111i\u1ec1u ch\u1ec9nh \u0111\u1ed9 cao<br \/>\nkhung th\u00e9p m\u1ea1, ch\u00e2n \u0111\u1ebf th\u00e9p d\u1eadp m\u1ea1 Cr-Ni<\/p>","protected":false},"featured_media":4779,"comment_status":"open","ping_status":"closed","template":"","meta":[],"product_cat":[94,95],"product_tag":[],"yoast_head":"<!-- This site is optimized with the Yoast SEO Premium plugin v21.7 (Yoast SEO v21.7) - https:\/\/yoast.com\/wordpress\/plugins\/seo\/ -->\n<title>Gh\u1ebf L\u00e0m vi\u1ec7c th\u1eddi trang Da C\u00fac Nh\u1eadp Kh\u1ea9u AMA-BAR001D - AMAFURNI<\/title>\n<meta name=\"robots\" content=\"index, follow, max-snippet:-1, max-image-preview:large, max-video-preview:-1\" \/>\n<link rel=\"canonical\" href=\"https:\/\/amafurni.vn\/en\/product\/ghe-lam-viec-thoi-trang-da-cuc-nhap-khau-ama-bar001d\/\" \/>\n<meta property=\"og:locale\" content=\"en_US\" \/>\n<meta property=\"og:type\" content=\"article\" \/>\n<meta property=\"og:title\" content=\"Gh\u1ebf L\u00e0m vi\u1ec7c th\u1eddi trang Da C\u00fac Nh\u1eadp Kh\u1ea9u AMA-BAR001D\" \/>\n<meta property=\"og:description\" content=\"\u0110\u1ec7m t\u1ef1a khung nh\u1ef1a c\u00f3 m\u1ed9t l\u1edbp \u0111\u1ec7m PVC. Gh\u1ebf s\u1eed d\u1ee5ng Piston h\u01a1i \u0111i\u1ec1u ch\u1ec9nh \u0111\u1ed9 cao khung th\u00e9p m\u1ea1, ch\u00e2n \u0111\u1ebf th\u00e9p d\u1eadp m\u1ea1 Cr-Ni\" \/>\n<meta property=\"og:url\" content=\"https:\/\/amafurni.vn\/en\/product\/ghe-lam-viec-thoi-trang-da-cuc-nhap-khau-ama-bar001d\/\" \/>\n<meta property=\"og:site_name\" content=\"AMAFURNI\" \/>\n<meta property=\"article:modified_time\" content=\"2025-11-12T07:11:36+00:00\" \/>\n<meta property=\"og:image\" content=\"https:\/\/amafurni.vn\/wp-content\/uploads\/2023\/12\/ghe-lam-viec-thoi-trang-da-cuc-nhap-khau-ama-bar001d_6571750d0b7e9.jpeg\" \/>\n\t<meta property=\"og:image:width\" content=\"800\" \/>\n\t<meta property=\"og:image:height\" content=\"800\" \/>\n\t<meta property=\"og:image:type\" content=\"image\/jpeg\" \/>\n<meta name=\"twitter:card\" content=\"summary_large_image\" \/>\n<meta name=\"twitter:label1\" content=\"Est. reading time\" \/>\n\t<meta name=\"twitter:data1\" content=\"1 minute\" \/>\n<script type=\"application\/ld+json\" class=\"yoast-schema-graph\">{\"@context\":\"https:\/\/schema.org\",\"@graph\":[{\"@type\":\"WebPage\",\"@id\":\"https:\/\/amafurni.vn\/san-pham\/ghe-lam-viec-thoi-trang-da-cuc-nhap-khau-ama-bar001d\/\",\"url\":\"https:\/\/amafurni.vn\/san-pham\/ghe-lam-viec-thoi-trang-da-cuc-nhap-khau-ama-bar001d\/\",\"name\":\"Gh\u1ebf L\u00e0m vi\u1ec7c th\u1eddi trang Da C\u00fac Nh\u1eadp Kh\u1ea9u AMA-BAR001D - AMAFURNI\",\"isPartOf\":{\"@id\":\"https:\/\/amafurni.vn\/#website\"},\"datePublished\":\"2023-12-07T07:32:28+00:00\",\"dateModified\":\"2025-11-12T07:11:36+00:00\",\"breadcrumb\":{\"@id\":\"https:\/\/amafurni.vn\/san-pham\/ghe-lam-viec-thoi-trang-da-cuc-nhap-khau-ama-bar001d\/#breadcrumb\"},\"inLanguage\":\"en-US\",\"potentialAction\":[{\"@type\":\"ReadAction\",\"target\":[\"https:\/\/amafurni.vn\/san-pham\/ghe-lam-viec-thoi-trang-da-cuc-nhap-khau-ama-bar001d\/\"]}]},{\"@type\":\"BreadcrumbList\",\"@id\":\"https:\/\/amafurni.vn\/san-pham\/ghe-lam-viec-thoi-trang-da-cuc-nhap-khau-ama-bar001d\/#breadcrumb\",\"itemListElement\":[{\"@type\":\"ListItem\",\"position\":1,\"name\":\"Trang ch\u1ee7\",\"item\":\"https:\/\/amafurni.vn\/\"},{\"@type\":\"ListItem\",\"position\":2,\"name\":\"S\u1ea3n ph\u1ea9m\",\"item\":\"https:\/\/amafurni.vn\/san-pham\/\"},{\"@type\":\"ListItem\",\"position\":3,\"name\":\"Gh\u1ebf L\u00e0m vi\u1ec7c th\u1eddi trang Da C\u00fac Nh\u1eadp Kh\u1ea9u AMA-BAR001D\"}]},{\"@type\":\"WebSite\",\"@id\":\"https:\/\/amafurni.vn\/#website\",\"url\":\"https:\/\/amafurni.vn\/\",\"name\":\"AMAFURNI\",\"description\":\"\",\"potentialAction\":[{\"@type\":\"SearchAction\",\"target\":{\"@type\":\"EntryPoint\",\"urlTemplate\":\"https:\/\/amafurni.vn\/?s={search_term_string}\"},\"query-input\":\"required name=search_term_string\"}],\"inLanguage\":\"en-US\"}]}<\/script>\n<!-- \/ Yoast SEO Premium plugin. -->","yoast_head_json":{"title":"Gh\u1ebf L\u00e0m vi\u1ec7c th\u1eddi trang Da C\u00fac Nh\u1eadp Kh\u1ea9u AMA-BAR001D - AMAFURNI","robots":{"index":"index","follow":"follow","max-snippet":"max-snippet:-1","max-image-preview":"max-image-preview:large","max-video-preview":"max-video-preview:-1"},"canonical":"https:\/\/amafurni.vn\/en\/product\/ghe-lam-viec-thoi-trang-da-cuc-nhap-khau-ama-bar001d\/","og_locale":"en_US","og_type":"article","og_title":"Gh\u1ebf L\u00e0m vi\u1ec7c th\u1eddi trang Da C\u00fac Nh\u1eadp Kh\u1ea9u AMA-BAR001D","og_description":"\u0110\u1ec7m t\u1ef1a khung nh\u1ef1a c\u00f3 m\u1ed9t l\u1edbp \u0111\u1ec7m PVC. Gh\u1ebf s\u1eed d\u1ee5ng Piston h\u01a1i \u0111i\u1ec1u ch\u1ec9nh \u0111\u1ed9 cao khung th\u00e9p m\u1ea1, ch\u00e2n \u0111\u1ebf th\u00e9p d\u1eadp m\u1ea1 Cr-Ni","og_url":"https:\/\/amafurni.vn\/en\/product\/ghe-lam-viec-thoi-trang-da-cuc-nhap-khau-ama-bar001d\/","og_site_name":"AMAFURNI","article_modified_time":"2025-11-12T07:11:36+00:00","og_image":[{"width":800,"height":800,"url":"https:\/\/amafurni.vn\/wp-content\/uploads\/2023\/12\/ghe-lam-viec-thoi-trang-da-cuc-nhap-khau-ama-bar001d_6571750d0b7e9.jpeg","type":"image\/jpeg"}],"twitter_card":"summary_large_image","twitter_misc":{"Est. reading time":"1 minute"},"schema":{"@context":"https:\/\/schema.org","@graph":[{"@type":"WebPage","@id":"https:\/\/amafurni.vn\/san-pham\/ghe-lam-viec-thoi-trang-da-cuc-nhap-khau-ama-bar001d\/","url":"https:\/\/amafurni.vn\/san-pham\/ghe-lam-viec-thoi-trang-da-cuc-nhap-khau-ama-bar001d\/","name":"Gh\u1ebf L\u00e0m vi\u1ec7c th\u1eddi trang Da C\u00fac Nh\u1eadp Kh\u1ea9u AMA-BAR001D - AMAFURNI","isPartOf":{"@id":"https:\/\/amafurni.vn\/#website"},"datePublished":"2023-12-07T07:32:28+00:00","dateModified":"2025-11-12T07:11:36+00:00","breadcrumb":{"@id":"https:\/\/amafurni.vn\/san-pham\/ghe-lam-viec-thoi-trang-da-cuc-nhap-khau-ama-bar001d\/#breadcrumb"},"inLanguage":"en-US","potentialAction":[{"@type":"ReadAction","target":["https:\/\/amafurni.vn\/san-pham\/ghe-lam-viec-thoi-trang-da-cuc-nhap-khau-ama-bar001d\/"]}]},{"@type":"BreadcrumbList","@id":"https:\/\/amafurni.vn\/san-pham\/ghe-lam-viec-thoi-trang-da-cuc-nhap-khau-ama-bar001d\/#breadcrumb","itemListElement":[{"@type":"ListItem","position":1,"name":"Trang ch\u1ee7","item":"https:\/\/amafurni.vn\/"},{"@type":"ListItem","position":2,"name":"S\u1ea3n ph\u1ea9m","item":"https:\/\/amafurni.vn\/san-pham\/"},{"@type":"ListItem","position":3,"name":"Gh\u1ebf L\u00e0m vi\u1ec7c th\u1eddi trang Da C\u00fac Nh\u1eadp Kh\u1ea9u AMA-BAR001D"}]},{"@type":"WebSite","@id":"https:\/\/amafurni.vn\/#website","url":"https:\/\/amafurni.vn\/","name":"AMAFURNI","description":"","potentialAction":[{"@type":"SearchAction","target":{"@type":"EntryPoint","urlTemplate":"https:\/\/amafurni.vn\/?s={search_term_string}"},"query-input":"required name=search_term_string"}],"inLanguage":"en-US"}]}},"_links":{"self":[{"href":"https:\/\/amafurni.vn\/en\/wp-json\/wp\/v2\/product\/4778"}],"collection":[{"href":"https:\/\/amafurni.vn\/en\/wp-json\/wp\/v2\/product"}],"about":[{"href":"https:\/\/amafurni.vn\/en\/wp-json\/wp\/v2\/types\/product"}],"replies":[{"embeddable":true,"href":"https:\/\/amafurni.vn\/en\/wp-json\/wp\/v2\/comments?post=4778"}],"wp:featuredmedia":[{"embeddable":true,"href":"https:\/\/amafurni.vn\/en\/wp-json\/wp\/v2\/media\/4779"}],"wp:attachment":[{"href":"https:\/\/amafurni.vn\/en\/wp-json\/wp\/v2\/media?parent=4778"}],"wp:term":[{"taxonomy":"product_cat","embeddable":true,"href":"https:\/\/amafurni.vn\/en\/wp-json\/wp\/v2\/product_cat?post=4778"},{"taxonomy":"product_tag","embeddable":true,"href":"https:\/\/amafurni.vn\/en\/wp-json\/wp\/v2\/product_tag?post=4778"}],"curies":[{"name":"wp","href":"https:\/\/api.w.org\/{rel}","templated":true}]}}