{"id":4841,"date":"2023-12-07T14:45:11","date_gmt":"2023-12-07T07:45:11","guid":{"rendered":"https:\/\/amafurni.123websitedev.com\/san-pham\/ghe-cafe-boc-ni-chan-ma-vang-nhap-khau-ama-strike-s\/"},"modified":"2025-11-12T14:11:39","modified_gmt":"2025-11-12T07:11:39","slug":"ghe-cafe-boc-ni-chan-ma-vang-nhap-khau-ama-strike-s","status":"publish","type":"product","link":"https:\/\/amafurni.vn\/en\/product\/ghe-cafe-boc-ni-chan-ma-vang-nhap-khau-ama-strike-s\/","title":{"rendered":"GH\u1ebe CAFE B\u1eccC N\u1ec8 CH\u00c2N M\u1ea0 V\u00c0NG NH\u1eacP KH\u1ea8U AMA-STRIKE-S"},"content":{"rendered":"<table border=\"1\" height=\"299\">\n<tbody><\/tbody>\n<tbody>\n<tr>\n<td><span><strong>Material<\/strong><\/span><\/td>\n<td>\n<p><span><strong><\/strong><\/span><\/p>\n<p><span><strong>Size<\/strong><\/span><\/p>\n<p><span><strong>(D\u00e0i*R\u1ed9ng*cao)<\/strong><\/span><\/p>\n<\/td>\n<td><span><strong>T\u00ednh N\u0103ng<\/strong><\/span><\/td>\n<td><span><strong>M\u00e0u S\u1eafc<\/strong><\/span><\/td>\n<td><span><strong>Xu\u1ea5t X\u1ee9<\/strong><\/span><\/td>\n<td><span><strong>B\u1ea3o h\u00e0nh<\/strong><\/span><\/td>\n<\/tr>\n<tr>\n<td>\n<p>\u00a0<\/p>\n<ul>\n<li>Ch\u1ea5t li\u1ec7u :\u00a0<span>Th\u00e2n khung s\u1eaft, b\u1ecdc n\u1ec7m v\u1ea3i b\u1ed1<\/span><\/li>\n<li>Xu\u1ea5t x\u1ee9 :\u00a0 nh\u1eadp kh\u1ea9u<\/li>\n<\/ul>\n<p>Gi\u00e1 ch\u01b0a bao g\u1ed3m 10% VAT<\/p>\n<\/td>\n<td>\n<p><span>\u00a0D57 x R54 x C82 cm<\/span><\/p>\n<\/td>\n<td>\n<p>Phi\u00ean B\u1ea3n \u0110\u1eb7c Bi\u1ec7t c\u1ee7a<strong>\u00a0Gh\u1ebf STRIKE\u00a0<\/strong>, \u0111\u00e3 \u0111\u1eb9p r\u1ed3i m\u00e0 c\u00f2n \u0111\u1ed9c \u0111\u00e1o h\u01a1n n\u1eefa.<\/p>\n<p>V\u1edbi ch\u1ea5t li\u1ec7u khung s\u1eaft ki\u00ean c\u1ed1, nhi\u1ec1u m\u00e0u lu\u00f4n l\u00e0 s\u1ef1 l\u1ef1a chon th\u00edch h\u1ee3p cho t\u1ea5t c\u1ea3 c\u00e1c kh\u00f4ng gian c\u1ee7a b\u1ea1n.<\/p>\n<\/td>\n<td>\n<p>NHI\u1ec0U M\u00c0U<\/p>\n<\/p>\n<p><span>xanh jean, xanh ng\u1ecdc, xanh chu\u1ed1i, x\u00e1m, tr\u1eafng, Khung s\u1eaft \u0111en<\/span><\/p>\n<\/td>\n<td>Nh\u1eadp Ngo\u1ea1i<\/td>\n<td>\n<p>. 12 th\u00e1ng k\u1ef9 thu\u1eadt<\/p>\n<p>. Ben h\u01a1i 1 \u0111\u1ed5i 1<\/p>\n<\/td>\n<\/tr>\n<\/tbody>\n<\/table>","protected":false},"excerpt":{"rendered":"<p>Phi\u00ean B\u1ea3n \u0110\u1eb7c Bi\u1ec7t c\u1ee7a\u00a0Gh\u1ebf STRIKE\u00a0, \u0111\u00e3 \u0111\u1eb9p r\u1ed3i m\u00e0 c\u00f2n \u0111\u1ed9c \u0111\u00e1o h\u01a1n n\u1eefa.<br \/>\nV\u1edbi ch\u1ea5t li\u1ec7u khung s\u1eaft ki\u00ean c\u1ed1, nhi\u1ec1u m\u00e0u lu\u00f4n l\u00e0 s\u1ef1 l\u1ef1a chon th\u00edch h\u1ee3p cho t\u1ea5t c\u1ea3 c\u00e1c kh\u00f4ng gian c\u1ee7a b\u1ea1n.<\/p>","protected":false},"featured_media":4842,"comment_status":"open","ping_status":"closed","template":"","meta":[],"product_cat":[100,588],"product_tag":[],"yoast_head":"<!-- This site is optimized with the Yoast SEO Premium plugin v21.7 (Yoast SEO v21.7) - https:\/\/yoast.com\/wordpress\/plugins\/seo\/ -->\n<title>GH\u1ebe CAFE B\u1eccC N\u1ec8 CH\u00c2N M\u1ea0 V\u00c0NG NH\u1eacP KH\u1ea8U AMA-STRIKE-S - AMAFURNI<\/title>\n<meta name=\"robots\" content=\"index, follow, max-snippet:-1, max-image-preview:large, max-video-preview:-1\" \/>\n<link rel=\"canonical\" href=\"https:\/\/amafurni.vn\/en\/product\/ghe-cafe-boc-ni-chan-ma-vang-nhap-khau-ama-strike-s\/\" \/>\n<meta property=\"og:locale\" content=\"en_US\" \/>\n<meta property=\"og:type\" content=\"article\" \/>\n<meta property=\"og:title\" content=\"GH\u1ebe CAFE B\u1eccC N\u1ec8 CH\u00c2N M\u1ea0 V\u00c0NG NH\u1eacP KH\u1ea8U AMA-STRIKE-S\" \/>\n<meta property=\"og:description\" content=\"Phi\u00ean B\u1ea3n \u0110\u1eb7c Bi\u1ec7t c\u1ee7a\u00a0Gh\u1ebf STRIKE\u00a0, \u0111\u00e3 \u0111\u1eb9p r\u1ed3i m\u00e0 c\u00f2n \u0111\u1ed9c \u0111\u00e1o h\u01a1n n\u1eefa. V\u1edbi ch\u1ea5t li\u1ec7u khung s\u1eaft ki\u00ean c\u1ed1, nhi\u1ec1u m\u00e0u lu\u00f4n l\u00e0 s\u1ef1 l\u1ef1a chon th\u00edch h\u1ee3p cho t\u1ea5t c\u1ea3 c\u00e1c kh\u00f4ng gian c\u1ee7a b\u1ea1n.\" \/>\n<meta property=\"og:url\" content=\"https:\/\/amafurni.vn\/en\/product\/ghe-cafe-boc-ni-chan-ma-vang-nhap-khau-ama-strike-s\/\" \/>\n<meta property=\"og:site_name\" content=\"AMAFURNI\" \/>\n<meta property=\"article:modified_time\" content=\"2025-11-12T07:11:39+00:00\" \/>\n<meta property=\"og:image\" content=\"https:\/\/amafurni.vn\/wp-content\/uploads\/2023\/12\/ghe-cafe-boc-ni-chan-ma-vang-nhap-khau-ama-strike-s_65717807819aa.jpeg\" \/>\n\t<meta property=\"og:image:width\" content=\"800\" \/>\n\t<meta property=\"og:image:height\" content=\"800\" \/>\n\t<meta property=\"og:image:type\" content=\"image\/jpeg\" \/>\n<meta name=\"twitter:card\" content=\"summary_large_image\" \/>\n<meta name=\"twitter:label1\" content=\"Est. reading time\" \/>\n\t<meta name=\"twitter:data1\" content=\"1 minute\" \/>\n<script type=\"application\/ld+json\" class=\"yoast-schema-graph\">{\"@context\":\"https:\/\/schema.org\",\"@graph\":[{\"@type\":\"WebPage\",\"@id\":\"https:\/\/amafurni.vn\/san-pham\/ghe-cafe-boc-ni-chan-ma-vang-nhap-khau-ama-strike-s\/\",\"url\":\"https:\/\/amafurni.vn\/san-pham\/ghe-cafe-boc-ni-chan-ma-vang-nhap-khau-ama-strike-s\/\",\"name\":\"GH\u1ebe CAFE B\u1eccC N\u1ec8 CH\u00c2N M\u1ea0 V\u00c0NG NH\u1eacP KH\u1ea8U AMA-STRIKE-S - AMAFURNI\",\"isPartOf\":{\"@id\":\"https:\/\/amafurni.vn\/#website\"},\"datePublished\":\"2023-12-07T07:45:11+00:00\",\"dateModified\":\"2025-11-12T07:11:39+00:00\",\"breadcrumb\":{\"@id\":\"https:\/\/amafurni.vn\/san-pham\/ghe-cafe-boc-ni-chan-ma-vang-nhap-khau-ama-strike-s\/#breadcrumb\"},\"inLanguage\":\"en-US\",\"potentialAction\":[{\"@type\":\"ReadAction\",\"target\":[\"https:\/\/amafurni.vn\/san-pham\/ghe-cafe-boc-ni-chan-ma-vang-nhap-khau-ama-strike-s\/\"]}]},{\"@type\":\"BreadcrumbList\",\"@id\":\"https:\/\/amafurni.vn\/san-pham\/ghe-cafe-boc-ni-chan-ma-vang-nhap-khau-ama-strike-s\/#breadcrumb\",\"itemListElement\":[{\"@type\":\"ListItem\",\"position\":1,\"name\":\"Trang ch\u1ee7\",\"item\":\"https:\/\/amafurni.vn\/\"},{\"@type\":\"ListItem\",\"position\":2,\"name\":\"S\u1ea3n ph\u1ea9m\",\"item\":\"https:\/\/amafurni.vn\/san-pham\/\"},{\"@type\":\"ListItem\",\"position\":3,\"name\":\"GH\u1ebe CAFE B\u1eccC N\u1ec8 CH\u00c2N M\u1ea0 V\u00c0NG NH\u1eacP KH\u1ea8U AMA-STRIKE-S\"}]},{\"@type\":\"WebSite\",\"@id\":\"https:\/\/amafurni.vn\/#website\",\"url\":\"https:\/\/amafurni.vn\/\",\"name\":\"AMAFURNI\",\"description\":\"\",\"potentialAction\":[{\"@type\":\"SearchAction\",\"target\":{\"@type\":\"EntryPoint\",\"urlTemplate\":\"https:\/\/amafurni.vn\/?s={search_term_string}\"},\"query-input\":\"required name=search_term_string\"}],\"inLanguage\":\"en-US\"}]}<\/script>\n<!-- \/ Yoast SEO Premium plugin. -->","yoast_head_json":{"title":"GH\u1ebe CAFE B\u1eccC N\u1ec8 CH\u00c2N M\u1ea0 V\u00c0NG NH\u1eacP KH\u1ea8U AMA-STRIKE-S - AMAFURNI","robots":{"index":"index","follow":"follow","max-snippet":"max-snippet:-1","max-image-preview":"max-image-preview:large","max-video-preview":"max-video-preview:-1"},"canonical":"https:\/\/amafurni.vn\/en\/product\/ghe-cafe-boc-ni-chan-ma-vang-nhap-khau-ama-strike-s\/","og_locale":"en_US","og_type":"article","og_title":"GH\u1ebe CAFE B\u1eccC N\u1ec8 CH\u00c2N M\u1ea0 V\u00c0NG NH\u1eacP KH\u1ea8U AMA-STRIKE-S","og_description":"Phi\u00ean B\u1ea3n \u0110\u1eb7c Bi\u1ec7t c\u1ee7a\u00a0Gh\u1ebf STRIKE\u00a0, \u0111\u00e3 \u0111\u1eb9p r\u1ed3i m\u00e0 c\u00f2n \u0111\u1ed9c \u0111\u00e1o h\u01a1n n\u1eefa. V\u1edbi ch\u1ea5t li\u1ec7u khung s\u1eaft ki\u00ean c\u1ed1, nhi\u1ec1u m\u00e0u lu\u00f4n l\u00e0 s\u1ef1 l\u1ef1a chon th\u00edch h\u1ee3p cho t\u1ea5t c\u1ea3 c\u00e1c kh\u00f4ng gian c\u1ee7a b\u1ea1n.","og_url":"https:\/\/amafurni.vn\/en\/product\/ghe-cafe-boc-ni-chan-ma-vang-nhap-khau-ama-strike-s\/","og_site_name":"AMAFURNI","article_modified_time":"2025-11-12T07:11:39+00:00","og_image":[{"width":800,"height":800,"url":"https:\/\/amafurni.vn\/wp-content\/uploads\/2023\/12\/ghe-cafe-boc-ni-chan-ma-vang-nhap-khau-ama-strike-s_65717807819aa.jpeg","type":"image\/jpeg"}],"twitter_card":"summary_large_image","twitter_misc":{"Est. reading time":"1 minute"},"schema":{"@context":"https:\/\/schema.org","@graph":[{"@type":"WebPage","@id":"https:\/\/amafurni.vn\/san-pham\/ghe-cafe-boc-ni-chan-ma-vang-nhap-khau-ama-strike-s\/","url":"https:\/\/amafurni.vn\/san-pham\/ghe-cafe-boc-ni-chan-ma-vang-nhap-khau-ama-strike-s\/","name":"GH\u1ebe CAFE B\u1eccC N\u1ec8 CH\u00c2N M\u1ea0 V\u00c0NG NH\u1eacP KH\u1ea8U AMA-STRIKE-S - AMAFURNI","isPartOf":{"@id":"https:\/\/amafurni.vn\/#website"},"datePublished":"2023-12-07T07:45:11+00:00","dateModified":"2025-11-12T07:11:39+00:00","breadcrumb":{"@id":"https:\/\/amafurni.vn\/san-pham\/ghe-cafe-boc-ni-chan-ma-vang-nhap-khau-ama-strike-s\/#breadcrumb"},"inLanguage":"en-US","potentialAction":[{"@type":"ReadAction","target":["https:\/\/amafurni.vn\/san-pham\/ghe-cafe-boc-ni-chan-ma-vang-nhap-khau-ama-strike-s\/"]}]},{"@type":"BreadcrumbList","@id":"https:\/\/amafurni.vn\/san-pham\/ghe-cafe-boc-ni-chan-ma-vang-nhap-khau-ama-strike-s\/#breadcrumb","itemListElement":[{"@type":"ListItem","position":1,"name":"Trang ch\u1ee7","item":"https:\/\/amafurni.vn\/"},{"@type":"ListItem","position":2,"name":"S\u1ea3n ph\u1ea9m","item":"https:\/\/amafurni.vn\/san-pham\/"},{"@type":"ListItem","position":3,"name":"GH\u1ebe CAFE B\u1eccC N\u1ec8 CH\u00c2N M\u1ea0 V\u00c0NG NH\u1eacP KH\u1ea8U AMA-STRIKE-S"}]},{"@type":"WebSite","@id":"https:\/\/amafurni.vn\/#website","url":"https:\/\/amafurni.vn\/","name":"AMAFURNI","description":"","potentialAction":[{"@type":"SearchAction","target":{"@type":"EntryPoint","urlTemplate":"https:\/\/amafurni.vn\/?s={search_term_string}"},"query-input":"required name=search_term_string"}],"inLanguage":"en-US"}]}},"_links":{"self":[{"href":"https:\/\/amafurni.vn\/en\/wp-json\/wp\/v2\/product\/4841"}],"collection":[{"href":"https:\/\/amafurni.vn\/en\/wp-json\/wp\/v2\/product"}],"about":[{"href":"https:\/\/amafurni.vn\/en\/wp-json\/wp\/v2\/types\/product"}],"replies":[{"embeddable":true,"href":"https:\/\/amafurni.vn\/en\/wp-json\/wp\/v2\/comments?post=4841"}],"wp:featuredmedia":[{"embeddable":true,"href":"https:\/\/amafurni.vn\/en\/wp-json\/wp\/v2\/media\/4842"}],"wp:attachment":[{"href":"https:\/\/amafurni.vn\/en\/wp-json\/wp\/v2\/media?parent=4841"}],"wp:term":[{"taxonomy":"product_cat","embeddable":true,"href":"https:\/\/amafurni.vn\/en\/wp-json\/wp\/v2\/product_cat?post=4841"},{"taxonomy":"product_tag","embeddable":true,"href":"https:\/\/amafurni.vn\/en\/wp-json\/wp\/v2\/product_tag?post=4841"}],"curies":[{"name":"wp","href":"https:\/\/api.w.org\/{rel}","templated":true}]}}