{"id":4847,"date":"2023-12-07T14:45:30","date_gmt":"2023-12-07T07:45:30","guid":{"rendered":"https:\/\/amafurni.123websitedev.com\/san-pham\/ghe-cafe-bunny-nhua-duc-dac-hien-dai-ama-bunny\/"},"modified":"2025-11-12T14:11:39","modified_gmt":"2025-11-12T07:11:39","slug":"ghe-cafe-bunny-nhua-duc-dac-hien-dai-ama-bunny","status":"publish","type":"product","link":"https:\/\/amafurni.vn\/en\/product\/ghe-cafe-bunny-nhua-duc-dac-hien-dai-ama-bunny\/","title":{"rendered":"Gh\u1ebf Cafe Bunny Nh\u1ef1a \u0111\u00fac \u0111\u1eb7c hi\u1ec7n \u0111\u1ea1i AMA-Bunny"},"content":{"rendered":"<table border=\"1\">\n<tbody><\/tbody>\n<tbody>\n<tr>\n<td><strong>Material<\/strong><\/td>\n<td><strong>Size<\/strong><\/td>\n<td><strong>T\u00ednh N\u0103ng<\/strong><\/td>\n<td><strong>M\u00e0u S\u1eafc<\/strong><\/td>\n<td><strong>Xu\u1ea5t X\u1ee9<\/strong><\/td>\n<td><strong>B\u1ea3o h\u00e0nh<\/strong><\/td>\n<\/tr>\n<tr>\n<td>\n<p>-Ch\u1ea5t li\u1ec7u:\u00a0<\/p>\n<p><span>Gh\u1ebf NH\u1ef0A \u0110\u00daC \u0110\u1eb6C\u00a0<\/span><\/p>\n<p><span>Ch\u00e2n NH\u1ef0A \u0110\u00daC \u0110\u1eb6C kh\u1ea3 n\u0103ng ch\u1ecbu l\u1ef1c cao<\/span><\/p>\n<\/td>\n<td>\n<p>-D\u00e0i:530<\/p>\n<p>R\u1ed9ng:470<\/p>\n<p>-Cao:820<\/p>\n<\/td>\n<td>\n<p><strong>Gh\u1ebf Cafe Bunny<\/strong>\u00a0l\u00e0 1 s\u1ea3n ph\u1ea9m \u0111\u01b0\u1ee3c nh\u1eadp kh\u1ea9u tr\u1ef1c ti\u1ebfp t\u1eeb n\u01b0\u1edbc ngo\u00e0i c\u1ee7a V\u1edbi Ch\u1ea5t Li\u1ec7u Nh\u1ef1a PP cao c\u1ea5p 100%, M\u00e0u s\u1eafc phong ph\u00fa, mang l\u1ea1i mu\u00f4n m\u00e0u cho ng\u00f4i nh\u00e0 b\u1ea1n .<\/p>\n<p><strong>GH\u1ebe CAFE BUNNY v<\/strong>\u1edbi thi\u1ebft k\u1ebf tinh t\u1ebf t\u1ed1i gi\u1ea3n \u0111\u1ebfn t\u1eebng chi ti\u1ebft, m\u1eabu\u00a0<strong><span>\u00a0<\/span>gh\u1ebf Bunny<\/strong><span>\u00a0<\/span>th\u1ef1c s\u1ef1 l\u00e0 1 l\u1ef1a ch\u1ecdn m\u1edbi m\u1ebb cho b\u1ed9 b\u00e0n \u0103n trong gia \u0111\u00ecnh ch\u00fang ta, \u0111\u1ed3ng th\u1eddi k\u1ebft h\u1ee3p th\u00eam option m\u00e0u s\u1eafc phong ph\u00fa, s\u1ebd t\u0103ng th\u00eam ph\u1ea7n cu\u1ed9c s\u1ed1ng mu\u00f4n m\u00e0u trong ng\u00f4i nh\u00e0 c\u1ee7a ch\u00ednh b\u1ea1n.<\/p>\n<ul>\n<li>D\u1ec5 d\u00e0ng ph\u1ed1i h\u1ee3p v\u00e0 b\u00e0i tr\u00ed v\u1edbi c\u00e1c s\u1ea3n ph\u1ea9m n\u1ed9i th\u1ea5t kh\u00e1c<\/li>\n<li>Kh\u1ed1i l\u01b0\u1ee3ng nh\u1eb9 v\u00e0 ki\u1ec3u d\u00e1ng thon g\u1ecdn, d\u1ec5 d\u00e0ng di chuy\u1ec3n m\u1ecdi n\u01a1i.<\/li>\n<li>M\u00e0u s\u1eafc \u0111a d\u1ea1ng cho kh\u00e1ch h\u00e0ng l\u1ef1a ch\u1ecdn.<\/li>\n<\/ul>\n<\/td>\n<td>\n<p>\u00a0 NHI\u1ec0U M\u00c0U.\u00a0<\/p>\n<p><span>Tr\u1eafng , H\u1ed3ng , V\u00e0ng , X\u00e1m<\/span><\/p>\n<\/td>\n<td>Nh\u1eadp Ngo\u1ea1i<\/td>\n<td>\n<p>12 th\u00e1ng k\u1ef9 thu\u1eadt<\/p>\n<ul>\n<li>L\u1ed7i k\u1ef9 thu\u1eadt<\/li>\n<li>Kh\u00f4ng b\u1ea3o h\u00e0nh ch\u1ea5t li\u1ec7u Da, Pu, Simili, Nh\u1ef1a &#8230;<\/li>\n<\/ul>\n<\/td>\n<\/tr>\n<\/tbody>\n<\/table>","protected":false},"excerpt":{"rendered":"<p>Gh\u1ebf Cafe Bunny\u00a0l\u00e0 1 s\u1ea3n ph\u1ea9m \u0111\u01b0\u1ee3c nh\u1eadp kh\u1ea9u tr\u1ef1c ti\u1ebfp t\u1eeb n\u01b0\u1edbc ngo\u00e0i c\u1ee7a V\u1edbi Ch\u1ea5t Li\u1ec7u Nh\u1ef1a PP cao c\u1ea5p 100%, M\u00e0u s\u1eafc phong ph\u00fa, mang l\u1ea1i mu\u00f4n m\u00e0u cho ng\u00f4i nh\u00e0 b\u1ea1n .<br \/>\nGH\u1ebe CAFE BUNNY v\u1edbi thi\u1ebft k\u1ebf tinh t\u1ebf t\u1ed1i gi\u1ea3n \u0111\u1ebfn t\u1eebng chi ti\u1ebft, m\u1eabu\u00a0\u00a0gh\u1ebf Bunny\u00a0th\u1ef1c s\u1ef1 l\u00e0 1 l\u1ef1a ch\u1ecdn m\u1edbi m\u1ebb cho b\u1ed9 b\u00e0n \u0103n trong gia \u0111\u00ecnh ch\u00fang ta, \u0111\u1ed3ng th\u1eddi k\u1ebft h\u1ee3p th\u00eam option m\u00e0u s\u1eafc phong ph\u00fa, s\u1ebd t\u0103ng th\u00eam ph\u1ea7n cu\u1ed9c s\u1ed1ng mu\u00f4n m\u00e0u trong ng\u00f4i nh\u00e0 c\u1ee7a ch\u00ednh b\u1ea1n.<br \/>\nD\u1ec5 d\u00e0ng ph\u1ed1i h\u1ee3p v\u00e0 b\u00e0i tr\u00ed v\u1edbi c\u00e1c s\u1ea3n ph\u1ea9m n\u1ed9i th\u1ea5t kh\u00e1c<br \/>\nKh\u1ed1i l\u01b0\u1ee3ng nh\u1eb9 v\u00e0 ki\u1ec3u d\u00e1ng thon g\u1ecdn, d\u1ec5 d\u00e0ng di chuy\u1ec3n m\u1ecdi n\u01a1i.<br \/>\nM\u00e0u s\u1eafc \u0111a d\u1ea1ng cho kh\u00e1ch h\u00e0ng l\u1ef1a ch\u1ecdn.<\/p>","protected":false},"featured_media":4848,"comment_status":"open","ping_status":"closed","template":"","meta":[],"product_cat":[100,588],"product_tag":[],"yoast_head":"<!-- This site is optimized with the Yoast SEO Premium plugin v21.7 (Yoast SEO v21.7) - https:\/\/yoast.com\/wordpress\/plugins\/seo\/ -->\n<title>Gh\u1ebf Cafe Bunny Nh\u1ef1a \u0111\u00fac \u0111\u1eb7c hi\u1ec7n \u0111\u1ea1i AMA-Bunny - AMAFURNI<\/title>\n<meta name=\"robots\" content=\"index, follow, max-snippet:-1, max-image-preview:large, max-video-preview:-1\" \/>\n<link rel=\"canonical\" href=\"https:\/\/amafurni.vn\/en\/product\/ghe-cafe-bunny-nhua-duc-dac-hien-dai-ama-bunny\/\" \/>\n<meta property=\"og:locale\" content=\"en_US\" \/>\n<meta property=\"og:type\" content=\"article\" \/>\n<meta property=\"og:title\" content=\"Gh\u1ebf Cafe Bunny Nh\u1ef1a \u0111\u00fac \u0111\u1eb7c hi\u1ec7n \u0111\u1ea1i AMA-Bunny\" \/>\n<meta property=\"og:description\" content=\"Gh\u1ebf Cafe Bunny\u00a0l\u00e0 1 s\u1ea3n ph\u1ea9m \u0111\u01b0\u1ee3c nh\u1eadp kh\u1ea9u tr\u1ef1c ti\u1ebfp t\u1eeb n\u01b0\u1edbc ngo\u00e0i c\u1ee7a V\u1edbi Ch\u1ea5t Li\u1ec7u Nh\u1ef1a PP cao c\u1ea5p 100%, M\u00e0u s\u1eafc phong ph\u00fa, mang l\u1ea1i mu\u00f4n m\u00e0u cho ng\u00f4i nh\u00e0 b\u1ea1n . GH\u1ebe CAFE BUNNY v\u1edbi thi\u1ebft k\u1ebf tinh t\u1ebf t\u1ed1i gi\u1ea3n \u0111\u1ebfn t\u1eebng chi ti\u1ebft, m\u1eabu\u00a0\u00a0gh\u1ebf Bunny\u00a0th\u1ef1c s\u1ef1 l\u00e0 1 l\u1ef1a ch\u1ecdn m\u1edbi m\u1ebb cho b\u1ed9 b\u00e0n \u0103n trong gia \u0111\u00ecnh ch\u00fang ta, \u0111\u1ed3ng th\u1eddi k\u1ebft h\u1ee3p th\u00eam option m\u00e0u s\u1eafc phong ph\u00fa, s\u1ebd t\u0103ng th\u00eam ph\u1ea7n cu\u1ed9c s\u1ed1ng mu\u00f4n m\u00e0u trong ng\u00f4i nh\u00e0 c\u1ee7a ch\u00ednh b\u1ea1n. D\u1ec5 d\u00e0ng ph\u1ed1i h\u1ee3p v\u00e0 b\u00e0i tr\u00ed v\u1edbi c\u00e1c s\u1ea3n ph\u1ea9m n\u1ed9i th\u1ea5t kh\u00e1c Kh\u1ed1i l\u01b0\u1ee3ng nh\u1eb9 v\u00e0 ki\u1ec3u d\u00e1ng thon g\u1ecdn, d\u1ec5 d\u00e0ng di chuy\u1ec3n m\u1ecdi n\u01a1i. M\u00e0u s\u1eafc \u0111a d\u1ea1ng cho kh\u00e1ch h\u00e0ng l\u1ef1a ch\u1ecdn.\" \/>\n<meta property=\"og:url\" content=\"https:\/\/amafurni.vn\/en\/product\/ghe-cafe-bunny-nhua-duc-dac-hien-dai-ama-bunny\/\" \/>\n<meta property=\"og:site_name\" content=\"AMAFURNI\" \/>\n<meta property=\"article:modified_time\" content=\"2025-11-12T07:11:39+00:00\" \/>\n<meta property=\"og:image\" content=\"https:\/\/amafurni.vn\/wp-content\/uploads\/2023\/12\/ghe-cafe-bunny-nhua-duc-dac-hien-dai-ama-bunny_6571781b0680b.jpeg\" \/>\n\t<meta property=\"og:image:width\" content=\"800\" \/>\n\t<meta property=\"og:image:height\" content=\"800\" \/>\n\t<meta property=\"og:image:type\" content=\"image\/jpeg\" \/>\n<meta name=\"twitter:card\" content=\"summary_large_image\" \/>\n<meta name=\"twitter:label1\" content=\"Est. reading time\" \/>\n\t<meta name=\"twitter:data1\" content=\"1 minute\" \/>\n<script type=\"application\/ld+json\" class=\"yoast-schema-graph\">{\"@context\":\"https:\/\/schema.org\",\"@graph\":[{\"@type\":\"WebPage\",\"@id\":\"https:\/\/amafurni.vn\/san-pham\/ghe-cafe-bunny-nhua-duc-dac-hien-dai-ama-bunny\/\",\"url\":\"https:\/\/amafurni.vn\/san-pham\/ghe-cafe-bunny-nhua-duc-dac-hien-dai-ama-bunny\/\",\"name\":\"Gh\u1ebf Cafe Bunny Nh\u1ef1a \u0111\u00fac \u0111\u1eb7c hi\u1ec7n \u0111\u1ea1i AMA-Bunny - AMAFURNI\",\"isPartOf\":{\"@id\":\"https:\/\/amafurni.vn\/#website\"},\"datePublished\":\"2023-12-07T07:45:30+00:00\",\"dateModified\":\"2025-11-12T07:11:39+00:00\",\"breadcrumb\":{\"@id\":\"https:\/\/amafurni.vn\/san-pham\/ghe-cafe-bunny-nhua-duc-dac-hien-dai-ama-bunny\/#breadcrumb\"},\"inLanguage\":\"en-US\",\"potentialAction\":[{\"@type\":\"ReadAction\",\"target\":[\"https:\/\/amafurni.vn\/san-pham\/ghe-cafe-bunny-nhua-duc-dac-hien-dai-ama-bunny\/\"]}]},{\"@type\":\"BreadcrumbList\",\"@id\":\"https:\/\/amafurni.vn\/san-pham\/ghe-cafe-bunny-nhua-duc-dac-hien-dai-ama-bunny\/#breadcrumb\",\"itemListElement\":[{\"@type\":\"ListItem\",\"position\":1,\"name\":\"Trang ch\u1ee7\",\"item\":\"https:\/\/amafurni.vn\/\"},{\"@type\":\"ListItem\",\"position\":2,\"name\":\"S\u1ea3n ph\u1ea9m\",\"item\":\"https:\/\/amafurni.vn\/san-pham\/\"},{\"@type\":\"ListItem\",\"position\":3,\"name\":\"Gh\u1ebf Cafe Bunny Nh\u1ef1a \u0111\u00fac \u0111\u1eb7c hi\u1ec7n \u0111\u1ea1i AMA-Bunny\"}]},{\"@type\":\"WebSite\",\"@id\":\"https:\/\/amafurni.vn\/#website\",\"url\":\"https:\/\/amafurni.vn\/\",\"name\":\"AMAFURNI\",\"description\":\"\",\"potentialAction\":[{\"@type\":\"SearchAction\",\"target\":{\"@type\":\"EntryPoint\",\"urlTemplate\":\"https:\/\/amafurni.vn\/?s={search_term_string}\"},\"query-input\":\"required name=search_term_string\"}],\"inLanguage\":\"en-US\"}]}<\/script>\n<!-- \/ Yoast SEO Premium plugin. -->","yoast_head_json":{"title":"Gh\u1ebf Cafe Bunny Nh\u1ef1a \u0111\u00fac \u0111\u1eb7c hi\u1ec7n \u0111\u1ea1i AMA-Bunny - AMAFURNI","robots":{"index":"index","follow":"follow","max-snippet":"max-snippet:-1","max-image-preview":"max-image-preview:large","max-video-preview":"max-video-preview:-1"},"canonical":"https:\/\/amafurni.vn\/en\/product\/ghe-cafe-bunny-nhua-duc-dac-hien-dai-ama-bunny\/","og_locale":"en_US","og_type":"article","og_title":"Gh\u1ebf Cafe Bunny Nh\u1ef1a \u0111\u00fac \u0111\u1eb7c hi\u1ec7n \u0111\u1ea1i AMA-Bunny","og_description":"Gh\u1ebf Cafe Bunny\u00a0l\u00e0 1 s\u1ea3n ph\u1ea9m \u0111\u01b0\u1ee3c nh\u1eadp kh\u1ea9u tr\u1ef1c ti\u1ebfp t\u1eeb n\u01b0\u1edbc ngo\u00e0i c\u1ee7a V\u1edbi Ch\u1ea5t Li\u1ec7u Nh\u1ef1a PP cao c\u1ea5p 100%, M\u00e0u s\u1eafc phong ph\u00fa, mang l\u1ea1i mu\u00f4n m\u00e0u cho ng\u00f4i nh\u00e0 b\u1ea1n . GH\u1ebe CAFE BUNNY v\u1edbi thi\u1ebft k\u1ebf tinh t\u1ebf t\u1ed1i gi\u1ea3n \u0111\u1ebfn t\u1eebng chi ti\u1ebft, m\u1eabu\u00a0\u00a0gh\u1ebf Bunny\u00a0th\u1ef1c s\u1ef1 l\u00e0 1 l\u1ef1a ch\u1ecdn m\u1edbi m\u1ebb cho b\u1ed9 b\u00e0n \u0103n trong gia \u0111\u00ecnh ch\u00fang ta, \u0111\u1ed3ng th\u1eddi k\u1ebft h\u1ee3p th\u00eam option m\u00e0u s\u1eafc phong ph\u00fa, s\u1ebd t\u0103ng th\u00eam ph\u1ea7n cu\u1ed9c s\u1ed1ng mu\u00f4n m\u00e0u trong ng\u00f4i nh\u00e0 c\u1ee7a ch\u00ednh b\u1ea1n. D\u1ec5 d\u00e0ng ph\u1ed1i h\u1ee3p v\u00e0 b\u00e0i tr\u00ed v\u1edbi c\u00e1c s\u1ea3n ph\u1ea9m n\u1ed9i th\u1ea5t kh\u00e1c Kh\u1ed1i l\u01b0\u1ee3ng nh\u1eb9 v\u00e0 ki\u1ec3u d\u00e1ng thon g\u1ecdn, d\u1ec5 d\u00e0ng di chuy\u1ec3n m\u1ecdi n\u01a1i. M\u00e0u s\u1eafc \u0111a d\u1ea1ng cho kh\u00e1ch h\u00e0ng l\u1ef1a ch\u1ecdn.","og_url":"https:\/\/amafurni.vn\/en\/product\/ghe-cafe-bunny-nhua-duc-dac-hien-dai-ama-bunny\/","og_site_name":"AMAFURNI","article_modified_time":"2025-11-12T07:11:39+00:00","og_image":[{"width":800,"height":800,"url":"https:\/\/amafurni.vn\/wp-content\/uploads\/2023\/12\/ghe-cafe-bunny-nhua-duc-dac-hien-dai-ama-bunny_6571781b0680b.jpeg","type":"image\/jpeg"}],"twitter_card":"summary_large_image","twitter_misc":{"Est. reading time":"1 minute"},"schema":{"@context":"https:\/\/schema.org","@graph":[{"@type":"WebPage","@id":"https:\/\/amafurni.vn\/san-pham\/ghe-cafe-bunny-nhua-duc-dac-hien-dai-ama-bunny\/","url":"https:\/\/amafurni.vn\/san-pham\/ghe-cafe-bunny-nhua-duc-dac-hien-dai-ama-bunny\/","name":"Gh\u1ebf Cafe Bunny Nh\u1ef1a \u0111\u00fac \u0111\u1eb7c hi\u1ec7n \u0111\u1ea1i AMA-Bunny - AMAFURNI","isPartOf":{"@id":"https:\/\/amafurni.vn\/#website"},"datePublished":"2023-12-07T07:45:30+00:00","dateModified":"2025-11-12T07:11:39+00:00","breadcrumb":{"@id":"https:\/\/amafurni.vn\/san-pham\/ghe-cafe-bunny-nhua-duc-dac-hien-dai-ama-bunny\/#breadcrumb"},"inLanguage":"en-US","potentialAction":[{"@type":"ReadAction","target":["https:\/\/amafurni.vn\/san-pham\/ghe-cafe-bunny-nhua-duc-dac-hien-dai-ama-bunny\/"]}]},{"@type":"BreadcrumbList","@id":"https:\/\/amafurni.vn\/san-pham\/ghe-cafe-bunny-nhua-duc-dac-hien-dai-ama-bunny\/#breadcrumb","itemListElement":[{"@type":"ListItem","position":1,"name":"Trang ch\u1ee7","item":"https:\/\/amafurni.vn\/"},{"@type":"ListItem","position":2,"name":"S\u1ea3n ph\u1ea9m","item":"https:\/\/amafurni.vn\/san-pham\/"},{"@type":"ListItem","position":3,"name":"Gh\u1ebf Cafe Bunny Nh\u1ef1a \u0111\u00fac \u0111\u1eb7c hi\u1ec7n \u0111\u1ea1i AMA-Bunny"}]},{"@type":"WebSite","@id":"https:\/\/amafurni.vn\/#website","url":"https:\/\/amafurni.vn\/","name":"AMAFURNI","description":"","potentialAction":[{"@type":"SearchAction","target":{"@type":"EntryPoint","urlTemplate":"https:\/\/amafurni.vn\/?s={search_term_string}"},"query-input":"required name=search_term_string"}],"inLanguage":"en-US"}]}},"_links":{"self":[{"href":"https:\/\/amafurni.vn\/en\/wp-json\/wp\/v2\/product\/4847"}],"collection":[{"href":"https:\/\/amafurni.vn\/en\/wp-json\/wp\/v2\/product"}],"about":[{"href":"https:\/\/amafurni.vn\/en\/wp-json\/wp\/v2\/types\/product"}],"replies":[{"embeddable":true,"href":"https:\/\/amafurni.vn\/en\/wp-json\/wp\/v2\/comments?post=4847"}],"wp:featuredmedia":[{"embeddable":true,"href":"https:\/\/amafurni.vn\/en\/wp-json\/wp\/v2\/media\/4848"}],"wp:attachment":[{"href":"https:\/\/amafurni.vn\/en\/wp-json\/wp\/v2\/media?parent=4847"}],"wp:term":[{"taxonomy":"product_cat","embeddable":true,"href":"https:\/\/amafurni.vn\/en\/wp-json\/wp\/v2\/product_cat?post=4847"},{"taxonomy":"product_tag","embeddable":true,"href":"https:\/\/amafurni.vn\/en\/wp-json\/wp\/v2\/product_tag?post=4847"}],"curies":[{"name":"wp","href":"https:\/\/api.w.org\/{rel}","templated":true}]}}