{"id":4857,"date":"2023-12-07T14:46:09","date_gmt":"2023-12-07T07:46:09","guid":{"rendered":"https:\/\/amafurni.123websitedev.com\/san-pham\/ghe-cafe-hay-chair-chan-go-plywood-vai-da-ama-hay-26g-pu\/"},"modified":"2025-11-12T14:11:40","modified_gmt":"2025-11-12T07:11:40","slug":"ghe-cafe-hay-chair-chan-go-plywood-vai-da-ama-hay-26g-pu","status":"publish","type":"product","link":"https:\/\/amafurni.vn\/en\/product\/ghe-cafe-hay-chair-chan-go-plywood-vai-da-ama-hay-26g-pu\/","title":{"rendered":"GH\u1ebe CAFE HAY CHAIR CH\u00c2N G\u1ed6 PLYWOOD V\u1ea2I DA  AMA-Hay 26G-PU"},"content":{"rendered":"<table border=\"1\" height=\"299\">\n<tbody><\/tbody>\n<tbody>\n<tr>\n<td><span><strong>Material<\/strong><\/span><\/td>\n<td>\n<p><span><strong><\/strong><\/span><\/p>\n<p><span><strong>Size<\/strong><\/span><\/p>\n<p><span><strong>(D\u00e0i*R\u1ed9ng*cao)<\/strong><\/span><\/p>\n<\/td>\n<td><span><strong><\/strong><\/span><\/td>\n<td><span><strong>T\u00ednh N\u0103ng<\/strong><\/span><\/td>\n<td><span><strong>M\u00e0u S\u1eafc<\/strong><\/span><\/td>\n<td><span><strong>Xu\u1ea5t X\u1ee9<\/strong><\/span><\/td>\n<td><span><strong>B\u1ea3o h\u00e0nh<\/strong><\/span><\/td>\n<\/tr>\n<tr>\n<td>\n<p>\u00a0<\/p>\n<ul>\n<li>Ch\u1ea5t li\u1ec7u :\u00a0<span>\u00a0Ch\u00e2n nh\u00f4m s\u01a1n t\u0129nh \u0111i\u1ec7n , N\u1ec7m V\u1ea3i Da C\u01b0\u01a1ng Ng\u1ef1a<\/span><\/li>\n<li>Xu\u1ea5t x\u1ee9 :\u00a0 nh\u1eadp kh\u1ea9u<\/li>\n<\/ul>\n<p>Gi\u00e1 ch\u01b0a bao g\u1ed3m 10% VAT<\/p>\n<\/td>\n<td>\n<p>\u00a0 \u00a0 \u00a0. \u0110ANG C\u1eacP\u00a0 \u00a0 \u00a0 \u00a0NH\u1eacT\u00a0<\/p>\n<\/td>\n<td>\n<p><span><\/span><\/p>\n<\/td>\n<td>\n<p><span>Gh\u1ebf Cafe Hay Chair ch\u00e2n g\u1ed7 Plywood v\u1ea3i da c\u01b0\u01a1ng ng\u1ef1a l\u00e0 m\u1ed9t s\u1ea3n ph\u1ea9m tinh t\u1ebf , \u0111\u1ed9c \u0111\u00e1o \u0111\u01b0\u1ee3c nh\u1eadp kh\u1ea9u tr\u1ef1c ti\u1ebfp c\u1ee7a\u00a0\u00a0V\u1edbi thi\u1ebft k\u1ebf ch\u00e2n g\u1ed7 plywood t\u1ea1o n\u00ean s\u1ef1 ch\u1eafc ch\u1eafn an to\u00e0n khi ng\u1ed3i . M\u1eb7t gh\u1ebf \u0111\u01b0\u1ee3c l\u00f3t m\u00fat D40 \u00eam \u00e1i b\u1ecdc v\u1ea3i da c\u01b0\u01a1ng ng\u1ef1a cao c\u1ea5p , v\u1edbi ph\u1ea7n l\u01b0ng gh\u1ebf cong t\u1ea1o n\u00ean s\u1ef1 tho\u1ea3i m\u00e1i khi \u00f4m tr\u1ecdn c\u01a1 th\u1ec3 v\u00e0o ph\u1ea7n l\u01b0ng gh\u1ebf .<\/span><\/p>\n<p><span>Gh\u1ebf Cafe Hay Chair 26G-PU ch\u00e2n g\u1ed7 plywood v\u1ea3i Da c\u01b0\u01a1ng ng\u1ef1a cao c\u1ea5p ph\u00f9 h\u1ee3p s\u1eed d\u1ee5ng l\u00e0m gh\u1ebf \u0103n , gh\u1ebf cafe cho nh\u00e0 h\u00e0ng cafe ho\u1eb7c ph\u00f2ng \u0103n gia \u0111\u00ecnh .Ngo\u00e0i ra Gh\u1ebf c\u00f2n c\u00f3 th\u1ec3 l\u00e0m gh\u1ebf ti\u1ebfp kh\u00e1ch c\u0169ng l\u00e0 m\u1ed9t l\u1ef1a ch\u1ecdn ph\u00f9 h\u1ee3p cho ph\u00f2ng kh\u00e1ch .<\/span><\/p>\n<\/td>\n<td>\n<p>NHI\u1ec0U M\u00c0U<\/p>\n<\/p>\n<p><span>X\u00e1m , N\u00e2u<\/span><\/p>\n<\/td>\n<td>Nh\u1eadp Ngo\u1ea1i<\/td>\n<td>\n<p>. 12 th\u00e1ng k\u1ef9 thu\u1eadt<\/p>\n<p>. Ben h\u01a1i 1 \u0111\u1ed5i 1<\/p>\n<\/td>\n<\/tr>\n<\/tbody>\n<\/table>","protected":false},"excerpt":{"rendered":"<p>Gh\u1ebf Cafe Hay Chair ch\u00e2n g\u1ed7 Plywood v\u1ea3i da c\u01b0\u01a1ng ng\u1ef1a l\u00e0 m\u1ed9t s\u1ea3n ph\u1ea9m tinh t\u1ebf , \u0111\u1ed9c \u0111\u00e1o \u0111\u01b0\u1ee3c nh\u1eadp kh\u1ea9u tr\u1ef1c ti\u1ebfp c\u1ee7a\u00a0\u00a0V\u1edbi thi\u1ebft k\u1ebf ch\u00e2n g\u1ed7 plywood t\u1ea1o n\u00ean s\u1ef1 ch\u1eafc ch\u1eafn an to\u00e0n khi ng\u1ed3i . M\u1eb7t gh\u1ebf \u0111\u01b0\u1ee3c l\u00f3t m\u00fat D40 \u00eam \u00e1i b\u1ecdc v\u1ea3i da c\u01b0\u01a1ng ng\u1ef1a cao c\u1ea5p , v\u1edbi ph\u1ea7n l\u01b0ng gh\u1ebf cong t\u1ea1o n\u00ean s\u1ef1 tho\u1ea3i m\u00e1i khi \u00f4m tr\u1ecdn c\u01a1 th\u1ec3 v\u00e0o ph\u1ea7n l\u01b0ng gh\u1ebf .<\/p>","protected":false},"featured_media":4858,"comment_status":"open","ping_status":"closed","template":"","meta":[],"product_cat":[100,588],"product_tag":[],"yoast_head":"<!-- This site is optimized with the Yoast SEO Premium plugin v21.7 (Yoast SEO v21.7) - https:\/\/yoast.com\/wordpress\/plugins\/seo\/ -->\n<title>GH\u1ebe CAFE HAY CHAIR CH\u00c2N G\u1ed6 PLYWOOD V\u1ea2I DA AMA-Hay 26G-PU - AMAFURNI<\/title>\n<meta name=\"robots\" content=\"index, follow, max-snippet:-1, max-image-preview:large, max-video-preview:-1\" \/>\n<link rel=\"canonical\" href=\"https:\/\/amafurni.vn\/en\/product\/ghe-cafe-hay-chair-chan-go-plywood-vai-da-ama-hay-26g-pu\/\" \/>\n<meta property=\"og:locale\" content=\"en_US\" \/>\n<meta property=\"og:type\" content=\"article\" \/>\n<meta property=\"og:title\" content=\"GH\u1ebe CAFE HAY CHAIR CH\u00c2N G\u1ed6 PLYWOOD V\u1ea2I DA AMA-Hay 26G-PU\" \/>\n<meta property=\"og:description\" content=\"Gh\u1ebf Cafe Hay Chair ch\u00e2n g\u1ed7 Plywood v\u1ea3i da c\u01b0\u01a1ng ng\u1ef1a l\u00e0 m\u1ed9t s\u1ea3n ph\u1ea9m tinh t\u1ebf , \u0111\u1ed9c \u0111\u00e1o \u0111\u01b0\u1ee3c nh\u1eadp kh\u1ea9u tr\u1ef1c ti\u1ebfp c\u1ee7a\u00a0\u00a0V\u1edbi thi\u1ebft k\u1ebf ch\u00e2n g\u1ed7 plywood t\u1ea1o n\u00ean s\u1ef1 ch\u1eafc ch\u1eafn an to\u00e0n khi ng\u1ed3i . M\u1eb7t gh\u1ebf \u0111\u01b0\u1ee3c l\u00f3t m\u00fat D40 \u00eam \u00e1i b\u1ecdc v\u1ea3i da c\u01b0\u01a1ng ng\u1ef1a cao c\u1ea5p , v\u1edbi ph\u1ea7n l\u01b0ng gh\u1ebf cong t\u1ea1o n\u00ean s\u1ef1 tho\u1ea3i m\u00e1i khi \u00f4m tr\u1ecdn c\u01a1 th\u1ec3 v\u00e0o ph\u1ea7n l\u01b0ng gh\u1ebf .\" \/>\n<meta property=\"og:url\" content=\"https:\/\/amafurni.vn\/en\/product\/ghe-cafe-hay-chair-chan-go-plywood-vai-da-ama-hay-26g-pu\/\" \/>\n<meta property=\"og:site_name\" content=\"AMAFURNI\" \/>\n<meta property=\"article:modified_time\" content=\"2025-11-12T07:11:40+00:00\" \/>\n<meta property=\"og:image\" content=\"https:\/\/amafurni.vn\/wp-content\/uploads\/2023\/12\/ghe-cafe-hay-chair-chan-go-plywood-vai-da-ama-hay-26g-pu_65717841c6873.jpeg\" \/>\n\t<meta property=\"og:image:width\" content=\"800\" \/>\n\t<meta property=\"og:image:height\" content=\"800\" \/>\n\t<meta property=\"og:image:type\" content=\"image\/jpeg\" \/>\n<meta name=\"twitter:card\" content=\"summary_large_image\" \/>\n<meta name=\"twitter:label1\" content=\"Est. reading time\" \/>\n\t<meta name=\"twitter:data1\" content=\"1 minute\" \/>\n<script type=\"application\/ld+json\" class=\"yoast-schema-graph\">{\"@context\":\"https:\/\/schema.org\",\"@graph\":[{\"@type\":\"WebPage\",\"@id\":\"https:\/\/amafurni.vn\/san-pham\/ghe-cafe-hay-chair-chan-go-plywood-vai-da-ama-hay-26g-pu\/\",\"url\":\"https:\/\/amafurni.vn\/san-pham\/ghe-cafe-hay-chair-chan-go-plywood-vai-da-ama-hay-26g-pu\/\",\"name\":\"GH\u1ebe CAFE HAY CHAIR CH\u00c2N G\u1ed6 PLYWOOD V\u1ea2I DA AMA-Hay 26G-PU - AMAFURNI\",\"isPartOf\":{\"@id\":\"https:\/\/amafurni.vn\/#website\"},\"datePublished\":\"2023-12-07T07:46:09+00:00\",\"dateModified\":\"2025-11-12T07:11:40+00:00\",\"breadcrumb\":{\"@id\":\"https:\/\/amafurni.vn\/san-pham\/ghe-cafe-hay-chair-chan-go-plywood-vai-da-ama-hay-26g-pu\/#breadcrumb\"},\"inLanguage\":\"en-US\",\"potentialAction\":[{\"@type\":\"ReadAction\",\"target\":[\"https:\/\/amafurni.vn\/san-pham\/ghe-cafe-hay-chair-chan-go-plywood-vai-da-ama-hay-26g-pu\/\"]}]},{\"@type\":\"BreadcrumbList\",\"@id\":\"https:\/\/amafurni.vn\/san-pham\/ghe-cafe-hay-chair-chan-go-plywood-vai-da-ama-hay-26g-pu\/#breadcrumb\",\"itemListElement\":[{\"@type\":\"ListItem\",\"position\":1,\"name\":\"Trang ch\u1ee7\",\"item\":\"https:\/\/amafurni.vn\/\"},{\"@type\":\"ListItem\",\"position\":2,\"name\":\"S\u1ea3n ph\u1ea9m\",\"item\":\"https:\/\/amafurni.vn\/san-pham\/\"},{\"@type\":\"ListItem\",\"position\":3,\"name\":\"GH\u1ebe CAFE HAY CHAIR CH\u00c2N G\u1ed6 PLYWOOD V\u1ea2I DA AMA-Hay 26G-PU\"}]},{\"@type\":\"WebSite\",\"@id\":\"https:\/\/amafurni.vn\/#website\",\"url\":\"https:\/\/amafurni.vn\/\",\"name\":\"AMAFURNI\",\"description\":\"\",\"potentialAction\":[{\"@type\":\"SearchAction\",\"target\":{\"@type\":\"EntryPoint\",\"urlTemplate\":\"https:\/\/amafurni.vn\/?s={search_term_string}\"},\"query-input\":\"required name=search_term_string\"}],\"inLanguage\":\"en-US\"}]}<\/script>\n<!-- \/ Yoast SEO Premium plugin. -->","yoast_head_json":{"title":"GH\u1ebe CAFE HAY CHAIR CH\u00c2N G\u1ed6 PLYWOOD V\u1ea2I DA AMA-Hay 26G-PU - AMAFURNI","robots":{"index":"index","follow":"follow","max-snippet":"max-snippet:-1","max-image-preview":"max-image-preview:large","max-video-preview":"max-video-preview:-1"},"canonical":"https:\/\/amafurni.vn\/en\/product\/ghe-cafe-hay-chair-chan-go-plywood-vai-da-ama-hay-26g-pu\/","og_locale":"en_US","og_type":"article","og_title":"GH\u1ebe CAFE HAY CHAIR CH\u00c2N G\u1ed6 PLYWOOD V\u1ea2I DA AMA-Hay 26G-PU","og_description":"Gh\u1ebf Cafe Hay Chair ch\u00e2n g\u1ed7 Plywood v\u1ea3i da c\u01b0\u01a1ng ng\u1ef1a l\u00e0 m\u1ed9t s\u1ea3n ph\u1ea9m tinh t\u1ebf , \u0111\u1ed9c \u0111\u00e1o \u0111\u01b0\u1ee3c nh\u1eadp kh\u1ea9u tr\u1ef1c ti\u1ebfp c\u1ee7a\u00a0\u00a0V\u1edbi thi\u1ebft k\u1ebf ch\u00e2n g\u1ed7 plywood t\u1ea1o n\u00ean s\u1ef1 ch\u1eafc ch\u1eafn an to\u00e0n khi ng\u1ed3i . M\u1eb7t gh\u1ebf \u0111\u01b0\u1ee3c l\u00f3t m\u00fat D40 \u00eam \u00e1i b\u1ecdc v\u1ea3i da c\u01b0\u01a1ng ng\u1ef1a cao c\u1ea5p , v\u1edbi ph\u1ea7n l\u01b0ng gh\u1ebf cong t\u1ea1o n\u00ean s\u1ef1 tho\u1ea3i m\u00e1i khi \u00f4m tr\u1ecdn c\u01a1 th\u1ec3 v\u00e0o ph\u1ea7n l\u01b0ng gh\u1ebf .","og_url":"https:\/\/amafurni.vn\/en\/product\/ghe-cafe-hay-chair-chan-go-plywood-vai-da-ama-hay-26g-pu\/","og_site_name":"AMAFURNI","article_modified_time":"2025-11-12T07:11:40+00:00","og_image":[{"width":800,"height":800,"url":"https:\/\/amafurni.vn\/wp-content\/uploads\/2023\/12\/ghe-cafe-hay-chair-chan-go-plywood-vai-da-ama-hay-26g-pu_65717841c6873.jpeg","type":"image\/jpeg"}],"twitter_card":"summary_large_image","twitter_misc":{"Est. reading time":"1 minute"},"schema":{"@context":"https:\/\/schema.org","@graph":[{"@type":"WebPage","@id":"https:\/\/amafurni.vn\/san-pham\/ghe-cafe-hay-chair-chan-go-plywood-vai-da-ama-hay-26g-pu\/","url":"https:\/\/amafurni.vn\/san-pham\/ghe-cafe-hay-chair-chan-go-plywood-vai-da-ama-hay-26g-pu\/","name":"GH\u1ebe CAFE HAY CHAIR CH\u00c2N G\u1ed6 PLYWOOD V\u1ea2I DA AMA-Hay 26G-PU - AMAFURNI","isPartOf":{"@id":"https:\/\/amafurni.vn\/#website"},"datePublished":"2023-12-07T07:46:09+00:00","dateModified":"2025-11-12T07:11:40+00:00","breadcrumb":{"@id":"https:\/\/amafurni.vn\/san-pham\/ghe-cafe-hay-chair-chan-go-plywood-vai-da-ama-hay-26g-pu\/#breadcrumb"},"inLanguage":"en-US","potentialAction":[{"@type":"ReadAction","target":["https:\/\/amafurni.vn\/san-pham\/ghe-cafe-hay-chair-chan-go-plywood-vai-da-ama-hay-26g-pu\/"]}]},{"@type":"BreadcrumbList","@id":"https:\/\/amafurni.vn\/san-pham\/ghe-cafe-hay-chair-chan-go-plywood-vai-da-ama-hay-26g-pu\/#breadcrumb","itemListElement":[{"@type":"ListItem","position":1,"name":"Trang ch\u1ee7","item":"https:\/\/amafurni.vn\/"},{"@type":"ListItem","position":2,"name":"S\u1ea3n ph\u1ea9m","item":"https:\/\/amafurni.vn\/san-pham\/"},{"@type":"ListItem","position":3,"name":"GH\u1ebe CAFE HAY CHAIR CH\u00c2N G\u1ed6 PLYWOOD V\u1ea2I DA AMA-Hay 26G-PU"}]},{"@type":"WebSite","@id":"https:\/\/amafurni.vn\/#website","url":"https:\/\/amafurni.vn\/","name":"AMAFURNI","description":"","potentialAction":[{"@type":"SearchAction","target":{"@type":"EntryPoint","urlTemplate":"https:\/\/amafurni.vn\/?s={search_term_string}"},"query-input":"required name=search_term_string"}],"inLanguage":"en-US"}]}},"_links":{"self":[{"href":"https:\/\/amafurni.vn\/en\/wp-json\/wp\/v2\/product\/4857"}],"collection":[{"href":"https:\/\/amafurni.vn\/en\/wp-json\/wp\/v2\/product"}],"about":[{"href":"https:\/\/amafurni.vn\/en\/wp-json\/wp\/v2\/types\/product"}],"replies":[{"embeddable":true,"href":"https:\/\/amafurni.vn\/en\/wp-json\/wp\/v2\/comments?post=4857"}],"wp:featuredmedia":[{"embeddable":true,"href":"https:\/\/amafurni.vn\/en\/wp-json\/wp\/v2\/media\/4858"}],"wp:attachment":[{"href":"https:\/\/amafurni.vn\/en\/wp-json\/wp\/v2\/media?parent=4857"}],"wp:term":[{"taxonomy":"product_cat","embeddable":true,"href":"https:\/\/amafurni.vn\/en\/wp-json\/wp\/v2\/product_cat?post=4857"},{"taxonomy":"product_tag","embeddable":true,"href":"https:\/\/amafurni.vn\/en\/wp-json\/wp\/v2\/product_tag?post=4857"}],"curies":[{"name":"wp","href":"https:\/\/api.w.org\/{rel}","templated":true}]}}