{"id":4875,"date":"2023-12-07T14:47:13","date_gmt":"2023-12-07T07:47:13","guid":{"rendered":"https:\/\/amafurni.123websitedev.com\/san-pham\/ghe-cafe-nerd-chair-ama-183\/"},"modified":"2025-11-12T14:11:40","modified_gmt":"2025-11-12T07:11:40","slug":"ghe-cafe-nerd-chair-ama-183","status":"publish","type":"product","link":"https:\/\/amafurni.vn\/en\/product\/ghe-cafe-nerd-chair-ama-183\/","title":{"rendered":"GH\u1ebe CAFE NERD CHAIR AMA-183"},"content":{"rendered":"<table border=\"1\" height=\"299\">\n<tbody><\/tbody>\n<tbody>\n<tr>\n<td><span><strong>Material<\/strong><\/span><\/td>\n<td>\n<p><span><strong><\/strong><\/span><\/p>\n<p><span><strong>Size<\/strong><\/span><\/p>\n<p><span><strong>(D\u00e0i*R\u1ed9ng*cao)<\/strong><\/span><\/p>\n<\/td>\n<td><span><strong>T\u00ednh N\u0103ng<\/strong><\/span><\/td>\n<td><span><strong>M\u00e0u S\u1eafc<\/strong><\/span><\/td>\n<td><span><strong>Xu\u1ea5t X\u1ee9<\/strong><\/span><\/td>\n<td><span><strong>B\u1ea3o h\u00e0nh<\/strong><\/span><\/td>\n<\/tr>\n<tr>\n<td>\n<\/td>\n<td>\n<\/td>\n<td>\n<p><span><\/span><\/p>\n<\/td>\n<td>\n<\/td>\n<td><\/td>\n<td>\n<\/td>\n<\/tr>\n<tr>\n<td>\n<p>\u00a0<\/p>\n<ul>\n<li>Ch\u1ea5t li\u1ec7u :\u00a0<span>nh\u1ef1a PP , n\u1ec7m b\u1ecdc v\u1ea3i nhung<\/span><\/li>\n<li>Xu\u1ea5t x\u1ee9 :\u00a0 nh\u1eadp kh\u1ea9u<\/li>\n<\/ul>\n<p>Gi\u00e1 ch\u01b0a bao g\u1ed3m 10% VAT<\/p>\n<\/td>\n<td>\n<p>\u00a0 \u00a0 \u00a0. \u0110ANG C\u1eacP\u00a0 \u00a0 \u00a0 \u00a0NH\u1eacT\u00a0<\/p>\n<\/td>\n<td>\n<p><span>Gh\u1ebf Cafe ch\u00e2n th\u00e9p t\u0129nh \u0111i\u1ec7n v\u1ea3i b\u1ed1 cao c\u1ea5p ph\u00f9 h\u1ee3p s\u1eed d\u1ee5ng l\u00e0m gh\u1ebf \u0103n , gh\u1ebf cafe cho nh\u00e0 h\u00e0ng cafe ho\u1eb7c ph\u00f2ng \u0103n gia \u0111\u00ecnh .Ngo\u00e0i ra Gh\u1ebf c\u00f2n c\u00f3 th\u1ec3 l\u00e0m gh\u1ebf ti\u1ebfp kh\u00e1ch c\u0169ng l\u00e0 m\u1ed9t l\u1ef1a ch\u1ecdn ph\u00f9 h\u1ee3p cho ph\u00f2ng kh\u00e1ch .<\/span><\/p>\n<p><span>V\u1edbi thi\u1ebft k\u1ebf tinh t\u1ebf , ch\u00e2n gh\u1ebf \u0111\u01b0\u1ee3c l\u00e0m b\u1eb1ng ch\u1ea5t li\u1ec7u s\u1eaft s\u01a1n t\u0129nh \u0111i\u1ec7n t\u1ea1o s\u1ef1 ch\u1eafc ch\u1eafn khi ng\u1ed3i , ch\u00e2n gh\u1ebf \u0111\u01b0\u1ee3c ph\u00e1 c\u00e1ch v\u1edbi thi\u1ebft k\u1ebf c\u00f3 k\u1ebft c\u1ea5u b\u00e1nh xe , linh ho\u1ea1t h\u01a1n khi s\u1eed d\u1ee5ng gh\u1ebf , v\u1ea3i b\u1ed1 cao c\u1ea5p , c\u00f3 l\u00f3t m\u00fat cao c\u1ea5p t\u1ea1o s\u1ef1 \u00eam \u00e1i ,\u00a0 \u0111\u01b0a l\u00ean v\u1ebb ho\u00e0n h\u1ea3o c\u1ee7a\u00a0<\/span><strong>Gh\u1ebf\u00a0<\/strong><span>th\u00eam 1 t\u1ea7m cao m\u1edbi .<\/span><\/p>\n<\/td>\n<td>\n<p>NHI\u1ec0U M\u00c0U<\/p>\n<\/p>\n<p><span>\u00a0\u00a0Tr\u1eafng , x\u00e1m , v\u00e0ng , h\u1ed3ng<\/span><\/p>\n<\/td>\n<td>Nh\u1eadp Ngo\u1ea1i<\/td>\n<td>\n<p>. 12 th\u00e1ng k\u1ef9 thu\u1eadt<\/p>\n<p>. Ben h\u01a1i 1 \u0111\u1ed5i 1<\/p>\n<\/td>\n<\/tr>\n<\/tbody>\n<\/table>","protected":false},"excerpt":{"rendered":"<p>Ch\u1ea5t Li\u1ec7u K\u00edch Th\u01b0\u1edbc (D\u00e0i*R\u1ed9ng*cao) T\u00ednh N\u0103ng M\u00e0u S\u1eafc Xu\u1ea5t X\u1ee9 B\u1ea3o h\u00e0nh \u00a0 Ch\u1ea5t li\u1ec7u :\u00a0nh\u1ef1a PP , n\u1ec7m b\u1ecdc v\u1ea3i nhung Xu\u1ea5t x\u1ee9 :\u00a0 nh\u1eadp kh\u1ea9u Gi\u00e1 ch\u01b0a bao g\u1ed3m 10% VAT \u00a0 \u00a0 \u00a0. \u0110ANG C\u1eacP\u00a0 \u00a0 \u00a0 \u00a0NH\u1eacT\u00a0 Gh\u1ebf Cafe ch\u00e2n th\u00e9p t\u0129nh \u0111i\u1ec7n v\u1ea3i b\u1ed1 cao c\u1ea5p ph\u00f9 h\u1ee3p s\u1eed [&hellip;]<\/p>","protected":false},"featured_media":4876,"comment_status":"open","ping_status":"closed","template":"","meta":[],"product_cat":[100,588],"product_tag":[],"yoast_head":"<!-- This site is optimized with the Yoast SEO Premium plugin v21.7 (Yoast SEO v21.7) - https:\/\/yoast.com\/wordpress\/plugins\/seo\/ -->\n<title>GH\u1ebe CAFE NERD CHAIR AMA-183 - AMAFURNI<\/title>\n<meta name=\"robots\" content=\"index, follow, max-snippet:-1, max-image-preview:large, max-video-preview:-1\" \/>\n<link rel=\"canonical\" href=\"https:\/\/amafurni.vn\/en\/product\/ghe-cafe-nerd-chair-ama-183\/\" \/>\n<meta property=\"og:locale\" content=\"en_US\" \/>\n<meta property=\"og:type\" content=\"article\" \/>\n<meta property=\"og:title\" content=\"GH\u1ebe CAFE NERD CHAIR AMA-183\" \/>\n<meta property=\"og:description\" content=\"Ch\u1ea5t Li\u1ec7u K\u00edch Th\u01b0\u1edbc (D\u00e0i*R\u1ed9ng*cao) T\u00ednh N\u0103ng M\u00e0u S\u1eafc Xu\u1ea5t X\u1ee9 B\u1ea3o h\u00e0nh \u00a0 Ch\u1ea5t li\u1ec7u :\u00a0nh\u1ef1a PP , n\u1ec7m b\u1ecdc v\u1ea3i nhung Xu\u1ea5t x\u1ee9 :\u00a0 nh\u1eadp kh\u1ea9u Gi\u00e1 ch\u01b0a bao g\u1ed3m 10% VAT \u00a0 \u00a0 \u00a0. \u0110ANG C\u1eacP\u00a0 \u00a0 \u00a0 \u00a0NH\u1eacT\u00a0 Gh\u1ebf Cafe ch\u00e2n th\u00e9p t\u0129nh \u0111i\u1ec7n v\u1ea3i b\u1ed1 cao c\u1ea5p ph\u00f9 h\u1ee3p s\u1eed [&hellip;]\" \/>\n<meta property=\"og:url\" content=\"https:\/\/amafurni.vn\/en\/product\/ghe-cafe-nerd-chair-ama-183\/\" \/>\n<meta property=\"og:site_name\" content=\"AMAFURNI\" \/>\n<meta property=\"article:modified_time\" content=\"2025-11-12T07:11:40+00:00\" \/>\n<meta property=\"og:image\" content=\"https:\/\/amafurni.vn\/wp-content\/uploads\/2023\/12\/ghe-cafe-nerd-chair-ama-183_657178820db18.jpeg\" \/>\n\t<meta property=\"og:image:width\" content=\"800\" \/>\n\t<meta property=\"og:image:height\" content=\"800\" \/>\n\t<meta property=\"og:image:type\" content=\"image\/jpeg\" \/>\n<meta name=\"twitter:card\" content=\"summary_large_image\" \/>\n<meta name=\"twitter:label1\" content=\"Est. reading time\" \/>\n\t<meta name=\"twitter:data1\" content=\"1 minute\" \/>\n<script type=\"application\/ld+json\" class=\"yoast-schema-graph\">{\"@context\":\"https:\/\/schema.org\",\"@graph\":[{\"@type\":\"WebPage\",\"@id\":\"https:\/\/amafurni.vn\/san-pham\/ghe-cafe-nerd-chair-ama-183\/\",\"url\":\"https:\/\/amafurni.vn\/san-pham\/ghe-cafe-nerd-chair-ama-183\/\",\"name\":\"GH\u1ebe CAFE NERD CHAIR AMA-183 - AMAFURNI\",\"isPartOf\":{\"@id\":\"https:\/\/amafurni.vn\/#website\"},\"datePublished\":\"2023-12-07T07:47:13+00:00\",\"dateModified\":\"2025-11-12T07:11:40+00:00\",\"breadcrumb\":{\"@id\":\"https:\/\/amafurni.vn\/san-pham\/ghe-cafe-nerd-chair-ama-183\/#breadcrumb\"},\"inLanguage\":\"en-US\",\"potentialAction\":[{\"@type\":\"ReadAction\",\"target\":[\"https:\/\/amafurni.vn\/san-pham\/ghe-cafe-nerd-chair-ama-183\/\"]}]},{\"@type\":\"BreadcrumbList\",\"@id\":\"https:\/\/amafurni.vn\/san-pham\/ghe-cafe-nerd-chair-ama-183\/#breadcrumb\",\"itemListElement\":[{\"@type\":\"ListItem\",\"position\":1,\"name\":\"Trang ch\u1ee7\",\"item\":\"https:\/\/amafurni.vn\/\"},{\"@type\":\"ListItem\",\"position\":2,\"name\":\"S\u1ea3n ph\u1ea9m\",\"item\":\"https:\/\/amafurni.vn\/san-pham\/\"},{\"@type\":\"ListItem\",\"position\":3,\"name\":\"GH\u1ebe CAFE NERD CHAIR AMA-183\"}]},{\"@type\":\"WebSite\",\"@id\":\"https:\/\/amafurni.vn\/#website\",\"url\":\"https:\/\/amafurni.vn\/\",\"name\":\"AMAFURNI\",\"description\":\"\",\"potentialAction\":[{\"@type\":\"SearchAction\",\"target\":{\"@type\":\"EntryPoint\",\"urlTemplate\":\"https:\/\/amafurni.vn\/?s={search_term_string}\"},\"query-input\":\"required name=search_term_string\"}],\"inLanguage\":\"en-US\"}]}<\/script>\n<!-- \/ Yoast SEO Premium plugin. -->","yoast_head_json":{"title":"GH\u1ebe CAFE NERD CHAIR AMA-183 - AMAFURNI","robots":{"index":"index","follow":"follow","max-snippet":"max-snippet:-1","max-image-preview":"max-image-preview:large","max-video-preview":"max-video-preview:-1"},"canonical":"https:\/\/amafurni.vn\/en\/product\/ghe-cafe-nerd-chair-ama-183\/","og_locale":"en_US","og_type":"article","og_title":"GH\u1ebe CAFE NERD CHAIR AMA-183","og_description":"Ch\u1ea5t Li\u1ec7u K\u00edch Th\u01b0\u1edbc (D\u00e0i*R\u1ed9ng*cao) T\u00ednh N\u0103ng M\u00e0u S\u1eafc Xu\u1ea5t X\u1ee9 B\u1ea3o h\u00e0nh \u00a0 Ch\u1ea5t li\u1ec7u :\u00a0nh\u1ef1a PP , n\u1ec7m b\u1ecdc v\u1ea3i nhung Xu\u1ea5t x\u1ee9 :\u00a0 nh\u1eadp kh\u1ea9u Gi\u00e1 ch\u01b0a bao g\u1ed3m 10% VAT \u00a0 \u00a0 \u00a0. \u0110ANG C\u1eacP\u00a0 \u00a0 \u00a0 \u00a0NH\u1eacT\u00a0 Gh\u1ebf Cafe ch\u00e2n th\u00e9p t\u0129nh \u0111i\u1ec7n v\u1ea3i b\u1ed1 cao c\u1ea5p ph\u00f9 h\u1ee3p s\u1eed [&hellip;]","og_url":"https:\/\/amafurni.vn\/en\/product\/ghe-cafe-nerd-chair-ama-183\/","og_site_name":"AMAFURNI","article_modified_time":"2025-11-12T07:11:40+00:00","og_image":[{"width":800,"height":800,"url":"https:\/\/amafurni.vn\/wp-content\/uploads\/2023\/12\/ghe-cafe-nerd-chair-ama-183_657178820db18.jpeg","type":"image\/jpeg"}],"twitter_card":"summary_large_image","twitter_misc":{"Est. reading time":"1 minute"},"schema":{"@context":"https:\/\/schema.org","@graph":[{"@type":"WebPage","@id":"https:\/\/amafurni.vn\/san-pham\/ghe-cafe-nerd-chair-ama-183\/","url":"https:\/\/amafurni.vn\/san-pham\/ghe-cafe-nerd-chair-ama-183\/","name":"GH\u1ebe CAFE NERD CHAIR AMA-183 - AMAFURNI","isPartOf":{"@id":"https:\/\/amafurni.vn\/#website"},"datePublished":"2023-12-07T07:47:13+00:00","dateModified":"2025-11-12T07:11:40+00:00","breadcrumb":{"@id":"https:\/\/amafurni.vn\/san-pham\/ghe-cafe-nerd-chair-ama-183\/#breadcrumb"},"inLanguage":"en-US","potentialAction":[{"@type":"ReadAction","target":["https:\/\/amafurni.vn\/san-pham\/ghe-cafe-nerd-chair-ama-183\/"]}]},{"@type":"BreadcrumbList","@id":"https:\/\/amafurni.vn\/san-pham\/ghe-cafe-nerd-chair-ama-183\/#breadcrumb","itemListElement":[{"@type":"ListItem","position":1,"name":"Trang ch\u1ee7","item":"https:\/\/amafurni.vn\/"},{"@type":"ListItem","position":2,"name":"S\u1ea3n ph\u1ea9m","item":"https:\/\/amafurni.vn\/san-pham\/"},{"@type":"ListItem","position":3,"name":"GH\u1ebe CAFE NERD CHAIR AMA-183"}]},{"@type":"WebSite","@id":"https:\/\/amafurni.vn\/#website","url":"https:\/\/amafurni.vn\/","name":"AMAFURNI","description":"","potentialAction":[{"@type":"SearchAction","target":{"@type":"EntryPoint","urlTemplate":"https:\/\/amafurni.vn\/?s={search_term_string}"},"query-input":"required name=search_term_string"}],"inLanguage":"en-US"}]}},"_links":{"self":[{"href":"https:\/\/amafurni.vn\/en\/wp-json\/wp\/v2\/product\/4875"}],"collection":[{"href":"https:\/\/amafurni.vn\/en\/wp-json\/wp\/v2\/product"}],"about":[{"href":"https:\/\/amafurni.vn\/en\/wp-json\/wp\/v2\/types\/product"}],"replies":[{"embeddable":true,"href":"https:\/\/amafurni.vn\/en\/wp-json\/wp\/v2\/comments?post=4875"}],"wp:featuredmedia":[{"embeddable":true,"href":"https:\/\/amafurni.vn\/en\/wp-json\/wp\/v2\/media\/4876"}],"wp:attachment":[{"href":"https:\/\/amafurni.vn\/en\/wp-json\/wp\/v2\/media?parent=4875"}],"wp:term":[{"taxonomy":"product_cat","embeddable":true,"href":"https:\/\/amafurni.vn\/en\/wp-json\/wp\/v2\/product_cat?post=4875"},{"taxonomy":"product_tag","embeddable":true,"href":"https:\/\/amafurni.vn\/en\/wp-json\/wp\/v2\/product_tag?post=4875"}],"curies":[{"name":"wp","href":"https:\/\/api.w.org\/{rel}","templated":true}]}}