{"id":4888,"date":"2023-12-07T14:47:58","date_gmt":"2023-12-07T07:47:58","guid":{"rendered":"https:\/\/amafurni.123websitedev.com\/san-pham\/ghe-cafe-nhap-khau-ama-j-826\/"},"modified":"2025-11-12T14:11:41","modified_gmt":"2025-11-12T07:11:41","slug":"ghe-cafe-nhap-khau-ama-j-826","status":"publish","type":"product","link":"https:\/\/amafurni.vn\/en\/product\/ghe-cafe-nhap-khau-ama-j-826\/","title":{"rendered":"GH\u1ebe CAFE NH\u1eacP KH\u1ea8U AMA-J-826"},"content":{"rendered":"<table border=\"1\" height=\"299\">\n<tbody><\/tbody>\n<tbody>\n<tr>\n<td><span><strong>Material<\/strong><\/span><\/td>\n<td>\n<p><span><strong><\/strong><\/span><\/p>\n<p><span><strong>Size<\/strong><\/span><\/p>\n<p><span><strong>(D\u00e0i*R\u1ed9ng*cao)<\/strong><\/span><\/p>\n<\/td>\n<td><span><strong>T\u00ednh N\u0103ng<\/strong><\/span><\/td>\n<td><span><strong>M\u00e0u S\u1eafc<\/strong><\/span><\/td>\n<td><span><strong>Xu\u1ea5t X\u1ee9<\/strong><\/span><\/td>\n<td><span><strong>B\u1ea3o h\u00e0nh<\/strong><\/span><\/td>\n<\/tr>\n<tr>\n<td>\n<p>\u00a0<\/p>\n<ul>\n<li>Ch\u1ea5t li\u1ec7u :\u00a0<span>\u00a0S\u1eaft s\u01a1n t\u0129nh \u0111i\u1ec7n<\/span><\/li>\n<li>Xu\u1ea5t x\u1ee9 :\u00a0 nh\u1eadp kh\u1ea9u<\/li>\n<\/ul>\n<p>Gi\u00e1 ch\u01b0a bao g\u1ed3m 10% VAT<\/p>\n<\/td>\n<td><span>55 x 44 x 84 cm<\/span><\/p>\n<p>\u00a0<\/p>\n<\/td>\n<td>\n<p><span>V\u1ec1 ch\u1ea5t li\u1ec7u t\u1ed5ng th\u1ec3 c\u1ee7a<\/span><strong>\u00a0<\/strong><span>th\u00ec ch\u00fang ta c\u00f3 th\u1ec3 d\u1ec5 d\u00e0ng nh\u1eadn ra m\u1eb7t ng\u1ed3i gh\u1ebf ph\u1eb3ng\u00a0t\u1ea1o c\u1ea3m gi\u00e1c tho\u1ea3i m\u00e1i\u00a0v\u00e0 kh\u00f4ng b\u1ecb c\u1ea5n khi ch\u00fang ta ng\u1ed3i. B\u00eanh c\u1ea1nh \u0111\u00f3 l\u00e0 s\u1eaft t\u1ea1o n\u00ean s\u1ef1 ch\u1eafc ch\u1eafn cho chi\u1ebfc gh\u1ebf.<\/span><\/p>\n<\/td>\n<td>\n<p>NHI\u1ec0U M\u00c0U<\/p>\n<\/p>\n<p><span>Tr\u1eafng , \u0110en , \u0110\u1ecf , V\u00e0ng , Cam , Xanh D\u01b0\u01a1ng , Xanh L\u00e1<\/span><\/p>\n<\/td>\n<td>Nh\u1eadp Ngo\u1ea1i<\/td>\n<td>\n<p>. 12 th\u00e1ng k\u1ef9 thu\u1eadt<\/p>\n<p>. Ben h\u01a1i 1 \u0111\u1ed5i 1<\/p>\n<\/td>\n<\/tr>\n<\/tbody>\n<\/table>","protected":false},"excerpt":{"rendered":"<p>V\u1ec1 ch\u1ea5t li\u1ec7u t\u1ed5ng th\u1ec3 c\u1ee7a\u00a0th\u00ec ch\u00fang ta c\u00f3 th\u1ec3 d\u1ec5 d\u00e0ng nh\u1eadn ra m\u1eb7t ng\u1ed3i gh\u1ebf ph\u1eb3ng\u00a0t\u1ea1o c\u1ea3m gi\u00e1c tho\u1ea3i m\u00e1i\u00a0v\u00e0 kh\u00f4ng b\u1ecb c\u1ea5n khi ch\u00fang ta ng\u1ed3i. B\u00eanh c\u1ea1nh \u0111\u00f3 l\u00e0 s\u1eaft t\u1ea1o n\u00ean s\u1ef1 ch\u1eafc ch\u1eafn cho chi\u1ebfc gh\u1ebf.<\/p>","protected":false},"featured_media":4889,"comment_status":"open","ping_status":"closed","template":"","meta":[],"product_cat":[100,588],"product_tag":[],"yoast_head":"<!-- This site is optimized with the Yoast SEO Premium plugin v21.7 (Yoast SEO v21.7) - https:\/\/yoast.com\/wordpress\/plugins\/seo\/ -->\n<title>GH\u1ebe CAFE NH\u1eacP KH\u1ea8U AMA-J-826 - AMAFURNI<\/title>\n<meta name=\"robots\" content=\"index, follow, max-snippet:-1, max-image-preview:large, max-video-preview:-1\" \/>\n<link rel=\"canonical\" href=\"https:\/\/amafurni.vn\/en\/product\/ghe-cafe-nhap-khau-ama-j-826\/\" \/>\n<meta property=\"og:locale\" content=\"en_US\" \/>\n<meta property=\"og:type\" content=\"article\" \/>\n<meta property=\"og:title\" content=\"GH\u1ebe CAFE NH\u1eacP KH\u1ea8U AMA-J-826\" \/>\n<meta property=\"og:description\" content=\"V\u1ec1 ch\u1ea5t li\u1ec7u t\u1ed5ng th\u1ec3 c\u1ee7a\u00a0th\u00ec ch\u00fang ta c\u00f3 th\u1ec3 d\u1ec5 d\u00e0ng nh\u1eadn ra m\u1eb7t ng\u1ed3i gh\u1ebf ph\u1eb3ng\u00a0t\u1ea1o c\u1ea3m gi\u00e1c tho\u1ea3i m\u00e1i\u00a0v\u00e0 kh\u00f4ng b\u1ecb c\u1ea5n khi ch\u00fang ta ng\u1ed3i. B\u00eanh c\u1ea1nh \u0111\u00f3 l\u00e0 s\u1eaft t\u1ea1o n\u00ean s\u1ef1 ch\u1eafc ch\u1eafn cho chi\u1ebfc gh\u1ebf.\" \/>\n<meta property=\"og:url\" content=\"https:\/\/amafurni.vn\/en\/product\/ghe-cafe-nhap-khau-ama-j-826\/\" \/>\n<meta property=\"og:site_name\" content=\"AMAFURNI\" \/>\n<meta property=\"article:modified_time\" content=\"2025-11-12T07:11:41+00:00\" \/>\n<meta property=\"og:image\" content=\"https:\/\/amafurni.vn\/wp-content\/uploads\/2023\/12\/ghe-cafe-nhap-khau-ama-j-826_657178ae77d10.jpeg\" \/>\n\t<meta property=\"og:image:width\" content=\"800\" \/>\n\t<meta property=\"og:image:height\" content=\"800\" \/>\n\t<meta property=\"og:image:type\" content=\"image\/jpeg\" \/>\n<meta name=\"twitter:card\" content=\"summary_large_image\" \/>\n<meta name=\"twitter:label1\" content=\"Est. reading time\" \/>\n\t<meta name=\"twitter:data1\" content=\"1 minute\" \/>\n<script type=\"application\/ld+json\" class=\"yoast-schema-graph\">{\"@context\":\"https:\/\/schema.org\",\"@graph\":[{\"@type\":\"WebPage\",\"@id\":\"https:\/\/amafurni.vn\/san-pham\/ghe-cafe-nhap-khau-ama-j-826\/\",\"url\":\"https:\/\/amafurni.vn\/san-pham\/ghe-cafe-nhap-khau-ama-j-826\/\",\"name\":\"GH\u1ebe CAFE NH\u1eacP KH\u1ea8U AMA-J-826 - AMAFURNI\",\"isPartOf\":{\"@id\":\"https:\/\/amafurni.vn\/#website\"},\"datePublished\":\"2023-12-07T07:47:58+00:00\",\"dateModified\":\"2025-11-12T07:11:41+00:00\",\"breadcrumb\":{\"@id\":\"https:\/\/amafurni.vn\/san-pham\/ghe-cafe-nhap-khau-ama-j-826\/#breadcrumb\"},\"inLanguage\":\"en-US\",\"potentialAction\":[{\"@type\":\"ReadAction\",\"target\":[\"https:\/\/amafurni.vn\/san-pham\/ghe-cafe-nhap-khau-ama-j-826\/\"]}]},{\"@type\":\"BreadcrumbList\",\"@id\":\"https:\/\/amafurni.vn\/san-pham\/ghe-cafe-nhap-khau-ama-j-826\/#breadcrumb\",\"itemListElement\":[{\"@type\":\"ListItem\",\"position\":1,\"name\":\"Trang ch\u1ee7\",\"item\":\"https:\/\/amafurni.vn\/\"},{\"@type\":\"ListItem\",\"position\":2,\"name\":\"S\u1ea3n ph\u1ea9m\",\"item\":\"https:\/\/amafurni.vn\/san-pham\/\"},{\"@type\":\"ListItem\",\"position\":3,\"name\":\"GH\u1ebe CAFE NH\u1eacP KH\u1ea8U AMA-J-826\"}]},{\"@type\":\"WebSite\",\"@id\":\"https:\/\/amafurni.vn\/#website\",\"url\":\"https:\/\/amafurni.vn\/\",\"name\":\"AMAFURNI\",\"description\":\"\",\"potentialAction\":[{\"@type\":\"SearchAction\",\"target\":{\"@type\":\"EntryPoint\",\"urlTemplate\":\"https:\/\/amafurni.vn\/?s={search_term_string}\"},\"query-input\":\"required name=search_term_string\"}],\"inLanguage\":\"en-US\"}]}<\/script>\n<!-- \/ Yoast SEO Premium plugin. -->","yoast_head_json":{"title":"GH\u1ebe CAFE NH\u1eacP KH\u1ea8U AMA-J-826 - AMAFURNI","robots":{"index":"index","follow":"follow","max-snippet":"max-snippet:-1","max-image-preview":"max-image-preview:large","max-video-preview":"max-video-preview:-1"},"canonical":"https:\/\/amafurni.vn\/en\/product\/ghe-cafe-nhap-khau-ama-j-826\/","og_locale":"en_US","og_type":"article","og_title":"GH\u1ebe CAFE NH\u1eacP KH\u1ea8U AMA-J-826","og_description":"V\u1ec1 ch\u1ea5t li\u1ec7u t\u1ed5ng th\u1ec3 c\u1ee7a\u00a0th\u00ec ch\u00fang ta c\u00f3 th\u1ec3 d\u1ec5 d\u00e0ng nh\u1eadn ra m\u1eb7t ng\u1ed3i gh\u1ebf ph\u1eb3ng\u00a0t\u1ea1o c\u1ea3m gi\u00e1c tho\u1ea3i m\u00e1i\u00a0v\u00e0 kh\u00f4ng b\u1ecb c\u1ea5n khi ch\u00fang ta ng\u1ed3i. B\u00eanh c\u1ea1nh \u0111\u00f3 l\u00e0 s\u1eaft t\u1ea1o n\u00ean s\u1ef1 ch\u1eafc ch\u1eafn cho chi\u1ebfc gh\u1ebf.","og_url":"https:\/\/amafurni.vn\/en\/product\/ghe-cafe-nhap-khau-ama-j-826\/","og_site_name":"AMAFURNI","article_modified_time":"2025-11-12T07:11:41+00:00","og_image":[{"width":800,"height":800,"url":"https:\/\/amafurni.vn\/wp-content\/uploads\/2023\/12\/ghe-cafe-nhap-khau-ama-j-826_657178ae77d10.jpeg","type":"image\/jpeg"}],"twitter_card":"summary_large_image","twitter_misc":{"Est. reading time":"1 minute"},"schema":{"@context":"https:\/\/schema.org","@graph":[{"@type":"WebPage","@id":"https:\/\/amafurni.vn\/san-pham\/ghe-cafe-nhap-khau-ama-j-826\/","url":"https:\/\/amafurni.vn\/san-pham\/ghe-cafe-nhap-khau-ama-j-826\/","name":"GH\u1ebe CAFE NH\u1eacP KH\u1ea8U AMA-J-826 - AMAFURNI","isPartOf":{"@id":"https:\/\/amafurni.vn\/#website"},"datePublished":"2023-12-07T07:47:58+00:00","dateModified":"2025-11-12T07:11:41+00:00","breadcrumb":{"@id":"https:\/\/amafurni.vn\/san-pham\/ghe-cafe-nhap-khau-ama-j-826\/#breadcrumb"},"inLanguage":"en-US","potentialAction":[{"@type":"ReadAction","target":["https:\/\/amafurni.vn\/san-pham\/ghe-cafe-nhap-khau-ama-j-826\/"]}]},{"@type":"BreadcrumbList","@id":"https:\/\/amafurni.vn\/san-pham\/ghe-cafe-nhap-khau-ama-j-826\/#breadcrumb","itemListElement":[{"@type":"ListItem","position":1,"name":"Trang ch\u1ee7","item":"https:\/\/amafurni.vn\/"},{"@type":"ListItem","position":2,"name":"S\u1ea3n ph\u1ea9m","item":"https:\/\/amafurni.vn\/san-pham\/"},{"@type":"ListItem","position":3,"name":"GH\u1ebe CAFE NH\u1eacP KH\u1ea8U AMA-J-826"}]},{"@type":"WebSite","@id":"https:\/\/amafurni.vn\/#website","url":"https:\/\/amafurni.vn\/","name":"AMAFURNI","description":"","potentialAction":[{"@type":"SearchAction","target":{"@type":"EntryPoint","urlTemplate":"https:\/\/amafurni.vn\/?s={search_term_string}"},"query-input":"required name=search_term_string"}],"inLanguage":"en-US"}]}},"_links":{"self":[{"href":"https:\/\/amafurni.vn\/en\/wp-json\/wp\/v2\/product\/4888"}],"collection":[{"href":"https:\/\/amafurni.vn\/en\/wp-json\/wp\/v2\/product"}],"about":[{"href":"https:\/\/amafurni.vn\/en\/wp-json\/wp\/v2\/types\/product"}],"replies":[{"embeddable":true,"href":"https:\/\/amafurni.vn\/en\/wp-json\/wp\/v2\/comments?post=4888"}],"wp:featuredmedia":[{"embeddable":true,"href":"https:\/\/amafurni.vn\/en\/wp-json\/wp\/v2\/media\/4889"}],"wp:attachment":[{"href":"https:\/\/amafurni.vn\/en\/wp-json\/wp\/v2\/media?parent=4888"}],"wp:term":[{"taxonomy":"product_cat","embeddable":true,"href":"https:\/\/amafurni.vn\/en\/wp-json\/wp\/v2\/product_cat?post=4888"},{"taxonomy":"product_tag","embeddable":true,"href":"https:\/\/amafurni.vn\/en\/wp-json\/wp\/v2\/product_tag?post=4888"}],"curies":[{"name":"wp","href":"https:\/\/api.w.org\/{rel}","templated":true}]}}