{"id":4892,"date":"2023-12-07T14:48:20","date_gmt":"2023-12-07T07:48:20","guid":{"rendered":"https:\/\/amafurni.123websitedev.com\/san-pham\/ghe-cafe-nhap-khau-ama-jc-919\/"},"modified":"2025-11-12T14:11:41","modified_gmt":"2025-11-12T07:11:41","slug":"ghe-cafe-nhap-khau-ama-jc-919","status":"publish","type":"product","link":"https:\/\/amafurni.vn\/en\/product\/ghe-cafe-nhap-khau-ama-jc-919\/","title":{"rendered":"GH\u1ebe CAFE NH\u1eacP KH\u1ea8U AMA-JC-919"},"content":{"rendered":"<table border=\"1\">\n<tbody><\/tbody>\n<tbody>\n<tr>\n<td><strong>Material<\/strong><\/td>\n<td><strong>Size<\/strong><\/td>\n<td><strong>T\u00ednh N\u0103ng<\/strong><\/td>\n<td><strong>M\u00e0u S\u1eafc<\/strong><\/td>\n<td><strong>Xu\u1ea5t X\u1ee9<\/strong><\/td>\n<td><strong>B\u1ea3o h\u00e0nh<\/strong><\/td>\n<\/tr>\n<tr>\n<td>\n<p>&#8211;<span>G\u1ed7 s\u1ed3i + Nh\u1ef1a PP<\/span><\/p>\n<\/p>\n<\/td>\n<td>\n<p>&#8211;<span>\u0110ang c\u1eadp nh\u1eadt<\/span><\/p>\n<\/td>\n<td>\n<p>H\u00e3y \u0111\u1ec3 b\u1ed9 s\u01b0u t\u1eadp\u00a0<strong>Gh\u1ebf MUUTO NERD CHAIR\u00a0\u00a0<\/strong>v\u00f4 c\u00f9ng \u0111\u1ed9c \u0111\u00e1o , v\u1edbi \u0111a d\u1ea1ng m\u00e0u s\u1eafc gi\u00fap b\u1ea1n t\u00f4 \u0111i\u1ec3m l\u1ea1i kh\u00f4ng gian n\u1ed9i th\u1ea5t tinh t\u1ebf c\u1ea7n c\u00f3 nh\u00e9 . V\u1edbi ch\u1ea5t li\u1ec7u m\u1eb7t gh\u1ebf nh\u1ef1a PP v\u00e0 k\u1ebft h\u1ee3p nhi\u1ec1u m\u00e0u s\u1eafc \u0111a d\u1ea1ng k\u1ebft h\u1ee3p ch\u00e2n g\u1ed7 t\u1ef1 nhi\u00ean ch\u1eafc ch\u1eafn .<\/p>\n<\/td>\n<td>\n<p>\u00a0 NHI\u1ec0U M\u00c0U.\u00a0<\/p>\n<p><span>Tr\u1eafng , \u0110en , X\u00e1m , Xanh D\u01b0\u01a1ng<\/span><\/p>\n<\/td>\n<td>Nh\u1eadp Ngo\u1ea1i<\/td>\n<td>\n<p>06 th\u00e1ng k\u1ef9 thu\u1eadt<\/p>\n<ul>\n<li>L\u1ed7i k\u1ef9 thu\u1eadt<\/li>\n<li>Kh\u00f4ng b\u1ea3o h\u00e0nh ch\u1ea5t li\u1ec7u Da, Pu, Simili, Nh\u1ef1a &#8230;<\/li>\n<\/ul>\n<\/td>\n<\/tr>\n<\/tbody>\n<\/table>","protected":false},"excerpt":{"rendered":"<p>H\u00e3y \u0111\u1ec3 b\u1ed9 s\u01b0u t\u1eadp\u00a0Gh\u1ebf MUUTO NERD CHAIR\u00a0\u00a0v\u00f4 c\u00f9ng \u0111\u1ed9c \u0111\u00e1o , v\u1edbi \u0111a d\u1ea1ng m\u00e0u s\u1eafc gi\u00fap b\u1ea1n t\u00f4 \u0111i\u1ec3m l\u1ea1i kh\u00f4ng gian n\u1ed9i th\u1ea5t tinh t\u1ebf c\u1ea7n c\u00f3 nh\u00e9 . V\u1edbi ch\u1ea5t li\u1ec7u m\u1eb7t gh\u1ebf nh\u1ef1a PP v\u00e0 k\u1ebft h\u1ee3p nhi\u1ec1u m\u00e0u s\u1eafc \u0111a d\u1ea1ng k\u1ebft h\u1ee3p ch\u00e2n g\u1ed7 t\u1ef1 nhi\u00ean ch\u1eafc ch\u1eafn .<\/p>","protected":false},"featured_media":4893,"comment_status":"open","ping_status":"closed","template":"","meta":[],"product_cat":[100,588],"product_tag":[],"yoast_head":"<!-- This site is optimized with the Yoast SEO Premium plugin v21.7 (Yoast SEO v21.7) - https:\/\/yoast.com\/wordpress\/plugins\/seo\/ -->\n<title>GH\u1ebe CAFE NH\u1eacP KH\u1ea8U AMA-JC-919 - AMAFURNI<\/title>\n<meta name=\"robots\" content=\"index, follow, max-snippet:-1, max-image-preview:large, max-video-preview:-1\" \/>\n<link rel=\"canonical\" href=\"https:\/\/amafurni.vn\/en\/product\/ghe-cafe-nhap-khau-ama-jc-919\/\" \/>\n<meta property=\"og:locale\" content=\"en_US\" \/>\n<meta property=\"og:type\" content=\"article\" \/>\n<meta property=\"og:title\" content=\"GH\u1ebe CAFE NH\u1eacP KH\u1ea8U AMA-JC-919\" \/>\n<meta property=\"og:description\" content=\"H\u00e3y \u0111\u1ec3 b\u1ed9 s\u01b0u t\u1eadp\u00a0Gh\u1ebf MUUTO NERD CHAIR\u00a0\u00a0v\u00f4 c\u00f9ng \u0111\u1ed9c \u0111\u00e1o , v\u1edbi \u0111a d\u1ea1ng m\u00e0u s\u1eafc gi\u00fap b\u1ea1n t\u00f4 \u0111i\u1ec3m l\u1ea1i kh\u00f4ng gian n\u1ed9i th\u1ea5t tinh t\u1ebf c\u1ea7n c\u00f3 nh\u00e9 . V\u1edbi ch\u1ea5t li\u1ec7u m\u1eb7t gh\u1ebf nh\u1ef1a PP v\u00e0 k\u1ebft h\u1ee3p nhi\u1ec1u m\u00e0u s\u1eafc \u0111a d\u1ea1ng k\u1ebft h\u1ee3p ch\u00e2n g\u1ed7 t\u1ef1 nhi\u00ean ch\u1eafc ch\u1eafn .\" \/>\n<meta property=\"og:url\" content=\"https:\/\/amafurni.vn\/en\/product\/ghe-cafe-nhap-khau-ama-jc-919\/\" \/>\n<meta property=\"og:site_name\" content=\"AMAFURNI\" \/>\n<meta property=\"article:modified_time\" content=\"2025-11-12T07:11:41+00:00\" \/>\n<meta property=\"og:image\" content=\"https:\/\/amafurni.vn\/wp-content\/uploads\/2023\/12\/ghe-cafe-nhap-khau-ama-jc-919_657178c43b6a7.jpeg\" \/>\n\t<meta property=\"og:image:width\" content=\"800\" \/>\n\t<meta property=\"og:image:height\" content=\"800\" \/>\n\t<meta property=\"og:image:type\" content=\"image\/jpeg\" \/>\n<meta name=\"twitter:card\" content=\"summary_large_image\" \/>\n<meta name=\"twitter:label1\" content=\"Est. reading time\" \/>\n\t<meta name=\"twitter:data1\" content=\"1 minute\" \/>\n<script type=\"application\/ld+json\" class=\"yoast-schema-graph\">{\"@context\":\"https:\/\/schema.org\",\"@graph\":[{\"@type\":\"WebPage\",\"@id\":\"https:\/\/amafurni.vn\/san-pham\/ghe-cafe-nhap-khau-ama-jc-919\/\",\"url\":\"https:\/\/amafurni.vn\/san-pham\/ghe-cafe-nhap-khau-ama-jc-919\/\",\"name\":\"GH\u1ebe CAFE NH\u1eacP KH\u1ea8U AMA-JC-919 - AMAFURNI\",\"isPartOf\":{\"@id\":\"https:\/\/amafurni.vn\/#website\"},\"datePublished\":\"2023-12-07T07:48:20+00:00\",\"dateModified\":\"2025-11-12T07:11:41+00:00\",\"breadcrumb\":{\"@id\":\"https:\/\/amafurni.vn\/san-pham\/ghe-cafe-nhap-khau-ama-jc-919\/#breadcrumb\"},\"inLanguage\":\"en-US\",\"potentialAction\":[{\"@type\":\"ReadAction\",\"target\":[\"https:\/\/amafurni.vn\/san-pham\/ghe-cafe-nhap-khau-ama-jc-919\/\"]}]},{\"@type\":\"BreadcrumbList\",\"@id\":\"https:\/\/amafurni.vn\/san-pham\/ghe-cafe-nhap-khau-ama-jc-919\/#breadcrumb\",\"itemListElement\":[{\"@type\":\"ListItem\",\"position\":1,\"name\":\"Trang ch\u1ee7\",\"item\":\"https:\/\/amafurni.vn\/\"},{\"@type\":\"ListItem\",\"position\":2,\"name\":\"S\u1ea3n ph\u1ea9m\",\"item\":\"https:\/\/amafurni.vn\/san-pham\/\"},{\"@type\":\"ListItem\",\"position\":3,\"name\":\"GH\u1ebe CAFE NH\u1eacP KH\u1ea8U AMA-JC-919\"}]},{\"@type\":\"WebSite\",\"@id\":\"https:\/\/amafurni.vn\/#website\",\"url\":\"https:\/\/amafurni.vn\/\",\"name\":\"AMAFURNI\",\"description\":\"\",\"potentialAction\":[{\"@type\":\"SearchAction\",\"target\":{\"@type\":\"EntryPoint\",\"urlTemplate\":\"https:\/\/amafurni.vn\/?s={search_term_string}\"},\"query-input\":\"required name=search_term_string\"}],\"inLanguage\":\"en-US\"}]}<\/script>\n<!-- \/ Yoast SEO Premium plugin. -->","yoast_head_json":{"title":"GH\u1ebe CAFE NH\u1eacP KH\u1ea8U AMA-JC-919 - AMAFURNI","robots":{"index":"index","follow":"follow","max-snippet":"max-snippet:-1","max-image-preview":"max-image-preview:large","max-video-preview":"max-video-preview:-1"},"canonical":"https:\/\/amafurni.vn\/en\/product\/ghe-cafe-nhap-khau-ama-jc-919\/","og_locale":"en_US","og_type":"article","og_title":"GH\u1ebe CAFE NH\u1eacP KH\u1ea8U AMA-JC-919","og_description":"H\u00e3y \u0111\u1ec3 b\u1ed9 s\u01b0u t\u1eadp\u00a0Gh\u1ebf MUUTO NERD CHAIR\u00a0\u00a0v\u00f4 c\u00f9ng \u0111\u1ed9c \u0111\u00e1o , v\u1edbi \u0111a d\u1ea1ng m\u00e0u s\u1eafc gi\u00fap b\u1ea1n t\u00f4 \u0111i\u1ec3m l\u1ea1i kh\u00f4ng gian n\u1ed9i th\u1ea5t tinh t\u1ebf c\u1ea7n c\u00f3 nh\u00e9 . V\u1edbi ch\u1ea5t li\u1ec7u m\u1eb7t gh\u1ebf nh\u1ef1a PP v\u00e0 k\u1ebft h\u1ee3p nhi\u1ec1u m\u00e0u s\u1eafc \u0111a d\u1ea1ng k\u1ebft h\u1ee3p ch\u00e2n g\u1ed7 t\u1ef1 nhi\u00ean ch\u1eafc ch\u1eafn .","og_url":"https:\/\/amafurni.vn\/en\/product\/ghe-cafe-nhap-khau-ama-jc-919\/","og_site_name":"AMAFURNI","article_modified_time":"2025-11-12T07:11:41+00:00","og_image":[{"width":800,"height":800,"url":"https:\/\/amafurni.vn\/wp-content\/uploads\/2023\/12\/ghe-cafe-nhap-khau-ama-jc-919_657178c43b6a7.jpeg","type":"image\/jpeg"}],"twitter_card":"summary_large_image","twitter_misc":{"Est. reading time":"1 minute"},"schema":{"@context":"https:\/\/schema.org","@graph":[{"@type":"WebPage","@id":"https:\/\/amafurni.vn\/san-pham\/ghe-cafe-nhap-khau-ama-jc-919\/","url":"https:\/\/amafurni.vn\/san-pham\/ghe-cafe-nhap-khau-ama-jc-919\/","name":"GH\u1ebe CAFE NH\u1eacP KH\u1ea8U AMA-JC-919 - AMAFURNI","isPartOf":{"@id":"https:\/\/amafurni.vn\/#website"},"datePublished":"2023-12-07T07:48:20+00:00","dateModified":"2025-11-12T07:11:41+00:00","breadcrumb":{"@id":"https:\/\/amafurni.vn\/san-pham\/ghe-cafe-nhap-khau-ama-jc-919\/#breadcrumb"},"inLanguage":"en-US","potentialAction":[{"@type":"ReadAction","target":["https:\/\/amafurni.vn\/san-pham\/ghe-cafe-nhap-khau-ama-jc-919\/"]}]},{"@type":"BreadcrumbList","@id":"https:\/\/amafurni.vn\/san-pham\/ghe-cafe-nhap-khau-ama-jc-919\/#breadcrumb","itemListElement":[{"@type":"ListItem","position":1,"name":"Trang ch\u1ee7","item":"https:\/\/amafurni.vn\/"},{"@type":"ListItem","position":2,"name":"S\u1ea3n ph\u1ea9m","item":"https:\/\/amafurni.vn\/san-pham\/"},{"@type":"ListItem","position":3,"name":"GH\u1ebe CAFE NH\u1eacP KH\u1ea8U AMA-JC-919"}]},{"@type":"WebSite","@id":"https:\/\/amafurni.vn\/#website","url":"https:\/\/amafurni.vn\/","name":"AMAFURNI","description":"","potentialAction":[{"@type":"SearchAction","target":{"@type":"EntryPoint","urlTemplate":"https:\/\/amafurni.vn\/?s={search_term_string}"},"query-input":"required name=search_term_string"}],"inLanguage":"en-US"}]}},"_links":{"self":[{"href":"https:\/\/amafurni.vn\/en\/wp-json\/wp\/v2\/product\/4892"}],"collection":[{"href":"https:\/\/amafurni.vn\/en\/wp-json\/wp\/v2\/product"}],"about":[{"href":"https:\/\/amafurni.vn\/en\/wp-json\/wp\/v2\/types\/product"}],"replies":[{"embeddable":true,"href":"https:\/\/amafurni.vn\/en\/wp-json\/wp\/v2\/comments?post=4892"}],"wp:featuredmedia":[{"embeddable":true,"href":"https:\/\/amafurni.vn\/en\/wp-json\/wp\/v2\/media\/4893"}],"wp:attachment":[{"href":"https:\/\/amafurni.vn\/en\/wp-json\/wp\/v2\/media?parent=4892"}],"wp:term":[{"taxonomy":"product_cat","embeddable":true,"href":"https:\/\/amafurni.vn\/en\/wp-json\/wp\/v2\/product_cat?post=4892"},{"taxonomy":"product_tag","embeddable":true,"href":"https:\/\/amafurni.vn\/en\/wp-json\/wp\/v2\/product_tag?post=4892"}],"curies":[{"name":"wp","href":"https:\/\/api.w.org\/{rel}","templated":true}]}}