{"id":4894,"date":"2023-12-07T14:48:26","date_gmt":"2023-12-07T07:48:26","guid":{"rendered":"https:\/\/amafurni.123websitedev.com\/san-pham\/ghe-cafe-nhap-khau-ama-je-01-pc\/"},"modified":"2025-11-12T14:11:41","modified_gmt":"2025-11-12T07:11:41","slug":"ghe-cafe-nhap-khau-ama-je-01-pc","status":"publish","type":"product","link":"https:\/\/amafurni.vn\/en\/product\/ghe-cafe-nhap-khau-ama-je-01-pc\/","title":{"rendered":"GH\u1ebe CAFE NH\u1eacP KH\u1ea8U AMA-JE-01-PC"},"content":{"rendered":"<table border=\"1\" height=\"299\">\n<tbody><\/tbody>\n<tbody>\n<tr>\n<td><span><strong>Material<\/strong><\/span><\/td>\n<td>\n<p><span><strong><\/strong><\/span><\/p>\n<p><span><strong>Size<\/strong><\/span><\/p>\n<p><span><strong>(D\u00e0i*R\u1ed9ng*cao)<\/strong><\/span><\/p>\n<\/td>\n<td><span><strong>T\u00ednh N\u0103ng<\/strong><\/span><\/td>\n<td><span><strong>M\u00e0u S\u1eafc<\/strong><\/span><\/td>\n<td><span><strong>Xu\u1ea5t X\u1ee9<\/strong><\/span><\/td>\n<td><span><strong>B\u1ea3o h\u00e0nh<\/strong><\/span><\/td>\n<\/tr>\n<tr>\n<td>\n<p>\u00a0<\/p>\n<ul>\n<li>Ch\u1ea5t li\u1ec7u :\u00a0<span>\u00a0Nh\u1ef1a ABS + Ch\u00e2n G\u1ed7 S\u1ed3i + S\u1eaft S\u01a1n T\u0129nh \u0110i\u1ec7n<\/span><span>\u00a0<\/span><\/li>\n<li>Xu\u1ea5t x\u1ee9 :\u00a0 nh\u1eadp kh\u1ea9u<\/li>\n<\/ul>\n<p>Gi\u00e1 ch\u01b0a bao g\u1ed3m 10% VAT<\/p>\n<\/td>\n<td>\n<p><span>46.5 x 44.5 x 83 cm<\/span><\/p>\n<\/td>\n<td>\n<p>l\u00e0 m\u1ed9t s\u1ea3n ph\u1ea9m \u0111\u1ed9c \u0111\u00e1o v\u00e0 trang nh\u00e3\u00a0c\u1ee7a N\u1ed9i th\u1ea5t Eames\u00a0\u0111\u01b0\u1ee3c nh\u1eadp kh\u1ea9u tr\u1ef1c ti\u1ebfp t\u1eeb n\u01b0\u1edbc ngo\u00e0i v\u1ec1.<\/p>\n<p>Phi\u00ean B\u1ea3n \u0110\u1eb7c Bi\u1ec7t c\u1ee7a\u00a0\u0111\u00e3 \u0111\u1eb9p r\u1ed3i m\u00e0 c\u00f2n \u0111\u1ed9c \u0111\u00e1o h\u01a1n n\u1eefa.<\/p>\n<p>V\u1edbi ch\u1ea5t li\u1ec7u PP nhi\u1ec1u m\u00e0u lu\u00f4n l\u00e0 s\u1ef1 l\u1ef1a chon th\u00edch h\u1ee3p cho t\u1ea5t c\u1ea3 c\u00e1c kh\u00f4ng gian c\u1ee7a gia \u0111\u00ecnh b\u1ea1n.<\/p>\n<\/td>\n<td>\n<p>NHI\u1ec0U M\u00c0U<\/p>\n<\/p>\n<p>NH\u1ef0A TRONG<\/p>\n<\/td>\n<td>Nh\u1eadp Ngo\u1ea1i<\/td>\n<td>\n<p>. 06 th\u00e1ng k\u1ef9 thu\u1eadt<\/p>\n<\/p>\n<\/td>\n<\/tr>\n<\/tbody>\n<\/table>","protected":false},"excerpt":{"rendered":"<p>L\u00e0 m\u1ed9t s\u1ea3n ph\u1ea9m \u0111\u1ed9c \u0111\u00e1o v\u00e0 trang nh\u00e3\u00a0c\u1ee7a N\u1ed9i th\u1ea5t Eames\u00a0\u0111\u01b0\u1ee3c nh\u1eadp kh\u1ea9u tr\u1ef1c ti\u1ebfp t\u1eeb n\u01b0\u1edbc ngo\u00e0i v\u1ec1.<br \/>\nPhi\u00ean B\u1ea3n \u0110\u1eb7c Bi\u1ec7t c\u1ee7a\u00a0\u0111\u00e3 \u0111\u1eb9p r\u1ed3i m\u00e0 c\u00f2n \u0111\u1ed9c \u0111\u00e1o h\u01a1n n\u1eefa.<br \/>\nV\u1edbi ch\u1ea5t li\u1ec7u PP nhi\u1ec1u m\u00e0u lu\u00f4n l\u00e0 s\u1ef1 l\u1ef1a chon th\u00edch h\u1ee3p cho t\u1ea5t c\u1ea3 c\u00e1c kh\u00f4ng gian c\u1ee7a gia \u0111\u00ecnh b\u1ea1n.<\/p>","protected":false},"featured_media":4895,"comment_status":"open","ping_status":"closed","template":"","meta":[],"product_cat":[100,588],"product_tag":[],"yoast_head":"<!-- This site is optimized with the Yoast SEO Premium plugin v21.7 (Yoast SEO v21.7) - https:\/\/yoast.com\/wordpress\/plugins\/seo\/ -->\n<title>GH\u1ebe CAFE NH\u1eacP KH\u1ea8U AMA-JE-01-PC - AMAFURNI<\/title>\n<meta name=\"robots\" content=\"index, follow, max-snippet:-1, max-image-preview:large, max-video-preview:-1\" \/>\n<link rel=\"canonical\" href=\"https:\/\/amafurni.vn\/en\/product\/ghe-cafe-nhap-khau-ama-je-01-pc\/\" \/>\n<meta property=\"og:locale\" content=\"en_US\" \/>\n<meta property=\"og:type\" content=\"article\" \/>\n<meta property=\"og:title\" content=\"GH\u1ebe CAFE NH\u1eacP KH\u1ea8U AMA-JE-01-PC\" \/>\n<meta property=\"og:description\" content=\"L\u00e0 m\u1ed9t s\u1ea3n ph\u1ea9m \u0111\u1ed9c \u0111\u00e1o v\u00e0 trang nh\u00e3\u00a0c\u1ee7a N\u1ed9i th\u1ea5t Eames\u00a0\u0111\u01b0\u1ee3c nh\u1eadp kh\u1ea9u tr\u1ef1c ti\u1ebfp t\u1eeb n\u01b0\u1edbc ngo\u00e0i v\u1ec1. Phi\u00ean B\u1ea3n \u0110\u1eb7c Bi\u1ec7t c\u1ee7a\u00a0\u0111\u00e3 \u0111\u1eb9p r\u1ed3i m\u00e0 c\u00f2n \u0111\u1ed9c \u0111\u00e1o h\u01a1n n\u1eefa. V\u1edbi ch\u1ea5t li\u1ec7u PP nhi\u1ec1u m\u00e0u lu\u00f4n l\u00e0 s\u1ef1 l\u1ef1a chon th\u00edch h\u1ee3p cho t\u1ea5t c\u1ea3 c\u00e1c kh\u00f4ng gian c\u1ee7a gia \u0111\u00ecnh b\u1ea1n.\" \/>\n<meta property=\"og:url\" content=\"https:\/\/amafurni.vn\/en\/product\/ghe-cafe-nhap-khau-ama-je-01-pc\/\" \/>\n<meta property=\"og:site_name\" content=\"AMAFURNI\" \/>\n<meta property=\"article:modified_time\" content=\"2025-11-12T07:11:41+00:00\" \/>\n<meta property=\"og:image\" content=\"https:\/\/amafurni.vn\/wp-content\/uploads\/2023\/12\/ghe-cafe-nhap-khau-ama-je-01-pc_657178ca6f79a.jpeg\" \/>\n\t<meta property=\"og:image:width\" content=\"800\" \/>\n\t<meta property=\"og:image:height\" content=\"800\" \/>\n\t<meta property=\"og:image:type\" content=\"image\/jpeg\" \/>\n<meta name=\"twitter:card\" content=\"summary_large_image\" \/>\n<meta name=\"twitter:label1\" content=\"Est. reading time\" \/>\n\t<meta name=\"twitter:data1\" content=\"1 minute\" \/>\n<script type=\"application\/ld+json\" class=\"yoast-schema-graph\">{\"@context\":\"https:\/\/schema.org\",\"@graph\":[{\"@type\":\"WebPage\",\"@id\":\"https:\/\/amafurni.vn\/san-pham\/ghe-cafe-nhap-khau-ama-je-01-pc\/\",\"url\":\"https:\/\/amafurni.vn\/san-pham\/ghe-cafe-nhap-khau-ama-je-01-pc\/\",\"name\":\"GH\u1ebe CAFE NH\u1eacP KH\u1ea8U AMA-JE-01-PC - AMAFURNI\",\"isPartOf\":{\"@id\":\"https:\/\/amafurni.vn\/#website\"},\"datePublished\":\"2023-12-07T07:48:26+00:00\",\"dateModified\":\"2025-11-12T07:11:41+00:00\",\"breadcrumb\":{\"@id\":\"https:\/\/amafurni.vn\/san-pham\/ghe-cafe-nhap-khau-ama-je-01-pc\/#breadcrumb\"},\"inLanguage\":\"en-US\",\"potentialAction\":[{\"@type\":\"ReadAction\",\"target\":[\"https:\/\/amafurni.vn\/san-pham\/ghe-cafe-nhap-khau-ama-je-01-pc\/\"]}]},{\"@type\":\"BreadcrumbList\",\"@id\":\"https:\/\/amafurni.vn\/san-pham\/ghe-cafe-nhap-khau-ama-je-01-pc\/#breadcrumb\",\"itemListElement\":[{\"@type\":\"ListItem\",\"position\":1,\"name\":\"Trang ch\u1ee7\",\"item\":\"https:\/\/amafurni.vn\/\"},{\"@type\":\"ListItem\",\"position\":2,\"name\":\"S\u1ea3n ph\u1ea9m\",\"item\":\"https:\/\/amafurni.vn\/san-pham\/\"},{\"@type\":\"ListItem\",\"position\":3,\"name\":\"GH\u1ebe CAFE NH\u1eacP KH\u1ea8U AMA-JE-01-PC\"}]},{\"@type\":\"WebSite\",\"@id\":\"https:\/\/amafurni.vn\/#website\",\"url\":\"https:\/\/amafurni.vn\/\",\"name\":\"AMAFURNI\",\"description\":\"\",\"potentialAction\":[{\"@type\":\"SearchAction\",\"target\":{\"@type\":\"EntryPoint\",\"urlTemplate\":\"https:\/\/amafurni.vn\/?s={search_term_string}\"},\"query-input\":\"required name=search_term_string\"}],\"inLanguage\":\"en-US\"}]}<\/script>\n<!-- \/ Yoast SEO Premium plugin. -->","yoast_head_json":{"title":"GH\u1ebe CAFE NH\u1eacP KH\u1ea8U AMA-JE-01-PC - AMAFURNI","robots":{"index":"index","follow":"follow","max-snippet":"max-snippet:-1","max-image-preview":"max-image-preview:large","max-video-preview":"max-video-preview:-1"},"canonical":"https:\/\/amafurni.vn\/en\/product\/ghe-cafe-nhap-khau-ama-je-01-pc\/","og_locale":"en_US","og_type":"article","og_title":"GH\u1ebe CAFE NH\u1eacP KH\u1ea8U AMA-JE-01-PC","og_description":"L\u00e0 m\u1ed9t s\u1ea3n ph\u1ea9m \u0111\u1ed9c \u0111\u00e1o v\u00e0 trang nh\u00e3\u00a0c\u1ee7a N\u1ed9i th\u1ea5t Eames\u00a0\u0111\u01b0\u1ee3c nh\u1eadp kh\u1ea9u tr\u1ef1c ti\u1ebfp t\u1eeb n\u01b0\u1edbc ngo\u00e0i v\u1ec1. Phi\u00ean B\u1ea3n \u0110\u1eb7c Bi\u1ec7t c\u1ee7a\u00a0\u0111\u00e3 \u0111\u1eb9p r\u1ed3i m\u00e0 c\u00f2n \u0111\u1ed9c \u0111\u00e1o h\u01a1n n\u1eefa. V\u1edbi ch\u1ea5t li\u1ec7u PP nhi\u1ec1u m\u00e0u lu\u00f4n l\u00e0 s\u1ef1 l\u1ef1a chon th\u00edch h\u1ee3p cho t\u1ea5t c\u1ea3 c\u00e1c kh\u00f4ng gian c\u1ee7a gia \u0111\u00ecnh b\u1ea1n.","og_url":"https:\/\/amafurni.vn\/en\/product\/ghe-cafe-nhap-khau-ama-je-01-pc\/","og_site_name":"AMAFURNI","article_modified_time":"2025-11-12T07:11:41+00:00","og_image":[{"width":800,"height":800,"url":"https:\/\/amafurni.vn\/wp-content\/uploads\/2023\/12\/ghe-cafe-nhap-khau-ama-je-01-pc_657178ca6f79a.jpeg","type":"image\/jpeg"}],"twitter_card":"summary_large_image","twitter_misc":{"Est. reading time":"1 minute"},"schema":{"@context":"https:\/\/schema.org","@graph":[{"@type":"WebPage","@id":"https:\/\/amafurni.vn\/san-pham\/ghe-cafe-nhap-khau-ama-je-01-pc\/","url":"https:\/\/amafurni.vn\/san-pham\/ghe-cafe-nhap-khau-ama-je-01-pc\/","name":"GH\u1ebe CAFE NH\u1eacP KH\u1ea8U AMA-JE-01-PC - AMAFURNI","isPartOf":{"@id":"https:\/\/amafurni.vn\/#website"},"datePublished":"2023-12-07T07:48:26+00:00","dateModified":"2025-11-12T07:11:41+00:00","breadcrumb":{"@id":"https:\/\/amafurni.vn\/san-pham\/ghe-cafe-nhap-khau-ama-je-01-pc\/#breadcrumb"},"inLanguage":"en-US","potentialAction":[{"@type":"ReadAction","target":["https:\/\/amafurni.vn\/san-pham\/ghe-cafe-nhap-khau-ama-je-01-pc\/"]}]},{"@type":"BreadcrumbList","@id":"https:\/\/amafurni.vn\/san-pham\/ghe-cafe-nhap-khau-ama-je-01-pc\/#breadcrumb","itemListElement":[{"@type":"ListItem","position":1,"name":"Trang ch\u1ee7","item":"https:\/\/amafurni.vn\/"},{"@type":"ListItem","position":2,"name":"S\u1ea3n ph\u1ea9m","item":"https:\/\/amafurni.vn\/san-pham\/"},{"@type":"ListItem","position":3,"name":"GH\u1ebe CAFE NH\u1eacP KH\u1ea8U AMA-JE-01-PC"}]},{"@type":"WebSite","@id":"https:\/\/amafurni.vn\/#website","url":"https:\/\/amafurni.vn\/","name":"AMAFURNI","description":"","potentialAction":[{"@type":"SearchAction","target":{"@type":"EntryPoint","urlTemplate":"https:\/\/amafurni.vn\/?s={search_term_string}"},"query-input":"required name=search_term_string"}],"inLanguage":"en-US"}]}},"_links":{"self":[{"href":"https:\/\/amafurni.vn\/en\/wp-json\/wp\/v2\/product\/4894"}],"collection":[{"href":"https:\/\/amafurni.vn\/en\/wp-json\/wp\/v2\/product"}],"about":[{"href":"https:\/\/amafurni.vn\/en\/wp-json\/wp\/v2\/types\/product"}],"replies":[{"embeddable":true,"href":"https:\/\/amafurni.vn\/en\/wp-json\/wp\/v2\/comments?post=4894"}],"wp:featuredmedia":[{"embeddable":true,"href":"https:\/\/amafurni.vn\/en\/wp-json\/wp\/v2\/media\/4895"}],"wp:attachment":[{"href":"https:\/\/amafurni.vn\/en\/wp-json\/wp\/v2\/media?parent=4894"}],"wp:term":[{"taxonomy":"product_cat","embeddable":true,"href":"https:\/\/amafurni.vn\/en\/wp-json\/wp\/v2\/product_cat?post=4894"},{"taxonomy":"product_tag","embeddable":true,"href":"https:\/\/amafurni.vn\/en\/wp-json\/wp\/v2\/product_tag?post=4894"}],"curies":[{"name":"wp","href":"https:\/\/api.w.org\/{rel}","templated":true}]}}