{"id":4896,"date":"2023-12-07T14:48:33","date_gmt":"2023-12-07T07:48:33","guid":{"rendered":"https:\/\/amafurni.123websitedev.com\/san-pham\/ghe-cafe-nhap-khau-nhieu-mau-75cm-ama-1516b\/"},"modified":"2025-11-12T14:11:41","modified_gmt":"2025-11-12T07:11:41","slug":"ghe-cafe-nhap-khau-nhieu-mau-75cm-ama-1516b","status":"publish","type":"product","link":"https:\/\/amafurni.vn\/en\/product\/ghe-cafe-nhap-khau-nhieu-mau-75cm-ama-1516b\/","title":{"rendered":"GH\u1ebe CAFE NH\u1eacP KH\u1ea8U NHI\u1ec0U M\u00c0U 75CM AMA-1516B"},"content":{"rendered":"<table border=\"1\" height=\"213\">\n<tbody><\/tbody>\n<tbody>\n<tr>\n<td><span><strong>Ch\u1ea5t Li\u1ec7u+ k\u00edch th\u01b0\u1edbc<\/strong><\/span><\/td>\n<td><\/td>\n<td><span><strong>T\u00ednh N\u0103ng<\/strong><\/span><\/td>\n<td><span><strong>M\u00e0u S\u1eafc<\/strong><\/span><\/td>\n<td><span><strong>Xu\u1ea5t X\u1ee9<\/strong><\/span><\/td>\n<td><span><strong>B\u1ea3o h\u00e0nh<\/strong><\/span><\/td>\n<\/tr>\n<tr>\n<td>\n<p>Cao:77mm <br \/>S\u00e2u :44mm <br \/>R\u1ed9ng:44mm <br \/>GH\u1ebe S\u1eaeT S\u01a0N T\u0128NH \u0110I\u1ec6N<\/p>\n<\/td>\n<td><\/td>\n<td>\n<p>tho\u1ea3i m\u00e1i<\/p>\n<\/td>\n<td>NH\u01af H\u00ccNH,\u00a0<\/td>\n<td>Nh\u1eadp Ngo\u1ea1i<\/td>\n<td>\n<p>. 12 th\u00e1ng k\u1ef9 thu\u1eadt<\/p>\n<\/td>\n<\/tr>\n<\/tbody>\n<\/table>","protected":false},"excerpt":{"rendered":"<p>Ch\u1ea5t Li\u1ec7u+ k\u00edch th\u01b0\u1edbc T\u00ednh N\u0103ng M\u00e0u S\u1eafc Xu\u1ea5t X\u1ee9 B\u1ea3o h\u00e0nh Cao:77mm S\u00e2u :44mm R\u1ed9ng:44mm GH\u1ebe S\u1eaeT S\u01a0N T\u0128NH \u0110I\u1ec6N tho\u1ea3i m\u00e1i NH\u01af H\u00ccNH,\u00a0 Nh\u1eadp Ngo\u1ea1i . 12 th\u00e1ng k\u1ef9 thu\u1eadt<\/p>","protected":false},"featured_media":4897,"comment_status":"open","ping_status":"closed","template":"","meta":[],"product_cat":[100,588],"product_tag":[],"yoast_head":"<!-- This site is optimized with the Yoast SEO Premium plugin v21.7 (Yoast SEO v21.7) - https:\/\/yoast.com\/wordpress\/plugins\/seo\/ -->\n<title>GH\u1ebe CAFE NH\u1eacP KH\u1ea8U NHI\u1ec0U M\u00c0U 75CM AMA-1516B - AMAFURNI<\/title>\n<meta name=\"robots\" content=\"index, follow, max-snippet:-1, max-image-preview:large, max-video-preview:-1\" \/>\n<link rel=\"canonical\" href=\"https:\/\/amafurni.vn\/en\/product\/ghe-cafe-nhap-khau-nhieu-mau-75cm-ama-1516b\/\" \/>\n<meta property=\"og:locale\" content=\"en_US\" \/>\n<meta property=\"og:type\" content=\"article\" \/>\n<meta property=\"og:title\" content=\"GH\u1ebe CAFE NH\u1eacP KH\u1ea8U NHI\u1ec0U M\u00c0U 75CM AMA-1516B\" \/>\n<meta property=\"og:description\" content=\"Ch\u1ea5t Li\u1ec7u+ k\u00edch th\u01b0\u1edbc T\u00ednh N\u0103ng M\u00e0u S\u1eafc Xu\u1ea5t X\u1ee9 B\u1ea3o h\u00e0nh Cao:77mm S\u00e2u :44mm R\u1ed9ng:44mm GH\u1ebe S\u1eaeT S\u01a0N T\u0128NH \u0110I\u1ec6N tho\u1ea3i m\u00e1i NH\u01af H\u00ccNH,\u00a0 Nh\u1eadp Ngo\u1ea1i . 12 th\u00e1ng k\u1ef9 thu\u1eadt\" \/>\n<meta property=\"og:url\" content=\"https:\/\/amafurni.vn\/en\/product\/ghe-cafe-nhap-khau-nhieu-mau-75cm-ama-1516b\/\" \/>\n<meta property=\"og:site_name\" content=\"AMAFURNI\" \/>\n<meta property=\"article:modified_time\" content=\"2025-11-12T07:11:41+00:00\" \/>\n<meta property=\"og:image\" content=\"https:\/\/amafurni.vn\/wp-content\/uploads\/2023\/12\/ghe-cafe-nhap-khau-nhieu-mau-75cm-ama-1516b_657178d13046e.jpeg\" \/>\n\t<meta property=\"og:image:width\" content=\"800\" \/>\n\t<meta property=\"og:image:height\" content=\"800\" \/>\n\t<meta property=\"og:image:type\" content=\"image\/jpeg\" \/>\n<meta name=\"twitter:card\" content=\"summary_large_image\" \/>\n<script type=\"application\/ld+json\" class=\"yoast-schema-graph\">{\"@context\":\"https:\/\/schema.org\",\"@graph\":[{\"@type\":\"WebPage\",\"@id\":\"https:\/\/amafurni.vn\/san-pham\/ghe-cafe-nhap-khau-nhieu-mau-75cm-ama-1516b\/\",\"url\":\"https:\/\/amafurni.vn\/san-pham\/ghe-cafe-nhap-khau-nhieu-mau-75cm-ama-1516b\/\",\"name\":\"GH\u1ebe CAFE NH\u1eacP KH\u1ea8U NHI\u1ec0U M\u00c0U 75CM AMA-1516B - AMAFURNI\",\"isPartOf\":{\"@id\":\"https:\/\/amafurni.vn\/#website\"},\"datePublished\":\"2023-12-07T07:48:33+00:00\",\"dateModified\":\"2025-11-12T07:11:41+00:00\",\"breadcrumb\":{\"@id\":\"https:\/\/amafurni.vn\/san-pham\/ghe-cafe-nhap-khau-nhieu-mau-75cm-ama-1516b\/#breadcrumb\"},\"inLanguage\":\"en-US\",\"potentialAction\":[{\"@type\":\"ReadAction\",\"target\":[\"https:\/\/amafurni.vn\/san-pham\/ghe-cafe-nhap-khau-nhieu-mau-75cm-ama-1516b\/\"]}]},{\"@type\":\"BreadcrumbList\",\"@id\":\"https:\/\/amafurni.vn\/san-pham\/ghe-cafe-nhap-khau-nhieu-mau-75cm-ama-1516b\/#breadcrumb\",\"itemListElement\":[{\"@type\":\"ListItem\",\"position\":1,\"name\":\"Trang ch\u1ee7\",\"item\":\"https:\/\/amafurni.vn\/\"},{\"@type\":\"ListItem\",\"position\":2,\"name\":\"S\u1ea3n ph\u1ea9m\",\"item\":\"https:\/\/amafurni.vn\/san-pham\/\"},{\"@type\":\"ListItem\",\"position\":3,\"name\":\"GH\u1ebe CAFE NH\u1eacP KH\u1ea8U NHI\u1ec0U M\u00c0U 75CM AMA-1516B\"}]},{\"@type\":\"WebSite\",\"@id\":\"https:\/\/amafurni.vn\/#website\",\"url\":\"https:\/\/amafurni.vn\/\",\"name\":\"AMAFURNI\",\"description\":\"\",\"potentialAction\":[{\"@type\":\"SearchAction\",\"target\":{\"@type\":\"EntryPoint\",\"urlTemplate\":\"https:\/\/amafurni.vn\/?s={search_term_string}\"},\"query-input\":\"required name=search_term_string\"}],\"inLanguage\":\"en-US\"}]}<\/script>\n<!-- \/ Yoast SEO Premium plugin. -->","yoast_head_json":{"title":"GH\u1ebe CAFE NH\u1eacP KH\u1ea8U NHI\u1ec0U M\u00c0U 75CM AMA-1516B - AMAFURNI","robots":{"index":"index","follow":"follow","max-snippet":"max-snippet:-1","max-image-preview":"max-image-preview:large","max-video-preview":"max-video-preview:-1"},"canonical":"https:\/\/amafurni.vn\/en\/product\/ghe-cafe-nhap-khau-nhieu-mau-75cm-ama-1516b\/","og_locale":"en_US","og_type":"article","og_title":"GH\u1ebe CAFE NH\u1eacP KH\u1ea8U NHI\u1ec0U M\u00c0U 75CM AMA-1516B","og_description":"Ch\u1ea5t Li\u1ec7u+ k\u00edch th\u01b0\u1edbc T\u00ednh N\u0103ng M\u00e0u S\u1eafc Xu\u1ea5t X\u1ee9 B\u1ea3o h\u00e0nh Cao:77mm S\u00e2u :44mm R\u1ed9ng:44mm GH\u1ebe S\u1eaeT S\u01a0N T\u0128NH \u0110I\u1ec6N tho\u1ea3i m\u00e1i NH\u01af H\u00ccNH,\u00a0 Nh\u1eadp Ngo\u1ea1i . 12 th\u00e1ng k\u1ef9 thu\u1eadt","og_url":"https:\/\/amafurni.vn\/en\/product\/ghe-cafe-nhap-khau-nhieu-mau-75cm-ama-1516b\/","og_site_name":"AMAFURNI","article_modified_time":"2025-11-12T07:11:41+00:00","og_image":[{"width":800,"height":800,"url":"https:\/\/amafurni.vn\/wp-content\/uploads\/2023\/12\/ghe-cafe-nhap-khau-nhieu-mau-75cm-ama-1516b_657178d13046e.jpeg","type":"image\/jpeg"}],"twitter_card":"summary_large_image","schema":{"@context":"https:\/\/schema.org","@graph":[{"@type":"WebPage","@id":"https:\/\/amafurni.vn\/san-pham\/ghe-cafe-nhap-khau-nhieu-mau-75cm-ama-1516b\/","url":"https:\/\/amafurni.vn\/san-pham\/ghe-cafe-nhap-khau-nhieu-mau-75cm-ama-1516b\/","name":"GH\u1ebe CAFE NH\u1eacP KH\u1ea8U NHI\u1ec0U M\u00c0U 75CM AMA-1516B - AMAFURNI","isPartOf":{"@id":"https:\/\/amafurni.vn\/#website"},"datePublished":"2023-12-07T07:48:33+00:00","dateModified":"2025-11-12T07:11:41+00:00","breadcrumb":{"@id":"https:\/\/amafurni.vn\/san-pham\/ghe-cafe-nhap-khau-nhieu-mau-75cm-ama-1516b\/#breadcrumb"},"inLanguage":"en-US","potentialAction":[{"@type":"ReadAction","target":["https:\/\/amafurni.vn\/san-pham\/ghe-cafe-nhap-khau-nhieu-mau-75cm-ama-1516b\/"]}]},{"@type":"BreadcrumbList","@id":"https:\/\/amafurni.vn\/san-pham\/ghe-cafe-nhap-khau-nhieu-mau-75cm-ama-1516b\/#breadcrumb","itemListElement":[{"@type":"ListItem","position":1,"name":"Trang ch\u1ee7","item":"https:\/\/amafurni.vn\/"},{"@type":"ListItem","position":2,"name":"S\u1ea3n ph\u1ea9m","item":"https:\/\/amafurni.vn\/san-pham\/"},{"@type":"ListItem","position":3,"name":"GH\u1ebe CAFE NH\u1eacP KH\u1ea8U NHI\u1ec0U M\u00c0U 75CM AMA-1516B"}]},{"@type":"WebSite","@id":"https:\/\/amafurni.vn\/#website","url":"https:\/\/amafurni.vn\/","name":"AMAFURNI","description":"","potentialAction":[{"@type":"SearchAction","target":{"@type":"EntryPoint","urlTemplate":"https:\/\/amafurni.vn\/?s={search_term_string}"},"query-input":"required name=search_term_string"}],"inLanguage":"en-US"}]}},"_links":{"self":[{"href":"https:\/\/amafurni.vn\/en\/wp-json\/wp\/v2\/product\/4896"}],"collection":[{"href":"https:\/\/amafurni.vn\/en\/wp-json\/wp\/v2\/product"}],"about":[{"href":"https:\/\/amafurni.vn\/en\/wp-json\/wp\/v2\/types\/product"}],"replies":[{"embeddable":true,"href":"https:\/\/amafurni.vn\/en\/wp-json\/wp\/v2\/comments?post=4896"}],"wp:featuredmedia":[{"embeddable":true,"href":"https:\/\/amafurni.vn\/en\/wp-json\/wp\/v2\/media\/4897"}],"wp:attachment":[{"href":"https:\/\/amafurni.vn\/en\/wp-json\/wp\/v2\/media?parent=4896"}],"wp:term":[{"taxonomy":"product_cat","embeddable":true,"href":"https:\/\/amafurni.vn\/en\/wp-json\/wp\/v2\/product_cat?post=4896"},{"taxonomy":"product_tag","embeddable":true,"href":"https:\/\/amafurni.vn\/en\/wp-json\/wp\/v2\/product_tag?post=4896"}],"curies":[{"name":"wp","href":"https:\/\/api.w.org\/{rel}","templated":true}]}}