{"id":4900,"date":"2023-12-07T14:48:51","date_gmt":"2023-12-07T07:48:51","guid":{"rendered":"https:\/\/amafurni.123websitedev.com\/san-pham\/ghe-cafe-nhua-cao-cap-trong-suot-hien-dai-co-tay-ghost-chair-ama-001-ct\/"},"modified":"2025-11-12T14:11:41","modified_gmt":"2025-11-12T07:11:41","slug":"ghe-cafe-nhua-cao-cap-trong-suot-hien-dai-co-tay-ghost-chair-ama-001-ct","status":"publish","type":"product","link":"https:\/\/amafurni.vn\/en\/product\/ghe-cafe-nhua-cao-cap-trong-suot-hien-dai-co-tay-ghost-chair-ama-001-ct\/","title":{"rendered":"Gh\u1ebf cafe nh\u1ef1a cao c\u1ea5p trong su\u1ed1t hi\u1ec7n \u0111\u1ea1i c\u00f3 tay GHOST CHAIR AMA-001-CT"},"content":{"rendered":"<table border=\"1\" height=\"299\">\n<tbody><\/tbody>\n<tbody>\n<tr>\n<td><span>Material<\/span><\/td>\n<td>\n<p><span><\/span><\/p>\n<p><span>Size<\/span><\/p>\n<p><span>(D\u00e0i*R\u1ed9ng*cao)<\/span><\/p>\n<\/td>\n<td><span>T\u00ednh N\u0103ng<\/span><\/td>\n<td><span>M\u00e0u S\u1eafc<\/span><\/td>\n<td><span>Xu\u1ea5t X\u1ee9<\/span><\/td>\n<td><span>B\u1ea3o h\u00e0nh<\/span><\/td>\n<\/tr>\n<tr>\n<td>\n<p>\u00a0<span>Nh\u1ef1a PC CAO C\u1ea4P( POLYCARBONATE) c\u00f3 \u0111\u1ed9 b\u1ec1n d\u1ebbo dai, ch\u1ecbu nhi\u1ec7t, n\u1eafng m\u01b0a t\u1ed1t<\/span><\/p>\n<p><span><\/span><\/p>\n<\/p>\n<\/td>\n<td>. \u0110ANG C\u1eacP NH\u1eacT<\/td>\n<td>\n<p><strong>Gh\u1ebf cafe nh\u1ef1a trong su\u1ed1t Ghost\u00a0<\/strong><span>\u00a0\u0111\u01b0\u1ee3c c\u1ea5u t\u1ea1o b\u1edfi ch\u1ea5t li\u1ec7u nh\u1ef1a trong su\u1ed1t \u0111\u1ed9c \u0111\u00e1o nh\u01b0ng to\u00e1t l\u00ean s\u1ef1 sang tr\u1ecdng, thanh l\u1ecbch. S\u1ea3n ph\u1ea9m \u0111\u01b0\u1ee3c l\u00e0m t\u1eeb ch\u1ea5t li\u1ec7u cao c\u1ea5p n\u00ean c\u00f3 kh\u1ea3 n\u0103ng ch\u1ecbu l\u1ef1c t\u1ed1t, \u0111\u1ed9 b\u1ec1n cao v\u00e0 c\u00f3 th\u1eddi gian s\u1eed d\u1ee5ng d\u00e0i l\u00e2u. M\u1eabu gh\u1ebf \u0111\u01b0\u1ee3c \u1ee9ng d\u1ee5ng cho nhi\u1ec1u kh\u00f4ng gian n\u1ed9i th\u1ea5t v\u1edbi c\u00e1c m\u1ee5c \u0111\u00edch s\u1eed d\u1ee5ng kh\u00e1c nhau.<\/span><\/p>\n<p><strong>Gh\u1ebf Cafe VICTORIA GHOST CHAIR\u00a0<\/strong>ph\u00f9 h\u1ee3p s\u1eed d\u1ee5ng trong ph\u00f2ng \u0103n, c\u1eeda h\u00e0ng cafe, nh\u00e0 h\u00e0ng, v\u1edbi thi\u1ebft k\u1ebf tr\u1ebb trung, \u0111\u1ed9c \u0111\u00e1o l\u00e0 1 s\u1ef1 l\u1ef1a ch\u1ecdn ho\u00e0n h\u1ea3o cho ng\u01b0\u1eddi ti\u00eau d\u00f9ng.<\/p>\n<p><strong>GH\u1ebe CAFE VICTORIA GHOST CHAIR\u00a0\u00a0<\/strong>v\u1edbi thi\u1ebft k\u1ebf tinh t\u1ebf, ph\u00f9 h\u1ee3p s\u1eed d\u1ee5ng cho B\u00e0n \u0102n, B\u00e0n L\u00e0m Vi\u1ec7c, B\u00e0n Cafe, \u2026.<\/p>\n<\/td>\n<td>\n<p>NHI\u1ec0U M\u00c0U<\/p>\n<p><span>Tr\u1eafng trong, m\u00e0u kh\u00f3i<\/span><\/p>\n<\/td>\n<td>Nh\u1eadp Ngo\u1ea1i<\/td>\n<td>\n<p>. 12 th\u00e1ng k\u1ef9 thu\u1eadt<\/p>\n<p>. Ben h\u01a1i 1 \u0111\u1ed5i 1<\/p>\n<\/td>\n<\/tr>\n<\/tbody>\n<\/table>","protected":false},"excerpt":{"rendered":"<p>Gh\u1ebf cafe nh\u1ef1a trong su\u1ed1t Ghost\u00a0\u00a0\u0111\u01b0\u1ee3c c\u1ea5u t\u1ea1o b\u1edfi ch\u1ea5t li\u1ec7u nh\u1ef1a trong su\u1ed1t \u0111\u1ed9c \u0111\u00e1o nh\u01b0ng to\u00e1t l\u00ean s\u1ef1 sang tr\u1ecdng, thanh l\u1ecbch. S\u1ea3n ph\u1ea9m \u0111\u01b0\u1ee3c l\u00e0m t\u1eeb ch\u1ea5t li\u1ec7u cao c\u1ea5p n\u00ean c\u00f3 kh\u1ea3 n\u0103ng ch\u1ecbu l\u1ef1c t\u1ed1t, \u0111\u1ed9 b\u1ec1n cao v\u00e0 c\u00f3 th\u1eddi gian s\u1eed d\u1ee5ng d\u00e0i l\u00e2u. M\u1eabu gh\u1ebf \u0111\u01b0\u1ee3c \u1ee9ng d\u1ee5ng cho nhi\u1ec1u kh\u00f4ng gian n\u1ed9i th\u1ea5t v\u1edbi c\u00e1c m\u1ee5c \u0111\u00edch s\u1eed d\u1ee5ng kh\u00e1c nhau.<br \/>\nGh\u1ebf Cafe VICTORIA GHOST CHAIR\u00a0ph\u00f9 h\u1ee3p s\u1eed d\u1ee5ng trong ph\u00f2ng \u0103n, c\u1eeda h\u00e0ng cafe, nh\u00e0 h\u00e0ng, v\u1edbi thi\u1ebft k\u1ebf tr\u1ebb trung, \u0111\u1ed9c \u0111\u00e1o l\u00e0 1 s\u1ef1 l\u1ef1a ch\u1ecdn ho\u00e0n h\u1ea3o cho ng\u01b0\u1eddi ti\u00eau d\u00f9ng.<br \/>\nGH\u1ebe CAFE VICTORIA GHOST CHAIR\u00a0\u00a0v\u1edbi thi\u1ebft k\u1ebf tinh t\u1ebf, ph\u00f9 h\u1ee3p s\u1eed d\u1ee5ng cho B\u00e0n \u0102n, B\u00e0n L\u00e0m Vi\u1ec7c, B\u00e0n Cafe, \u2026.<\/p>","protected":false},"featured_media":4901,"comment_status":"open","ping_status":"closed","template":"","meta":[],"product_cat":[100,588],"product_tag":[],"yoast_head":"<!-- This site is optimized with the Yoast SEO Premium plugin v21.7 (Yoast SEO v21.7) - https:\/\/yoast.com\/wordpress\/plugins\/seo\/ -->\n<title>Gh\u1ebf cafe nh\u1ef1a cao c\u1ea5p trong su\u1ed1t hi\u1ec7n \u0111\u1ea1i c\u00f3 tay GHOST CHAIR AMA-001-CT - AMAFURNI<\/title>\n<meta name=\"robots\" content=\"index, follow, max-snippet:-1, max-image-preview:large, max-video-preview:-1\" \/>\n<link rel=\"canonical\" href=\"https:\/\/amafurni.vn\/en\/product\/ghe-cafe-nhua-cao-cap-trong-suot-hien-dai-co-tay-ghost-chair-ama-001-ct\/\" \/>\n<meta property=\"og:locale\" content=\"en_US\" \/>\n<meta property=\"og:type\" content=\"article\" \/>\n<meta property=\"og:title\" content=\"Gh\u1ebf cafe nh\u1ef1a cao c\u1ea5p trong su\u1ed1t hi\u1ec7n \u0111\u1ea1i c\u00f3 tay GHOST CHAIR AMA-001-CT\" \/>\n<meta property=\"og:description\" content=\"Gh\u1ebf cafe nh\u1ef1a trong su\u1ed1t Ghost\u00a0\u00a0\u0111\u01b0\u1ee3c c\u1ea5u t\u1ea1o b\u1edfi ch\u1ea5t li\u1ec7u nh\u1ef1a trong su\u1ed1t \u0111\u1ed9c \u0111\u00e1o nh\u01b0ng to\u00e1t l\u00ean s\u1ef1 sang tr\u1ecdng, thanh l\u1ecbch. S\u1ea3n ph\u1ea9m \u0111\u01b0\u1ee3c l\u00e0m t\u1eeb ch\u1ea5t li\u1ec7u cao c\u1ea5p n\u00ean c\u00f3 kh\u1ea3 n\u0103ng ch\u1ecbu l\u1ef1c t\u1ed1t, \u0111\u1ed9 b\u1ec1n cao v\u00e0 c\u00f3 th\u1eddi gian s\u1eed d\u1ee5ng d\u00e0i l\u00e2u. M\u1eabu gh\u1ebf \u0111\u01b0\u1ee3c \u1ee9ng d\u1ee5ng cho nhi\u1ec1u kh\u00f4ng gian n\u1ed9i th\u1ea5t v\u1edbi c\u00e1c m\u1ee5c \u0111\u00edch s\u1eed d\u1ee5ng kh\u00e1c nhau. Gh\u1ebf Cafe VICTORIA GHOST CHAIR\u00a0ph\u00f9 h\u1ee3p s\u1eed d\u1ee5ng trong ph\u00f2ng \u0103n, c\u1eeda h\u00e0ng cafe, nh\u00e0 h\u00e0ng, v\u1edbi thi\u1ebft k\u1ebf tr\u1ebb trung, \u0111\u1ed9c \u0111\u00e1o l\u00e0 1 s\u1ef1 l\u1ef1a ch\u1ecdn ho\u00e0n h\u1ea3o cho ng\u01b0\u1eddi ti\u00eau d\u00f9ng. GH\u1ebe CAFE VICTORIA GHOST CHAIR\u00a0\u00a0v\u1edbi thi\u1ebft k\u1ebf tinh t\u1ebf, ph\u00f9 h\u1ee3p s\u1eed d\u1ee5ng cho B\u00e0n \u0102n, B\u00e0n L\u00e0m Vi\u1ec7c, B\u00e0n Cafe, \u2026.\" \/>\n<meta property=\"og:url\" content=\"https:\/\/amafurni.vn\/en\/product\/ghe-cafe-nhua-cao-cap-trong-suot-hien-dai-co-tay-ghost-chair-ama-001-ct\/\" \/>\n<meta property=\"og:site_name\" content=\"AMAFURNI\" \/>\n<meta property=\"article:modified_time\" content=\"2025-11-12T07:11:41+00:00\" \/>\n<meta property=\"og:image\" content=\"https:\/\/amafurni.vn\/wp-content\/uploads\/2023\/12\/ghe-cafe-nhua-cao-cap-trong-suot-hien-dai-co-tay-ghost-chair-ama-001-ct_657178e4257e6.jpeg\" \/>\n\t<meta property=\"og:image:width\" content=\"800\" \/>\n\t<meta property=\"og:image:height\" content=\"800\" \/>\n\t<meta property=\"og:image:type\" content=\"image\/jpeg\" \/>\n<meta name=\"twitter:card\" content=\"summary_large_image\" \/>\n<meta name=\"twitter:label1\" content=\"Est. reading time\" \/>\n\t<meta name=\"twitter:data1\" content=\"1 minute\" \/>\n<script type=\"application\/ld+json\" class=\"yoast-schema-graph\">{\"@context\":\"https:\/\/schema.org\",\"@graph\":[{\"@type\":\"WebPage\",\"@id\":\"https:\/\/amafurni.vn\/san-pham\/ghe-cafe-nhua-cao-cap-trong-suot-hien-dai-co-tay-ghost-chair-ama-001-ct\/\",\"url\":\"https:\/\/amafurni.vn\/san-pham\/ghe-cafe-nhua-cao-cap-trong-suot-hien-dai-co-tay-ghost-chair-ama-001-ct\/\",\"name\":\"Gh\u1ebf cafe nh\u1ef1a cao c\u1ea5p trong su\u1ed1t hi\u1ec7n \u0111\u1ea1i c\u00f3 tay GHOST CHAIR AMA-001-CT - AMAFURNI\",\"isPartOf\":{\"@id\":\"https:\/\/amafurni.vn\/#website\"},\"datePublished\":\"2023-12-07T07:48:51+00:00\",\"dateModified\":\"2025-11-12T07:11:41+00:00\",\"breadcrumb\":{\"@id\":\"https:\/\/amafurni.vn\/san-pham\/ghe-cafe-nhua-cao-cap-trong-suot-hien-dai-co-tay-ghost-chair-ama-001-ct\/#breadcrumb\"},\"inLanguage\":\"en-US\",\"potentialAction\":[{\"@type\":\"ReadAction\",\"target\":[\"https:\/\/amafurni.vn\/san-pham\/ghe-cafe-nhua-cao-cap-trong-suot-hien-dai-co-tay-ghost-chair-ama-001-ct\/\"]}]},{\"@type\":\"BreadcrumbList\",\"@id\":\"https:\/\/amafurni.vn\/san-pham\/ghe-cafe-nhua-cao-cap-trong-suot-hien-dai-co-tay-ghost-chair-ama-001-ct\/#breadcrumb\",\"itemListElement\":[{\"@type\":\"ListItem\",\"position\":1,\"name\":\"Trang ch\u1ee7\",\"item\":\"https:\/\/amafurni.vn\/\"},{\"@type\":\"ListItem\",\"position\":2,\"name\":\"S\u1ea3n ph\u1ea9m\",\"item\":\"https:\/\/amafurni.vn\/san-pham\/\"},{\"@type\":\"ListItem\",\"position\":3,\"name\":\"Gh\u1ebf cafe nh\u1ef1a cao c\u1ea5p trong su\u1ed1t hi\u1ec7n \u0111\u1ea1i c\u00f3 tay GHOST CHAIR AMA-001-CT\"}]},{\"@type\":\"WebSite\",\"@id\":\"https:\/\/amafurni.vn\/#website\",\"url\":\"https:\/\/amafurni.vn\/\",\"name\":\"AMAFURNI\",\"description\":\"\",\"potentialAction\":[{\"@type\":\"SearchAction\",\"target\":{\"@type\":\"EntryPoint\",\"urlTemplate\":\"https:\/\/amafurni.vn\/?s={search_term_string}\"},\"query-input\":\"required name=search_term_string\"}],\"inLanguage\":\"en-US\"}]}<\/script>\n<!-- \/ Yoast SEO Premium plugin. -->","yoast_head_json":{"title":"Gh\u1ebf cafe nh\u1ef1a cao c\u1ea5p trong su\u1ed1t hi\u1ec7n \u0111\u1ea1i c\u00f3 tay GHOST CHAIR AMA-001-CT - AMAFURNI","robots":{"index":"index","follow":"follow","max-snippet":"max-snippet:-1","max-image-preview":"max-image-preview:large","max-video-preview":"max-video-preview:-1"},"canonical":"https:\/\/amafurni.vn\/en\/product\/ghe-cafe-nhua-cao-cap-trong-suot-hien-dai-co-tay-ghost-chair-ama-001-ct\/","og_locale":"en_US","og_type":"article","og_title":"Gh\u1ebf cafe nh\u1ef1a cao c\u1ea5p trong su\u1ed1t hi\u1ec7n \u0111\u1ea1i c\u00f3 tay GHOST CHAIR AMA-001-CT","og_description":"Gh\u1ebf cafe nh\u1ef1a trong su\u1ed1t Ghost\u00a0\u00a0\u0111\u01b0\u1ee3c c\u1ea5u t\u1ea1o b\u1edfi ch\u1ea5t li\u1ec7u nh\u1ef1a trong su\u1ed1t \u0111\u1ed9c \u0111\u00e1o nh\u01b0ng to\u00e1t l\u00ean s\u1ef1 sang tr\u1ecdng, thanh l\u1ecbch. S\u1ea3n ph\u1ea9m \u0111\u01b0\u1ee3c l\u00e0m t\u1eeb ch\u1ea5t li\u1ec7u cao c\u1ea5p n\u00ean c\u00f3 kh\u1ea3 n\u0103ng ch\u1ecbu l\u1ef1c t\u1ed1t, \u0111\u1ed9 b\u1ec1n cao v\u00e0 c\u00f3 th\u1eddi gian s\u1eed d\u1ee5ng d\u00e0i l\u00e2u. M\u1eabu gh\u1ebf \u0111\u01b0\u1ee3c \u1ee9ng d\u1ee5ng cho nhi\u1ec1u kh\u00f4ng gian n\u1ed9i th\u1ea5t v\u1edbi c\u00e1c m\u1ee5c \u0111\u00edch s\u1eed d\u1ee5ng kh\u00e1c nhau. Gh\u1ebf Cafe VICTORIA GHOST CHAIR\u00a0ph\u00f9 h\u1ee3p s\u1eed d\u1ee5ng trong ph\u00f2ng \u0103n, c\u1eeda h\u00e0ng cafe, nh\u00e0 h\u00e0ng, v\u1edbi thi\u1ebft k\u1ebf tr\u1ebb trung, \u0111\u1ed9c \u0111\u00e1o l\u00e0 1 s\u1ef1 l\u1ef1a ch\u1ecdn ho\u00e0n h\u1ea3o cho ng\u01b0\u1eddi ti\u00eau d\u00f9ng. GH\u1ebe CAFE VICTORIA GHOST CHAIR\u00a0\u00a0v\u1edbi thi\u1ebft k\u1ebf tinh t\u1ebf, ph\u00f9 h\u1ee3p s\u1eed d\u1ee5ng cho B\u00e0n \u0102n, B\u00e0n L\u00e0m Vi\u1ec7c, B\u00e0n Cafe, \u2026.","og_url":"https:\/\/amafurni.vn\/en\/product\/ghe-cafe-nhua-cao-cap-trong-suot-hien-dai-co-tay-ghost-chair-ama-001-ct\/","og_site_name":"AMAFURNI","article_modified_time":"2025-11-12T07:11:41+00:00","og_image":[{"width":800,"height":800,"url":"https:\/\/amafurni.vn\/wp-content\/uploads\/2023\/12\/ghe-cafe-nhua-cao-cap-trong-suot-hien-dai-co-tay-ghost-chair-ama-001-ct_657178e4257e6.jpeg","type":"image\/jpeg"}],"twitter_card":"summary_large_image","twitter_misc":{"Est. reading time":"1 minute"},"schema":{"@context":"https:\/\/schema.org","@graph":[{"@type":"WebPage","@id":"https:\/\/amafurni.vn\/san-pham\/ghe-cafe-nhua-cao-cap-trong-suot-hien-dai-co-tay-ghost-chair-ama-001-ct\/","url":"https:\/\/amafurni.vn\/san-pham\/ghe-cafe-nhua-cao-cap-trong-suot-hien-dai-co-tay-ghost-chair-ama-001-ct\/","name":"Gh\u1ebf cafe nh\u1ef1a cao c\u1ea5p trong su\u1ed1t hi\u1ec7n \u0111\u1ea1i c\u00f3 tay GHOST CHAIR AMA-001-CT - AMAFURNI","isPartOf":{"@id":"https:\/\/amafurni.vn\/#website"},"datePublished":"2023-12-07T07:48:51+00:00","dateModified":"2025-11-12T07:11:41+00:00","breadcrumb":{"@id":"https:\/\/amafurni.vn\/san-pham\/ghe-cafe-nhua-cao-cap-trong-suot-hien-dai-co-tay-ghost-chair-ama-001-ct\/#breadcrumb"},"inLanguage":"en-US","potentialAction":[{"@type":"ReadAction","target":["https:\/\/amafurni.vn\/san-pham\/ghe-cafe-nhua-cao-cap-trong-suot-hien-dai-co-tay-ghost-chair-ama-001-ct\/"]}]},{"@type":"BreadcrumbList","@id":"https:\/\/amafurni.vn\/san-pham\/ghe-cafe-nhua-cao-cap-trong-suot-hien-dai-co-tay-ghost-chair-ama-001-ct\/#breadcrumb","itemListElement":[{"@type":"ListItem","position":1,"name":"Trang ch\u1ee7","item":"https:\/\/amafurni.vn\/"},{"@type":"ListItem","position":2,"name":"S\u1ea3n ph\u1ea9m","item":"https:\/\/amafurni.vn\/san-pham\/"},{"@type":"ListItem","position":3,"name":"Gh\u1ebf cafe nh\u1ef1a cao c\u1ea5p trong su\u1ed1t hi\u1ec7n \u0111\u1ea1i c\u00f3 tay GHOST CHAIR AMA-001-CT"}]},{"@type":"WebSite","@id":"https:\/\/amafurni.vn\/#website","url":"https:\/\/amafurni.vn\/","name":"AMAFURNI","description":"","potentialAction":[{"@type":"SearchAction","target":{"@type":"EntryPoint","urlTemplate":"https:\/\/amafurni.vn\/?s={search_term_string}"},"query-input":"required name=search_term_string"}],"inLanguage":"en-US"}]}},"_links":{"self":[{"href":"https:\/\/amafurni.vn\/en\/wp-json\/wp\/v2\/product\/4900"}],"collection":[{"href":"https:\/\/amafurni.vn\/en\/wp-json\/wp\/v2\/product"}],"about":[{"href":"https:\/\/amafurni.vn\/en\/wp-json\/wp\/v2\/types\/product"}],"replies":[{"embeddable":true,"href":"https:\/\/amafurni.vn\/en\/wp-json\/wp\/v2\/comments?post=4900"}],"wp:featuredmedia":[{"embeddable":true,"href":"https:\/\/amafurni.vn\/en\/wp-json\/wp\/v2\/media\/4901"}],"wp:attachment":[{"href":"https:\/\/amafurni.vn\/en\/wp-json\/wp\/v2\/media?parent=4900"}],"wp:term":[{"taxonomy":"product_cat","embeddable":true,"href":"https:\/\/amafurni.vn\/en\/wp-json\/wp\/v2\/product_cat?post=4900"},{"taxonomy":"product_tag","embeddable":true,"href":"https:\/\/amafurni.vn\/en\/wp-json\/wp\/v2\/product_tag?post=4900"}],"curies":[{"name":"wp","href":"https:\/\/api.w.org\/{rel}","templated":true}]}}