{"id":4906,"date":"2023-12-07T14:49:12","date_gmt":"2023-12-07T07:49:12","guid":{"rendered":"https:\/\/amafurni.123websitedev.com\/san-pham\/ghe-cafe-nhua-chan-gia-go-nhieu-mau-ama-3049\/"},"modified":"2025-11-12T14:11:41","modified_gmt":"2025-11-12T07:11:41","slug":"ghe-cafe-nhua-chan-gia-go-nhieu-mau-ama-3049","status":"publish","type":"product","link":"https:\/\/amafurni.vn\/en\/product\/ghe-cafe-nhua-chan-gia-go-nhieu-mau-ama-3049\/","title":{"rendered":"GH\u1ebe CAFE NH\u1ef0A CH\u00c2N GI\u1ea2 G\u1ed6 NHI\u1ec0U M\u00c0U AMA-3049"},"content":{"rendered":"<table border=\"1\">\n<tbody><\/tbody>\n<tbody>\n<tr>\n<td><span><strong>Material<\/strong><\/span><\/td>\n<td>\n<p><span><strong><\/strong><\/span><\/p>\n<p><span><strong>Size<\/strong><\/span><\/p>\n<p><span><strong>(D\u00e0i*R\u1ed9ng*cao)<\/strong><\/span><\/p>\n<\/td>\n<td><span><strong>T\u00ednh N\u0103ng<\/strong><\/span><\/td>\n<td><span><strong>M\u00e0u S\u1eafc<\/strong><\/span><\/td>\n<td><span><strong>Xu\u1ea5t X\u1ee9<\/strong><\/span><\/td>\n<td><span><strong>B\u1ea3o h\u00e0nh<\/strong><\/span><\/td>\n<\/tr>\n<tr>\n<td>\n<ul>\n<li>Ch\u1ea5t li\u1ec7u: Nh\u1ef1a PP, ch\u00e2n g\u1ed7 t\u1ef1 nhi\u00ean + ch\u00e2n gi\u1ea3 g\u1ed7<\/li>\n<li>Xu\u1ea5t x\u1ee9 :\u00a0 nh\u1eadp kh\u1ea9u<\/li>\n<\/ul>\n<\/td>\n<td>\n<ul>\n<li>Chi\u1ec1u cao 80cm<\/li>\n<li>\u0110\u1ed9 s\u00e2u: 45cm<\/li>\n<li>Chi\u1ec1u r\u1ed9ng: 41,5cm<\/li>\n<li>Chi\u1ec1u cao ch\u1ed7 ng\u1ed3i: 47,5cm<\/li>\n<\/ul>\n<\/td>\n<td>\n<ul>\n<li>C\u00f4ng d\u1ee5ng: ph\u00f2ng \u0103n, nh\u00e0 h\u00e0ng, kh\u00e1ch s\u1ea1n, cafe\u2026.<\/li>\n<\/ul>\n<p><\/p>\n<p>Gh\u1ebf \u0111\u01b0\u1ee3c ch\u1ebf t\u00e1c b\u1eb1ng ch\u1ea5t li\u1ec7u nh\u1ef1a PP cao c\u1ea5p v\u1edbi kh\u1ea3 n\u0103ng ch\u1ed1ng ch\u1ecbu \u0111\u01b0\u1ee3c m\u1ecdi \u0111i\u1ec1u ki\u1ec7n th\u1eddi ti\u1ebft kh\u00e1c nhau, kh\u00e1ng n\u01b0\u1edbc v\u00e0 \u0111\u1ed9 b\u1ec1n cao. B\u1edfi nh\u1eefng \u01b0u \u0111i\u1ec3m n\u00e0y m\u00e0 WC098 c\u00f3 th\u1ec3 s\u1eed d\u1ee5ng cho kh\u00f4ng gian s\u00e2n v\u01b0\u1eddn, ban c\u00f4ng v\u00e0 nhi\u1ec1u kh\u00f4ng gian n\u1ed9i th\u1ea5t kh\u00e1c.<\/p>\n<p>Ph\u1ea7n t\u1ef1a l\u01b0ng v\u00e0 m\u1eb7t gh\u1ebf ng\u1ed3i \u0111\u01b0\u1ee3c thi\u1ebft k\u1ebf k\u1ebft h\u1ee3p v\u1edbi nhau mang l\u1ea1i c\u1ea3m gi\u00e1c ng\u1ed3i tinh t\u1ebf, sang tr\u1ecdng. M\u1eb7c d\u00f9 \u0111\u01b0\u1eddng n\u00e9t t\u1ed1i gi\u1ea3n nh\u01b0ng ch\u00fang \u0111\u00e3 l\u1ed9t t\u1ea3 l\u00ean \u0111\u01b0\u1ee3c v\u1ebb \u0111\u1eb9p thanh m\u00e3nh, nh\u1eb9 nh\u00e0ng khi k\u1ebft h\u1ee3p v\u1edbi nhi\u1ec1u kh\u00f4ng gian kh\u00e1c nhau.<\/p>\n<ul>\n<li>S\u1eed d\u1ee5ng: Gh\u1ebf Cafe, Gh\u1ebf Ngo\u00e0i Tr\u1eddi, Gh\u1ebf Nh\u00e0 H\u00e0ng, Gh\u1ebf S\u00e2n V\u01b0\u1eddn<\/li>\n<li>\n<div>L\u00e0 s\u1ea3n<\/div>\n<div>ph\u1ea9m gh\u1ebf nh\u1ef1a t\u1ef1a l\u01b0ng cao c\u1ea5p n\u00ean s\u1ea3n ph\u1ea9m \u0111\u01b0\u1ee3c s\u1eed d\u1ee5ng cho m\u1ecdi kh\u00f4ng gian nh\u01b0 s\u00e2n v\u01b0\u1eddn, ph\u00f2ng \u0103n, ban c\u00f4ng v\u00e0 ngay c\u1ea3 trong v\u0103n ph\u00f2ng, th\u01b0 vi\u1ec7n\u2026 hay c\u00e1c qu\u00e1n c\u00e0 ph\u00ea, nh\u00e0 h\u00e0ng sang tr\u1ecdng nh\u1eb1m mang l\u1ea1i c\u1ea3m gi\u00e1c tho\u1ea3i m\u00e1i cho ng\u01b0\u1eddi d\u00f9ng.\u00a0<\/div>\n<\/li>\n<\/ul>\n<\/td>\n<td>\n<p>NHI\u1ec0U M\u00c0U<\/p>\n<\/p>\n<\/td>\n<td>Nh\u1eadp Ngo\u1ea1i<\/td>\n<td>\n<p>. 06 th\u00e1ng k\u1ef9 thu\u1eadt<\/p>\n<\/p>\n<\/td>\n<\/tr>\n<\/tbody>\n<\/table>","protected":false},"excerpt":{"rendered":"<p>Ch\u1ea5t Li\u1ec7u K\u00edch Th\u01b0\u1edbc (D\u00e0i*R\u1ed9ng*cao) T\u00ednh N\u0103ng M\u00e0u S\u1eafc Xu\u1ea5t X\u1ee9 B\u1ea3o h\u00e0nh Ch\u1ea5t li\u1ec7u: Nh\u1ef1a PP, ch\u00e2n g\u1ed7 t\u1ef1 nhi\u00ean + ch\u00e2n gi\u1ea3 g\u1ed7 Xu\u1ea5t x\u1ee9 :\u00a0 nh\u1eadp kh\u1ea9u Chi\u1ec1u cao 80cm \u0110\u1ed9 s\u00e2u: 45cm Chi\u1ec1u r\u1ed9ng: 41,5cm Chi\u1ec1u cao ch\u1ed7 ng\u1ed3i: 47,5cm C\u00f4ng d\u1ee5ng: ph\u00f2ng \u0103n, nh\u00e0 h\u00e0ng, kh\u00e1ch s\u1ea1n, cafe\u2026. Gh\u1ebf \u0111\u01b0\u1ee3c [&hellip;]<\/p>","protected":false},"featured_media":4907,"comment_status":"open","ping_status":"closed","template":"","meta":[],"product_cat":[191,100,588],"product_tag":[],"yoast_head":"<!-- This site is optimized with the Yoast SEO Premium plugin v21.7 (Yoast SEO v21.7) - https:\/\/yoast.com\/wordpress\/plugins\/seo\/ -->\n<title>GH\u1ebe CAFE NH\u1ef0A CH\u00c2N GI\u1ea2 G\u1ed6 NHI\u1ec0U M\u00c0U AMA-3049 - AMAFURNI<\/title>\n<meta name=\"robots\" content=\"index, follow, max-snippet:-1, max-image-preview:large, max-video-preview:-1\" \/>\n<link rel=\"canonical\" href=\"https:\/\/amafurni.vn\/en\/product\/ghe-cafe-nhua-chan-gia-go-nhieu-mau-ama-3049\/\" \/>\n<meta property=\"og:locale\" content=\"en_US\" \/>\n<meta property=\"og:type\" content=\"article\" \/>\n<meta property=\"og:title\" content=\"GH\u1ebe CAFE NH\u1ef0A CH\u00c2N GI\u1ea2 G\u1ed6 NHI\u1ec0U M\u00c0U AMA-3049\" \/>\n<meta property=\"og:description\" content=\"Ch\u1ea5t Li\u1ec7u K\u00edch Th\u01b0\u1edbc (D\u00e0i*R\u1ed9ng*cao) T\u00ednh N\u0103ng M\u00e0u S\u1eafc Xu\u1ea5t X\u1ee9 B\u1ea3o h\u00e0nh Ch\u1ea5t li\u1ec7u: Nh\u1ef1a PP, ch\u00e2n g\u1ed7 t\u1ef1 nhi\u00ean + ch\u00e2n gi\u1ea3 g\u1ed7 Xu\u1ea5t x\u1ee9 :\u00a0 nh\u1eadp kh\u1ea9u Chi\u1ec1u cao 80cm \u0110\u1ed9 s\u00e2u: 45cm Chi\u1ec1u r\u1ed9ng: 41,5cm Chi\u1ec1u cao ch\u1ed7 ng\u1ed3i: 47,5cm C\u00f4ng d\u1ee5ng: ph\u00f2ng \u0103n, nh\u00e0 h\u00e0ng, kh\u00e1ch s\u1ea1n, cafe\u2026. Gh\u1ebf \u0111\u01b0\u1ee3c [&hellip;]\" \/>\n<meta property=\"og:url\" content=\"https:\/\/amafurni.vn\/en\/product\/ghe-cafe-nhua-chan-gia-go-nhieu-mau-ama-3049\/\" \/>\n<meta property=\"og:site_name\" content=\"AMAFURNI\" \/>\n<meta property=\"article:modified_time\" content=\"2025-11-12T07:11:41+00:00\" \/>\n<meta property=\"og:image\" content=\"https:\/\/amafurni.vn\/wp-content\/uploads\/2023\/12\/ghe-cafe-nhua-chan-gia-go-nhieu-mau-ama-3049_657178f830eb9.jpeg\" \/>\n\t<meta property=\"og:image:width\" content=\"800\" \/>\n\t<meta property=\"og:image:height\" content=\"800\" \/>\n\t<meta property=\"og:image:type\" content=\"image\/jpeg\" \/>\n<meta name=\"twitter:card\" content=\"summary_large_image\" \/>\n<meta name=\"twitter:label1\" content=\"Est. reading time\" \/>\n\t<meta name=\"twitter:data1\" content=\"2 minutes\" \/>\n<script type=\"application\/ld+json\" class=\"yoast-schema-graph\">{\"@context\":\"https:\/\/schema.org\",\"@graph\":[{\"@type\":\"WebPage\",\"@id\":\"https:\/\/amafurni.vn\/san-pham\/ghe-cafe-nhua-chan-gia-go-nhieu-mau-ama-3049\/\",\"url\":\"https:\/\/amafurni.vn\/san-pham\/ghe-cafe-nhua-chan-gia-go-nhieu-mau-ama-3049\/\",\"name\":\"GH\u1ebe CAFE NH\u1ef0A CH\u00c2N GI\u1ea2 G\u1ed6 NHI\u1ec0U M\u00c0U AMA-3049 - AMAFURNI\",\"isPartOf\":{\"@id\":\"https:\/\/amafurni.vn\/#website\"},\"datePublished\":\"2023-12-07T07:49:12+00:00\",\"dateModified\":\"2025-11-12T07:11:41+00:00\",\"breadcrumb\":{\"@id\":\"https:\/\/amafurni.vn\/san-pham\/ghe-cafe-nhua-chan-gia-go-nhieu-mau-ama-3049\/#breadcrumb\"},\"inLanguage\":\"en-US\",\"potentialAction\":[{\"@type\":\"ReadAction\",\"target\":[\"https:\/\/amafurni.vn\/san-pham\/ghe-cafe-nhua-chan-gia-go-nhieu-mau-ama-3049\/\"]}]},{\"@type\":\"BreadcrumbList\",\"@id\":\"https:\/\/amafurni.vn\/san-pham\/ghe-cafe-nhua-chan-gia-go-nhieu-mau-ama-3049\/#breadcrumb\",\"itemListElement\":[{\"@type\":\"ListItem\",\"position\":1,\"name\":\"Trang ch\u1ee7\",\"item\":\"https:\/\/amafurni.vn\/\"},{\"@type\":\"ListItem\",\"position\":2,\"name\":\"S\u1ea3n ph\u1ea9m\",\"item\":\"https:\/\/amafurni.vn\/san-pham\/\"},{\"@type\":\"ListItem\",\"position\":3,\"name\":\"GH\u1ebe CAFE NH\u1ef0A CH\u00c2N GI\u1ea2 G\u1ed6 NHI\u1ec0U M\u00c0U AMA-3049\"}]},{\"@type\":\"WebSite\",\"@id\":\"https:\/\/amafurni.vn\/#website\",\"url\":\"https:\/\/amafurni.vn\/\",\"name\":\"AMAFURNI\",\"description\":\"\",\"potentialAction\":[{\"@type\":\"SearchAction\",\"target\":{\"@type\":\"EntryPoint\",\"urlTemplate\":\"https:\/\/amafurni.vn\/?s={search_term_string}\"},\"query-input\":\"required name=search_term_string\"}],\"inLanguage\":\"en-US\"}]}<\/script>\n<!-- \/ Yoast SEO Premium plugin. -->","yoast_head_json":{"title":"GH\u1ebe CAFE NH\u1ef0A CH\u00c2N GI\u1ea2 G\u1ed6 NHI\u1ec0U M\u00c0U AMA-3049 - AMAFURNI","robots":{"index":"index","follow":"follow","max-snippet":"max-snippet:-1","max-image-preview":"max-image-preview:large","max-video-preview":"max-video-preview:-1"},"canonical":"https:\/\/amafurni.vn\/en\/product\/ghe-cafe-nhua-chan-gia-go-nhieu-mau-ama-3049\/","og_locale":"en_US","og_type":"article","og_title":"GH\u1ebe CAFE NH\u1ef0A CH\u00c2N GI\u1ea2 G\u1ed6 NHI\u1ec0U M\u00c0U AMA-3049","og_description":"Ch\u1ea5t Li\u1ec7u K\u00edch Th\u01b0\u1edbc (D\u00e0i*R\u1ed9ng*cao) T\u00ednh N\u0103ng M\u00e0u S\u1eafc Xu\u1ea5t X\u1ee9 B\u1ea3o h\u00e0nh Ch\u1ea5t li\u1ec7u: Nh\u1ef1a PP, ch\u00e2n g\u1ed7 t\u1ef1 nhi\u00ean + ch\u00e2n gi\u1ea3 g\u1ed7 Xu\u1ea5t x\u1ee9 :\u00a0 nh\u1eadp kh\u1ea9u Chi\u1ec1u cao 80cm \u0110\u1ed9 s\u00e2u: 45cm Chi\u1ec1u r\u1ed9ng: 41,5cm Chi\u1ec1u cao ch\u1ed7 ng\u1ed3i: 47,5cm C\u00f4ng d\u1ee5ng: ph\u00f2ng \u0103n, nh\u00e0 h\u00e0ng, kh\u00e1ch s\u1ea1n, cafe\u2026. Gh\u1ebf \u0111\u01b0\u1ee3c [&hellip;]","og_url":"https:\/\/amafurni.vn\/en\/product\/ghe-cafe-nhua-chan-gia-go-nhieu-mau-ama-3049\/","og_site_name":"AMAFURNI","article_modified_time":"2025-11-12T07:11:41+00:00","og_image":[{"width":800,"height":800,"url":"https:\/\/amafurni.vn\/wp-content\/uploads\/2023\/12\/ghe-cafe-nhua-chan-gia-go-nhieu-mau-ama-3049_657178f830eb9.jpeg","type":"image\/jpeg"}],"twitter_card":"summary_large_image","twitter_misc":{"Est. reading time":"2 minutes"},"schema":{"@context":"https:\/\/schema.org","@graph":[{"@type":"WebPage","@id":"https:\/\/amafurni.vn\/san-pham\/ghe-cafe-nhua-chan-gia-go-nhieu-mau-ama-3049\/","url":"https:\/\/amafurni.vn\/san-pham\/ghe-cafe-nhua-chan-gia-go-nhieu-mau-ama-3049\/","name":"GH\u1ebe CAFE NH\u1ef0A CH\u00c2N GI\u1ea2 G\u1ed6 NHI\u1ec0U M\u00c0U AMA-3049 - AMAFURNI","isPartOf":{"@id":"https:\/\/amafurni.vn\/#website"},"datePublished":"2023-12-07T07:49:12+00:00","dateModified":"2025-11-12T07:11:41+00:00","breadcrumb":{"@id":"https:\/\/amafurni.vn\/san-pham\/ghe-cafe-nhua-chan-gia-go-nhieu-mau-ama-3049\/#breadcrumb"},"inLanguage":"en-US","potentialAction":[{"@type":"ReadAction","target":["https:\/\/amafurni.vn\/san-pham\/ghe-cafe-nhua-chan-gia-go-nhieu-mau-ama-3049\/"]}]},{"@type":"BreadcrumbList","@id":"https:\/\/amafurni.vn\/san-pham\/ghe-cafe-nhua-chan-gia-go-nhieu-mau-ama-3049\/#breadcrumb","itemListElement":[{"@type":"ListItem","position":1,"name":"Trang ch\u1ee7","item":"https:\/\/amafurni.vn\/"},{"@type":"ListItem","position":2,"name":"S\u1ea3n ph\u1ea9m","item":"https:\/\/amafurni.vn\/san-pham\/"},{"@type":"ListItem","position":3,"name":"GH\u1ebe CAFE NH\u1ef0A CH\u00c2N GI\u1ea2 G\u1ed6 NHI\u1ec0U M\u00c0U AMA-3049"}]},{"@type":"WebSite","@id":"https:\/\/amafurni.vn\/#website","url":"https:\/\/amafurni.vn\/","name":"AMAFURNI","description":"","potentialAction":[{"@type":"SearchAction","target":{"@type":"EntryPoint","urlTemplate":"https:\/\/amafurni.vn\/?s={search_term_string}"},"query-input":"required name=search_term_string"}],"inLanguage":"en-US"}]}},"_links":{"self":[{"href":"https:\/\/amafurni.vn\/en\/wp-json\/wp\/v2\/product\/4906"}],"collection":[{"href":"https:\/\/amafurni.vn\/en\/wp-json\/wp\/v2\/product"}],"about":[{"href":"https:\/\/amafurni.vn\/en\/wp-json\/wp\/v2\/types\/product"}],"replies":[{"embeddable":true,"href":"https:\/\/amafurni.vn\/en\/wp-json\/wp\/v2\/comments?post=4906"}],"wp:featuredmedia":[{"embeddable":true,"href":"https:\/\/amafurni.vn\/en\/wp-json\/wp\/v2\/media\/4907"}],"wp:attachment":[{"href":"https:\/\/amafurni.vn\/en\/wp-json\/wp\/v2\/media?parent=4906"}],"wp:term":[{"taxonomy":"product_cat","embeddable":true,"href":"https:\/\/amafurni.vn\/en\/wp-json\/wp\/v2\/product_cat?post=4906"},{"taxonomy":"product_tag","embeddable":true,"href":"https:\/\/amafurni.vn\/en\/wp-json\/wp\/v2\/product_tag?post=4906"}],"curies":[{"name":"wp","href":"https:\/\/api.w.org\/{rel}","templated":true}]}}