{"id":4910,"date":"2023-12-07T14:49:24","date_gmt":"2023-12-07T07:49:24","guid":{"rendered":"https:\/\/amafurni.123websitedev.com\/san-pham\/ghe-cafe-nhua-chan-sat-ama-1028a\/"},"modified":"2025-11-12T14:11:41","modified_gmt":"2025-11-12T07:11:41","slug":"ghe-cafe-nhua-chan-sat-ama-1028a","status":"publish","type":"product","link":"https:\/\/amafurni.vn\/en\/product\/ghe-cafe-nhua-chan-sat-ama-1028a\/","title":{"rendered":"Gh\u1ebf Cafe Nh\u1ef1a Ch\u00e2n S\u1eaft AMA-1028A"},"content":{"rendered":"<table border=\"1\" height=\"213\" style=\"width: 732.844px;\">\n<tbody><\/tbody>\n<tbody>\n<tr>\n<td style=\"width: 384px;\"><span><strong>Material<\/strong><\/span><\/td>\n<td style=\"width: 10px;\"><span><strong> k\u00edch th\u01b0\u1edbc<\/strong><\/span><\/td>\n<td style=\"width: 754px;\"><span><strong>T\u00ednh N\u0103ng<\/strong><\/span><\/td>\n<td style=\"width: 10px;\"><span><strong>M\u00e0u S\u1eafc<\/strong><\/span><\/td>\n<td style=\"width: 81px;\"><span><strong>Xu\u1ea5t X\u1ee9<\/strong><\/span><\/td>\n<td style=\"width: 278.844px;\"><span><strong>B\u1ea3o h\u00e0nh<\/strong><\/span><\/td>\n<\/tr>\n<tr>\n<td style=\"width: 384px;\">\n<p>&#8211;<span>Gh\u1ebf \u0111\u01b0\u1ee3c l\u00e0m t\u1eeb nh\u1ef1a cao c\u1ea5p ABS s\u1ee3i th\u1ee7y tinh d\u1ebbo dai \u0111u\u0301c nguy\u00ean kh\u00f4\u0301i v\u01a1\u0301i nh\u01b0\u0303ng \u0111\u01b0\u01a1\u0300ng cong n\u00e2ng niu c\u01a1 th\u00ea\u0309 ng\u01b0\u01a1\u0300i du\u0300ng, m\u1eb7t ng\u1ed3i h\u00f5m s\u00e2u t\u1ea1o s\u1ef1 tho\u1ea3i m\u00e1i v\u00e0 ti\u1ec7n l\u1ee3i khi ng\u1ed3i<\/span><\/p>\n<p>&#8211;<span>Ch\u00e2n gh\u1ebf l\u00e0m b\u1eb1ng s\u1eaft m\u1ea1 Crom s\u00e1ng b\u00f3ng c\u00f3 t\u00ednh ch\u1ecbu l\u1ef1c si\u00eau l\u1edbn v\u00f4 c\u00f9ng ch\u1eafc ch\u1eafn.<\/span><\/p>\n<\/td>\n<td style=\"width: 10px;\">Cao:800mm<br \/>S\u00e2u:550mm<br \/>R\u1ed9ng:465mm<\/td>\n<td style=\"width: 754px;\">\n<p>&#8211;\u00a0<span>Gh\u1ebf cafe NH\u1ef0A Kh\u00f4ng tay, ph\u00f9 h\u1ee3p cho kh\u00f4ng gian ph\u00f2ng b\u1ebfp, nh\u00e0 h\u00e0ng, qu\u00e1n cafe ho\u1eb7c khu v\u1ef1c ti\u1ebfp kh\u00e1ch \u1edf c\u00e1c v\u0103n ph\u00f2ng c\u00f4ng.<\/span><\/p>\n<ul>\n<li>Ki\u1ec3u d\u00e1ng ch\u00e2n x\u00f2e, l\u00e0m b\u1eb1ng g\u1ed7 s\u1ed3i \u0111\u01b0\u1ee3c gia c\u00f4ng ch\u1eafc ch\u1eafn, c\u1ea9n th\u1eadn. \u0110i\u1ec3m nh\u1ea5n l\u00e0 nh\u1eefng h\u00e0ng n\u00fat r\u1ea5t ki\u1ec3u c\u00e1ch.<\/li>\n<li>D\u1ec5 d\u00e0ng ph\u1ed1i h\u1ee3p v\u00e0 b\u00e0i tr\u00ed v\u1edbi c\u00e1c s\u1ea3n ph\u1ea9m n\u1ed9i th\u1ea5t kh\u00e1c<\/li>\n<li>Kh\u1ed1i l\u01b0\u1ee3ng nh\u1eb9 v\u00e0 ki\u1ec3u d\u00e1ng thon g\u1ecdn, d\u1ec5 d\u00e0ng di chuy\u1ec3n m\u1ecdi n\u01a1i.<\/li>\n<li>M\u00e0u s\u1eafc \u0111a d\u1ea1ng cho kh\u00e1ch h\u00e0ng l\u1ef1a ch\u1ecdn.<\/li>\n<\/ul>\n<\/td>\n<td style=\"width: 10px;\">NH\u01af H\u00ccNH,\u00a0<\/td>\n<td style=\"width: 81px;\">Nh\u1eadp Ngo\u1ea1i<\/td>\n<td style=\"width: 278.844px;\">\n<p>. 12 th\u00e1ng k\u1ef9 thu\u1eadt<\/p>\n<\/td>\n<\/tr>\n<\/tbody>\n<\/table>","protected":false},"excerpt":{"rendered":"<p>Ch\u1ea5t Li\u1ec7u k\u00edch th\u01b0\u1edbc T\u00ednh N\u0103ng M\u00e0u S\u1eafc Xu\u1ea5t X\u1ee9 B\u1ea3o h\u00e0nh &#8211;Gh\u1ebf \u0111\u01b0\u1ee3c l\u00e0m t\u1eeb nh\u1ef1a cao c\u1ea5p ABS s\u1ee3i th\u1ee7y tinh d\u1ebbo dai \u0111u\u0301c nguy\u00ean kh\u00f4\u0301i v\u01a1\u0301i nh\u01b0\u0303ng \u0111\u01b0\u01a1\u0300ng cong n\u00e2ng niu c\u01a1 th\u00ea\u0309 ng\u01b0\u01a1\u0300i du\u0300ng, m\u1eb7t ng\u1ed3i h\u00f5m s\u00e2u t\u1ea1o s\u1ef1 tho\u1ea3i m\u00e1i v\u00e0 ti\u1ec7n l\u1ee3i khi ng\u1ed3i &#8211;Ch\u00e2n gh\u1ebf l\u00e0m b\u1eb1ng [&hellip;]<\/p>","protected":false},"featured_media":4911,"comment_status":"open","ping_status":"closed","template":"","meta":[],"product_cat":[100,588],"product_tag":[],"yoast_head":"<!-- This site is optimized with the Yoast SEO Premium plugin v21.7 (Yoast SEO v21.7) - https:\/\/yoast.com\/wordpress\/plugins\/seo\/ -->\n<title>Gh\u1ebf Cafe Nh\u1ef1a Ch\u00e2n S\u1eaft AMA-1028A - AMAFURNI<\/title>\n<meta name=\"robots\" content=\"index, follow, max-snippet:-1, max-image-preview:large, max-video-preview:-1\" \/>\n<link rel=\"canonical\" href=\"https:\/\/amafurni.vn\/en\/product\/ghe-cafe-nhua-chan-sat-ama-1028a\/\" \/>\n<meta property=\"og:locale\" content=\"en_US\" \/>\n<meta property=\"og:type\" content=\"article\" \/>\n<meta property=\"og:title\" content=\"Gh\u1ebf Cafe Nh\u1ef1a Ch\u00e2n S\u1eaft AMA-1028A\" \/>\n<meta property=\"og:description\" content=\"Ch\u1ea5t Li\u1ec7u k\u00edch th\u01b0\u1edbc T\u00ednh N\u0103ng M\u00e0u S\u1eafc Xu\u1ea5t X\u1ee9 B\u1ea3o h\u00e0nh &#8211;Gh\u1ebf \u0111\u01b0\u1ee3c l\u00e0m t\u1eeb nh\u1ef1a cao c\u1ea5p ABS s\u1ee3i th\u1ee7y tinh d\u1ebbo dai \u0111u\u0301c nguy\u00ean kh\u00f4\u0301i v\u01a1\u0301i nh\u01b0\u0303ng \u0111\u01b0\u01a1\u0300ng cong n\u00e2ng niu c\u01a1 th\u00ea\u0309 ng\u01b0\u01a1\u0300i du\u0300ng, m\u1eb7t ng\u1ed3i h\u00f5m s\u00e2u t\u1ea1o s\u1ef1 tho\u1ea3i m\u00e1i v\u00e0 ti\u1ec7n l\u1ee3i khi ng\u1ed3i &#8211;Ch\u00e2n gh\u1ebf l\u00e0m b\u1eb1ng [&hellip;]\" \/>\n<meta property=\"og:url\" content=\"https:\/\/amafurni.vn\/en\/product\/ghe-cafe-nhua-chan-sat-ama-1028a\/\" \/>\n<meta property=\"og:site_name\" content=\"AMAFURNI\" \/>\n<meta property=\"article:modified_time\" content=\"2025-11-12T07:11:41+00:00\" \/>\n<meta property=\"og:image\" content=\"https:\/\/amafurni.vn\/wp-content\/uploads\/2023\/12\/ghe-cafe-nhua-chan-sat-ama-1028a_65717904dfcd9.png\" \/>\n\t<meta property=\"og:image:width\" content=\"800\" \/>\n\t<meta property=\"og:image:height\" content=\"800\" \/>\n\t<meta property=\"og:image:type\" content=\"image\/png\" \/>\n<meta name=\"twitter:card\" content=\"summary_large_image\" \/>\n<meta name=\"twitter:label1\" content=\"Est. reading time\" \/>\n\t<meta name=\"twitter:data1\" content=\"1 minute\" \/>\n<script type=\"application\/ld+json\" class=\"yoast-schema-graph\">{\"@context\":\"https:\/\/schema.org\",\"@graph\":[{\"@type\":\"WebPage\",\"@id\":\"https:\/\/amafurni.vn\/san-pham\/ghe-cafe-nhua-chan-sat-ama-1028a\/\",\"url\":\"https:\/\/amafurni.vn\/san-pham\/ghe-cafe-nhua-chan-sat-ama-1028a\/\",\"name\":\"Gh\u1ebf Cafe Nh\u1ef1a Ch\u00e2n S\u1eaft AMA-1028A - AMAFURNI\",\"isPartOf\":{\"@id\":\"https:\/\/amafurni.vn\/#website\"},\"datePublished\":\"2023-12-07T07:49:24+00:00\",\"dateModified\":\"2025-11-12T07:11:41+00:00\",\"breadcrumb\":{\"@id\":\"https:\/\/amafurni.vn\/san-pham\/ghe-cafe-nhua-chan-sat-ama-1028a\/#breadcrumb\"},\"inLanguage\":\"en-US\",\"potentialAction\":[{\"@type\":\"ReadAction\",\"target\":[\"https:\/\/amafurni.vn\/san-pham\/ghe-cafe-nhua-chan-sat-ama-1028a\/\"]}]},{\"@type\":\"BreadcrumbList\",\"@id\":\"https:\/\/amafurni.vn\/san-pham\/ghe-cafe-nhua-chan-sat-ama-1028a\/#breadcrumb\",\"itemListElement\":[{\"@type\":\"ListItem\",\"position\":1,\"name\":\"Trang ch\u1ee7\",\"item\":\"https:\/\/amafurni.vn\/\"},{\"@type\":\"ListItem\",\"position\":2,\"name\":\"S\u1ea3n ph\u1ea9m\",\"item\":\"https:\/\/amafurni.vn\/san-pham\/\"},{\"@type\":\"ListItem\",\"position\":3,\"name\":\"Gh\u1ebf Cafe Nh\u1ef1a Ch\u00e2n S\u1eaft AMA-1028A\"}]},{\"@type\":\"WebSite\",\"@id\":\"https:\/\/amafurni.vn\/#website\",\"url\":\"https:\/\/amafurni.vn\/\",\"name\":\"AMAFURNI\",\"description\":\"\",\"potentialAction\":[{\"@type\":\"SearchAction\",\"target\":{\"@type\":\"EntryPoint\",\"urlTemplate\":\"https:\/\/amafurni.vn\/?s={search_term_string}\"},\"query-input\":\"required name=search_term_string\"}],\"inLanguage\":\"en-US\"}]}<\/script>\n<!-- \/ Yoast SEO Premium plugin. -->","yoast_head_json":{"title":"Gh\u1ebf Cafe Nh\u1ef1a Ch\u00e2n S\u1eaft AMA-1028A - AMAFURNI","robots":{"index":"index","follow":"follow","max-snippet":"max-snippet:-1","max-image-preview":"max-image-preview:large","max-video-preview":"max-video-preview:-1"},"canonical":"https:\/\/amafurni.vn\/en\/product\/ghe-cafe-nhua-chan-sat-ama-1028a\/","og_locale":"en_US","og_type":"article","og_title":"Gh\u1ebf Cafe Nh\u1ef1a Ch\u00e2n S\u1eaft AMA-1028A","og_description":"Ch\u1ea5t Li\u1ec7u k\u00edch th\u01b0\u1edbc T\u00ednh N\u0103ng M\u00e0u S\u1eafc Xu\u1ea5t X\u1ee9 B\u1ea3o h\u00e0nh &#8211;Gh\u1ebf \u0111\u01b0\u1ee3c l\u00e0m t\u1eeb nh\u1ef1a cao c\u1ea5p ABS s\u1ee3i th\u1ee7y tinh d\u1ebbo dai \u0111u\u0301c nguy\u00ean kh\u00f4\u0301i v\u01a1\u0301i nh\u01b0\u0303ng \u0111\u01b0\u01a1\u0300ng cong n\u00e2ng niu c\u01a1 th\u00ea\u0309 ng\u01b0\u01a1\u0300i du\u0300ng, m\u1eb7t ng\u1ed3i h\u00f5m s\u00e2u t\u1ea1o s\u1ef1 tho\u1ea3i m\u00e1i v\u00e0 ti\u1ec7n l\u1ee3i khi ng\u1ed3i &#8211;Ch\u00e2n gh\u1ebf l\u00e0m b\u1eb1ng [&hellip;]","og_url":"https:\/\/amafurni.vn\/en\/product\/ghe-cafe-nhua-chan-sat-ama-1028a\/","og_site_name":"AMAFURNI","article_modified_time":"2025-11-12T07:11:41+00:00","og_image":[{"width":800,"height":800,"url":"https:\/\/amafurni.vn\/wp-content\/uploads\/2023\/12\/ghe-cafe-nhua-chan-sat-ama-1028a_65717904dfcd9.png","type":"image\/png"}],"twitter_card":"summary_large_image","twitter_misc":{"Est. reading time":"1 minute"},"schema":{"@context":"https:\/\/schema.org","@graph":[{"@type":"WebPage","@id":"https:\/\/amafurni.vn\/san-pham\/ghe-cafe-nhua-chan-sat-ama-1028a\/","url":"https:\/\/amafurni.vn\/san-pham\/ghe-cafe-nhua-chan-sat-ama-1028a\/","name":"Gh\u1ebf Cafe Nh\u1ef1a Ch\u00e2n S\u1eaft AMA-1028A - AMAFURNI","isPartOf":{"@id":"https:\/\/amafurni.vn\/#website"},"datePublished":"2023-12-07T07:49:24+00:00","dateModified":"2025-11-12T07:11:41+00:00","breadcrumb":{"@id":"https:\/\/amafurni.vn\/san-pham\/ghe-cafe-nhua-chan-sat-ama-1028a\/#breadcrumb"},"inLanguage":"en-US","potentialAction":[{"@type":"ReadAction","target":["https:\/\/amafurni.vn\/san-pham\/ghe-cafe-nhua-chan-sat-ama-1028a\/"]}]},{"@type":"BreadcrumbList","@id":"https:\/\/amafurni.vn\/san-pham\/ghe-cafe-nhua-chan-sat-ama-1028a\/#breadcrumb","itemListElement":[{"@type":"ListItem","position":1,"name":"Trang ch\u1ee7","item":"https:\/\/amafurni.vn\/"},{"@type":"ListItem","position":2,"name":"S\u1ea3n ph\u1ea9m","item":"https:\/\/amafurni.vn\/san-pham\/"},{"@type":"ListItem","position":3,"name":"Gh\u1ebf Cafe Nh\u1ef1a Ch\u00e2n S\u1eaft AMA-1028A"}]},{"@type":"WebSite","@id":"https:\/\/amafurni.vn\/#website","url":"https:\/\/amafurni.vn\/","name":"AMAFURNI","description":"","potentialAction":[{"@type":"SearchAction","target":{"@type":"EntryPoint","urlTemplate":"https:\/\/amafurni.vn\/?s={search_term_string}"},"query-input":"required name=search_term_string"}],"inLanguage":"en-US"}]}},"_links":{"self":[{"href":"https:\/\/amafurni.vn\/en\/wp-json\/wp\/v2\/product\/4910"}],"collection":[{"href":"https:\/\/amafurni.vn\/en\/wp-json\/wp\/v2\/product"}],"about":[{"href":"https:\/\/amafurni.vn\/en\/wp-json\/wp\/v2\/types\/product"}],"replies":[{"embeddable":true,"href":"https:\/\/amafurni.vn\/en\/wp-json\/wp\/v2\/comments?post=4910"}],"wp:featuredmedia":[{"embeddable":true,"href":"https:\/\/amafurni.vn\/en\/wp-json\/wp\/v2\/media\/4911"}],"wp:attachment":[{"href":"https:\/\/amafurni.vn\/en\/wp-json\/wp\/v2\/media?parent=4910"}],"wp:term":[{"taxonomy":"product_cat","embeddable":true,"href":"https:\/\/amafurni.vn\/en\/wp-json\/wp\/v2\/product_cat?post=4910"},{"taxonomy":"product_tag","embeddable":true,"href":"https:\/\/amafurni.vn\/en\/wp-json\/wp\/v2\/product_tag?post=4910"}],"curies":[{"name":"wp","href":"https:\/\/api.w.org\/{rel}","templated":true}]}}