{"id":4923,"date":"2023-12-07T14:50:16","date_gmt":"2023-12-07T07:50:16","guid":{"rendered":"https:\/\/amafurni.123websitedev.com\/san-pham\/ghe-cafe-nhua-pp-chan-sat-gia-go-nhap-khau-ama-3012\/"},"modified":"2024-07-13T14:44:53","modified_gmt":"2024-07-13T07:44:53","slug":"ghe-cafe-nhua-pp-chan-sat-gia-go-nhap-khau-ama-3012","status":"publish","type":"product","link":"https:\/\/amafurni.vn\/en\/product\/ghe-cafe-nhua-pp-chan-sat-gia-go-nhap-khau-ama-3012\/","title":{"rendered":"GH\u1ebe CAFE NH\u1ef0A PP CH\u00c2N S\u1eaeT GI\u1ea2 G\u1ed6 NH\u1eacP KH\u1ea8U AMA-3012"},"content":{"rendered":"<table border=\"1\">\n<tbody><\/tbody>\n<tbody>\n<tr>\n<td><span><strong>Material<\/strong><\/span><\/td>\n<td>\n<p><span><strong><\/strong><\/span><\/p>\n<p><span><strong>Size<\/strong><\/span><\/p>\n<p><span><strong>(D\u00e0i*R\u1ed9ng*cao)<\/strong><\/span><\/p>\n<\/td>\n<td><span><strong>T\u00ednh N\u0103ng<\/strong><\/span><\/td>\n<td><span><strong>M\u00e0u S\u1eafc<\/strong><\/span><\/td>\n<td><span><strong>Xu\u1ea5t X\u1ee9<\/strong><\/span><\/td>\n<td><span><strong>B\u1ea3o h\u00e0nh<\/strong><\/span><\/td>\n<\/tr>\n<tr>\n<td>\n<p>\u00a0<\/p>\n<ul>\n<li>Ch\u1ea5t li\u1ec7u: M\u1eb7t nh\u1ef1a PP<\/li>\n<li>Ch\u00e2n: S\u1eaft gi\u1ea3 g\u1ed7<\/li>\n<li>Xu\u1ea5t x\u1ee9 :\u00a0 nh\u1eadp kh\u1ea9u<\/li>\n<\/ul>\n<\/td>\n<td>\n<ul>\n<li>K\u00edch th\u01b0\u1edbc: 48*55*84<\/li>\n<li>\n<\/ul>\n<\/td>\n<td>\n<p><span>Gh\u1ebf 3012 \u0111\u00fac nh\u1ef1a ch\u00e2n s\u1eaft. Thi\u1ebft k\u1ebf \u0111\u01a1n gi\u1ea3n nh\u01b0ng v\u00f4 c\u00f9ng hi\u1ec7n \u0111\u1ea1i, l\u1ecbch thi\u1ec7p, ti\u1ec7n d\u1ee5ng v\u1edbi ph\u1ea7n l\u01b0ng gh\u1ebf \u0111\u00fac nguy\u00ean kh\u1ed1i t\u1eeb nh\u1ef1a PP cao c\u1ea5p bo tr\u00f2n l\u00ean n\u1eeda l\u01b0ng \u00f4m l\u1ea5y to\u00e0n b\u1ed9 ph\u1ea7n eo. Gh\u1ebf c\u00f3 ch\u1ed7 \u0111\u1ec3 tay cho ng\u01b0\u1eddi ng\u1ed3i mang \u0111\u1ebfn s\u1ef1 tho\u1ea3i m\u00e1i, an to\u00e0n nh\u1ea5t cho ng\u01b0\u1eddi s\u1eed d\u1ee5ng. Ph\u1ea7n ch\u00e2n gh\u1ebf \u0111\u01b0\u1ee3c ch\u1ebf t\u1ea1o t\u1eeb th\u00e9p s\u01a1n t\u0129nh \u0111i\u1ec7n gi\u1ea3 g\u1ed7 ch\u1eafc ch\u1eafn, h\u00e0i h\u00f2a v\u1edbi thi\u1ebft k\u1ebf c\u1ee7a ph\u1ea7n l\u01b0ng gh\u1ebf.<\/span><\/p>\n<p><span>Gh\u1ebf 3012 \u0111\u01b0\u1ee3c thi\u1ebft k\u1ebf d\u1ea1ng \u0111an l\u01b0\u1edbi caro \u0111\u1ed9c \u0111\u00e1o. K\u1ebft h\u1ee3p v\u1edbi ch\u00e2n gh\u1ebf \u0111\u01b0\u1ee3c l\u00e0m b\u1eb1ng s\u1eaft s\u01a1n t\u0129nh \u0111i\u1ec7n gi\u1ea3 g\u1ed7 c\u1ef1c k\u1ef3 b\u00ean v\u00e0 r\u1ea5t ph\u00f9 h\u1ee3p cho c\u00e1c kh\u00f4ng gian ngo\u00e0i tr\u1eddi, n\u01a1i ch\u1ecbu nhi\u1ec1u \u1ea3nh h\u01b0\u1edfng c\u1ee7a n\u1eafng m\u01b0a..<\/span><\/p>\n<p><span>V\u1edbi nh\u1eefng \u0111i\u1ec3m \u0111\u1ed9c \u0111\u00e1o mang phong c\u00e1ch hi\u1ec7n \u0111\u1ea1i nh\u01b0 tr\u00ean gh\u1ebf lu\u00f4n l\u00e0 s\u1ef1 l\u1ef1a ch\u1ecdn t\u1ed1t nh\u1ea5t t\u1ea1o n\u00ean \u0111i\u1ec3m nh\u1ea5n hi\u1ec7n \u0111\u1ea1i, tinh t\u1ebf cho kh\u00f4ng gian n\u1ed9i t\u1ea5t c\u1ee7a qu\u00fd kh\u00e1ch h\u00e0ng.<\/span><\/p>\n<\/td>\n<td>\n<p>NHI\u1ec0U M\u00c0U<\/p>\n<ul>\n<li>M\u00e0u s\u1eafc: Tr\u1eafng, \u0111en, \u0111\u1ecf, v\u00e0ng, lam, l\u00e1 , x\u00e1m<\/li>\n<\/ul>\n<\/td>\n<td>Nh\u1eadp Ngo\u1ea1i<\/td>\n<td>\n<p>. 06 th\u00e1ng k\u1ef9 thu\u1eadt<\/p>\n<\/p>\n<\/td>\n<\/tr>\n<\/tbody>\n<\/table>","protected":false},"excerpt":{"rendered":"<p>Ch\u1ea5t Li\u1ec7u K\u00edch Th\u01b0\u1edbc (D\u00e0i*R\u1ed9ng*cao) T\u00ednh N\u0103ng M\u00e0u S\u1eafc Xu\u1ea5t X\u1ee9 B\u1ea3o h\u00e0nh \u00a0 Ch\u1ea5t li\u1ec7u: M\u1eb7t nh\u1ef1a PP Ch\u00e2n: S\u1eaft gi\u1ea3 g\u1ed7 Xu\u1ea5t x\u1ee9 :\u00a0 nh\u1eadp kh\u1ea9u K\u00edch th\u01b0\u1edbc: 48*55*84 Gh\u1ebf 3012 \u0111\u00fac nh\u1ef1a ch\u00e2n s\u1eaft. Thi\u1ebft k\u1ebf \u0111\u01a1n gi\u1ea3n nh\u01b0ng v\u00f4 c\u00f9ng hi\u1ec7n \u0111\u1ea1i, l\u1ecbch thi\u1ec7p, ti\u1ec7n d\u1ee5ng v\u1edbi ph\u1ea7n l\u01b0ng gh\u1ebf \u0111\u00fac [&hellip;]<\/p>","protected":false},"featured_media":4924,"comment_status":"open","ping_status":"closed","template":"","meta":[],"product_cat":[191,100,588],"product_tag":[],"yoast_head":"<!-- This site is optimized with the Yoast SEO Premium plugin v21.7 (Yoast SEO v21.7) - https:\/\/yoast.com\/wordpress\/plugins\/seo\/ -->\n<title>GH\u1ebe CAFE NH\u1ef0A PP CH\u00c2N S\u1eaeT GI\u1ea2 G\u1ed6 NH\u1eacP KH\u1ea8U AMA-3012 - AMAFURNI<\/title>\n<meta name=\"robots\" content=\"index, follow, max-snippet:-1, max-image-preview:large, max-video-preview:-1\" \/>\n<link rel=\"canonical\" href=\"https:\/\/amafurni.vn\/en\/product\/ghe-cafe-nhua-pp-chan-sat-gia-go-nhap-khau-ama-3012\/\" \/>\n<meta property=\"og:locale\" content=\"en_US\" \/>\n<meta property=\"og:type\" content=\"article\" \/>\n<meta property=\"og:title\" content=\"GH\u1ebe CAFE NH\u1ef0A PP CH\u00c2N S\u1eaeT GI\u1ea2 G\u1ed6 NH\u1eacP KH\u1ea8U AMA-3012\" \/>\n<meta property=\"og:description\" content=\"Ch\u1ea5t Li\u1ec7u K\u00edch Th\u01b0\u1edbc (D\u00e0i*R\u1ed9ng*cao) T\u00ednh N\u0103ng M\u00e0u S\u1eafc Xu\u1ea5t X\u1ee9 B\u1ea3o h\u00e0nh \u00a0 Ch\u1ea5t li\u1ec7u: M\u1eb7t nh\u1ef1a PP Ch\u00e2n: S\u1eaft gi\u1ea3 g\u1ed7 Xu\u1ea5t x\u1ee9 :\u00a0 nh\u1eadp kh\u1ea9u K\u00edch th\u01b0\u1edbc: 48*55*84 Gh\u1ebf 3012 \u0111\u00fac nh\u1ef1a ch\u00e2n s\u1eaft. Thi\u1ebft k\u1ebf \u0111\u01a1n gi\u1ea3n nh\u01b0ng v\u00f4 c\u00f9ng hi\u1ec7n \u0111\u1ea1i, l\u1ecbch thi\u1ec7p, ti\u1ec7n d\u1ee5ng v\u1edbi ph\u1ea7n l\u01b0ng gh\u1ebf \u0111\u00fac [&hellip;]\" \/>\n<meta property=\"og:url\" content=\"https:\/\/amafurni.vn\/en\/product\/ghe-cafe-nhua-pp-chan-sat-gia-go-nhap-khau-ama-3012\/\" \/>\n<meta property=\"og:site_name\" content=\"AMAFURNI\" \/>\n<meta property=\"article:modified_time\" content=\"2024-07-13T07:44:53+00:00\" \/>\n<meta property=\"og:image\" content=\"https:\/\/amafurni.vn\/wp-content\/uploads\/2023\/12\/ghe-cafe-nhua-pp-chan-sat-gia-go-nhap-khau-ama-3012_657179391a174.jpeg\" \/>\n\t<meta property=\"og:image:width\" content=\"800\" \/>\n\t<meta property=\"og:image:height\" content=\"800\" \/>\n\t<meta property=\"og:image:type\" content=\"image\/jpeg\" \/>\n<meta name=\"twitter:card\" content=\"summary_large_image\" \/>\n<meta name=\"twitter:label1\" content=\"Est. reading time\" \/>\n\t<meta name=\"twitter:data1\" content=\"2 minutes\" \/>\n<script type=\"application\/ld+json\" class=\"yoast-schema-graph\">{\"@context\":\"https:\/\/schema.org\",\"@graph\":[{\"@type\":\"WebPage\",\"@id\":\"https:\/\/amafurni.vn\/san-pham\/ghe-cafe-nhua-pp-chan-sat-gia-go-nhap-khau-ama-3012\/\",\"url\":\"https:\/\/amafurni.vn\/san-pham\/ghe-cafe-nhua-pp-chan-sat-gia-go-nhap-khau-ama-3012\/\",\"name\":\"GH\u1ebe CAFE NH\u1ef0A PP CH\u00c2N S\u1eaeT GI\u1ea2 G\u1ed6 NH\u1eacP KH\u1ea8U AMA-3012 - AMAFURNI\",\"isPartOf\":{\"@id\":\"https:\/\/amafurni.vn\/#website\"},\"datePublished\":\"2023-12-07T07:50:16+00:00\",\"dateModified\":\"2024-07-13T07:44:53+00:00\",\"breadcrumb\":{\"@id\":\"https:\/\/amafurni.vn\/san-pham\/ghe-cafe-nhua-pp-chan-sat-gia-go-nhap-khau-ama-3012\/#breadcrumb\"},\"inLanguage\":\"en-US\",\"potentialAction\":[{\"@type\":\"ReadAction\",\"target\":[\"https:\/\/amafurni.vn\/san-pham\/ghe-cafe-nhua-pp-chan-sat-gia-go-nhap-khau-ama-3012\/\"]}]},{\"@type\":\"BreadcrumbList\",\"@id\":\"https:\/\/amafurni.vn\/san-pham\/ghe-cafe-nhua-pp-chan-sat-gia-go-nhap-khau-ama-3012\/#breadcrumb\",\"itemListElement\":[{\"@type\":\"ListItem\",\"position\":1,\"name\":\"Trang ch\u1ee7\",\"item\":\"https:\/\/amafurni.vn\/\"},{\"@type\":\"ListItem\",\"position\":2,\"name\":\"S\u1ea3n ph\u1ea9m\",\"item\":\"https:\/\/amafurni.vn\/san-pham\/\"},{\"@type\":\"ListItem\",\"position\":3,\"name\":\"GH\u1ebe CAFE NH\u1ef0A PP CH\u00c2N S\u1eaeT GI\u1ea2 G\u1ed6 NH\u1eacP KH\u1ea8U AMA-3012\"}]},{\"@type\":\"WebSite\",\"@id\":\"https:\/\/amafurni.vn\/#website\",\"url\":\"https:\/\/amafurni.vn\/\",\"name\":\"AMAFURNI\",\"description\":\"\",\"potentialAction\":[{\"@type\":\"SearchAction\",\"target\":{\"@type\":\"EntryPoint\",\"urlTemplate\":\"https:\/\/amafurni.vn\/?s={search_term_string}\"},\"query-input\":\"required name=search_term_string\"}],\"inLanguage\":\"en-US\"}]}<\/script>\n<!-- \/ Yoast SEO Premium plugin. -->","yoast_head_json":{"title":"GH\u1ebe CAFE NH\u1ef0A PP CH\u00c2N S\u1eaeT GI\u1ea2 G\u1ed6 NH\u1eacP KH\u1ea8U AMA-3012 - AMAFURNI","robots":{"index":"index","follow":"follow","max-snippet":"max-snippet:-1","max-image-preview":"max-image-preview:large","max-video-preview":"max-video-preview:-1"},"canonical":"https:\/\/amafurni.vn\/en\/product\/ghe-cafe-nhua-pp-chan-sat-gia-go-nhap-khau-ama-3012\/","og_locale":"en_US","og_type":"article","og_title":"GH\u1ebe CAFE NH\u1ef0A PP CH\u00c2N S\u1eaeT GI\u1ea2 G\u1ed6 NH\u1eacP KH\u1ea8U AMA-3012","og_description":"Ch\u1ea5t Li\u1ec7u K\u00edch Th\u01b0\u1edbc (D\u00e0i*R\u1ed9ng*cao) T\u00ednh N\u0103ng M\u00e0u S\u1eafc Xu\u1ea5t X\u1ee9 B\u1ea3o h\u00e0nh \u00a0 Ch\u1ea5t li\u1ec7u: M\u1eb7t nh\u1ef1a PP Ch\u00e2n: S\u1eaft gi\u1ea3 g\u1ed7 Xu\u1ea5t x\u1ee9 :\u00a0 nh\u1eadp kh\u1ea9u K\u00edch th\u01b0\u1edbc: 48*55*84 Gh\u1ebf 3012 \u0111\u00fac nh\u1ef1a ch\u00e2n s\u1eaft. Thi\u1ebft k\u1ebf \u0111\u01a1n gi\u1ea3n nh\u01b0ng v\u00f4 c\u00f9ng hi\u1ec7n \u0111\u1ea1i, l\u1ecbch thi\u1ec7p, ti\u1ec7n d\u1ee5ng v\u1edbi ph\u1ea7n l\u01b0ng gh\u1ebf \u0111\u00fac [&hellip;]","og_url":"https:\/\/amafurni.vn\/en\/product\/ghe-cafe-nhua-pp-chan-sat-gia-go-nhap-khau-ama-3012\/","og_site_name":"AMAFURNI","article_modified_time":"2024-07-13T07:44:53+00:00","og_image":[{"width":800,"height":800,"url":"https:\/\/amafurni.vn\/wp-content\/uploads\/2023\/12\/ghe-cafe-nhua-pp-chan-sat-gia-go-nhap-khau-ama-3012_657179391a174.jpeg","type":"image\/jpeg"}],"twitter_card":"summary_large_image","twitter_misc":{"Est. reading time":"2 minutes"},"schema":{"@context":"https:\/\/schema.org","@graph":[{"@type":"WebPage","@id":"https:\/\/amafurni.vn\/san-pham\/ghe-cafe-nhua-pp-chan-sat-gia-go-nhap-khau-ama-3012\/","url":"https:\/\/amafurni.vn\/san-pham\/ghe-cafe-nhua-pp-chan-sat-gia-go-nhap-khau-ama-3012\/","name":"GH\u1ebe CAFE NH\u1ef0A PP CH\u00c2N S\u1eaeT GI\u1ea2 G\u1ed6 NH\u1eacP KH\u1ea8U AMA-3012 - AMAFURNI","isPartOf":{"@id":"https:\/\/amafurni.vn\/#website"},"datePublished":"2023-12-07T07:50:16+00:00","dateModified":"2024-07-13T07:44:53+00:00","breadcrumb":{"@id":"https:\/\/amafurni.vn\/san-pham\/ghe-cafe-nhua-pp-chan-sat-gia-go-nhap-khau-ama-3012\/#breadcrumb"},"inLanguage":"en-US","potentialAction":[{"@type":"ReadAction","target":["https:\/\/amafurni.vn\/san-pham\/ghe-cafe-nhua-pp-chan-sat-gia-go-nhap-khau-ama-3012\/"]}]},{"@type":"BreadcrumbList","@id":"https:\/\/amafurni.vn\/san-pham\/ghe-cafe-nhua-pp-chan-sat-gia-go-nhap-khau-ama-3012\/#breadcrumb","itemListElement":[{"@type":"ListItem","position":1,"name":"Trang ch\u1ee7","item":"https:\/\/amafurni.vn\/"},{"@type":"ListItem","position":2,"name":"S\u1ea3n ph\u1ea9m","item":"https:\/\/amafurni.vn\/san-pham\/"},{"@type":"ListItem","position":3,"name":"GH\u1ebe CAFE NH\u1ef0A PP CH\u00c2N S\u1eaeT GI\u1ea2 G\u1ed6 NH\u1eacP KH\u1ea8U AMA-3012"}]},{"@type":"WebSite","@id":"https:\/\/amafurni.vn\/#website","url":"https:\/\/amafurni.vn\/","name":"AMAFURNI","description":"","potentialAction":[{"@type":"SearchAction","target":{"@type":"EntryPoint","urlTemplate":"https:\/\/amafurni.vn\/?s={search_term_string}"},"query-input":"required name=search_term_string"}],"inLanguage":"en-US"}]}},"_links":{"self":[{"href":"https:\/\/amafurni.vn\/en\/wp-json\/wp\/v2\/product\/4923"}],"collection":[{"href":"https:\/\/amafurni.vn\/en\/wp-json\/wp\/v2\/product"}],"about":[{"href":"https:\/\/amafurni.vn\/en\/wp-json\/wp\/v2\/types\/product"}],"replies":[{"embeddable":true,"href":"https:\/\/amafurni.vn\/en\/wp-json\/wp\/v2\/comments?post=4923"}],"wp:featuredmedia":[{"embeddable":true,"href":"https:\/\/amafurni.vn\/en\/wp-json\/wp\/v2\/media\/4924"}],"wp:attachment":[{"href":"https:\/\/amafurni.vn\/en\/wp-json\/wp\/v2\/media?parent=4923"}],"wp:term":[{"taxonomy":"product_cat","embeddable":true,"href":"https:\/\/amafurni.vn\/en\/wp-json\/wp\/v2\/product_cat?post=4923"},{"taxonomy":"product_tag","embeddable":true,"href":"https:\/\/amafurni.vn\/en\/wp-json\/wp\/v2\/product_tag?post=4923"}],"curies":[{"name":"wp","href":"https:\/\/api.w.org\/{rel}","templated":true}]}}