{"id":4939,"date":"2023-12-07T14:51:21","date_gmt":"2023-12-07T07:51:21","guid":{"rendered":"https:\/\/amafurni.123websitedev.com\/san-pham\/ghe-cafe-nhua-pp-duc-dac-nhieu-mau-ama-3005\/"},"modified":"2024-07-13T14:44:40","modified_gmt":"2024-07-13T07:44:40","slug":"ghe-cafe-nhua-pp-duc-dac-nhieu-mau-ama-3005","status":"publish","type":"product","link":"https:\/\/amafurni.vn\/en\/product\/ghe-cafe-nhua-pp-duc-dac-nhieu-mau-ama-3005\/","title":{"rendered":"GH\u1ebe CAFE NH\u1ef0A PP \u0110\u00daC \u0110\u1eb6C NHI\u1ec0U M\u00c0U AMA-3005"},"content":{"rendered":"<table border=\"1\" height=\"299\" style=\"width: 775px;\">\n<tbody><\/tbody>\n<tbody>\n<tr>\n<td style=\"width: 102px;\"><span><strong>Material<\/strong><\/span><\/td>\n<td style=\"width: 135.488px;\">\n<p><span><strong><\/strong><\/span><\/p>\n<p><span><strong>Size<\/strong><\/span><\/p>\n<p><span><strong>(D\u00e0i*R\u1ed9ng*cao)<\/strong><\/span><\/p>\n<\/td>\n<td style=\"width: 356.512px;\"><span><strong>T\u00ednh N\u0103ng<\/strong><\/span><\/td>\n<td style=\"width: 49px;\"><span><strong>M\u00e0u S\u1eafc<\/strong><\/span><\/td>\n<td style=\"width: 44px;\"><span><strong>Xu\u1ea5t X\u1ee9<\/strong><\/span><\/td>\n<td style=\"width: 50px;\"><span><strong>B\u1ea3o h\u00e0nh<\/strong><\/span><\/td>\n<\/tr>\n<tr>\n<td style=\"width: 102px;\">\n<p>\u00a0<\/p>\n<ul>\n<li>Ch\u1ea5t li\u1ec7u :\u00a0<span>Ch\u1ea5t li\u1ec7u: nh\u1ef1a PP\u00a0<\/span><\/li>\n<li>Xu\u1ea5t x\u1ee9 :\u00a0 nh\u1eadp kh\u1ea9u<\/li>\n<\/ul>\n<\/td>\n<td style=\"width: 135.488px;\">\n<ul>\n<li><span>Cao: 900mm<\/span><br \/><span>s\u00e2u: 400mm<\/span><br \/><span>R\u1ed9ng 400mm<\/span><br \/><span>Cao \u0111\u00e1y: 445mm<\/span><br \/><span>N\u1eb7ng: 3.9kg<\/span><\/li>\n<\/ul>\n<\/td>\n<td style=\"width: 356.512px;\">\n<p><strong>Gh\u1ebf nh\u1ef1a nh\u00e0 h\u00e0ng, cafe nhi\u1ec1u m\u00e0u 3005<\/strong><span>\u00a0thi\u1ebft k\u1ebf kinh \u0111i\u1ec3n l\u1ea5y \u00fd t\u01b0\u1edfng t\u1eeb c\u00e1c l\u00f3ng tre Vi\u1ec7t Nam, \u0111\u00e2y l\u00e0 m\u1eabu gh\u1ebf \u0111\u01b0\u1ee3c s\u1eed d\u1ee5ng nhi\u1ec1u trong c\u00e1c nh\u00e0 h\u00e0ng, qu\u00e1n cafe v\u1edbi c\u00e1c b\u1eefa ti\u1ec7c ngo\u00e0i tr\u1eddi hay trong nh\u00e0, c\u00f3 th\u1ec3 k\u1ebft h\u1ee3p v\u1edbi \u00e1o gh\u1ebf t\u1ea1o n\u00ean s\u1ef1 sang tr\u1ecdng. Gh\u1ebf c\u00f3 r\u1ea5t nhi\u1ec1u m\u00e0u kh\u00e1c nhau qu\u00fd kh\u00e1ch c\u00f3 th\u1ec3 l\u1ef1a ch\u1ecdn sao cho ph\u00f9 h\u1ee3p v\u1edbi nhu c\u1ea7u.<\/span><\/p>\n<\/td>\n<td style=\"width: 49px;\">\n<p>NHI\u1ec0U M\u00c0U<\/p>\n<\/td>\n<td style=\"width: 44px;\">Nh\u1eadp Ngo\u1ea1i<\/td>\n<td style=\"width: 50px;\">\n<p>. 06 th\u00e1ng k\u1ef9 thu\u1eadt<\/p>\n<\/p>\n<\/td>\n<\/tr>\n<\/tbody>\n<\/table>","protected":false},"excerpt":{"rendered":"<p>V\u1edbi thi\u1ebft k\u1ebf tinh t\u1ebf , ch\u00e2n gh\u1ebf \u0111\u01b0\u1ee3c l\u00e0m b\u1eb1ng ch\u1ea5t li\u1ec7u nh\u1ef1a \u0111\u00fac \u0111\u1eb7c s\u1ef1 ch\u1eafc ch\u1eafn khi ng\u1ed3i , ch\u00e2n gh\u1ebf \u0111\u01b0\u1ee3c ph\u00e1 c\u00e1ch v\u1edbi thi\u1ebft k\u1ebf c\u00f3 k\u1ebft c\u1ea5u xoay 360 \u0111\u1ed9 , linh ho\u1ea1t h\u01a1n khi s\u1eed d\u1ee5ng gh\u1ebf , ph\u1ea7n th\u00e2n gh\u1ebf \u0111\u01b0\u1ee3c l\u00e0m b\u1eb1ng nh\u1ef1a PP , c\u00f3 l\u00f3t m\u00fat cao c\u1ea5p t\u1ea1o s\u1ef1 \u00eam \u00e1i , ph\u1ea3i \u0111\u01b0\u1ee3c b\u1ecdc v\u1edbi ch\u1ea5t li\u1ec7u v\u1ea3i b\u1ed1 , \u0111\u01b0a l\u00ean v\u1ebb ho\u00e0n h\u1ea3o c\u1ee7a\u00a0Gh\u1ebf\u00a0th\u00eam 1 t\u1ea7m cao m\u1edbi .<\/p>","protected":false},"featured_media":4940,"comment_status":"open","ping_status":"closed","template":"","meta":[],"product_cat":[191,100,588],"product_tag":[],"yoast_head":"<!-- This site is optimized with the Yoast SEO Premium plugin v21.7 (Yoast SEO v21.7) - https:\/\/yoast.com\/wordpress\/plugins\/seo\/ -->\n<title>GH\u1ebe CAFE NH\u1ef0A PP \u0110\u00daC \u0110\u1eb6C NHI\u1ec0U M\u00c0U AMA-3005 - AMAFURNI<\/title>\n<meta name=\"robots\" content=\"index, follow, max-snippet:-1, max-image-preview:large, max-video-preview:-1\" \/>\n<link rel=\"canonical\" href=\"https:\/\/amafurni.vn\/en\/product\/ghe-cafe-nhua-pp-duc-dac-nhieu-mau-ama-3005\/\" \/>\n<meta property=\"og:locale\" content=\"en_US\" \/>\n<meta property=\"og:type\" content=\"article\" \/>\n<meta property=\"og:title\" content=\"GH\u1ebe CAFE NH\u1ef0A PP \u0110\u00daC \u0110\u1eb6C NHI\u1ec0U M\u00c0U AMA-3005\" \/>\n<meta property=\"og:description\" content=\"V\u1edbi thi\u1ebft k\u1ebf tinh t\u1ebf , ch\u00e2n gh\u1ebf \u0111\u01b0\u1ee3c l\u00e0m b\u1eb1ng ch\u1ea5t li\u1ec7u nh\u1ef1a \u0111\u00fac \u0111\u1eb7c s\u1ef1 ch\u1eafc ch\u1eafn khi ng\u1ed3i , ch\u00e2n gh\u1ebf \u0111\u01b0\u1ee3c ph\u00e1 c\u00e1ch v\u1edbi thi\u1ebft k\u1ebf c\u00f3 k\u1ebft c\u1ea5u xoay 360 \u0111\u1ed9 , linh ho\u1ea1t h\u01a1n khi s\u1eed d\u1ee5ng gh\u1ebf , ph\u1ea7n th\u00e2n gh\u1ebf \u0111\u01b0\u1ee3c l\u00e0m b\u1eb1ng nh\u1ef1a PP , c\u00f3 l\u00f3t m\u00fat cao c\u1ea5p t\u1ea1o s\u1ef1 \u00eam \u00e1i , ph\u1ea3i \u0111\u01b0\u1ee3c b\u1ecdc v\u1edbi ch\u1ea5t li\u1ec7u v\u1ea3i b\u1ed1 , \u0111\u01b0a l\u00ean v\u1ebb ho\u00e0n h\u1ea3o c\u1ee7a\u00a0Gh\u1ebf\u00a0th\u00eam 1 t\u1ea7m cao m\u1edbi .\" \/>\n<meta property=\"og:url\" content=\"https:\/\/amafurni.vn\/en\/product\/ghe-cafe-nhua-pp-duc-dac-nhieu-mau-ama-3005\/\" \/>\n<meta property=\"og:site_name\" content=\"AMAFURNI\" \/>\n<meta property=\"article:modified_time\" content=\"2024-07-13T07:44:40+00:00\" \/>\n<meta property=\"og:image\" content=\"https:\/\/amafurni.vn\/wp-content\/uploads\/2023\/12\/ghe-cafe-nhua-pp-duc-dac-nhieu-mau-ama-3005_65717979d2948.jpeg\" \/>\n\t<meta property=\"og:image:width\" content=\"800\" \/>\n\t<meta property=\"og:image:height\" content=\"800\" \/>\n\t<meta property=\"og:image:type\" content=\"image\/jpeg\" \/>\n<meta name=\"twitter:card\" content=\"summary_large_image\" \/>\n<meta name=\"twitter:label1\" content=\"Est. reading time\" \/>\n\t<meta name=\"twitter:data1\" content=\"1 minute\" \/>\n<script type=\"application\/ld+json\" class=\"yoast-schema-graph\">{\"@context\":\"https:\/\/schema.org\",\"@graph\":[{\"@type\":\"WebPage\",\"@id\":\"https:\/\/amafurni.vn\/san-pham\/ghe-cafe-nhua-pp-duc-dac-nhieu-mau-ama-3005\/\",\"url\":\"https:\/\/amafurni.vn\/san-pham\/ghe-cafe-nhua-pp-duc-dac-nhieu-mau-ama-3005\/\",\"name\":\"GH\u1ebe CAFE NH\u1ef0A PP \u0110\u00daC \u0110\u1eb6C NHI\u1ec0U M\u00c0U AMA-3005 - AMAFURNI\",\"isPartOf\":{\"@id\":\"https:\/\/amafurni.vn\/#website\"},\"datePublished\":\"2023-12-07T07:51:21+00:00\",\"dateModified\":\"2024-07-13T07:44:40+00:00\",\"breadcrumb\":{\"@id\":\"https:\/\/amafurni.vn\/san-pham\/ghe-cafe-nhua-pp-duc-dac-nhieu-mau-ama-3005\/#breadcrumb\"},\"inLanguage\":\"en-US\",\"potentialAction\":[{\"@type\":\"ReadAction\",\"target\":[\"https:\/\/amafurni.vn\/san-pham\/ghe-cafe-nhua-pp-duc-dac-nhieu-mau-ama-3005\/\"]}]},{\"@type\":\"BreadcrumbList\",\"@id\":\"https:\/\/amafurni.vn\/san-pham\/ghe-cafe-nhua-pp-duc-dac-nhieu-mau-ama-3005\/#breadcrumb\",\"itemListElement\":[{\"@type\":\"ListItem\",\"position\":1,\"name\":\"Trang ch\u1ee7\",\"item\":\"https:\/\/amafurni.vn\/\"},{\"@type\":\"ListItem\",\"position\":2,\"name\":\"S\u1ea3n ph\u1ea9m\",\"item\":\"https:\/\/amafurni.vn\/san-pham\/\"},{\"@type\":\"ListItem\",\"position\":3,\"name\":\"GH\u1ebe CAFE NH\u1ef0A PP \u0110\u00daC \u0110\u1eb6C NHI\u1ec0U M\u00c0U AMA-3005\"}]},{\"@type\":\"WebSite\",\"@id\":\"https:\/\/amafurni.vn\/#website\",\"url\":\"https:\/\/amafurni.vn\/\",\"name\":\"AMAFURNI\",\"description\":\"\",\"potentialAction\":[{\"@type\":\"SearchAction\",\"target\":{\"@type\":\"EntryPoint\",\"urlTemplate\":\"https:\/\/amafurni.vn\/?s={search_term_string}\"},\"query-input\":\"required name=search_term_string\"}],\"inLanguage\":\"en-US\"}]}<\/script>\n<!-- \/ Yoast SEO Premium plugin. -->","yoast_head_json":{"title":"GH\u1ebe CAFE NH\u1ef0A PP \u0110\u00daC \u0110\u1eb6C NHI\u1ec0U M\u00c0U AMA-3005 - AMAFURNI","robots":{"index":"index","follow":"follow","max-snippet":"max-snippet:-1","max-image-preview":"max-image-preview:large","max-video-preview":"max-video-preview:-1"},"canonical":"https:\/\/amafurni.vn\/en\/product\/ghe-cafe-nhua-pp-duc-dac-nhieu-mau-ama-3005\/","og_locale":"en_US","og_type":"article","og_title":"GH\u1ebe CAFE NH\u1ef0A PP \u0110\u00daC \u0110\u1eb6C NHI\u1ec0U M\u00c0U AMA-3005","og_description":"V\u1edbi thi\u1ebft k\u1ebf tinh t\u1ebf , ch\u00e2n gh\u1ebf \u0111\u01b0\u1ee3c l\u00e0m b\u1eb1ng ch\u1ea5t li\u1ec7u nh\u1ef1a \u0111\u00fac \u0111\u1eb7c s\u1ef1 ch\u1eafc ch\u1eafn khi ng\u1ed3i , ch\u00e2n gh\u1ebf \u0111\u01b0\u1ee3c ph\u00e1 c\u00e1ch v\u1edbi thi\u1ebft k\u1ebf c\u00f3 k\u1ebft c\u1ea5u xoay 360 \u0111\u1ed9 , linh ho\u1ea1t h\u01a1n khi s\u1eed d\u1ee5ng gh\u1ebf , ph\u1ea7n th\u00e2n gh\u1ebf \u0111\u01b0\u1ee3c l\u00e0m b\u1eb1ng nh\u1ef1a PP , c\u00f3 l\u00f3t m\u00fat cao c\u1ea5p t\u1ea1o s\u1ef1 \u00eam \u00e1i , ph\u1ea3i \u0111\u01b0\u1ee3c b\u1ecdc v\u1edbi ch\u1ea5t li\u1ec7u v\u1ea3i b\u1ed1 , \u0111\u01b0a l\u00ean v\u1ebb ho\u00e0n h\u1ea3o c\u1ee7a\u00a0Gh\u1ebf\u00a0th\u00eam 1 t\u1ea7m cao m\u1edbi .","og_url":"https:\/\/amafurni.vn\/en\/product\/ghe-cafe-nhua-pp-duc-dac-nhieu-mau-ama-3005\/","og_site_name":"AMAFURNI","article_modified_time":"2024-07-13T07:44:40+00:00","og_image":[{"width":800,"height":800,"url":"https:\/\/amafurni.vn\/wp-content\/uploads\/2023\/12\/ghe-cafe-nhua-pp-duc-dac-nhieu-mau-ama-3005_65717979d2948.jpeg","type":"image\/jpeg"}],"twitter_card":"summary_large_image","twitter_misc":{"Est. reading time":"1 minute"},"schema":{"@context":"https:\/\/schema.org","@graph":[{"@type":"WebPage","@id":"https:\/\/amafurni.vn\/san-pham\/ghe-cafe-nhua-pp-duc-dac-nhieu-mau-ama-3005\/","url":"https:\/\/amafurni.vn\/san-pham\/ghe-cafe-nhua-pp-duc-dac-nhieu-mau-ama-3005\/","name":"GH\u1ebe CAFE NH\u1ef0A PP \u0110\u00daC \u0110\u1eb6C NHI\u1ec0U M\u00c0U AMA-3005 - AMAFURNI","isPartOf":{"@id":"https:\/\/amafurni.vn\/#website"},"datePublished":"2023-12-07T07:51:21+00:00","dateModified":"2024-07-13T07:44:40+00:00","breadcrumb":{"@id":"https:\/\/amafurni.vn\/san-pham\/ghe-cafe-nhua-pp-duc-dac-nhieu-mau-ama-3005\/#breadcrumb"},"inLanguage":"en-US","potentialAction":[{"@type":"ReadAction","target":["https:\/\/amafurni.vn\/san-pham\/ghe-cafe-nhua-pp-duc-dac-nhieu-mau-ama-3005\/"]}]},{"@type":"BreadcrumbList","@id":"https:\/\/amafurni.vn\/san-pham\/ghe-cafe-nhua-pp-duc-dac-nhieu-mau-ama-3005\/#breadcrumb","itemListElement":[{"@type":"ListItem","position":1,"name":"Trang ch\u1ee7","item":"https:\/\/amafurni.vn\/"},{"@type":"ListItem","position":2,"name":"S\u1ea3n ph\u1ea9m","item":"https:\/\/amafurni.vn\/san-pham\/"},{"@type":"ListItem","position":3,"name":"GH\u1ebe CAFE NH\u1ef0A PP \u0110\u00daC \u0110\u1eb6C NHI\u1ec0U M\u00c0U AMA-3005"}]},{"@type":"WebSite","@id":"https:\/\/amafurni.vn\/#website","url":"https:\/\/amafurni.vn\/","name":"AMAFURNI","description":"","potentialAction":[{"@type":"SearchAction","target":{"@type":"EntryPoint","urlTemplate":"https:\/\/amafurni.vn\/?s={search_term_string}"},"query-input":"required name=search_term_string"}],"inLanguage":"en-US"}]}},"_links":{"self":[{"href":"https:\/\/amafurni.vn\/en\/wp-json\/wp\/v2\/product\/4939"}],"collection":[{"href":"https:\/\/amafurni.vn\/en\/wp-json\/wp\/v2\/product"}],"about":[{"href":"https:\/\/amafurni.vn\/en\/wp-json\/wp\/v2\/types\/product"}],"replies":[{"embeddable":true,"href":"https:\/\/amafurni.vn\/en\/wp-json\/wp\/v2\/comments?post=4939"}],"wp:featuredmedia":[{"embeddable":true,"href":"https:\/\/amafurni.vn\/en\/wp-json\/wp\/v2\/media\/4940"}],"wp:attachment":[{"href":"https:\/\/amafurni.vn\/en\/wp-json\/wp\/v2\/media?parent=4939"}],"wp:term":[{"taxonomy":"product_cat","embeddable":true,"href":"https:\/\/amafurni.vn\/en\/wp-json\/wp\/v2\/product_cat?post=4939"},{"taxonomy":"product_tag","embeddable":true,"href":"https:\/\/amafurni.vn\/en\/wp-json\/wp\/v2\/product_tag?post=4939"}],"curies":[{"name":"wp","href":"https:\/\/api.w.org\/{rel}","templated":true}]}}