{"id":4943,"date":"2023-12-07T14:51:34","date_gmt":"2023-12-07T07:51:34","guid":{"rendered":"https:\/\/amafurni.123websitedev.com\/san-pham\/ghe-cafe-nhua-pp-duc-dac-nhieu-mau-ama-3007\/"},"modified":"2026-01-09T14:06:03","modified_gmt":"2026-01-09T07:06:03","slug":"ghe-cafe-nhua-pp-duc-dac-nhieu-mau-ama-3007","status":"publish","type":"product","link":"https:\/\/amafurni.vn\/en\/product\/ghe-cafe-nhua-pp-duc-dac-nhieu-mau-ama-3007\/","title":{"rendered":"Gh\u1ebf coffee nh\u1ef1a AMA-3007"},"content":{"rendered":"<table border=\"1\">\n<tbody>\n<tr>\n<td><strong>Material<\/strong><\/td>\n<td>&nbsp;<\/p>\n<p><strong>Size<\/strong><\/p>\n<p><strong>(D\u00e0i*R\u1ed9ng*cao)<\/strong><\/td>\n<td><strong>T\u00ednh N\u0103ng<\/strong><\/td>\n<td><strong>M\u00e0u S\u1eafc<\/strong><\/td>\n<td><strong>Xu\u1ea5t X\u1ee9<\/strong><\/td>\n<td><strong>B\u1ea3o h\u00e0nh<\/strong><\/td>\n<\/tr>\n<tr>\n<td>\n<ul>\n<li>Ch\u1ea5t li\u1ec7u :\u00a0Ch\u1ea5t li\u1ec7u: nh\u1ef1a PP<\/li>\n<li>Xu\u1ea5t x\u1ee9 :\u00a0 nh\u1eadp kh\u1ea9u<\/li>\n<\/ul>\n<\/td>\n<td>\n<ul>\n<li>Cao:800mm<br \/>\nS\u00e2u:550mm<br \/>\nR\u1ed9ng:440mm Cao \u0111\u00e1y:450mm<br \/>\nN\u1eb7ng: 4.7kg<\/li>\n<\/ul>\n<\/td>\n<td>V\u1edbi thi\u1ebft k\u1ebf tinh t\u1ebf , ch\u00e2n gh\u1ebf \u0111\u01b0\u1ee3c l\u00e0m b\u1eb1ng ch\u1ea5t li\u1ec7u nh\u1ef1a \u0111\u00fac \u0111\u1eb7c s\u1ef1 ch\u1eafc ch\u1eafn khi ng\u1ed3i, linh ho\u1ea1t h\u01a1n khi s\u1eed d\u1ee5ng gh\u1ebf , ph\u1ea7n th\u00e2n gh\u1ebf \u0111\u01b0\u1ee3c l\u00e0m b\u1eb1ng nh\u1ef1a PP \u0111\u01b0a l\u00ean v\u1ebb ho\u00e0n h\u1ea3o c\u1ee7a\u00a0<strong>Gh\u1ebf\u00a0<\/strong>th\u00eam 1 t\u1ea7m cao m\u1edbi .<\/td>\n<td>NHI\u1ec0U M\u00c0U<\/td>\n<td>Nh\u1eadp Ngo\u1ea1i<\/td>\n<td>. 06 th\u00e1ng k\u1ef9 thu\u1eadt<\/td>\n<\/tr>\n<\/tbody>\n<\/table>","protected":false},"excerpt":{"rendered":"<p>V\u1edbi thi\u1ebft k\u1ebf tinh t\u1ebf , ch\u00e2n gh\u1ebf \u0111\u01b0\u1ee3c l\u00e0m b\u1eb1ng ch\u1ea5t li\u1ec7u nh\u1ef1a \u0111\u00fac \u0111\u1eb7c s\u1ef1 ch\u1eafc ch\u1eafn khi ng\u1ed3i, linh ho\u1ea1t h\u01a1n khi s\u1eed d\u1ee5ng gh\u1ebf , ph\u1ea7n th\u00e2n gh\u1ebf \u0111\u01b0\u1ee3c l\u00e0m b\u1eb1ng nh\u1ef1a PP \u0111\u01b0a l\u00ean v\u1ebb ho\u00e0n h\u1ea3o c\u1ee7a\u00a0Gh\u1ebf\u00a0th\u00eam 1 t\u1ea7m cao m\u1edbi .<\/p>","protected":false},"featured_media":4944,"comment_status":"open","ping_status":"closed","template":"","meta":[],"product_cat":[100,588],"product_tag":[],"yoast_head":"<!-- This site is optimized with the Yoast SEO Premium plugin v21.7 (Yoast SEO v21.7) - https:\/\/yoast.com\/wordpress\/plugins\/seo\/ -->\n<title>Gh\u1ebf coffee nh\u1ef1a AMA-3007 - AMAFURNI<\/title>\n<meta name=\"description\" content=\"Gh\u1ebf coffee ngo\u00e0i tr\u1eddi nh\u1ef1a \u0111\u00fac \u0111\u1eb7c h\u00e0ng nh\u1eadp kh\u1ea9u gh\u1ebf b\u00e0n \u0103n cao c\u1ea5p phong c\u00e1ch hi\u1ec7n \u0111\u1ea1i th\u1eddi trang gh\u1ebf b\u00e0n \u0103n tr\u1ebb trung h\u00e0ng nh\u1eadp kh\u1ea9u gh\u1ebf ti\u1ebfp kh\u00e1ch \u0111\u1ebfn t\u1eeb AMA FURNITURE\" \/>\n<meta name=\"robots\" content=\"index, follow, max-snippet:-1, max-image-preview:large, max-video-preview:-1\" \/>\n<link rel=\"canonical\" href=\"https:\/\/amafurni.vn\/en\/product\/ghe-cafe-nhua-pp-duc-dac-nhieu-mau-ama-3007\/\" \/>\n<meta property=\"og:locale\" content=\"en_US\" \/>\n<meta property=\"og:type\" content=\"article\" \/>\n<meta property=\"og:title\" content=\"Gh\u1ebf coffee nh\u1ef1a AMA-3007\" \/>\n<meta property=\"og:description\" content=\"Gh\u1ebf coffee ngo\u00e0i tr\u1eddi nh\u1ef1a \u0111\u00fac \u0111\u1eb7c h\u00e0ng nh\u1eadp kh\u1ea9u gh\u1ebf b\u00e0n \u0103n cao c\u1ea5p phong c\u00e1ch hi\u1ec7n \u0111\u1ea1i th\u1eddi trang gh\u1ebf b\u00e0n \u0103n tr\u1ebb trung h\u00e0ng nh\u1eadp kh\u1ea9u gh\u1ebf ti\u1ebfp kh\u00e1ch \u0111\u1ebfn t\u1eeb AMA FURNITURE\" \/>\n<meta property=\"og:url\" content=\"https:\/\/amafurni.vn\/en\/product\/ghe-cafe-nhua-pp-duc-dac-nhieu-mau-ama-3007\/\" \/>\n<meta property=\"og:site_name\" content=\"AMAFURNI\" \/>\n<meta property=\"article:modified_time\" content=\"2026-01-09T07:06:03+00:00\" \/>\n<meta property=\"og:image\" content=\"https:\/\/amafurni.vn\/wp-content\/uploads\/2023\/12\/ghe-cafe-nhua-pp-duc-dac-nhieu-mau-ama-3007_65717987137e2.jpeg\" \/>\n\t<meta property=\"og:image:width\" content=\"800\" \/>\n\t<meta property=\"og:image:height\" content=\"800\" \/>\n\t<meta property=\"og:image:type\" content=\"image\/jpeg\" \/>\n<meta name=\"twitter:card\" content=\"summary_large_image\" \/>\n<meta name=\"twitter:label1\" content=\"Est. reading time\" \/>\n\t<meta name=\"twitter:data1\" content=\"1 minute\" \/>\n<script type=\"application\/ld+json\" class=\"yoast-schema-graph\">{\"@context\":\"https:\/\/schema.org\",\"@graph\":[{\"@type\":\"WebPage\",\"@id\":\"https:\/\/amafurni.vn\/san-pham\/ghe-cafe-nhua-pp-duc-dac-nhieu-mau-ama-3007\/\",\"url\":\"https:\/\/amafurni.vn\/san-pham\/ghe-cafe-nhua-pp-duc-dac-nhieu-mau-ama-3007\/\",\"name\":\"Gh\u1ebf coffee nh\u1ef1a AMA-3007 - AMAFURNI\",\"isPartOf\":{\"@id\":\"https:\/\/amafurni.vn\/#website\"},\"datePublished\":\"2023-12-07T07:51:34+00:00\",\"dateModified\":\"2026-01-09T07:06:03+00:00\",\"description\":\"Gh\u1ebf coffee ngo\u00e0i tr\u1eddi nh\u1ef1a \u0111\u00fac \u0111\u1eb7c h\u00e0ng nh\u1eadp kh\u1ea9u gh\u1ebf b\u00e0n \u0103n cao c\u1ea5p phong c\u00e1ch hi\u1ec7n \u0111\u1ea1i th\u1eddi trang gh\u1ebf b\u00e0n \u0103n tr\u1ebb trung h\u00e0ng nh\u1eadp kh\u1ea9u gh\u1ebf ti\u1ebfp kh\u00e1ch \u0111\u1ebfn t\u1eeb AMA FURNITURE\",\"breadcrumb\":{\"@id\":\"https:\/\/amafurni.vn\/san-pham\/ghe-cafe-nhua-pp-duc-dac-nhieu-mau-ama-3007\/#breadcrumb\"},\"inLanguage\":\"en-US\",\"potentialAction\":[{\"@type\":\"ReadAction\",\"target\":[\"https:\/\/amafurni.vn\/san-pham\/ghe-cafe-nhua-pp-duc-dac-nhieu-mau-ama-3007\/\"]}]},{\"@type\":\"BreadcrumbList\",\"@id\":\"https:\/\/amafurni.vn\/san-pham\/ghe-cafe-nhua-pp-duc-dac-nhieu-mau-ama-3007\/#breadcrumb\",\"itemListElement\":[{\"@type\":\"ListItem\",\"position\":1,\"name\":\"Trang ch\u1ee7\",\"item\":\"https:\/\/amafurni.vn\/\"},{\"@type\":\"ListItem\",\"position\":2,\"name\":\"S\u1ea3n ph\u1ea9m\",\"item\":\"https:\/\/amafurni.vn\/san-pham\/\"},{\"@type\":\"ListItem\",\"position\":3,\"name\":\"Gh\u1ebf coffee nh\u1ef1a AMA-3007\"}]},{\"@type\":\"WebSite\",\"@id\":\"https:\/\/amafurni.vn\/#website\",\"url\":\"https:\/\/amafurni.vn\/\",\"name\":\"AMAFURNI\",\"description\":\"\",\"potentialAction\":[{\"@type\":\"SearchAction\",\"target\":{\"@type\":\"EntryPoint\",\"urlTemplate\":\"https:\/\/amafurni.vn\/?s={search_term_string}\"},\"query-input\":\"required name=search_term_string\"}],\"inLanguage\":\"en-US\"}]}<\/script>\n<!-- \/ Yoast SEO Premium plugin. -->","yoast_head_json":{"title":"Gh\u1ebf coffee nh\u1ef1a AMA-3007 - AMAFURNI","description":"Gh\u1ebf coffee ngo\u00e0i tr\u1eddi nh\u1ef1a \u0111\u00fac \u0111\u1eb7c h\u00e0ng nh\u1eadp kh\u1ea9u gh\u1ebf b\u00e0n \u0103n cao c\u1ea5p phong c\u00e1ch hi\u1ec7n \u0111\u1ea1i th\u1eddi trang gh\u1ebf b\u00e0n \u0103n tr\u1ebb trung h\u00e0ng nh\u1eadp kh\u1ea9u gh\u1ebf ti\u1ebfp kh\u00e1ch \u0111\u1ebfn t\u1eeb AMA FURNITURE","robots":{"index":"index","follow":"follow","max-snippet":"max-snippet:-1","max-image-preview":"max-image-preview:large","max-video-preview":"max-video-preview:-1"},"canonical":"https:\/\/amafurni.vn\/en\/product\/ghe-cafe-nhua-pp-duc-dac-nhieu-mau-ama-3007\/","og_locale":"en_US","og_type":"article","og_title":"Gh\u1ebf coffee nh\u1ef1a AMA-3007","og_description":"Gh\u1ebf coffee ngo\u00e0i tr\u1eddi nh\u1ef1a \u0111\u00fac \u0111\u1eb7c h\u00e0ng nh\u1eadp kh\u1ea9u gh\u1ebf b\u00e0n \u0103n cao c\u1ea5p phong c\u00e1ch hi\u1ec7n \u0111\u1ea1i th\u1eddi trang gh\u1ebf b\u00e0n \u0103n tr\u1ebb trung h\u00e0ng nh\u1eadp kh\u1ea9u gh\u1ebf ti\u1ebfp kh\u00e1ch \u0111\u1ebfn t\u1eeb AMA FURNITURE","og_url":"https:\/\/amafurni.vn\/en\/product\/ghe-cafe-nhua-pp-duc-dac-nhieu-mau-ama-3007\/","og_site_name":"AMAFURNI","article_modified_time":"2026-01-09T07:06:03+00:00","og_image":[{"width":800,"height":800,"url":"https:\/\/amafurni.vn\/wp-content\/uploads\/2023\/12\/ghe-cafe-nhua-pp-duc-dac-nhieu-mau-ama-3007_65717987137e2.jpeg","type":"image\/jpeg"}],"twitter_card":"summary_large_image","twitter_misc":{"Est. reading time":"1 minute"},"schema":{"@context":"https:\/\/schema.org","@graph":[{"@type":"WebPage","@id":"https:\/\/amafurni.vn\/san-pham\/ghe-cafe-nhua-pp-duc-dac-nhieu-mau-ama-3007\/","url":"https:\/\/amafurni.vn\/san-pham\/ghe-cafe-nhua-pp-duc-dac-nhieu-mau-ama-3007\/","name":"Gh\u1ebf coffee nh\u1ef1a AMA-3007 - AMAFURNI","isPartOf":{"@id":"https:\/\/amafurni.vn\/#website"},"datePublished":"2023-12-07T07:51:34+00:00","dateModified":"2026-01-09T07:06:03+00:00","description":"Gh\u1ebf coffee ngo\u00e0i tr\u1eddi nh\u1ef1a \u0111\u00fac \u0111\u1eb7c h\u00e0ng nh\u1eadp kh\u1ea9u gh\u1ebf b\u00e0n \u0103n cao c\u1ea5p phong c\u00e1ch hi\u1ec7n \u0111\u1ea1i th\u1eddi trang gh\u1ebf b\u00e0n \u0103n tr\u1ebb trung h\u00e0ng nh\u1eadp kh\u1ea9u gh\u1ebf ti\u1ebfp kh\u00e1ch \u0111\u1ebfn t\u1eeb AMA FURNITURE","breadcrumb":{"@id":"https:\/\/amafurni.vn\/san-pham\/ghe-cafe-nhua-pp-duc-dac-nhieu-mau-ama-3007\/#breadcrumb"},"inLanguage":"en-US","potentialAction":[{"@type":"ReadAction","target":["https:\/\/amafurni.vn\/san-pham\/ghe-cafe-nhua-pp-duc-dac-nhieu-mau-ama-3007\/"]}]},{"@type":"BreadcrumbList","@id":"https:\/\/amafurni.vn\/san-pham\/ghe-cafe-nhua-pp-duc-dac-nhieu-mau-ama-3007\/#breadcrumb","itemListElement":[{"@type":"ListItem","position":1,"name":"Trang ch\u1ee7","item":"https:\/\/amafurni.vn\/"},{"@type":"ListItem","position":2,"name":"S\u1ea3n ph\u1ea9m","item":"https:\/\/amafurni.vn\/san-pham\/"},{"@type":"ListItem","position":3,"name":"Gh\u1ebf coffee nh\u1ef1a AMA-3007"}]},{"@type":"WebSite","@id":"https:\/\/amafurni.vn\/#website","url":"https:\/\/amafurni.vn\/","name":"AMAFURNI","description":"","potentialAction":[{"@type":"SearchAction","target":{"@type":"EntryPoint","urlTemplate":"https:\/\/amafurni.vn\/?s={search_term_string}"},"query-input":"required name=search_term_string"}],"inLanguage":"en-US"}]}},"_links":{"self":[{"href":"https:\/\/amafurni.vn\/en\/wp-json\/wp\/v2\/product\/4943"}],"collection":[{"href":"https:\/\/amafurni.vn\/en\/wp-json\/wp\/v2\/product"}],"about":[{"href":"https:\/\/amafurni.vn\/en\/wp-json\/wp\/v2\/types\/product"}],"replies":[{"embeddable":true,"href":"https:\/\/amafurni.vn\/en\/wp-json\/wp\/v2\/comments?post=4943"}],"wp:featuredmedia":[{"embeddable":true,"href":"https:\/\/amafurni.vn\/en\/wp-json\/wp\/v2\/media\/4944"}],"wp:attachment":[{"href":"https:\/\/amafurni.vn\/en\/wp-json\/wp\/v2\/media?parent=4943"}],"wp:term":[{"taxonomy":"product_cat","embeddable":true,"href":"https:\/\/amafurni.vn\/en\/wp-json\/wp\/v2\/product_cat?post=4943"},{"taxonomy":"product_tag","embeddable":true,"href":"https:\/\/amafurni.vn\/en\/wp-json\/wp\/v2\/product_tag?post=4943"}],"curies":[{"name":"wp","href":"https:\/\/api.w.org\/{rel}","templated":true}]}}