{"id":4945,"date":"2023-12-07T14:51:41","date_gmt":"2023-12-07T07:51:41","guid":{"rendered":"https:\/\/amafurni.123websitedev.com\/san-pham\/ghe-cafe-nhua-pp-duc-dac-nhieu-mau-ama-3008\/"},"modified":"2024-07-13T14:43:57","modified_gmt":"2024-07-13T07:43:57","slug":"ghe-cafe-nhua-pp-duc-dac-nhieu-mau-ama-3008","status":"publish","type":"product","link":"https:\/\/amafurni.vn\/en\/product\/ghe-cafe-nhua-pp-duc-dac-nhieu-mau-ama-3008\/","title":{"rendered":"GH\u1ebe CAFE NH\u1ef0A PP \u0110\u00daC \u0110\u1eb6C NHI\u1ec0U M\u00c0U AMA-3008"},"content":{"rendered":"<table border=\"1\">\n<tbody><\/tbody>\n<tbody>\n<tr style=\"height: 86px;\">\n<td style=\"height: 86px;\"><span><strong>Material<\/strong><\/span><\/td>\n<td style=\"height: 86px;\">\n<p><span><strong><\/strong><\/span><\/p>\n<p><span><strong>Size<\/strong><\/span><\/p>\n<p><span><strong>(D\u00e0i*R\u1ed9ng*cao)<\/strong><\/span><\/p>\n<\/td>\n<td style=\"height: 86px;\"><span><strong>T\u00ednh N\u0103ng<\/strong><\/span><\/td>\n<td style=\"height: 86px;\"><span><strong>M\u00e0u S\u1eafc<\/strong><\/span><\/td>\n<td style=\"height: 86px;\"><span><strong>Xu\u1ea5t X\u1ee9<\/strong><\/span><\/td>\n<td style=\"height: 86px;\"><span><strong>B\u1ea3o h\u00e0nh<\/strong><\/span><\/td>\n<\/tr>\n<tr style=\"height: 182px;\">\n<td style=\"height: 182px;\">\n<p>\u00a0<\/p>\n<ul>\n<li>Ch\u1ea5t li\u1ec7u :\u00a0<span>Ch\u1ea5t li\u1ec7u: nh\u1ef1a PP\u00a0<\/span><\/li>\n<li>Xu\u1ea5t x\u1ee9 :\u00a0 nh\u1eadp kh\u1ea9u<\/li>\n<\/ul>\n<\/td>\n<td style=\"height: 182px;\">\n<ul>\n<li>height:830mm<br \/>deepth:560mm<br \/>width:540mm<br \/>seat height:460mm<br \/>weight:4.1kg<\/li>\n<li>\n<\/ul>\n<\/td>\n<td style=\"height: 182px;\">\n<p><span>V\u1edbi thi\u1ebft k\u1ebf tinh t\u1ebf , ch\u00e2n gh\u1ebf \u0111\u01b0\u1ee3c l\u00e0m b\u1eb1ng ch\u1ea5t li\u1ec7u nh\u1ef1a \u0111\u00fac \u0111\u1eb7c s\u1ef1 ch\u1eafc ch\u1eafn khi ng\u1ed3i, linh ho\u1ea1t h\u01a1n khi s\u1eed d\u1ee5ng gh\u1ebf , ph\u1ea7n th\u00e2n gh\u1ebf \u0111\u01b0\u1ee3c l\u00e0m b\u1eb1ng nh\u1ef1a PP \u0111\u01b0a l\u00ean v\u1ebb ho\u00e0n h\u1ea3o c\u1ee7a\u00a0<\/span><strong>Gh\u1ebf\u00a0<\/strong><span>th\u00eam 1 t\u1ea7m cao m\u1edbi .<\/span><\/p>\n<\/td>\n<td style=\"height: 182px;\">\n<p>NHI\u1ec0U M\u00c0U<\/p>\n<\/td>\n<td style=\"height: 182px;\">Nh\u1eadp Ngo\u1ea1i<\/td>\n<td style=\"height: 182px;\">\n<p>. 06 th\u00e1ng k\u1ef9 thu\u1eadt<\/p>\n<\/p>\n<\/td>\n<\/tr>\n<\/tbody>\n<\/table>","protected":false},"excerpt":{"rendered":"<p>Ch\u1ea5t Li\u1ec7u K\u00edch Th\u01b0\u1edbc (D\u00e0i*R\u1ed9ng*cao) T\u00ednh N\u0103ng M\u00e0u S\u1eafc Xu\u1ea5t X\u1ee9 B\u1ea3o h\u00e0nh \u00a0 Ch\u1ea5t li\u1ec7u :\u00a0Ch\u1ea5t li\u1ec7u: nh\u1ef1a PP\u00a0 Xu\u1ea5t x\u1ee9 :\u00a0 nh\u1eadp kh\u1ea9u height:830mmdeepth:560mmwidth:540mmseat height:460mmweight:4.1kg V\u1edbi thi\u1ebft k\u1ebf tinh t\u1ebf , ch\u00e2n gh\u1ebf \u0111\u01b0\u1ee3c l\u00e0m b\u1eb1ng ch\u1ea5t li\u1ec7u nh\u1ef1a \u0111\u00fac \u0111\u1eb7c s\u1ef1 ch\u1eafc ch\u1eafn khi ng\u1ed3i, linh ho\u1ea1t h\u01a1n khi s\u1eed d\u1ee5ng gh\u1ebf [&hellip;]<\/p>","protected":false},"featured_media":4946,"comment_status":"open","ping_status":"closed","template":"","meta":[],"product_cat":[100,588],"product_tag":[],"yoast_head":"<!-- This site is optimized with the Yoast SEO Premium plugin v21.7 (Yoast SEO v21.7) - https:\/\/yoast.com\/wordpress\/plugins\/seo\/ -->\n<title>GH\u1ebe CAFE NH\u1ef0A PP \u0110\u00daC \u0110\u1eb6C NHI\u1ec0U M\u00c0U AMA-3008 - AMAFURNI<\/title>\n<meta name=\"robots\" content=\"index, follow, max-snippet:-1, max-image-preview:large, max-video-preview:-1\" \/>\n<link rel=\"canonical\" href=\"https:\/\/amafurni.vn\/en\/product\/ghe-cafe-nhua-pp-duc-dac-nhieu-mau-ama-3008\/\" \/>\n<meta property=\"og:locale\" content=\"en_US\" \/>\n<meta property=\"og:type\" content=\"article\" \/>\n<meta property=\"og:title\" content=\"GH\u1ebe CAFE NH\u1ef0A PP \u0110\u00daC \u0110\u1eb6C NHI\u1ec0U M\u00c0U AMA-3008\" \/>\n<meta property=\"og:description\" content=\"Ch\u1ea5t Li\u1ec7u K\u00edch Th\u01b0\u1edbc (D\u00e0i*R\u1ed9ng*cao) T\u00ednh N\u0103ng M\u00e0u S\u1eafc Xu\u1ea5t X\u1ee9 B\u1ea3o h\u00e0nh \u00a0 Ch\u1ea5t li\u1ec7u :\u00a0Ch\u1ea5t li\u1ec7u: nh\u1ef1a PP\u00a0 Xu\u1ea5t x\u1ee9 :\u00a0 nh\u1eadp kh\u1ea9u height:830mmdeepth:560mmwidth:540mmseat height:460mmweight:4.1kg V\u1edbi thi\u1ebft k\u1ebf tinh t\u1ebf , ch\u00e2n gh\u1ebf \u0111\u01b0\u1ee3c l\u00e0m b\u1eb1ng ch\u1ea5t li\u1ec7u nh\u1ef1a \u0111\u00fac \u0111\u1eb7c s\u1ef1 ch\u1eafc ch\u1eafn khi ng\u1ed3i, linh ho\u1ea1t h\u01a1n khi s\u1eed d\u1ee5ng gh\u1ebf [&hellip;]\" \/>\n<meta property=\"og:url\" content=\"https:\/\/amafurni.vn\/en\/product\/ghe-cafe-nhua-pp-duc-dac-nhieu-mau-ama-3008\/\" \/>\n<meta property=\"og:site_name\" content=\"AMAFURNI\" \/>\n<meta property=\"article:modified_time\" content=\"2024-07-13T07:43:57+00:00\" \/>\n<meta property=\"og:image\" content=\"https:\/\/amafurni.vn\/wp-content\/uploads\/2023\/12\/ghe-cafe-nhua-pp-duc-dac-nhieu-mau-ama-3008_6571798d95361.jpeg\" \/>\n\t<meta property=\"og:image:width\" content=\"800\" \/>\n\t<meta property=\"og:image:height\" content=\"800\" \/>\n\t<meta property=\"og:image:type\" content=\"image\/jpeg\" \/>\n<meta name=\"twitter:card\" content=\"summary_large_image\" \/>\n<meta name=\"twitter:label1\" content=\"Est. reading time\" \/>\n\t<meta name=\"twitter:data1\" content=\"1 minute\" \/>\n<script type=\"application\/ld+json\" class=\"yoast-schema-graph\">{\"@context\":\"https:\/\/schema.org\",\"@graph\":[{\"@type\":\"WebPage\",\"@id\":\"https:\/\/amafurni.vn\/san-pham\/ghe-cafe-nhua-pp-duc-dac-nhieu-mau-ama-3008\/\",\"url\":\"https:\/\/amafurni.vn\/san-pham\/ghe-cafe-nhua-pp-duc-dac-nhieu-mau-ama-3008\/\",\"name\":\"GH\u1ebe CAFE NH\u1ef0A PP \u0110\u00daC \u0110\u1eb6C NHI\u1ec0U M\u00c0U AMA-3008 - AMAFURNI\",\"isPartOf\":{\"@id\":\"https:\/\/amafurni.vn\/#website\"},\"datePublished\":\"2023-12-07T07:51:41+00:00\",\"dateModified\":\"2024-07-13T07:43:57+00:00\",\"breadcrumb\":{\"@id\":\"https:\/\/amafurni.vn\/san-pham\/ghe-cafe-nhua-pp-duc-dac-nhieu-mau-ama-3008\/#breadcrumb\"},\"inLanguage\":\"en-US\",\"potentialAction\":[{\"@type\":\"ReadAction\",\"target\":[\"https:\/\/amafurni.vn\/san-pham\/ghe-cafe-nhua-pp-duc-dac-nhieu-mau-ama-3008\/\"]}]},{\"@type\":\"BreadcrumbList\",\"@id\":\"https:\/\/amafurni.vn\/san-pham\/ghe-cafe-nhua-pp-duc-dac-nhieu-mau-ama-3008\/#breadcrumb\",\"itemListElement\":[{\"@type\":\"ListItem\",\"position\":1,\"name\":\"Trang ch\u1ee7\",\"item\":\"https:\/\/amafurni.vn\/\"},{\"@type\":\"ListItem\",\"position\":2,\"name\":\"S\u1ea3n ph\u1ea9m\",\"item\":\"https:\/\/amafurni.vn\/san-pham\/\"},{\"@type\":\"ListItem\",\"position\":3,\"name\":\"GH\u1ebe CAFE NH\u1ef0A PP \u0110\u00daC \u0110\u1eb6C NHI\u1ec0U M\u00c0U AMA-3008\"}]},{\"@type\":\"WebSite\",\"@id\":\"https:\/\/amafurni.vn\/#website\",\"url\":\"https:\/\/amafurni.vn\/\",\"name\":\"AMAFURNI\",\"description\":\"\",\"potentialAction\":[{\"@type\":\"SearchAction\",\"target\":{\"@type\":\"EntryPoint\",\"urlTemplate\":\"https:\/\/amafurni.vn\/?s={search_term_string}\"},\"query-input\":\"required name=search_term_string\"}],\"inLanguage\":\"en-US\"}]}<\/script>\n<!-- \/ Yoast SEO Premium plugin. -->","yoast_head_json":{"title":"GH\u1ebe CAFE NH\u1ef0A PP \u0110\u00daC \u0110\u1eb6C NHI\u1ec0U M\u00c0U AMA-3008 - AMAFURNI","robots":{"index":"index","follow":"follow","max-snippet":"max-snippet:-1","max-image-preview":"max-image-preview:large","max-video-preview":"max-video-preview:-1"},"canonical":"https:\/\/amafurni.vn\/en\/product\/ghe-cafe-nhua-pp-duc-dac-nhieu-mau-ama-3008\/","og_locale":"en_US","og_type":"article","og_title":"GH\u1ebe CAFE NH\u1ef0A PP \u0110\u00daC \u0110\u1eb6C NHI\u1ec0U M\u00c0U AMA-3008","og_description":"Ch\u1ea5t Li\u1ec7u K\u00edch Th\u01b0\u1edbc (D\u00e0i*R\u1ed9ng*cao) T\u00ednh N\u0103ng M\u00e0u S\u1eafc Xu\u1ea5t X\u1ee9 B\u1ea3o h\u00e0nh \u00a0 Ch\u1ea5t li\u1ec7u :\u00a0Ch\u1ea5t li\u1ec7u: nh\u1ef1a PP\u00a0 Xu\u1ea5t x\u1ee9 :\u00a0 nh\u1eadp kh\u1ea9u height:830mmdeepth:560mmwidth:540mmseat height:460mmweight:4.1kg V\u1edbi thi\u1ebft k\u1ebf tinh t\u1ebf , ch\u00e2n gh\u1ebf \u0111\u01b0\u1ee3c l\u00e0m b\u1eb1ng ch\u1ea5t li\u1ec7u nh\u1ef1a \u0111\u00fac \u0111\u1eb7c s\u1ef1 ch\u1eafc ch\u1eafn khi ng\u1ed3i, linh ho\u1ea1t h\u01a1n khi s\u1eed d\u1ee5ng gh\u1ebf [&hellip;]","og_url":"https:\/\/amafurni.vn\/en\/product\/ghe-cafe-nhua-pp-duc-dac-nhieu-mau-ama-3008\/","og_site_name":"AMAFURNI","article_modified_time":"2024-07-13T07:43:57+00:00","og_image":[{"width":800,"height":800,"url":"https:\/\/amafurni.vn\/wp-content\/uploads\/2023\/12\/ghe-cafe-nhua-pp-duc-dac-nhieu-mau-ama-3008_6571798d95361.jpeg","type":"image\/jpeg"}],"twitter_card":"summary_large_image","twitter_misc":{"Est. reading time":"1 minute"},"schema":{"@context":"https:\/\/schema.org","@graph":[{"@type":"WebPage","@id":"https:\/\/amafurni.vn\/san-pham\/ghe-cafe-nhua-pp-duc-dac-nhieu-mau-ama-3008\/","url":"https:\/\/amafurni.vn\/san-pham\/ghe-cafe-nhua-pp-duc-dac-nhieu-mau-ama-3008\/","name":"GH\u1ebe CAFE NH\u1ef0A PP \u0110\u00daC \u0110\u1eb6C NHI\u1ec0U M\u00c0U AMA-3008 - AMAFURNI","isPartOf":{"@id":"https:\/\/amafurni.vn\/#website"},"datePublished":"2023-12-07T07:51:41+00:00","dateModified":"2024-07-13T07:43:57+00:00","breadcrumb":{"@id":"https:\/\/amafurni.vn\/san-pham\/ghe-cafe-nhua-pp-duc-dac-nhieu-mau-ama-3008\/#breadcrumb"},"inLanguage":"en-US","potentialAction":[{"@type":"ReadAction","target":["https:\/\/amafurni.vn\/san-pham\/ghe-cafe-nhua-pp-duc-dac-nhieu-mau-ama-3008\/"]}]},{"@type":"BreadcrumbList","@id":"https:\/\/amafurni.vn\/san-pham\/ghe-cafe-nhua-pp-duc-dac-nhieu-mau-ama-3008\/#breadcrumb","itemListElement":[{"@type":"ListItem","position":1,"name":"Trang ch\u1ee7","item":"https:\/\/amafurni.vn\/"},{"@type":"ListItem","position":2,"name":"S\u1ea3n ph\u1ea9m","item":"https:\/\/amafurni.vn\/san-pham\/"},{"@type":"ListItem","position":3,"name":"GH\u1ebe CAFE NH\u1ef0A PP \u0110\u00daC \u0110\u1eb6C NHI\u1ec0U M\u00c0U AMA-3008"}]},{"@type":"WebSite","@id":"https:\/\/amafurni.vn\/#website","url":"https:\/\/amafurni.vn\/","name":"AMAFURNI","description":"","potentialAction":[{"@type":"SearchAction","target":{"@type":"EntryPoint","urlTemplate":"https:\/\/amafurni.vn\/?s={search_term_string}"},"query-input":"required name=search_term_string"}],"inLanguage":"en-US"}]}},"_links":{"self":[{"href":"https:\/\/amafurni.vn\/en\/wp-json\/wp\/v2\/product\/4945"}],"collection":[{"href":"https:\/\/amafurni.vn\/en\/wp-json\/wp\/v2\/product"}],"about":[{"href":"https:\/\/amafurni.vn\/en\/wp-json\/wp\/v2\/types\/product"}],"replies":[{"embeddable":true,"href":"https:\/\/amafurni.vn\/en\/wp-json\/wp\/v2\/comments?post=4945"}],"wp:featuredmedia":[{"embeddable":true,"href":"https:\/\/amafurni.vn\/en\/wp-json\/wp\/v2\/media\/4946"}],"wp:attachment":[{"href":"https:\/\/amafurni.vn\/en\/wp-json\/wp\/v2\/media?parent=4945"}],"wp:term":[{"taxonomy":"product_cat","embeddable":true,"href":"https:\/\/amafurni.vn\/en\/wp-json\/wp\/v2\/product_cat?post=4945"},{"taxonomy":"product_tag","embeddable":true,"href":"https:\/\/amafurni.vn\/en\/wp-json\/wp\/v2\/product_tag?post=4945"}],"curies":[{"name":"wp","href":"https:\/\/api.w.org\/{rel}","templated":true}]}}