{"id":4954,"date":"2023-12-07T14:52:13","date_gmt":"2023-12-07T07:52:13","guid":{"rendered":"https:\/\/amafurni.123websitedev.com\/san-pham\/ghe-cafe-nhua-pp-duc-dac-nhieu-mau-ama-3019\/"},"modified":"2025-11-12T14:11:44","modified_gmt":"2025-11-12T07:11:44","slug":"ghe-cafe-nhua-pp-duc-dac-nhieu-mau-ama-3019","status":"publish","type":"product","link":"https:\/\/amafurni.vn\/en\/product\/ghe-cafe-nhua-pp-duc-dac-nhieu-mau-ama-3019\/","title":{"rendered":"GH\u1ebe CAFE NH\u1ef0A PP \u0110\u00daC \u0110\u1eb6C NHI\u1ec0U M\u00c0U AMA-3019"},"content":{"rendered":"<table border=\"1\" style=\"width: 775px;\">\n<tbody><\/tbody>\n<tbody>\n<tr>\n<td style=\"width: 133.213px;\"><span><strong>Material<\/strong><\/span><\/td>\n<td style=\"width: 97.7875px;\">\n<p><span><strong><\/strong><\/span><\/p>\n<p><span><strong>Size<\/strong><\/span><\/p>\n<p><span><strong>(D\u00e0i*R\u1ed9ng*cao)<\/strong><\/span><\/p>\n<\/td>\n<td style=\"width: 353px;\"><span><strong>T\u00ednh N\u0103ng<\/strong><\/span><\/td>\n<td style=\"width: 53px;\"><span><strong>M\u00e0u S\u1eafc<\/strong><\/span><\/td>\n<td style=\"width: 46px;\"><span><strong>Xu\u1ea5t X\u1ee9<\/strong><\/span><\/td>\n<td style=\"width: 55px;\"><span><strong>B\u1ea3o h\u00e0nh<\/strong><\/span><\/td>\n<\/tr>\n<tr>\n<td style=\"width: 133.213px;\">\n<ul>\n<li>Ch\u1ea5t li\u1ec7u:\u00a0<\/li>\n<li>Full of PP\/ NH\u1ef0A PP 100%<\/li>\n<li>Xu\u1ea5t x\u1ee9 :\u00a0 nh\u1eadp kh\u1ea9u<\/li>\n<\/ul>\n<\/td>\n<td style=\"width: 97.7875px;\">\n<ul>\n<li>K\u00edch th\u01b0\u1edbc:<\/li>\n<li><span>50x50x45<\/span><\/li>\n<\/ul>\n<\/td>\n<td style=\"width: 353px;\">\n<\/p>\n<ul>\n<li>S\u1eed d\u1ee5ng: Gh\u1ebf Cafe, Gh\u1ebf Ngo\u00e0i Tr\u1eddi, Gh\u1ebf Nh\u00e0 H\u00e0ng, Gh\u1ebf S\u00e2n V\u01b0\u1eddn<\/li>\n<li>\n<div>L\u00e0 s\u1ea3n<\/div>\n<div>ph\u1ea9m gh\u1ebf nh\u1ef1a t\u1ef1a l\u01b0ng cao c\u1ea5p n\u00ean s\u1ea3n ph\u1ea9m \u0111\u01b0\u1ee3c s\u1eed d\u1ee5ng cho m\u1ecdi kh\u00f4ng gian nh\u01b0 s\u00e2n v\u01b0\u1eddn, ph\u00f2ng \u0103n, ban c\u00f4ng v\u00e0 ngay c\u1ea3 trong v\u0103n ph\u00f2ng, th\u01b0 vi\u1ec7n\u2026 hay c\u00e1c qu\u00e1n c\u00e0 ph\u00ea, nh\u00e0 h\u00e0ng sang tr\u1ecdng nh\u1eb1m mang l\u1ea1i c\u1ea3m gi\u00e1c tho\u1ea3i m\u00e1i cho ng\u01b0\u1eddi d\u00f9ng.\u00a0<\/div>\n<\/li>\n<li><span>\u0110\u01b0\u1ee3c t\u1ea1o ra v\u1edbi t\u00ednh linh ho\u1ea1t, n\u00f3 c\u00f3 th\u1ec3 \u0111\u01b0\u1ee3c s\u1eed d\u1ee5ng trong nh\u00e0, ngo\u00e0i tr\u1eddi, trong c\u00e1c m\u00f4i tr\u01b0\u1eddng th\u01b0\u01a1ng m\u1ea1i, s\u1ef1 ki\u1ec7n v\u00e0 theo t\u1ea5t c\u1ea3 c\u00e1c c\u00e1ch s\u00e1ng t\u1ea1o, \u0111\u1ed9c \u0111\u00e1o v\u00e0 \u0111\u1ed5i m\u1edbi c\u00f3 th\u1ec3 ngh\u0129 \u0111\u1ebfn.<\/span><\/li>\n<\/ul>\n<\/td>\n<td style=\"width: 53px;\">\n<p>NHI\u1ec0U M\u00c0U<\/p>\n<\/p>\n<\/td>\n<td style=\"width: 46px;\">Nh\u1eadp Ngo\u1ea1i<\/td>\n<td style=\"width: 55px;\">\n<p>. 06 th\u00e1ng k\u1ef9 thu\u1eadt<\/p>\n<\/p>\n<\/td>\n<\/tr>\n<\/tbody>\n<\/table>","protected":false},"excerpt":{"rendered":"<p>V\u1edbi thi\u1ebft k\u1ebf tinh t\u1ebf , ch\u00e2n gh\u1ebf \u0111\u01b0\u1ee3c l\u00e0m b\u1eb1ng ch\u1ea5t li\u1ec7u nh\u1ef1a \u0111\u00fac \u0111\u1eb7c s\u1ef1 ch\u1eafc ch\u1eafn khi ng\u1ed3i, linh ho\u1ea1t h\u01a1n khi s\u1eed d\u1ee5ng gh\u1ebf , ph\u1ea7n th\u00e2n gh\u1ebf \u0111\u01b0\u1ee3c l\u00e0m b\u1eb1ng nh\u1ef1a PP \u0111\u01b0a l\u00ean v\u1ebb ho\u00e0n h\u1ea3o c\u1ee7a\u00a0Gh\u1ebf\u00a0th\u00eam 1 t\u1ea7m cao m\u1edbi .<br \/>\nS\u1eed d\u1ee5ng: Gh\u1ebf Cafe, Gh\u1ebf Ngo\u00e0i Tr\u1eddi, Gh\u1ebf Nh\u00e0 H\u00e0ng, Gh\u1ebf S\u00e2n V\u01b0\u1eddn<\/p>","protected":false},"featured_media":4955,"comment_status":"open","ping_status":"closed","template":"","meta":[],"product_cat":[191,100,588],"product_tag":[],"yoast_head":"<!-- This site is optimized with the Yoast SEO Premium plugin v21.7 (Yoast SEO v21.7) - https:\/\/yoast.com\/wordpress\/plugins\/seo\/ -->\n<title>GH\u1ebe CAFE NH\u1ef0A PP \u0110\u00daC \u0110\u1eb6C NHI\u1ec0U M\u00c0U AMA-3019 - AMAFURNI<\/title>\n<meta name=\"robots\" content=\"index, follow, max-snippet:-1, max-image-preview:large, max-video-preview:-1\" \/>\n<link rel=\"canonical\" href=\"https:\/\/amafurni.vn\/en\/product\/ghe-cafe-nhua-pp-duc-dac-nhieu-mau-ama-3019\/\" \/>\n<meta property=\"og:locale\" content=\"en_US\" \/>\n<meta property=\"og:type\" content=\"article\" \/>\n<meta property=\"og:title\" content=\"GH\u1ebe CAFE NH\u1ef0A PP \u0110\u00daC \u0110\u1eb6C NHI\u1ec0U M\u00c0U AMA-3019\" \/>\n<meta property=\"og:description\" content=\"V\u1edbi thi\u1ebft k\u1ebf tinh t\u1ebf , ch\u00e2n gh\u1ebf \u0111\u01b0\u1ee3c l\u00e0m b\u1eb1ng ch\u1ea5t li\u1ec7u nh\u1ef1a \u0111\u00fac \u0111\u1eb7c s\u1ef1 ch\u1eafc ch\u1eafn khi ng\u1ed3i, linh ho\u1ea1t h\u01a1n khi s\u1eed d\u1ee5ng gh\u1ebf , ph\u1ea7n th\u00e2n gh\u1ebf \u0111\u01b0\u1ee3c l\u00e0m b\u1eb1ng nh\u1ef1a PP \u0111\u01b0a l\u00ean v\u1ebb ho\u00e0n h\u1ea3o c\u1ee7a\u00a0Gh\u1ebf\u00a0th\u00eam 1 t\u1ea7m cao m\u1edbi . S\u1eed d\u1ee5ng: Gh\u1ebf Cafe, Gh\u1ebf Ngo\u00e0i Tr\u1eddi, Gh\u1ebf Nh\u00e0 H\u00e0ng, Gh\u1ebf S\u00e2n V\u01b0\u1eddn\" \/>\n<meta property=\"og:url\" content=\"https:\/\/amafurni.vn\/en\/product\/ghe-cafe-nhua-pp-duc-dac-nhieu-mau-ama-3019\/\" \/>\n<meta property=\"og:site_name\" content=\"AMAFURNI\" \/>\n<meta property=\"article:modified_time\" content=\"2025-11-12T07:11:44+00:00\" \/>\n<meta property=\"og:image\" content=\"https:\/\/amafurni.vn\/wp-content\/uploads\/2023\/12\/ghe-cafe-nhua-pp-duc-dac-nhieu-mau-ama-3019_657179ae065d0.jpeg\" \/>\n\t<meta property=\"og:image:width\" content=\"800\" \/>\n\t<meta property=\"og:image:height\" content=\"800\" \/>\n\t<meta property=\"og:image:type\" content=\"image\/jpeg\" \/>\n<meta name=\"twitter:card\" content=\"summary_large_image\" \/>\n<meta name=\"twitter:label1\" content=\"Est. reading time\" \/>\n\t<meta name=\"twitter:data1\" content=\"1 minute\" \/>\n<script type=\"application\/ld+json\" class=\"yoast-schema-graph\">{\"@context\":\"https:\/\/schema.org\",\"@graph\":[{\"@type\":\"WebPage\",\"@id\":\"https:\/\/amafurni.vn\/san-pham\/ghe-cafe-nhua-pp-duc-dac-nhieu-mau-ama-3019\/\",\"url\":\"https:\/\/amafurni.vn\/san-pham\/ghe-cafe-nhua-pp-duc-dac-nhieu-mau-ama-3019\/\",\"name\":\"GH\u1ebe CAFE NH\u1ef0A PP \u0110\u00daC \u0110\u1eb6C NHI\u1ec0U M\u00c0U AMA-3019 - AMAFURNI\",\"isPartOf\":{\"@id\":\"https:\/\/amafurni.vn\/#website\"},\"datePublished\":\"2023-12-07T07:52:13+00:00\",\"dateModified\":\"2025-11-12T07:11:44+00:00\",\"breadcrumb\":{\"@id\":\"https:\/\/amafurni.vn\/san-pham\/ghe-cafe-nhua-pp-duc-dac-nhieu-mau-ama-3019\/#breadcrumb\"},\"inLanguage\":\"en-US\",\"potentialAction\":[{\"@type\":\"ReadAction\",\"target\":[\"https:\/\/amafurni.vn\/san-pham\/ghe-cafe-nhua-pp-duc-dac-nhieu-mau-ama-3019\/\"]}]},{\"@type\":\"BreadcrumbList\",\"@id\":\"https:\/\/amafurni.vn\/san-pham\/ghe-cafe-nhua-pp-duc-dac-nhieu-mau-ama-3019\/#breadcrumb\",\"itemListElement\":[{\"@type\":\"ListItem\",\"position\":1,\"name\":\"Trang ch\u1ee7\",\"item\":\"https:\/\/amafurni.vn\/\"},{\"@type\":\"ListItem\",\"position\":2,\"name\":\"S\u1ea3n ph\u1ea9m\",\"item\":\"https:\/\/amafurni.vn\/san-pham\/\"},{\"@type\":\"ListItem\",\"position\":3,\"name\":\"GH\u1ebe CAFE NH\u1ef0A PP \u0110\u00daC \u0110\u1eb6C NHI\u1ec0U M\u00c0U AMA-3019\"}]},{\"@type\":\"WebSite\",\"@id\":\"https:\/\/amafurni.vn\/#website\",\"url\":\"https:\/\/amafurni.vn\/\",\"name\":\"AMAFURNI\",\"description\":\"\",\"potentialAction\":[{\"@type\":\"SearchAction\",\"target\":{\"@type\":\"EntryPoint\",\"urlTemplate\":\"https:\/\/amafurni.vn\/?s={search_term_string}\"},\"query-input\":\"required name=search_term_string\"}],\"inLanguage\":\"en-US\"}]}<\/script>\n<!-- \/ Yoast SEO Premium plugin. -->","yoast_head_json":{"title":"GH\u1ebe CAFE NH\u1ef0A PP \u0110\u00daC \u0110\u1eb6C NHI\u1ec0U M\u00c0U AMA-3019 - AMAFURNI","robots":{"index":"index","follow":"follow","max-snippet":"max-snippet:-1","max-image-preview":"max-image-preview:large","max-video-preview":"max-video-preview:-1"},"canonical":"https:\/\/amafurni.vn\/en\/product\/ghe-cafe-nhua-pp-duc-dac-nhieu-mau-ama-3019\/","og_locale":"en_US","og_type":"article","og_title":"GH\u1ebe CAFE NH\u1ef0A PP \u0110\u00daC \u0110\u1eb6C NHI\u1ec0U M\u00c0U AMA-3019","og_description":"V\u1edbi thi\u1ebft k\u1ebf tinh t\u1ebf , ch\u00e2n gh\u1ebf \u0111\u01b0\u1ee3c l\u00e0m b\u1eb1ng ch\u1ea5t li\u1ec7u nh\u1ef1a \u0111\u00fac \u0111\u1eb7c s\u1ef1 ch\u1eafc ch\u1eafn khi ng\u1ed3i, linh ho\u1ea1t h\u01a1n khi s\u1eed d\u1ee5ng gh\u1ebf , ph\u1ea7n th\u00e2n gh\u1ebf \u0111\u01b0\u1ee3c l\u00e0m b\u1eb1ng nh\u1ef1a PP \u0111\u01b0a l\u00ean v\u1ebb ho\u00e0n h\u1ea3o c\u1ee7a\u00a0Gh\u1ebf\u00a0th\u00eam 1 t\u1ea7m cao m\u1edbi . S\u1eed d\u1ee5ng: Gh\u1ebf Cafe, Gh\u1ebf Ngo\u00e0i Tr\u1eddi, Gh\u1ebf Nh\u00e0 H\u00e0ng, Gh\u1ebf S\u00e2n V\u01b0\u1eddn","og_url":"https:\/\/amafurni.vn\/en\/product\/ghe-cafe-nhua-pp-duc-dac-nhieu-mau-ama-3019\/","og_site_name":"AMAFURNI","article_modified_time":"2025-11-12T07:11:44+00:00","og_image":[{"width":800,"height":800,"url":"https:\/\/amafurni.vn\/wp-content\/uploads\/2023\/12\/ghe-cafe-nhua-pp-duc-dac-nhieu-mau-ama-3019_657179ae065d0.jpeg","type":"image\/jpeg"}],"twitter_card":"summary_large_image","twitter_misc":{"Est. reading time":"1 minute"},"schema":{"@context":"https:\/\/schema.org","@graph":[{"@type":"WebPage","@id":"https:\/\/amafurni.vn\/san-pham\/ghe-cafe-nhua-pp-duc-dac-nhieu-mau-ama-3019\/","url":"https:\/\/amafurni.vn\/san-pham\/ghe-cafe-nhua-pp-duc-dac-nhieu-mau-ama-3019\/","name":"GH\u1ebe CAFE NH\u1ef0A PP \u0110\u00daC \u0110\u1eb6C NHI\u1ec0U M\u00c0U AMA-3019 - AMAFURNI","isPartOf":{"@id":"https:\/\/amafurni.vn\/#website"},"datePublished":"2023-12-07T07:52:13+00:00","dateModified":"2025-11-12T07:11:44+00:00","breadcrumb":{"@id":"https:\/\/amafurni.vn\/san-pham\/ghe-cafe-nhua-pp-duc-dac-nhieu-mau-ama-3019\/#breadcrumb"},"inLanguage":"en-US","potentialAction":[{"@type":"ReadAction","target":["https:\/\/amafurni.vn\/san-pham\/ghe-cafe-nhua-pp-duc-dac-nhieu-mau-ama-3019\/"]}]},{"@type":"BreadcrumbList","@id":"https:\/\/amafurni.vn\/san-pham\/ghe-cafe-nhua-pp-duc-dac-nhieu-mau-ama-3019\/#breadcrumb","itemListElement":[{"@type":"ListItem","position":1,"name":"Trang ch\u1ee7","item":"https:\/\/amafurni.vn\/"},{"@type":"ListItem","position":2,"name":"S\u1ea3n ph\u1ea9m","item":"https:\/\/amafurni.vn\/san-pham\/"},{"@type":"ListItem","position":3,"name":"GH\u1ebe CAFE NH\u1ef0A PP \u0110\u00daC \u0110\u1eb6C NHI\u1ec0U M\u00c0U AMA-3019"}]},{"@type":"WebSite","@id":"https:\/\/amafurni.vn\/#website","url":"https:\/\/amafurni.vn\/","name":"AMAFURNI","description":"","potentialAction":[{"@type":"SearchAction","target":{"@type":"EntryPoint","urlTemplate":"https:\/\/amafurni.vn\/?s={search_term_string}"},"query-input":"required name=search_term_string"}],"inLanguage":"en-US"}]}},"_links":{"self":[{"href":"https:\/\/amafurni.vn\/en\/wp-json\/wp\/v2\/product\/4954"}],"collection":[{"href":"https:\/\/amafurni.vn\/en\/wp-json\/wp\/v2\/product"}],"about":[{"href":"https:\/\/amafurni.vn\/en\/wp-json\/wp\/v2\/types\/product"}],"replies":[{"embeddable":true,"href":"https:\/\/amafurni.vn\/en\/wp-json\/wp\/v2\/comments?post=4954"}],"wp:featuredmedia":[{"embeddable":true,"href":"https:\/\/amafurni.vn\/en\/wp-json\/wp\/v2\/media\/4955"}],"wp:attachment":[{"href":"https:\/\/amafurni.vn\/en\/wp-json\/wp\/v2\/media?parent=4954"}],"wp:term":[{"taxonomy":"product_cat","embeddable":true,"href":"https:\/\/amafurni.vn\/en\/wp-json\/wp\/v2\/product_cat?post=4954"},{"taxonomy":"product_tag","embeddable":true,"href":"https:\/\/amafurni.vn\/en\/wp-json\/wp\/v2\/product_tag?post=4954"}],"curies":[{"name":"wp","href":"https:\/\/api.w.org\/{rel}","templated":true}]}}