{"id":4982,"date":"2023-12-07T14:53:53","date_gmt":"2023-12-07T07:53:53","guid":{"rendered":"https:\/\/amafurni.123websitedev.com\/san-pham\/ghe-cafe-nhua-duc-dac-chan-go-ama-jc-9305\/"},"modified":"2025-11-12T14:11:46","modified_gmt":"2025-11-12T07:11:46","slug":"ghe-cafe-nhua-duc-dac-chan-go-ama-jc-9305","status":"publish","type":"product","link":"https:\/\/amafurni.vn\/en\/product\/ghe-cafe-nhua-duc-dac-chan-go-ama-jc-9305\/","title":{"rendered":"GH\u1ebe CAFE NH\u1ef0A \u0110\u00daC \u0110\u1eb6C CH\u00c2N G\u1ed6 AMA-JC-9305"},"content":{"rendered":"<table border=\"1\" height=\"299\">\n<tbody><\/tbody>\n<tbody>\n<tr>\n<td><span><strong>Material<\/strong><\/span><\/td>\n<td>\n<p><span><strong><\/strong><\/span><\/p>\n<p><span><strong>Size<\/strong><\/span><\/p>\n<p><span><strong>(D\u00e0i*R\u1ed9ng*cao)<\/strong><\/span><\/p>\n<\/td>\n<td><span><strong>T\u00ednh N\u0103ng<\/strong><\/span><\/td>\n<td><span><strong>M\u00e0u S\u1eafc<\/strong><\/span><\/td>\n<td><span><strong>Xu\u1ea5t X\u1ee9<\/strong><\/span><\/td>\n<td><span><strong>B\u1ea3o h\u00e0nh<\/strong><\/span><\/td>\n<\/tr>\n<tr>\n<td>\n<p>\u00a0<\/p>\n<ul>\n<li>Ch\u1ea5t li\u1ec7u :\u00a0<span>Nh\u1ef1a \u0111\u00fac PP , ch\u00e2n g\u1ed7 s\u1ed3i<\/span><\/li>\n<li>Xu\u1ea5t x\u1ee9 :\u00a0 nh\u1eadp kh\u1ea9u<\/li>\n<\/ul>\n<p>Gi\u00e1 ch\u01b0a bao g\u1ed3m 10% VAT<\/p>\n<\/td>\n<td>\n<p><span>\u00a0 45x45x84-SH45cm<\/span><\/p>\n<\/td>\n<td>\n<p>V\u1edbi thi\u1ebft k\u1ebf tinh t\u1ebf , ch\u00e2n gh\u1ebf \u0111\u01b0\u1ee3c l\u00e0m b\u1eb1ng ch\u1ea5t li\u1ec7u nh\u1ef1a PP \u0111\u00fac nguy\u00ean kh\u1ed1i t\u1ea1o s\u1ef1 ch\u1eafc ch\u1eafn khi ng\u1ed3i ,<\/p>\n<p><strong>Gh\u1ebf\u00a0<\/strong>ph\u00f9 h\u1ee3p s\u1eed d\u1ee5ng l\u00e0m gh\u1ebf cafe \u2013 gh\u1ebf \u0103n cho nh\u00e0 h\u00e0ng , cafe sang tr\u1ecdng ,qu\u00e1n tr\u00e0 s\u1eefa nhi\u1ec1u m\u00e0u s\u1eafc, l\u00e0m gh\u1ebf \u0103n cho Ph\u00f2ng \u0103n , gh\u1ebf l\u00e0m vi\u1ec7c trong ph\u00f2ng kh\u00e1ch nh\u00e0 b\u1ea1n<\/p>\n<\/td>\n<td>\n<p>NHI\u1ec0U M\u00c0U<\/p>\n<\/p>\n<p><span>\u00a0Tr\u1eafng , \u0110en<\/span><\/p>\n<\/td>\n<td>Nh\u1eadp Ngo\u1ea1i<\/td>\n<td>\n<p>. 12 th\u00e1ng k\u1ef9 thu\u1eadt<\/p>\n<p>. Ben h\u01a1i 1 \u0111\u1ed5i 1<\/p>\n<\/td>\n<\/tr>\n<\/tbody>\n<\/table>","protected":false},"excerpt":{"rendered":"<p>V\u1edbi thi\u1ebft k\u1ebf tinh t\u1ebf , ch\u00e2n gh\u1ebf \u0111\u01b0\u1ee3c l\u00e0m b\u1eb1ng ch\u1ea5t li\u1ec7u nh\u1ef1a PP \u0111\u00fac nguy\u00ean kh\u1ed1i t\u1ea1o s\u1ef1 ch\u1eafc ch\u1eafn khi ng\u1ed3i ,<br \/>\nGh\u1ebf\u00a0ph\u00f9 h\u1ee3p s\u1eed d\u1ee5ng l\u00e0m gh\u1ebf cafe \u2013 gh\u1ebf \u0103n cho nh\u00e0 h\u00e0ng , cafe sang tr\u1ecdng ,qu\u00e1n tr\u00e0 s\u1eefa nhi\u1ec1u m\u00e0u s\u1eafc, l\u00e0m gh\u1ebf \u0103n cho Ph\u00f2ng \u0103n , gh\u1ebf l\u00e0m vi\u1ec7c trong ph\u00f2ng kh\u00e1ch nh\u00e0 b\u1ea1n<\/p>","protected":false},"featured_media":4983,"comment_status":"open","ping_status":"closed","template":"","meta":[],"product_cat":[100,588],"product_tag":[],"yoast_head":"<!-- This site is optimized with the Yoast SEO Premium plugin v21.7 (Yoast SEO v21.7) - https:\/\/yoast.com\/wordpress\/plugins\/seo\/ -->\n<title>GH\u1ebe CAFE NH\u1ef0A \u0110\u00daC \u0110\u1eb6C CH\u00c2N G\u1ed6 AMA-JC-9305 - AMAFURNI<\/title>\n<meta name=\"robots\" content=\"index, follow, max-snippet:-1, max-image-preview:large, max-video-preview:-1\" \/>\n<link rel=\"canonical\" href=\"https:\/\/amafurni.vn\/en\/product\/ghe-cafe-nhua-duc-dac-chan-go-ama-jc-9305\/\" \/>\n<meta property=\"og:locale\" content=\"en_US\" \/>\n<meta property=\"og:type\" content=\"article\" \/>\n<meta property=\"og:title\" content=\"GH\u1ebe CAFE NH\u1ef0A \u0110\u00daC \u0110\u1eb6C CH\u00c2N G\u1ed6 AMA-JC-9305\" \/>\n<meta property=\"og:description\" content=\"V\u1edbi thi\u1ebft k\u1ebf tinh t\u1ebf , ch\u00e2n gh\u1ebf \u0111\u01b0\u1ee3c l\u00e0m b\u1eb1ng ch\u1ea5t li\u1ec7u nh\u1ef1a PP \u0111\u00fac nguy\u00ean kh\u1ed1i t\u1ea1o s\u1ef1 ch\u1eafc ch\u1eafn khi ng\u1ed3i , Gh\u1ebf\u00a0ph\u00f9 h\u1ee3p s\u1eed d\u1ee5ng l\u00e0m gh\u1ebf cafe \u2013 gh\u1ebf \u0103n cho nh\u00e0 h\u00e0ng , cafe sang tr\u1ecdng ,qu\u00e1n tr\u00e0 s\u1eefa nhi\u1ec1u m\u00e0u s\u1eafc, l\u00e0m gh\u1ebf \u0103n cho Ph\u00f2ng \u0103n , gh\u1ebf l\u00e0m vi\u1ec7c trong ph\u00f2ng kh\u00e1ch nh\u00e0 b\u1ea1n\" \/>\n<meta property=\"og:url\" content=\"https:\/\/amafurni.vn\/en\/product\/ghe-cafe-nhua-duc-dac-chan-go-ama-jc-9305\/\" \/>\n<meta property=\"og:site_name\" content=\"AMAFURNI\" \/>\n<meta property=\"article:modified_time\" content=\"2025-11-12T07:11:46+00:00\" \/>\n<meta property=\"og:image\" content=\"https:\/\/amafurni.vn\/wp-content\/uploads\/2023\/12\/ghe-cafe-nhua-duc-dac-chan-go-ama-jc-9305_65717a121b925.jpeg\" \/>\n\t<meta property=\"og:image:width\" content=\"800\" \/>\n\t<meta property=\"og:image:height\" content=\"800\" \/>\n\t<meta property=\"og:image:type\" content=\"image\/jpeg\" \/>\n<meta name=\"twitter:card\" content=\"summary_large_image\" \/>\n<meta name=\"twitter:label1\" content=\"Est. reading time\" \/>\n\t<meta name=\"twitter:data1\" content=\"1 minute\" \/>\n<script type=\"application\/ld+json\" class=\"yoast-schema-graph\">{\"@context\":\"https:\/\/schema.org\",\"@graph\":[{\"@type\":\"WebPage\",\"@id\":\"https:\/\/amafurni.vn\/san-pham\/ghe-cafe-nhua-duc-dac-chan-go-ama-jc-9305\/\",\"url\":\"https:\/\/amafurni.vn\/san-pham\/ghe-cafe-nhua-duc-dac-chan-go-ama-jc-9305\/\",\"name\":\"GH\u1ebe CAFE NH\u1ef0A \u0110\u00daC \u0110\u1eb6C CH\u00c2N G\u1ed6 AMA-JC-9305 - AMAFURNI\",\"isPartOf\":{\"@id\":\"https:\/\/amafurni.vn\/#website\"},\"datePublished\":\"2023-12-07T07:53:53+00:00\",\"dateModified\":\"2025-11-12T07:11:46+00:00\",\"breadcrumb\":{\"@id\":\"https:\/\/amafurni.vn\/san-pham\/ghe-cafe-nhua-duc-dac-chan-go-ama-jc-9305\/#breadcrumb\"},\"inLanguage\":\"en-US\",\"potentialAction\":[{\"@type\":\"ReadAction\",\"target\":[\"https:\/\/amafurni.vn\/san-pham\/ghe-cafe-nhua-duc-dac-chan-go-ama-jc-9305\/\"]}]},{\"@type\":\"BreadcrumbList\",\"@id\":\"https:\/\/amafurni.vn\/san-pham\/ghe-cafe-nhua-duc-dac-chan-go-ama-jc-9305\/#breadcrumb\",\"itemListElement\":[{\"@type\":\"ListItem\",\"position\":1,\"name\":\"Trang ch\u1ee7\",\"item\":\"https:\/\/amafurni.vn\/\"},{\"@type\":\"ListItem\",\"position\":2,\"name\":\"S\u1ea3n ph\u1ea9m\",\"item\":\"https:\/\/amafurni.vn\/san-pham\/\"},{\"@type\":\"ListItem\",\"position\":3,\"name\":\"GH\u1ebe CAFE NH\u1ef0A \u0110\u00daC \u0110\u1eb6C CH\u00c2N G\u1ed6 AMA-JC-9305\"}]},{\"@type\":\"WebSite\",\"@id\":\"https:\/\/amafurni.vn\/#website\",\"url\":\"https:\/\/amafurni.vn\/\",\"name\":\"AMAFURNI\",\"description\":\"\",\"potentialAction\":[{\"@type\":\"SearchAction\",\"target\":{\"@type\":\"EntryPoint\",\"urlTemplate\":\"https:\/\/amafurni.vn\/?s={search_term_string}\"},\"query-input\":\"required name=search_term_string\"}],\"inLanguage\":\"en-US\"}]}<\/script>\n<!-- \/ Yoast SEO Premium plugin. -->","yoast_head_json":{"title":"GH\u1ebe CAFE NH\u1ef0A \u0110\u00daC \u0110\u1eb6C CH\u00c2N G\u1ed6 AMA-JC-9305 - AMAFURNI","robots":{"index":"index","follow":"follow","max-snippet":"max-snippet:-1","max-image-preview":"max-image-preview:large","max-video-preview":"max-video-preview:-1"},"canonical":"https:\/\/amafurni.vn\/en\/product\/ghe-cafe-nhua-duc-dac-chan-go-ama-jc-9305\/","og_locale":"en_US","og_type":"article","og_title":"GH\u1ebe CAFE NH\u1ef0A \u0110\u00daC \u0110\u1eb6C CH\u00c2N G\u1ed6 AMA-JC-9305","og_description":"V\u1edbi thi\u1ebft k\u1ebf tinh t\u1ebf , ch\u00e2n gh\u1ebf \u0111\u01b0\u1ee3c l\u00e0m b\u1eb1ng ch\u1ea5t li\u1ec7u nh\u1ef1a PP \u0111\u00fac nguy\u00ean kh\u1ed1i t\u1ea1o s\u1ef1 ch\u1eafc ch\u1eafn khi ng\u1ed3i , Gh\u1ebf\u00a0ph\u00f9 h\u1ee3p s\u1eed d\u1ee5ng l\u00e0m gh\u1ebf cafe \u2013 gh\u1ebf \u0103n cho nh\u00e0 h\u00e0ng , cafe sang tr\u1ecdng ,qu\u00e1n tr\u00e0 s\u1eefa nhi\u1ec1u m\u00e0u s\u1eafc, l\u00e0m gh\u1ebf \u0103n cho Ph\u00f2ng \u0103n , gh\u1ebf l\u00e0m vi\u1ec7c trong ph\u00f2ng kh\u00e1ch nh\u00e0 b\u1ea1n","og_url":"https:\/\/amafurni.vn\/en\/product\/ghe-cafe-nhua-duc-dac-chan-go-ama-jc-9305\/","og_site_name":"AMAFURNI","article_modified_time":"2025-11-12T07:11:46+00:00","og_image":[{"width":800,"height":800,"url":"https:\/\/amafurni.vn\/wp-content\/uploads\/2023\/12\/ghe-cafe-nhua-duc-dac-chan-go-ama-jc-9305_65717a121b925.jpeg","type":"image\/jpeg"}],"twitter_card":"summary_large_image","twitter_misc":{"Est. reading time":"1 minute"},"schema":{"@context":"https:\/\/schema.org","@graph":[{"@type":"WebPage","@id":"https:\/\/amafurni.vn\/san-pham\/ghe-cafe-nhua-duc-dac-chan-go-ama-jc-9305\/","url":"https:\/\/amafurni.vn\/san-pham\/ghe-cafe-nhua-duc-dac-chan-go-ama-jc-9305\/","name":"GH\u1ebe CAFE NH\u1ef0A \u0110\u00daC \u0110\u1eb6C CH\u00c2N G\u1ed6 AMA-JC-9305 - AMAFURNI","isPartOf":{"@id":"https:\/\/amafurni.vn\/#website"},"datePublished":"2023-12-07T07:53:53+00:00","dateModified":"2025-11-12T07:11:46+00:00","breadcrumb":{"@id":"https:\/\/amafurni.vn\/san-pham\/ghe-cafe-nhua-duc-dac-chan-go-ama-jc-9305\/#breadcrumb"},"inLanguage":"en-US","potentialAction":[{"@type":"ReadAction","target":["https:\/\/amafurni.vn\/san-pham\/ghe-cafe-nhua-duc-dac-chan-go-ama-jc-9305\/"]}]},{"@type":"BreadcrumbList","@id":"https:\/\/amafurni.vn\/san-pham\/ghe-cafe-nhua-duc-dac-chan-go-ama-jc-9305\/#breadcrumb","itemListElement":[{"@type":"ListItem","position":1,"name":"Trang ch\u1ee7","item":"https:\/\/amafurni.vn\/"},{"@type":"ListItem","position":2,"name":"S\u1ea3n ph\u1ea9m","item":"https:\/\/amafurni.vn\/san-pham\/"},{"@type":"ListItem","position":3,"name":"GH\u1ebe CAFE NH\u1ef0A \u0110\u00daC \u0110\u1eb6C CH\u00c2N G\u1ed6 AMA-JC-9305"}]},{"@type":"WebSite","@id":"https:\/\/amafurni.vn\/#website","url":"https:\/\/amafurni.vn\/","name":"AMAFURNI","description":"","potentialAction":[{"@type":"SearchAction","target":{"@type":"EntryPoint","urlTemplate":"https:\/\/amafurni.vn\/?s={search_term_string}"},"query-input":"required name=search_term_string"}],"inLanguage":"en-US"}]}},"_links":{"self":[{"href":"https:\/\/amafurni.vn\/en\/wp-json\/wp\/v2\/product\/4982"}],"collection":[{"href":"https:\/\/amafurni.vn\/en\/wp-json\/wp\/v2\/product"}],"about":[{"href":"https:\/\/amafurni.vn\/en\/wp-json\/wp\/v2\/types\/product"}],"replies":[{"embeddable":true,"href":"https:\/\/amafurni.vn\/en\/wp-json\/wp\/v2\/comments?post=4982"}],"wp:featuredmedia":[{"embeddable":true,"href":"https:\/\/amafurni.vn\/en\/wp-json\/wp\/v2\/media\/4983"}],"wp:attachment":[{"href":"https:\/\/amafurni.vn\/en\/wp-json\/wp\/v2\/media?parent=4982"}],"wp:term":[{"taxonomy":"product_cat","embeddable":true,"href":"https:\/\/amafurni.vn\/en\/wp-json\/wp\/v2\/product_cat?post=4982"},{"taxonomy":"product_tag","embeddable":true,"href":"https:\/\/amafurni.vn\/en\/wp-json\/wp\/v2\/product_tag?post=4982"}],"curies":[{"name":"wp","href":"https:\/\/api.w.org\/{rel}","templated":true}]}}