{"id":4984,"date":"2023-12-07T14:54:00","date_gmt":"2023-12-07T07:54:00","guid":{"rendered":"https:\/\/amafurni.123websitedev.com\/san-pham\/ghe-cafe-nhua-duc-dac-nhap-khau-ama-3001\/"},"modified":"2025-11-12T14:11:46","modified_gmt":"2025-11-12T07:11:46","slug":"ghe-cafe-nhua-duc-dac-nhap-khau-ama-3001","status":"publish","type":"product","link":"https:\/\/amafurni.vn\/en\/product\/ghe-cafe-nhua-duc-dac-nhap-khau-ama-3001\/","title":{"rendered":"GH\u1ebe CAFE NH\u1ef0A \u0110\u00daC \u0110\u1eb6C NH\u1eacP KH\u1ea8U AMA-3001"},"content":{"rendered":"<table border=\"1\" height=\"299\">\n<tbody><\/tbody>\n<tbody>\n<tr>\n<td><span><strong>Material<\/strong><\/span><\/td>\n<td>\n<p><span><strong><\/strong><\/span><\/p>\n<p><span><strong>Size<\/strong><\/span><\/p>\n<p><span><strong>(D\u00e0i*R\u1ed9ng*cao)<\/strong><\/span><\/p>\n<\/td>\n<td><span><strong>T\u00ednh N\u0103ng<\/strong><\/span><\/td>\n<td><span><strong>M\u00e0u S\u1eafc<\/strong><\/span><\/td>\n<td><span><strong>Xu\u1ea5t X\u1ee9<\/strong><\/span><\/td>\n<td><span><strong>B\u1ea3o h\u00e0nh<\/strong><\/span><\/td>\n<\/tr>\n<tr>\n<td>\n<p>\u00a0<\/p>\n<ul>\n<li>Ch\u1ea5t li\u1ec7u :\u00a0Gh\u1ebf full nh\u1ef1a PP<\/li>\n<li>Xu\u1ea5t x\u1ee9 :\u00a0 nh\u1eadp kh\u1ea9u<\/li>\n<\/ul>\n<p>Gi\u00e1 ch\u01b0a bao g\u1ed3m 10% VAT<\/p>\n<\/td>\n<td>\n<ul>\n<li>Cao: 76.5 cm<\/li>\n<li>R\u1ed9ng: 52 cm<\/li>\n<li>S\u00e2u: 51 cm<\/li>\n<li>Cao \u0111\u00e1y: 46 cm<\/li>\n<li>N\u1eb7ng 3.5kg<\/li>\n<\/ul>\n<\/td>\n<td>\n<p><span>V\u1edbi thi\u1ebft k\u1ebf tinh t\u1ebf , ch\u00e2n gh\u1ebf \u0111\u01b0\u1ee3c l\u00e0m b\u1eb1ng ch\u1ea5t li\u1ec7u nh\u1ef1a \u0111\u00fac \u0111\u1eb7c s\u1ef1 ch\u1eafc ch\u1eafn khi ng\u1ed3i , ch\u00e2n gh\u1ebf \u0111\u01b0\u1ee3c ph\u00e1 c\u00e1ch v\u1edbi thi\u1ebft k\u1ebf c\u00f3 k\u1ebft c\u1ea5u xoay 360 \u0111\u1ed9 , linh ho\u1ea1t h\u01a1n khi s\u1eed d\u1ee5ng gh\u1ebf , ph\u1ea7n th\u00e2n gh\u1ebf \u0111\u01b0\u1ee3c l\u00e0m b\u1eb1ng nh\u1ef1a PP , c\u00f3 l\u00f3t m\u00fat cao c\u1ea5p t\u1ea1o s\u1ef1 \u00eam \u00e1i , ph\u1ea3i \u0111\u01b0\u1ee3c b\u1ecdc v\u1edbi ch\u1ea5t li\u1ec7u v\u1ea3i b\u1ed1 , \u0111\u01b0a l\u00ean v\u1ebb ho\u00e0n h\u1ea3o c\u1ee7a\u00a0<\/span><strong>Gh\u1ebf\u00a0<\/strong><span>th\u00eam 1 t\u1ea7m cao m\u1edbi .<\/span><\/p>\n<\/td>\n<td>\n<p>NHI\u1ec0U M\u00c0U<\/p>\n<\/p>\n<\/td>\n<td>Nh\u1eadp Ngo\u1ea1i<\/td>\n<td>\n<p>. 06 th\u00e1ng k\u1ef9 thu\u1eadt<\/p>\n<\/p>\n<\/td>\n<\/tr>\n<\/tbody>\n<\/table>","protected":false},"excerpt":{"rendered":"<p>Ch\u1ea5t Li\u1ec7u K\u00edch Th\u01b0\u1edbc (D\u00e0i*R\u1ed9ng*cao) T\u00ednh N\u0103ng M\u00e0u S\u1eafc Xu\u1ea5t X\u1ee9 B\u1ea3o h\u00e0nh \u00a0 Ch\u1ea5t li\u1ec7u :\u00a0Gh\u1ebf full nh\u1ef1a PP Xu\u1ea5t x\u1ee9 :\u00a0 nh\u1eadp kh\u1ea9u Gi\u00e1 ch\u01b0a bao g\u1ed3m 10% VAT Cao: 76.5 cm R\u1ed9ng: 52 cm S\u00e2u: 51 cm Cao \u0111\u00e1y: 46 cm N\u1eb7ng 3.5kg V\u1edbi thi\u1ebft k\u1ebf tinh t\u1ebf , ch\u00e2n gh\u1ebf \u0111\u01b0\u1ee3c [&hellip;]<\/p>","protected":false},"featured_media":4985,"comment_status":"open","ping_status":"closed","template":"","meta":[],"product_cat":[100,588],"product_tag":[],"yoast_head":"<!-- This site is optimized with the Yoast SEO Premium plugin v21.7 (Yoast SEO v21.7) - https:\/\/yoast.com\/wordpress\/plugins\/seo\/ -->\n<title>GH\u1ebe CAFE NH\u1ef0A \u0110\u00daC \u0110\u1eb6C NH\u1eacP KH\u1ea8U AMA-3001 - AMAFURNI<\/title>\n<meta name=\"robots\" content=\"index, follow, max-snippet:-1, max-image-preview:large, max-video-preview:-1\" \/>\n<link rel=\"canonical\" href=\"https:\/\/amafurni.vn\/en\/product\/ghe-cafe-nhua-duc-dac-nhap-khau-ama-3001\/\" \/>\n<meta property=\"og:locale\" content=\"en_US\" \/>\n<meta property=\"og:type\" content=\"article\" \/>\n<meta property=\"og:title\" content=\"GH\u1ebe CAFE NH\u1ef0A \u0110\u00daC \u0110\u1eb6C NH\u1eacP KH\u1ea8U AMA-3001\" \/>\n<meta property=\"og:description\" content=\"Ch\u1ea5t Li\u1ec7u K\u00edch Th\u01b0\u1edbc (D\u00e0i*R\u1ed9ng*cao) T\u00ednh N\u0103ng M\u00e0u S\u1eafc Xu\u1ea5t X\u1ee9 B\u1ea3o h\u00e0nh \u00a0 Ch\u1ea5t li\u1ec7u :\u00a0Gh\u1ebf full nh\u1ef1a PP Xu\u1ea5t x\u1ee9 :\u00a0 nh\u1eadp kh\u1ea9u Gi\u00e1 ch\u01b0a bao g\u1ed3m 10% VAT Cao: 76.5 cm R\u1ed9ng: 52 cm S\u00e2u: 51 cm Cao \u0111\u00e1y: 46 cm N\u1eb7ng 3.5kg V\u1edbi thi\u1ebft k\u1ebf tinh t\u1ebf , ch\u00e2n gh\u1ebf \u0111\u01b0\u1ee3c [&hellip;]\" \/>\n<meta property=\"og:url\" content=\"https:\/\/amafurni.vn\/en\/product\/ghe-cafe-nhua-duc-dac-nhap-khau-ama-3001\/\" \/>\n<meta property=\"og:site_name\" content=\"AMAFURNI\" \/>\n<meta property=\"article:modified_time\" content=\"2025-11-12T07:11:46+00:00\" \/>\n<meta property=\"og:image\" content=\"https:\/\/amafurni.vn\/wp-content\/uploads\/2023\/12\/ghe-cafe-nhua-duc-dac-nhap-khau-ama-3001_65717a18911ba.jpeg\" \/>\n\t<meta property=\"og:image:width\" content=\"800\" \/>\n\t<meta property=\"og:image:height\" content=\"800\" \/>\n\t<meta property=\"og:image:type\" content=\"image\/jpeg\" \/>\n<meta name=\"twitter:card\" content=\"summary_large_image\" \/>\n<meta name=\"twitter:label1\" content=\"Est. reading time\" \/>\n\t<meta name=\"twitter:data1\" content=\"1 minute\" \/>\n<script type=\"application\/ld+json\" class=\"yoast-schema-graph\">{\"@context\":\"https:\/\/schema.org\",\"@graph\":[{\"@type\":\"WebPage\",\"@id\":\"https:\/\/amafurni.vn\/san-pham\/ghe-cafe-nhua-duc-dac-nhap-khau-ama-3001\/\",\"url\":\"https:\/\/amafurni.vn\/san-pham\/ghe-cafe-nhua-duc-dac-nhap-khau-ama-3001\/\",\"name\":\"GH\u1ebe CAFE NH\u1ef0A \u0110\u00daC \u0110\u1eb6C NH\u1eacP KH\u1ea8U AMA-3001 - AMAFURNI\",\"isPartOf\":{\"@id\":\"https:\/\/amafurni.vn\/#website\"},\"datePublished\":\"2023-12-07T07:54:00+00:00\",\"dateModified\":\"2025-11-12T07:11:46+00:00\",\"breadcrumb\":{\"@id\":\"https:\/\/amafurni.vn\/san-pham\/ghe-cafe-nhua-duc-dac-nhap-khau-ama-3001\/#breadcrumb\"},\"inLanguage\":\"en-US\",\"potentialAction\":[{\"@type\":\"ReadAction\",\"target\":[\"https:\/\/amafurni.vn\/san-pham\/ghe-cafe-nhua-duc-dac-nhap-khau-ama-3001\/\"]}]},{\"@type\":\"BreadcrumbList\",\"@id\":\"https:\/\/amafurni.vn\/san-pham\/ghe-cafe-nhua-duc-dac-nhap-khau-ama-3001\/#breadcrumb\",\"itemListElement\":[{\"@type\":\"ListItem\",\"position\":1,\"name\":\"Trang ch\u1ee7\",\"item\":\"https:\/\/amafurni.vn\/\"},{\"@type\":\"ListItem\",\"position\":2,\"name\":\"S\u1ea3n ph\u1ea9m\",\"item\":\"https:\/\/amafurni.vn\/san-pham\/\"},{\"@type\":\"ListItem\",\"position\":3,\"name\":\"GH\u1ebe CAFE NH\u1ef0A \u0110\u00daC \u0110\u1eb6C NH\u1eacP KH\u1ea8U AMA-3001\"}]},{\"@type\":\"WebSite\",\"@id\":\"https:\/\/amafurni.vn\/#website\",\"url\":\"https:\/\/amafurni.vn\/\",\"name\":\"AMAFURNI\",\"description\":\"\",\"potentialAction\":[{\"@type\":\"SearchAction\",\"target\":{\"@type\":\"EntryPoint\",\"urlTemplate\":\"https:\/\/amafurni.vn\/?s={search_term_string}\"},\"query-input\":\"required name=search_term_string\"}],\"inLanguage\":\"en-US\"}]}<\/script>\n<!-- \/ Yoast SEO Premium plugin. -->","yoast_head_json":{"title":"GH\u1ebe CAFE NH\u1ef0A \u0110\u00daC \u0110\u1eb6C NH\u1eacP KH\u1ea8U AMA-3001 - AMAFURNI","robots":{"index":"index","follow":"follow","max-snippet":"max-snippet:-1","max-image-preview":"max-image-preview:large","max-video-preview":"max-video-preview:-1"},"canonical":"https:\/\/amafurni.vn\/en\/product\/ghe-cafe-nhua-duc-dac-nhap-khau-ama-3001\/","og_locale":"en_US","og_type":"article","og_title":"GH\u1ebe CAFE NH\u1ef0A \u0110\u00daC \u0110\u1eb6C NH\u1eacP KH\u1ea8U AMA-3001","og_description":"Ch\u1ea5t Li\u1ec7u K\u00edch Th\u01b0\u1edbc (D\u00e0i*R\u1ed9ng*cao) T\u00ednh N\u0103ng M\u00e0u S\u1eafc Xu\u1ea5t X\u1ee9 B\u1ea3o h\u00e0nh \u00a0 Ch\u1ea5t li\u1ec7u :\u00a0Gh\u1ebf full nh\u1ef1a PP Xu\u1ea5t x\u1ee9 :\u00a0 nh\u1eadp kh\u1ea9u Gi\u00e1 ch\u01b0a bao g\u1ed3m 10% VAT Cao: 76.5 cm R\u1ed9ng: 52 cm S\u00e2u: 51 cm Cao \u0111\u00e1y: 46 cm N\u1eb7ng 3.5kg V\u1edbi thi\u1ebft k\u1ebf tinh t\u1ebf , ch\u00e2n gh\u1ebf \u0111\u01b0\u1ee3c [&hellip;]","og_url":"https:\/\/amafurni.vn\/en\/product\/ghe-cafe-nhua-duc-dac-nhap-khau-ama-3001\/","og_site_name":"AMAFURNI","article_modified_time":"2025-11-12T07:11:46+00:00","og_image":[{"width":800,"height":800,"url":"https:\/\/amafurni.vn\/wp-content\/uploads\/2023\/12\/ghe-cafe-nhua-duc-dac-nhap-khau-ama-3001_65717a18911ba.jpeg","type":"image\/jpeg"}],"twitter_card":"summary_large_image","twitter_misc":{"Est. reading time":"1 minute"},"schema":{"@context":"https:\/\/schema.org","@graph":[{"@type":"WebPage","@id":"https:\/\/amafurni.vn\/san-pham\/ghe-cafe-nhua-duc-dac-nhap-khau-ama-3001\/","url":"https:\/\/amafurni.vn\/san-pham\/ghe-cafe-nhua-duc-dac-nhap-khau-ama-3001\/","name":"GH\u1ebe CAFE NH\u1ef0A \u0110\u00daC \u0110\u1eb6C NH\u1eacP KH\u1ea8U AMA-3001 - AMAFURNI","isPartOf":{"@id":"https:\/\/amafurni.vn\/#website"},"datePublished":"2023-12-07T07:54:00+00:00","dateModified":"2025-11-12T07:11:46+00:00","breadcrumb":{"@id":"https:\/\/amafurni.vn\/san-pham\/ghe-cafe-nhua-duc-dac-nhap-khau-ama-3001\/#breadcrumb"},"inLanguage":"en-US","potentialAction":[{"@type":"ReadAction","target":["https:\/\/amafurni.vn\/san-pham\/ghe-cafe-nhua-duc-dac-nhap-khau-ama-3001\/"]}]},{"@type":"BreadcrumbList","@id":"https:\/\/amafurni.vn\/san-pham\/ghe-cafe-nhua-duc-dac-nhap-khau-ama-3001\/#breadcrumb","itemListElement":[{"@type":"ListItem","position":1,"name":"Trang ch\u1ee7","item":"https:\/\/amafurni.vn\/"},{"@type":"ListItem","position":2,"name":"S\u1ea3n ph\u1ea9m","item":"https:\/\/amafurni.vn\/san-pham\/"},{"@type":"ListItem","position":3,"name":"GH\u1ebe CAFE NH\u1ef0A \u0110\u00daC \u0110\u1eb6C NH\u1eacP KH\u1ea8U AMA-3001"}]},{"@type":"WebSite","@id":"https:\/\/amafurni.vn\/#website","url":"https:\/\/amafurni.vn\/","name":"AMAFURNI","description":"","potentialAction":[{"@type":"SearchAction","target":{"@type":"EntryPoint","urlTemplate":"https:\/\/amafurni.vn\/?s={search_term_string}"},"query-input":"required name=search_term_string"}],"inLanguage":"en-US"}]}},"_links":{"self":[{"href":"https:\/\/amafurni.vn\/en\/wp-json\/wp\/v2\/product\/4984"}],"collection":[{"href":"https:\/\/amafurni.vn\/en\/wp-json\/wp\/v2\/product"}],"about":[{"href":"https:\/\/amafurni.vn\/en\/wp-json\/wp\/v2\/types\/product"}],"replies":[{"embeddable":true,"href":"https:\/\/amafurni.vn\/en\/wp-json\/wp\/v2\/comments?post=4984"}],"wp:featuredmedia":[{"embeddable":true,"href":"https:\/\/amafurni.vn\/en\/wp-json\/wp\/v2\/media\/4985"}],"wp:attachment":[{"href":"https:\/\/amafurni.vn\/en\/wp-json\/wp\/v2\/media?parent=4984"}],"wp:term":[{"taxonomy":"product_cat","embeddable":true,"href":"https:\/\/amafurni.vn\/en\/wp-json\/wp\/v2\/product_cat?post=4984"},{"taxonomy":"product_tag","embeddable":true,"href":"https:\/\/amafurni.vn\/en\/wp-json\/wp\/v2\/product_tag?post=4984"}],"curies":[{"name":"wp","href":"https:\/\/api.w.org\/{rel}","templated":true}]}}