{"id":5007,"date":"2023-12-07T14:55:30","date_gmt":"2023-12-07T07:55:30","guid":{"rendered":"https:\/\/amafurni.123websitedev.com\/san-pham\/ghe-cafe-thoi-trang-chan-go-boc-da-ama-192\/"},"modified":"2025-11-12T14:11:47","modified_gmt":"2025-11-12T07:11:47","slug":"ghe-cafe-thoi-trang-chan-go-boc-da-ama-192","status":"publish","type":"product","link":"https:\/\/amafurni.vn\/en\/product\/ghe-cafe-thoi-trang-chan-go-boc-da-ama-192\/","title":{"rendered":"Gh\u1ebf Cafe Th\u1eddi Trang Ch\u00e2n g\u1ed7 b\u1ecdc da AMA-192"},"content":{"rendered":"<table border=\"1\" height=\"321\">\n<tbody><\/tbody>\n<tbody>\n<tr>\n<td><span><strong>Material<\/strong><\/span><\/td>\n<td><span><strong>T\u00ednh N\u0103ng<\/strong><\/span><\/td>\n<td><span><strong>M\u00e0u S\u1eafc<\/strong><\/span><\/td>\n<td><span><strong>Xu\u1ea5t X\u1ee9<\/strong><\/span><\/td>\n<td><span><strong>B\u1ea3o h\u00e0nh<\/strong><\/span><\/td>\n<\/tr>\n<tr>\n<td>\n<p><strong><span>CH\u1ea4T LI\u1ec6U: &#8211; Nh\u1ef1a PP B\u1ecdc Da Gi\u1ea3 B\u1ed1 Ch\u00e2n Th\u00e9p M\u1ea1<\/span><\/strong><\/p>\n<p><strong><span>&#8211; C\u00d3 PISTON<\/span><\/strong><\/p>\n<p><strong><span>&#8211; M\u00c0U S\u1eaeC: \u0110A D\u1ea0NG &#8211; XU\u1ea4T X\u1ee8: NH\u1eacPKH\u1ea8U<\/span><br \/><\/strong><\/p>\n<\/td>\n<td>\n<p>Xoay 360 \u0111\u1ed9<\/p>\n<p>T\u0103ng\/gi\u1ea3m chi\u1ec1u cao<\/p>\n<\/p>\n<\/td>\n<td>NHI\u1ec0U M\u00c0U\u00a0<\/td>\n<td>Nh\u1eadp Ngo\u1ea1i<\/td>\n<td>06 Th\u00e1ng t\u1ea5t c\u1ea3 l\u1ed7i k\u0129 thu\u1eadt .<\/td>\n<\/tr>\n<\/tbody>\n<\/table>","protected":false},"excerpt":{"rendered":"<p>Ch\u1ea5t Li\u1ec7u T\u00ednh N\u0103ng M\u00e0u S\u1eafc Xu\u1ea5t X\u1ee9 B\u1ea3o h\u00e0nh CH\u1ea4T LI\u1ec6U: &#8211; Nh\u1ef1a PP B\u1ecdc Da Gi\u1ea3 B\u1ed1 Ch\u00e2n Th\u00e9p M\u1ea1 &#8211; C\u00d3 PISTON &#8211; M\u00c0U S\u1eaeC: \u0110A D\u1ea0NG &#8211; XU\u1ea4T X\u1ee8: NH\u1eacPKH\u1ea8U Xoay 360 \u0111\u1ed9 T\u0103ng\/gi\u1ea3m chi\u1ec1u cao NHI\u1ec0U M\u00c0U\u00a0 Nh\u1eadp Ngo\u1ea1i 06 Th\u00e1ng t\u1ea5t c\u1ea3 l\u1ed7i k\u0129 thu\u1eadt .<\/p>","protected":false},"featured_media":5008,"comment_status":"open","ping_status":"closed","template":"","meta":[],"product_cat":[100,588],"product_tag":[],"yoast_head":"<!-- This site is optimized with the Yoast SEO Premium plugin v21.7 (Yoast SEO v21.7) - https:\/\/yoast.com\/wordpress\/plugins\/seo\/ -->\n<title>Gh\u1ebf Cafe Th\u1eddi Trang Ch\u00e2n g\u1ed7 b\u1ecdc da AMA-192 - AMAFURNI<\/title>\n<meta name=\"robots\" content=\"index, follow, max-snippet:-1, max-image-preview:large, max-video-preview:-1\" \/>\n<link rel=\"canonical\" href=\"https:\/\/amafurni.vn\/en\/product\/ghe-cafe-thoi-trang-chan-go-boc-da-ama-192\/\" \/>\n<meta property=\"og:locale\" content=\"en_US\" \/>\n<meta property=\"og:type\" content=\"article\" \/>\n<meta property=\"og:title\" content=\"Gh\u1ebf Cafe Th\u1eddi Trang Ch\u00e2n g\u1ed7 b\u1ecdc da AMA-192\" \/>\n<meta property=\"og:description\" content=\"Ch\u1ea5t Li\u1ec7u T\u00ednh N\u0103ng M\u00e0u S\u1eafc Xu\u1ea5t X\u1ee9 B\u1ea3o h\u00e0nh CH\u1ea4T LI\u1ec6U: &#8211; Nh\u1ef1a PP B\u1ecdc Da Gi\u1ea3 B\u1ed1 Ch\u00e2n Th\u00e9p M\u1ea1 &#8211; C\u00d3 PISTON &#8211; M\u00c0U S\u1eaeC: \u0110A D\u1ea0NG &#8211; XU\u1ea4T X\u1ee8: NH\u1eacPKH\u1ea8U Xoay 360 \u0111\u1ed9 T\u0103ng\/gi\u1ea3m chi\u1ec1u cao NHI\u1ec0U M\u00c0U\u00a0 Nh\u1eadp Ngo\u1ea1i 06 Th\u00e1ng t\u1ea5t c\u1ea3 l\u1ed7i k\u0129 thu\u1eadt .\" \/>\n<meta property=\"og:url\" content=\"https:\/\/amafurni.vn\/en\/product\/ghe-cafe-thoi-trang-chan-go-boc-da-ama-192\/\" \/>\n<meta property=\"og:site_name\" content=\"AMAFURNI\" \/>\n<meta property=\"article:modified_time\" content=\"2025-11-12T07:11:47+00:00\" \/>\n<meta property=\"og:image\" content=\"https:\/\/amafurni.vn\/wp-content\/uploads\/2023\/12\/ghe-cafe-thoi-trang-chan-go-boc-da-ama-192_65717a72ce6e4.jpeg\" \/>\n\t<meta property=\"og:image:width\" content=\"800\" \/>\n\t<meta property=\"og:image:height\" content=\"800\" \/>\n\t<meta property=\"og:image:type\" content=\"image\/jpeg\" \/>\n<meta name=\"twitter:card\" content=\"summary_large_image\" \/>\n<script type=\"application\/ld+json\" class=\"yoast-schema-graph\">{\"@context\":\"https:\/\/schema.org\",\"@graph\":[{\"@type\":\"WebPage\",\"@id\":\"https:\/\/amafurni.vn\/san-pham\/ghe-cafe-thoi-trang-chan-go-boc-da-ama-192\/\",\"url\":\"https:\/\/amafurni.vn\/san-pham\/ghe-cafe-thoi-trang-chan-go-boc-da-ama-192\/\",\"name\":\"Gh\u1ebf Cafe Th\u1eddi Trang Ch\u00e2n g\u1ed7 b\u1ecdc da AMA-192 - AMAFURNI\",\"isPartOf\":{\"@id\":\"https:\/\/amafurni.vn\/#website\"},\"datePublished\":\"2023-12-07T07:55:30+00:00\",\"dateModified\":\"2025-11-12T07:11:47+00:00\",\"breadcrumb\":{\"@id\":\"https:\/\/amafurni.vn\/san-pham\/ghe-cafe-thoi-trang-chan-go-boc-da-ama-192\/#breadcrumb\"},\"inLanguage\":\"en-US\",\"potentialAction\":[{\"@type\":\"ReadAction\",\"target\":[\"https:\/\/amafurni.vn\/san-pham\/ghe-cafe-thoi-trang-chan-go-boc-da-ama-192\/\"]}]},{\"@type\":\"BreadcrumbList\",\"@id\":\"https:\/\/amafurni.vn\/san-pham\/ghe-cafe-thoi-trang-chan-go-boc-da-ama-192\/#breadcrumb\",\"itemListElement\":[{\"@type\":\"ListItem\",\"position\":1,\"name\":\"Trang ch\u1ee7\",\"item\":\"https:\/\/amafurni.vn\/\"},{\"@type\":\"ListItem\",\"position\":2,\"name\":\"S\u1ea3n ph\u1ea9m\",\"item\":\"https:\/\/amafurni.vn\/san-pham\/\"},{\"@type\":\"ListItem\",\"position\":3,\"name\":\"Gh\u1ebf Cafe Th\u1eddi Trang Ch\u00e2n g\u1ed7 b\u1ecdc da AMA-192\"}]},{\"@type\":\"WebSite\",\"@id\":\"https:\/\/amafurni.vn\/#website\",\"url\":\"https:\/\/amafurni.vn\/\",\"name\":\"AMAFURNI\",\"description\":\"\",\"potentialAction\":[{\"@type\":\"SearchAction\",\"target\":{\"@type\":\"EntryPoint\",\"urlTemplate\":\"https:\/\/amafurni.vn\/?s={search_term_string}\"},\"query-input\":\"required name=search_term_string\"}],\"inLanguage\":\"en-US\"}]}<\/script>\n<!-- \/ Yoast SEO Premium plugin. -->","yoast_head_json":{"title":"Gh\u1ebf Cafe Th\u1eddi Trang Ch\u00e2n g\u1ed7 b\u1ecdc da AMA-192 - AMAFURNI","robots":{"index":"index","follow":"follow","max-snippet":"max-snippet:-1","max-image-preview":"max-image-preview:large","max-video-preview":"max-video-preview:-1"},"canonical":"https:\/\/amafurni.vn\/en\/product\/ghe-cafe-thoi-trang-chan-go-boc-da-ama-192\/","og_locale":"en_US","og_type":"article","og_title":"Gh\u1ebf Cafe Th\u1eddi Trang Ch\u00e2n g\u1ed7 b\u1ecdc da AMA-192","og_description":"Ch\u1ea5t Li\u1ec7u T\u00ednh N\u0103ng M\u00e0u S\u1eafc Xu\u1ea5t X\u1ee9 B\u1ea3o h\u00e0nh CH\u1ea4T LI\u1ec6U: &#8211; Nh\u1ef1a PP B\u1ecdc Da Gi\u1ea3 B\u1ed1 Ch\u00e2n Th\u00e9p M\u1ea1 &#8211; C\u00d3 PISTON &#8211; M\u00c0U S\u1eaeC: \u0110A D\u1ea0NG &#8211; XU\u1ea4T X\u1ee8: NH\u1eacPKH\u1ea8U Xoay 360 \u0111\u1ed9 T\u0103ng\/gi\u1ea3m chi\u1ec1u cao NHI\u1ec0U M\u00c0U\u00a0 Nh\u1eadp Ngo\u1ea1i 06 Th\u00e1ng t\u1ea5t c\u1ea3 l\u1ed7i k\u0129 thu\u1eadt .","og_url":"https:\/\/amafurni.vn\/en\/product\/ghe-cafe-thoi-trang-chan-go-boc-da-ama-192\/","og_site_name":"AMAFURNI","article_modified_time":"2025-11-12T07:11:47+00:00","og_image":[{"width":800,"height":800,"url":"https:\/\/amafurni.vn\/wp-content\/uploads\/2023\/12\/ghe-cafe-thoi-trang-chan-go-boc-da-ama-192_65717a72ce6e4.jpeg","type":"image\/jpeg"}],"twitter_card":"summary_large_image","schema":{"@context":"https:\/\/schema.org","@graph":[{"@type":"WebPage","@id":"https:\/\/amafurni.vn\/san-pham\/ghe-cafe-thoi-trang-chan-go-boc-da-ama-192\/","url":"https:\/\/amafurni.vn\/san-pham\/ghe-cafe-thoi-trang-chan-go-boc-da-ama-192\/","name":"Gh\u1ebf Cafe Th\u1eddi Trang Ch\u00e2n g\u1ed7 b\u1ecdc da AMA-192 - AMAFURNI","isPartOf":{"@id":"https:\/\/amafurni.vn\/#website"},"datePublished":"2023-12-07T07:55:30+00:00","dateModified":"2025-11-12T07:11:47+00:00","breadcrumb":{"@id":"https:\/\/amafurni.vn\/san-pham\/ghe-cafe-thoi-trang-chan-go-boc-da-ama-192\/#breadcrumb"},"inLanguage":"en-US","potentialAction":[{"@type":"ReadAction","target":["https:\/\/amafurni.vn\/san-pham\/ghe-cafe-thoi-trang-chan-go-boc-da-ama-192\/"]}]},{"@type":"BreadcrumbList","@id":"https:\/\/amafurni.vn\/san-pham\/ghe-cafe-thoi-trang-chan-go-boc-da-ama-192\/#breadcrumb","itemListElement":[{"@type":"ListItem","position":1,"name":"Trang ch\u1ee7","item":"https:\/\/amafurni.vn\/"},{"@type":"ListItem","position":2,"name":"S\u1ea3n ph\u1ea9m","item":"https:\/\/amafurni.vn\/san-pham\/"},{"@type":"ListItem","position":3,"name":"Gh\u1ebf Cafe Th\u1eddi Trang Ch\u00e2n g\u1ed7 b\u1ecdc da AMA-192"}]},{"@type":"WebSite","@id":"https:\/\/amafurni.vn\/#website","url":"https:\/\/amafurni.vn\/","name":"AMAFURNI","description":"","potentialAction":[{"@type":"SearchAction","target":{"@type":"EntryPoint","urlTemplate":"https:\/\/amafurni.vn\/?s={search_term_string}"},"query-input":"required name=search_term_string"}],"inLanguage":"en-US"}]}},"_links":{"self":[{"href":"https:\/\/amafurni.vn\/en\/wp-json\/wp\/v2\/product\/5007"}],"collection":[{"href":"https:\/\/amafurni.vn\/en\/wp-json\/wp\/v2\/product"}],"about":[{"href":"https:\/\/amafurni.vn\/en\/wp-json\/wp\/v2\/types\/product"}],"replies":[{"embeddable":true,"href":"https:\/\/amafurni.vn\/en\/wp-json\/wp\/v2\/comments?post=5007"}],"wp:featuredmedia":[{"embeddable":true,"href":"https:\/\/amafurni.vn\/en\/wp-json\/wp\/v2\/media\/5008"}],"wp:attachment":[{"href":"https:\/\/amafurni.vn\/en\/wp-json\/wp\/v2\/media?parent=5007"}],"wp:term":[{"taxonomy":"product_cat","embeddable":true,"href":"https:\/\/amafurni.vn\/en\/wp-json\/wp\/v2\/product_cat?post=5007"},{"taxonomy":"product_tag","embeddable":true,"href":"https:\/\/amafurni.vn\/en\/wp-json\/wp\/v2\/product_tag?post=5007"}],"curies":[{"name":"wp","href":"https:\/\/api.w.org\/{rel}","templated":true}]}}